{"id":19532,"date":"2025-04-07T06:53:05","date_gmt":"2025-04-07T06:53:05","guid":{"rendered":"https:\/\/www.hydraulic-cylinders.net\/product\/boom-cylinder-for-kym-ky85b\/"},"modified":"2025-04-07T06:53:07","modified_gmt":"2025-04-07T06:53:07","slug":"boom-cylinder-for-kym-ky85b","status":"publish","type":"product","link":"https:\/\/www.hydraulic-cylinders.net\/fi\/tuote\/boom-cylinder-for-kym-ky85b\/","title":{"rendered":"Puomin sylinteri KYM KY85B:lle"},"content":{"rendered":"<h1>Puomin sylinteri KYM KY85B:lle<\/h1>\n<h2>Tuotteen yleiskatsaus<\/h2>\n<p>KYM KY85B:n puomisylinteri on erikoishydraulisylinteri, joka on suunniteltu helpottamaan raskaiden koneiden kauhojen liikuttelua. T\u00e4m\u00e4 hydraulisylinteri on ratkaisevan t\u00e4rke\u00e4 raskaiden laitteiden, kuten kaivinkoneiden, traktorikaivureiden ja etukuormaajien, erilaisten liikkeiden ohjaamisessa. Se mahdollistaa kauhan nostamisen, laskemisen ja kallistumisen, mik\u00e4 tekee siit\u00e4 v\u00e4ltt\u00e4m\u00e4tt\u00f6m\u00e4n materiaalink\u00e4sittelyteht\u00e4viss\u00e4.<\/p>\n<p><img decoding=\"async\" src=\"https:\/\/www.hydraulic-cylinders.net\/wp-content\/uploads\/2025\/04\/songte-company-1.webp\" alt=\"Puomin sylinteri KYM KY85B:lle\"><\/p>\n<h3>M\u00e4\u00e4ritelm\u00e4 ja toiminta<\/h3>\n<p>Kauhasylinteri on hydraulinen sylinterityyppi, jota k\u00e4ytet\u00e4\u00e4n erityisesti raskaiden koneiden kauhojen liikkeen ohjaamiseen. N\u00e4ill\u00e4 sylintereill\u00e4 on t\u00e4rke\u00e4 rooli hydraulij\u00e4rjestelmiss\u00e4, sill\u00e4 ne toimivat laitteiden lis\u00e4laitteiden tarkan liikkeen liikkeellepanevana voimana. Paineistetun hydraulinesteen avulla puomisylinteri voi saavuttaa tasaisen ja tehokkaan toiminnan, mik\u00e4 on ratkaisevan t\u00e4rke\u00e4\u00e4 raskaissa teht\u00e4viss\u00e4.<\/p>\n<h2>T\u00e4rkeimm\u00e4t ominaisuudet<\/h2>\n<ul>\n<li><strong>Korkea lujuus ja kest\u00e4vyys:<\/strong> Tyypillisesti valmistettu eritt\u00e4in lujasta ter\u00e4ksest\u00e4 tai alumiinista, suunniteltu kest\u00e4m\u00e4\u00e4n korkeita paineita ja raskaita kuormia, sopii vaativiin ty\u00f6olosuhteisiin ja kest\u00e4\u00e4 kulumista ja korroosiota k\u00e4ytt\u00f6i\u00e4n pident\u00e4miseksi.<\/li>\n<li><strong>Tehokas hydraulinen k\u00e4ytt\u00f6:<\/strong> Hydraulisen \u00f6ljynpaineen ansiosta laitetta voi vet\u00e4\u00e4 ulos ja ulos tasaisesti, mik\u00e4 mahdollistaa nopean reagoinnin ohjauskomentoihin ja tehokkaan veto- ja ty\u00f6nt\u00f6voiman, mik\u00e4 sopii erinomaisesti raskaiden ja monimutkaisten teht\u00e4vien k\u00e4sittelyyn.<\/li>\n<li><strong>Erilaisia \u200b\u200btyyppej\u00e4:<\/strong> Saatavilla yksitoimisina (hydraulinen toiminta yhteen suuntaan) tai kaksitoimisina (hydraulinen toiminta molempiin suuntiin) erilaisten k\u00e4ytt\u00f6tarpeiden t\u00e4ytt\u00e4miseksi. Joissakin malleissa on teleskooppirakenne, joka mahdollistaa suuremman jatkeen ilman ulkomittojen kasvua, mik\u00e4 sopii ahtaisiin k\u00e4ytt\u00f6tarkoituksiin.<\/li>\n<\/ul>\n<p>Tuotteemme korvaa t\u00e4ydellisesti n\u00e4m\u00e4 hydraulisylinterit.<\/p>\n<p><img decoding=\"async\" src=\"https:\/\/www.hydraulic-cylinders.net\/wp-content\/uploads\/2025\/04\/songte-cylinder-head-with-all-kinds-excavator-models.webp\" alt=\"Vaihtohydraulisylinterit\"><\/p>\n<h2>Sovellusskenaariot<\/h2>\n<h3>Rakennuslaitteet<\/h3>\n<p>Kaivinkoneissa puomin sylinterit ovat kriittisi\u00e4 kaivamisessa, lastaamisessa ja maaper\u00e4n tai roskien siirt\u00e4misess\u00e4. Ne mahdollistavat kauhan suorittamisen olennaisia \u200b\u200btoimintoja, jotka parantavat tuottavuutta rakennusty\u00f6mailla. Kaivinkoneissa kauhan sylinteri auttaa paitsi kaivamisessa my\u00f6s materiaalien nostamisessa, mik\u00e4 tekee niist\u00e4 monipuolisia erilaisiin teht\u00e4viin.<\/p>\n<h3>Maatalouskoneet<\/h3>\n<p>Etukuormaajissa n\u00e4it\u00e4 sylintereit\u00e4 k\u00e4ytet\u00e4\u00e4n maan, hein\u00e4n ja muiden materiaalien kaivamiseen, nostamiseen ja kuljettamiseen. Puomisylinterin tehokas toiminta varmistaa, ett\u00e4 maatalousteht\u00e4v\u00e4t suoritetaan tehokkaasti, mik\u00e4 edist\u00e4\u00e4 maataloustoiminnan kokonaistuottavuutta.<\/p>\n<h3>Kaivinkoneet<\/h3>\n<p>Puomin sylinteri mahdollistaa kauhan tunkeutumisen maaper\u00e4\u00e4n kaivamisen aikana, mik\u00e4 tekee siit\u00e4 elint\u00e4rke\u00e4n osan maanrakennust\u00f6iss\u00e4. Sen rakenne varmistaa, ett\u00e4 raskaita kuormia voidaan k\u00e4sitell\u00e4 turvallisesti ja tehokkaasti, mik\u00e4 helpottaa tehokkaita kaivuprosesseja.<\/p>\n<h3>Kuormaajat<\/h3>\n<p>Etukuormaajissa n\u00e4m\u00e4 sylinterit auttavat materiaalien nostamisessa ja tyhjent\u00e4misess\u00e4, mik\u00e4 parantaa toiminnan tehokkuutta ja helppok\u00e4ytt\u00f6isyytt\u00e4. Niiden kyky k\u00e4sitell\u00e4 raskaita kuormia ja suorittaa erilaisia \u200b\u200bteht\u00e4vi\u00e4 tekee niist\u00e4 v\u00e4ltt\u00e4m\u00e4tt\u00f6mi\u00e4 lastausoperaatioissa.<\/p>\n<h2>Suunnittelun\u00e4k\u00f6kohdat ja valintastandardit<\/h2>\n<h3>Kantavuus<\/h3>\n<p>Puomisylinterin kuormituskapasiteetti on ensiarvoisen t\u00e4rke\u00e4\u00e4 sen varmistamiseksi, ett\u00e4 se pystyy k\u00e4sittelem\u00e4\u00e4n k\u00e4yt\u00f6n aikana odotetun enimm\u00e4ispainon. Riitt\u00e4v\u00e4n kuormituskapasiteetin omaavan sylinterin valitseminen est\u00e4\u00e4 vikaantumisen ja parantaa turvallisuutta.<\/p>\n<h3>Tiivistys<\/h3>\n<p>Tehokas tiivistys on v\u00e4ltt\u00e4m\u00e4t\u00f6nt\u00e4 hydraulisen paineen yll\u00e4pit\u00e4miseksi ja nestevuotojen est\u00e4miseksi. Kest\u00e4vist\u00e4 materiaaleista valmistetut korkealaatuiset tiivisteet varmistavat pitk\u00e4n k\u00e4ytt\u00f6i\u00e4n ja luotettavan toiminnan, mik\u00e4 on olennaista kaikissa hydraulij\u00e4rjestelmiss\u00e4.<\/p>\n<h3>Kest\u00e4vyys<\/h3>\n<p>Rakennusmateriaalien ja rakenteen on kestett\u00e4v\u00e4 ankaria olosuhteita ja raskaita kuormia. Kest\u00e4v\u00e4n sylinterin valinta minimoi huolto- ja vaihtokustannukset ajan my\u00f6t\u00e4 ja varmistaa kannattavuuden.<\/p>\n<h3>Turvallisuus<\/h3>\n<p>Turvallisuusominaisuuksien, kuten ylikuormitussuojan ja paineenalennusventtiilien, tulisi olla suunnittelussa etusijalla. N\u00e4m\u00e4 ominaisuudet suojaavat sek\u00e4 laitteita ett\u00e4 k\u00e4ytt\u00e4j\u00e4\u00e4 mahdollisilta vaaroilta k\u00e4yt\u00f6n aikana.<\/p>\n<h3>Huolto<\/h3>\n<p>Helppo huolto on ratkaisevan t\u00e4rke\u00e4\u00e4 seisokkiaikojen v\u00e4hent\u00e4miseksi. Nopeat tarkastukset ja korjaukset mahdollistavat suunnitteluelementit parantavat hydraulij\u00e4rjestelmien kokonaistehokkuutta.<\/p>\n<p><img decoding=\"async\" src=\"https:\/\/www.hydraulic-cylinders.net\/wp-content\/uploads\/2025\/04\/songte-oil-pipes-and-spare-parts.webp\" alt=\"Hydrauliset osat\"><\/p>\n<h2>Tiivistys ja voitelu<\/h2>\n<p>Hydraulisylinterien tiivistysmekanismeissa k\u00e4ytet\u00e4\u00e4n erilaisia \u200b\u200btiivisteit\u00e4, kuten m\u00e4nn\u00e4ntiivisteit\u00e4 ja varren tiivisteit\u00e4. Materiaalit, kuten polyuretaani ja nitriilikumi, ovat edullisia niiden kulutuskest\u00e4vyyden vuoksi. Sylinterin rungon ja kierteitettyjen pintojen asianmukainen k\u00e4sittely parantaa kest\u00e4vyytt\u00e4. S\u00e4\u00e4nn\u00f6llinen voitelu hydrauli\u00f6ljyll\u00e4 on v\u00e4ltt\u00e4m\u00e4t\u00f6nt\u00e4 suorituskyvyn ja pitk\u00e4ik\u00e4isyyden yll\u00e4pit\u00e4miseksi.<\/p>\n<h2>S\u00e4\u00e4nn\u00f6llinen tarkastus ja ennaltaehk\u00e4isev\u00e4 huolto<\/h2>\n<ul>\n<li><strong>S\u00e4\u00e4nn\u00f6lliset tarkastukset:<\/strong> Tarkista usein vuodot, kuluminen ja yleinen kunto havaitaksesi ongelmat varhaisessa vaiheessa ja est\u00e4\u00e4ksesi viat.<\/li>\n<li><strong>Asianmukainen voitelu:<\/strong> Varmista tiivisteiden ja liikkuvien osien asianmukainen voitelu kitkan ja kulumisen v\u00e4hent\u00e4miseksi ja suorituskyvyn parantamiseksi.<\/li>\n<li><strong>Tiivisteen vaihto:<\/strong> Tarkista ja vaihda tiivisteet s\u00e4\u00e4nn\u00f6llisesti hydraulisen eheyden yll\u00e4pit\u00e4miseksi ja vuotojen est\u00e4miseksi.<\/li>\n<\/ul>\n<h2>Oikea asennusopas<\/h2>\n<p>Puomisylinterin oikea asentaminen on elint\u00e4rke\u00e4\u00e4 optimaalisen suorituskyvyn kannalta. Varmista tarkka kohdistus asennuksen aikana, jotta sylinteriin ei kohdistu tarpeetonta rasitusta. K\u00e4yt\u00e4 sopivia kiinnitystelineit\u00e4 turvallisen asennuksen varmistamiseksi. Noudata valmistajan suosituksia v\u00e4\u00e4nt\u00f6momenttien asetuksista ja varmista, ett\u00e4 hydrauliikkaletkut on kiinnitetty tukevasti vuotojen v\u00e4ltt\u00e4miseksi. Asennuksen j\u00e4lkeen suorita perusteellinen tarkastus varmistaaksesi, ett\u00e4 kaikki toimii oikein ennen k\u00e4ytt\u00f6\u00e4. Tarkista kohdistus ja liit\u00e4nn\u00e4t s\u00e4\u00e4nn\u00f6llisesti asennuksen j\u00e4lkeen suorituskyvyn yll\u00e4pit\u00e4miseksi.<\/p>\n<p><img decoding=\"async\" src=\"https:\/\/www.hydraulic-cylinders.net\/wp-content\/uploads\/2025\/04\/songte-chushion-collar.webp\" alt=\"Tyynykaulus\"><\/p>\n<h2>Turvallisuusn\u00e4k\u00f6kohdat ja ymp\u00e4rist\u00f6tekij\u00e4t<\/h2>\n<p>Emphasizing safety measures during the use of hydraulic cylinders is essential to prevent accidents. Operators should be adequately trained and informed about the hydraulic system&#8217;s potential hazards, ensuring a safe working environment. Additionally, proper disposal of hydraulic fluids and maintenance materials is crucial for minimizing environmental impact.<\/p>\n<h2>Vianm\u00e4\u00e4ritys ja yleiset ongelmat<\/h2>\n<ul>\n<li><strong>Vuoto:<\/strong> Tarkista tiivisteet ja liitokset nestevuotojen varalta, sill\u00e4 ne voivat viitata kulumiseen tai virheelliseen asennukseen.<\/li>\n<li><strong>Ep\u00e4johdonmukainen liike:<\/strong> Ep\u00e4s\u00e4\u00e4nn\u00f6llinen toiminta voi johtua hydraulij\u00e4rjestelm\u00e4\u00e4n j\u00e4\u00e4neest\u00e4 ilmasta tai alhaisista nestetasoista, jotka vaativat j\u00e4rjestelm\u00e4n ilmaamisen tai t\u00e4ytt\u00f6\u00e4.<\/li>\n<li><strong>Ylikuumeneminen:<\/strong> Tarkkaile hydraulinesteen l\u00e4mp\u00f6tilaa; ylikuumeneminen voi viitata liialliseen kuormitukseen tai riitt\u00e4m\u00e4tt\u00f6m\u00e4\u00e4n voiteluun, mik\u00e4 edellytt\u00e4\u00e4 laitteiden tarkistusta.<\/li>\n<\/ul>\n<h2>Vianm\u00e4\u00e4ritysvinkkej\u00e4<\/h2>\n<p>Ongelmien tehokkaan diagnosoinnin ja ratkaisemisen kannalta s\u00e4\u00e4nn\u00f6llinen huolto ja valvonta ovat ratkaisevan t\u00e4rkeit\u00e4. Rutiininomaisen huoltoaikataulun toteuttaminen voi auttaa tunnistamaan mahdolliset ongelmat ennen kuin ne pahenevat. K\u00e4ytt\u00e4j\u00e4t tulisi kouluttaa tunnistamaan toimintah\u00e4iri\u00f6iden varhaiset merkit ja heid\u00e4n tulisi tiet\u00e4\u00e4 oikeat toimenpiteet niiden korjaamiseksi. Korkealaatuisten hydraulinesteiden k\u00e4ytt\u00f6 ja oikean nestetason yll\u00e4pit\u00e4minen voivat est\u00e4\u00e4 monia yleisi\u00e4 ongelmia.<\/p>\n<p><img decoding=\"async\" src=\"https:\/\/www.hydraulic-cylinders.net\/wp-content\/uploads\/2025\/04\/songte-bushings-with-all-kinds-of-excavator-models.webp\" alt=\"Kaivinkoneiden holkit\"><\/p>\n<h2>Yrityksen esittely<\/h2>\n<p>Olemme hydraulisten sylinterien vaihto-osiin erikoistunut valmistaja, ja meid\u00e4t tunnustetaan yhdeksi johtavista hydraulisten sylinterien valmistajista ja tukkumyyjist\u00e4 sek\u00e4 kotimaisilla ett\u00e4 kansainv\u00e4lisill\u00e4 markkinoilla. Sitoutumisemme huippuosaamiseen perustuu hienostuneeseen valmistusstrategiaan, jonka avulla voimme parantaa tuotannonohjaustamme. Hy\u00f6dynn\u00e4mme teknist\u00e4 asiantuntemusta, edistyneit\u00e4 digitaalisia valmistuslaitteita ja erikoistuneita testausj\u00e4rjestelmi\u00e4 parantaaksemme valmistuskapasiteettiamme. Keskittymisemme korkeaan tehokkuuteen, tarkkuuteen ja laatuun varmistaa, ett\u00e4 vastaamme tehokkaasti asiakkaiden monimuotoisiin tarpeisiin.<\/p>\n<p><img decoding=\"async\" src=\"https:\/\/www.hydraulic-cylinders.net\/wp-content\/uploads\/2025\/04\/songte-company-4.webp\" alt=\"Yrityksen yleiskatsaus\"><br \/>\n<img decoding=\"async\" src=\"https:\/\/www.hydraulic-cylinders.net\/wp-content\/uploads\/2025\/04\/songte-company-3.webp\" alt=\"Yrityksen tilat\"><\/p>\n<p>Ammattitaitoiset standardimme, kansainv\u00e4liset sertifikaatit, r\u00e4\u00e4t\u00e4l\u00f6idyt palvelumme, edistyneet valmistuslaitteet ja erinomainen j\u00e4lkimarkkinointituki erottavat meid\u00e4t toimialalla.<\/p>\n<p>Kirjoittaja: lyl<\/p>","protected":false},"excerpt":{"rendered":"<p>Boom Cylinder For KYM KY85B Product Overview The Boom Cylinder for KYM KY85B is a specialized hydraulic cylinder designed to facilitate the movement of heavy machinery buckets. This hydraulic cylinder is crucial for controlling various movements in heavy equipment such as excavators, backhoes, and front loaders. It enables the bucket to lift, lower, and tilt, [&hellip;]<\/p>","protected":false},"featured_media":17870,"comment_status":"open","ping_status":"closed","template":"","meta":{"_et_pb_use_builder":"","_et_pb_old_content":"","_et_gb_content_width":""},"product_brand":[],"product_cat":[1546],"product_tag":[1547,1496],"class_list":{"0":"post-19532","1":"product","2":"type-product","3":"status-publish","4":"has-post-thumbnail","6":"product_cat-boom-cylinders","7":"product_tag-boom-cylinders","8":"product_tag-hydraulic-cylinders","10":"first","11":"instock","12":"shipping-taxable","13":"product-type-simple"},"amp_enabled":true,"_links":{"self":[{"href":"https:\/\/www.hydraulic-cylinders.net\/fi\/wp-json\/wp\/v2\/product\/19532","targetHints":{"allow":["GET"]}}],"collection":[{"href":"https:\/\/www.hydraulic-cylinders.net\/fi\/wp-json\/wp\/v2\/product"}],"about":[{"href":"https:\/\/www.hydraulic-cylinders.net\/fi\/wp-json\/wp\/v2\/types\/product"}],"replies":[{"embeddable":true,"href":"https:\/\/www.hydraulic-cylinders.net\/fi\/wp-json\/wp\/v2\/comments?post=19532"}],"wp:featuredmedia":[{"embeddable":true,"href":"https:\/\/www.hydraulic-cylinders.net\/fi\/wp-json\/wp\/v2\/media\/17870"}],"wp:attachment":[{"href":"https:\/\/www.hydraulic-cylinders.net\/fi\/wp-json\/wp\/v2\/media?parent=19532"}],"wp:term":[{"taxonomy":"product_brand","embeddable":true,"href":"https:\/\/www.hydraulic-cylinders.net\/fi\/wp-json\/wp\/v2\/product_brand?post=19532"},{"taxonomy":"product_cat","embeddable":true,"href":"https:\/\/www.hydraulic-cylinders.net\/fi\/wp-json\/wp\/v2\/product_cat?post=19532"},{"taxonomy":"product_tag","embeddable":true,"href":"https:\/\/www.hydraulic-cylinders.net\/fi\/wp-json\/wp\/v2\/product_tag?post=19532"}],"curies":[{"name":"wp","href":"https:\/\/api.w.org\/{rel}","templated":true}]}}