{"id":19539,"date":"2025-04-07T06:53:23","date_gmt":"2025-04-07T06:53:23","guid":{"rendered":"https:\/\/www.hydraulic-cylinders.net\/product\/boom-cylinder-for-pushhm-pz35-7\/"},"modified":"2025-04-07T06:53:26","modified_gmt":"2025-04-07T06:53:26","slug":"boom-cylinder-for-pushhm-pz35-7","status":"publish","type":"product","link":"https:\/\/www.hydraulic-cylinders.net\/fi\/tuote\/boom-cylinder-for-pushhm-pz35-7\/","title":{"rendered":"Puomin sylinteri Pushhm PZ35-7:lle"},"content":{"rendered":"<h1>Puomin sylinteri Pushhm PZ35-7:lle<\/h1>\n<h2>Tuotteen yleiskatsaus<\/h2>\n<p>Pushhm PZ35-7:n puomisylinteri on kriittinen komponentti hydraulij\u00e4rjestelmiss\u00e4, jotka on suunniteltu ohjaamaan raskaiden koneiden kauhojen liikett\u00e4. T\u00e4m\u00e4 erikoishydraulisylinteri mahdollistaa kauhojen nostamisen, laskemisen ja kallistuksen erilaisissa sovelluksissa, kuten kaivinkoneissa, kaivurikuormaajissa ja etukuormaajissa. Sen ensisijainen teht\u00e4v\u00e4 on helpottaa tehokkaita materiaalink\u00e4sittelyteht\u00e4vi\u00e4 tarjoamalla tarkkaa liikett\u00e4 ja hallintaa.<\/p>\n<p><img decoding=\"async\" src=\"https:\/\/www.hydraulic-cylinders.net\/wp-content\/uploads\/2025\/04\/songte-company-1.webp\" alt=\"Puomin sylinteri\" \/><\/p>\n<h3>Mik\u00e4 on kauhan sylinteri?<\/h3>\n<p>Kauhasylinteri on hydraulinen sylinterityyppi, joka on erityisesti suunniteltu raskaiden koneiden kauhojen k\u00e4ytt\u00f6\u00f6n. N\u00e4ill\u00e4 sylintereill\u00e4 on t\u00e4rke\u00e4 rooli hydraulij\u00e4rjestelmiss\u00e4, sill\u00e4 ne mahdollistavat kauhan asennon tehokkaan k\u00e4sittelyn. K\u00e4ytt\u00e4m\u00e4ll\u00e4 paineistettua hydraulinestett\u00e4 kauhasylinterit voivat tuottaa tarvittavan voiman raskaiden kuormien nostamiseen ja siirt\u00e4miseen tarkasti. Niiden suunnittelussa keskityt\u00e4\u00e4n kest\u00e4vyyteen ja tehokkuuteen, mik\u00e4 tekee niist\u00e4 v\u00e4ltt\u00e4m\u00e4tt\u00f6mi\u00e4 rakennus-, maatalous- ja teollisuussovelluksissa.<\/p>\n<h2>Puomin sylinterin ominaisuudet<\/h2>\n<ul>\n<li><strong>Korkea lujuus ja kest\u00e4vyys:<\/strong> N\u00e4m\u00e4 sylinterit on valmistettu eritt\u00e4in lujasta ter\u00e4ksest\u00e4 tai alumiinista, ja ne on rakennettu kest\u00e4m\u00e4\u00e4n korkeaa painetta ja raskaita kuormia. Ne sopeutuvat vaativiin ty\u00f6ymp\u00e4rist\u00f6ihin ja pident\u00e4v\u00e4t k\u00e4ytt\u00f6ik\u00e4\u00e4 kulutuskest\u00e4vyyden ja korroosionkest\u00e4vyyden ansiosta.<\/li>\n<li><strong>Tehokas hydraulinen k\u00e4ytt\u00f6:<\/strong> Ne tarjoavat tasaisen pidennys- ja sis\u00e4\u00e4nvetoliikkeen hydrauli\u00f6ljyn paineen avulla, mik\u00e4 mahdollistaa nopean reagoinnin ohjaustuloihin ja tuottaa huomattavan ty\u00f6nt\u00f6- ja vetovoiman, mik\u00e4 on ihanteellista raskaisiin nostoihin ja monimutkaisiin teht\u00e4viin.<\/li>\n<li><strong>Erilaisia \u200b\u200btyyppej\u00e4:<\/strong> N\u00e4it\u00e4 sylintereit\u00e4 on saatavana yksitoimisina (toimii yhteen suuntaan) ja kaksitoimisina (toimii molempiin suuntiin) kokoonpanoina, ja ne voidaan r\u00e4\u00e4t\u00e4l\u00f6id\u00e4 vastaamaan erityisi\u00e4 k\u00e4ytt\u00f6tarpeita. Joissakin malleissa on teleskooppirakenteet, jotka mahdollistavat pidemm\u00e4n ulottuvuuden ilman ulkomittojen kasvua.<\/li>\n<\/ul>\n<h3>Tuotantokapasiteetti<\/h3>\n<p>Meill\u00e4 on asiantuntemusta t\u00e4m\u00e4n tuotteen valmistukseen, mik\u00e4 varmistaa, ett\u00e4 hydraulisylinterimme korvaavat t\u00e4ydellisesti olemassa olevat mallit. Sitoutumisemme laatuun varmistaa luotettavan suorituskyvyn vaativissa sovelluksissa.<\/p>\n<p><img decoding=\"async\" src=\"https:\/\/www.hydraulic-cylinders.net\/wp-content\/uploads\/2025\/04\/songte-cylinder-head-with-all-kinds-excavator-models.webp\" alt=\"Sylinterikansi\" \/><\/p>\n<h2>Puomisylinterin sovellukset<\/h2>\n<ul>\n<li><strong>Rakennuslaitteet:<\/strong> Kaivinkoneissa puomin sylinterit ovat ratkaisevan t\u00e4rkeit\u00e4 maan tai roskien kaivamisessa, lastaamisessa ja kuljetuksessa. Ne tarjoavat tarvittavan nostovoiman raskaiden materiaalien tehokkaaseen siirt\u00e4miseen ja varmistavat sujuvan toiminnan rakennusty\u00f6mailla.<\/li>\n<li><strong>Maatalouskoneet:<\/strong> Etukuormaajissa k\u00e4ytett\u00e4v\u00e4t sylinterit helpottavat maaper\u00e4n, hein\u00e4n ja muiden materiaalien kauhaamista, nostamista ja kuljetusta, mik\u00e4 parantaa merkitt\u00e4v\u00e4sti maatalousteht\u00e4vien tuottavuutta.<\/li>\n<li><strong>Kaivinkoneet:<\/strong> Puomin sylinteri mahdollistaa kauhan tunkeutumisen maahan, mik\u00e4 mahdollistaa tehokkaan kaivuty\u00f6n. Sen hydrauliset ominaisuudet tekev\u00e4t siit\u00e4 v\u00e4ltt\u00e4m\u00e4tt\u00f6m\u00e4n erilaisissa kaivuprojekteissa.<\/li>\n<li><strong>Kuormaajat:<\/strong> Etukuormaajissa puomin sylinterit auttavat kuormien tehokkaassa nostamisessa ja tyhjent\u00e4misess\u00e4, mik\u00e4 tekee niist\u00e4 elint\u00e4rkeit\u00e4 materiaalink\u00e4sittelyss\u00e4 rakennus- ja maisemointity\u00f6ss\u00e4.<\/li>\n<\/ul>\n<h2>Suunnittelun\u00e4k\u00f6kohdat ja valintakriteerit<\/h2>\n<ul>\n<li><strong>Kantavuus:<\/strong> Puomin sylinterin rakenteen on kestett\u00e4v\u00e4 sen toiminnan aikana kohtaama enimm\u00e4iskuormitus. Sopivan kuormituskapasiteetin omaavan sylinterin valinta varmistaa turvallisen ja tehokkaan toiminnan ja v\u00e4hent\u00e4\u00e4 vikaantumisriski\u00e4.<\/li>\n<li><strong>Tiivistys:<\/strong> Asianmukaiset tiivistysmekanismit ovat v\u00e4ltt\u00e4m\u00e4tt\u00f6mi\u00e4 hydraulinesteiden vuotojen est\u00e4miseksi, jotka voivat vaarantaa suorituskyvyn ja turvallisuuden. Korkealaatuiset tiivisteet, kuten kest\u00e4vist\u00e4 materiaaleista valmistetut m\u00e4nn\u00e4n- ja m\u00e4nn\u00e4nvarren tiivisteet, parantavat luotettavuutta ja k\u00e4ytt\u00f6ik\u00e4\u00e4.<\/li>\n<li><strong>Kest\u00e4vyys:<\/strong> Kest\u00e4v\u00e4 rakenne on ratkaisevan t\u00e4rke\u00e4\u00e4 pitk\u00e4aikaiselle toiminnalle vaativissa olosuhteissa. Materiaalivalinnat, kuten erikoislujuuster\u00e4s, vaikuttavat sylinterin kykyyn kest\u00e4\u00e4 kulumista ja ymp\u00e4rist\u00f6tekij\u00f6it\u00e4.<\/li>\n<li><strong>Turvallisuus:<\/strong> Turvaominaisuudet, kuten paineenalennusventtiilit ja tukevat kiinnityskohdat, ovat elint\u00e4rkeit\u00e4 k\u00e4ytt\u00f6turvallisuuden yll\u00e4pit\u00e4misess\u00e4. K\u00e4ytt\u00f6ymp\u00e4rist\u00f6n ymm\u00e4rt\u00e4minen auttaa valitsemaan turvallisuusstandardit t\u00e4ytt\u00e4vi\u00e4 kaasupulloja.<\/li>\n<li><strong>Huolto:<\/strong> Suunnittelun tulisi mahdollistaa helppo huolto ja korjaus, jolloin rutiinitarkastukset ja osien vaihto voidaan tehd\u00e4 ilman pitki\u00e4 seisokkeja. T\u00e4h\u00e4n sis\u00e4ltyy komponenttien esteett\u00f6myyden ja modulaarisuuden huomioon ottaminen.<\/li>\n<\/ul>\n<p><img decoding=\"async\" src=\"https:\/\/www.hydraulic-cylinders.net\/wp-content\/uploads\/2025\/04\/songte-oil-pipes-and-spare-parts.webp\" alt=\"\u00d6ljyputket ja varaosat\" \/><\/p>\n<h2>Tiivistys ja voitelu<\/h2>\n<p>Tehokas tiivistys ja voitelu ovat ratkaisevan t\u00e4rkeit\u00e4 puomin sylinterin suorituskyvylle. Hydrauli\u00f6ljyn vuotojen est\u00e4miseksi k\u00e4ytet\u00e4\u00e4n erilaisia \u200b\u200btiivistyselementtej\u00e4, kuten m\u00e4nn\u00e4ntiivisteit\u00e4 ja varren tiivisteit\u00e4. N\u00e4m\u00e4 tiivisteet on tyypillisesti valmistettu kulutusta kest\u00e4vist\u00e4 materiaaleista, kuten polyuretaanista ja nitriilikumista, kest\u00e4vyyden parantamiseksi.<\/p>\n<p>Sylinterin runko ja kierteitetyt p\u00e4\u00e4t koneistetaan tarkasti kulutuskest\u00e4vyyden ja tiivistystehokkuuden parantamiseksi. S\u00e4\u00e4nn\u00f6llinen voitelu hydrauliikka\u00f6ljyll\u00e4 on v\u00e4ltt\u00e4m\u00e4t\u00f6nt\u00e4 kitkan ja kulumisen minimoimiseksi, mik\u00e4 varmistaa sujuvan toiminnan ja sylinterin osien k\u00e4ytt\u00f6i\u00e4n pident\u00e4miseksi.<\/p>\n<h2>Huoltotoimenpiteet<\/h2>\n<ul>\n<li><strong>S\u00e4\u00e4nn\u00f6lliset tarkastukset:<\/strong> Suorita rutiinitarkastuksia kulumisen, vuotojen tai vaurioiden merkkien tunnistamiseksi. Ongelmien varhainen havaitseminen mahdollistaa oikea-aikaiset korjaukset, est\u00e4\u00e4 lis\u00e4vaurioita ja varmistaa tasaisen suorituskyvyn.<\/li>\n<li><strong>Oikea voitelu:<\/strong> Varmista, ett\u00e4 hydrauliikka\u00f6ljy\u00e4 on aina riitt\u00e4v\u00e4sti. Voitelun puute lis\u00e4\u00e4 kitkaa ja kulumista, mik\u00e4 lyhent\u00e4\u00e4 merkitt\u00e4v\u00e4sti hydrauliikkakomponenttien k\u00e4ytt\u00f6ik\u00e4\u00e4.<\/li>\n<li><strong>Tiivisteen vaihto:<\/strong> Tarkista tiivisteiden kuluminen s\u00e4\u00e4nn\u00f6llisesti ja vaihda ne tarvittaessa hydraulisen eheyden yll\u00e4pit\u00e4miseksi ja vuotojen est\u00e4miseksi. Tiivisteiden hyv\u00e4ss\u00e4 kunnossa pit\u00e4minen on v\u00e4ltt\u00e4m\u00e4t\u00f6nt\u00e4 turvallisen ja tehokkaan toiminnan kannalta.<\/li>\n<\/ul>\n<h2>Asennusohjeet<\/h2>\n<p>Puomisylinterin oikea asennus on ratkaisevan t\u00e4rke\u00e4\u00e4 optimaalisen suorituskyvyn saavuttamiseksi. Aloita kohdistamalla sylinteri tarkasti koneiston kiinnityspisteisiin. K\u00e4yt\u00e4 sopivia asennuskiinnikkeit\u00e4 sylinterin kiinnitt\u00e4miseen paikalleen ja varmista, ett\u00e4 se on kohdistettu oikein, jotta komponentteihin ei kohdistu tarpeetonta rasitusta.<\/p>\n<p>Tarkista kaikki hydrauliset liit\u00e4nn\u00e4t ja varmista, ett\u00e4 ne ovat tiukasti kiinni vuotojen est\u00e4miseksi. Asennuksen j\u00e4lkeen testaa hydraulij\u00e4rjestelm\u00e4 varmistaaksesi, ett\u00e4 se toimii sujuvasti ja ett\u00e4 sylinteri reagoi komentoihin oikein. Tarkkaile asennusta s\u00e4\u00e4nn\u00f6llisesti mahdollisten linjausvirheiden tai kulumisen varalta.<\/p>\n<h2>Yleiset huoltoteht\u00e4v\u00e4t<\/h2>\n<ul>\n<li><strong>S\u00e4\u00e4nn\u00f6lliset tarkastukset:<\/strong> Aikatauluta rutiinitarkastukset puomin sylinterin ja sit\u00e4 ymp\u00e4r\u00f6ivien komponenttien kunnon valvomiseksi. T\u00e4m\u00e4 ennakoiva l\u00e4hestymistapa auttaa tunnistamaan mahdolliset ongelmat ennen kuin ne pahenevat.<\/li>\n<li><strong>Asianmukainen voitelu:<\/strong> Valmistajan suositusten noudattaminen voitelutiheyden ja -tyypin suhteen on olennaista. Oikea voitelu v\u00e4hent\u00e4\u00e4 kitkaa ja kulumista varmistaen tehokkaan toiminnan.<\/li>\n<li><strong>Tiivisteiden vaihto ja kalibrointitarkastukset:<\/strong> Tarkista ja vaihda tiivisteet s\u00e4\u00e4nn\u00f6llisesti hydraulij\u00e4rjestelm\u00e4n eheyden yll\u00e4pit\u00e4miseksi. Kalibrointitarkastukset varmistavat, ett\u00e4 sylinteri toimii m\u00e4\u00e4ritettyjen parametrien mukaisesti, est\u00e4en toimintah\u00e4iri\u00f6t.<\/li>\n<\/ul>\n<p><img decoding=\"async\" src=\"https:\/\/www.hydraulic-cylinders.net\/wp-content\/uploads\/2025\/04\/songte-chushion-collar.webp\" alt=\"Tyynykaulus\" \/><\/p>\n<h2>Turvallisuusn\u00e4k\u00f6kohdat ja ymp\u00e4rist\u00f6tekij\u00e4t<\/h2>\n<p>Hydraulisylintereit\u00e4 k\u00e4ytett\u00e4ess\u00e4 on t\u00e4rke\u00e4\u00e4 ymm\u00e4rt\u00e4\u00e4 turvatoimenpiteet onnettomuuksien ehk\u00e4isemiseksi ja k\u00e4ytt\u00e4jien ja koneiden turvallisuuden varmistamiseksi. S\u00e4\u00e4nn\u00f6llinen koulutus turvallisista k\u00e4ytt\u00f6tavoista ja laitteiden asianmukaisesta k\u00e4yt\u00f6st\u00e4 on v\u00e4ltt\u00e4m\u00e4t\u00f6nt\u00e4 hydraulij\u00e4rjestelmiin liittyvien riskien minimoimiseksi.<\/p>\n<h2>Vianm\u00e4\u00e4ritys ja yleiset ongelmat<\/h2>\n<ul>\n<li><strong>Vuoto:<\/strong> Hydraulisylinterien vuotojen tunnistaminen on kriittist\u00e4. Yleisi\u00e4 merkkej\u00e4 ovat nesteen kertyminen sylinterin pohjan ymp\u00e4rille tai nestetasojen odottamattomat laskut. Korjaa vuodot viipym\u00e4tt\u00e4 toiminnan tehottomuuden v\u00e4ltt\u00e4miseksi.<\/li>\n<li><strong>Huono suorituskyky:<\/strong> Jos sylinteri liikkuu hitaasti tai reagoi ep\u00e4tasaisesti, se voi viitata alhaiseen hydrauliikka\u00f6ljyn tasoon tai j\u00e4rjestelm\u00e4n ep\u00e4puhtauksiin. S\u00e4\u00e4nn\u00f6llinen huolto ja nesteiden tarkistukset voivat est\u00e4\u00e4 n\u00e4m\u00e4 ongelmat.<\/li>\n<li><strong>Meluisa toiminta:<\/strong> Ep\u00e4tavalliset \u00e4\u00e4net k\u00e4yt\u00f6n aikana voivat viitata sis\u00e4iseen kulumiseen tai riitt\u00e4m\u00e4tt\u00f6m\u00e4\u00e4n voiteluun. Tutki \u00e4\u00e4nen l\u00e4hde ja suorita tarvittavat huoltotoimenpiteet ongelman korjaamiseksi.<\/li>\n<\/ul>\n<h2>Vianm\u00e4\u00e4ritysvinkkej\u00e4<\/h2>\n<p>Voit tehokkaasti diagnosoida ja ratkaista puomin sylinterin ongelmat noudattamalla n\u00e4it\u00e4 vianm\u00e4\u00e4ritysvinkkej\u00e4:<\/p>\n<ul>\n<li>Tarkista s\u00e4\u00e4nn\u00f6llisesti hydraulinesteen m\u00e4\u00e4r\u00e4t ja laatu optimaalisen suorituskyvyn varmistamiseksi.<\/li>\n<li>Tarkista tiivisteet ja liitokset kulumisen tai vaurioiden varalta vuotojen est\u00e4miseksi.<\/li>\n<li>Tarkkaile sylinterin toimintaa ep\u00e4normaalien \u00e4\u00e4nien tai suorituskykyongelmien varalta ja korjaa ne v\u00e4litt\u00f6m\u00e4sti lis\u00e4vaurioiden est\u00e4miseksi.<\/li>\n<\/ul>\n<p><img decoding=\"async\" src=\"https:\/\/www.hydraulic-cylinders.net\/wp-content\/uploads\/2025\/04\/songte-bushings-with-all-kinds-of-excavator-models.webp\" alt=\"Holkit\" \/><\/p>\n<h2>Tietoa yrityksest\u00e4mme<\/h2>\n<p>Olemme johtava hydraulisten sylinterien vaihto-osien valmistaja, joka tarjoaa laajan valikoiman tuotteita sek\u00e4 kotimaisille ett\u00e4 kansainv\u00e4lisille markkinoille. Sitoutumisemme huippuosaamiseen tukee hienostunut valmistusstrategia, jossa hy\u00f6dynnet\u00e4\u00e4n edistynytt\u00e4 teknologiaa ja ammattitaitoisia ammattilaisia \u200b\u200bkorkealaatuisten hydraulisten ratkaisujen tuottamiseksi.<\/p>\n<p>Laadunvalvonta on meille ensisijaisen t\u00e4rke\u00e4\u00e4 ja varmistamme, ett\u00e4 jokainen tuote t\u00e4ytt\u00e4\u00e4 tiukat kansainv\u00e4liset standardit. R\u00e4\u00e4t\u00e4l\u00f6idyt palvelumme mahdollistavat monipuolisten asiakastarpeiden t\u00e4ytt\u00e4misen, ja huippuluokan tuotantolaitteistomme ja omistautunut j\u00e4lkimarkkinointitukemme takaavat asiakastyytyv\u00e4isyyden.<\/p>\n<p><img decoding=\"async\" src=\"https:\/\/www.hydraulic-cylinders.net\/wp-content\/uploads\/2025\/04\/songte-company-4.webp\" alt=\"Yrityksen yleiskatsaus\" \/><br \/>\n<img decoding=\"async\" src=\"https:\/\/www.hydraulic-cylinders.net\/wp-content\/uploads\/2025\/04\/songte-company-3.webp\" alt=\"Tuotantolaitos\" \/><\/p>\n<p>Kirjoittaja: lyl<\/p>","protected":false},"excerpt":{"rendered":"<p>Boom Cylinder For Pushhm PZ35-7 Product Overview The Boom Cylinder For Pushhm PZ35-7 is a critical component in hydraulic systems designed to control the movement of heavy machinery buckets. This specialized hydraulic cylinder enables the lifting, lowering, and tilting of buckets in various applications, including excavators, backhoe loaders, and front-end loaders. Its primary function is [&hellip;]<\/p>","protected":false},"featured_media":17877,"comment_status":"open","ping_status":"closed","template":"","meta":{"_et_pb_use_builder":"","_et_pb_old_content":"","_et_gb_content_width":""},"product_brand":[],"product_cat":[1546],"product_tag":[1547,1496],"class_list":{"0":"post-19539","1":"product","2":"type-product","3":"status-publish","4":"has-post-thumbnail","6":"product_cat-boom-cylinders","7":"product_tag-boom-cylinders","8":"product_tag-hydraulic-cylinders","10":"first","11":"instock","12":"shipping-taxable","13":"product-type-simple"},"amp_enabled":true,"_links":{"self":[{"href":"https:\/\/www.hydraulic-cylinders.net\/fi\/wp-json\/wp\/v2\/product\/19539","targetHints":{"allow":["GET"]}}],"collection":[{"href":"https:\/\/www.hydraulic-cylinders.net\/fi\/wp-json\/wp\/v2\/product"}],"about":[{"href":"https:\/\/www.hydraulic-cylinders.net\/fi\/wp-json\/wp\/v2\/types\/product"}],"replies":[{"embeddable":true,"href":"https:\/\/www.hydraulic-cylinders.net\/fi\/wp-json\/wp\/v2\/comments?post=19539"}],"wp:featuredmedia":[{"embeddable":true,"href":"https:\/\/www.hydraulic-cylinders.net\/fi\/wp-json\/wp\/v2\/media\/17877"}],"wp:attachment":[{"href":"https:\/\/www.hydraulic-cylinders.net\/fi\/wp-json\/wp\/v2\/media?parent=19539"}],"wp:term":[{"taxonomy":"product_brand","embeddable":true,"href":"https:\/\/www.hydraulic-cylinders.net\/fi\/wp-json\/wp\/v2\/product_brand?post=19539"},{"taxonomy":"product_cat","embeddable":true,"href":"https:\/\/www.hydraulic-cylinders.net\/fi\/wp-json\/wp\/v2\/product_cat?post=19539"},{"taxonomy":"product_tag","embeddable":true,"href":"https:\/\/www.hydraulic-cylinders.net\/fi\/wp-json\/wp\/v2\/product_tag?post=19539"}],"curies":[{"name":"wp","href":"https:\/\/api.w.org\/{rel}","templated":true}]}}