{"id":19540,"date":"2025-04-07T06:53:26","date_gmt":"2025-04-07T06:53:26","guid":{"rendered":"https:\/\/www.hydraulic-cylinders.net\/product\/boom-cylinder-for-pushhm-pz60-7b\/"},"modified":"2025-04-07T06:53:28","modified_gmt":"2025-04-07T06:53:28","slug":"boom-cylinder-for-pushhm-pz60-7b","status":"publish","type":"product","link":"https:\/\/www.hydraulic-cylinders.net\/fi\/tuote\/boom-cylinder-for-pushhm-pz60-7b\/","title":{"rendered":"Puomin sylinteri Pushhm PZ60-7B:lle"},"content":{"rendered":"<h1>Puomin sylinteri Pushhm PZ60-7B:lle<\/h1>\n<h2>Tuotteen yleiskatsaus<\/h2>\n<p>The <strong>Puomin sylinteri Pushhm PZ60-7B:lle<\/strong> on elint\u00e4rke\u00e4 osa hydraulij\u00e4rjestelmiss\u00e4, ja se on erityisesti suunniteltu ohjaamaan raskaiden koneiden kauhojen liikett\u00e4. N\u00e4m\u00e4 sylinterit mahdollistavat kauhojen nostamisen, laskemisen ja kallistuksen laitteissa, kuten kaivinkoneissa, kaivurikuormaajissa ja etukuormaajissa, mik\u00e4 helpottaa erilaisia \u200b\u200bmateriaalink\u00e4sittelyteht\u00e4vi\u00e4.<\/p>\n<p><img decoding=\"async\" src=\"https:\/\/www.hydraulic-cylinders.net\/wp-content\/uploads\/2025\/04\/songte-company-1.webp\" alt=\"Kaivinkoneiden puomin sylinteri\"><\/p>\n<h3>Mik\u00e4 on kauhan sylinteri?<\/h3>\n<p>Kauhasylinteri on hydraulinen sylinterityyppi, jolla on ratkaiseva rooli raskaiden koneiden k\u00e4yt\u00f6ss\u00e4. Se sis\u00e4lt\u00e4\u00e4 hydraulinestett\u00e4, joka luo paineen, mik\u00e4 mahdollistaa tasaisen ja tehokkaan liikkeen. Kauhasylinterien rakenne varmistaa, ett\u00e4 ne kest\u00e4v\u00e4t korkeita paineita ja raskaita kuormia, mik\u00e4 tekee niist\u00e4 v\u00e4ltt\u00e4m\u00e4tt\u00f6mi\u00e4 rakennus-, maatalous- ja muissa teht\u00e4viss\u00e4. Niiden kyky hallita kauhojen dynaamisia liikkeit\u00e4 auttaa kaivamisessa, nostamisessa ja materiaalien kuljetuksessa, mik\u00e4 parantaa tuottavuutta ty\u00f6mailla.<\/p>\n<h2>Puomin sylinterin ominaisuudet<\/h2>\n<ul>\n<li><strong>Korkea lujuus ja kest\u00e4vyys:<\/strong> N\u00e4m\u00e4 sylinterit on tyypillisesti valmistettu lujasta ter\u00e4ksest\u00e4 tai alumiinista, ja ne kest\u00e4v\u00e4t korkeaa painetta ja raskaita kuormia, joten ne sopivat vaativiin ty\u00f6ymp\u00e4rist\u00f6ihin. Niiden suunnittelussa on otettu huomioon kulumiskest\u00e4vyys ja korroosionkest\u00e4vyys k\u00e4ytt\u00f6i\u00e4n pident\u00e4miseksi.<\/li>\n<li><strong>Tehokas hydraulinen k\u00e4ytt\u00f6:<\/strong> Hydraulisen \u00f6ljynpaineen avulla n\u00e4m\u00e4 sylinterit mahdollistavat tasaisen ulosvedon ja sis\u00e4\u00e4nvedon, reagoivat nopeasti k\u00e4ytt\u00f6komentoihin ja tarjoavat tehokkaan ty\u00f6nt\u00f6- ja vetovoiman, mik\u00e4 sopii ihanteellisesti raskaiden ja monimutkaisten teht\u00e4vien k\u00e4sittelyyn.<\/li>\n<li><strong>Erilaisia \u200b\u200btyyppej\u00e4:<\/strong> Saatavilla yksitoimisina (hydraulisesti yhteen suuntaan) tai kaksitoimisina (hydraulisesti molempiin suuntiin) malleina erilaisiin k\u00e4ytt\u00f6tarpeisiin. Jotkut mallit ovat teleskooppisia, mik\u00e4 mahdollistaa suuremman jatkeen ilman ulkomittojen kasvua, joten ne sopivat ahtaisiin sovelluksiin.<\/li>\n<li><strong>Mukautettavat ratkaisut:<\/strong> Valmistamme tuotteita, jotka korvaavat t\u00e4ydellisesti olemassa olevat hydraulisylinterit varmistaen yhteensopivuuden ja suorituskyvyn.<\/li>\n<li><strong>Tarkkuustekniikka:<\/strong> Jokainen sylinteri on suunniteltu tarkasti optimaalisen suorituskyvyn ja luotettavuuden takaamiseksi vaativissa olosuhteissa.<\/li>\n<\/ul>\n<p><img decoding=\"async\" src=\"https:\/\/www.hydraulic-cylinders.net\/wp-content\/uploads\/2025\/04\/songte-cylinder-head-with-all-kinds-excavator-models.webp\" alt=\"Kaivinkoneiden sylinterikansi\"><\/p>\n<h2>Sovellusskenaariot<\/h2>\n<h3>Rakennuslaitteet<\/h3>\n<p>Kaivinkoneissa puomin sylinterit ovat v\u00e4ltt\u00e4m\u00e4tt\u00f6mi\u00e4 kaivamiseen, lastaamiseen ja maan tai roskien siirt\u00e4miseen. Ne mahdollistavat kauhan tunkeutumisen maahan, mik\u00e4 varmistaa tehokkaat kaivuuprosessit. Kaivurikuormaajissa n\u00e4m\u00e4 sylinterit eiv\u00e4t ainoastaan \u200b\u200bauta kaivamisessa, vaan my\u00f6s nostotoiminnoissa, mik\u00e4 tarjoaa monipuolisuutta rakennusteht\u00e4viss\u00e4.<\/p>\n<h3>Maatalouskoneet<\/h3>\n<p>Etukuormaajat k\u00e4ytt\u00e4v\u00e4t puomisylintereit\u00e4 maaper\u00e4n, hein\u00e4n ja muiden materiaalien kaivamiseen, nostamiseen ja kuljettamiseen. T\u00e4m\u00e4 ominaisuus parantaa maataloustoiminnan tuottavuutta, mahdollistaen nopean materiaalink\u00e4sittelyn ja siirron pelloilla.<\/p>\n<h3>Kaivinkoneet<\/h3>\n<p>Kaivinkoneissa puomin sylinteri mahdollistaa kaivutoiminnan antamalla kauhan tunkeutua maaper\u00e4\u00e4n. T\u00e4m\u00e4 toiminto on ratkaisevan t\u00e4rke\u00e4 suurten maam\u00e4\u00e4rien tehokkaassa siirt\u00e4misess\u00e4 rakennusprojektien aikana, mik\u00e4 parantaa kokonaistehokkuutta.<\/p>\n<h3>Kuormaajat<\/h3>\n<p>Etukuormaajissa n\u00e4m\u00e4 sylinterit auttavat kuormien tehokkaassa nostamisessa ja tyhjent\u00e4misess\u00e4. Niiden rakenne varmistaa vakaan toiminnan, mik\u00e4 mahdollistaa materiaalien tehokkaan k\u00e4sittelyn eri korkeuksilla.<\/p>\n<h2>Suunnittelun\u00e4k\u00f6kohdat ja valintakriteerit<\/h2>\n<h3>Kantavuus<\/h3>\n<p>Yksi puomisylinterien suunnittelussa huomioon otettavista ensisijaisista n\u00e4k\u00f6kohdista on niiden kuormituskapasiteetti. On t\u00e4rke\u00e4\u00e4 valita sylinteri, joka kest\u00e4\u00e4 k\u00e4yt\u00f6n aikana odotettavan enimm\u00e4ispainon. T\u00e4m\u00e4 edellytt\u00e4\u00e4 tiettyjen kuormien nostamiseen tarvittavan paineen ja voiman laskemista turvallisuusstandardien mukaisesti. Insin\u00f6\u00f6rien on varmistettava, ett\u00e4 k\u00e4ytetyt materiaalit kest\u00e4v\u00e4t t\u00e4llaiset voimat muodonmuutoksitta tai rikkoutumatta.<\/p>\n<h3>Tiivistysmekanismit<\/h3>\n<p>Tehokas tiivistys on ratkaisevan t\u00e4rke\u00e4\u00e4 hydraulisen paineen yll\u00e4pit\u00e4miseksi ja vuotojen est\u00e4miseksi. Korkealaatuiset tiivisteet, kuten m\u00e4nn\u00e4ntiivisteet ja varren tiivisteet, jotka on valmistettu kest\u00e4vist\u00e4 materiaaleista, kuten polyuretaanista tai nitriilikumista, varmistavat tiiviin istuvuuden. N\u00e4iden tiivisteiden s\u00e4\u00e4nn\u00f6lliset tarkastukset ovat v\u00e4ltt\u00e4m\u00e4tt\u00f6mi\u00e4 hydraulinesteen h\u00e4vikin v\u00e4ltt\u00e4miseksi, joka voi johtaa j\u00e4rjestelm\u00e4n vikaantumiseen.<\/p>\n<h3>Kest\u00e4vyys<\/h3>\n<p>Kest\u00e4vyys on elint\u00e4rke\u00e4\u00e4 puomisylintereille, erityisesti vaativissa ymp\u00e4rist\u00f6iss\u00e4. Niiden on kestett\u00e4v\u00e4 kulumista, korroosiota ja \u00e4\u00e4rimm\u00e4isi\u00e4 l\u00e4mp\u00f6tiloja. Valmistajat k\u00e4ytt\u00e4v\u00e4t usein suojapinnoitteita ja valitsevat materiaaleja, jotka kest\u00e4v\u00e4t ankaria olosuhteita, mik\u00e4 pident\u00e4\u00e4 sylintereiden k\u00e4ytt\u00f6ik\u00e4\u00e4.<\/p>\n<h3>Turvaominaisuudet<\/h3>\n<p>Puomisylinterien suunnittelussa huomioon otettavia turvallisuusn\u00e4k\u00f6kohtia ovat sis\u00e4\u00e4nrakennetut varoventtiilit ylipaineistuksen est\u00e4miseksi, mik\u00e4 varmistaa koneiston toiminnan turvallisissa rajoissa. Asianmukainen suunnittelu voi minimoida onnettomuusriskin k\u00e4yt\u00f6n aikana ja suojata sek\u00e4 laitteita ett\u00e4 k\u00e4ytt\u00e4j\u00e4\u00e4.<\/p>\n<h3>Yll\u00e4pidett\u00e4vyys<\/h3>\n<p>Helppo huolto on toinen t\u00e4rke\u00e4 tekij\u00e4. Sylinterit tulisi suunnitella siten, ett\u00e4 kriittisiin komponentteihin on helppo p\u00e4\u00e4st\u00e4 k\u00e4siksi rutiinitarkastuksia ja korjauksia varten. S\u00e4\u00e4nn\u00f6llinen huolto v\u00e4hent\u00e4\u00e4 seisokkiaikoja ja parantaa koneiden toiminnan tehokkuutta.<\/p>\n<p><img decoding=\"async\" src=\"https:\/\/www.hydraulic-cylinders.net\/wp-content\/uploads\/2025\/04\/songte-oil-pipes-and-spare-parts.webp\" alt=\"Hydrauliset komponentit\"><\/p>\n<h2>Tiivistys ja voitelu<\/h2>\n<p>Tehokas tiivistys ja voitelu ovat elint\u00e4rkeit\u00e4 puomisylinterien suorituskyvyn ja pitk\u00e4n k\u00e4ytt\u00f6i\u00e4n kannalta. Erilaisia \u200b\u200btiivisteit\u00e4, kuten m\u00e4nn\u00e4ntiivisteit\u00e4 ja varren tiivisteit\u00e4, k\u00e4ytet\u00e4\u00e4n est\u00e4m\u00e4\u00e4n hydraulinesteen vuotoja ja yll\u00e4pit\u00e4m\u00e4\u00e4n painetta. Tiivisteet valmistetaan usein kest\u00e4vist\u00e4 materiaaleista, kuten polyuretaanista ja nitriilikumista, jotka tarjoavat erinomaisen kulutuskest\u00e4vyyden. Sylinterin runko ja kierteitetyt p\u00e4\u00e4typinnat viimeistell\u00e4\u00e4n huolellisesti kest\u00e4vyyden parantamiseksi. S\u00e4\u00e4nn\u00f6llinen voitelu riitt\u00e4v\u00e4ll\u00e4 hydrauli\u00f6ljyll\u00e4 on v\u00e4ltt\u00e4m\u00e4t\u00f6nt\u00e4 kitkan ja kulumisen minimoimiseksi, mik\u00e4 varmistaa sujuvan toiminnan ja pident\u00e4\u00e4 sylinterin k\u00e4ytt\u00f6ik\u00e4\u00e4.<\/p>\n<h2>Ennaltaehk\u00e4isev\u00e4t huoltotoimenpiteet<\/h2>\n<ul>\n<li><strong>S\u00e4\u00e4nn\u00f6lliset tarkastukset:<\/strong> Tarkista hydraulij\u00e4rjestelm\u00e4 usein vuotojen, vaurioiden tai kulumisen varalta. Tarkista tiivisteet ja liitokset varmistaaksesi, ett\u00e4 ne ovat ehj\u00e4t ja toimivat oikein.<\/li>\n<li><strong>Voiteluohjelma:<\/strong> Laadi hydrauliikka\u00f6ljylle voiteluaikataulu ja varmista, ett\u00e4 sylinterit on voideltu riitt\u00e4v\u00e4sti kitkan ja kulumisen v\u00e4hent\u00e4miseksi.<\/li>\n<li><strong>Tiivisteen vaihto:<\/strong> Valvo tiivisteiden suorituskyky\u00e4 ja vaihda kuluneet tai vaurioituneet tiivisteet viipym\u00e4tt\u00e4 vuotojen est\u00e4miseksi ja tehokkuuden yll\u00e4pit\u00e4miseksi.<\/li>\n<\/ul>\n<h2>Asennusohjeet<\/h2>\n<p>Puomisylinterin oikea asennus on ratkaisevan t\u00e4rke\u00e4\u00e4 optimaalisen suorituskyvyn saavuttamiseksi. Aloita varmistamalla, ett\u00e4 kiinnityspinnat ovat puhtaat ja roskattomat. Kohdista sylinteri oikein kiinnityskiinnikkeisiin k\u00e4ytt\u00e4m\u00e4ll\u00e4 sopivia tukia sen pit\u00e4miseksi paikallaan. Kirist\u00e4 pultit valmistajan ohjeiden mukaisesti varmistaen, ettei kohdistusvirheit\u00e4 esiinny. Asennuksen j\u00e4lkeen testaa hydraulij\u00e4rjestelm\u00e4 vuotojen ja oikean toiminnan varalta. S\u00e4\u00e4nn\u00f6lliset tarkastukset asennuksen j\u00e4lkeen ovat tarpeen sen varmistamiseksi, ett\u00e4 sylinteri toimii sujuvasti ja tehokkaasti.<\/p>\n<h2>Huoltoteht\u00e4v\u00e4t<\/h2>\n<ul>\n<li><strong>S\u00e4\u00e4nn\u00f6lliset tarkastukset:<\/strong> S\u00e4\u00e4nn\u00f6lliset tarkastukset auttavat tunnistamaan mahdolliset ongelmat ennen kuin niist\u00e4 tulee merkitt\u00e4vi\u00e4. Etsi kulumisen ja vaurioiden merkkej\u00e4, erityisesti tiivisteist\u00e4 ja liitoksista. My\u00f6s oikea kohdistus on tarkistettava sujuvan toiminnan varmistamiseksi.<\/li>\n<li><strong>Oikea voitelu:<\/strong> Pid\u00e4 yll\u00e4 s\u00e4\u00e4nn\u00f6llist\u00e4 voiteluaikataulua varmistaaksesi, ett\u00e4 hydrauliikka\u00f6ljyn taso on oikea. T\u00e4m\u00e4 auttaa minimoimaan kitkaa ja kulumista, mik\u00e4 pident\u00e4\u00e4 sylinterin k\u00e4ytt\u00f6ik\u00e4\u00e4.<\/li>\n<li><strong>Tiivisteen vaihto:<\/strong> Ajan my\u00f6t\u00e4 tiivisteet voivat kulua paineen ja ymp\u00e4rist\u00f6tekij\u00f6iden vuoksi. Tarkista tiivisteet s\u00e4\u00e4nn\u00f6llisesti vaurioiden varalta ja vaihda ne tarvittaessa vuotojen est\u00e4miseksi ja tehokkaan toiminnan varmistamiseksi.<\/li>\n<\/ul>\n<h2>Turvallisuusn\u00e4k\u00f6kohdat ja ymp\u00e4rist\u00f6tekij\u00e4t<\/h2>\n<p>Puomisylintereit\u00e4 k\u00e4ytett\u00e4ess\u00e4 on t\u00e4rke\u00e4\u00e4 noudattaa turvatoimenpiteit\u00e4. K\u00e4ytt\u00e4j\u00e4t tulee kouluttaa tunnistamaan hydraulij\u00e4rjestelmiin liittyv\u00e4t mahdolliset vaarat. Onnettomuusriskin v\u00e4hent\u00e4miseksi on laadittava asianmukaiset k\u00e4sittely- ja k\u00e4ytt\u00f6protokollat. Lis\u00e4ksi hydraulij\u00e4rjestelmien suunnittelussa on otettava huomioon ymp\u00e4rist\u00f6tekij\u00e4t. Hydraulinesteiden biohajoavuuden varmistaminen ja vuotojen minimointi voivat auttaa suojelemaan ymp\u00e4rist\u00f6\u00e4.<\/p>\n<h2>Yleisten ongelmien vianm\u00e4\u00e4ritys<\/h2>\n<ul>\n<li><strong>Vuoto:<\/strong> Jos hydraulinestett\u00e4 vuotaa, tarkista tiivisteet ja liitokset vaurioiden varalta. Vaihda kaikki kuluneet osat lis\u00e4vuotojen est\u00e4miseksi.<\/li>\n<li><strong>Hidas liike:<\/strong> Hitaasti liikkuva sylinteri voi viitata riitt\u00e4m\u00e4tt\u00f6m\u00e4\u00e4n hydrauliikka\u00f6ljyyn. Tarkista \u00f6ljytasot ja lis\u00e4\u00e4 tarvittaessa polttoainetta. Tarkista my\u00f6s, onko j\u00e4rjestelm\u00e4ss\u00e4 tukoksia, jotka voivat est\u00e4\u00e4 virtausta.<\/li>\n<li><strong>Ei liikett\u00e4:<\/strong> Jos sylinteri ei liiku, tarkista hydraulipumppu ja ohjausventtiilit vikojen varalta. Varmista, ett\u00e4 hydraulij\u00e4rjestelm\u00e4\u00e4n sy\u00f6tet\u00e4\u00e4n virtaa.<\/li>\n<\/ul>\n<h2>Vianm\u00e4\u00e4ritysvinkkej\u00e4<\/h2>\n<p>Puomisylinterien ongelmien tehokas diagnosointi ja ratkaiseminen edellytt\u00e4\u00e4 kaikkien osien perusteellista tarkastusta. Etsi n\u00e4kyvi\u00e4 kulumisen, vuotojen tai vaurioiden merkkej\u00e4. Varmista, ett\u00e4 kaikki liitokset ovat tukevasti kiinni ja ett\u00e4 hydraulinesteen m\u00e4\u00e4r\u00e4 on riitt\u00e4v\u00e4. Toteuta ennaltaehk\u00e4isevi\u00e4 toimenpiteit\u00e4, kuten rutiinitarkastuksia, mahdollisten ongelmien tunnistamiseksi varhaisessa vaiheessa. Huoltotoimien yksityiskohtaisten kirjausten pit\u00e4minen voi auttaa seuraamaan sylinterin suorituskyky\u00e4 ja ennustamaan tulevia ongelmia.<\/p>\n<p><img decoding=\"async\" src=\"https:\/\/www.hydraulic-cylinders.net\/wp-content\/uploads\/2025\/04\/songte-bushings-with-all-kinds-of-excavator-models.webp\" alt=\"Kaivinkoneiden holkit\"><\/p>\n<h2>Tietoa yrityksest\u00e4mme<\/h2>\n<p>Olemme varaosien hydraulisylintereiden valmistaja ja tarjoamme kattavan valikoiman tuotteita. Yhten\u00e4 johtavista hydraulisylintereiden valmistajista ja jakelijoista sek\u00e4 kotimaisilla ett\u00e4 kansainv\u00e4lisill\u00e4 markkinoilla noudatamme erinomaista laatua. Tuotannonohjausstrategiamme perustuu tarkkuusvalmistusty\u00f6pajoihin, joissa hy\u00f6dynnet\u00e4\u00e4n edistynytt\u00e4 teknologiaa ja huippuluokan valmistuslaitteita. Taitava tekninen tiimimme yhdistettyn\u00e4 ammattimaisiin testausj\u00e4rjestelmiimme parantaa valmistuskapasiteettiamme, mink\u00e4 ansiosta pystymme vastaamaan asiakkaidemme monipuolisiin tarpeisiin.<\/p>\n<p><img decoding=\"async\" src=\"https:\/\/www.hydraulic-cylinders.net\/wp-content\/uploads\/2025\/04\/songte-company-4.webp\" alt=\"Yrityksen yleiskatsaus\"><br \/>\n<img decoding=\"async\" src=\"https:\/\/www.hydraulic-cylinders.net\/wp-content\/uploads\/2025\/04\/songte-company-3.webp\" alt=\"Tuotantolaitos\"><\/p>\n<h3>Ammattimaisuus<\/h3>\n<p>Tiimill\u00e4mme on laaja asiantuntemus hydraulij\u00e4rjestelmist\u00e4, mik\u00e4 varmistaa, ett\u00e4 toimitamme korkealaatuisia tuotteita, jotka on r\u00e4\u00e4t\u00e4l\u00f6ity asiakkaiden erityisvaatimuksiin. Meill\u00e4 on kansainv\u00e4liset sertifikaatit, jotka vahvistavat sitoutumisemme laatu- ja turvallisuusstandardeihin.<\/p>\n<h3>Mukautetut palvelut<\/h3>\n<p>Tarjoamme r\u00e4\u00e4t\u00e4l\u00f6it\u00e4vi\u00e4 ratkaisuja erilaisiin operatiivisiin tarpeisiin. Olipa kyseess\u00e4 sitten tietty koko tai ainutlaatuinen muotoilu, insin\u00f6\u00f6rimme ty\u00f6skentelev\u00e4t tiiviisti asiakkaiden kanssa toimittaakseen parhaan mahdollisen lopputuloksen.<\/p>\n<h3>Tuotantolaitteet<\/h3>\n<p>Huippumoderni tuotantolaitoksemme on varustettu edistyneill\u00e4 koneilla ja ty\u00f6kaluilla, joiden avulla voimme valmistaa eritt\u00e4in tarkkoja hydraulisylintereit\u00e4 tehokkaasti.<\/p>\n<h3>Myynnin j\u00e4lkeinen palvelu<\/h3>\n<p>Asiakastyytyv\u00e4isyys on meille etusijalla ja tarjoamme poikkeuksellista myynnin j\u00e4lkeist\u00e4 tukea. Omistautunut tiimimme on aina valmiina auttamaan kaikissa ostoksen j\u00e4lkeisiss\u00e4 tiedusteluissa ja ongelmissa varmistaen asiakkaillemme sujuvan kokemuksen.<\/p>\n<p>Kirjoittaja: lyl<\/p>","protected":false},"excerpt":{"rendered":"<p>Boom Cylinder For Pushhm PZ60-7B Product Overview The Boom Cylinder For Pushhm PZ60-7B is a vital component in hydraulic systems, specifically designed to control the movement of heavy machinery buckets. These cylinders enable the lifting, lowering, and tilting of buckets in equipment such as excavators, backhoe loaders, and front-end loaders, facilitating various material handling tasks. [&hellip;]<\/p>","protected":false},"featured_media":17878,"comment_status":"open","ping_status":"closed","template":"","meta":{"_et_pb_use_builder":"","_et_pb_old_content":"","_et_gb_content_width":""},"product_brand":[],"product_cat":[1546],"product_tag":[1547,1496],"class_list":{"0":"post-19540","1":"product","2":"type-product","3":"status-publish","4":"has-post-thumbnail","6":"product_cat-boom-cylinders","7":"product_tag-boom-cylinders","8":"product_tag-hydraulic-cylinders","10":"first","11":"instock","12":"shipping-taxable","13":"product-type-simple"},"amp_enabled":true,"_links":{"self":[{"href":"https:\/\/www.hydraulic-cylinders.net\/fi\/wp-json\/wp\/v2\/product\/19540","targetHints":{"allow":["GET"]}}],"collection":[{"href":"https:\/\/www.hydraulic-cylinders.net\/fi\/wp-json\/wp\/v2\/product"}],"about":[{"href":"https:\/\/www.hydraulic-cylinders.net\/fi\/wp-json\/wp\/v2\/types\/product"}],"replies":[{"embeddable":true,"href":"https:\/\/www.hydraulic-cylinders.net\/fi\/wp-json\/wp\/v2\/comments?post=19540"}],"wp:featuredmedia":[{"embeddable":true,"href":"https:\/\/www.hydraulic-cylinders.net\/fi\/wp-json\/wp\/v2\/media\/17878"}],"wp:attachment":[{"href":"https:\/\/www.hydraulic-cylinders.net\/fi\/wp-json\/wp\/v2\/media?parent=19540"}],"wp:term":[{"taxonomy":"product_brand","embeddable":true,"href":"https:\/\/www.hydraulic-cylinders.net\/fi\/wp-json\/wp\/v2\/product_brand?post=19540"},{"taxonomy":"product_cat","embeddable":true,"href":"https:\/\/www.hydraulic-cylinders.net\/fi\/wp-json\/wp\/v2\/product_cat?post=19540"},{"taxonomy":"product_tag","embeddable":true,"href":"https:\/\/www.hydraulic-cylinders.net\/fi\/wp-json\/wp\/v2\/product_tag?post=19540"}],"curies":[{"name":"wp","href":"https:\/\/api.w.org\/{rel}","templated":true}]}}