{"id":19545,"date":"2025-04-07T06:53:50","date_gmt":"2025-04-07T06:53:50","guid":{"rendered":"https:\/\/www.hydraulic-cylinders.net\/product\/boom-cylinder-for-pushhm-pz330-8\/"},"modified":"2025-04-07T06:53:52","modified_gmt":"2025-04-07T06:53:52","slug":"boom-cylinder-for-pushhm-pz330-8","status":"publish","type":"product","link":"https:\/\/www.hydraulic-cylinders.net\/fi\/tuote\/boom-cylinder-for-pushhm-pz330-8\/","title":{"rendered":"Puomin sylinteri Pushhm PZ330-8:lle"},"content":{"rendered":"<h1>Puomin sylinteri Pushhm PZ330-8:lle<\/h1>\n<h2>Tuotteen yleiskatsaus<\/h2>\n<p>Pushhm PZ330-8:n puomisylinteri on erikoishydraulisylinteri, joka on suunniteltu ohjaamaan kauhan liikett\u00e4 erilaisissa raskaissa koneissa. N\u00e4ill\u00e4 sylintereill\u00e4 on ratkaiseva rooli hydraulij\u00e4rjestelmiss\u00e4, sill\u00e4 ne mahdollistavat kauhojen nostamisen, laskemisen ja kallistuksen, mik\u00e4 tekee niist\u00e4 v\u00e4ltt\u00e4m\u00e4tt\u00f6mi\u00e4 materiaalink\u00e4sittelyteht\u00e4viss\u00e4.<\/p>\n<p><img decoding=\"async\" src=\"https:\/\/www.hydraulic-cylinders.net\/wp-content\/uploads\/2025\/04\/songte-company-1.webp\" alt=\"Hydraulinen sylinteri\" \/><\/p>\n<h3>M\u00e4\u00e4ritelm\u00e4 ja toiminnallisuus<\/h3>\n<p>Kauhasylinteri, joka tunnetaan my\u00f6s puomisylinterin\u00e4, on integroitu raskaisiin laitteisiin, kuten kaivinkoneisiin, kaivurikuormaajiin ja etukuormaajiin. Se vastaa kauhan pystysuorasta liikkeest\u00e4 ja s\u00e4\u00e4d\u00f6st\u00e4, mink\u00e4 ansiosta kuljettajat voivat suorittaa teht\u00e4vi\u00e4, kuten kaivamista, nostamista ja materiaalien kuljettamista tehokkaasti. Hydraulij\u00e4rjestelm\u00e4 toimii paineistetun nesteen avulla, mik\u00e4 mahdollistaa sujuvat ja hallitut liikkeet, jotka ovat olennaisia \u200b\u200bk\u00e4sitelt\u00e4ess\u00e4 raskaita kuormia ja haastavassa maastossa.<\/p>\n<h2>Puomin sylinterin ominaisuudet<\/h2>\n<ul>\n<li><strong>Korkea lujuus ja kest\u00e4vyys:<\/strong> N\u00e4m\u00e4 sylinterit on valmistettu eritt\u00e4in lujasta ter\u00e4ksest\u00e4 tai alumiinista, ja ne kest\u00e4v\u00e4t korkeaa painetta ja raskaita kuormia samalla, kun ne ovat kulumisen ja korroosionkest\u00e4vi\u00e4.<\/li>\n<li><strong>Tehokas hydraulinen k\u00e4ytt\u00f6:<\/strong> Hydrauli\u00f6ljyn k\u00e4ytt\u00f6 varmistaa sujuvan ja nopean pidennyksen ja sis\u00e4\u00e4nvedon, mik\u00e4 tarjoaa tehokkaat ty\u00f6nt\u00f6- ja vetoominaisuudet, jotka sopivat erinomaisesti monimutkaisiin teht\u00e4viin.<\/li>\n<li><strong>Erilaisia \u200b\u200btyyppej\u00e4:<\/strong> N\u00e4m\u00e4 sylinterit ovat saatavilla yksi- tai kaksitoimisina kokoonpanoina, ja ne vastaavat erilaisiin k\u00e4ytt\u00f6tarpeisiin. Jotkut mallit ovat teleskooppisia, mik\u00e4 mahdollistaa pidemm\u00e4n ulottuvuuden ilman ulkomittojen kasvua.<\/li>\n<li><strong>Mukautettavat mallit:<\/strong> Valmistuskykymme mahdollistavat r\u00e4\u00e4t\u00e4l\u00f6idyt ratkaisut, jotka t\u00e4ytt\u00e4v\u00e4t erityisvaatimukset ja varmistavat optimaalisen suorituskyvyn erilaisissa sovelluksissa.<\/li>\n<li><strong>Monipuoliset sovellukset:<\/strong> Sopii erilaisille koneille ja parantaa toiminnan tehokkuutta eri aloilla, kuten rakennus-, maatalous- ja kaivosteollisuudessa.<\/li>\n<\/ul>\n<p><img decoding=\"async\" src=\"https:\/\/www.hydraulic-cylinders.net\/wp-content\/uploads\/2025\/04\/songte-cylinder-head-with-all-kinds-excavator-models.webp\" alt=\"Kaivinkonemallit\" \/><\/p>\n<h2>Sovellusskenaariot<\/h2>\n<h3>Rakennuslaitteet<\/h3>\n<p>Kaivinkoneissa puomin sylinteri on elint\u00e4rke\u00e4 kaivamisessa, lastaamisessa ja maaper\u00e4n tai roskien siirt\u00e4misess\u00e4. Sen avulla k\u00e4ytt\u00e4j\u00e4t voivat kaivaa syvi\u00e4 ojia ja nostaa raskaita materiaaleja, mik\u00e4 tekee siit\u00e4 v\u00e4ltt\u00e4m\u00e4tt\u00f6m\u00e4n kaikilla rakennusty\u00f6mailla.<\/p>\n<h3>Maatalouskoneet<\/h3>\n<p>Etukuormaajissa puomin sylinteri\u00e4 k\u00e4ytet\u00e4\u00e4n maan, hein\u00e4n ja muiden materiaalien kaivamiseen, nostamiseen ja kuljettamiseen. Sen kest\u00e4v\u00e4 rakenne mahdollistaa maatalousteht\u00e4vien tehokkaan k\u00e4sittelyn ja parantaa maataloustoiminnan tuottavuutta.<\/p>\n<h3>Kaivinkoneet<\/h3>\n<p>Kauhan sylinteri on t\u00e4rke\u00e4ss\u00e4 roolissa, jotta kauha tunkeutuu maaper\u00e4\u00e4n ja helpottaa tehokasta kaivua. Sen hydrauliset ominaisuudet mahdollistavat kaivinkoneen selviytymisen vaikeista maaper\u00e4olosuhteista helposti.<\/p>\n<h3>Kuormaajat<\/h3>\n<p>Etukuormaajissa n\u00e4m\u00e4 sylinterit auttavat kuormien tehokkaassa nostamisessa ja tyhjent\u00e4misess\u00e4, mik\u00e4 on ratkaisevan t\u00e4rke\u00e4\u00e4 teht\u00e4viss\u00e4 materiaalin kuljetuksesta ty\u00f6maan hallintaan. Niiden luotettavuus varmistaa, ett\u00e4 toiminta sujuu sujuvasti ilman keskeytyksi\u00e4.<\/p>\n<h2>Suunnittelun\u00e4k\u00f6kohdat ja valintakriteerit<\/h2>\n<h3>Kantavuus<\/h3>\n<p>Kantavuuden ymm\u00e4rt\u00e4minen on ratkaisevan t\u00e4rke\u00e4\u00e4 puomisylinteri\u00e4 valittaessa. Sylinterin on kyett\u00e4v\u00e4 k\u00e4sittelem\u00e4\u00e4n enimm\u00e4iskuorma vaarantamatta turvallisuutta tai suorituskyky\u00e4. T\u00e4m\u00e4 edellytt\u00e4\u00e4 perusteellista arviointia laitteista, joiden kanssa sit\u00e4 k\u00e4ytet\u00e4\u00e4n, sek\u00e4 teht\u00e4vien luonteesta.<\/p>\n<h3>Tiivistysmekanismit<\/h3>\n<p>Tehokas tiivistys on v\u00e4ltt\u00e4m\u00e4t\u00f6nt\u00e4 hydraulinesteiden vuotojen est\u00e4miseksi, jotka voivat johtaa suorituskykyongelmiin ja turvallisuusriskeihin. Laadukkaiden tiivistysmateriaalien, kuten polyuretaanin ja nitriilikumin, valinta varmistaa kest\u00e4vyyden ja luotettavuuden ja minimoi vuotoriskin.<\/p>\n<h3>Kest\u00e4vyys<\/h3>\n<p>Kest\u00e4vyys on keskeinen tekij\u00e4 hydraulisylintereiden suunnittelussa. Niiden on kestett\u00e4v\u00e4 ankaria k\u00e4ytt\u00f6olosuhteita, kuten \u00e4\u00e4rimm\u00e4isi\u00e4 l\u00e4mp\u00f6tiloja ja hankaavia materiaaleja. Korkealaatuisten materiaalien ja edistyneiden valmistusprosessien k\u00e4ytt\u00f6 pident\u00e4\u00e4 sylinterin k\u00e4ytt\u00f6ik\u00e4\u00e4.<\/p>\n<h3>Turvaominaisuudet<\/h3>\n<p>Turvaominaisuuksien sis\u00e4llytt\u00e4minen puomisylinterien suunnitteluun on ensiarvoisen t\u00e4rke\u00e4\u00e4. N\u00e4ihin kuuluvat paineenalennusventtiilit ja vikasietomekanismit, jotka est\u00e4v\u00e4t katastrofaaliset viat. N\u00e4iden ominaisuuksien oikean toiminnan varmistamiseksi on suoritettava s\u00e4\u00e4nn\u00f6llisi\u00e4 turvallisuusarviointeja.<\/p>\n<h3>Huolto ja huollettavuus<\/h3>\n<p>Sylinterien suunnittelussa on t\u00e4rke\u00e4\u00e4 ottaa huomioon helppo huolto. T\u00e4h\u00e4n sis\u00e4ltyy voitelu- ja tarkastuspisteiden sek\u00e4 vaurioituneiden osien vaihtamisen helppouden huomioiminen. Hyvin suunniteltu sylinteri ei ainoastaan \u200b\u200btoimi tehokkaasti, vaan my\u00f6s yksinkertaistaa huoltoteht\u00e4vi\u00e4.<\/p>\n<p><img decoding=\"async\" src=\"https:\/\/www.hydraulic-cylinders.net\/wp-content\/uploads\/2025\/04\/songte-oil-pipes-and-spare-parts.webp\" alt=\"\u00d6ljyputket ja varaosat\" \/><\/p>\n<h2>Tiivistys ja voitelu<\/h2>\n<p>Asianmukainen tiivistys ja voitelu ovat elint\u00e4rkeit\u00e4 hydraulisylinterien tehokkaalle toiminnalle. Erilaisia \u200b\u200btiivisteit\u00e4, kuten m\u00e4nn\u00e4ntiivisteit\u00e4 ja varren tiivisteit\u00e4, k\u00e4ytet\u00e4\u00e4n paineen yll\u00e4pit\u00e4miseen ja nestevuotojen est\u00e4miseen. Kulutusta kest\u00e4vist\u00e4 materiaaleista, kuten polyuretaanista ja nitriilikumista, valmistetut tiivisteet pident\u00e4v\u00e4t sylinterin k\u00e4ytt\u00f6ik\u00e4\u00e4. Sylinterin runko ja kierteitetyt p\u00e4\u00e4t on hienosti k\u00e4sitelty kulutuskest\u00e4vyyden parantamiseksi. S\u00e4\u00e4nn\u00f6llinen voitelu hydrauli\u00f6ljyll\u00e4 on v\u00e4ltt\u00e4m\u00e4t\u00f6nt\u00e4 kitkan ja kulumisen v\u00e4hent\u00e4miseksi, mik\u00e4 varmistaa sylinterin sujuvan toiminnan ja pitk\u00e4n k\u00e4ytt\u00f6i\u00e4n.<\/p>\n<h2>S\u00e4\u00e4nn\u00f6llinen tarkastus ja ennaltaehk\u00e4isev\u00e4 huolto<\/h2>\n<ul>\n<li><strong>S\u00e4\u00e4nn\u00f6lliset tarkastukset:<\/strong> Rutiinitarkastusaikataulun k\u00e4ytt\u00f6\u00f6notto auttaa tunnistamaan mahdolliset ongelmat varhaisessa vaiheessa, mik\u00e4 voi est\u00e4\u00e4 kalliita korjauksia ja seisokkeja.<\/li>\n<li><strong>Oikea voitelu:<\/strong> Riitt\u00e4v\u00e4 voitelu v\u00e4hent\u00e4\u00e4 liikkuvien osien kulumista ja minimoi k\u00e4ytt\u00f6kitkaa, mik\u00e4 pident\u00e4\u00e4 merkitt\u00e4v\u00e4sti sylinterin k\u00e4ytt\u00f6ik\u00e4\u00e4.<\/li>\n<li><strong>Tiivisteen vaihto:<\/strong> Kuluneiden tiivisteiden s\u00e4\u00e4nn\u00f6llinen vaihtaminen on v\u00e4ltt\u00e4m\u00e4t\u00f6nt\u00e4 hydrauliikan tehokkuuden yll\u00e4pit\u00e4miseksi ja vuotojen est\u00e4miseksi, mik\u00e4 varmistaa optimaalisen suorituskyvyn.<\/li>\n<\/ul>\n<h2>Asennusohjeet<\/h2>\n<p>Puomisylinterin oikea asennus on ratkaisevan t\u00e4rke\u00e4\u00e4 sen suorituskyvyn ja pitk\u00e4ik\u00e4isyyden kannalta. Varmista, ett\u00e4 kiinnikkeet on kiinnitetty kunnolla ja ett\u00e4 sylinteri on kohdistettu oikein kiinnityspisteisiin. Oikeiden asennuslaitteiden k\u00e4ytt\u00f6 auttaa yll\u00e4pit\u00e4m\u00e4\u00e4n oikean kohdistuksen. Asennuksen j\u00e4lkeen on t\u00e4rke\u00e4\u00e4 tarkistaa vuodot ja suorittaa toiminnallinen testi sen varmistamiseksi, ett\u00e4 kaikki toimii tarkoitetulla tavalla. Lis\u00e4ksi tutustu valmistajan ohjeisiin hydrauliikkaliit\u00e4nt\u00f6ihin ja v\u00e4\u00e4nt\u00f6momentteihin liittyvist\u00e4 erityisvaatimuksista.<\/p>\n<p><img decoding=\"async\" src=\"https:\/\/www.hydraulic-cylinders.net\/wp-content\/uploads\/2025\/04\/songte-chushion-collar.webp\" alt=\"Tyynykaulus\" \/><\/p>\n<h2>Turvallisuusn\u00e4k\u00f6kohdat ja ymp\u00e4rist\u00f6tekij\u00e4t<\/h2>\n<p>Hydraulisylinterien kanssa ty\u00f6skennelt\u00e4ess\u00e4 on t\u00e4rke\u00e4\u00e4 asettaa turvallisuus etusijalle. K\u00e4ytt\u00e4j\u00e4t tulee kouluttaa ymm\u00e4rt\u00e4m\u00e4\u00e4n riskit ja noudattamaan asianmukaisia \u200b\u200bprotokollia raskaita koneita k\u00e4ytett\u00e4ess\u00e4. Hydraulij\u00e4rjestelmien s\u00e4\u00e4nn\u00f6llinen tarkastus vuotojen ja toimintah\u00e4iri\u00f6iden varalta auttaa yll\u00e4pit\u00e4m\u00e4\u00e4n turvallisuusstandardeja. Lis\u00e4ksi ymp\u00e4rist\u00f6tekij\u00e4t on otettava huomioon hydraulinesteiden saastumisen est\u00e4miseksi, mik\u00e4 voi vahingoittaa sek\u00e4 koneita ett\u00e4 ymp\u00e4rist\u00f6\u00e4.<\/p>\n<h2>Vianm\u00e4\u00e4ritys ja yleiset ongelmat<\/h2>\n<ul>\n<li><strong>Vuoto:<\/strong> Yleinen ongelma, jonka usein aiheuttavat kuluneet tiivisteet tai vaurioituneet liitokset, voidaan ratkaista vaihtamalla tiivisteet tai kirist\u00e4m\u00e4ll\u00e4 liitokset.<\/li>\n<li><strong>Hidas toiminta:<\/strong> Jos sylinteri toimii hitaasti, se voi johtua alhaisesta hydrauliikka\u00f6ljyn m\u00e4\u00e4r\u00e4st\u00e4 tai j\u00e4rjestelm\u00e4ss\u00e4 olevasta ilmasta; tarkista \u00f6ljym\u00e4\u00e4r\u00e4t ja ilmaa j\u00e4rjestelm\u00e4 tarvittaessa.<\/li>\n<li><strong>Ep\u00e4tavalliset \u00e4\u00e4net:<\/strong> Ep\u00e4tavalliset \u00e4\u00e4net voivat viitata sis\u00e4isiin vaurioihin tai riitt\u00e4m\u00e4tt\u00f6m\u00e4\u00e4n voiteluun; tarkista sylinterin kuluminen ja varmista asianmukainen voitelu.<\/li>\n<\/ul>\n<h2>Vianm\u00e4\u00e4ritysvinkkej\u00e4<\/h2>\n<p>Hydraulisylinterien ongelmien tehokkaaseen vianm\u00e4\u00e4ritykseen on t\u00e4rke\u00e4\u00e4 noudattaa systemaattista l\u00e4hestymistapaa. Aloita silm\u00e4m\u00e4\u00e4r\u00e4isill\u00e4 tarkastuksilla vuotojen tai vaurioiden varalta ja tarkista nestetasot s\u00e4\u00e4nn\u00f6llisesti. Jos ongelmat jatkuvat, katso valmistajan ohjeita erityisist\u00e4 diagnostiikkavaiheista. Ennakoivat toimenpiteet, kuten s\u00e4\u00e4nn\u00f6llinen huolto ja k\u00e4ytt\u00f6rajoitusten noudattaminen, voivat merkitt\u00e4v\u00e4sti v\u00e4hent\u00e4\u00e4 ongelmien todenn\u00e4k\u00f6isyytt\u00e4.<\/p>\n<p><img decoding=\"async\" src=\"https:\/\/www.hydraulic-cylinders.net\/wp-content\/uploads\/2025\/04\/songte-bushings-with-all-kinds-of-excavator-models.webp\" alt=\"Kaivinkonemallien holkit\" \/><\/p>\n<h2>Tietoa yrityksest\u00e4mme<\/h2>\n<p>Olemme johtava hydraulisten sylinterien vaihto-osien valmistaja. Tarjoamme kattavan valikoiman tuotteita, jotka ovat tehneet meist\u00e4 johtavan toimittajan sek\u00e4 kotimaisilla ett\u00e4 kansainv\u00e4lisill\u00e4 markkinoilla. Sitoutumisemme laatuun n\u00e4kyy huolellisissa valmistusprosesseissamme, joissa hy\u00f6dynnet\u00e4\u00e4n edistynytt\u00e4 teknologiaa ja ammattitaitoista henkil\u00f6st\u00f6\u00e4. Keskittyen huippuosaamiseen pyrimme vastaamaan monipuolisiin asiakastarpeisiin innovatiivisten ratkaisujen ja kattavien tuotevalikoimien avulla.<\/p>\n<h3>Asiantuntemus ja erikoistuminen<\/h3>\n<p>Asiantuntijatiimimme tuo mukanaan vuosien kokemuksen alalta, mik\u00e4 varmistaa, ett\u00e4 tarjoamme korkealaatuisia tuotteita, jotka on r\u00e4\u00e4t\u00e4l\u00f6ity erityisvaatimuksiin. Investoimme tutkimukseen ja kehitykseen pysy\u00e4ksemme markkinoiden trendien ja teknologisen kehityksen edell\u00e4.<\/p>\n<h3>Kansainv\u00e4linen sertifiointi<\/h3>\n<p>Tuotteemme ovat kansainv\u00e4listen standardien ja sertifikaattien mukaisia, mik\u00e4 vahvistaa sitoutumistamme laatuun ja turvallisuuteen. K\u00e4ymme l\u00e4pi s\u00e4\u00e4nn\u00f6llisi\u00e4 tarkastuksia ja arviointeja yll\u00e4pit\u00e4\u00e4ksemme arvostettuja sertifikaattejamme.<\/p>\n<h3>Mukautetut palvelut<\/h3>\n<p>Tarjoamme r\u00e4\u00e4t\u00e4l\u00f6it\u00e4vi\u00e4 hydrauliikkaratkaisuja asiakkaidemme erilaisiin tarpeisiin varmistaen, ett\u00e4 jokainen tuote vastaa t\u00e4ydellisesti heid\u00e4n operatiivisia vaatimuksiaan.<\/p>\n<h3>Edistyneet valmistuslaitteet<\/h3>\n<p>K\u00e4ytt\u00e4m\u00e4ll\u00e4 huippuluokan tuotantolaitteita parannamme tuotantotehokkuuttamme ja yll\u00e4pid\u00e4mme samalla korkeita laatustandardeja. Tilamme on suunniteltu soveltumaan erilaisiin tuotantoskaaloihin.<\/p>\n<h3>Kattava myynnin j\u00e4lkeinen tuki<\/h3>\n<p>Sitoutumisemme asiakastyytyv\u00e4isyyteen ulottuu myynnin j\u00e4lkeiseen aikaan. Tarjoamme kattavaa myynnin j\u00e4lkeist\u00e4 tukea, mukaan lukien asennusohjeet, huoltopalvelut ja oikea-aikaisen avun kaikkiin tiedusteluihin.<\/p>\n<p><img decoding=\"async\" src=\"https:\/\/www.hydraulic-cylinders.net\/wp-content\/uploads\/2025\/04\/songte-company-4.webp\" alt=\"Yrityksen yleiskatsaus 1\" \/><br \/>\n<img decoding=\"async\" src=\"https:\/\/www.hydraulic-cylinders.net\/wp-content\/uploads\/2025\/04\/songte-company-3.webp\" alt=\"Yrityksen yleiskatsaus 2\" \/><\/p>\n<p>Kirjoittaja: lyl<\/p>","protected":false},"excerpt":{"rendered":"<p>Boom Cylinder For Pushhm PZ330-8 Product Overview The Boom Cylinder for Pushhm PZ330-8 is a specialized hydraulic cylinder designed to control the movement of the bucket in various heavy machinery applications. These cylinders play a critical role in hydraulic systems, allowing for the lifting, lowering, and tilting of buckets, making them indispensable for material handling [&hellip;]<\/p>","protected":false},"featured_media":17868,"comment_status":"open","ping_status":"closed","template":"","meta":{"_et_pb_use_builder":"","_et_pb_old_content":"","_et_gb_content_width":""},"product_brand":[],"product_cat":[1546],"product_tag":[1547,1496],"class_list":{"0":"post-19545","1":"product","2":"type-product","3":"status-publish","4":"has-post-thumbnail","6":"product_cat-boom-cylinders","7":"product_tag-boom-cylinders","8":"product_tag-hydraulic-cylinders","10":"first","11":"instock","12":"shipping-taxable","13":"product-type-simple"},"amp_enabled":true,"_links":{"self":[{"href":"https:\/\/www.hydraulic-cylinders.net\/fi\/wp-json\/wp\/v2\/product\/19545","targetHints":{"allow":["GET"]}}],"collection":[{"href":"https:\/\/www.hydraulic-cylinders.net\/fi\/wp-json\/wp\/v2\/product"}],"about":[{"href":"https:\/\/www.hydraulic-cylinders.net\/fi\/wp-json\/wp\/v2\/types\/product"}],"replies":[{"embeddable":true,"href":"https:\/\/www.hydraulic-cylinders.net\/fi\/wp-json\/wp\/v2\/comments?post=19545"}],"wp:featuredmedia":[{"embeddable":true,"href":"https:\/\/www.hydraulic-cylinders.net\/fi\/wp-json\/wp\/v2\/media\/17868"}],"wp:attachment":[{"href":"https:\/\/www.hydraulic-cylinders.net\/fi\/wp-json\/wp\/v2\/media?parent=19545"}],"wp:term":[{"taxonomy":"product_brand","embeddable":true,"href":"https:\/\/www.hydraulic-cylinders.net\/fi\/wp-json\/wp\/v2\/product_brand?post=19545"},{"taxonomy":"product_cat","embeddable":true,"href":"https:\/\/www.hydraulic-cylinders.net\/fi\/wp-json\/wp\/v2\/product_cat?post=19545"},{"taxonomy":"product_tag","embeddable":true,"href":"https:\/\/www.hydraulic-cylinders.net\/fi\/wp-json\/wp\/v2\/product_tag?post=19545"}],"curies":[{"name":"wp","href":"https:\/\/api.w.org\/{rel}","templated":true}]}}