{"id":19547,"date":"2025-04-07T06:53:55","date_gmt":"2025-04-07T06:53:55","guid":{"rendered":"https:\/\/www.hydraulic-cylinders.net\/product\/boom-cylinder-for-nante-nt18\/"},"modified":"2025-04-07T06:53:57","modified_gmt":"2025-04-07T06:53:57","slug":"boom-cylinder-for-nante-nt18","status":"publish","type":"product","link":"https:\/\/www.hydraulic-cylinders.net\/fi\/tuote\/boom-cylinder-for-nante-nt18\/","title":{"rendered":"Puomin sylinteri Nante NT18:lle"},"content":{"rendered":"<h1>Puomin sylinteri Nante NT18:lle<\/h1>\n<h2>Puomin sylinterin yleiskatsaus<\/h2>\n<p>Puomin sylinteri, joka tunnetaan my\u00f6s kauhan sylinterin\u00e4, on kriittinen osa raskaiden koneiden hydraulij\u00e4rjestelmiss\u00e4. N\u00e4m\u00e4 sylinterit ohjaavat kauhan liikett\u00e4 erilaisissa koneissa, kuten kaivinkoneissa, kaivurikuormaajissa ja etukuormaajissa. Niiden ensisijainen teht\u00e4v\u00e4 on mahdollistaa kauhan nostaminen, laskeminen ja kallistaminen, mik\u00e4 helpottaa materiaalink\u00e4sittelyteht\u00e4vi\u00e4 tehokkaasti.<\/p>\n<p>Pohjimmiltaan puomin sylinteri toimii k\u00e4ytt\u00e4m\u00e4ll\u00e4 hydraulinestett\u00e4 paineen luomiseen, joka liikuttaa sylinterin sis\u00e4ll\u00e4 olevaa m\u00e4nt\u00e4\u00e4. T\u00e4m\u00e4 liike mahdollistaa raskaan nostamisen ja siirt\u00e4misen tarvittavan tarkan ohjauksen, mik\u00e4 tekee siit\u00e4 v\u00e4ltt\u00e4m\u00e4tt\u00f6m\u00e4n rakennusalalla, maataloudessa ja muilla raskaita koneita k\u00e4ytt\u00e4vill\u00e4 teollisuudenaloilla.<\/p>\n<p><img decoding=\"async\" src=\"https:\/\/www.hydraulic-cylinders.net\/wp-content\/uploads\/2025\/04\/songte-company-1.webp\" alt=\"Puomin sylinterin kuva\"><\/p>\n<h2>Puomin sylinterin t\u00e4rkeimm\u00e4t ominaisuudet<\/h2>\n<ul>\n<li><strong>Korkea lujuus ja kest\u00e4vyys:<\/strong> N\u00e4m\u00e4 sylinterit on tyypillisesti valmistettu lujasta ter\u00e4ksest\u00e4 tai alumiinista, ja ne kest\u00e4v\u00e4t korkeaa painetta ja raskaita kuormia, joten ne sopivat vaativiin ty\u00f6olosuhteisiin. Ne on suunniteltu kulutusta ja korroosiota kest\u00e4viksi, mik\u00e4 pident\u00e4\u00e4 niiden k\u00e4ytt\u00f6ik\u00e4\u00e4.<\/li>\n<li><strong>Tehokas hydraulinen k\u00e4ytt\u00f6:<\/strong> Puomin sylinteri hy\u00f6dynt\u00e4\u00e4 hydrauli\u00f6ljyn painetta sujuvaan ojennukseen ja sis\u00e4\u00e4nvetoon, mik\u00e4 mahdollistaa nopean reagoinnin ohjauskomentoihin ja tarjoaa tehokkaat ty\u00f6nt\u00f6- ja veto-ominaisuudet, jotka sopivat erinomaisesti raskaiden esineiden k\u00e4sittelyyn ja monimutkaisiin teht\u00e4viin.<\/li>\n<li><strong>Erilaisia \u200b\u200btyyppej\u00e4:<\/strong> Sovelluksesta riippuen saatavilla on yksitoimisia (hydraulisesti yhteen suuntaan) ja kaksitoimisia (hydraulisesti molempiin suuntiin) sylintereit\u00e4. Jotkut mallit ovat teleskooppisia, mik\u00e4 mahdollistaa suuremman jatkeen ilman ulkomittojen kasvua, mik\u00e4 on hy\u00f6dyllist\u00e4 sovelluksissa, joissa on rajoitetusti tilaa.<\/li>\n<li><strong>Mukautettu valmistus:<\/strong> Tuotteemme voivat t\u00e4ydellisesti korvata olemassa olevat hydraulisylinterit varmistaen yhteensopivuuden ja toimivuuden.<\/li>\n<\/ul>\n<p><img decoding=\"async\" src=\"https:\/\/www.hydraulic-cylinders.net\/wp-content\/uploads\/2025\/04\/songte-cylinder-head-with-all-kinds-excavator-models.webp\" alt=\"Kaivinkonemallit\"><\/p>\n<h2>Puomisylinterin sovellukset<\/h2>\n<h3>Rakennuslaitteet<\/h3>\n<p>Rakennuskoneissa, kuten kaivinkoneissa, puomisylinterit ovat v\u00e4ltt\u00e4m\u00e4tt\u00f6mi\u00e4 kaivamiseen, lastaamiseen ja maan tai roskien siirt\u00e4miseen. Niiden avulla k\u00e4ytt\u00e4j\u00e4t voivat suorittaa monimutkaisia \u200b\u200bteht\u00e4vi\u00e4 tarkasti. Kaivurikuormaajissa n\u00e4m\u00e4 sylinterit eiv\u00e4t ainoastaan \u200b\u200bauta kaivamisessa, vaan my\u00f6s nostotoiminnoissa. Puomisylinterien integrointi n\u00e4ihin koneisiin parantaa tuottavuutta ja tehokkuutta rakennusty\u00f6mailla.<\/p>\n<h3>Maatalouskoneet<\/h3>\n<p>Maatalousymp\u00e4rist\u00f6iss\u00e4 etukuormaajissa k\u00e4ytet\u00e4\u00e4n puomisylintereit\u00e4 maaper\u00e4n, hein\u00e4n ja muiden materiaalien kaivamiseen, nostamiseen ja kuljettamiseen. Niiden kest\u00e4v\u00e4 rakenne varmistaa, ett\u00e4 ne pystyv\u00e4t selviytym\u00e4\u00e4n maataloustoiminnassa usein vaadittavista vaativista teht\u00e4vist\u00e4 s\u00e4ilytt\u00e4en samalla luotettavuuden ja helppok\u00e4ytt\u00f6isyyden.<\/p>\n<h3>Kaivinkoneet<\/h3>\n<p>Kaivinkoneissa puomin sylinterit helpottavat kaivua mahdollistamalla kauhan tehokkaan tunkeutumisen maahan. Ne tarjoavat tarvittavan voiman kovan maaper\u00e4n ja kivien l\u00e4pimurtoon, mik\u00e4 tekee niist\u00e4 t\u00e4rke\u00e4n osan eri mittakaavan kaivuprojekteissa.<\/p>\n<h3>Kuormaajat<\/h3>\n<p>Etukuormaajissa puomin sylinterit edist\u00e4v\u00e4t merkitt\u00e4v\u00e4sti kuormien tehokasta nostamista ja tyhjent\u00e4mist\u00e4. Ne mahdollistavat raskaiden materiaalien helpon siirt\u00e4misen, mik\u00e4 lis\u00e4\u00e4 koneen kokonaistuottavuutta ja lyhent\u00e4\u00e4 k\u00e4ytt\u00f6aikaa erilaisissa teht\u00e4viss\u00e4.<\/p>\n<h2>Suunnittelun\u00e4k\u00f6kohdat ja valintakriteerit<\/h2>\n<ul>\n<li><strong>Kantavuus:<\/strong> Kantavuuden ymm\u00e4rt\u00e4minen on ratkaisevan t\u00e4rke\u00e4\u00e4 puomisylinteri\u00e4 valittaessa. Se m\u00e4\u00e4ritt\u00e4\u00e4 sylinterin kantaman enimm\u00e4ispainon vaarantamatta suorituskyky\u00e4 tai turvallisuutta. Sylinterin valitseminen, joka vastaa tai ylitt\u00e4\u00e4 vaaditun kantavuuden, varmistaa luotettavuuden ja pitk\u00e4n k\u00e4ytt\u00f6i\u00e4n.<\/li>\n<li><strong>Tiivistysmekanismit:<\/strong> Tiivistysj\u00e4rjestelm\u00e4n tehokkuus on elint\u00e4rke\u00e4\u00e4 hydraulinesteiden vuotojen est\u00e4miseksi. Kest\u00e4vist\u00e4 materiaaleista, kuten polyuretaanista tai nitriilikumista, valmistetut korkealaatuiset tiivisteet auttavat yll\u00e4pit\u00e4m\u00e4\u00e4n painetta ja v\u00e4hent\u00e4m\u00e4\u00e4n huoltotarvetta.<\/li>\n<li><strong>Kest\u00e4vyys:<\/strong> Puomisylintereiden rakennusmateriaalien on oltava kulumisen ja korroosion kest\u00e4vi\u00e4. T\u00e4m\u00e4 on erityisen t\u00e4rke\u00e4\u00e4 ankarissa olosuhteissa, joissa altistuminen luonnonvoimille voi johtaa heikkolaatuisten komponenttien ennenaikaiseen vikaantumiseen.<\/li>\n<li><strong>Turvaominaisuudet:<\/strong> Turvallisuus on hydraulij\u00e4rjestelmiss\u00e4 ensiarvoisen t\u00e4rke\u00e4\u00e4. Puomisylintereiss\u00e4 tulisi olla ominaisuuksia, jotka est\u00e4v\u00e4t yliojentumisen ja \u00e4killiset viat. N\u00e4m\u00e4 turvamekanismit varmistavat k\u00e4ytt\u00e4j\u00e4n turvallisuuden ja koneen eheyden.<\/li>\n<li><strong>Huoltomahdollisuus:<\/strong> Hyv\u00e4n suunnittelun tulisi mahdollistaa helppo huolto ja tarkastus. Sylinterin s\u00e4\u00e4nn\u00f6llisten tarkastusten mahdollistavat ominaisuudet voivat merkitt\u00e4v\u00e4sti parantaa sen k\u00e4ytt\u00f6ik\u00e4\u00e4 ja suorituskyky\u00e4.<\/li>\n<\/ul>\n<p><img decoding=\"async\" src=\"https:\/\/www.hydraulic-cylinders.net\/wp-content\/uploads\/2025\/04\/songte-oil-pipes-and-spare-parts.webp\" alt=\"Hydrauliset komponentit\"><\/p>\n<h2>Tiivistys ja voitelu<\/h2>\n<p>Tiivistys ja voitelu ovat kriittisi\u00e4 tekij\u00f6it\u00e4 puomin sylinterin suorituskyvyn yll\u00e4pit\u00e4misess\u00e4. Erilaisia \u200b\u200btiivisteit\u00e4, kuten m\u00e4nn\u00e4ntiivisteit\u00e4 ja varren tiivisteit\u00e4, k\u00e4ytet\u00e4\u00e4n varmistamaan, ett\u00e4 hydraulineste pysyy sylinterin sis\u00e4ll\u00e4. N\u00e4m\u00e4 tiivisteet on usein valmistettu kulutusta kest\u00e4vist\u00e4 materiaaleista, kuten polyuretaanista ja nitriilikumista, jotka tarjoavat erinomaisen kest\u00e4vyyden.<\/p>\n<p>Sylinterin runko ja kierteitetyt p\u00e4\u00e4typinnat on huolellisesti k\u00e4sitelty kulumiskest\u00e4vyyden parantamiseksi. S\u00e4\u00e4nn\u00f6llinen voitelu oikeanlaisella ja -m\u00e4\u00e4r\u00e4isell\u00e4 hydrauliikka\u00f6ljyll\u00e4 on v\u00e4ltt\u00e4m\u00e4t\u00f6nt\u00e4 kitkan v\u00e4hent\u00e4miseksi ja sujuvan toiminnan varmistamiseksi. N\u00e4iden huoltoteht\u00e4vien laiminly\u00f6nti voi johtaa ennenaikaiseen kulumiseen ja mahdollisiin j\u00e4rjestelm\u00e4vikoihin.<\/p>\n<h2>S\u00e4\u00e4nn\u00f6llinen tarkastus ja ennaltaehk\u00e4isev\u00e4 huolto<\/h2>\n<ul>\n<li><strong>Rutiinitarkastus:<\/strong> Tarkasta puomin sylinteri s\u00e4\u00e4nn\u00f6llisesti kulumisen, vuotojen tai vaurioiden varalta. T\u00e4m\u00e4 ennakoiva toimenpide voi auttaa tunnistamaan mahdolliset ongelmat ennen kuin ne eskaloituvat merkitt\u00e4viksi, varmistaen jatkuvan toiminnan.<\/li>\n<li><strong>Oikea voitelu:<\/strong> Varmista, ett\u00e4 hydrauliikka\u00f6ljyn taso on oikea ja ett\u00e4 se sopii k\u00e4ytt\u00f6olosuhteisiin. S\u00e4\u00e4nn\u00f6llinen tarkastus ja asianmukaisten voitelutasojen yll\u00e4pito est\u00e4v\u00e4t tiivisteiden ja komponenttien kulumista.<\/li>\n<li><strong>Tiivisteen vaihto:<\/strong> Tarkkaile tiivisteiden kuntoa ja vaihda ne tarvittaessa. Kuluneet tai vaurioituneet tiivisteet voivat johtaa vuotoihin ja heikentyneeseen suorituskykyyn, mik\u00e4 voi vaikuttaa koko hydraulij\u00e4rjestelm\u00e4\u00e4n.<\/li>\n<\/ul>\n<h2>Asennusohjeet<\/h2>\n<p>Puomin sylinterin oikea asennus on ratkaisevan t\u00e4rke\u00e4\u00e4 optimaalisen suorituskyvyn ja pitk\u00e4ik\u00e4isyyden kannalta. Se edellytt\u00e4\u00e4 sylinterin oikeanlaisen kohdistuksen ja asennuksen varmistamista, jotta komponentteihin ei kohdistu tarpeetonta rasitusta. Asennuksen aikana:<\/p>\n<ul>\n<li>Varmista, ett\u00e4 sylinteri on oikein kohdistettu kiinnityspisteisiin. V\u00e4\u00e4r\u00e4 kohdistus voi johtaa ennenaikaiseen kulumiseen ja rikkoutumiseen.<\/li>\n<li>K\u00e4yt\u00e4 sopivia kiinnityskiinnikkeit\u00e4 sylinterin kiinnitt\u00e4miseksi tukevasti paikalleen. T\u00e4m\u00e4 varmistaa vakauden k\u00e4yt\u00f6n aikana.<\/li>\n<li>Noudata valmistajan ohjeita v\u00e4\u00e4nt\u00f6momenttien ja asennusmenetelmien suhteen kokoonpanon eheyden s\u00e4ilytt\u00e4miseksi.<\/li>\n<li>Asennuksen j\u00e4lkeen suorita koek\u00e4ytt\u00f6 varmistaaksesi, ett\u00e4 sylinteri toimii sujuvasti ja ongelmitta.<\/li>\n<\/ul>\n<p><img decoding=\"async\" src=\"https:\/\/www.hydraulic-cylinders.net\/wp-content\/uploads\/2025\/04\/songte-chushion-collar.webp\" alt=\"Puomin sylinterin asennus\"><\/p>\n<h2>Turvallisuusn\u00e4k\u00f6kohdat ja ymp\u00e4rist\u00f6tekij\u00e4t<\/h2>\n<p>Puomisylintereit\u00e4 k\u00e4ytett\u00e4ess\u00e4 on t\u00e4rke\u00e4\u00e4 noudattaa turvatoimenpiteit\u00e4 onnettomuuksien ehk\u00e4isemiseksi ja k\u00e4ytt\u00e4jien sek\u00e4 sivullisten turvallisuuden varmistamiseksi. Hydraulij\u00e4rjestelmien k\u00e4ytt\u00f6\u00f6n liittyv\u00e4 asianmukainen koulutus ja laitteiden rajoitusten ymm\u00e4rt\u00e4minen ovat olennaisia \u200b\u200briskien minimoimiseksi. Lis\u00e4ksi ymp\u00e4rist\u00f6yst\u00e4v\u00e4llisten hydraulinesteiden k\u00e4ytt\u00f6 voi v\u00e4hent\u00e4\u00e4 ymp\u00e4rist\u00f6vaikutuksia ja edist\u00e4\u00e4 siten kest\u00e4vi\u00e4 k\u00e4yt\u00e4nt\u00f6j\u00e4 toiminnassa.<\/p>\n<h2>Vianm\u00e4\u00e4ritys ja yleiset ongelmat<\/h2>\n<ul>\n<li><strong>Nestevuodot:<\/strong> Jos huomaat hydraulinestett\u00e4 ker\u00e4\u00e4ntyv\u00e4n sylinterin ymp\u00e4rille, tarkista tiivisteet vaurioiden tai kulumisen varalta. Vaihda tiivisteet v\u00e4litt\u00f6m\u00e4sti lis\u00e4vuotojen est\u00e4miseksi.<\/li>\n<li><strong>Heikentynyt suorituskyky:<\/strong> Jos puomin sylinteri ei reagoi odotetulla tavalla, tarkista hydraulinesteen taso ja varmista, ett\u00e4 j\u00e4rjestelm\u00e4ss\u00e4 ei ole ilmataskuja. J\u00e4rjestelm\u00e4n ilmaaminen voi olla tarpeen.<\/li>\n<li><strong>Meluisa toiminta:<\/strong> Liiallinen melu k\u00e4yt\u00f6n aikana voi viitata voitelun puutteeseen tai vaurioituneisiin sis\u00e4isiin komponentteihin. Arvioi voitelutaso ja tarkista mahdolliset mekaaniset ongelmat.<\/li>\n<\/ul>\n<h2>Vianm\u00e4\u00e4ritysvinkkej\u00e4 ja -ratkaisuja<\/h2>\n<p>Puomisylintereiden ongelmien tehokas diagnosointi ja ratkaiseminen:<\/p>\n<ul>\n<li>Tarkista nestetasot s\u00e4\u00e4nn\u00f6llisesti ja lis\u00e4\u00e4 tarvittaessa. Oikean nestetason yll\u00e4pit\u00e4minen voi est\u00e4\u00e4 monia toiminnallisia ongelmia.<\/li>\n<li>Suorita tiivisteiden ja voiteluj\u00e4rjestelmien ennakoivaa huoltoa kulumisen v\u00e4ltt\u00e4miseksi, joka voi johtaa vuotoihin tai suorituskykyongelmiin.<\/li>\n<li>Dokumentoi kaikki suorituskyvyn muutokset ja tee perusteellisia tarkastuksia tunnistaaksesi toistuvat kaavat tai ongelmat, jotka voivat viitata taustalla oleviin ongelmiin.<\/li>\n<\/ul>\n<p><img decoding=\"async\" src=\"https:\/\/www.hydraulic-cylinders.net\/wp-content\/uploads\/2025\/04\/songte-bushings-with-all-kinds-of-excavator-models.webp\" alt=\"Kaivinkoneen holkit\"><\/p>\n<h2>Tietoa yrityksest\u00e4mme<\/h2>\n<p>Olemme johtava hydraulisten sylinterien valmistaja, ja kattava tuotevalikoimamme sijoittaa meid\u00e4t johtavien toimittajien joukkoon sek\u00e4 kotimaisilla ett\u00e4 kansainv\u00e4lisill\u00e4 markkinoilla. Sitoutumisemme huippuosaamiseen perustuu hienostuneeseen valmistusprosessiin ja tiukkaan laadunvalvontaan. Hy\u00f6dynt\u00e4m\u00e4ll\u00e4 ammattitaitoista henkil\u00f6st\u00f6\u00e4, huippuluokan digitaalisia valmistuslaitteita ja edistyneit\u00e4 testausj\u00e4rjestelmi\u00e4 parannamme jatkuvasti tuotantokapasiteettiamme vastataksemme monipuolisiin asiakastarpeisiin.<\/p>\n<p>Keskittymisemme ammattitaitoiseen palveluun, kansainv\u00e4lisiin sertifiointeihin ja r\u00e4\u00e4t\u00e4l\u00f6ityihin ratkaisuihin antaa meille mahdollisuuden vastata erilaisiin markkinoiden vaatimuksiin. Tuotantolaitoksemme on varustettu uusimmalla teknologialla, mik\u00e4 varmistaa korkean tehokkuuden, tarkkuuden ja laadun jokaisessa toimittamassamme tuotteessa. Lis\u00e4ksi tarjoamme erinomaista j\u00e4lkimarkkinointipalvelua tukeaksemme asiakkaitamme hydraulij\u00e4rjestelmiens\u00e4 tehokkaassa kunnossapidossa.<\/p>\n<p><img decoding=\"async\" src=\"https:\/\/www.hydraulic-cylinders.net\/wp-content\/uploads\/2025\/04\/songte-company-4.webp\" alt=\"Yrityksen yleiskatsaus\"><br \/>\n<img decoding=\"async\" src=\"https:\/\/www.hydraulic-cylinders.net\/wp-content\/uploads\/2025\/04\/songte-company-3.webp\" alt=\"Yrityksen tuotantolaitos\"><\/p>\n<p>Kirjoittaja: lyl<\/p>","protected":false},"excerpt":{"rendered":"<p>Boom Cylinder For Nante NT18 Overview of Boom Cylinder The boom cylinder, also known as the bucket cylinder, is a critical component in hydraulic systems used in heavy machinery. These cylinders control the movement of the bucket on various machines such as excavators, backhoe loaders, and front loaders. Their primary function is to enable the [&hellip;]<\/p>","protected":false},"featured_media":17870,"comment_status":"open","ping_status":"closed","template":"","meta":{"_et_pb_use_builder":"","_et_pb_old_content":"","_et_gb_content_width":""},"product_brand":[],"product_cat":[1546],"product_tag":[1547,1496],"class_list":{"0":"post-19547","1":"product","2":"type-product","3":"status-publish","4":"has-post-thumbnail","6":"product_cat-boom-cylinders","7":"product_tag-boom-cylinders","8":"product_tag-hydraulic-cylinders","10":"first","11":"instock","12":"shipping-taxable","13":"product-type-simple"},"amp_enabled":true,"_links":{"self":[{"href":"https:\/\/www.hydraulic-cylinders.net\/fi\/wp-json\/wp\/v2\/product\/19547","targetHints":{"allow":["GET"]}}],"collection":[{"href":"https:\/\/www.hydraulic-cylinders.net\/fi\/wp-json\/wp\/v2\/product"}],"about":[{"href":"https:\/\/www.hydraulic-cylinders.net\/fi\/wp-json\/wp\/v2\/types\/product"}],"replies":[{"embeddable":true,"href":"https:\/\/www.hydraulic-cylinders.net\/fi\/wp-json\/wp\/v2\/comments?post=19547"}],"wp:featuredmedia":[{"embeddable":true,"href":"https:\/\/www.hydraulic-cylinders.net\/fi\/wp-json\/wp\/v2\/media\/17870"}],"wp:attachment":[{"href":"https:\/\/www.hydraulic-cylinders.net\/fi\/wp-json\/wp\/v2\/media?parent=19547"}],"wp:term":[{"taxonomy":"product_brand","embeddable":true,"href":"https:\/\/www.hydraulic-cylinders.net\/fi\/wp-json\/wp\/v2\/product_brand?post=19547"},{"taxonomy":"product_cat","embeddable":true,"href":"https:\/\/www.hydraulic-cylinders.net\/fi\/wp-json\/wp\/v2\/product_cat?post=19547"},{"taxonomy":"product_tag","embeddable":true,"href":"https:\/\/www.hydraulic-cylinders.net\/fi\/wp-json\/wp\/v2\/product_tag?post=19547"}],"curies":[{"name":"wp","href":"https:\/\/api.w.org\/{rel}","templated":true}]}}