{"id":19552,"date":"2025-04-07T06:54:07","date_gmt":"2025-04-07T06:54:07","guid":{"rendered":"https:\/\/www.hydraulic-cylinders.net\/product\/boom-cylinder-for-nante-nt130uu\/"},"modified":"2025-04-07T06:54:10","modified_gmt":"2025-04-07T06:54:10","slug":"boom-cylinder-for-nante-nt130uu","status":"publish","type":"product","link":"https:\/\/www.hydraulic-cylinders.net\/fi\/tuote\/boom-cylinder-for-nante-nt130uu\/","title":{"rendered":"Puomin sylinteri Nante NT130UU:lle"},"content":{"rendered":"<h1>Puomin sylinteri Nante NT130UU:lle<\/h1>\n<h2>Tuotteen yleiskatsaus<\/h2>\n<p>Nante NT130UU:n puomin sylinteri on hydrauliikkaj\u00e4rjestelmien t\u00e4rke\u00e4 osa, ja se on erityisesti suunniteltu raskaiden koneiden kauhojen liikkeiden ohjaamiseen. N\u00e4m\u00e4 hydraulisylinterit ovat elint\u00e4rkeit\u00e4 kaivinkoneissa, kaivurikuormaajissa ja etukuormaajissa, sill\u00e4 ne helpottavat kauhan tehokasta nostamista, laskemista ja kallistusta materiaalink\u00e4sittelyteht\u00e4vien virtaviivaistamiseksi.<\/p>\n<p>Kauhasylinteri on er\u00e4\u00e4nlainen hydraulisylinteri, joka toimii korkean paineen alaisena ja hallitsee laitteiden lis\u00e4laitteiden liikett\u00e4. Sill\u00e4 on merkitt\u00e4v\u00e4 rooli useissa sovelluksissa, ja sen avulla k\u00e4ytt\u00e4j\u00e4t voivat suorittaa teht\u00e4vi\u00e4, kuten kaivamista, lastaamista ja materiaalien kuljettamista, helposti.<\/p>\n<p><img decoding=\"async\" src=\"https:\/\/www.hydraulic-cylinders.net\/wp-content\/uploads\/2025\/04\/songte-company-1.webp\" alt=\"Puomin sylinteri Nante NT130UU:lle\"><\/p>\n<h2>Puomin sylinterin ominaisuudet<\/h2>\n<ul>\n<li>\n<h3>Korkea lujuus ja kest\u00e4vyys<\/h3>\n<p>    N\u00e4m\u00e4 sylinterit on tyypillisesti valmistettu lujasta ter\u00e4ksest\u00e4 tai alumiinista, ja ne kest\u00e4v\u00e4t korkeaa painetta ja raskaita kuormia, mik\u00e4 tekee niist\u00e4 sopivia vaativiin ty\u00f6ymp\u00e4rist\u00f6ihin. Niiden suunnittelussa on otettu huomioon kulutuskest\u00e4vyys ja korroosionkest\u00e4vyys, mik\u00e4 pident\u00e4\u00e4 niiden k\u00e4ytt\u00f6ik\u00e4\u00e4.<\/li>\n<li>\n<h3>Tehokas hydraulinen k\u00e4ytt\u00f6<\/h3>\n<p>    Hydrauli\u00f6ljyn paineen hy\u00f6dynt\u00e4minen mahdollistaa teleskooppipuomin sujuvan liikkeen, mik\u00e4 varmistaa nopean reagoinnin ohjauskomentoihin ja tarjoaa tehokkaat ty\u00f6nt\u00f6- ja vetovoimat, jotka sopivat raskaiden kuormien k\u00e4sittelyyn ja monimutkaisiin teht\u00e4viin.<\/li>\n<li>\n<h3>Erilaiset tyypit<\/h3>\n<p>    Sylinterit voidaan valita k\u00e4ytt\u00f6tarpeiden mukaan, kuten yksitoimisina (hydraulisesti yhteen suuntaan) tai kaksitoimisina (hydraulisesti molempiin suuntiin). Jotkut mallit ovat teleskooppisia, mik\u00e4 mahdollistaa suuremman jatkeen ilman ulkomittojen kasvua, mik\u00e4 sopii erinomaisesti ahtaisiin sovelluksiin.<\/li>\n<\/ul>\n<p>Tuotteemme korvaa t\u00e4ydellisesti n\u00e4m\u00e4 hydraulisylinterit.<\/p>\n<p><img decoding=\"async\" src=\"https:\/\/www.hydraulic-cylinders.net\/wp-content\/uploads\/2025\/04\/songte-cylinder-head-with-all-kinds-excavator-models.webp\" alt=\"Vaihtopuomin sylinteri\"><\/p>\n<h2>Sovellukset<\/h2>\n<ul>\n<li>\n<h3>Rakennuslaitteet<\/h3>\n<p>    Kaivinkoneissa puomin sylinteri on v\u00e4ltt\u00e4m\u00e4t\u00f6n kaivamiseen, lastaamiseen ja maan tai roskien siirt\u00e4miseen. Sen avulla kauha tunkeutuu helposti maahan, mik\u00e4 tekee kaivut\u00f6ist\u00e4 tehokkaita. Kaivurikuormaajissa kauhan sylinteri auttaa sek\u00e4 kaivu- ett\u00e4 nostot\u00f6iss\u00e4, mik\u00e4 varmistaa monipuolisen k\u00e4yt\u00f6n.<\/h3>\n<\/li>\n<li>\n<h3>Maatalouskoneet<\/h3>\n<p>    Etukuormaajissa k\u00e4ytett\u00e4v\u00e4t sylinterit ovat eritt\u00e4in t\u00e4rkeit\u00e4 maaper\u00e4n, hein\u00e4n ja muiden materiaalien kaivamiseen, nostamiseen ja kuljettamiseen. Ne parantavat maataloustoiminnan tuottavuutta mahdollistamalla nopean ja tehokkaan materiaalink\u00e4sittelyn.<\/h3>\n<\/li>\n<li>\n<h3>Kaivinkoneet<\/h3>\n<p>    Puomin sylinteri mahdollistaa kauhan kaivamisen syv\u00e4lle maaper\u00e4\u00e4n, mik\u00e4 helpottaa tehokasta kaivamista. Sen vankka rakenne varmistaa, ett\u00e4 se selviytyy vaikeista maaper\u00e4olosuhteista, mik\u00e4 tekee siit\u00e4 korvaamattoman ty\u00f6kalun rakennus- ja kaivostoiminnassa.<\/h3>\n<\/li>\n<li>\n<h3>Kuormaajat<\/h3>\n<p>    Etukuormaajissa n\u00e4m\u00e4 sylinterit auttavat kuormien tehokkaassa nostamisessa ja tyhjent\u00e4misess\u00e4. Niiden luotettava suorituskyky varmistaa toiminnan sujuvan toiminnan, minimoi seisokkiajat ja parantaa tuottavuutta.<\/h3>\n<\/li>\n<\/ul>\n<h2>Suunnittelun\u00e4k\u00f6kohdat ja valintakriteerit<\/h2>\n<ul>\n<li>\n<h3>Kantavuus<\/h3>\n<p>    Puomisylinterin kuormituskyvyn arviointi on olennaista. Sen on kyett\u00e4v\u00e4 k\u00e4sittelem\u00e4\u00e4n k\u00e4yt\u00f6n aikana odotettavissa olevat enimm\u00e4iskuormat. T\u00e4m\u00e4 edellytt\u00e4\u00e4 materiaalien painon ja noston aikana kohdistuvien voimien ymm\u00e4rt\u00e4mist\u00e4 sek\u00e4 sen varmistamista, ett\u00e4 sylinteri on mitoitettu n\u00e4ille olosuhteille. Hyvin suunniteltu sylinteri, joka ylitt\u00e4\u00e4 tarvittavan kuormituskyvyn, v\u00e4hent\u00e4\u00e4 vikaantumisriski\u00e4, \u200b\u200bjoka voi johtaa kalliisiin seisokkeihin ja korjauksiin.<\/h3>\n<\/li>\n<li>\n<h3>Tiivistyskyky<\/h3>\n<p>    Tiivisteill\u00e4 on ratkaiseva rooli hydraulisylinterien suorituskyvyss\u00e4 ja pitk\u00e4ik\u00e4isyydess\u00e4. Korkealaatuiset tiivisteet est\u00e4v\u00e4t hydraulinesteen vuotamisen, mik\u00e4 on v\u00e4ltt\u00e4m\u00e4t\u00f6nt\u00e4 paineen ja tehokkuuden yll\u00e4pit\u00e4miseksi. Rakenteesta riippuen k\u00e4ytet\u00e4\u00e4n erilaisia \u200b\u200btiivistetyyppej\u00e4, kuten m\u00e4nn\u00e4ntiivisteit\u00e4 ja varren tiivisteit\u00e4. Tehokas tiivistys v\u00e4hent\u00e4\u00e4 huoltotarvetta ja parantaa k\u00e4ytt\u00f6luotettavuutta.<\/h3>\n<\/li>\n<li>\n<h3>Kest\u00e4vyys<\/h3>\n<p>    Puomisylinterin kest\u00e4vyyteen vaikuttavat sen rakenteessa k\u00e4ytetyt materiaalit ja pinnoitteet. Kulutusta ja korroosiota kest\u00e4v\u00e4t eritt\u00e4in lujat materiaalit varmistavat, ett\u00e4 sylinteri kest\u00e4\u00e4 ankaria olosuhteita. Lis\u00e4ksi sylinteriin voidaan levitt\u00e4\u00e4 suojapinnoitteita pinnan kest\u00e4vyyden parantamiseksi, mik\u00e4 pident\u00e4\u00e4 laitteen k\u00e4ytt\u00f6ik\u00e4\u00e4 ja v\u00e4hent\u00e4\u00e4 yll\u00e4pitokustannuksia.<\/h3>\n<\/li>\n<li>\n<h3>Turvaominaisuudet<\/h3>\n<p>    Turvallisuus on hydraulij\u00e4rjestelmiss\u00e4 ensiarvoisen t\u00e4rke\u00e4\u00e4. Suunnittelussa on oltava turvaominaisuuksia, jotka est\u00e4v\u00e4t vahingossa tapahtuvan k\u00e4yt\u00f6n ja suojaavat ylikuormitukselta. N\u00e4ihin kuuluvat varoventtiilit ja paineenalennusmekanismit, jotka auttavat lievent\u00e4m\u00e4\u00e4n hydraulisiin vikoihin liittyvi\u00e4 riskej\u00e4.<\/h3>\n<\/li>\n<li>\n<h3>Yll\u00e4pidett\u00e4vyys<\/h3>\n<p>    Hyvin suunnitellun puomisylinterin tulisi my\u00f6s helpottaa huoltoa. Tiivisteiden tai komponenttien tarkastus- ja vaihtokohdat ovat v\u00e4ltt\u00e4m\u00e4tt\u00f6mi\u00e4. Suunnittelun toteuttaminen, joka mahdollistaa suoraviivaiset huoltoprosessit, varmistaa toiminnan tehokkuuden ja v\u00e4hent\u00e4\u00e4 seisokkiaikoja.<\/h3>\n<\/li>\n<\/ul>\n<p><img decoding=\"async\" src=\"https:\/\/www.hydraulic-cylinders.net\/wp-content\/uploads\/2025\/04\/songte-oil-pipes-and-spare-parts.webp\" alt=\"Hydraulisylinterin osat\"><\/p>\n<h2>Tiivistys ja voitelu<\/h2>\n<p>Tehokas tiivistys on elint\u00e4rke\u00e4\u00e4 hydraulisylinterien suorituskyvyn yll\u00e4pit\u00e4miseksi. Optimaalisen suorituskyvyn varmistamiseksi k\u00e4ytet\u00e4\u00e4n erilaisia \u200b\u200btiivistyselementtej\u00e4, kuten m\u00e4nn\u00e4ntiivisteit\u00e4 ja varren tiivisteit\u00e4. Kest\u00e4vist\u00e4 materiaaleista, kuten polyuretaanista ja nitriilikumista, valmistetut tiivisteet valitaan niiden kulutuskest\u00e4vyyden vuoksi, mik\u00e4 on ratkaisevan t\u00e4rke\u00e4\u00e4 sylinterin pitk\u00e4ik\u00e4isyyden kannalta.<\/p>\n<p>Sylinterin runko ja kierteitetyt p\u00e4\u00e4typinnat k\u00e4yv\u00e4t l\u00e4pi tarkat ty\u00f6st\u00f6prosessit kulumiskest\u00e4vyyden parantamiseksi. S\u00e4\u00e4nn\u00f6llinen voitelu on my\u00f6s v\u00e4ltt\u00e4m\u00e4t\u00f6nt\u00e4; hydrauliikka\u00f6ljy\u00e4 on tarpeen lis\u00e4t\u00e4 s\u00e4\u00e4nn\u00f6llisesti sen varmistamiseksi, ett\u00e4 kaikki liikkuvat osat toimivat sujuvasti. Asianmukainen voitelu ei ainoastaan \u200b\u200bv\u00e4henn\u00e4 kitkaa, vaan my\u00f6s est\u00e4\u00e4 ylikuumenemisen ja pident\u00e4\u00e4 sylinterin k\u00e4ytt\u00f6ik\u00e4\u00e4.<\/p>\n<h2>S\u00e4\u00e4nn\u00f6llinen tarkastus ja ennaltaehk\u00e4isev\u00e4 huolto<\/h2>\n<ul>\n<li>\n<h3>S\u00e4\u00e4nn\u00f6lliset tarkastukset<\/h3>\n<p>    On eritt\u00e4in t\u00e4rke\u00e4\u00e4 suorittaa s\u00e4\u00e4nn\u00f6llisi\u00e4 tarkastuksia mahdollisten ongelmien tunnistamiseksi ennen kuin niist\u00e4 tulee merkitt\u00e4vi\u00e4. Kulumisen, vuotojen tai vaurioiden merkkien tarkistaminen tulisi olla osa rutiininomaista huolto-ohjelmaa. Varhainen havaitseminen auttaa yll\u00e4pit\u00e4m\u00e4\u00e4n suorituskyky\u00e4 ja v\u00e4ltt\u00e4m\u00e4\u00e4n kalliita korjauksia.<\/h3>\n<\/li>\n<li>\n<h3>Oikea voitelu<\/h3>\n<p>    Riitt\u00e4v\u00e4 voitelu on elint\u00e4rke\u00e4\u00e4 hydraulisylinterien sujuvalle toiminnalle. Oikean hydrauli\u00f6ljytyypin k\u00e4ytt\u00f6 ja sen oikean tason varmistaminen ehk\u00e4isev\u00e4t sis\u00e4isten osien kulumista. On t\u00e4rke\u00e4\u00e4 pit\u00e4\u00e4 yll\u00e4 voiteluaikataulua optimaalisen suorituskyvyn varmistamiseksi.<\/h3>\n<\/li>\n<li>\n<h3>Tiivisteiden vaihto ja kalibrointitarkastukset<\/h3>\n<p>    Tiivisteet ovat kulutusosia, jotka on lopulta vaihdettava. Tiivisteiden s\u00e4\u00e4nn\u00f6llinen tarkastus ja vaihto tarpeen mukaan est\u00e4\u00e4 vuotoja ja yll\u00e4pit\u00e4\u00e4 hydraulipainetta. Kalibrointitarkastukset varmistavat, ett\u00e4 sylinteri toimii m\u00e4\u00e4riteltyjen parametrien mukaisesti, mik\u00e4 on kriittist\u00e4 suorituskyvyn, tehokkuuden ja turvallisuuden kannalta.<\/h3>\n<\/li>\n<\/ul>\n<p>Asennuksen aikana sylinterin oikea kohdistus on olennaista. K\u00e4yt\u00e4 sopivia kiinnityskiinnikkeit\u00e4 sylinterin kiinnitt\u00e4miseen ja varmista, ett\u00e4 se on oikeassa asennossa, jotta komponentteihin ei kohdistu tarpeetonta rasitusta. Noudata suositeltuja tarkastus-, korjaus- ja vaihto-ohjeita varmistaaksesi pitk\u00e4n k\u00e4ytt\u00f6i\u00e4n ja suorituskyvyn.<\/p>\n<p><img decoding=\"async\" src=\"https:\/\/www.hydraulic-cylinders.net\/wp-content\/uploads\/2025\/04\/songte-chushion-collar.webp\" alt=\"Hydraulisylinterin pehmustekaulus\"><\/p>\n<h2>Turvallisuusn\u00e4k\u00f6kohdat ja ymp\u00e4rist\u00f6tekij\u00e4t<\/h2>\n<p>Hydraulij\u00e4rjestelmien kanssa ty\u00f6skennelt\u00e4ess\u00e4 turvatoimenpiteet ovat ensiarvoisen t\u00e4rkeit\u00e4. K\u00e4ytt\u00e4jien asianmukainen koulutus, s\u00e4\u00e4nn\u00f6lliset turvatarkastukset ja k\u00e4ytt\u00f6ohjeiden noudattaminen auttavat lievent\u00e4m\u00e4\u00e4n riskej\u00e4. Turvaominaisuuksien paikallaan pit\u00e4misen ja toimivuuden varmistaminen v\u00e4hent\u00e4\u00e4 onnettomuuksien todenn\u00e4k\u00f6isyytt\u00e4 ja parantaa yleist\u00e4 k\u00e4ytt\u00f6turvallisuutta.<\/p>\n<h2>Vianm\u00e4\u00e4ritys ja yleiset ongelmat<\/h2>\n<ul>\n<li>\n<h3>Vuoto-ongelmat<\/h3>\n<p>    Yksi yleisimmist\u00e4 ongelmista on vuoto, jonka usein aiheuttavat kuluneet tiivisteet tai virheellinen asennus. S\u00e4\u00e4nn\u00f6lliset tarkastukset voivat auttaa tunnistamaan vuodot varhaisessa vaiheessa. Jos vuoto havaitaan, on v\u00e4litt\u00f6m\u00e4sti ryhdytt\u00e4v\u00e4 toimiin tiivisteiden vaihtamiseksi tai liitosten kirist\u00e4miseksi tarvittaessa.<\/h3>\n<\/li>\n<li>\n<h3>Hidas toiminta<\/h3>\n<p>    Jos sylinteri toimii hitaasti, se voi viitata alhaiseen hydraulinesteen tasoon tai tukoksiin j\u00e4rjestelm\u00e4ss\u00e4. Tarkista nestetasot ja tutki, onko letkuissa tai liittimiss\u00e4 tukoksia, jotka voisivat est\u00e4\u00e4 virtausta. Oikean hydraulinesteen tason varmistaminen on v\u00e4ltt\u00e4m\u00e4t\u00f6nt\u00e4 suorituskyvyn yll\u00e4pit\u00e4miseksi.<\/h3>\n<\/li>\n<li>\n<h3>Meluisa toiminta<\/h3>\n<p>    Ep\u00e4tavalliset \u00e4\u00e4net k\u00e4yt\u00f6n aikana voivat viitata mekaanisiin ongelmiin. T\u00e4m\u00e4 voi johtua riitt\u00e4m\u00e4tt\u00f6m\u00e4st\u00e4 voitelusta, ilmasta hydraulij\u00e4rjestelm\u00e4ss\u00e4 tai vaurioituneista osista. Melun l\u00e4hteen tutkiminen nopeasti voi est\u00e4\u00e4 lis\u00e4vaurioita ja varmistaa sujuvan toiminnan.<\/h3>\n<\/li>\n<\/ul>\n<p>N\u00e4iden ongelmien ratkaisemiseksi on t\u00e4rke\u00e4\u00e4 laatia ennaltaehk\u00e4isev\u00e4 huoltosuunnitelma, johon kuuluu s\u00e4\u00e4nn\u00f6llisi\u00e4 tarkastuksia ja nopea huomio mahdollisiin ongelman merkkeihin. Ennaltaehk\u00e4isev\u00e4t toimenpiteet, kuten laadukkaiden nesteiden ja komponenttien k\u00e4ytt\u00f6, voivat v\u00e4hent\u00e4\u00e4 merkitt\u00e4v\u00e4sti vikaantumisriski\u00e4.<\/p>\n<p><img decoding=\"async\" src=\"https:\/\/www.hydraulic-cylinders.net\/wp-content\/uploads\/2025\/04\/songte-bushings-with-all-kinds-of-excavator-models.webp\" alt=\"Hydraulij\u00e4rjestelmien holkit\"><\/p>\n<h2>Yrityksen yleiskatsaus<\/h2>\n<p>Olemme valmistaja, joka on erikoistunut korvaaviin hydraulisylintereihin. Tarjoamme laajan valikoiman tuotteita, jotka tekev\u00e4t meist\u00e4 johtavan valmistajan ja tukkumyyj\u00e4n sek\u00e4 kotimaisilla ett\u00e4 kansainv\u00e4lisill\u00e4 markkinoilla. Noudatamme tiukkoja laatustandardeja ja k\u00e4yt\u00e4mme edistyneit\u00e4 valmistuksenohjausstrategioita. Asiantuntemuksemme perustuu ammattitaitoisten ammattilaisten, huippuluokan digitaalisten valmistuslaitteiden ja kattavien testausj\u00e4rjestelmien yhdistelm\u00e4\u00e4n, jotka parantavat tuotantokapasiteettiamme.<\/p>\n<p>Sitoutumisemme laatuun heijastuu tehokkaissa, tarkoissa ja korkealaatuisissa tuotantoperiaatteissamme, jotka vastaavat asiakkaidemme monipuolisiin tarpeisiin. Keskitymme jatkuvaan parantamiseen ja innovaatioihin varmistaaksemme, ett\u00e4 tuotteemme pysyv\u00e4t alan eturintamassa.<\/p>\n<p><img decoding=\"async\" src=\"https:\/\/www.hydraulic-cylinders.net\/wp-content\/uploads\/2025\/04\/songte-company-4.webp\" alt=\"Yrityksen tilat\"><br \/>\n<img decoding=\"async\" src=\"https:\/\/www.hydraulic-cylinders.net\/wp-content\/uploads\/2025\/04\/songte-company-3.webp\" alt=\"Tuotantolinja\"><\/p>\n<p>Kirjoittaja: lyl<\/p>","protected":false},"excerpt":{"rendered":"<p>Boom Cylinder For Nante NT130UU Product Overview The Boom Cylinder for Nante NT130UU is a crucial component in hydraulic systems, specifically designed for controlling the movement of heavy machinery buckets. These hydraulic cylinders are vital for excavators, backhoe loaders, and front loaders, facilitating efficient lifting, lowering, and tilting of the bucket to streamline material handling [&hellip;]<\/p>","protected":false},"featured_media":17875,"comment_status":"open","ping_status":"closed","template":"","meta":{"_et_pb_use_builder":"","_et_pb_old_content":"","_et_gb_content_width":""},"product_brand":[],"product_cat":[1546],"product_tag":[1547,1496],"class_list":{"0":"post-19552","1":"product","2":"type-product","3":"status-publish","4":"has-post-thumbnail","6":"product_cat-boom-cylinders","7":"product_tag-boom-cylinders","8":"product_tag-hydraulic-cylinders","10":"first","11":"instock","12":"shipping-taxable","13":"product-type-simple"},"amp_enabled":true,"_links":{"self":[{"href":"https:\/\/www.hydraulic-cylinders.net\/fi\/wp-json\/wp\/v2\/product\/19552","targetHints":{"allow":["GET"]}}],"collection":[{"href":"https:\/\/www.hydraulic-cylinders.net\/fi\/wp-json\/wp\/v2\/product"}],"about":[{"href":"https:\/\/www.hydraulic-cylinders.net\/fi\/wp-json\/wp\/v2\/types\/product"}],"replies":[{"embeddable":true,"href":"https:\/\/www.hydraulic-cylinders.net\/fi\/wp-json\/wp\/v2\/comments?post=19552"}],"wp:featuredmedia":[{"embeddable":true,"href":"https:\/\/www.hydraulic-cylinders.net\/fi\/wp-json\/wp\/v2\/media\/17875"}],"wp:attachment":[{"href":"https:\/\/www.hydraulic-cylinders.net\/fi\/wp-json\/wp\/v2\/media?parent=19552"}],"wp:term":[{"taxonomy":"product_brand","embeddable":true,"href":"https:\/\/www.hydraulic-cylinders.net\/fi\/wp-json\/wp\/v2\/product_brand?post=19552"},{"taxonomy":"product_cat","embeddable":true,"href":"https:\/\/www.hydraulic-cylinders.net\/fi\/wp-json\/wp\/v2\/product_cat?post=19552"},{"taxonomy":"product_tag","embeddable":true,"href":"https:\/\/www.hydraulic-cylinders.net\/fi\/wp-json\/wp\/v2\/product_tag?post=19552"}],"curies":[{"name":"wp","href":"https:\/\/api.w.org\/{rel}","templated":true}]}}