{"id":19555,"date":"2025-04-07T06:54:16","date_gmt":"2025-04-07T06:54:16","guid":{"rendered":"https:\/\/www.hydraulic-cylinders.net\/product\/boom-cylinder-for-yanmar-vi030-6b\/"},"modified":"2025-04-07T06:54:18","modified_gmt":"2025-04-07T06:54:18","slug":"boom-cylinder-for-yanmar-vi030-6b","status":"publish","type":"product","link":"https:\/\/www.hydraulic-cylinders.net\/fi\/tuote\/boom-cylinder-for-yanmar-vi030-6b\/","title":{"rendered":"Puomin sylinteri Yanmar VI030-6B:lle"},"content":{"rendered":"<h1>Puomin sylinteri Yanmar VI030-6B:lle<\/h1>\n<h2>Tuotteen yleiskatsaus<\/h2>\n<p>Yanmar VI030-6B:n puomin sylinteri on t\u00e4rke\u00e4 osa, joka on suunniteltu erityisesti raskaille koneille, erityisesti kaivinkoneille ja traktorikaivureille. T\u00e4ll\u00e4 hydraulisylinterill\u00e4 on ratkaiseva rooli kauhan liikkeen ohjaamisessa, mink\u00e4 ansiosta se voi nostaa, laskea ja kallistua tarkasti. N\u00e4m\u00e4 toiminnot ovat v\u00e4ltt\u00e4m\u00e4tt\u00f6mi\u00e4 tehokkaalle materiaalink\u00e4sittelylle rakennusty\u00f6mailla ja erilaisissa teollisuussovelluksissa.<\/p>\n<p><img decoding=\"async\" src=\"https:\/\/www.hydraulic-cylinders.net\/wp-content\/uploads\/2025\/04\/songte-company-1.webp\" alt=\"Kaivinkoneiden puomin sylinteri\" \/><\/p>\n<h3>M\u00e4\u00e4ritelm\u00e4 ja toiminta<\/h3>\n<p>Kauhasylinteri on hydraulinen sylinterityyppi, jota k\u00e4ytet\u00e4\u00e4n erityisesti raskaissa koneissa kauhan lis\u00e4laitteen liikkeen ohjaamiseen. Se mahdollistaa kauhan suorittamisen olennaisissa toiminnoissa, kuten kaivamisessa, kaivamisessa ja materiaalien siirt\u00e4misess\u00e4. Hydraulisen paineen avulla n\u00e4m\u00e4 sylinterit varmistavat sujuvan ja tehokkaan toiminnan, mik\u00e4 tekee niist\u00e4 v\u00e4ltt\u00e4m\u00e4tt\u00f6mi\u00e4 tarkkuutta ja tehoa vaativissa teht\u00e4viss\u00e4.<\/p>\n<h2>T\u00e4rkeimm\u00e4t ominaisuudet<\/h2>\n<ul>\n<li><strong>Korkea lujuus ja kest\u00e4vyys:<\/strong> Tyypillisesti lujasta ter\u00e4ksest\u00e4 tai alumiinista valmistetut sylinterit kest\u00e4v\u00e4t korkeita paineita ja raskaita kuormia, mukautuen vaativiin ty\u00f6ymp\u00e4rist\u00f6ihin ja pident\u00e4m\u00e4ll\u00e4 samalla k\u00e4ytt\u00f6ik\u00e4\u00e4.<\/li>\n<li><strong>Tehokas hydraulinen k\u00e4ytt\u00f6:<\/strong> Hydrauli\u00f6ljyn painetta hy\u00f6dynt\u00e4v\u00e4 puomin sylinteri tarjoaa tasaisen pidennyksen ja sis\u00e4\u00e4nvedon ja nopean vasteen k\u00e4ytt\u00e4j\u00e4n komentoihin, joten se sopii raskaisiin nostoihin ja monimutkaisiin teht\u00e4viin.<\/li>\n<li><strong>Erilaisia \u200b\u200btyyppej\u00e4:<\/strong> Saatavilla yksi- ja kaksitoimisina kokoonpanoina, jotka vastaavat erilaisiin k\u00e4ytt\u00f6tarpeisiin. Jotkut mallit ovat teleskooppisia, mik\u00e4 mahdollistaa suuremman jatkeen ilman ulkomittojen kasvua, mik\u00e4 sopii erinomaisesti ahtaisiin tiloihin.<\/li>\n<li><strong>Mukautettu valmistus:<\/strong> Tuotteemme voivat t\u00e4ydellisesti korvata olemassa olevat hydraulisylinterit varmistaen yhteensopivuuden ja luotettavuuden kaikissa sovelluksissa.<\/li>\n<li><strong>Helppo huolto:<\/strong> K\u00e4ytt\u00e4j\u00e4yst\u00e4v\u00e4llisyys mieless\u00e4 suunnitellut sylinterimme ovat helppohoitoisia, mik\u00e4 varmistaa optimaalisen toimivuuden ajan mittaan.<\/li>\n<\/ul>\n<p><img decoding=\"async\" src=\"https:\/\/www.hydraulic-cylinders.net\/wp-content\/uploads\/2025\/04\/songte-cylinder-head-with-all-kinds-excavator-models.webp\" alt=\"Hydraulisylinterimallit\" \/><\/p>\n<h2>Sovellusskenaariot<\/h2>\n<h3>Rakennuslaitteet<\/h3>\n<p>Kaivinkoneissa puomin sylinteri on ratkaisevan t\u00e4rke\u00e4 kaivamisessa, lastaamisessa ja maan tai roskien siirt\u00e4misess\u00e4. Sen tarkka hallinta antaa k\u00e4ytt\u00e4jille mahdollisuuden suorittaa teht\u00e4vi\u00e4 tehokkaasti, mik\u00e4 lyhent\u00e4\u00e4 kaivuuprojektien vaatimaa aikaa.<\/p>\n<h3>Maatalouskoneet<\/h3>\n<p>Etukuormaajat k\u00e4ytt\u00e4v\u00e4t puomisylintereit\u00e4 maaper\u00e4n, hein\u00e4n ja muiden materiaalien kauhaukseen, nostamiseen ja kuljettamiseen. Hydraulinen mekanismi varmistaa, ett\u00e4 maanviljelij\u00e4t voivat k\u00e4sitell\u00e4 raskaita kuormia helposti, mik\u00e4 tekee maataloustoiminnasta tuottavampaa ja v\u00e4hemm\u00e4n ty\u00f6voimavaltaista.<\/p>\n<h3>Kaivinkoneet<\/h3>\n<p>Kauhan sylinteri helpottaa kaivamista mahdollistamalla kauhan tehokkaan tunkeutumisen maaper\u00e4\u00e4n. T\u00e4m\u00e4 ominaisuus on elint\u00e4rke\u00e4 rakennus- ja maisemointiteht\u00e4viss\u00e4, joissa tarkka kaivaminen on v\u00e4ltt\u00e4m\u00e4t\u00f6nt\u00e4 perustust\u00f6iden suorittamiseksi.<\/p>\n<h3>Kuormaajat<\/h3>\n<p>Etukuormaajissa puomisylinterit auttavat kuormien tehokkaassa nostamisessa ja tyhjent\u00e4misess\u00e4. Niiden rakenne mahdollistaa optimaalisen tyhjennyskorkeuden ja ulottuvuuden, mik\u00e4 tekee materiaalink\u00e4sittelyteht\u00e4vist\u00e4 saumattomia ja tehokkaita.<\/p>\n<h2>Suunnittelun\u00e4k\u00f6kohdat ja valintakriteerit<\/h2>\n<h3>Kantavuus<\/h3>\n<p>Keskeist\u00e4 puomisylinterin valinnassa on sen kuormankantokyky. Sen on kyett\u00e4v\u00e4 k\u00e4sittelem\u00e4\u00e4n nostettava enimm\u00e4ispaino vaarantamatta turvallisuutta tai suorituskyky\u00e4. Riitt\u00e4v\u00e4n kuorman omaavan sylinterin valitseminen varmistaa, ett\u00e4 se toimii tehokkaasti suurimman mahdollisen rasituksen alla.<\/p>\n<h3>Tiivistys ja kest\u00e4vyys<\/h3>\n<p>Tiivistys on ratkaisevan t\u00e4rke\u00e4\u00e4 hydraulinesteen vuotojen est\u00e4miseksi, jotka voivat johtaa tehottomuuteen ja mahdollisiin vaurioihin. Hyvin suljettu hydraulisylinteri yll\u00e4pit\u00e4\u00e4 painetta ja suorituskyky\u00e4 varmistaen pitk\u00e4n k\u00e4ytt\u00f6i\u00e4n ja luotettavuuden vaativissa olosuhteissa.<\/p>\n<h3>Turvaominaisuudet<\/h3>\n<p>Turvallisuus on ensiarvoisen t\u00e4rke\u00e4\u00e4 hydraulisylintereiden suunnittelussa. Ominaisuudet, kuten paineenalennusventtiilit ja kest\u00e4v\u00e4t rakennusmateriaalit, auttavat est\u00e4m\u00e4\u00e4n katastrofaalisia vikoja. S\u00e4\u00e4nn\u00f6lliset tarkastukset ja turvallisuusstandardien noudattaminen ovat my\u00f6s olennaisia \u200b\u200bk\u00e4ytt\u00f6turvallisuuden kannalta.<\/p>\n<p><img decoding=\"async\" src=\"https:\/\/www.hydraulic-cylinders.net\/wp-content\/uploads\/2025\/04\/songte-oil-pipes-and-spare-parts.webp\" alt=\"Hydrauli\u00f6ljyputket\" \/><\/p>\n<h2>Tiivistys ja voitelu<\/h2>\n<p>Erilaisten tiivisteiden, kuten m\u00e4nn\u00e4ntiivisteiden ja varren tiivisteiden, k\u00e4ytt\u00f6 on v\u00e4ltt\u00e4m\u00e4t\u00f6nt\u00e4 hydraulisen eheyden yll\u00e4pit\u00e4miseksi. Kest\u00e4vist\u00e4 materiaaleista, kuten polyuretaanista ja nitriilikumista, valmistetut tiivisteet tarjoavat erinomaisen kulutuskest\u00e4vyyden ja pitk\u00e4n k\u00e4ytt\u00f6i\u00e4n. Sylinterirungon ja kierteitettyjen p\u00e4\u00e4typintojen tarkka ty\u00f6st\u00f6 parantaa kulutuskest\u00e4vyytt\u00e4 ja edist\u00e4\u00e4 tehokasta tiivistyst\u00e4, mik\u00e4 v\u00e4hent\u00e4\u00e4 vuotojen riski\u00e4.<\/p>\n<p>S\u00e4\u00e4nn\u00f6llinen voitelu hydrauliikka\u00f6ljyll\u00e4 on v\u00e4ltt\u00e4m\u00e4t\u00f6nt\u00e4 sujuvan toiminnan varmistamiseksi. Oikea voitelu minimoi kitkan ja pident\u00e4\u00e4 sek\u00e4 tiivisteiden ett\u00e4 itse sylinterin k\u00e4ytt\u00f6ik\u00e4\u00e4.<\/p>\n<h2>S\u00e4\u00e4nn\u00f6llinen tarkastus ja ennaltaehk\u00e4isev\u00e4 huolto<\/h2>\n<ul>\n<li><strong>Usein teht\u00e4v\u00e4t tarkastukset:<\/strong> Tee s\u00e4\u00e4nn\u00f6llisi\u00e4 tarkastuksia kulumisen tai vaurioiden havaitsemiseksi varhaisessa vaiheessa. Etsi merkkej\u00e4 vuodoista tai ep\u00e4s\u00e4\u00e4nn\u00f6llisest\u00e4 toiminnasta.<\/li>\n<li><strong>Asianmukainen voitelu:<\/strong> Varmista, ett\u00e4 hydrauliikka\u00f6ljyn taso on riitt\u00e4v\u00e4 ja ett\u00e4 voitelu suoritetaan s\u00e4\u00e4nn\u00f6llisesti optimaalisen suorituskyvyn yll\u00e4pit\u00e4miseksi.<\/li>\n<li><strong>Tiivisteen vaihto:<\/strong> Vaihda tiivisteet tarvittaessa vuotojen est\u00e4miseksi ja hydraulipaineen yll\u00e4pit\u00e4miseksi. Tarkista tiivisteiden kunto s\u00e4\u00e4nn\u00f6llisesti ja vaihda ne, kun kulumisen merkkej\u00e4 on havaittavissa.<\/li>\n<\/ul>\n<h2>Asennusohjeet<\/h2>\n<p>Puomin sylinterin oikea asennus on ratkaisevan t\u00e4rke\u00e4\u00e4 optimaalisen suorituskyvyn saavuttamiseksi. Varmista, ett\u00e4 sylinteri on kohdistettu oikein hydrauliliit\u00e4nt\u00f6ihin, jotta v\u00e4ltet\u00e4\u00e4n tarpeeton rasitus. On suositeltavaa k\u00e4ytt\u00e4\u00e4 sopivia kiinnityskorvakkeita sylinterin kiinnitt\u00e4miseksi paikalleen.<\/p>\n<p>Noudata n\u00e4it\u00e4 ohjeita asennuksen onnistumiseksi:<\/p>\n<ol>\n<li>Kohdista sylinteri kiinnityspisteisiin ja varmista, ett\u00e4 kaikki osat ovat puhtaat.<\/li>\n<li>Kiinnit\u00e4 sylinteri pulteilla ja muttereilla varmistaen, ett\u00e4 ne on kiristetty valmistajan ohjeiden mukaisesti.<\/li>\n<li>Liit\u00e4 hydrauliikkaletkut varmistaen, ett\u00e4 ne ovat taitoksettomat ja kunnolla kiinni.<\/li>\n<li>T\u00e4yt\u00e4 hydraulij\u00e4rjestelm\u00e4 suositellulla \u00f6ljyll\u00e4 ja ilmaa j\u00e4rjestelm\u00e4.<\/li>\n<li>Testaa j\u00e4rjestelm\u00e4 varmistaaksesi, ett\u00e4 sylinteri toimii sujuvasti ilman vuotoja.<\/li>\n<\/ol>\n<h2>Yleiset huoltoteht\u00e4v\u00e4t<\/h2>\n<ul>\n<li><strong>S\u00e4\u00e4nn\u00f6lliset tarkastukset:<\/strong> Varmista, ett\u00e4 kaikki hydraulij\u00e4rjestelm\u00e4n osat tarkastetaan usein kulumisen tai vaurioiden varalta. Varhainen havaitseminen auttaa ehk\u00e4isem\u00e4\u00e4n suurempia ongelmia.<\/li>\n<li><strong>Oikea voitelu:<\/strong> Tarkista ja pid\u00e4 hydrauliikka\u00f6ljyn taso s\u00e4\u00e4nn\u00f6llisesti tasaisena varmistaaksesi sujuvan toiminnan. Voitelu on v\u00e4ltt\u00e4m\u00e4t\u00f6nt\u00e4 sis\u00e4isten osien kulumisen v\u00e4hent\u00e4miseksi.<\/li>\n<li><strong>Tiivisteen vaihto:<\/strong> Vaihda kuluneet tai vaurioituneet tiivisteet ennakoivasti hydraulisen tehokkuuden yll\u00e4pit\u00e4miseksi. S\u00e4\u00e4nn\u00f6lliset tarkastukset voivat auttaa tunnistamaan tiivisteet, jotka on vaihdettava, ennen kuin ne johtavat merkitt\u00e4viin ongelmiin.<\/li>\n<\/ul>\n<p>Oikea asennus, voitelu ja s\u00e4\u00e4t\u00f6 ovat elint\u00e4rkeit\u00e4 puomin sylinterin k\u00e4ytt\u00f6i\u00e4n pident\u00e4miseksi ja optimaalisen suorituskyvyn varmistamiseksi.<\/p>\n<p><img decoding=\"async\" src=\"https:\/\/www.hydraulic-cylinders.net\/wp-content\/uploads\/2025\/04\/songte-chushion-collar.webp\" alt=\"Tyynykaulus\" \/><\/p>\n<h2>Turvallisuusn\u00e4k\u00f6kohdat ja ymp\u00e4rist\u00f6tekij\u00e4t<\/h2>\n<p>Hydraulij\u00e4rjestelmien turvallinen k\u00e4ytt\u00f6 on ensiarvoisen t\u00e4rke\u00e4\u00e4. K\u00e4ytt\u00e4j\u00e4t tulee kouluttaa ymm\u00e4rt\u00e4m\u00e4\u00e4n hydraulisiin laitteisiin liittyv\u00e4t riskit. Asianmukainen k\u00e4sittely ja turvallisuusprotokollien noudattaminen auttavat lievent\u00e4m\u00e4\u00e4n riskej\u00e4 ja varmistamaan turvallisen ty\u00f6ymp\u00e4rist\u00f6n.<\/p>\n<h2>Vianm\u00e4\u00e4ritys ja yleiset ongelmat<\/h2>\n<ul>\n<li><strong>Vuoto:<\/strong> Jos vuotoja havaitaan, tarkista tiivisteet ja liitokset. Kuluneet tiivisteet saattavat vaatia vaihtoa tai liitokset kirist\u00e4mist\u00e4.<\/li>\n<li><strong>Hidas toiminta:<\/strong> T\u00e4m\u00e4 voi viitata alhaiseen hydrauliikka\u00f6ljyn tasoon tai j\u00e4rjestelm\u00e4n ilmaamisen tarpeeseen. Tarkista nestetasot ja varmista, ettei j\u00e4rjestelm\u00e4ss\u00e4 ole ilmalukkoja.<\/li>\n<li><strong>Ep\u00e4tavalliset \u00e4\u00e4net:<\/strong> Hankaavat tai sihisev\u00e4t \u00e4\u00e4net voivat viitata sis\u00e4isiin vaurioihin tai alhaisiin nestetasoihin. Tarkasta j\u00e4rjestelm\u00e4 huolellisesti.<\/li>\n<\/ul>\n<p>Ongelmien nopea korjaaminen voi est\u00e4\u00e4 suurempia mekaanisia vikoja ja varmistaa laitteiden pitk\u00e4ik\u00e4isyyden.<\/p>\n<p><img decoding=\"async\" src=\"https:\/\/www.hydraulic-cylinders.net\/wp-content\/uploads\/2025\/04\/songte-bushings-with-all-kinds-of-excavator-models.webp\" alt=\"Kaivinkonemallien holkit\" \/><\/p>\n<h2>Yrityksen yleiskatsaus<\/h2>\n<p>Olemme johtava hydraulisylintereiden valmistaja ja tukkumyyj\u00e4, joka tarjoaa kattavan valikoiman tuotteita erilaisiin k\u00e4ytt\u00f6tarkoituksiin. Sitoutumisemme huippuosaamiseen n\u00e4kyy tarkkoina valmistusk\u00e4yt\u00e4nt\u00f6in\u00e4mme ja tiukkojen laatustandardien noudattamisessa. Keskittym\u00e4ll\u00e4 vahvasti innovaatioihin hy\u00f6dynn\u00e4mme edistynytt\u00e4 teknologiaa ja ammattitaitoista henkil\u00f6st\u00f6\u00e4 tuotantokapasiteettimme parantamiseksi.<\/p>\n<p>Tarjontamme sis\u00e4lt\u00e4\u00e4 r\u00e4\u00e4t\u00e4l\u00f6ityj\u00e4 ratkaisuja, jotka on r\u00e4\u00e4t\u00e4l\u00f6ity vastaamaan asiakkaiden erityistarpeita. Kansainv\u00e4liset sertifikaatit vahvistavat sitoutumisemme laatuun. Olemme ylpeit\u00e4 tehokkaista tuotantoprosesseistamme ja vankasta j\u00e4lkimarkkinointituesta, jotka varmistavat asiakastyytyv\u00e4isyyden jokaisessa vaiheessa.<\/p>\n<p><img decoding=\"async\" src=\"https:\/\/www.hydraulic-cylinders.net\/wp-content\/uploads\/2025\/04\/songte-company-4.webp\" alt=\"Yrityskuva 1\" \/><br \/>\n<img decoding=\"async\" src=\"https:\/\/www.hydraulic-cylinders.net\/wp-content\/uploads\/2025\/04\/songte-company-3.webp\" alt=\"Yrityskuva 2\" \/><\/p>\n<p>Kirjoittaja: lyl<\/p>","protected":false},"excerpt":{"rendered":"<p>Boom Cylinder For Yanmar VI030-6B Product Overview The Boom Cylinder for Yanmar VI030-6B is a vital component designed specifically for heavy machinery, particularly excavators and backhoes. This hydraulic cylinder plays a crucial role in controlling the movement of the bucket, allowing it to lift, lower, and tilt with precision. These functions are essential for efficient [&hellip;]<\/p>","protected":false},"featured_media":17878,"comment_status":"open","ping_status":"closed","template":"","meta":{"_et_pb_use_builder":"","_et_pb_old_content":"","_et_gb_content_width":""},"product_brand":[],"product_cat":[1546],"product_tag":[1547,1496],"class_list":{"0":"post-19555","1":"product","2":"type-product","3":"status-publish","4":"has-post-thumbnail","6":"product_cat-boom-cylinders","7":"product_tag-boom-cylinders","8":"product_tag-hydraulic-cylinders","10":"first","11":"instock","12":"shipping-taxable","13":"product-type-simple"},"amp_enabled":true,"_links":{"self":[{"href":"https:\/\/www.hydraulic-cylinders.net\/fi\/wp-json\/wp\/v2\/product\/19555","targetHints":{"allow":["GET"]}}],"collection":[{"href":"https:\/\/www.hydraulic-cylinders.net\/fi\/wp-json\/wp\/v2\/product"}],"about":[{"href":"https:\/\/www.hydraulic-cylinders.net\/fi\/wp-json\/wp\/v2\/types\/product"}],"replies":[{"embeddable":true,"href":"https:\/\/www.hydraulic-cylinders.net\/fi\/wp-json\/wp\/v2\/comments?post=19555"}],"wp:featuredmedia":[{"embeddable":true,"href":"https:\/\/www.hydraulic-cylinders.net\/fi\/wp-json\/wp\/v2\/media\/17878"}],"wp:attachment":[{"href":"https:\/\/www.hydraulic-cylinders.net\/fi\/wp-json\/wp\/v2\/media?parent=19555"}],"wp:term":[{"taxonomy":"product_brand","embeddable":true,"href":"https:\/\/www.hydraulic-cylinders.net\/fi\/wp-json\/wp\/v2\/product_brand?post=19555"},{"taxonomy":"product_cat","embeddable":true,"href":"https:\/\/www.hydraulic-cylinders.net\/fi\/wp-json\/wp\/v2\/product_cat?post=19555"},{"taxonomy":"product_tag","embeddable":true,"href":"https:\/\/www.hydraulic-cylinders.net\/fi\/wp-json\/wp\/v2\/product_tag?post=19555"}],"curies":[{"name":"wp","href":"https:\/\/api.w.org\/{rel}","templated":true}]}}