{"id":19557,"date":"2025-04-07T06:54:20","date_gmt":"2025-04-07T06:54:20","guid":{"rendered":"https:\/\/www.hydraulic-cylinders.net\/product\/boom-cylinder-for-yanmar-vi55-5b\/"},"modified":"2025-04-07T06:54:23","modified_gmt":"2025-04-07T06:54:23","slug":"boom-cylinder-for-yanmar-vi55-5b","status":"publish","type":"product","link":"https:\/\/www.hydraulic-cylinders.net\/fi\/tuote\/boom-cylinder-for-yanmar-vi55-5b\/","title":{"rendered":"Puomin sylinteri Yanmar VI55-5B:lle"},"content":{"rendered":"<h1>Puomin sylinteri Yanmar VI55-5B:lle<\/h1>\n<h2>Puomin sylinterin ymm\u00e4rt\u00e4minen<\/h2>\n<p>Puomisylinteri on hydraulinen sylinterityyppi, joka on erityisesti suunniteltu ohjaamaan kauhojen liikett\u00e4 erilaisissa raskaissa koneissa, kuten kaivinkoneissa, kaivurikuormaajissa ja etukuormaajissa. Sill\u00e4 on ratkaiseva rooli kauhan nostamisessa, laskemisessa ja kallistuksessa, mik\u00e4 on olennaista materiaalink\u00e4sittelyteht\u00e4viss\u00e4. Hydraulisen paineen avulla puomisylinteri mahdollistaa k\u00e4ytt\u00e4jien suorittaa tarkkoja liikkeit\u00e4, joita tarvitaan tehokkaisiin kaivu-, lastaus- ja kuljetustoimintoihin.<\/p>\n<p>Hydraulisena toimilaitteena puomin sylinteri muuntaa hydraulisen energian mekaaniseksi voimaksi, jolloin kauha voi suorittaa monimutkaisia \u200b\u200bliikkeit\u00e4. T\u00e4m\u00e4 toiminnallisuus on elint\u00e4rke\u00e4\u00e4 rakennusalalla, maataloudessa ja muilla teollisuudenaloilla, jotka vaativat raskaita nostoja ja materiaalien k\u00e4sittely\u00e4. Puomin sylinterien kest\u00e4v\u00e4 rakenne ja luotettava toiminta varmistavat, ett\u00e4 ne kest\u00e4v\u00e4t raskaiden koneiden vaativat ymp\u00e4rist\u00f6t, mik\u00e4 tekee niist\u00e4 v\u00e4ltt\u00e4m\u00e4tt\u00f6mi\u00e4 tehokkaan projektien toteutuksen kannalta.<\/p>\n<p><img decoding=\"async\" src=\"https:\/\/www.hydraulic-cylinders.net\/wp-content\/uploads\/2025\/04\/songte-company-1.webp\" alt=\"Kaivinkoneiden puomin sylinteri\"><\/p>\n<h2>Puomin sylinterin t\u00e4rkeimm\u00e4t ominaisuudet<\/h2>\n<ul>\n<li><strong>Korkea lujuus ja kest\u00e4vyys:<\/strong> Tyypillisesti eritt\u00e4in lujasta ter\u00e4ksest\u00e4 tai alumiinista valmistetut sylinterit kest\u00e4v\u00e4t korkeaa painetta ja raskaita kuormia, joten ne sopivat vaativiin ty\u00f6ymp\u00e4rist\u00f6ihin.<\/li>\n<li><strong>Tehokas hydraulinen k\u00e4ytt\u00f6:<\/strong> Hydraulisen nesteen painetta hy\u00f6dynt\u00e4v\u00e4 sylinteri mahdollistaa sujuvan ojennuksen ja sis\u00e4\u00e4nvedon, mik\u00e4 vastaa nopeasti ohjauskomentoihin ja tuottaa merkitt\u00e4v\u00e4\u00e4 ty\u00f6nt\u00f6- ja vetovoimaa.<\/li>\n<li><strong>Erilaisia \u200b\u200btyyppej\u00e4:<\/strong> Saatavilla yksitoimisina (hydraulinen voima yhteen suuntaan) tai kaksitoimisina (hydraulinen voima molempiin suuntiin) malleina erilaisiin k\u00e4ytt\u00f6tarpeisiin, ja tietyiss\u00e4 malleissa on teleskooppiominaisuudet pidennetty\u00e4 ulottuvuutta varten.<\/li>\n<li><strong>Huoltoyst\u00e4v\u00e4llinen muotoilu:<\/strong> Suunniteltu helppoa huoltoa, nopeita korjauksia ja tuotteen k\u00e4ytt\u00f6i\u00e4n pident\u00e4mist\u00e4 silm\u00e4ll\u00e4 pit\u00e4en.<\/li>\n<li><strong>Korroosionkest\u00e4vyys:<\/strong> Monet mallit on suunniteltu kest\u00e4m\u00e4\u00e4n korroosiota ja kulumista, mik\u00e4 varmistaa pitk\u00e4n k\u00e4ytt\u00f6i\u00e4n my\u00f6s vaikeissa olosuhteissa.<\/li>\n<\/ul>\n<h2>Tuotantokapasiteetit<\/h2>\n<p>Valmistamme t\u00e4m\u00e4n tuotteen tarkasti, mik\u00e4 varmistaa, ett\u00e4 hydraulisylinterimme korvaavat t\u00e4ydellisesti olemassa olevat mallit. Hydraulisylinterien valmistuksen asiantuntemuksemme takaa, ett\u00e4 saat korkealaatuisia komponentteja, jotka t\u00e4ytt\u00e4v\u00e4t tiukat suorituskykystandardit.<\/p>\n<p><img decoding=\"async\" src=\"https:\/\/www.hydraulic-cylinders.net\/wp-content\/uploads\/2025\/04\/songte-cylinder-head-with-all-kinds-excavator-models.webp\" alt=\"Hydraulinen sylinteri kaivinkoneille\"><\/p>\n<h2>Puomisylinterin sovellukset<\/h2>\n<h3>Rakennuslaitteet<\/h3>\n<p>Kaivinkoneissa puomisylinterit ovat ratkaisevan t\u00e4rkeit\u00e4 kaivu- ja lastausteht\u00e4viss\u00e4. Ne tarjoavat tarvittavan voiman, jotta kauha tunkeutuu maahan tai siirt\u00e4\u00e4 roskia tehokkaasti. Puomisylinterin mahdollistama tarkka ohjaus antaa kuljettajille mahdollisuuden suorittaa yksityiskohtaisia \u200b\u200bt\u00f6it\u00e4, kuten ojitusta tai tasoitusta, mik\u00e4 on olennaista rakennusprojekteissa.<\/p>\n<h3>Maatalouskoneet<\/h3>\n<p>Etukuormaajissa puomisylintereit\u00e4 k\u00e4ytet\u00e4\u00e4n materiaalien, kuten mullan, hein\u00e4n ja muiden hy\u00f6dykkeiden, kauhaamiseen, nostamiseen ja kuljettamiseen. Niiden kyky k\u00e4sitell\u00e4 raskaita kuormia minimaalisella vaivalla tekee niist\u00e4 elint\u00e4rkeit\u00e4 maataloustoiminnassa, jossa tehokkuus ja tuottavuus ovat ensiarvoisen t\u00e4rkeit\u00e4.<\/p>\n<h3>Kaivinkoneet<\/h3>\n<p>Kaivinkoneissa puomin sylinteri helpottaa kaivua antamalla kauhan tunkeutua maahan. T\u00e4m\u00e4 toiminto on ratkaisevan t\u00e4rke\u00e4 erilaisissa maisemointi- ja rakennust\u00f6iss\u00e4, sill\u00e4 se varmistaa, ett\u00e4 laitteet toimivat tehokkaasti erilaisissa maastoissa.<\/p>\n<h3>Kuormaajat<\/h3>\n<p>Etukuormaajissa puomisylinterit auttavat kuormien nopeassa ja tehokkaassa nostamisessa ja tyhjent\u00e4misess\u00e4. T\u00e4m\u00e4 ominaisuus on merkitt\u00e4v\u00e4 materiaalink\u00e4sittelyteht\u00e4viss\u00e4, joissa oikea-aikainen ja tehokas toiminta on ratkaisevan t\u00e4rke\u00e4\u00e4 projektin onnistumisen kannalta.<\/p>\n<h2>Suunnittelun\u00e4k\u00f6kohdat<\/h2>\n<h3>Kantavuus<\/h3>\n<p>Puomisylinteri\u00e4 suunniteltaessa kuormituskapasiteetti on ensisijainen huolenaihe. Sylinterin on kyett\u00e4v\u00e4 tukemaan k\u00e4yt\u00f6n aikana kohtaamaansa enimm\u00e4ispainoa taipumatta tai rikkoutumatta. T\u00e4m\u00e4 edellytt\u00e4\u00e4 huolellista materiaalivalintaa ja rakenteellista eheysanalyysi\u00e4 turvallisuuden ja luotettavuuden varmistamiseksi.<\/p>\n<h3>Tiivistyskyky<\/h3>\n<p>Tehokas tiivistys on v\u00e4ltt\u00e4m\u00e4t\u00f6nt\u00e4 hydraulinesteen vuotamisen est\u00e4miseksi ja paineen yll\u00e4pit\u00e4miseksi j\u00e4rjestelm\u00e4ss\u00e4. Korkealaatuiset tiivisteet ovat v\u00e4ltt\u00e4m\u00e4tt\u00f6mi\u00e4 kest\u00e4vyyden ja pitk\u00e4ik\u00e4isyyden varmistamiseksi, mik\u00e4 v\u00e4hent\u00e4\u00e4 tarvetta usein tapahtuville vaihdoille ja korjauksille.<\/p>\n<h3>Kest\u00e4vyys<\/h3>\n<p>Kest\u00e4vyys on keskeinen suunnittelutekij\u00e4, koska puomisylinterit toimivat vaativissa olosuhteissa. Materiaalit on valittava kest\u00e4m\u00e4\u00e4n kulumista, iskuja ja altistumista ankarille ymp\u00e4rist\u00f6ille varmistaen, ett\u00e4 tuote kest\u00e4\u00e4 koko elinkaarensa ajan suorituskyky\u00e4 vaarantamatta.<\/p>\n<h3>Turvaominaisuudet<\/h3>\n<p>Turvaominaisuuksien sis\u00e4llytt\u00e4minen suunnitteluun on elint\u00e4rke\u00e4\u00e4 onnettomuuksien ja vammojen ehk\u00e4isemiseksi k\u00e4yt\u00f6n aikana. Varoventtiilit ja ylikuormitussuojamekanismit voivat auttaa suojaamaan sek\u00e4 koneita ett\u00e4 k\u00e4ytt\u00e4ji\u00e4.<\/p>\n<h3>Huolto Esteett\u00f6myys<\/h3>\n<p>Puomisylinterien suunnittelu helpomman huollon takaamiseksi voi pident\u00e4\u00e4 niiden k\u00e4ytt\u00f6ik\u00e4\u00e4 merkitt\u00e4v\u00e4sti. Helppok\u00e4ytt\u00f6iset rasvanipat ja yksinkertaistetut purkamisprosessit voivat helpottaa s\u00e4\u00e4nn\u00f6llisi\u00e4 huoltotarkastuksia ja korjauksia, mik\u00e4 minimoi seisokkiajat.<\/p>\n<p><img decoding=\"async\" src=\"https:\/\/www.hydraulic-cylinders.net\/wp-content\/uploads\/2025\/04\/songte-oil-pipes-and-spare-parts.webp\" alt=\"Hydraulisylinterin varaosat\"><\/p>\n<h2>Tiivistys ja voitelu<\/h2>\n<p>Asianmukainen tiivistys ja voitelu ovat elint\u00e4rkeit\u00e4 puomin sylinterin tehokkaalle toiminnalle. Paineen yll\u00e4pit\u00e4miseksi ja vuotojen est\u00e4miseksi k\u00e4ytet\u00e4\u00e4n erilaisia \u200b\u200btiivisteit\u00e4, kuten m\u00e4nn\u00e4n tiivisteit\u00e4 ja varren tiivisteit\u00e4. Kulutusta kest\u00e4vist\u00e4 materiaaleista, kuten polyuretaanista ja nitriilikumista, valmistetut tiivisteet ovat edullisia niiden kest\u00e4vyyden ja tehokkuuden vuoksi ankarissa olosuhteissa.<\/p>\n<p>Sylinterin runko ja kierteitetyt p\u00e4\u00e4t on huolellisesti k\u00e4sitelty kulutuskest\u00e4vyyden parantamiseksi ja optimaalisen suorituskyvyn varmistamiseksi ajan mittaan. S\u00e4\u00e4nn\u00f6llinen voitelu hydrauliikka\u00f6ljyll\u00e4 on v\u00e4ltt\u00e4m\u00e4t\u00f6nt\u00e4 liikkuvien osien kitkan ja kulumisen minimoimiseksi, mik\u00e4 pident\u00e4\u00e4 sylinterin k\u00e4ytt\u00f6ik\u00e4\u00e4.<\/p>\n<h2>S\u00e4\u00e4nn\u00f6llinen tarkastus ja ennaltaehk\u00e4isev\u00e4 huolto<\/h2>\n<ul>\n<li><strong>S\u00e4\u00e4nn\u00f6llinen tarkastus:<\/strong> S\u00e4\u00e4nn\u00f6lliset tarkastukset auttavat tunnistamaan mahdolliset ongelmat ennen kuin ne pahenevat. K\u00e4ytt\u00e4j\u00e4n tulee tarkistaa vuodot, kuluminen ja mahdolliset vaurioiden merkit.<\/li>\n<li><strong>Oikea voitelu:<\/strong> Sylinterin riitt\u00e4v\u00e4 voitelu est\u00e4\u00e4 liiallista kulumista ja yll\u00e4pit\u00e4\u00e4 sujuvaa toimintaa. K\u00e4ytt\u00e4jien tulee laatia voiteluaikataulu k\u00e4yt\u00f6n perusteella.<\/li>\n<li><strong>Tiivisteen vaihto:<\/strong> Tiivisteiden s\u00e4\u00e4nn\u00f6llinen tarkistaminen ja tarvittaessa vaihtaminen on elint\u00e4rke\u00e4\u00e4 hydraulipaineen yll\u00e4pit\u00e4miseksi ja nesteh\u00e4vi\u00f6iden est\u00e4miseksi.<\/li>\n<\/ul>\n<h2>Asennusohjeet<\/h2>\n<p>Puomisylinterin asentaminen vaatii tarkkuutta tehokkaan toiminnan varmistamiseksi. Aloita varmistamalla, ett\u00e4 sylinteri on kohdistettu oikein kiinnityspisteisiin. Oikeiden kiinnikkeiden k\u00e4ytt\u00f6 auttaa kiinnitt\u00e4m\u00e4\u00e4n sylinterin ja est\u00e4m\u00e4\u00e4n virhekohdistuksen k\u00e4yt\u00f6n aikana.<\/p>\n<p>On eritt\u00e4in t\u00e4rke\u00e4\u00e4 noudattaa valmistajan ohjeita v\u00e4\u00e4nt\u00f6momenttien ja kohdistuskulmien suhteen. Asennuksen j\u00e4lkeen testaa hydraulij\u00e4rjestelm\u00e4 vuotojen ja oikean toiminnan varalta ennen laitteen t\u00e4ydellist\u00e4 k\u00e4ytt\u00f6\u00f6nottoa. Asennusmenettelyjen s\u00e4\u00e4nn\u00f6llinen tarkistaminen varmistaa, ett\u00e4 kaikki komponentit ovat tukevasti kiinni ja toimivat tarkoitetulla tavalla.<\/p>\n<h2>Yleiset huoltoteht\u00e4v\u00e4t<\/h2>\n<ul>\n<li><strong>S\u00e4\u00e4nn\u00f6lliset tarkastukset:<\/strong> Tee s\u00e4\u00e4nn\u00f6llisi\u00e4 tarkastuksia kulumisen ja vaurioiden merkkien tunnistamiseksi. T\u00e4m\u00e4 ennakoiva l\u00e4hestymistapa auttaa lievent\u00e4m\u00e4\u00e4n mahdollisia ongelmia ennen kuin niist\u00e4 tulee vakavia.<\/li>\n<li><strong>Asianmukainen voitelu:<\/strong> Voitelu on v\u00e4ltt\u00e4m\u00e4t\u00f6nt\u00e4 liikkuvien osien eheyden yll\u00e4pit\u00e4miseksi. K\u00e4yt\u00e4 suositeltua hydrauliikka\u00f6ljy\u00e4 ja noudata suositeltuja voiteluv\u00e4lej\u00e4.<\/li>\n<li><strong>Tiivisteen vaihto:<\/strong> Tarkista tiivisteiden kuluminen s\u00e4\u00e4nn\u00f6llisesti ja vaihda ne tarvittaessa vuotojen est\u00e4miseksi ja j\u00e4rjestelm\u00e4n paineen yll\u00e4pit\u00e4miseksi.<\/li>\n<\/ul>\n<h2>Turvallisuusn\u00e4k\u00f6kohdat ja ymp\u00e4rist\u00f6tekij\u00e4t<\/h2>\n<p>Hydraulisylinterien kanssa ty\u00f6skennelt\u00e4ess\u00e4 turvatoimenpiteet ovat ensiarvoisen t\u00e4rkeit\u00e4. K\u00e4ytt\u00e4jien tulee k\u00e4ytt\u00e4\u00e4 asianmukaisia \u200b\u200bhenkil\u00f6nsuojaimia ja heid\u00e4t on koulutettava turvallisiin k\u00e4sittelymenetelmiin onnettomuusriskin minimoimiseksi. Lis\u00e4ksi hydraulinesteiden asianmukainen h\u00e4vitt\u00e4minen ja ymp\u00e4rist\u00f6m\u00e4\u00e4r\u00e4ysten noudattaminen ovat ratkaisevan t\u00e4rkeit\u00e4 ekologisten vaikutusten minimoimiseksi.<\/p>\n<h2>Vianm\u00e4\u00e4ritys ja yleiset ongelmat<\/h2>\n<ul>\n<li><strong>Vuoto:<\/strong> Tunnista vuotojen l\u00e4hde, joka johtuu usein kuluneista tiivisteist\u00e4 tai vaurioituneista osista. Korjaa tai vaihda vaurioituneet osat viipym\u00e4tt\u00e4.<\/li>\n<li><strong>Huono suorituskyky:<\/strong> Jos sylinteri ei toimi tasaisesti, tarkista hydrauliikkaj\u00e4rjestelm\u00e4n tukokset tai alhaiset nestetasot.<\/li>\n<li><strong>Ylikuumeneminen:<\/strong> Liiallinen kuumuus voi viitata liikak\u00e4ytt\u00f6\u00f6n tai riitt\u00e4m\u00e4tt\u00f6m\u00e4\u00e4n voiteluun. Seuraa nestetasoja ja varmista, ett\u00e4 asianmukaiset j\u00e4\u00e4hdytystoimenpiteet ovat k\u00e4yt\u00f6ss\u00e4.<\/li>\n<\/ul>\n<h2>Diagnoosivinkkej\u00e4 ja ennaltaehk\u00e4isevi\u00e4 toimenpiteit\u00e4<\/h2>\n<p>Ongelmien tehokkaaksi diagnosoimiseksi k\u00e4ytt\u00e4jien tulisi tutustua puomin sylinterin toimintaan ja seurata sen suorituskyky\u00e4 s\u00e4\u00e4nn\u00f6llisesti. Huoltoloki auttaa seuraamaan mahdollisia ongelmia ja niiden ratkaisuja. Ennaltaehk\u00e4isev\u00e4t toimenpiteet, kuten s\u00e4\u00e4nn\u00f6lliset tarkastukset ja oikea-aikaiset korjaukset, voivat merkitt\u00e4v\u00e4sti v\u00e4hent\u00e4\u00e4 mahdollisia ongelmia, varmistaa laitteen sujuvan toiminnan ja pitk\u00e4n k\u00e4ytt\u00f6i\u00e4n.<\/p>\n<p><img decoding=\"async\" src=\"https:\/\/www.hydraulic-cylinders.net\/wp-content\/uploads\/2025\/04\/songte-bushings-with-all-kinds-of-excavator-models.webp\" alt=\"Puomin sylinterin holkit\"><\/p>\n<h2>Tietoa yrityksest\u00e4mme<\/h2>\n<p>Olemme johtava hydraulisten sylinterien vaihto-osien valmistaja, joka tarjoaa kattavan valikoiman tuotteita kotimaisille ja kansainv\u00e4lisille markkinoille. Sitoutumisemme huippuosaamiseen perustuu hienostuneeseen valmistusstrategiaan, joka hy\u00f6dynt\u00e4\u00e4 ammattitaitoista teknist\u00e4 henkil\u00f6st\u00f6\u00e4, edistyneit\u00e4 digitaalisia valmistuslaitteita ja tiukkoja testausj\u00e4rjestelmi\u00e4. T\u00e4m\u00e4 varmistaa, ett\u00e4 tuotantoprosessimme t\u00e4ytt\u00e4v\u00e4t korkeat laatustandardit ja asiakkaiden tarpeet.<\/p>\n<p>Keskittym\u00e4ll\u00e4 ammattitaitoon, kansainv\u00e4lisiin sertifiointeihin ja r\u00e4\u00e4t\u00e4l\u00f6ityihin ratkaisuihin, tuotantokapasiteettimme on suunniteltu vastaamaan erilaisiin asiakasvaatimuksiin. Omistautumisemme j\u00e4lkimarkkinointipalvelulle parantaa entisest\u00e4\u00e4n asiakastyytyv\u00e4isyytt\u00e4 ja varmistaa tuen koko tuotteen elinkaaren ajan.<\/p>\n<p><img decoding=\"async\" src=\"https:\/\/www.hydraulic-cylinders.net\/wp-content\/uploads\/2025\/04\/songte-company-4.webp\" alt=\"Yrityksen yleiskatsaus\"><br \/>\n<img decoding=\"async\" src=\"https:\/\/www.hydraulic-cylinders.net\/wp-content\/uploads\/2025\/04\/songte-company-3.webp\" alt=\"Yritysvalmistus\"><\/p>\n<p>Kirjoittaja: lyl<\/p>","protected":false},"excerpt":{"rendered":"<p>Boom Cylinder For Yanmar VI55-5B Understanding the Boom Cylinder A boom cylinder is a type of hydraulic cylinder specifically designed to control the movement of buckets in various heavy machinery, such as excavators, backhoe loaders, and front loaders. It plays a critical role in facilitating the lifting, lowering, and tilting of the bucket, which is [&hellip;]<\/p>","protected":false},"featured_media":17880,"comment_status":"open","ping_status":"closed","template":"","meta":{"_et_pb_use_builder":"","_et_pb_old_content":"","_et_gb_content_width":""},"product_brand":[],"product_cat":[1546],"product_tag":[1547,1496],"class_list":{"0":"post-19557","1":"product","2":"type-product","3":"status-publish","4":"has-post-thumbnail","6":"product_cat-boom-cylinders","7":"product_tag-boom-cylinders","8":"product_tag-hydraulic-cylinders","10":"first","11":"instock","12":"shipping-taxable","13":"product-type-simple"},"amp_enabled":true,"_links":{"self":[{"href":"https:\/\/www.hydraulic-cylinders.net\/fi\/wp-json\/wp\/v2\/product\/19557","targetHints":{"allow":["GET"]}}],"collection":[{"href":"https:\/\/www.hydraulic-cylinders.net\/fi\/wp-json\/wp\/v2\/product"}],"about":[{"href":"https:\/\/www.hydraulic-cylinders.net\/fi\/wp-json\/wp\/v2\/types\/product"}],"replies":[{"embeddable":true,"href":"https:\/\/www.hydraulic-cylinders.net\/fi\/wp-json\/wp\/v2\/comments?post=19557"}],"wp:featuredmedia":[{"embeddable":true,"href":"https:\/\/www.hydraulic-cylinders.net\/fi\/wp-json\/wp\/v2\/media\/17880"}],"wp:attachment":[{"href":"https:\/\/www.hydraulic-cylinders.net\/fi\/wp-json\/wp\/v2\/media?parent=19557"}],"wp:term":[{"taxonomy":"product_brand","embeddable":true,"href":"https:\/\/www.hydraulic-cylinders.net\/fi\/wp-json\/wp\/v2\/product_brand?post=19557"},{"taxonomy":"product_cat","embeddable":true,"href":"https:\/\/www.hydraulic-cylinders.net\/fi\/wp-json\/wp\/v2\/product_cat?post=19557"},{"taxonomy":"product_tag","embeddable":true,"href":"https:\/\/www.hydraulic-cylinders.net\/fi\/wp-json\/wp\/v2\/product_tag?post=19557"}],"curies":[{"name":"wp","href":"https:\/\/api.w.org\/{rel}","templated":true}]}}