{"id":19558,"date":"2025-04-07T06:54:23","date_gmt":"2025-04-07T06:54:23","guid":{"rendered":"https:\/\/www.hydraulic-cylinders.net\/product\/boom-cylinder-for-yanmar-sv025-6\/"},"modified":"2025-04-07T06:54:25","modified_gmt":"2025-04-07T06:54:25","slug":"boom-cylinder-for-yanmar-sv025-6","status":"publish","type":"product","link":"https:\/\/www.hydraulic-cylinders.net\/fi\/tuote\/boom-cylinder-for-yanmar-sv025-6\/","title":{"rendered":"Puomin sylinteri Yanmar SV025-6:lle"},"content":{"rendered":"<h1>Puomin sylinteri Yanmar SV025-6:lle<\/h1>\n<h2>Puomin sylinterin ymm\u00e4rt\u00e4minen<\/h2>\n<p>Puomin sylinteri on olennainen hydraulinen komponentti, joka on erityisesti suunniteltu ohjaamaan kauhojen liikkeit\u00e4 raskaissa koneissa, kuten kaivinkoneissa, kaivurikuormaajissa ja etukuormaajissa. T\u00e4m\u00e4 hydraulinen sylinteri mahdollistaa nosto-, lasku- ja kallistusliikkeet, mik\u00e4 helpottaa materiaalink\u00e4sittelyteht\u00e4vi\u00e4 tehokkaasti.<\/p>\n<p>Puomisylinterit on suunniteltu kest\u00e4m\u00e4\u00e4n rakennus- ja kaivuty\u00f6maiden vaativia olosuhteita, ja niill\u00e4 on ratkaiseva rooli hydraulij\u00e4rjestelmiss\u00e4. Niiden ensisijainen teht\u00e4v\u00e4 on muuntaa hydraulinen paine mekaaniseksi voimaksi, mik\u00e4 mahdollistaa k\u00e4ytt\u00e4jien laitteiden tarkan k\u00e4sittelyn. K\u00e4ytt\u00e4m\u00e4ll\u00e4 hydrauli\u00f6ljy\u00e4 v\u00e4liaineena n\u00e4m\u00e4 sylinterit saavuttavat tasaiset ja hallitut liikkeet, mik\u00e4 tekee niist\u00e4 v\u00e4ltt\u00e4m\u00e4tt\u00f6mi\u00e4 raskaita kuormia k\u00e4sitteleville k\u00e4ytt\u00e4jille.<\/p>\n<p><img decoding=\"async\" src=\"https:\/\/www.hydraulic-cylinders.net\/wp-content\/uploads\/2025\/04\/songte-company-1.webp\" alt=\"Puomin sylinteri\" \/><\/p>\n<h2>Puomin sylinterin t\u00e4rkeimm\u00e4t ominaisuudet<\/h2>\n<ul>\n<li><strong>Korkea lujuus ja kest\u00e4vyys:<\/strong> N\u00e4m\u00e4 sylinterit on tyypillisesti valmistettu lujasta ter\u00e4ksest\u00e4 tai alumiinista, ja ne kest\u00e4v\u00e4t korkeaa painetta ja raskaita kuormia, joten ne sopivat hyvin vaativiin ty\u00f6ymp\u00e4rist\u00f6ihin. Niiden suunnittelussa korostetaan kulutuskest\u00e4vyytt\u00e4 ja korroosionkest\u00e4vyytt\u00e4, mik\u00e4 pident\u00e4\u00e4 niiden k\u00e4ytt\u00f6ik\u00e4\u00e4.<\/li>\n<li><strong>Tehokas hydraulinen k\u00e4ytt\u00f6:<\/strong> Puomin sylinteri hy\u00f6dynt\u00e4\u00e4 hydrauli\u00f6ljyn painetta sujuvan pidennyksen ja sis\u00e4\u00e4nvedon helpottamiseksi, mik\u00e4 varmistaa nopean reagoinnin k\u00e4ytt\u00e4j\u00e4n komentoihin ja tuottaa vankat ty\u00f6nt\u00f6- ja vetovoimat raskaissa teht\u00e4viss\u00e4.<\/li>\n<li><strong>Erilaisia \u200b\u200btyyppej\u00e4:<\/strong> Puomisylinterit voidaan valita yksitoimisina (hydraulinen voima toimii yhteen suuntaan) tai kaksitoimisina (molempiin suuntiin) kokoonpanoina erilaisten k\u00e4ytt\u00f6tarpeiden mukaan. Jotkut mallit ovat teleskooppisia, mik\u00e4 mahdollistaa suuremman jatkeen ilman ulkomittojen kasvua, mik\u00e4 sopii erinomaisesti tilarajoitteisiin sovelluksiin.<\/li>\n<li><strong>Mukautettu valmistus:<\/strong> Olemme erikoistuneet valmistamaan puomisylintereit\u00e4, jotka korvaavat t\u00e4ydellisesti muita hydraulisylintereit\u00e4 varmistaen yhteensopivuuden ja optimaalisen suorituskyvyn.<\/li>\n<li><strong>Monipuoliset sovellukset:<\/strong> N\u00e4m\u00e4 sylinterit on suunniteltu erilaisille raskaille koneille, mik\u00e4 tekee niist\u00e4 v\u00e4ltt\u00e4m\u00e4tt\u00f6mi\u00e4 useille teollisuudenaloille.<\/li>\n<\/ul>\n<p><img decoding=\"async\" src=\"https:\/\/www.hydraulic-cylinders.net\/wp-content\/uploads\/2025\/04\/songte-cylinder-head-with-all-kinds-excavator-models.webp\" alt=\"Kaivinkonemallit\" \/><\/p>\n<h2>Puomisylinterin sovellukset<\/h2>\n<h3>Rakennuslaitteet<\/h3>\n<p>Kaivinkoneissa puomin sylinterit ovat ratkaisevan t\u00e4rkeit\u00e4 kaivamisessa, lastaamisessa ja maan tai roskien siirt\u00e4misess\u00e4. Ne tarjoavat tarvittavan voiman kauhan laskemiseen ja nostamiseen, jolloin kuljettajat voivat suorittaa teht\u00e4vi\u00e4 tehokkaasti. Kaivurikuormaajissa n\u00e4m\u00e4 sylinterit auttavat paitsi kaivamisessa my\u00f6s materiaalien nostamisessa, mik\u00e4 osoittaa niiden monipuolisuuden rakennusteht\u00e4viss\u00e4.<\/p>\n<h3>Maatalouskoneet<\/h3>\n<p>Etukuormaajissa puomisylintereit\u00e4 k\u00e4ytet\u00e4\u00e4n maan, hein\u00e4n ja muiden materiaalien kaivamiseen, nostamiseen ja kuljettamiseen. Niiden kest\u00e4v\u00e4 rakenne auttaa maanviljelij\u00f6it\u00e4 k\u00e4sittelem\u00e4\u00e4n raskaita kuormia, mik\u00e4 parantaa tilan tuottavuutta ja tehokkuutta. Puomisylintereiden sujuva toiminta varmistaa, ett\u00e4 kone voi suorittaa erilaisia \u200b\u200bteht\u00e4vi\u00e4 keskeytyksett\u00e4.<\/p>\n<h3>Kaivinkoneet<\/h3>\n<p>Kaivinkoneissa puomin sylinteri mahdollistaa kauhan tehokkaan tunkeutumisen maaper\u00e4\u00e4n varmistaen tehokkaan kaivamisen. T\u00e4m\u00e4 toiminto on elint\u00e4rke\u00e4 kaivuprojekteissa, joissa tarvitaan tarkkuutta ja tehoa suurten materiaalim\u00e4\u00e4rien siirt\u00e4miseen nopeasti ja turvallisesti.<\/p>\n<h3>Kuormaajat<\/h3>\n<p>Etukuormaajissa puomin sylinterit helpottavat kuormien tehokasta nostamista ja tyhjent\u00e4mist\u00e4. Niiden avulla k\u00e4ytt\u00e4j\u00e4t voivat nostaa kauhan materiaalien tyhjent\u00e4miseksi korkealle, mik\u00e4 parantaa ty\u00f6nkulkua ja v\u00e4hent\u00e4\u00e4 ty\u00f6aikaa ty\u00f6maalla.<\/p>\n<h2>Suunnittelun\u00e4k\u00f6kohdat ja valintakriteerit<\/h2>\n<h3>Kantavuus<\/h3>\n<p>Puomisylinteri\u00e4 valittaessa on t\u00e4rke\u00e4\u00e4 ymm\u00e4rt\u00e4\u00e4 kuormankesto. T\u00e4m\u00e4 viittaa sylinterin kantamaan enimm\u00e4ispainoon ja samalla yll\u00e4pit\u00e4\u00e4 toiminnallista tehokkuutta. Kuormakapasiteetti m\u00e4\u00e4r\u00e4ytyy tekij\u00f6iden, kuten sylinterin koon, materiaalin lujuuden ja hydraulisten paineiden rajojen, perusteella. On t\u00e4rke\u00e4\u00e4 valita sylinteri, jolla on riitt\u00e4v\u00e4 kuormankesto, joka paitsi t\u00e4ytt\u00e4\u00e4 k\u00e4ytt\u00f6vaatimukset my\u00f6s varmistaa turvallisuuden k\u00e4yt\u00f6n aikana.<\/p>\n<h3>Tiivistyksen eheys<\/h3>\n<p>Tiivisteill\u00e4 on t\u00e4rke\u00e4 rooli hydraulisylinterien suorituskyvyss\u00e4. Oikeat tiivisteet est\u00e4v\u00e4t hydraulinesteen vuodot, jotka voivat johtaa tehokkuuden heikkenemiseen ja koneen vaurioitumiseen. Tiivisteiden on oltava kest\u00e4vist\u00e4 materiaaleista, jotka kest\u00e4v\u00e4t \u00e4\u00e4rimm\u00e4isi\u00e4 l\u00e4mp\u00f6tiloja ja paineenvaihteluita. Asianmukainen tiivistys varmistaa sylinterin pidemm\u00e4n k\u00e4ytt\u00f6i\u00e4n ja paremman luotettavuuden.<\/p>\n<h3>Kest\u00e4vyys<\/h3>\n<p>Kest\u00e4vyys on ratkaiseva tekij\u00e4 hydraulisylinterin suunnittelussa. Rakennemateriaalien tulee olla kest\u00e4vi\u00e4 kulumista, korroosiota ja muita ymp\u00e4rist\u00f6tekij\u00f6it\u00e4 vastaan. T\u00e4m\u00e4 on erityisen t\u00e4rke\u00e4\u00e4 sylintereille, joita k\u00e4ytet\u00e4\u00e4n ankarissa olosuhteissa, joissa altistuminen p\u00f6lylle, kosteudelle ja kemikaaleille voi vaikuttaa haitallisesti suorituskykyyn. Kest\u00e4v\u00e4n puomisylinterin valitseminen varmistaa tasaisen suorituskyvyn ja minimoi sylinterin vaihtotarpeen.<\/p>\n<h3>Turvaominaisuudet<\/h3>\n<p>Turvallisuuden tulisi aina olla etusijalla hydraulisylintereiden suunnittelussa ja valinnassa. On t\u00e4rke\u00e4\u00e4 sis\u00e4llytt\u00e4\u00e4 turvaominaisuuksia, kuten paineenalennusventtiilej\u00e4 ja kest\u00e4vi\u00e4 kiinnitysrakenteita, onnettomuuksien est\u00e4miseksi k\u00e4yt\u00f6n aikana. N\u00e4m\u00e4 ominaisuudet eiv\u00e4t ainoastaan \u200b\u200bsuojaa laitteita, vaan my\u00f6s varmistavat l\u00e4hell\u00e4 ty\u00f6skentelevien k\u00e4ytt\u00e4jien turvallisuuden.<\/p>\n<h3>Huolto Esteett\u00f6myys<\/h3>\n<p>Helppo huolto on toinen t\u00e4rke\u00e4 n\u00e4k\u00f6kohta. Hyvin suunnitellun puomisylinterin tulisi mahdollistaa helppo p\u00e4\u00e4sy kriittisiin komponentteihin rutiinitarkastuksia ja huoltoa varten. T\u00e4m\u00e4 ei ainoastaan \u200b\u200bhelpota s\u00e4\u00e4nn\u00f6llist\u00e4 huoltoa, vaan my\u00f6s edist\u00e4\u00e4 sylinterin pitk\u00e4ik\u00e4isyytt\u00e4 ja laitteen yleist\u00e4 tehokkuutta.<\/p>\n<p><img decoding=\"async\" src=\"https:\/\/www.hydraulic-cylinders.net\/wp-content\/uploads\/2025\/04\/songte-oil-pipes-and-spare-parts.webp\" alt=\"Hydrauliset komponentit\" \/><\/p>\n<h2>Tiivistys ja voitelu<\/h2>\n<p>Erilaisten tiivistekomponenttien, kuten m\u00e4nn\u00e4ntiivisteiden ja varren tiivisteiden, k\u00e4ytt\u00f6 on ensiarvoisen t\u00e4rke\u00e4\u00e4 hydraulisylinterien eheyden yll\u00e4pit\u00e4miseksi. Kest\u00e4vist\u00e4 materiaaleista, kuten polyuretaanista ja nitriilikumista, valmistetut tiivisteet ovat olennaisia \u200b\u200bkulumiskest\u00e4vyyden kannalta. Sylinterin runko ja kierteitetyt p\u00e4\u00e4typinnat k\u00e4sitell\u00e4\u00e4n tarkasti kulutuskest\u00e4vyyden parantamiseksi ja siten sylinterin k\u00e4ytt\u00f6i\u00e4n pident\u00e4miseksi.<\/p>\n<p>S\u00e4\u00e4nn\u00f6llinen voitelu on v\u00e4ltt\u00e4m\u00e4t\u00f6nt\u00e4 optimaalisen suorituskyvyn yll\u00e4pit\u00e4miseksi. On eritt\u00e4in t\u00e4rke\u00e4\u00e4 varmistaa, ett\u00e4 sylinteriss\u00e4 on riitt\u00e4v\u00e4sti hydrauli\u00f6ljy\u00e4, jotta se liikkuu tasaisesti. Voitelun laiminly\u00f6nti voi johtaa lis\u00e4\u00e4ntyneeseen kitkaan, kulumiseen ja mahdollisiin vikoihin, mik\u00e4 korostaa s\u00e4\u00e4nn\u00f6llisen voiteluaikataulun t\u00e4rkeytt\u00e4.<\/p>\n<h2>S\u00e4\u00e4nn\u00f6llinen tarkastus ja ennaltaehk\u00e4isev\u00e4 huolto<\/h2>\n<ul>\n<li><strong>S\u00e4\u00e4nn\u00f6lliset tarkastukset:<\/strong> Rutiinitarkastusten suorittaminen on elint\u00e4rke\u00e4\u00e4 kulumisen tai vaurioiden merkkien havaitsemiseksi varhaisessa vaiheessa. K\u00e4ytt\u00e4jien tulee tarkistaa laitteet silm\u00e4m\u00e4\u00e4r\u00e4isesti vuotojen, halkeamien tai ep\u00e4tavallisten \u00e4\u00e4nien varalta k\u00e4yt\u00f6n aikana ja puuttua kaikkiin ongelmiin v\u00e4litt\u00f6m\u00e4sti.<\/li>\n<li><strong>Oikea voitelu:<\/strong> Sylinterien riitt\u00e4v\u00e4 voitelu on olennaista optimaalisen suorituskyvyn saavuttamiseksi. K\u00e4ytt\u00e4jien tulee noudattaa valmistajan ohjeita voiteluaineen tyypist\u00e4 ja k\u00e4ytt\u00f6tiheydest\u00e4 tehokkuuden yll\u00e4pit\u00e4miseksi.<\/li>\n<li><strong>Tiivisteen vaihto:<\/strong> Ajan my\u00f6t\u00e4 tiivisteet voivat kulua ja ne on vaihdettava. Tiivisteiden s\u00e4\u00e4nn\u00f6llinen kulumisen tarkistaminen ja niiden nopea vaihtaminen voivat est\u00e4\u00e4 vuotoja ja yll\u00e4pit\u00e4\u00e4 hydraulista tehokkuutta.<\/li>\n<\/ul>\n<h2>Asennusohjeet<\/h2>\n<p>Puomin sylinterin oikea asennus on ratkaisevan t\u00e4rke\u00e4\u00e4 optimaalisen suorituskyvyn saavuttamiseksi. T\u00e4ss\u00e4 on joitakin ohjeita:<\/p>\n<ul>\n<li>Varmista, ett\u00e4 kiinnitystelineet ja pinnat ovat puhtaat ja roskattomat ennen asennusta. T\u00e4m\u00e4 minimoi vaurioiden riskin asennusprosessin aikana.<\/li>\n<li>Kohdista sylinteri tarkasti kiinnityspisteisiin. V\u00e4\u00e4r\u00e4 kohdistus voi aiheuttaa sylinterille rasitusta, mik\u00e4 vaikuttaa sen suorituskykyyn ja k\u00e4ytt\u00f6ik\u00e4\u00e4n.<\/li>\n<li>Kiinnit\u00e4 sylinteri paikalleen k\u00e4ytt\u00e4m\u00e4ll\u00e4 sopivia kiinnityskorvakkeita ja varmista, ett\u00e4 se on tukevasti kiinni ilman liiallista voimaa, joka voisi aiheuttaa vaurioita.<\/li>\n<li>Tarkista kaikkien hydrauliikkalinjojen ja -liit\u00e4nt\u00f6jen tiiviys vuotojen v\u00e4ltt\u00e4miseksi. L\u00f6ys\u00e4t liitokset voivat johtaa j\u00e4rjestelm\u00e4n tehottomuuteen ja mahdollisiin toimintah\u00e4iri\u00f6ihin.<\/li>\n<li>Asennuksen j\u00e4lkeen suorita koek\u00e4ytt\u00f6 varmistaaksesi, ett\u00e4 sylinteri toimii sujuvasti ja tehokkaasti, ja tarkista mahdolliset ongelmat.<\/li>\n<\/ul>\n<h2>Yleiset huoltoteht\u00e4v\u00e4t<\/h2>\n<ul>\n<li><strong>S\u00e4\u00e4nn\u00f6lliset tarkastukset:<\/strong> Rutiininomaiset silm\u00e4m\u00e4\u00e4r\u00e4iset tarkastukset voivat auttaa havaitsemaan kulumisen tai vuodot varhaisessa vaiheessa ja ehk\u00e4isem\u00e4\u00e4n merkitt\u00e4v\u00e4mpi\u00e4 ongelmia my\u00f6hemmin. Seuraa aina hydraulinesteen tasoja ja etsi mahdollisia poikkeavuuksia toiminnassa.<\/li>\n<li><strong>Voitelu:<\/strong> Asianmukainen voitelu on v\u00e4ltt\u00e4m\u00e4t\u00f6nt\u00e4 sylinterin sujuvan toiminnan varmistamiseksi. Valmistajan ohjeiden noudattaminen voiteluaineen tyypist\u00e4 ja vaihtotiheydest\u00e4 parantaa suorituskyky\u00e4 ja k\u00e4ytt\u00f6ik\u00e4\u00e4.<\/li>\n<li><strong>Tiivisteen vaihto:<\/strong> Tiivisteet tulee tarkistaa s\u00e4\u00e4nn\u00f6llisesti. Jos niiss\u00e4 n\u00e4kyy merkkej\u00e4 kulumisesta, tiivisteiden v\u00e4lit\u00f6n vaihtaminen on elint\u00e4rke\u00e4\u00e4 hydraulisen tehokkuuden yll\u00e4pit\u00e4miseksi ja vuotojen est\u00e4miseksi.<\/li>\n<\/ul>\n<h2>Turvallisuusn\u00e4k\u00f6kohdat ja ymp\u00e4rist\u00f6tekij\u00e4t<\/h2>\n<p>Hydraulisylintereit\u00e4 k\u00e4ytett\u00e4ess\u00e4 turvatoimenpiteet ovat ensiarvoisen t\u00e4rkeit\u00e4. K\u00e4ytt\u00e4j\u00e4t tulee kouluttaa tunnistamaan turvallisuusprotokollien t\u00e4rkeys, mukaan lukien asianmukaisten henkil\u00f6nsuojainten k\u00e4ytt\u00f6 ja sylinterin k\u00e4ytt\u00f6\u00f6n liittyvien mahdollisten vaarojen ymm\u00e4rt\u00e4minen. S\u00e4\u00e4nn\u00f6llist\u00e4 turvallisuuskoulutusta on j\u00e4rjestett\u00e4v\u00e4 sen varmistamiseksi, ett\u00e4 kaikki henkil\u00f6st\u00f6 on tietoinen menettelyist\u00e4 ja pystyy toimimaan tehokkaasti h\u00e4t\u00e4tilanteissa.<\/p>\n<h2>Yleisten ongelmien vianm\u00e4\u00e4ritys<\/h2>\n<ul>\n<li><strong>Vuoto:<\/strong> Yksi yleisimmist\u00e4 hydraulisylintereiden ongelmista on vuoto. Jos nestett\u00e4 havaitaan vuotavan, se voi johtua kuluneista tiivisteist\u00e4 tai vaurioituneista liitoksista. Tiivisteiden nopea tunnistaminen ja vaihtaminen voi ratkaista t\u00e4m\u00e4n ongelman.<\/li>\n<li><strong>Ep\u00e4johdonmukainen toiminta:<\/strong> Jos puomin sylinteri toimii ep\u00e4tasaisesti, se voi viitata hydrauliikka\u00f6ljyn tasoihin liittyviin ongelmiin tai hydrauliikkalinjojen tukoksiin. Nesteen tason tarkistaminen ja letkujen eheyden varmistaminen on olennaista.<\/li>\n<li><strong>Hidas vaste:<\/strong> Hidas reagointi toiminnassa voi johtua hydraulij\u00e4rjestelm\u00e4ss\u00e4 olevasta ilmasta tai riitt\u00e4m\u00e4tt\u00f6m\u00e4st\u00e4 hydraulinesteest\u00e4. J\u00e4rjestelm\u00e4n ilmaaminen ilman poistamiseksi ja hydraulinesteen lis\u00e4\u00e4minen voivat korjata t\u00e4m\u00e4n ongelman.<\/li>\n<\/ul>\n<p>Ennaltaehk\u00e4isev\u00e4t toimenpiteet, kuten s\u00e4\u00e4nn\u00f6lliset huoltotarkastukset, voivat merkitt\u00e4v\u00e4sti v\u00e4hent\u00e4\u00e4 n\u00e4iden ongelmien todenn\u00e4k\u00f6isyytt\u00e4. Kuljettajien tulisi olla ennakoivia kunnossapidossaan ja noudattaa vakiintuneita menettelyj\u00e4 varmistaakseen, ett\u00e4 hydraulinen j\u00e4rjestelm\u00e4 pysyy toimintakunnossa.<\/p>\n<p><img decoding=\"async\" src=\"https:\/\/www.hydraulic-cylinders.net\/wp-content\/uploads\/2025\/04\/songte-bushings-with-all-kinds-of-excavator-models.webp\" alt=\"Kaivinkoneen holkit\" \/><\/p>\n<h2>Tietoa yrityksest\u00e4mme<\/h2>\n<p>Olemme johtava hydraulisylintereiden valmistaja ja tukkumyyj\u00e4, joka on erikoistunut tarjoamaan korkealaatuisia vaihtoehtoja. Laaja tuotevalikoimamme asettaa meid\u00e4t yhdeksi johtavista toimijoista sek\u00e4 kotimaisilla ett\u00e4 kansainv\u00e4lisill\u00e4 markkinoilla. Huippuosaamisen periaatteen mukaisesti hy\u00f6dynn\u00e4mme hienostuneita valmistusstrategioita edistyneiden digitaalisten laitteiden ja ammattimaisten testausj\u00e4rjestelmien avulla.<\/p>\n<p>Sitoutumisemme laatuun n\u00e4kyy investoinneissamme ammattitaitoiseen henkil\u00f6st\u00f6\u00f6n ja innovatiivisiin valmistustekniikoihin, jotka parantavat tuotantoymp\u00e4rist\u00f6j\u00e4mme ja tuotteiden laatua. Tehokkuuteen, tarkkuuteen ja korkeaan laatuun sitoutumisella vastaamme monipuolisiin asiakastarpeisiin r\u00e4\u00e4t\u00e4l\u00f6idyill\u00e4 ratkaisuilla.<\/p>\n<p><img decoding=\"async\" src=\"https:\/\/www.hydraulic-cylinders.net\/wp-content\/uploads\/2025\/04\/songte-company-4.webp\" alt=\"Yrityksen yleiskatsaus\" \/><br \/>\n<img decoding=\"async\" src=\"https:\/\/www.hydraulic-cylinders.net\/wp-content\/uploads\/2025\/04\/songte-company-3.webp\" alt=\"Tuotantolaitokset\" \/><\/p>\n<p>Yhteenvetona voidaan todeta, ett\u00e4 yrityksemme erottuu joukosta ammattitaidon, kansainv\u00e4listen sertifikaattien, r\u00e4\u00e4t\u00e4l\u00f6ityjen palveluiden, edistyneiden tuotantolaitteiden ja poikkeuksellisen myynninj\u00e4lkeisen tuen ansiosta.<\/p>\n<p>Kirjoittaja: lyl<\/p>","protected":false},"excerpt":{"rendered":"<p>Boom Cylinder For Yanmar SV025-6 Understanding the Boom Cylinder The boom cylinder is an essential hydraulic component, specifically designed for controlling the movement of buckets in heavy machinery such as excavators, backhoe loaders, and front loaders. This hydraulic cylinder allows for lifting, lowering, and tilting motions, thereby facilitating material handling tasks efficiently. Constructed to endure [&hellip;]<\/p>","protected":false},"featured_media":17881,"comment_status":"open","ping_status":"closed","template":"","meta":{"_et_pb_use_builder":"","_et_pb_old_content":"","_et_gb_content_width":""},"product_brand":[],"product_cat":[1546],"product_tag":[1547,1496],"class_list":{"0":"post-19558","1":"product","2":"type-product","3":"status-publish","4":"has-post-thumbnail","6":"product_cat-boom-cylinders","7":"product_tag-boom-cylinders","8":"product_tag-hydraulic-cylinders","10":"first","11":"instock","12":"shipping-taxable","13":"product-type-simple"},"amp_enabled":true,"_links":{"self":[{"href":"https:\/\/www.hydraulic-cylinders.net\/fi\/wp-json\/wp\/v2\/product\/19558","targetHints":{"allow":["GET"]}}],"collection":[{"href":"https:\/\/www.hydraulic-cylinders.net\/fi\/wp-json\/wp\/v2\/product"}],"about":[{"href":"https:\/\/www.hydraulic-cylinders.net\/fi\/wp-json\/wp\/v2\/types\/product"}],"replies":[{"embeddable":true,"href":"https:\/\/www.hydraulic-cylinders.net\/fi\/wp-json\/wp\/v2\/comments?post=19558"}],"wp:featuredmedia":[{"embeddable":true,"href":"https:\/\/www.hydraulic-cylinders.net\/fi\/wp-json\/wp\/v2\/media\/17881"}],"wp:attachment":[{"href":"https:\/\/www.hydraulic-cylinders.net\/fi\/wp-json\/wp\/v2\/media?parent=19558"}],"wp:term":[{"taxonomy":"product_brand","embeddable":true,"href":"https:\/\/www.hydraulic-cylinders.net\/fi\/wp-json\/wp\/v2\/product_brand?post=19558"},{"taxonomy":"product_cat","embeddable":true,"href":"https:\/\/www.hydraulic-cylinders.net\/fi\/wp-json\/wp\/v2\/product_cat?post=19558"},{"taxonomy":"product_tag","embeddable":true,"href":"https:\/\/www.hydraulic-cylinders.net\/fi\/wp-json\/wp\/v2\/product_tag?post=19558"}],"curies":[{"name":"wp","href":"https:\/\/api.w.org\/{rel}","templated":true}]}}