{"id":19562,"date":"2025-04-07T06:54:37","date_gmt":"2025-04-07T06:54:37","guid":{"rendered":"https:\/\/www.hydraulic-cylinders.net\/product\/boom-cylinder-for-yanmar-vi085\/"},"modified":"2025-04-07T06:54:39","modified_gmt":"2025-04-07T06:54:39","slug":"boom-cylinder-for-yanmar-vi085","status":"publish","type":"product","link":"https:\/\/www.hydraulic-cylinders.net\/fi\/tuote\/boom-cylinder-for-yanmar-vi085\/","title":{"rendered":"Puomin sylinteri Yanmar VI085:lle"},"content":{"rendered":"<h1>Puomin sylinteri Yanmar VI085:lle<\/h1>\n<h2>Tuotteen yleiskatsaus<\/h2>\n<p>Yanmar VI085:n puomisylinteri on t\u00e4rke\u00e4 osa raskaiden koneiden, erityisesti kaivinkoneiden, traktorikaivureiden ja etukuormaajien, suunnittelussa. T\u00e4m\u00e4 hydraulisylinteri vastaa puomin varren liikkeen ohjaamisesta, mahdollistaen tehokkaan nostamisen, laskemisen ja kallistuksen. Hydraulij\u00e4rjestelmiss\u00e4 puomin sylinterill\u00e4 on keskeinen rooli materiaalink\u00e4sittelyteht\u00e4viss\u00e4, sill\u00e4 se tarjoaa tarkkuutta ja tehoa. Sen avulla k\u00e4ytt\u00e4j\u00e4t voivat k\u00e4sitell\u00e4 raskaita kuormia saumattomasti, mik\u00e4 tekee siit\u00e4 v\u00e4ltt\u00e4m\u00e4tt\u00f6m\u00e4n erilaisissa rakennus- ja maataloust\u00f6iss\u00e4.<\/p>\n<p><img decoding=\"async\" src=\"https:\/\/www.hydraulic-cylinders.net\/wp-content\/uploads\/2025\/04\/songte-company-1.webp\" alt=\"Puomin sylinteri\" \/><\/p>\n<h3>Kauhasylinterien m\u00e4\u00e4ritelm\u00e4 ja yleiskatsaus<\/h3>\n<p>Kauhasylinteri on erikoishydraulinen sylinteri, joka on suunniteltu hallitsemaan raskaiden laitteiden, kuten kaivinkoneiden ja kuormaajien, kauhojen liikett\u00e4. Sen ensisijainen teht\u00e4v\u00e4 on helpottaa kauhan liikett\u00e4, jolloin k\u00e4ytt\u00e4j\u00e4t voivat suorittaa teht\u00e4vi\u00e4, kuten kaivamista, nostamista ja materiaalien kippaamista. Kauhasylinterin tehokkuus ja luotettavuus vaikuttavat suoraan hydraulikoneiden kokonaissuorituskykyyn, mik\u00e4 tekee siit\u00e4 elint\u00e4rke\u00e4n osan tehokkuudelle ja tuottavuudelle kent\u00e4ll\u00e4.<\/p>\n<h2>Puomin sylinterin ominaisuudet<\/h2>\n<ul>\n<li><strong>Korkea lujuus ja kest\u00e4vyys:<\/strong> N\u00e4m\u00e4 sylinterit on valmistettu eritt\u00e4in lujasta ter\u00e4ksest\u00e4 tai alumiinista, ja ne on rakennettu kest\u00e4m\u00e4\u00e4n korkeita paineita ja raskaita kuormia, joten ne sopivat vaativiin ty\u00f6ymp\u00e4rist\u00f6ihin.<\/li>\n<li><strong>Tehokas hydraulinen k\u00e4ytt\u00f6:<\/strong> Hydrauli\u00f6ljyn painetta hy\u00f6dynt\u00e4v\u00e4 puomin sylinteri mahdollistaa sujuvat ja herk\u00e4t liikkeet, mik\u00e4 tarjoaa merkitt\u00e4v\u00e4\u00e4 ty\u00f6nt\u00f6- ja vetovoimaa, mik\u00e4 sopii erinomaisesti raskaiden materiaalien k\u00e4sittelyyn ja monimutkaisiin teht\u00e4viin.<\/li>\n<li><strong>Erilaisia \u200b\u200btyyppej\u00e4:<\/strong> Saatavilla yksitoimisina (toimii yhteen suuntaan) tai kaksitoimisina (toimii molempiin suuntiin) kokoonpanoina, mik\u00e4 mahdollistaa r\u00e4\u00e4t\u00e4l\u00f6innin k\u00e4ytt\u00f6tarpeiden mukaan.<\/li>\n<li><strong>Tilaa s\u00e4\u00e4st\u00e4v\u00e4t mallit:<\/strong> Joissakin malleissa on teleskooppirakenne, joka mahdollistaa suuremman pidennysosan ilman ulkomittojen kasvua, mik\u00e4 sopii t\u00e4ydellisesti rajoitettuihin tiloihin.<\/li>\n<li><strong>Parempi pitk\u00e4ik\u00e4isyys:<\/strong> Suunnittelussa on otettu huomioon kulumiskest\u00e4vyys ja korroosionesto, mik\u00e4 pident\u00e4\u00e4 puomisylinterin k\u00e4ytt\u00f6ik\u00e4\u00e4 haastavissakin olosuhteissa.<\/li>\n<\/ul>\n<p>Yrityksemme on erikoistunut n\u00e4iden t\u00e4rkeiden hydrauliikkakomponenttien valmistukseen ja tarjoaa tuotteita, jotka korvaavat t\u00e4ydellisesti olemassa olevat hydrauliikkasylinterit.<\/p>\n<p><img decoding=\"async\" src=\"https:\/\/www.hydraulic-cylinders.net\/wp-content\/uploads\/2025\/04\/songte-cylinder-head-with-all-kinds-excavator-models.webp\" alt=\"Hydraulisylinterimallit\" \/><\/p>\n<h2>Puomisylinterin sovellukset<\/h2>\n<h3>Rakennuslaitteet<\/h3>\n<p>Rakennuskoneissa, kuten kaivinkoneissa, puomisylinterit ovat v\u00e4ltt\u00e4m\u00e4tt\u00f6mi\u00e4 kaivamiseen, lastaamiseen ja maan tai roskien siirt\u00e4miseen. Niiden kyky nostaa ja sijoittaa kuormia tarkasti mahdollistaa tehokkaan toiminnan rakennusty\u00f6mailla ja varmistaa projektin oikea-aikaisen valmistumisen.<\/p>\n<h3>Maatalouskoneet<\/h3>\n<p>Maataloussovelluksissa puomisylintereill\u00e4 varustettuja etukuormaimia k\u00e4ytet\u00e4\u00e4n maan, hein\u00e4n ja muiden materiaalien kaivamiseen, nostamiseen ja kuljettamiseen. T\u00e4m\u00e4 toiminto on ratkaisevan t\u00e4rke\u00e4 maataloustoiminnan tuottavuuden yll\u00e4pit\u00e4miseksi, jotta viljelij\u00e4t voivat hallita resurssejaan tehokkaasti.<\/p>\n<h3>Kaivinkoneet<\/h3>\n<p>Kaivinkoneissa k\u00e4ytet\u00e4\u00e4n puomisylintereit\u00e4, joiden avulla kauha tunkeutuu tehokkaasti maahan. T\u00e4m\u00e4 kaivutoiminto on v\u00e4ltt\u00e4m\u00e4t\u00f6n useissa teht\u00e4viss\u00e4, kuten perustust\u00f6iss\u00e4, ojituksessa ja maisemoinnissa, mik\u00e4 tekee siit\u00e4 korvaamattoman ty\u00f6kalun rakennusty\u00f6mailla.<\/p>\n<h3>Kuormaajat<\/h3>\n<p>Etukuormaajissa puomisylinterit helpottavat kuormien tehokasta nostamista ja tyhjent\u00e4mist\u00e4. Niiden rakenne mahdollistaa optimaalisen painonjakauman ja hallinnan, mik\u00e4 varmistaa, ett\u00e4 kuljettajat voivat siirt\u00e4\u00e4 suuria materiaalim\u00e4\u00e4ri\u00e4 turvallisesti ja tehokkaasti.<\/p>\n<h2>Suunnittelun\u00e4k\u00f6kohdat ja valintakriteerit<\/h2>\n<h3>Kantavuus<\/h3>\n<p>Puomisylinterin kuormankantokyky on suunnittelussa olennainen seikka. Sen on oltava riitt\u00e4v\u00e4 k\u00e4sittelem\u00e4\u00e4n odotettavissa olevat suurimmat kuormitukset k\u00e4yt\u00f6n aikana. T\u00e4m\u00e4n kapasiteetin yliarviointi tai aliarviointi voi johtaa vikoihin tai tehottomuuteen.<\/p>\n<h3>Tiivistys<\/h3>\n<p>Tehokas tiivistys on ratkaisevan t\u00e4rke\u00e4\u00e4 sylinterin hydraulisen paineen yll\u00e4pit\u00e4miseksi. Laadukkaat tiivisteet est\u00e4v\u00e4t vuodot ja varmistavat tehokkaan toiminnan. Tiivistemateriaalien, kuten polyuretaanin tai nitriilikumin, valinta vaikuttaa merkitt\u00e4v\u00e4sti sylinterin kokonaissuorituskykyyn ja pitk\u00e4ik\u00e4isyyteen.<\/p>\n<h3>Kest\u00e4vyys<\/h3>\n<p>Kest\u00e4vyys on keskeinen tekij\u00e4 puomisylintereiden suunnittelussa. Niiden on kestett\u00e4v\u00e4 ankaria ymp\u00e4rist\u00f6olosuhteita ja jatkuvaa k\u00e4ytt\u00f6\u00e4. Korkealaatuisten materiaalien ja suojapinnoitteiden k\u00e4ytt\u00f6 voi parantaa niiden kulumis- ja korroosionkest\u00e4vyytt\u00e4.<\/p>\n<h3>Turvallisuus<\/h3>\n<p>Turvaominaisuudet ovat olennaisia \u200b\u200bhydraulisylintereiss\u00e4 onnettomuuksien est\u00e4miseksi k\u00e4yt\u00f6n aikana. Integroidut varoventtiilit ja paineenalennusmekanismit auttavat lievent\u00e4m\u00e4\u00e4n riskej\u00e4 ja suojaamaan sek\u00e4 k\u00e4ytt\u00e4ji\u00e4 ett\u00e4 laitteita mahdollisilta vaaroilta.<\/p>\n<h3>Yll\u00e4pidett\u00e4vyys<\/h3>\n<p>Huollettavuuden huomioiva suunnittelu varmistaa, ett\u00e4 puomin sylinterit voidaan huoltaa helposti ja tehokkaasti. T\u00e4h\u00e4n sis\u00e4ltyy komponenttien saavutettavuuden huomioiminen tarkastuksia ja korjauksia varten, mik\u00e4 lopulta pident\u00e4\u00e4 k\u00e4ytt\u00f6ik\u00e4\u00e4 ja alentaa k\u00e4ytt\u00f6kustannuksia.<\/p>\n<p><img decoding=\"async\" src=\"https:\/\/www.hydraulic-cylinders.net\/wp-content\/uploads\/2025\/04\/songte-oil-pipes-and-spare-parts.webp\" alt=\"Hydrauliset osat\" \/><\/p>\n<h2>Sylinterin tiivistys ja voitelu<\/h2>\n<p>Erilaisten tiiviste-elementtien, kuten m\u00e4nn\u00e4ntiivisteiden ja varren tiivisteiden, k\u00e4ytt\u00f6 on elint\u00e4rke\u00e4\u00e4 hydraulisylintereiden tehokkaalle toiminnalle. Kest\u00e4vist\u00e4 materiaaleista, kuten polyuretaanista ja nitriilikumista, valmistetut tiivisteet parantavat kulutuskest\u00e4vyytt\u00e4. Sylinterin runko ja kierteitetyt p\u00e4\u00e4t pintak\u00e4sitell\u00e4\u00e4n huolellisesti niiden kulutuskest\u00e4vyyden parantamiseksi. S\u00e4\u00e4nn\u00f6llinen voitelu hydrauli\u00f6ljyll\u00e4 on v\u00e4ltt\u00e4m\u00e4t\u00f6nt\u00e4 optimaalisen toiminnan yll\u00e4pit\u00e4miseksi ja ennenaikaisen kulumisen est\u00e4miseksi.<\/p>\n<h2>S\u00e4\u00e4nn\u00f6llinen huolto ja ennaltaehk\u00e4isev\u00e4t toimenpiteet<\/h2>\n<ul>\n<li><strong>Rutiinitarkastukset:<\/strong> Tarkista hydraulij\u00e4rjestelm\u00e4 s\u00e4\u00e4nn\u00f6llisesti vuotojen ja suorituskykyongelmien varalta. Ongelmien varhainen havaitseminen voi est\u00e4\u00e4 kalliita korjauksia.<\/li>\n<li><strong>Oikea voitelu:<\/strong> Varmista, ett\u00e4 sylinteri on riitt\u00e4v\u00e4sti voideltu kitkan ja kulumisen minimoimiseksi. T\u00e4m\u00e4 tulee tehd\u00e4 valmistajan suositusten mukaisesti.<\/li>\n<li><strong>Tiivisteen vaihto:<\/strong> Tarkkaile tiivisteiden kuntoa ja vaihda ne tarvittaessa vuotojen est\u00e4miseksi ja hydraulipaineen yll\u00e4pit\u00e4miseksi.<\/li>\n<\/ul>\n<h2>Asennusohjeet<\/h2>\n<p>Puomisylinterin oikea asennus on ratkaisevan t\u00e4rke\u00e4\u00e4 optimaalisen suorituskyvyn kannalta. Aloita varmistamalla, ett\u00e4 kiinnitystelineet ja lis\u00e4laitteet on kohdistettu oikein. K\u00e4yt\u00e4 sopivia ty\u00f6kaluja sylinterin kiinnitt\u00e4miseen v\u00e4ltt\u00e4en virheellist\u00e4 kohdistusta, joka voi johtaa toiminnallisiin ongelmiin. On suositeltavaa tarkistaa valmistajan tiedot tarkkojen asennusmittojen saamiseksi. Asennuksen j\u00e4lkeen suorita perusteellinen tarkastus varmistaaksesi, ett\u00e4 kaikki liit\u00e4nn\u00e4t ovat tukevasti kiinni ja vuotamattomat. Lopuksi suorita koek\u00e4ytt\u00f6 varmistaaksesi toimivuuden ennen t\u00e4ytt\u00e4 k\u00e4ytt\u00f6\u00f6nottoa.<\/p>\n<h2>Yleiset huoltoteht\u00e4v\u00e4t<\/h2>\n<h3>S\u00e4\u00e4nn\u00f6lliset tarkastukset<\/h3>\n<p>Rutiinitarkastukset ovat v\u00e4ltt\u00e4m\u00e4tt\u00f6mi\u00e4 mahdollisten ongelmien tunnistamiseksi ennen niiden pahenemista. Tarkista kaikki liitokset ja sylinteri kulumisen tai vaurioiden varalta. Pienten ongelmien korjaaminen varhain voi est\u00e4\u00e4 merkitt\u00e4vi\u00e4 vikoja.<\/p>\n<h3>Oikea voitelu<\/h3>\n<p>Oikean tyyppisen ja m\u00e4\u00e4r\u00e4n hydrauliikka\u00f6ljyn k\u00e4ytt\u00f6 on ratkaisevan t\u00e4rke\u00e4\u00e4 sylinterin pitk\u00e4ik\u00e4isyyden kannalta. Riitt\u00e4m\u00e4t\u00f6n voitelu voi johtaa lis\u00e4\u00e4ntyneeseen kitkaan ja kulumiseen, kun taas liiallinen voitelu voi aiheuttaa hydraulipaineongelmia. Noudata aina valmistajan ohjeita.<\/p>\n<h3>Tiivisteiden vaihto ja kalibrointitarkastukset<\/h3>\n<p>Tiivisteiden s\u00e4\u00e4nn\u00f6llinen vaihtaminen varmistaa, ett\u00e4 hydrauliikkaj\u00e4rjestelm\u00e4 s\u00e4ilytt\u00e4\u00e4 paineensa ja tehokkuutensa. Kalibrointitarkastukset voivat auttaa varmistamaan, ett\u00e4 sylinteri toimii m\u00e4\u00e4riteltyjen parametrien mukaisesti, mik\u00e4 est\u00e4\u00e4 odottamattomat viat k\u00e4yt\u00f6n aikana.<\/p>\n<p><img decoding=\"async\" src=\"https:\/\/www.hydraulic-cylinders.net\/wp-content\/uploads\/2025\/04\/songte-chushion-collar.webp\" alt=\"Tyynykaulus\" \/><\/p>\n<h2>Turvallisuusn\u00e4k\u00f6kohdat ja ymp\u00e4rist\u00f6tekij\u00e4t<\/h2>\n<p>Turvatoimenpiteiden priorisointi hydraulisylintereiden kanssa ty\u00f6skennelt\u00e4ess\u00e4 on t\u00e4rke\u00e4\u00e4 onnettomuuksien v\u00e4ltt\u00e4miseksi ja k\u00e4ytt\u00e4j\u00e4n turvallisuuden varmistamiseksi. Asianmukaisen koulutuksen toteuttaminen ja turvallisuusprotokollien noudattaminen voivat lievent\u00e4\u00e4 hydraulisiin laitteisiin liittyvi\u00e4 riskej\u00e4.<\/p>\n<h2>Vianm\u00e4\u00e4ritys ja yleiset ongelmat<\/h2>\n<ul>\n<li><strong>Vuoto:<\/strong> Usein kuluneet tiivisteet aiheuttavat t\u00e4m\u00e4n, mik\u00e4 johtaa sylinterin tehokkuuden heikkenemiseen. S\u00e4\u00e4nn\u00f6lliset tarkastukset voivat auttaa tunnistamaan ja korjaamaan t\u00e4m\u00e4n ongelman nopeasti.<\/li>\n<li><strong>Ep\u00e4johdonmukainen liike:<\/strong> T\u00e4m\u00e4 voi viitata sis\u00e4isiin vaurioihin tai hydraulinesteen likaantumiseen. S\u00e4\u00e4nn\u00f6llinen huolto ja j\u00e4rjestelm\u00e4n tarkastukset voivat est\u00e4\u00e4 t\u00e4llaiset ongelmat.<\/li>\n<li><strong>Painevaihtelut:<\/strong> Voi viitata hydrauliikkaj\u00e4rjestelm\u00e4n ongelmiin, kuten tukoksiin tai toimintah\u00e4iri\u00f6ihin. N\u00e4iden ongelmien ratkaisemiseksi tarvitaan perusteellinen diagnostiikka.<\/li>\n<\/ul>\n<h2>Vianm\u00e4\u00e4ritysvinkkej\u00e4<\/h2>\n<p>Vikojen tehokkaaseen diagnosointiin ja korjaamiseen on suoritettava hydraulij\u00e4rjestelm\u00e4n j\u00e4rjestelm\u00e4llisi\u00e4 tarkastuksia. Tunnista vuodot, tarkista nestetasot ja arvioi tiivisteiden eheys. Toteuta s\u00e4\u00e4nn\u00f6lliset huolto-ohjelmat mahdollisten ongelmien minimoimiseksi ja laitteiden tehokkaan toiminnan varmistamiseksi.<\/p>\n<p><img decoding=\"async\" src=\"https:\/\/www.hydraulic-cylinders.net\/wp-content\/uploads\/2025\/04\/songte-bushings-with-all-kinds-of-excavator-models.webp\" alt=\"Kaivinkoneen holkit\" \/><\/p>\n<h2>Yrityksen yleiskatsaus<\/h2>\n<p>Olemme johtava hydraulisten sylinterien vaihto-osien valmistaja. Tarjoamme kattavan tuotevalikoiman, joka on asemoinut meid\u00e4t keskeiseksi toimijaksi sek\u00e4 kotimaisilla ett\u00e4 kansainv\u00e4lisill\u00e4 markkinoilla. Sitoutumisemme laatuun vahvistetaan edistyneill\u00e4 valmistusk\u00e4yt\u00e4nn\u00f6ill\u00e4mme ja tiukoilla laadunvalvontatoimenpiteill\u00e4mme. Parannamme jatkuvasti tuotantoalustaamme integroimalla osaavaa henkil\u00f6st\u00f6\u00e4, huippuluokan digitaalisia valmistuslaitteita ja erikoistuneita testausj\u00e4rjestelmi\u00e4 varmistaaksemme, ett\u00e4 vastaamme tehokkaasti asiakkaiden monipuolisiin tarpeisiin.<\/p>\n<h3>Asiantuntemus ja sertifiointi<\/h3>\n<p>Tuotteemme ovat sertifioituja kansainv\u00e4listen standardien mukaisesti, mik\u00e4 takaa niiden luotettavuuden ja turvallisuuden. Tarjoamme my\u00f6s r\u00e4\u00e4t\u00e4l\u00f6ityj\u00e4 ratkaisuja erityistarpeisiin varmistaen, ett\u00e4 asiakkaamme saavat parhaat mahdolliset tuotteet tarpeisiinsa.<\/p>\n<h3>Tuotantolaitteet<\/h3>\n<p>Huippuluokan valmistuslaitteillamme varmistamme jokaisen luomamme tuotteen korkean tehokkuuden, tarkkuuden ja laadun. T\u00e4m\u00e4 edistynyt teknologia mahdollistaa tiukkojen tuotantostandardien yll\u00e4pit\u00e4misen samalla kun sopeudumme markkinoiden vaatimuksiin.<\/p>\n<h3>Myynnin j\u00e4lkeinen palvelu<\/h3>\n<p>Asiakastyytyv\u00e4isyys on meille t\u00e4rke\u00e4\u00e4, ja tarjoamme kattavaa huolto- ja korjaustukea, mukaan lukien vianetsint\u00e4apua ja huolto-ohjeita. Omistautunut tiimimme on aina valmiina auttamaan asiakkaitamme maksimoimaan tuotteidemme suorituskyvyn ja k\u00e4ytt\u00f6i\u00e4n.<\/p>\n<p><img decoding=\"async\" src=\"https:\/\/www.hydraulic-cylinders.net\/wp-content\/uploads\/2025\/04\/songte-company-4.webp\" alt=\"Yritysvalmistus\" \/><br \/>\n<img decoding=\"async\" src=\"https:\/\/www.hydraulic-cylinders.net\/wp-content\/uploads\/2025\/04\/songte-company-3.webp\" alt=\"Yrityksen yleiskatsaus\" \/><\/p>\n<p>Kirjoittaja: lyl<\/p>","protected":false},"excerpt":{"rendered":"<p>Boom Cylinder For Yanmar VI085 Product Overview The Boom Cylinder for Yanmar VI085 is a crucial component designed for heavy machinery, particularly in excavators, backhoes, and front loaders. This hydraulic cylinder is responsible for controlling the movement of the boom arm, enabling it to lift, lower, and tilt effectively. In hydraulic systems, the boom cylinder [&hellip;]<\/p>","protected":false},"featured_media":17870,"comment_status":"open","ping_status":"closed","template":"","meta":{"_et_pb_use_builder":"","_et_pb_old_content":"","_et_gb_content_width":""},"product_brand":[],"product_cat":[1546],"product_tag":[1547,1496],"class_list":{"0":"post-19562","1":"product","2":"type-product","3":"status-publish","4":"has-post-thumbnail","6":"product_cat-boom-cylinders","7":"product_tag-boom-cylinders","8":"product_tag-hydraulic-cylinders","10":"first","11":"instock","12":"shipping-taxable","13":"product-type-simple"},"amp_enabled":true,"_links":{"self":[{"href":"https:\/\/www.hydraulic-cylinders.net\/fi\/wp-json\/wp\/v2\/product\/19562","targetHints":{"allow":["GET"]}}],"collection":[{"href":"https:\/\/www.hydraulic-cylinders.net\/fi\/wp-json\/wp\/v2\/product"}],"about":[{"href":"https:\/\/www.hydraulic-cylinders.net\/fi\/wp-json\/wp\/v2\/types\/product"}],"replies":[{"embeddable":true,"href":"https:\/\/www.hydraulic-cylinders.net\/fi\/wp-json\/wp\/v2\/comments?post=19562"}],"wp:featuredmedia":[{"embeddable":true,"href":"https:\/\/www.hydraulic-cylinders.net\/fi\/wp-json\/wp\/v2\/media\/17870"}],"wp:attachment":[{"href":"https:\/\/www.hydraulic-cylinders.net\/fi\/wp-json\/wp\/v2\/media?parent=19562"}],"wp:term":[{"taxonomy":"product_brand","embeddable":true,"href":"https:\/\/www.hydraulic-cylinders.net\/fi\/wp-json\/wp\/v2\/product_brand?post=19562"},{"taxonomy":"product_cat","embeddable":true,"href":"https:\/\/www.hydraulic-cylinders.net\/fi\/wp-json\/wp\/v2\/product_cat?post=19562"},{"taxonomy":"product_tag","embeddable":true,"href":"https:\/\/www.hydraulic-cylinders.net\/fi\/wp-json\/wp\/v2\/product_tag?post=19562"}],"curies":[{"name":"wp","href":"https:\/\/api.w.org\/{rel}","templated":true}]}}