{"id":19565,"date":"2025-04-07T06:54:54","date_gmt":"2025-04-07T06:54:54","guid":{"rendered":"https:\/\/www.hydraulic-cylinders.net\/product\/boom-cylinder-for-yishan-ys220\/"},"modified":"2025-04-07T06:54:57","modified_gmt":"2025-04-07T06:54:57","slug":"boom-cylinder-for-yishan-ys220","status":"publish","type":"product","link":"https:\/\/www.hydraulic-cylinders.net\/fi\/tuote\/boom-cylinder-for-yishan-ys220\/","title":{"rendered":"Puomin sylinteri Yishan YS220:lle"},"content":{"rendered":"<h1>Puomin sylinteri Yishan YS220:lle<\/h1>\n<h2>Puomin sylinterin esittely<\/h2>\n<p>Puomin sylinteri on olennainen hydraulinen komponentti, joka on suunniteltu erityisesti kauhan liikkeen ohjaamiseen raskaissa koneissa, kuten kaivinkoneissa, kaivurikuormaajissa ja etukuormaajissa. T\u00e4m\u00e4 hydraulinen sylinteri mahdollistaa kauhan nostamisen, laskemisen ja kallistumisen, mik\u00e4 helpottaa tehokasta materiaalink\u00e4sittely\u00e4. Hydraulisylintereill\u00e4 on ratkaiseva rooli useissa sovelluksissa, sill\u00e4 ne tarjoavat tarvittavan voiman nostamiseen ja raskaiden laitteiden lis\u00e4laitteiden tarkkaan hallintaan.<\/p>\n<p><img decoding=\"async\" src=\"https:\/\/www.hydraulic-cylinders.net\/wp-content\/uploads\/2025\/04\/songte-company-1.webp\" alt=\"Hydraulinen sylinteri\" \/><\/p>\n<h3>Puomin sylinterin yleiskatsaus<\/h3>\n<p>Tyypillisesti eritt\u00e4in lujista materiaaleista valmistettu puomin sylinteri on suunniteltu toimimaan korkeissa paineissa ja raskaissa kuormissa. Sen rakenne varmistaa kest\u00e4vyyden sek\u00e4 kulumisen ja korroosionkest\u00e4vyyden, mik\u00e4 pident\u00e4\u00e4 sen k\u00e4ytt\u00f6ik\u00e4\u00e4 haastavissa ty\u00f6ymp\u00e4rist\u00f6iss\u00e4. Hydraulinen toiminta mahdollistaa sujuvan ja nopean pidennyksen ja sis\u00e4\u00e4nvedon, mik\u00e4 tekee siit\u00e4 sopivan raskaiden esineiden ja monimutkaisten teht\u00e4vien tehokkaaseen k\u00e4sittelyyn.<\/p>\n<h2>Puomin sylinterin t\u00e4rkeimm\u00e4t ominaisuudet<\/h2>\n<ul>\n<li><strong>Korkea lujuus ja kest\u00e4vyys:<\/strong> Valmistettu eritt\u00e4in lujasta ter\u00e4ksest\u00e4 tai alumiinista, suunniteltu kest\u00e4m\u00e4\u00e4n korkeita paineita ja raskaita kuormia, sopii vaativiin ty\u00f6olosuhteisiin ja kest\u00e4\u00e4 kulumista ja korroosiota.<\/li>\n<li><strong>Tehokas hydraulinen k\u00e4ytt\u00f6:<\/strong> Hydraulisen \u00f6ljynpaineen ansiosta laitetta voidaan vet\u00e4\u00e4 ulos ja ulos tasaisesti, mik\u00e4 mahdollistaa nopean reagoinnin ohjauskomentoihin ja tehokkaan ty\u00f6nt\u00f6- ja vetovoiman.<\/li>\n<li><strong>Erilaisia \u200b\u200btyyppej\u00e4:<\/strong> Saatavilla yksitoimisina (hydraulinen k\u00e4ytt\u00f6 yhteen suuntaan) tai kaksitoimisina (hydraulinen k\u00e4ytt\u00f6 molempiin suuntiin) kokoonpanoina erilaisten k\u00e4ytt\u00f6tarpeiden t\u00e4ytt\u00e4miseksi; jotkut mallit ovat teleskooppisia, mik\u00e4 mahdollistaa suuremman jatkeen ilman ulkomittojen kasvua.<\/li>\n<li><strong>Mukautettu valmistus:<\/strong> Tuotteemme voivat t\u00e4ydellisesti korvata olemassa olevat hydraulisylinterit, ja ne on r\u00e4\u00e4t\u00e4l\u00f6ity erilaisiin eritelmiin ja vaatimuksiin.<\/li>\n<\/ul>\n<p><img decoding=\"async\" src=\"https:\/\/www.hydraulic-cylinders.net\/wp-content\/uploads\/2025\/04\/songte-cylinder-head-with-all-kinds-excavator-models.webp\" alt=\"Kaivinkonemallit\" \/><\/p>\n<h2>Puomisylinterin sovellukset<\/h2>\n<h3>Rakennuslaitteet<\/h3>\n<p>Kaivinkoneissa puomin sylinterit ovat elint\u00e4rkeit\u00e4 kaivamisessa, lastaamisessa ja maaper\u00e4n tai roskien siirt\u00e4misess\u00e4. Hydraulij\u00e4rjestelm\u00e4 mahdollistaa kauhan liikkeiden tarkan hallinnan, jolloin kuljettajat voivat suorittaa monimutkaisia \u200b\u200bteht\u00e4vi\u00e4 tehokkaasti. N\u00e4iden sylinterien kest\u00e4vyys varmistaa, ett\u00e4 ne pystyv\u00e4t k\u00e4sittelem\u00e4\u00e4n rakennusty\u00f6maiden vaativia olosuhteita.<\/p>\n<h3>Maatalouskoneet<\/h3>\n<p>Etukuormaajissa puomin sylinterit auttavat maan, hein\u00e4n ja muiden materiaalien kauhaamisessa, nostamisessa ja kuljettamisessa. Niiden rakenne auttaa parantamaan maataloustoiminnan tuottavuutta ja tehokkuutta mahdollistamalla sujuvat ja tehokkaat lastaus- ja purkuprosessit.<\/p>\n<h3>Kaivinkoneet<\/h3>\n<p>Kaivinkoneissa puomisylinterit mahdollistavat kauhan tunkeutumisen maaper\u00e4\u00e4n kaivut\u00f6iss\u00e4. Ne mahdollistavat tehokkaat kaivuliikkeet, jotka ovat v\u00e4ltt\u00e4m\u00e4tt\u00f6mi\u00e4 rakennus-, maisemointi- ja maanrakennusprojekteissa varmistaen optimaalisen suorituskyvyn haastavissa maastoissa.<\/p>\n<h3>Kuormaajat<\/h3>\n<p>Etukuormaajissa puomisylintereill\u00e4 on ratkaiseva rooli kuormien tehokkaassa nostamisessa ja tyhjent\u00e4misess\u00e4. Niiden hydrauliset ominaisuudet mahdollistavat merkitt\u00e4v\u00e4n nostovoiman, mik\u00e4 on v\u00e4ltt\u00e4m\u00e4t\u00f6nt\u00e4 raskaiden materiaalien nopeaan ja tehokkaaseen siirt\u00e4miseen, mik\u00e4 on elint\u00e4rke\u00e4\u00e4 rakennus- ja materiaalink\u00e4sittelyaloilla.<\/p>\n<h2>Suunnittelun\u00e4k\u00f6kohdat ja valintastandardit<\/h2>\n<h3>Kantavuus<\/h3>\n<p>Kantavuuden arviointi on kriittist\u00e4. Puomin sylinterin on kestett\u00e4v\u00e4 suunniteltujen sovellusten edellytt\u00e4m\u00e4 suurin sallittu k\u00e4ytt\u00f6paine ja kuormitusvaatimukset. Oikeat erittelyt varmistavat turvallisuuden ja toiminnan tehokkuuden.<\/p>\n<h3>Tiivistyskyky<\/h3>\n<p>Tiivisteiden tehokkuus on ensiarvoisen t\u00e4rke\u00e4\u00e4 hydraulinesteen vuotojen est\u00e4misess\u00e4, jotka voivat johtaa j\u00e4rjestelm\u00e4n toimintah\u00e4iri\u00f6ihin. Laadukkaat tiivisteet pident\u00e4v\u00e4t sylinterin k\u00e4ytt\u00f6ik\u00e4\u00e4 ja minimoivat huoltotarpeen.<\/p>\n<h3>Kest\u00e4vyys<\/h3>\n<p>Kest\u00e4vyys on elint\u00e4rke\u00e4\u00e4 tasaisen suorituskyvyn yll\u00e4pit\u00e4miseksi vaativissa olosuhteissa. Kulumista ja korroosiota kest\u00e4vien materiaalien valitseminen pident\u00e4\u00e4 sylinterin k\u00e4ytt\u00f6ik\u00e4\u00e4 ja varmistaa luotettavuuden ajan kuluessa.<\/p>\n<h3>Turvaominaisuudet<\/h3>\n<p>Turvaominaisuudet, kuten ylikuormitussuoja ja asianmukaiset lukitusmekanismit, ovat olennaisia \u200b\u200bonnettomuuksien ehk\u00e4isemiseksi ja k\u00e4ytt\u00e4jien ja laitteiden turvallisuuden varmistamiseksi k\u00e4yt\u00f6n aikana.<\/p>\n<h3>Yll\u00e4pidett\u00e4vyys<\/h3>\n<p>Helppok\u00e4ytt\u00f6inen suunnittelu mahdollistaa nopeat tarkastukset, korjaukset ja osien vaihdot. S\u00e4\u00e4nn\u00f6llisten huoltotoimenpiteiden tulisi olla helppoja suorittaa, jotta puomisylinterin k\u00e4ytt\u00f6ik\u00e4 pitenee ja kalliit seisokkiajat v\u00e4ltet\u00e4\u00e4n.<\/p>\n<p><img decoding=\"async\" src=\"https:\/\/www.hydraulic-cylinders.net\/wp-content\/uploads\/2025\/04\/songte-oil-pipes-and-spare-parts.webp\" alt=\"Hydrauliset osat\" \/><\/p>\n<h2>Tiivistys ja voitelu<\/h2>\n<p>Tehokas tiivistys saavutetaan k\u00e4ytt\u00e4m\u00e4ll\u00e4 erilaisia \u200b\u200btiivisteit\u00e4, kuten m\u00e4nn\u00e4ntiivisteit\u00e4 ja varren tiivisteit\u00e4, joissa k\u00e4ytet\u00e4\u00e4n kulutusta kest\u00e4vi\u00e4 materiaaleja, kuten polyuretaania ja nitriilikumia. Sylinterin runko ja kierteitetyt p\u00e4\u00e4t koneistetaan tarkasti kest\u00e4vyyden parantamiseksi. S\u00e4\u00e4nn\u00f6llinen voitelu hydrauli\u00f6ljyll\u00e4 on v\u00e4ltt\u00e4m\u00e4t\u00f6nt\u00e4 kitkan est\u00e4miseksi ja sujuvan toiminnan varmistamiseksi. T\u00e4m\u00e4 huoltovaihe on kriittinen hydraulisylinterin k\u00e4ytt\u00f6i\u00e4n pident\u00e4miseksi.<\/p>\n<h2>Ennaltaehk\u00e4isev\u00e4t huoltotoimenpiteet<\/h2>\n<ul>\n<li><strong>S\u00e4\u00e4nn\u00f6lliset tarkastukset:<\/strong> Suorita s\u00e4\u00e4nn\u00f6llisi\u00e4 visuaalisia ja toiminnallisia tarkastuksia kulumisen, vuotojen tai vaurioiden merkkien varalta. Ongelmien varhainen havaitseminen voi est\u00e4\u00e4 suurempia vikoja.<\/li>\n<li><strong>Asianmukainen voitelu:<\/strong> Pid\u00e4 \u00f6ljym\u00e4\u00e4r\u00e4t oikeina ja vaihda hydrauliikka\u00f6ljy suositusten mukaisesti optimaalisen suorituskyvyn varmistamiseksi ja vaurioiden est\u00e4miseksi.<\/li>\n<li><strong>Tiivisteiden vaihdot:<\/strong> Tarkasta ja vaihda tiivisteet s\u00e4\u00e4nn\u00f6llisesti sylinterin eheyden s\u00e4ilytt\u00e4miseksi ja hydraulinesteen vuotojen est\u00e4miseksi.<\/li>\n<\/ul>\n<h2>Asennusohjeet<\/h2>\n<p>Puomin sylinterin oikea asennus on ratkaisevan t\u00e4rke\u00e4\u00e4 optimaalisen suorituskyvyn saavuttamiseksi. Varmista aluksi, ett\u00e4 sylinteri on kohdistettu oikein kiinnityspisteisiin, jotta v\u00e4ltet\u00e4\u00e4n tarpeeton rasitus ja vauriot k\u00e4yt\u00f6n aikana. K\u00e4yt\u00e4 sopivia kiinnityskiinnikkeit\u00e4 sylinterin kiinnitt\u00e4miseksi tukevasti paikalleen. Asennuksen j\u00e4lkeen on suoritettava perusteellinen tarkastus kohdistuksen ja toimivuuden varmistamiseksi. Noudata valmistajan ohjeita v\u00e4\u00e4nt\u00f6momenttiasetusten ja kiinnityskokoonpanojen suhteen. S\u00e4\u00e4nn\u00f6lliset tarkastukset asennuksen j\u00e4lkeen auttavat yll\u00e4pit\u00e4m\u00e4\u00e4n toimivuutta ja turvallisuutta.<\/p>\n<h2>Yleiset huoltoteht\u00e4v\u00e4t<\/h2>\n<ul>\n<li><strong>S\u00e4\u00e4nn\u00f6lliset tarkastukset:<\/strong> Suorita rutiinitarkastuksia kulumisen ja repe\u00e4misen merkkien tunnistamiseksi. Varhainen havaitseminen voi s\u00e4\u00e4st\u00e4\u00e4 korjauksiin liittyv\u00e4\u00e4 aikaa ja kustannuksia.<\/li>\n<li><strong>Oikea voitelu:<\/strong> Varmista, ett\u00e4 hydrauliikka\u00f6ljyn taso on oikea, ja k\u00e4yt\u00e4 korkealaatuisia nesteit\u00e4 sis\u00e4isten osien kulumisen minimoimiseksi.<\/li>\n<li><strong>Tiivisteiden vaihdot:<\/strong> Tarkista tiivisteet s\u00e4\u00e4nn\u00f6llisesti vaurioiden varalta ja vaihda ne vuotojen est\u00e4miseksi, jotta hydrauliikkaj\u00e4rjestelm\u00e4 toimii tehokkaasti.<\/li>\n<\/ul>\n<h2>Turvallisuusn\u00e4k\u00f6kohdat ja ymp\u00e4rist\u00f6tekij\u00e4t<\/h2>\n<p>Hydraulij\u00e4rjestelmi\u00e4 k\u00e4ytett\u00e4ess\u00e4 turvatoimenpiteet ovat ensiarvoisen t\u00e4rkeit\u00e4. K\u00e4ytt\u00e4j\u00e4t tulee kouluttaa tunnistamaan hydraulisiin laitteisiin liittyv\u00e4t vaarat, mukaan lukien korkeapaineisen nesteen ruiskutuksen mahdollisuus. Asianmukaisia \u200b\u200bsuojavarusteita on aina k\u00e4ytett\u00e4v\u00e4. Lis\u00e4ksi hydraulinesteiden ja muiden materiaalien h\u00e4vitt\u00e4misess\u00e4 tulisi ottaa huomioon ymp\u00e4rist\u00f6n\u00e4k\u00f6kohdat saastumisen est\u00e4miseksi ja kest\u00e4v\u00e4n kehityksen edist\u00e4miseksi.<\/p>\n<h2>Vianm\u00e4\u00e4ritys ja yleiset ongelmat<\/h2>\n<ul>\n<li><strong>Reagoimaton sylinteri:<\/strong> Jos puomin sylinteri ei reagoi, tarkista hydraulinesteen m\u00e4\u00e4r\u00e4 ja varmista, ettei letkuissa ole tukoksia.<\/li>\n<li><strong>Vuodot:<\/strong> Tunnista vuotojen l\u00e4hde viipym\u00e4tt\u00e4. Tarkasta tiivisteet ja liittimet ja vaihda ne tarvittaessa paineen yll\u00e4pit\u00e4miseksi.<\/li>\n<li><strong>Ep\u00e4tasainen liike:<\/strong> Tarkista hydrauliikkaj\u00e4rjestelm\u00e4n tukokset tai linjausvirheet. S\u00e4\u00e4nn\u00f6llinen huolto auttaa est\u00e4m\u00e4\u00e4n t\u00e4m\u00e4n ongelman.<\/li>\n<\/ul>\n<h2>Vianm\u00e4\u00e4ritys ja ratkaisut<\/h2>\n<p>Ongelmien tehokkaaksi diagnosoimiseksi k\u00e4ytt\u00e4jien tulisi pit\u00e4\u00e4 kirjaa suorituskykytiedoista ja kirjata kaikki toiminnan poikkeavuudet. Ennaltaehk\u00e4isevien toimenpiteiden, kuten s\u00e4\u00e4nn\u00f6llisen huollon ja tarkastusten, toteuttaminen auttaa v\u00e4hent\u00e4m\u00e4\u00e4n ongelmien todenn\u00e4k\u00f6isyytt\u00e4. Jos ongelmia ilmenee, ota yhteytt\u00e4 ammattitaitoiseen teknikkoon saadaksesi vianetsint\u00e4ohjeita.<\/p>\n<p><img decoding=\"async\" src=\"https:\/\/www.hydraulic-cylinders.net\/wp-content\/uploads\/2025\/04\/songte-bushings-with-all-kinds-of-excavator-models.webp\" alt=\"Kaivinkoneiden holkit\" \/><\/p>\n<h2>Tietoa yrityksest\u00e4mme<\/h2>\n<p>Olemme johtava hydraulisten sylinterien vaihto-osien valmistaja, joka tarjoaa kattavan valikoiman tuotteita kotimaisille ja kansainv\u00e4lisille markkinoille. Sitoutumisemme laatuun ja erinomaisuuteen heijastuu hienostuneissa valmistusstrategioissamme ja huippumoderneissa tuotantolaitoksissamme. Taitavien ammattilaistemme tiimi varmistaa, ett\u00e4 toimitamme tehokkaita ja tarkasti suunniteltuja ratkaisuja, jotka on r\u00e4\u00e4t\u00e4l\u00f6ity vastaamaan monipuolisiin asiakastarpeisiin.<\/p>\n<p><img decoding=\"async\" src=\"https:\/\/www.hydraulic-cylinders.net\/wp-content\/uploads\/2025\/04\/songte-company-4.webp\" alt=\"Yrityksen yleiskatsaus\" \/><br \/>\n<img decoding=\"async\" src=\"https:\/\/www.hydraulic-cylinders.net\/wp-content\/uploads\/2025\/04\/songte-company-3.webp\" alt=\"Yrityksen tuotanto\" \/><\/p>\n<p>Tarjoamme ammattitaitoisia palveluita, kansainv\u00e4lisi\u00e4 sertifikaatteja ja r\u00e4\u00e4t\u00e4l\u00f6intivaihtoehtoja vastataksemme asiakkaiden erityisvaatimuksiin. Tarjoamme my\u00f6s poikkeuksellisen myynninj\u00e4lkeisen tuen asiakastyytyv\u00e4isyyden varmistamiseksi.<\/p>\n<p>Kirjoittaja: lyl<\/p>","protected":false},"excerpt":{"rendered":"<p>Boom Cylinder For Yishan YS220 Introduction to the Boom Cylinder The Boom Cylinder is an essential hydraulic component designed specifically for controlling the movement of the bucket in heavy machinery such as excavators, backhoe loaders, and front-end loaders. This hydraulic cylinder enables the bucket to lift, lower, and tilt, facilitating efficient material handling tasks. Hydraulic [&hellip;]<\/p>","protected":false},"featured_media":17873,"comment_status":"open","ping_status":"closed","template":"","meta":{"_et_pb_use_builder":"","_et_pb_old_content":"","_et_gb_content_width":""},"product_brand":[],"product_cat":[1546],"product_tag":[1547,1496],"class_list":{"0":"post-19565","1":"product","2":"type-product","3":"status-publish","4":"has-post-thumbnail","6":"product_cat-boom-cylinders","7":"product_tag-boom-cylinders","8":"product_tag-hydraulic-cylinders","10":"first","11":"instock","12":"shipping-taxable","13":"product-type-simple"},"amp_enabled":true,"_links":{"self":[{"href":"https:\/\/www.hydraulic-cylinders.net\/fi\/wp-json\/wp\/v2\/product\/19565","targetHints":{"allow":["GET"]}}],"collection":[{"href":"https:\/\/www.hydraulic-cylinders.net\/fi\/wp-json\/wp\/v2\/product"}],"about":[{"href":"https:\/\/www.hydraulic-cylinders.net\/fi\/wp-json\/wp\/v2\/types\/product"}],"replies":[{"embeddable":true,"href":"https:\/\/www.hydraulic-cylinders.net\/fi\/wp-json\/wp\/v2\/comments?post=19565"}],"wp:featuredmedia":[{"embeddable":true,"href":"https:\/\/www.hydraulic-cylinders.net\/fi\/wp-json\/wp\/v2\/media\/17873"}],"wp:attachment":[{"href":"https:\/\/www.hydraulic-cylinders.net\/fi\/wp-json\/wp\/v2\/media?parent=19565"}],"wp:term":[{"taxonomy":"product_brand","embeddable":true,"href":"https:\/\/www.hydraulic-cylinders.net\/fi\/wp-json\/wp\/v2\/product_brand?post=19565"},{"taxonomy":"product_cat","embeddable":true,"href":"https:\/\/www.hydraulic-cylinders.net\/fi\/wp-json\/wp\/v2\/product_cat?post=19565"},{"taxonomy":"product_tag","embeddable":true,"href":"https:\/\/www.hydraulic-cylinders.net\/fi\/wp-json\/wp\/v2\/product_tag?post=19565"}],"curies":[{"name":"wp","href":"https:\/\/api.w.org\/{rel}","templated":true}]}}