{"id":19571,"date":"2025-04-07T06:55:09","date_gmt":"2025-04-07T06:55:09","guid":{"rendered":"https:\/\/www.hydraulic-cylinders.net\/product\/boom-cylinder-for-john-deere-e230lc\/"},"modified":"2025-04-07T06:55:12","modified_gmt":"2025-04-07T06:55:12","slug":"boom-cylinder-for-john-deere-e230lc","status":"publish","type":"product","link":"https:\/\/www.hydraulic-cylinders.net\/fi\/tuote\/boom-cylinder-for-john-deere-e230lc\/","title":{"rendered":"Puomin sylinteri John Deere E230LC:lle"},"content":{"rendered":"<h1>Puomin sylinteri John Deere E230LC:lle<\/h1>\n<h2>Tuotteen yleiskatsaus<\/h2>\n<p>John Deere E230LC:n puomin sylinteri on t\u00e4rke\u00e4 hydraulinen komponentti, joka on suunniteltu ohjaamaan puomin liikett\u00e4 raskaissa koneissa. N\u00e4m\u00e4 sylinterit on suunniteltu erityisesti kaivinkoneisiin, traktorikaivureihin ja kuormaajiin, ja ne mahdollistavat puomin nostamisen, laskemisen ja kallistuksen, mik\u00e4 helpottaa tehokkaita materiaalink\u00e4sittelyteht\u00e4vi\u00e4. Hydraulij\u00e4rjestelmien k\u00e4ytt\u00f6voimana toimivat kauhan sylinterit muuntavat hydraulisen paineen mekaaniseksi liikkeeksi, mik\u00e4 mahdollistaa tarkan ohjauksen ja k\u00e4yt\u00f6n erilaisissa sovelluksissa.<\/p>\n<p><img decoding=\"async\" src=\"https:\/\/www.hydraulic-cylinders.net\/wp-content\/uploads\/2025\/04\/songte-company-1.webp\" alt=\"Puomin sylinteri\"><\/p>\n<h3>Kauhasylinterien ymm\u00e4rt\u00e4minen<\/h3>\n<p>Kauhasylinterit ovat hydraulisylintereit\u00e4, joilla on ratkaiseva rooli raskaiden laitteiden toiminnan hallinnassa. Ne ovat v\u00e4ltt\u00e4m\u00e4tt\u00f6mi\u00e4 teht\u00e4viss\u00e4, kuten kaivamisessa, nostamisessa ja materiaalien kuljetuksessa. N\u00e4iden sylinterien toiminta perustuu hydrauliikan periaatteisiin, joissa nestepainetta k\u00e4ytet\u00e4\u00e4n sujuvan ja tehokkaan liikkeen mahdollistamiseksi. Niiden suunnittelussa on otettu huomioon lujuus, kest\u00e4vyys ja pitk\u00e4aikainen suorituskyky vaativissa olosuhteissa.<\/p>\n<h2>Puomin sylinterin t\u00e4rkeimm\u00e4t ominaisuudet<\/h2>\n<ul>\n<li><strong>Korkea lujuus ja kest\u00e4vyys:<\/strong> N\u00e4m\u00e4 sylinterit on valmistettu lujasta ter\u00e4ksest\u00e4 tai alumiinista, ja ne kest\u00e4v\u00e4t korkeita paineita ja raskaita kuormia, joten ne sopivat vaativiin ty\u00f6olosuhteisiin.<\/li>\n<li><strong>Tehokas hydraulinen k\u00e4ytt\u00f6:<\/strong> Hydrauli\u00f6ljyn painetta hy\u00f6dynt\u00e4v\u00e4 puomin sylinteri mahdollistaa sujuvan ojennuksen ja sis\u00e4\u00e4nvedon, mik\u00e4 tarjoaa vankat ty\u00f6nt\u00f6- ja veto-ominaisuudet raskaisiin nostoteht\u00e4viin.<\/li>\n<li><strong>Erilaisia \u200b\u200btyyppej\u00e4:<\/strong> Saatavilla yksitoimisina (toimii yhteen suuntaan) tai kaksitoimisina (toimii molempiin suuntiin) kokoonpanoina vaihtelevien k\u00e4ytt\u00f6tarpeiden t\u00e4ytt\u00e4miseksi.<\/li>\n<li><strong>Tilaa s\u00e4\u00e4st\u00e4v\u00e4t mallit:<\/strong> Tietyiss\u00e4 malleissa on teleskooppirakenteet, jotka mahdollistavat suuremman pidennysosan ilman, ett\u00e4 kokonaismitat kasvavat, mik\u00e4 sopii erinomaisesti rajoitetun tilan sovelluksiin.<\/li>\n<li><strong>Mukautettu valmistus:<\/strong> Pystymme valmistamaan t\u00e4m\u00e4n tuotteen korvaamaan t\u00e4ydellisesti olemassa olevat hydraulisylinterit ja tarjoamaan r\u00e4\u00e4t\u00e4l\u00f6ityj\u00e4 ratkaisuja asiakkaillemme.<\/li>\n<\/ul>\n<p><img decoding=\"async\" src=\"https:\/\/www.hydraulic-cylinders.net\/wp-content\/uploads\/2025\/04\/songte-cylinder-head-with-all-kinds-excavator-models.webp\" alt=\"Mukautettu valmistus\"><\/p>\n<h2>Puomisylinterin sovellukset<\/h2>\n<h3>Rakennuslaitteet<\/h3>\n<p>Rakennuskoneissa, kuten kaivinkoneissa, puomin sylinterit ovat olennainen osa maan tai roskien kaivamista, lastaamista ja siirt\u00e4mist\u00e4. Ne tarjoavat tarvittavan voiman maan tunkeutumiseen, raskaiden kuormien nostamiseen ja puomin sijoittamiseen tarkkoja kaivutoimintoja varten. T\u00e4m\u00e4 tehokkuus parantaa tuottavuutta ty\u00f6mailla, mik\u00e4 nopeuttaa projektien valmistumista ja v\u00e4hent\u00e4\u00e4 k\u00e4ytt\u00f6kustannuksia.<\/p>\n<h3>Maatalouskoneet<\/h3>\n<p>Etukuormaajissa k\u00e4ytett\u00e4v\u00e4t puomisylinterit ovat v\u00e4ltt\u00e4m\u00e4tt\u00f6mi\u00e4 maaper\u00e4n, hein\u00e4n ja muiden materiaalien kaivamiseen, nostamiseen ja kuljettamiseen. Niiden kyky k\u00e4sitell\u00e4 raskaita kuormia helposti tekee niist\u00e4 korvaamattomia maataloustoiminnassa varmistaen, ett\u00e4 teht\u00e4v\u00e4t suoritetaan nopeasti ja tehokkaasti.<\/p>\n<h3>Kaivinkoneet<\/h3>\n<p>Kaivinkoneissa puomin sylinteri mahdollistaa kauhan tehokkaan tunkeutumisen maaper\u00e4\u00e4n, mik\u00e4 helpottaa rakennus- ja maisemointiprojekteissa tarvittavia kaivutoimia. Niiden tehokas toiminta varmistaa, ett\u00e4 kaivinkoneet pystyv\u00e4t k\u00e4sittelem\u00e4\u00e4n kovia materiaaleja, mik\u00e4 tarjoaa kilpailuetua markkinoilla.<\/p>\n<h3>Kuormaajat<\/h3>\n<p>Etukuormaajissa puomin sylinterit auttavat kuormien tehokkaassa nostamisessa ja tyhjent\u00e4misess\u00e4. Ne varmistavat, ett\u00e4 materiaalit voidaan nostaa vaaditulle korkeudelle tyhjent\u00e4mist\u00e4 varten, mik\u00e4 on ratkaisevan t\u00e4rke\u00e4\u00e4 erilaisissa maisemointi-, rakennus- ja kaivosty\u00f6teht\u00e4viss\u00e4.<\/p>\n<h2>Suunnittelun\u00e4k\u00f6kohdat ja valintakriteerit<\/h2>\n<h3>Kantavuus<\/h3>\n<p>Puomisylinterin kuormituskapasiteetti on ensiarvoisen t\u00e4rke\u00e4\u00e4 sen varmistamiseksi, ett\u00e4 se pystyy k\u00e4sittelem\u00e4\u00e4n materiaalien ja laitteiden painon k\u00e4yt\u00f6n aikana. Asianmukaiset laskelmat ja arvioinnit on teht\u00e4v\u00e4, jotta voidaan valita sylinteri, joka t\u00e4ytt\u00e4\u00e4 tai ylitt\u00e4\u00e4 k\u00e4ytt\u00f6vaatimukset, mik\u00e4 est\u00e4\u00e4 onnettomuuksiin tai laitevaurioihin johtavat viat.<\/p>\n<h3>Tiivistys<\/h3>\n<p>Tehokkaat tiivistysmekanismit ovat v\u00e4ltt\u00e4m\u00e4tt\u00f6mi\u00e4 hydraulinesteen pit\u00e4miseksi sylinteriss\u00e4 ja vuotojen est\u00e4miseksi. Kest\u00e4vist\u00e4 materiaaleista valmistettujen korkealaatuisten tiivisteiden valinta on elint\u00e4rke\u00e4\u00e4 pitk\u00e4ik\u00e4isyyden ja suorituskyvyn varmistamiseksi korkeassa paineessa. Tiivisteiden s\u00e4\u00e4nn\u00f6lliset tarkastukset ja vaihdot ovat v\u00e4ltt\u00e4m\u00e4tt\u00f6mi\u00e4 optimaalisen toiminnan yll\u00e4pit\u00e4miseksi.<\/p>\n<h3>Kest\u00e4vyys<\/h3>\n<p>Kest\u00e4vyys on ratkaiseva tekij\u00e4 puomisylinterien suunnittelussa, koska ne altistuvat \u00e4\u00e4rimm\u00e4isille olosuhteille ja kovalle k\u00e4yt\u00f6lle. Materiaalien ja valmistusmenetelmien valinnassa tulisi asettaa etusijalle kulumisen, ymp\u00e4rist\u00f6vaikutusten ja v\u00e4symisen kest\u00e4vyys ajan my\u00f6t\u00e4. Kest\u00e4vien suunnittelustandardien toteuttaminen varmistaa, ett\u00e4 n\u00e4m\u00e4 sylinterit kest\u00e4v\u00e4t ankaria olosuhteita suorituskyky\u00e4 vaarantamatta.<\/p>\n<h3>Turvallisuus<\/h3>\n<p>Puomisylinterien suunnitteluun tulisi integroida turvaominaisuudet onnettomuuksien est\u00e4miseksi k\u00e4yt\u00f6n aikana. N\u00e4ihin kuuluvat varoventtiilit ja paineenalennusj\u00e4rjestelm\u00e4t, jotka v\u00e4hent\u00e4v\u00e4t ylipaineistuksen riskej\u00e4 ja tarjoavat k\u00e4ytt\u00e4jille mielenrauhaa laitteita k\u00e4ytett\u00e4ess\u00e4.<\/p>\n<h3>Yll\u00e4pidett\u00e4vyys<\/h3>\n<p>Helppo huolto on toinen t\u00e4rke\u00e4 n\u00e4k\u00f6kohta. Suunnittelun tulisi mahdollistaa nopeat tarkastus- ja huoltoteht\u00e4v\u00e4t, mik\u00e4 mahdollistaa oikea-aikaiset korjaukset ja s\u00e4\u00e4d\u00f6t. Komponenttien huollettavuus vaikuttaa negatiivisesti seisokkiaikaan ja toiminnan tehokkuuteen, jos sit\u00e4 ei oteta asianmukaisesti huomioon suunnitteluvaiheessa.<\/p>\n<p><img decoding=\"async\" src=\"https:\/\/www.hydraulic-cylinders.net\/wp-content\/uploads\/2025\/04\/songte-oil-pipes-and-spare-parts.webp\" alt=\"Hydrauliset osat\"><\/p>\n<h2>Tiivistys ja voitelu<\/h2>\n<p>Tiivistys ja voitelu ovat ratkaisevan t\u00e4rkeit\u00e4 puomisylinterien suorituskyvyn yll\u00e4pit\u00e4misess\u00e4. Erilaisia \u200b\u200btiivisteit\u00e4, kuten m\u00e4nn\u00e4ntiivisteit\u00e4 ja varren tiivisteit\u00e4, k\u00e4ytet\u00e4\u00e4n est\u00e4m\u00e4\u00e4n hydraulinesteen vuotoja ja kontaminaatiota. Materiaaleja, kuten polyuretaania ja nitriilikumia, k\u00e4ytet\u00e4\u00e4n yleisesti niiden kulutuskest\u00e4vyyden ja ankarien olosuhteiden kest\u00e4vyyden vuoksi. Sylinterin runko ja kierteitetyt p\u00e4\u00e4t ty\u00f6stet\u00e4\u00e4n tarkasti kulutuskest\u00e4vyyden parantamiseksi, kun taas s\u00e4\u00e4nn\u00f6llinen voitelu hydrauli\u00f6ljyll\u00e4 varmistaa sujuvan toiminnan ja pident\u00e4\u00e4 sylinterin k\u00e4ytt\u00f6ik\u00e4\u00e4.<\/p>\n<h2>S\u00e4\u00e4nn\u00f6llinen huolto ja ennaltaehk\u00e4isev\u00e4t toimenpiteet<\/h2>\n<ul>\n<li><strong>S\u00e4\u00e4nn\u00f6lliset tarkastukset:<\/strong> Rutiinitarkastusten tekeminen auttaa tunnistamaan kulumisen ja mahdolliset viat ennen kuin ne pahenevat. Etsi merkkej\u00e4 vuodoista tai ep\u00e4tavallisesta kulumisesta tiivisteiss\u00e4 ja komponenteissa.<\/li>\n<li><strong>Oikea voitelu:<\/strong> Voitele liikkuvat osat s\u00e4\u00e4nn\u00f6llisesti sopivalla hydrauliikka\u00f6ljyll\u00e4 kitkan ja kulumisen v\u00e4hent\u00e4miseksi. Varmista, ett\u00e4 k\u00e4ytetty \u00f6ljy t\u00e4ytt\u00e4\u00e4 optimaalisen suorituskyvyn edellytt\u00e4m\u00e4t vaatimukset.<\/li>\n<li><strong>Tiivisteen vaihto:<\/strong> Ajan my\u00f6t\u00e4 tiivisteet kuluvat ja voivat johtaa vuotoihin. Laadi aikataulu tiivisteiden tarkastamiseksi ja tarvittaessa vaihtamiseksi hydraulij\u00e4rjestelm\u00e4n eheyden yll\u00e4pit\u00e4miseksi.<\/li>\n<\/ul>\n<h2>Asennusohjeet<\/h2>\n<p>Puomisylinterin oikea asennus on v\u00e4ltt\u00e4m\u00e4t\u00f6nt\u00e4 sen suorituskyvyn ja pitk\u00e4n k\u00e4ytt\u00f6i\u00e4n kannalta. Varmista, ett\u00e4 asennuksen aikana noudatetaan seuraavia ohjeita:<\/p>\n<ol>\n<li>Kohdista sylinteri oikein kiinnityspisteisiin est\u00e4\u00e4ksesi liiallisen rasituksen ja varmistaaksesi sujuvan toiminnan.<\/li>\n<li>K\u00e4yt\u00e4 sopivia kiinnityskiinnikkeit\u00e4 ja kiinnitystarvikkeita sylinterin kiinnitt\u00e4miseen paikalleen v\u00e4ltt\u00e4en liikkumista, joka voisi johtaa virheelliseen kohdistukseen.<\/li>\n<li>Tarkista kaikkien hydrauliliit\u00e4nt\u00f6jen tiiviys vuotojen est\u00e4miseksi.<\/li>\n<li>T\u00e4yt\u00e4 hydraulij\u00e4rjestelm\u00e4 suositellulla nesteell\u00e4 varmistaen, ettei letkuissa ole ilmataskuja.<\/li>\n<li>Testaa j\u00e4rjestelm\u00e4\u00e4 pienell\u00e4 kuormituksella ennen t\u00e4ytt\u00e4 k\u00e4ytt\u00f6\u00e4 varmistaaksesi, ett\u00e4 kaikki toimii oikein.<\/li>\n<\/ol>\n<h2>Yleiset huoltoteht\u00e4v\u00e4t<\/h2>\n<h3>S\u00e4\u00e4nn\u00f6lliset tarkastukset<\/h3>\n<p>Rutiinitarkastukset ovat v\u00e4ltt\u00e4m\u00e4tt\u00f6mi\u00e4 kulumiskohtien tai mahdollisten vikaantumiskohtien havaitsemiseksi varhaisessa vaiheessa. Tarkasta s\u00e4\u00e4nn\u00f6llisesti hydrauliikkalinjat, tiivisteet ja sylinterin runko mahdollisten vuotojen tai vaurioiden varalta. Korjaa mahdolliset ongelmat v\u00e4litt\u00f6m\u00e4sti v\u00e4ltt\u00e4\u00e4ksesi kalliit korjaukset my\u00f6hemmin.<\/p>\n<h3>Asianmukainen voitelu<\/h3>\n<p>Regular lubrication of the boom cylinder is crucial to ensure smooth operation. Use the correct hydraulic oil and ensure that the lubrication schedule aligns with the manufacturer&#8217;s recommendations. Proper lubrication significantly enhances the lifespan of the hydraulic system.<\/p>\n<h3>Tiivisteen vaihto ja kalibrointi<\/h3>\n<p>Ajan my\u00f6t\u00e4 tiivisteet voivat kulua ja ne on vaihdettava hydraulij\u00e4rjestelm\u00e4n eheyden yll\u00e4pit\u00e4miseksi. Laadi aikataulu tiivisteiden tarkastuksille ja vaihdoille. Hydraulij\u00e4rjestelm\u00e4n kalibroinnilla on my\u00f6s t\u00e4rke\u00e4 rooli optimaalisen suorituskyvyn varmistamisessa ja toimintah\u00e4iri\u00f6iden tai vikojen todenn\u00e4k\u00f6isyyden v\u00e4hent\u00e4misess\u00e4.<\/p>\n<p><img decoding=\"async\" src=\"https:\/\/www.hydraulic-cylinders.net\/wp-content\/uploads\/2025\/04\/songte-chushion-collar.webp\" alt=\"Tyynykaulus\"><\/p>\n<h2>Turvallisuusn\u00e4k\u00f6kohdat ja ymp\u00e4rist\u00f6tekij\u00e4t<\/h2>\n<p>Turvatoimenpiteet ovat ensiarvoisen t\u00e4rkeit\u00e4 hydraulisylintereiden kanssa ty\u00f6skennelt\u00e4ess\u00e4. K\u00e4ytt\u00e4j\u00e4t tulee kouluttaa laitteiden turvalliseen k\u00e4ytt\u00f6\u00f6n ja heid\u00e4n tulee ymm\u00e4rt\u00e4\u00e4 hydraulij\u00e4rjestelmiin liittyv\u00e4t riskit. Turvallisuusprotokollien, kuten asianmukaisten henkil\u00f6nsuojainten (PPE) k\u00e4yt\u00f6n ja kaikkien laitteiden hyv\u00e4ss\u00e4 toimintakunnossa pit\u00e4misen, toteuttaminen on olennaista. Lis\u00e4ksi on otettava huomioon hydraulinesteiden ymp\u00e4rist\u00f6vaikutukset ja varmistettava, ett\u00e4 kaikki toimenpiteet ovat paikallisten vuotoja ja j\u00e4tteiden h\u00e4vitt\u00e4mist\u00e4 koskevien m\u00e4\u00e4r\u00e4ysten mukaisia.<\/p>\n<h2>Vianm\u00e4\u00e4ritys ja yleiset ongelmat<\/h2>\n<h3>Yleisi\u00e4 ongelmia<\/h3>\n<ul>\n<li><strong>Vuoto:<\/strong> T\u00e4m\u00e4 voi johtua kuluneista tiivisteist\u00e4 tai l\u00f6ysist\u00e4 liitoksista. S\u00e4\u00e4nn\u00f6lliset tarkastukset voivat auttaa tunnistamaan vuodot varhaisessa vaiheessa.<\/li>\n<li><strong>Hidas toiminta:<\/strong> Jos sylinteri liikkuu hitaasti, se voi viitata alhaiseen hydrauliikka\u00f6ljyn tasoon tai ilmaan j\u00e4rjestelm\u00e4ss\u00e4. Tarkista \u00f6ljyn tasot ja ilmaa j\u00e4rjestelm\u00e4 tarvittaessa.<\/li>\n<li><strong>Ep\u00e4tavalliset \u00e4\u00e4net:<\/strong> Hankaavat tai vinkuvat \u00e4\u00e4net voivat viitata mekaaniseen kulumiseen tai riitt\u00e4m\u00e4tt\u00f6m\u00e4\u00e4n voiteluun. Tutki ja korjaa kaikki \u00e4\u00e4net v\u00e4litt\u00f6m\u00e4sti.<\/li>\n<\/ul>\n<h3>Vianm\u00e4\u00e4ritysvinkkej\u00e4<\/h3>\n<p>Ongelmien tehokkaaseen diagnosointiin ja ratkaisemiseen k\u00e4ytt\u00e4jien tulisi pit\u00e4\u00e4 yll\u00e4 tarkistuslistaa oireista ja mahdollisista syist\u00e4. Jos esimerkiksi vuotoa havaitaan, tarkasta ensin tiivisteet ja liittimet. Jos havaitaan hidasta toimintaa, tarkista hydraulinesteen taso ja etsi ilmaa letkuista. N\u00e4iden ongelmien nopea korjaaminen voi est\u00e4\u00e4 vakavampia vaurioita ja k\u00e4ytt\u00f6katkoksia.<\/p>\n<p><img decoding=\"async\" src=\"https:\/\/www.hydraulic-cylinders.net\/wp-content\/uploads\/2025\/04\/songte-bushings-with-all-kinds-of-excavator-models.webp\" alt=\"Holkit\"><\/p>\n<h2>Tietoa yrityksest\u00e4mme<\/h2>\n<p>We are a leading manufacturer of replacement hydraulic cylinders, offering a comprehensive range of products to meet the diverse needs of domestic and international markets. Our commitment to excellence is backed by a refined manufacturing strategy that incorporates high standards of quality control. Our facilities are equipped with advanced technology, enabling us to produce cylinders that meet rigorous performance criteria. We pride ourselves on our innovative capabilities and our ability to provide customized solutions tailored to our clients&#8217; specific needs.<\/p>\n<p><img decoding=\"async\" src=\"https:\/\/www.hydraulic-cylinders.net\/wp-content\/uploads\/2025\/04\/songte-company-4.webp\" alt=\"Yrityksen yleiskatsaus\"><br \/>\n<img decoding=\"async\" src=\"https:\/\/www.hydraulic-cylinders.net\/wp-content\/uploads\/2025\/04\/songte-company-3.webp\" alt=\"Tuotantolaitos\"><\/p>\n<h3>Ammattitaito ja sertifikaatit<\/h3>\n<p>Our company adheres to international standards and certifications, ensuring that our products meet the highest quality benchmarks. We focus on delivering customized services tailored to our clients&#8217; requirements, ensuring satisfaction and reliability.<\/p>\n<h3>Tuotantolaitteet<\/h3>\n<p>Huippuluokan tuotantolaitteistomme ansiosta pystymme valmistamaan korkealaatuisia hydraulisylintereit\u00e4 tarkasti ja tehokkaasti. Valmistusprosessimme on suunniteltu vastaamaan markkinoiden vaatimuksiin ja noudattamaan turvallisuusm\u00e4\u00e4r\u00e4yksi\u00e4, ja keskitymme laatuun ja suorituskykyyn.<\/p>\n<h3>Myynnin j\u00e4lkeinen palvelu<\/h3>\n<p>Tarjoamme kattavia myynnin j\u00e4lkeisi\u00e4 palveluita, mukaan lukien asennus-, huolto- ja vianetsint\u00e4tukea. Omistautunut asiakaspalvelutiimimme on k\u00e4ytett\u00e4viss\u00e4 auttamaan asiakkaita kaikissa heid\u00e4n kohtaamissaan ongelmissa varmistaen saumattoman kokemuksen ostosta k\u00e4ytt\u00f6\u00f6nottoon.<\/p>\n<p>Kirjoittaja: lyl<\/p>","protected":false},"excerpt":{"rendered":"<p>Boom Cylinder For John Deere E230LC Product Overview The Boom Cylinder for John Deere E230LC is a vital hydraulic component designed to control the movement of the boom in heavy machinery. These cylinders are specifically engineered for use in excavators, backhoes, and loaders, enabling the boom to lift, lower, and tilt, facilitating efficient material handling [&hellip;]<\/p>","protected":false},"featured_media":17879,"comment_status":"open","ping_status":"closed","template":"","meta":{"_et_pb_use_builder":"","_et_pb_old_content":"","_et_gb_content_width":""},"product_brand":[],"product_cat":[1546],"product_tag":[1547,1496],"class_list":{"0":"post-19571","1":"product","2":"type-product","3":"status-publish","4":"has-post-thumbnail","6":"product_cat-boom-cylinders","7":"product_tag-boom-cylinders","8":"product_tag-hydraulic-cylinders","10":"first","11":"instock","12":"shipping-taxable","13":"product-type-simple"},"amp_enabled":true,"_links":{"self":[{"href":"https:\/\/www.hydraulic-cylinders.net\/fi\/wp-json\/wp\/v2\/product\/19571","targetHints":{"allow":["GET"]}}],"collection":[{"href":"https:\/\/www.hydraulic-cylinders.net\/fi\/wp-json\/wp\/v2\/product"}],"about":[{"href":"https:\/\/www.hydraulic-cylinders.net\/fi\/wp-json\/wp\/v2\/types\/product"}],"replies":[{"embeddable":true,"href":"https:\/\/www.hydraulic-cylinders.net\/fi\/wp-json\/wp\/v2\/comments?post=19571"}],"wp:featuredmedia":[{"embeddable":true,"href":"https:\/\/www.hydraulic-cylinders.net\/fi\/wp-json\/wp\/v2\/media\/17879"}],"wp:attachment":[{"href":"https:\/\/www.hydraulic-cylinders.net\/fi\/wp-json\/wp\/v2\/media?parent=19571"}],"wp:term":[{"taxonomy":"product_brand","embeddable":true,"href":"https:\/\/www.hydraulic-cylinders.net\/fi\/wp-json\/wp\/v2\/product_brand?post=19571"},{"taxonomy":"product_cat","embeddable":true,"href":"https:\/\/www.hydraulic-cylinders.net\/fi\/wp-json\/wp\/v2\/product_cat?post=19571"},{"taxonomy":"product_tag","embeddable":true,"href":"https:\/\/www.hydraulic-cylinders.net\/fi\/wp-json\/wp\/v2\/product_tag?post=19571"}],"curies":[{"name":"wp","href":"https:\/\/api.w.org\/{rel}","templated":true}]}}