{"id":19574,"date":"2025-04-07T06:55:18","date_gmt":"2025-04-07T06:55:18","guid":{"rendered":"https:\/\/www.hydraulic-cylinders.net\/product\/boom-cylinder-for-yuchai-yc08-8\/"},"modified":"2025-04-07T06:55:20","modified_gmt":"2025-04-07T06:55:20","slug":"boom-cylinder-for-yuchai-yc08-8","status":"publish","type":"product","link":"https:\/\/www.hydraulic-cylinders.net\/fi\/tuote\/boom-cylinder-for-yuchai-yc08-8\/","title":{"rendered":"Puomin sylinteri Yuchai YC08-8:lle"},"content":{"rendered":"<h1>Puomin sylinteri Yuchai YC08-8:lle<\/h1>\n<h2>Tuotteen yleiskatsaus<\/h2>\n<p>Yuchai YC08-8:n puomisylinteri on olennainen osa raskaiden koneiden hydrauliikkaj\u00e4rjestelmi\u00e4. Hydraulisylinterin\u00e4 se on erityisesti suunniteltu ohjaamaan kauhojen liikett\u00e4 erilaisissa laitteissa, kuten kaivinkoneissa, kaivurikuormaajissa ja etukuormaajissa. Puomisylinterin ensisijainen teht\u00e4v\u00e4 on mahdollistaa kauhan nostaminen, laskeminen ja kallistaminen, mik\u00e4 helpottaa tehokasta materiaalink\u00e4sittely\u00e4.<\/p>\n<p>Puomisylinterin toiminta on kriittist\u00e4 rakennus- ja maatalouskoneissa, joissa tarvitaan tarkkaa ohjausta ja tehokasta suorituskyky\u00e4. Se mahdollistaa sujuvat liikkeet ja tarjoaa tarvittavan voiman raskaiden kuormien tehokkaaseen k\u00e4sittelyyn. Hydraulij\u00e4rjestelm\u00e4 k\u00e4ytt\u00e4\u00e4 nestepainetta, jonka avulla puomisylinteri voi laajentua ja supistua saumattomasti. T\u00e4m\u00e4 toiminto on elint\u00e4rke\u00e4 erilaisten toimintojen suorittamisessa, kuten kaivamisessa, nostamisessa ja materiaalien kuljetuksessa.<\/p>\n<p><img decoding=\"async\" src=\"https:\/\/www.hydraulic-cylinders.net\/wp-content\/uploads\/2025\/04\/songte-company-1.webp\" alt=\"Puomin sylinteri\"><\/p>\n<h2>T\u00e4rkeimm\u00e4t ominaisuudet<\/h2>\n<ul>\n<li>\n<h3>Korkea lujuus ja kest\u00e4vyys<\/h3>\n<p>Korkean lujuuden omaavasta ter\u00e4ksest\u00e4 tai alumiinista valmistettu puomin sylinteri on suunniteltu kest\u00e4m\u00e4\u00e4n korkeaa painetta ja raskaita kuormia. Sen suunnittelussa on otettu huomioon kulumiskest\u00e4vyys ja korroosionesto, mik\u00e4 varmistaa pitk\u00e4n k\u00e4ytt\u00f6i\u00e4n my\u00f6s vaativissa ty\u00f6ymp\u00e4rist\u00f6iss\u00e4.<\/p>\n<\/li>\n<li>\n<h3>Tehokas hydraulinen k\u00e4ytt\u00f6<\/h3>\n<p>Puomin sylinteri hy\u00f6dynt\u00e4\u00e4 hydrauli\u00f6ljyn painetta sujuvan pidennys- ja sis\u00e4\u00e4nvetoliikkeen aikaansaamiseksi. Se reagoi nopeasti k\u00e4ytt\u00e4j\u00e4n komentoihin ja tarjoaa vankat ty\u00f6nt\u00f6- ja vetovoimat, jotka sopivat raskaiden esineiden k\u00e4sittelyyn ja monimutkaisiin teht\u00e4viin.<\/p>\n<\/li>\n<li>\n<h3>Erilaisia \u200b\u200btyyppej\u00e4<\/h3>\n<p>K\u00e4ytt\u00f6tarpeista riippuen puomin sylinteri voidaan valita joko yksitoimiseksi (toimii yhteen suuntaan) tai kaksitoimiseksi (toimii kahteen suuntaan). Tietyt mallit ovat teleskooppisia, mik\u00e4 mahdollistaa suuremman jatkeen ilman ulkomittojen kasvua, joten ne sopivat ahtaisiin tiloihin.<\/p>\n<\/li>\n<li>\n<h3>Mukautettu valmistus<\/h3>\n<p>Yrityksemme on erikoistunut r\u00e4\u00e4t\u00e4l\u00f6ityjen puomisylintereiden valmistukseen erityistarpeisiin. Tuotteemme korvaavat t\u00e4ydellisesti olemassa olevat hydraulisylinterit varmistaen yhteensopivuuden ja suorituskyvyn.<\/p>\n<\/li>\n<li>\n<h3>Edistynyt teknologiaintegraatio<\/h3>\n<p>Hy\u00f6dynn\u00e4mme valmistusprosesseissamme huipputeknologiaa, joka parantaa puomisylintereidemme tarkkuutta ja laatua.<\/p>\n<\/li>\n<\/ul>\n<p><img decoding=\"async\" src=\"https:\/\/www.hydraulic-cylinders.net\/wp-content\/uploads\/2025\/04\/songte-cylinder-head-with-all-kinds-excavator-models.webp\" alt=\"Hydraulinen sylinterikansi\"><\/p>\n<h2>Sovellusskenaariot<\/h2>\n<h3>Rakennuslaitteet<\/h3>\n<p>Kaivinkoneissa puomisylinterit ovat ratkaisevan t\u00e4rkeit\u00e4 maan tai roskien kaivamisessa, lastaamisessa ja siirt\u00e4misess\u00e4. Ne mahdollistavat kauhan tehokkaan tunkeutumisen maahan, jolloin kuljettajat voivat suorittaa kaivuuteht\u00e4vi\u00e4 tehokkaasti. Kaivurikuormaajissa n\u00e4m\u00e4 sylinterit auttavat paitsi kaivamisessa my\u00f6s materiaalien nostamisessa, mik\u00e4 varmistaa monipuolisuuden rakennust\u00f6iss\u00e4.<\/p>\n<h3>Maatalouskoneet<\/h3>\n<p>Etukuormaajissa puomin sylinterit ovat v\u00e4ltt\u00e4m\u00e4tt\u00f6mi\u00e4 maaper\u00e4n, hein\u00e4n ja muiden materiaalien kaivamiseen, nostamiseen ja kuljettamiseen. Niiden hydraulinen voima varmistaa, ett\u00e4 suuria m\u00e4\u00e4ri\u00e4 voidaan siirt\u00e4\u00e4 nopeasti ja tehokkaasti, mik\u00e4 parantaa tuottavuutta maatiloilla ja maatalouskohteissa.<\/p>\n<h3>Kaivinkoneet<\/h3>\n<p>Kaivinkoneet k\u00e4ytt\u00e4v\u00e4t puomisylintereit\u00e4 kaivutoimintojen helpottamiseen, jolloin kauha tunkeutuu tehokkaasti maaper\u00e4\u00e4n. T\u00e4m\u00e4 ominaisuus on elint\u00e4rke\u00e4 useissa teht\u00e4viss\u00e4, kuten ojituksessa, tasoituksessa ja maan valmistelussa, joissa tarvitaan tarkkuutta ja tehoa.<\/p>\n<h3>Kuormaajat<\/h3>\n<p>Etukuormaajissa puomin sylinterit edist\u00e4v\u00e4t merkitt\u00e4v\u00e4sti kuormien tehokasta nostamista ja tyhjent\u00e4mist\u00e4. Ne on suunniteltu k\u00e4sittelem\u00e4\u00e4n raskaiden nostojen vaatimuksia s\u00e4ilytt\u00e4en samalla vakauden ja hallinnan, mik\u00e4 tekee niist\u00e4 v\u00e4ltt\u00e4m\u00e4tt\u00f6mi\u00e4 materiaalink\u00e4sittelytoiminnoissa.<\/p>\n<h2>Suunnittelun\u00e4k\u00f6kohdat<\/h2>\n<h3>Kantavuus<\/h3>\n<p>Puomisylinterin kuormituskapasiteetti on ratkaiseva tekij\u00e4 sen suunnittelussa. Se on suunniteltava kest\u00e4m\u00e4\u00e4n sen kohtaama enimm\u00e4ispaino vaarantamatta turvallisuutta tai suorituskyky\u00e4. T\u00e4m\u00e4 edellytt\u00e4\u00e4 sopivien materiaalien ja mittojen valitsemista rakenteellisen eheyden varmistamiseksi kuormituksen aikana.<\/p>\n<h3>Tiivistys<\/h3>\n<p>Tehokas tiivistys on v\u00e4ltt\u00e4m\u00e4t\u00f6nt\u00e4 hydraulisylintereiss\u00e4 nestevuotojen ja kontaminaation est\u00e4miseksi. J\u00e4rjestelm\u00e4n paineen yll\u00e4pit\u00e4miseksi ja sylinterin optimaalisen suorituskyvyn ja pitk\u00e4n k\u00e4ytt\u00f6i\u00e4n varmistamiseksi on k\u00e4ytett\u00e4v\u00e4 korkealaatuisia tiivisteit\u00e4. Suunnittelun tulisi soveltua erilaisiin tiivistetyyppeihin tiettyjen k\u00e4ytt\u00f6olosuhteiden huomioimiseksi.<\/p>\n<h3>Kest\u00e4vyys<\/h3>\n<p>Kest\u00e4vyys on ensiarvoisen t\u00e4rke\u00e4\u00e4 puomisylintereille, koska ne toimivat ankarissa olosuhteissa. K\u00e4ytettyjen materiaalien tulee kest\u00e4\u00e4 kulumista ja korroosiota, mik\u00e4 pident\u00e4\u00e4 sylinterin k\u00e4ytt\u00f6ik\u00e4\u00e4. S\u00e4\u00e4nn\u00f6llinen huolto ja laatutarkastukset valmistuksen aikana auttavat varmistamaan, ett\u00e4 sylinterit t\u00e4ytt\u00e4v\u00e4t kest\u00e4vyysstandardit.<\/p>\n<h3>Turvallisuus<\/h3>\n<p>Turvaominaisuuksien sis\u00e4llytt\u00e4minen hydraulisylinterien suunnitteluun on olennaista onnettomuuksien ehk\u00e4isemiseksi ja raskaiden koneiden turvallisen k\u00e4yt\u00f6n varmistamiseksi. N\u00e4ihin kuuluvat paineenalennusventtiilit ja vikasietomekanismit, jotka aktivoituvat toimintah\u00e4iri\u00f6n sattuessa.<\/p>\n<h3>Yll\u00e4pidett\u00e4vyys<\/h3>\n<p>Puomisylinterien rakenteen tulisi helpottaa huoltoa ja korjausta. T\u00e4m\u00e4 sis\u00e4lt\u00e4\u00e4 tiivisteiden vaihdon ja osien voitelun sek\u00e4 selke\u00e4t huolto-ohjeet. Hyvin suunnitellut huoltomenettelyt auttavat pident\u00e4m\u00e4\u00e4n hydraulij\u00e4rjestelm\u00e4n k\u00e4ytt\u00f6ik\u00e4\u00e4.<\/p>\n<p><img decoding=\"async\" src=\"https:\/\/www.hydraulic-cylinders.net\/wp-content\/uploads\/2025\/04\/songte-oil-pipes-and-spare-parts.webp\" alt=\"Hydrauliset osat\"><\/p>\n<h2>Tiivistys ja voitelu<\/h2>\n<p>Tiivistys ja voitelu ovat kriittisi\u00e4 osia hydraulisylinterien suorituskyvyn yll\u00e4pit\u00e4misess\u00e4. Erilaisia \u200b\u200btiivistyselementtej\u00e4, kuten m\u00e4nn\u00e4ntiivisteit\u00e4 ja varren tiivisteit\u00e4, k\u00e4ytet\u00e4\u00e4n varmistamaan, ett\u00e4 neste ei vuoda ja yll\u00e4pit\u00e4\u00e4 j\u00e4rjestelm\u00e4n painetta. Polyuretaanista ja nitriilikumista valmistetut tiivisteet ovat edullisia niiden kulutuskest\u00e4vyyden ja kest\u00e4vyyden vuoksi.<\/p>\n<p>Sylinterin runko ja kierteitetyt p\u00e4\u00e4typinnat on tyypillisesti hienok\u00e4sitelty kulutuskest\u00e4vyyden parantamiseksi. S\u00e4\u00e4nn\u00f6llinen voitelu sopivalla hydrauliikka\u00f6ljyll\u00e4 on v\u00e4ltt\u00e4m\u00e4t\u00f6nt\u00e4 liikkuvien osien kitkan ja kulumisen minimoimiseksi ja siten sujuvan toiminnan varmistamiseksi. S\u00e4\u00e4nn\u00f6llisen voiteluohjelman toteuttaminen on elint\u00e4rke\u00e4\u00e4 hydrauliikkaj\u00e4rjestelm\u00e4n tehokkuuden ja pitk\u00e4ik\u00e4isyyden yll\u00e4pit\u00e4miseksi.<\/p>\n<h2>S\u00e4\u00e4nn\u00f6llinen tarkastus ja ennaltaehk\u00e4isev\u00e4 huolto<\/h2>\n<ul>\n<li>\n<h3>Rutiinitarkastukset<\/h3>\n<p>Puomisylinterin s\u00e4\u00e4nn\u00f6lliset tarkastukset ovat ratkaisevan t\u00e4rkeit\u00e4 mahdollisten ongelmien tunnistamiseksi ennen niiden pahenemista. K\u00e4ytt\u00e4j\u00e4n tulee tarkistaa tiivisteiden ja muiden osien mahdolliset vuodot, korroosio tai kuluminen. Varhainen havaitseminen voi est\u00e4\u00e4 kalliita korjauksia ja pident\u00e4\u00e4 laitteen k\u00e4ytt\u00f6ik\u00e4\u00e4.<\/p>\n<\/li>\n<li>\n<h3>Oikea voitelu<\/h3>\n<p>Puomisylinterin riitt\u00e4v\u00e4 voitelu on v\u00e4ltt\u00e4m\u00e4t\u00f6nt\u00e4 sen tehokkaan toiminnan kannalta. K\u00e4ytt\u00e4j\u00e4n tulee noudattaa valmistajan ohjeita voitelutiheydest\u00e4 ja k\u00e4ytett\u00e4v\u00e4st\u00e4 hydrauliikka\u00f6ljyst\u00e4. Riitt\u00e4m\u00e4t\u00f6n voitelu voi johtaa lis\u00e4\u00e4ntyneeseen kitkaan ja ennenaikaiseen kulumiseen.<\/p>\n<\/li>\n<li>\n<h3>Tiivisteen vaihto<\/h3>\n<p>Ajan my\u00f6t\u00e4 tiivisteet voivat heikenty\u00e4 ja ne on vaihdettava j\u00e4rjestelm\u00e4n eheyden yll\u00e4pit\u00e4miseksi. S\u00e4\u00e4nn\u00f6lliseen huoltoon tulisi kuulua tiivisteiden kulumisen tarkistaminen ja niiden vaihtaminen tarvittaessa nestevuotojen est\u00e4miseksi ja optimaalisen suorituskyvyn varmistamiseksi.<\/p>\n<\/li>\n<\/ul>\n<h2>Asennusohjeet<\/h2>\n<p>Puomisylinterin oikea asennus on ratkaisevan t\u00e4rke\u00e4\u00e4 sen optimaalisen suorituskyvyn ja pitk\u00e4n k\u00e4ytt\u00f6i\u00e4n varmistamiseksi. Aloita varmistamalla, ett\u00e4 ty\u00f6tila on puhdas ja roskaton. Kohdista sylinteri tarkasti kiinnityspisteisiin ja kiinnit\u00e4 se paikalleen k\u00e4ytt\u00e4m\u00e4ll\u00e4 sopivia kiinnikkeit\u00e4. On t\u00e4rke\u00e4\u00e4 tarkistaa, ett\u00e4 kaikki liit\u00e4nn\u00e4t ovat tiukat ja ett\u00e4 hydrauliletkut on reititetty oikein, jotta v\u00e4ltet\u00e4\u00e4n mutkat tai paineh\u00e4vi\u00f6t.<\/p>\n<p>Letkuja kytkett\u00e4ess\u00e4 varmista, ettei vuotoja esiinny tarkistamalla kaikki liittimet ja liit\u00e4nn\u00e4t. Asennuksen j\u00e4lkeen testaa sylinteri\u00e4 k\u00e4ytt\u00e4m\u00e4ll\u00e4 sit\u00e4 t\u00e4ydell\u00e4 liikeradalla varmistaaksesi, ett\u00e4 se toimii sujuvasti ja esteett\u00e4. Tarkista s\u00e4\u00e4nn\u00f6llisesti kohdistus ja kiinnityksen turvallisuus mahdollisten toimintaongelmien v\u00e4ltt\u00e4miseksi.<\/p>\n<h2>Yleiset huoltoteht\u00e4v\u00e4t<\/h2>\n<ul>\n<li>\n<h3>S\u00e4\u00e4nn\u00f6lliset tarkastukset<\/h3>\n<p>Puomin sylinterin kuntoa tulisi seurata s\u00e4\u00e4nn\u00f6llisin tarkastuksin. N\u00e4ihin kuuluvat kulumisen ja repe\u00e4misen merkkien tarkistaminen, nestetasojen arviointi ja kaikkien komponenttien kiinnityksen ja toiminnan varmistaminen.<\/p>\n<\/li>\n<li>\n<h3>Oikea voitelu<\/h3>\n<p>Voiteluaikataulun laatiminen on olennaista. K\u00e4yt\u00e4 suositeltuja hydrauliikka\u00f6ljyj\u00e4 ja varmista, ett\u00e4 sylinteri on voideltu valmistajan ohjeiden mukaisesti liiallisen kulumisen est\u00e4miseksi ja tehokkuuden yll\u00e4pit\u00e4miseksi.<\/p>\n<\/li>\n<li>\n<h3>Tiivisteiden vaihto ja kalibrointitarkastukset<\/h3>\n<p>Pid\u00e4 tiivisteit\u00e4 silm\u00e4ll\u00e4 mahdollisten kulumisen merkkien varalta. Kun tiivisteet vaihdetaan, varmista, ett\u00e4 kaikki komponentit on kalibroitu oikein hydraulij\u00e4rjestelm\u00e4n optimaalisen suorituskyvyn yll\u00e4pit\u00e4miseksi.<\/p>\n<\/li>\n<\/ul>\n<p><img decoding=\"async\" src=\"https:\/\/www.hydraulic-cylinders.net\/wp-content\/uploads\/2025\/04\/songte-chushion-collar.webp\" alt=\"Hydraulinen pehmustekaulus\"><\/p>\n<h2>Turvallisuusn\u00e4k\u00f6kohdat ja ymp\u00e4rist\u00f6tekij\u00e4t<\/h2>\n<p>Hydraulij\u00e4rjestelmi\u00e4 k\u00e4ytett\u00e4ess\u00e4 turvatoimenpiteet ovat ensiarvoisen t\u00e4rkeit\u00e4. K\u00e4ytt\u00e4jien on k\u00e4ytett\u00e4v\u00e4 asianmukaisia \u200b\u200bhenkil\u00f6nsuojaimia ja varmistettava, ett\u00e4 kaikkia turvallisuusprotokollia noudatetaan k\u00e4yt\u00f6n ja huollon aikana. S\u00e4\u00e4nn\u00f6llinen koulutus ja turvallisuusharjoitukset voivat auttaa v\u00e4hent\u00e4m\u00e4\u00e4n onnettomuusriski\u00e4 ty\u00f6paikalla. Lis\u00e4ksi on otettava huomioon ymp\u00e4rist\u00f6n\u00e4k\u00f6kohdat, jotta estet\u00e4\u00e4n hydraulinesteen roiskeet ja vuodot, jotka voivat vahingoittaa ymp\u00e4rist\u00f6\u00e4.<\/p>\n<h2>Vianm\u00e4\u00e4ritys ja yleiset ongelmat<\/h2>\n<ul>\n<li>\n<h3>Nestevuodot<\/h3>\n<p>Nestevuodot ovat yksi yleisimmist\u00e4 hydraulisylintereiss\u00e4 kohdatuista ongelmista. Merkkej\u00e4 ovat l\u00e4t\u00e4k\u00f6t koneiston alla tai hydraulipaineen lasku. Tarkasta tiivisteet, liittimet ja letkut vuodon l\u00e4hteen tunnistamiseksi ja korjaamiseksi.<\/p>\n<\/li>\n<li>\n<h3>Heikentynyt suorituskyky<\/h3>\n<p>Jos puomin sylinteri ei nouse tai toimi odotetulla tavalla, tarkista hydraulinesteen taso alhaisten osien, letkujen tukosten tai kuluneiden tiivisteiden varalta. Oikean hydraulinesteen tason varmistaminen ja tukosten tarkistaminen voivat usein ratkaista suorituskykyongelmia.<\/p>\n<\/li>\n<li>\n<h3>Ylikuumeneminen<\/h3>\n<p>Ylikuumeneminen voi johtua liiallisesta k\u00e4yt\u00f6st\u00e4, riitt\u00e4m\u00e4tt\u00f6m\u00e4st\u00e4 voitelusta tai hydrauliikkaj\u00e4rjestelm\u00e4n toimintah\u00e4iri\u00f6st\u00e4. Varmista, ett\u00e4 hydrauliikkaj\u00e4rjestelm\u00e4 huolletaan s\u00e4\u00e4nn\u00f6llisesti ja ett\u00e4 hydrauliikka\u00f6ljy vaihdetaan valmistajan suositusten mukaisesti ylikuumenemisongelmien v\u00e4ltt\u00e4miseksi.<\/p>\n<\/li>\n<\/ul>\n<p>Ongelmien tehokkaaseen diagnosointiin ja ratkaisemiseen k\u00e4ytt\u00e4jien tulisi olla koulutettuja tunnistamaan oireet ja suorittamaan perusvianetsint\u00e4. Ennaltaehk\u00e4isev\u00e4t toimenpiteet, kuten s\u00e4\u00e4nn\u00f6llinen huolto ja nestetasojen seuranta, voivat auttaa minimoimaan mahdolliset ongelmat.<\/p>\n<p><img decoding=\"async\" src=\"https:\/\/www.hydraulic-cylinders.net\/wp-content\/uploads\/2025\/04\/songte-bushings-with-all-kinds-of-excavator-models.webp\" alt=\"Hydrauliset holkit\"><\/p>\n<h2>Tietoa yrityksest\u00e4mme<\/h2>\n<p>Olemme johtava hydraulisten sylinterien vaihto-osien valmistaja, joka tarjoaa kattavan valikoiman tuotteita kotimaisille ja kansainv\u00e4lisille markkinoille. Sitoutumisemme huippulaatuun tukee kehittyneit\u00e4 valmistuksenohjausstrategioitamme. Parannamme jatkuvasti tuotantokapasiteettiamme k\u00e4ytt\u00e4m\u00e4ll\u00e4 edistynytt\u00e4 teknologiaa, ammattitaitoista henkil\u00f6st\u00f6\u00e4 ja ammattimaisia \u200b\u200btestausj\u00e4rjestelmi\u00e4 varmistaaksemme tehokkaat, tarkat ja laadukkaat tulokset, jotka vastaavat monipuolisiin asiakastarpeisiin.<\/p>\n<p>Erikoistumisemme ulottuu ammattimaisiin palveluihin, kansainv\u00e4lisiin sertifiointeihin ja r\u00e4\u00e4t\u00e4l\u00f6it\u00e4viin ratkaisuihin, jotka vastaavat erilaisten toimialojen vaatimuksiin. Huippuluokan tuotantolaitteemme ja vankka j\u00e4lkimarkkinointipalvelumme vahvistavat entisest\u00e4\u00e4n sitoutumistamme asiakastyytyv\u00e4isyyteen.<\/p>\n<p><img decoding=\"async\" src=\"https:\/\/www.hydraulic-cylinders.net\/wp-content\/uploads\/2025\/04\/songte-company-4.webp\" alt=\"Yrityksen toimitila\"><br \/>\n<img decoding=\"async\" src=\"https:\/\/www.hydraulic-cylinders.net\/wp-content\/uploads\/2025\/04\/songte-company-3.webp\" alt=\"Yrityksen tuotanto\"><\/p>\n<p>Kirjoittaja: lyl<\/p>","protected":false},"excerpt":{"rendered":"<p>Boom Cylinder For Yuchai YC08-8 Product Overview The Boom Cylinder for Yuchai YC08-8 is an essential component in hydraulic systems used in heavy machinery. As a type of hydraulic cylinder, it is specifically designed to control the movement of buckets in various equipment such as excavators, backhoe loaders, and front-end loaders. The primary function of [&hellip;]<\/p>","protected":false},"featured_media":17867,"comment_status":"open","ping_status":"closed","template":"","meta":{"_et_pb_use_builder":"","_et_pb_old_content":"","_et_gb_content_width":""},"product_brand":[],"product_cat":[1546],"product_tag":[1547,1496],"class_list":{"0":"post-19574","1":"product","2":"type-product","3":"status-publish","4":"has-post-thumbnail","6":"product_cat-boom-cylinders","7":"product_tag-boom-cylinders","8":"product_tag-hydraulic-cylinders","10":"first","11":"instock","12":"shipping-taxable","13":"product-type-simple"},"amp_enabled":true,"_links":{"self":[{"href":"https:\/\/www.hydraulic-cylinders.net\/fi\/wp-json\/wp\/v2\/product\/19574","targetHints":{"allow":["GET"]}}],"collection":[{"href":"https:\/\/www.hydraulic-cylinders.net\/fi\/wp-json\/wp\/v2\/product"}],"about":[{"href":"https:\/\/www.hydraulic-cylinders.net\/fi\/wp-json\/wp\/v2\/types\/product"}],"replies":[{"embeddable":true,"href":"https:\/\/www.hydraulic-cylinders.net\/fi\/wp-json\/wp\/v2\/comments?post=19574"}],"wp:featuredmedia":[{"embeddable":true,"href":"https:\/\/www.hydraulic-cylinders.net\/fi\/wp-json\/wp\/v2\/media\/17867"}],"wp:attachment":[{"href":"https:\/\/www.hydraulic-cylinders.net\/fi\/wp-json\/wp\/v2\/media?parent=19574"}],"wp:term":[{"taxonomy":"product_brand","embeddable":true,"href":"https:\/\/www.hydraulic-cylinders.net\/fi\/wp-json\/wp\/v2\/product_brand?post=19574"},{"taxonomy":"product_cat","embeddable":true,"href":"https:\/\/www.hydraulic-cylinders.net\/fi\/wp-json\/wp\/v2\/product_cat?post=19574"},{"taxonomy":"product_tag","embeddable":true,"href":"https:\/\/www.hydraulic-cylinders.net\/fi\/wp-json\/wp\/v2\/product_tag?post=19574"}],"curies":[{"name":"wp","href":"https:\/\/api.w.org\/{rel}","templated":true}]}}