{"id":19579,"date":"2025-04-07T06:55:30","date_gmt":"2025-04-07T06:55:30","guid":{"rendered":"https:\/\/www.hydraulic-cylinders.net\/product\/boom-cylinder-for-yuchai-yc85-8\/"},"modified":"2025-04-07T06:55:39","modified_gmt":"2025-04-07T06:55:39","slug":"boom-cylinder-for-yuchai-yc85-8","status":"publish","type":"product","link":"https:\/\/www.hydraulic-cylinders.net\/fi\/tuote\/boom-cylinder-for-yuchai-yc85-8\/","title":{"rendered":"Puomin sylinteri Yuchai YC85-8:lle"},"content":{"rendered":"<h1>Puomin sylinteri Yuchai YC85-8:lle<\/h1>\n<h2>Johdatus puomin sylintereihin<\/h2>\n<p>Puomin sylinteri on hydraulij\u00e4rjestelmien t\u00e4rke\u00e4 osa, joka on erityisesti suunniteltu ohjaamaan puomin liikett\u00e4 raskaissa koneissa, kuten kaivinkoneissa, kaivurikuormaajissa ja etukuormaajissa. T\u00e4m\u00e4 hydraulisylinteri mahdollistaa puomin nostamisen, laskemisen ja kallistamisen, mik\u00e4 helpottaa tehokasta materiaalink\u00e4sittely\u00e4. Puomin sylinteri on pohjimmiltaan hydraulinen toimilaite, joka luo liikkeen nestepaineen avulla, ja sill\u00e4 on siten t\u00e4rke\u00e4 rooli rakennus- ja maatalouskoneiden yleisess\u00e4 toiminnassa.<\/p>\n<p><img decoding=\"async\" src=\"https:\/\/www.hydraulic-cylinders.net\/wp-content\/uploads\/2025\/04\/songte-company-1.webp\" alt=\"Puomin sylinteri Yuchai YC85-8:lle\"><\/p>\n<h3>Puomin sylinterin ominaisuudet<\/h3>\n<ul>\n<li><strong>Korkea lujuus ja kest\u00e4vyys:<\/strong> N\u00e4m\u00e4 sylinterit on valmistettu eritt\u00e4in lujasta ter\u00e4ksest\u00e4 tai alumiinista, ja ne kest\u00e4v\u00e4t korkeaa painetta ja raskaita kuormia, joten ne sopivat vaativiin ty\u00f6ymp\u00e4rist\u00f6ihin. Ne on suunniteltu kulutusta ja korroosiota kest\u00e4viksi, mik\u00e4 pident\u00e4\u00e4 niiden k\u00e4ytt\u00f6ik\u00e4\u00e4.<\/li>\n<li><strong>Tehokas hydraulinen k\u00e4ytt\u00f6:<\/strong> Puomin sylinteri hy\u00f6dynt\u00e4\u00e4 hydrauli\u00f6ljyn painetta sujuvaan pidennykseen ja sis\u00e4\u00e4nvetoon, mik\u00e4 tarjoaa nopean reagoinnin ohjauskomentoihin ja tuottaa voimakkaat ty\u00f6nt\u00f6- ja vetovoimat, jotka sopivat ihanteellisesti raskaiden ja monimutkaisten teht\u00e4vien k\u00e4sittelyyn.<\/li>\n<li><strong>Erilaisia \u200b\u200btyyppej\u00e4:<\/strong> Saatavilla yksitoimisina (hydraulinen toiminta yhteen suuntaan) tai kaksitoimisina (hydraulinen toiminta molempiin suuntiin) malleina vaihtelevien k\u00e4ytt\u00f6tarpeiden t\u00e4ytt\u00e4miseksi. Tietyt mallit ovat teleskooppisia, mik\u00e4 mahdollistaa suuremman jatkeen ilman ulkomittojen kasvua, joten ne sopivat ahtaisiin sovelluksiin.<\/li>\n<li><strong>Mukautettu valmistus:<\/strong> Voimme valmistaa puomisylintereit\u00e4, jotka korvaavat t\u00e4ydellisesti olemassa olevat hydraulisylinterit varmistaen yhteensopivuuden ja suorituskyvyn.<\/li>\n<li><strong>Laadunvarmistus:<\/strong> Valmistusprosessimme sis\u00e4lt\u00e4\u00e4 korkean tarkkuuden ja tiukan laadunvalvonnan optimaalisen suorituskyvyn ja luotettavuuden takaamiseksi.<\/li>\n<\/ul>\n<p><img decoding=\"async\" src=\"https:\/\/www.hydraulic-cylinders.net\/wp-content\/uploads\/2025\/04\/songte-cylinder-head-with-all-kinds-excavator-models.webp\" alt=\"Hydraulisylinterien valmistus\"><\/p>\n<h2>Puomisylinterien sovellukset<\/h2>\n<h3>Rakennuslaitteet<\/h3>\n<p>Kaivinkoneissa puomin sylinterit ovat olennainen osa kaivamista, lastaamista ja maan tai roskien siirt\u00e4mist\u00e4. Ne eiv\u00e4t ainoastaan \u200b\u200bhelpota kaivamista, vaan my\u00f6s auttavat kauhan nostamisessa ja kulman k\u00e4\u00e4nt\u00e4misess\u00e4 optimaalisen materiaalink\u00e4sittelyn saavuttamiseksi. N\u00e4iden sylinterien tehokkuus parantaa rakennusty\u00f6maiden kokonaistuottavuutta, jolloin koneet voivat suorittaa laajemman valikoiman teht\u00e4vi\u00e4 tarkasti.<\/p>\n<h3>Maatalouskoneet<\/h3>\n<p>Etukuormaajissa k\u00e4ytett\u00e4v\u00e4t puomisylinterit ovat v\u00e4ltt\u00e4m\u00e4tt\u00f6mi\u00e4 maaper\u00e4n, hein\u00e4n ja muiden materiaalien kaivamiseen, nostamiseen ja kuljettamiseen. Niiden kest\u00e4v\u00e4 rakenne mahdollistaa k\u00e4yt\u00f6n vaativissa maatalousymp\u00e4rist\u00f6iss\u00e4, mik\u00e4 tekee niist\u00e4 korvaamattomia teht\u00e4viss\u00e4, kuten rehun lastaamisessa, j\u00e4tteenk\u00e4sittelyss\u00e4 ja irtomateriaalien siirt\u00e4misess\u00e4.<\/p>\n<h3>Kaivuty\u00f6t<\/h3>\n<p>Kaivinkoneissa puomin sylinteri mahdollistaa kauhan tunkeutumisen maaper\u00e4\u00e4n, mik\u00e4 auttaa tehokkaissa kaivuut\u00f6iss\u00e4. T\u00e4m\u00e4 hydraulinen komponentti parantaa koneen kyky\u00e4 k\u00e4sitell\u00e4 erilaisia \u200b\u200bmaaper\u00e4n tiheyksi\u00e4 ja tyyppej\u00e4, mik\u00e4 tekee siit\u00e4 mukautettavan erilaisiin kaivuolosuhteisiin.<\/p>\n<h3>Koneiden lastaus<\/h3>\n<p>Etukuormaajissa puomin sylinterit edist\u00e4v\u00e4t merkitt\u00e4v\u00e4sti kuormien tehokasta nostamista ja tyhjent\u00e4mist\u00e4. Hydraulinen rakenne mahdollistaa tasaisen liikkeen ja tarkan hallinnan, mik\u00e4 varmistaa, ett\u00e4 kuljettajat voivat k\u00e4sitell\u00e4 kuormia turvallisesti ja tehokkaasti.<\/p>\n<h2>Suunnittelun\u00e4k\u00f6kohdat ja valintakriteerit<\/h2>\n<h3>Kantavuus<\/h3>\n<p>Puomisylinterin kuormituskapasiteetti on ratkaisevan t\u00e4rke\u00e4 sen soveltuvuuden m\u00e4\u00e4ritt\u00e4misess\u00e4 tiettyihin k\u00e4ytt\u00f6tarkoituksiin. Turvallisuuden ja pitk\u00e4n k\u00e4ytt\u00f6i\u00e4n varmistamiseksi on t\u00e4rke\u00e4\u00e4 valita sylinteri, jonka kuormituskapasiteetti ylitt\u00e4\u00e4 odotetun enimm\u00e4iskuorman. Ylikuormitus voi johtaa sylinterin vikaantumiseen, mik\u00e4 aiheuttaa riskej\u00e4 sek\u00e4 k\u00e4ytt\u00e4j\u00e4lle ett\u00e4 laitteille.<\/p>\n<h3>Tiivistysmekanismit<\/h3>\n<p>Tiivistys on elint\u00e4rke\u00e4\u00e4 sylinterin hydraulisen paineen yll\u00e4pit\u00e4miseksi. Korkealaatuiset tiivisteet, jotka on valmistettu esimerkiksi polyuretaanista tai nitriilikumista, est\u00e4v\u00e4t nestevuodon ja suojaavat ep\u00e4puhtauksilta. Tehokkaat tiivistysmekanismit parantavat suorituskyky\u00e4 ja pident\u00e4v\u00e4t hydraulij\u00e4rjestelm\u00e4n k\u00e4ytt\u00f6ik\u00e4\u00e4.<\/p>\n<h3>Kest\u00e4vyys<\/h3>\n<p>Puomisylinterin kest\u00e4vyyteen vaikuttavat sen rakenteessa k\u00e4ytetyt materiaalit ja muotoilu. Korroosionkest\u00e4vist\u00e4 materiaaleista valmistetut ja kulutusta kest\u00e4m\u00e4\u00e4n suunnitellut sylinterit toimivat paremmin haastavissa ymp\u00e4rist\u00f6iss\u00e4, mik\u00e4 v\u00e4hent\u00e4\u00e4 huoltotarvetta ja seisokkiaikoja.<\/p>\n<h3>Turvaominaisuudet<\/h3>\n<p>Turvallisuus on ensiarvoisen t\u00e4rke\u00e4\u00e4 hydrauliikkaj\u00e4rjestelmien kanssa toimittaessa. Puomisylintereiss\u00e4 tulisi olla ominaisuuksia, kuten paineenalennusventtiilit ja turvalukot, jotka est\u00e4v\u00e4t tahattomat liikkeet ja varmistavat turvallisen k\u00e4yt\u00f6n. N\u00e4iden turvatoimenpiteiden ymm\u00e4rt\u00e4minen ja toteuttaminen on ratkaisevan t\u00e4rke\u00e4\u00e4 sek\u00e4 k\u00e4ytt\u00e4jien ett\u00e4 koneiden suojaamiseksi.<\/p>\n<h3>Huolto ja korjattavuus<\/h3>\n<p>Helppo huolto on t\u00e4rke\u00e4 suunnittelukriteeri. Nopeasti purettavissa olevat ja helposti saavutettavissa olevat osat helpottavat puomin sylinterien rutiinitarkastuksia ja korjauksia. T\u00e4m\u00e4 v\u00e4hent\u00e4\u00e4 seisokkiaikoja ja huoltokustannuksia samalla varmistaen, ett\u00e4 sylinteri toimii huipputehokkaasti.<\/p>\n<p><img decoding=\"async\" src=\"https:\/\/www.hydraulic-cylinders.net\/wp-content\/uploads\/2025\/04\/songte-oil-pipes-and-spare-parts.webp\" alt=\"Hydraulisylinterin osat ja huolto\"><\/p>\n<h2>Puomisylinterien tiivistys ja voitelu<\/h2>\n<p>Tehokas tiivistys ja voitelu ovat v\u00e4ltt\u00e4m\u00e4tt\u00f6mi\u00e4 puomisylinterien optimaaliselle toiminnalle. Ilmatiiviin tiivistyksen varmistamiseksi tulisi k\u00e4ytt\u00e4\u00e4 erilaisia \u200b\u200btiivistetyyppej\u00e4, kuten m\u00e4nn\u00e4ntiivisteit\u00e4 ja varren tiivisteit\u00e4. N\u00e4m\u00e4 tiivisteet on usein valmistettu kulutusta kest\u00e4vist\u00e4 materiaaleista, kuten polyuretaanista ja nitriilikumista, mik\u00e4 tarjoaa vankan suojan kulumista vastaan.<\/p>\n<p>Lis\u00e4ksi sylinterin runko ja kierteitetyt p\u00e4\u00e4t on k\u00e4sitelt\u00e4v\u00e4 huolellisesti kulutuskest\u00e4vyyden ja pinnan eheyden parantamiseksi. S\u00e4\u00e4nn\u00f6llinen voitelu hydrauliikka\u00f6ljyll\u00e4 on v\u00e4ltt\u00e4m\u00e4t\u00f6nt\u00e4 sujuvan toiminnan yll\u00e4pit\u00e4miseksi ja sis\u00e4isen kulumisen est\u00e4miseksi. Asianmukainen voitelu v\u00e4hent\u00e4\u00e4 liikkuvien osien v\u00e4list\u00e4 kitkaa, mik\u00e4 pident\u00e4\u00e4 merkitt\u00e4v\u00e4sti hydrauliikkaj\u00e4rjestelm\u00e4n k\u00e4ytt\u00f6ik\u00e4\u00e4.<\/p>\n<h2>S\u00e4\u00e4nn\u00f6llinen tarkastus ja ennaltaehk\u00e4isev\u00e4 huolto<\/h2>\n<ul>\n<li><strong>Rutiinitarkastukset:<\/strong> S\u00e4\u00e4nn\u00f6lliset vuotojen, kulumisen ja muiden suorituskykyyn liittyvien ongelmien osoitusten tarkastukset ovat v\u00e4ltt\u00e4m\u00e4tt\u00f6mi\u00e4. Yksityiskohtaiset tarkastukset auttavat tunnistamaan mahdolliset ongelmat ennen kuin ne pahenevat, mik\u00e4 varmistaa hydraulisylinterin tehokkaan toiminnan.<\/li>\n<li><strong>Oikea voitelu:<\/strong> Hydrauli\u00f6ljyn oikean tason yll\u00e4pit\u00e4minen on kriittist\u00e4. K\u00e4ytt\u00e4j\u00e4n on pidett\u00e4v\u00e4 kirjaa voiteluaikatauluista ja varmistettava, ett\u00e4 j\u00e4rjestelm\u00e4 on riitt\u00e4v\u00e4sti voideltu kitkan aiheuttamien vaurioiden v\u00e4ltt\u00e4miseksi.<\/li>\n<li><strong>Tiivisteen vaihto:<\/strong> Tiivisteet tulee vaihtaa s\u00e4\u00e4nn\u00f6llisesti hydraulisen eheyden yll\u00e4pit\u00e4miseksi. Ajan my\u00f6t\u00e4 tiivisteet voivat kulua tai vaurioitua, mik\u00e4 johtaa vuotoihin ja heikentyneeseen tehokkuuteen.<\/li>\n<\/ul>\n<h2>Puomisylinterien asennusohjeet<\/h2>\n<p>Puomisylinterien oikea asennus on ratkaisevan t\u00e4rke\u00e4\u00e4 optimaalisen suorituskyvyn saavuttamiseksi. Aloita varmistamalla, ett\u00e4 kaikki komponentit ovat puhtaita ja roskista vapaita. Kohdista sylinteri tarkasti koneen kiinnityspisteisiin v\u00e4ltt\u00e4\u00e4ksesi kohdistusj\u00e4nnityksen aiheuttamat virheet. K\u00e4yt\u00e4 sopivia kiinnityskorvakkeita sylinterin kiinnitt\u00e4miseen paikalleen varmistaen, ett\u00e4 se on vakaa ja oikeassa asennossa.<\/p>\n<p>Noudata valmistajan ohjeita v\u00e4\u00e4nt\u00f6momenttien suhteen ja kirist\u00e4 kaikki kiinnitykset tiukasti. Asennuksen j\u00e4lkeen suorita toimintatesti varmistaaksesi, ett\u00e4 sylinteri toimii sujuvasti kuormituksen aikana. Tarkista asennus s\u00e4\u00e4nn\u00f6llisesti kulumisen tai virheasennon varalta ja s\u00e4\u00e4d\u00e4 tarvittaessa suorituskyvyn yll\u00e4pit\u00e4miseksi.<\/p>\n<h2>Yleiset huoltoteht\u00e4v\u00e4t<\/h2>\n<h3>Rutiinitarkastus<\/h3>\n<p>S\u00e4\u00e4nn\u00f6lliset tarkastukset ovat ratkaisevan t\u00e4rkeit\u00e4 kulumisen ja mahdollisten vikojen havaitsemiseksi varhaisessa vaiheessa. Teknikoiden tulisi etsi\u00e4 merkkej\u00e4 \u00f6ljyvuodoista, ep\u00e4tavallisista \u00e4\u00e4nist\u00e4 tai suorituskyvyn vaihteluista. Johdonmukaisen tarkastusaikataulun laatiminen auttaa yll\u00e4pit\u00e4m\u00e4\u00e4n hydraulij\u00e4rjestelm\u00e4n eheytt\u00e4.<\/p>\n<h3>Asianmukainen voitelu<\/h3>\n<p>Hydrauli\u00f6ljyn oikean tason varmistaminen on elint\u00e4rke\u00e4\u00e4 puomisylinterien sujuvan toiminnan kannalta. K\u00e4ytt\u00e4j\u00e4n tulee noudattaa valmistajan suosituksia \u00f6ljytyypist\u00e4 ja vaihtov\u00e4leist\u00e4, jotta v\u00e4ltet\u00e4\u00e4n riitt\u00e4m\u00e4tt\u00f6m\u00e4st\u00e4 voitelusta johtuvat mahdolliset viat.<\/p>\n<h3>Tiivisteiden vaihto ja kalibrointitarkastukset<\/h3>\n<p>Tiivisteiden s\u00e4\u00e4nn\u00f6llinen vaihtaminen on v\u00e4ltt\u00e4m\u00e4t\u00f6nt\u00e4 vuotojen est\u00e4miseksi ja hydraulisen paineen yll\u00e4pit\u00e4miseksi. Kalibrointitarkastukset tulisi my\u00f6s suorittaa sen varmistamiseksi, ett\u00e4 sylinteri toimii m\u00e4\u00e4ritettyjen parametrien puitteissa. T\u00e4m\u00e4 tarkoittaa asetusten s\u00e4\u00e4t\u00e4mist\u00e4 suorituskyvyn optimoimiseksi ja toimintaongelmien est\u00e4miseksi.<\/p>\n<p><img decoding=\"async\" src=\"https:\/\/www.hydraulic-cylinders.net\/wp-content\/uploads\/2025\/04\/songte-chushion-collar.webp\" alt=\"Hydraulisylinterin asennus\"><\/p>\n<h2>Turvallisuusn\u00e4k\u00f6kohdat ja ymp\u00e4rist\u00f6tekij\u00e4t<\/h2>\n<p>Asianmukaisten turvatoimenpiteiden toteuttaminen puomisylintereit\u00e4 k\u00e4ytett\u00e4ess\u00e4 on olennaista onnettomuuksien ehk\u00e4isemiseksi ja turvallisen k\u00e4yt\u00f6n varmistamiseksi. K\u00e4ytt\u00e4j\u00e4t tulee kouluttaa hydraulisten laitteiden turvalliseen k\u00e4ytt\u00f6\u00f6n, mukaan lukien kuormitusrajojen ymm\u00e4rt\u00e4minen, toimintah\u00e4iri\u00f6iden merkkien tunnistaminen ja h\u00e4t\u00e4tilannemenettelyjen tunteminen. Lis\u00e4ksi ymp\u00e4rist\u00f6tekij\u00e4t, kuten \u00e4\u00e4rimm\u00e4iset l\u00e4mp\u00f6tilat ja altistuminen sy\u00f6vytt\u00e4ville aineille, on otettava huomioon hydraulisylintereit\u00e4 valittaessa ja huollettaessa.<\/p>\n<h2>Vianm\u00e4\u00e4ritys ja yleiset ongelmat<\/h2>\n<ul>\n<li><strong>Vuoto:<\/strong> Yksi yleisimmist\u00e4 hydraulisylintereiden ongelmista on \u00f6ljyvuoto. T\u00e4m\u00e4 voi johtua kuluneista tiivisteist\u00e4 tai vaurioituneista osista. S\u00e4\u00e4nn\u00f6lliset tarkastukset voivat auttaa tunnistamaan ja korjaamaan ongelmat ennen kuin ne johtavat vakaviin vikoihin.<\/li>\n<li><strong>Hidas toiminta:<\/strong> Jos puomin sylinteri toimii hitaasti, se voi viitata alhaiseen hydrauliikka\u00f6ljyn tasoon tai ilmaan j\u00e4rjestelm\u00e4ss\u00e4. Nestetasojen tarkistaminen ja j\u00e4rjestelm\u00e4n ilmaaminen voivat usein ratkaista n\u00e4m\u00e4 ongelmat.<\/li>\n<li><strong>Ep\u00e4tavalliset \u00e4\u00e4net:<\/strong> Hankaus- tai napsahtelu\u00e4\u00e4net k\u00e4yt\u00f6n aikana voivat viitata sis\u00e4isiin vaurioihin tai likaantumiseen. Nopea vianm\u00e4\u00e4ritys ja korjaus ovat v\u00e4ltt\u00e4m\u00e4tt\u00f6mi\u00e4 lis\u00e4vaurioiden est\u00e4miseksi.<\/li>\n<\/ul>\n<p>N\u00e4iden ongelmien nopea ratkaiseminen voi parantaa hydraulij\u00e4rjestelm\u00e4n tehokkuutta ja k\u00e4ytt\u00f6ik\u00e4\u00e4 varmistaen raskaiden koneiden sujuvan toiminnan.<\/p>\n<p><img decoding=\"async\" src=\"https:\/\/www.hydraulic-cylinders.net\/wp-content\/uploads\/2025\/04\/songte-bushings-with-all-kinds-of-excavator-models.webp\" alt=\"Hydraulisylinterin holkit\"><\/p>\n<h2>Yrityksen yleiskatsaus<\/h2>\n<p>Olemme johtava hydraulisten sylinterien valmistaja ja toimittaja, joka tunnetaan laajasta tuotevalikoimastamme ja sitoutumisestamme laatuun. Yrityksemme pyrkii huippuosaamiseen hy\u00f6dynt\u00e4m\u00e4ll\u00e4 hienostunutta valmistuksenohjausstrategiaa, joka yhdist\u00e4\u00e4 edistyneen teknologian, osaavan ty\u00f6voiman ja ammattimaisen testausj\u00e4rjestelm\u00e4n. Parannamme jatkuvasti tuotantokapasiteettiamme vastataksemme asiakkaidemme monipuolisiin tarpeisiin varmistaen korkean tehokkuuden, tarkkuuden ja laadun.<\/p>\n<p>Sitoutumisemme ammattitaitoon n\u00e4kyy sertifikaateissamme ja kansainv\u00e4listen standardien noudattamisessa, mik\u00e4 takaa tuotteidemme tiukkojen turvallisuus- ja laatuvaatimusten t\u00e4ytt\u00e4misen. Tarjoamme r\u00e4\u00e4t\u00e4l\u00f6ityj\u00e4 palveluita vastaamaan asiakkaiden erityisvaatimuksia varmistaen, ett\u00e4 jokainen tuote on r\u00e4\u00e4t\u00e4l\u00f6ity erilaisten sovellusten ainutlaatuisiin vaatimuksiin. Huippuluokan valmistuslaitteemme ja -prosessimme takaavat tarkkuuden ja luotettavuuden jokaisessa valmistamassamme hydraulisylinteriss\u00e4.<\/p>\n<p><img decoding=\"async\" src=\"https:\/\/www.hydraulic-cylinders.net\/wp-content\/uploads\/2025\/04\/songte-company-4.webp\" alt=\"Hydraulisylinterien valmistusyritys\"><br \/>\n<img decoding=\"async\" src=\"https:\/\/www.hydraulic-cylinders.net\/wp-content\/uploads\/2025\/04\/songte-company-3.webp\" alt=\"Hydraulisylinterien tuotantolaitos\"><\/p>\n<p>Kirjoittaja: lyl<\/p>","protected":false},"excerpt":{"rendered":"<p>Boom Cylinder For Yuchai YC85-8 Introduction to Boom Cylinders The Boom Cylinder is a crucial component in hydraulic systems, specifically designed to control the movement of the boom in heavy machinery such as excavators, backhoe loaders, and front loaders. This hydraulic cylinder enables the boom to lift, lower, and tilt, facilitating efficient material handling tasks. [&hellip;]<\/p>","protected":false},"featured_media":17872,"comment_status":"open","ping_status":"closed","template":"","meta":{"_et_pb_use_builder":"","_et_pb_old_content":"","_et_gb_content_width":""},"product_brand":[],"product_cat":[1546],"product_tag":[1547,1496],"class_list":{"0":"post-19579","1":"product","2":"type-product","3":"status-publish","4":"has-post-thumbnail","6":"product_cat-boom-cylinders","7":"product_tag-boom-cylinders","8":"product_tag-hydraulic-cylinders","10":"first","11":"instock","12":"shipping-taxable","13":"product-type-simple"},"amp_enabled":true,"_links":{"self":[{"href":"https:\/\/www.hydraulic-cylinders.net\/fi\/wp-json\/wp\/v2\/product\/19579","targetHints":{"allow":["GET"]}}],"collection":[{"href":"https:\/\/www.hydraulic-cylinders.net\/fi\/wp-json\/wp\/v2\/product"}],"about":[{"href":"https:\/\/www.hydraulic-cylinders.net\/fi\/wp-json\/wp\/v2\/types\/product"}],"replies":[{"embeddable":true,"href":"https:\/\/www.hydraulic-cylinders.net\/fi\/wp-json\/wp\/v2\/comments?post=19579"}],"wp:featuredmedia":[{"embeddable":true,"href":"https:\/\/www.hydraulic-cylinders.net\/fi\/wp-json\/wp\/v2\/media\/17872"}],"wp:attachment":[{"href":"https:\/\/www.hydraulic-cylinders.net\/fi\/wp-json\/wp\/v2\/media?parent=19579"}],"wp:term":[{"taxonomy":"product_brand","embeddable":true,"href":"https:\/\/www.hydraulic-cylinders.net\/fi\/wp-json\/wp\/v2\/product_brand?post=19579"},{"taxonomy":"product_cat","embeddable":true,"href":"https:\/\/www.hydraulic-cylinders.net\/fi\/wp-json\/wp\/v2\/product_cat?post=19579"},{"taxonomy":"product_tag","embeddable":true,"href":"https:\/\/www.hydraulic-cylinders.net\/fi\/wp-json\/wp\/v2\/product_tag?post=19579"}],"curies":[{"name":"wp","href":"https:\/\/api.w.org\/{rel}","templated":true}]}}