{"id":19584,"date":"2025-04-07T06:55:58","date_gmt":"2025-04-07T06:55:58","guid":{"rendered":"https:\/\/www.hydraulic-cylinders.net\/product\/boom-cylinder-for-yuchai-yc50-8\/"},"modified":"2025-04-07T06:56:01","modified_gmt":"2025-04-07T06:56:01","slug":"boom-cylinder-for-yuchai-yc50-8","status":"publish","type":"product","link":"https:\/\/www.hydraulic-cylinders.net\/fi\/tuote\/boom-cylinder-for-yuchai-yc50-8\/","title":{"rendered":"Puomin sylinteri Yuchai YC50-8:lle"},"content":{"rendered":"<h1>Puomin sylinteri Yuchai YC50-8:lle<\/h1>\n<h2>Tuotteen yleiskatsaus<\/h2>\n<p>Yuchai YC50-8:n puomin sylinteri on erikoishydraulisylinteri, joka on suunniteltu ohjaamaan kauhan liikett\u00e4 erilaisissa raskaissa koneissa. N\u00e4ill\u00e4 hydraulisylintereill\u00e4 on ratkaiseva rooli kaivinkoneissa, traktorikaivureissa ja etukuormaajissa, sill\u00e4 ne mahdollistavat kauhan nostamisen, laskemisen ja kallistumisen. T\u00e4m\u00e4 toiminto on v\u00e4ltt\u00e4m\u00e4t\u00f6n materiaalink\u00e4sittelyteht\u00e4viss\u00e4, sill\u00e4 se mahdollistaa tehokkaan kaivamisen ja materiaalien kuljetuksen.<\/p>\n<p><img decoding=\"async\" src=\"https:\/\/www.hydraulic-cylinders.net\/wp-content\/uploads\/2025\/04\/songte-company-1.webp\" alt=\"Puomin sylinteri\" \/><\/p>\n<h3>Mik\u00e4 on kauhan sylinteri?<\/h3>\n<p>Kauhasylinteri on hydraulinen sylinterityyppi, jota k\u00e4ytet\u00e4\u00e4n ensisijaisesti kauhojen liikkeen ohjaamiseen rakennuskoneissa. T\u00e4m\u00e4 hydraulinen komponentti on suunniteltu hallitsemaan hydraulinesteen painetta ja virtausta, jolloin kauha voi suorittaa erilaisia \u200b\u200bliikkeit\u00e4, jotka ovat v\u00e4ltt\u00e4m\u00e4tt\u00f6mi\u00e4 tehokkaalle toiminnalle. Kauhasylinterien merkityst\u00e4 ei voi yliarvioida, sill\u00e4 ne vaikuttavat suoraan rakennus- ja maatalouskoneiden tehokkuuteen ja tuottavuuteen.<\/p>\n<h2>T\u00e4rkeimm\u00e4t ominaisuudet<\/h2>\n<ul>\n<li><strong>Korkea lujuus ja kest\u00e4vyys:<\/strong> N\u00e4m\u00e4 sylinterit on valmistettu eritt\u00e4in lujasta ter\u00e4ksest\u00e4 tai alumiinista, ja ne kest\u00e4v\u00e4t korkeaa painetta ja raskaita kuormia. Ne on suunniteltu kest\u00e4m\u00e4\u00e4n vaativia ty\u00f6ymp\u00e4rist\u00f6j\u00e4 samalla, kun ne minimoivat kulumista ja korroosiota.<\/li>\n<li><strong>Tehokas hydraulinen k\u00e4ytt\u00f6:<\/strong> Hydrauli\u00f6ljyn painetta hy\u00f6dynt\u00e4v\u00e4 puomin sylinteri varmistaa sujuvan ojennuksen ja sis\u00e4\u00e4nvedon, reagoi nopeasti k\u00e4ytt\u00e4j\u00e4n komentoihin ja tuottaa tehokkaita ty\u00f6nt\u00f6- ja vetovoimia, jotka sopivat raskaisiin ja monimutkaisiin teht\u00e4viin.<\/li>\n<li><strong>Erilaisia \u200b\u200btyyppej\u00e4:<\/strong> Saatavilla sek\u00e4 yksitoimisina (toimii yhteen suuntaan) ett\u00e4 kaksitoimisina (toimii molempiin suuntiin) kokoonpanoina. Joissakin malleissa on teleskooppirakenne, joka mahdollistaa suuremman jatkeen ilman ulkoisen koon kasvua, mik\u00e4 sopii erinomaisesti ahtaisiin sovelluksiin.<\/li>\n<\/ul>\n<p>Yrityksemme valmistaa n\u00e4it\u00e4 tuotteita ja tarjoaa t\u00e4ydellisi\u00e4 korvaajia erilaisille hydraulisylintereille.<\/p>\n<p><img decoding=\"async\" src=\"https:\/\/www.hydraulic-cylinders.net\/wp-content\/uploads\/2025\/04\/songte-cylinder-head-with-all-kinds-excavator-models.webp\" alt=\"Kaivinkonemallit\" \/><\/p>\n<h2>Sovellukset<\/h2>\n<h3>Rakennuslaitteet<\/h3>\n<p>Kaivinkoneissa kauhan sylinterit ovat elint\u00e4rkeit\u00e4 kaivamisessa, lastaamisessa ja maan tai roskien siirt\u00e4misess\u00e4. Ne mahdollistavat kauhan tehokkaan tunkeutumisen maaper\u00e4\u00e4n, mik\u00e4 tehostaa kaivuprosessia. Kaivurikuormaajissa n\u00e4m\u00e4 sylinterit auttavat paitsi kaivamisessa my\u00f6s nostot\u00f6iss\u00e4, mik\u00e4 tekee niist\u00e4 v\u00e4ltt\u00e4m\u00e4tt\u00f6mi\u00e4 monitoimisuorituksissa rakennusty\u00f6mailla.<\/p>\n<h3>Maatalouskoneet<\/h3>\n<p>Etukuormaajissa k\u00e4ytett\u00e4v\u00e4t kauhasylinterit vastaavat maaper\u00e4n, hein\u00e4n ja muiden materiaalien kauhaamisesta, nostamisesta ja kuljettamisesta. Niiden rakenne mahdollistaa materiaalien tarkkuuden, mik\u00e4 on ratkaisevan t\u00e4rke\u00e4\u00e4 maataloustoiminnan tuottavuuden yll\u00e4pit\u00e4miseksi.<\/p>\n<h3>Kaivinkoneet<\/h3>\n<p>Kaivinkoneiden kauhan sylinterit mahdollistavat kauhan tunkeutumisen maahan, mik\u00e4 helpottaa tehokkaita kaivutoimia. T\u00e4m\u00e4 toiminto on ratkaisevan t\u00e4rke\u00e4 erilaisissa rakennusprojekteissa, sill\u00e4 se parantaa koneiden yleist\u00e4 tehokkuutta maaper\u00e4n kaivamisessa.<\/p>\n<h3>Kuormaajat<\/h3>\n<p>Etukuormaajissa n\u00e4m\u00e4 sylinterit auttavat kuormien tehokkaassa nostamisessa ja tyhjent\u00e4misess\u00e4. Niiden suorituskyky vaikuttaa suoraan materiaalink\u00e4sittelyn nopeuteen ja tehokkuuteen, mik\u00e4 tekee niist\u00e4 olennaisia \u200b\u200bosia lastaustoiminnoissa.<\/p>\n<h2>Suunnittelun\u00e4k\u00f6kohdat<\/h2>\n<ul>\n<li><strong>Kantavuus:<\/strong> Hydraulisylinterin kuormituskapasiteetti on ensiarvoisen t\u00e4rke\u00e4\u00e4, koska se m\u00e4\u00e4ritt\u00e4\u00e4 sylinterin turvallisesti k\u00e4sittelem\u00e4n enimm\u00e4ispainon. T\u00e4m\u00e4 ominaisuus on ratkaisevan t\u00e4rke\u00e4 sen varmistamiseksi, ett\u00e4 kone toimii tehokkaasti ilman vikaantumisriski\u00e4. Hydraulisylinterit on suunniteltava kest\u00e4m\u00e4\u00e4n tiettyj\u00e4 kuormitusrajoja ja samalla tarjoamaan luotettavaa suorituskyky\u00e4 ajan kuluessa.<\/li>\n<li><strong>Tiivistys:<\/strong> Tehokas tiivistys on olennainen osa hydraulisylinterien suorituskyky\u00e4 ja pitk\u00e4ik\u00e4isyytt\u00e4. Erilaisia \u200b\u200btiivistysmateriaaleja, kuten polyuretaania ja nitriilikumia, k\u00e4ytet\u00e4\u00e4n vuotojen est\u00e4miseen ja hydraulisen paineen yll\u00e4pit\u00e4miseen. Asianmukainen tiivistys v\u00e4hent\u00e4\u00e4 my\u00f6s kulumista ja pident\u00e4\u00e4 sylinterin k\u00e4ytt\u00f6ik\u00e4\u00e4.<\/li>\n<li><strong>Kest\u00e4vyys:<\/strong> Sylinterin kest\u00e4vyyteen vaikuttavat rakennusmateriaalit ja valmistusprosessi. Korkealaatuiset materiaalit ja tarkka suunnittelu johtavat tuotteisiin, jotka kest\u00e4v\u00e4t \u00e4\u00e4rimm\u00e4isi\u00e4 olosuhteita ja varmistavat pitk\u00e4aikaisen luotettavuuden kent\u00e4ll\u00e4.<\/li>\n<li><strong>Turvallisuus:<\/strong> Turvaominaisuudet on sis\u00e4llytett\u00e4v\u00e4 suunnitteluun onnettomuuksien ja laitevikojen est\u00e4miseksi. N\u00e4ihin kuuluvat paineenalennusventtiilit ja turvalukot, jotka suojaavat k\u00e4ytt\u00e4ji\u00e4 ja koneita k\u00e4yt\u00f6n aikana.<\/li>\n<li><strong>Huolto:<\/strong> Huollon helppous on ratkaiseva tekij\u00e4 hydraulisylintereiden valinnassa. Rakenteet, jotka mahdollistavat helpon p\u00e4\u00e4syn komponentteihin tarkastusta ja korjausta varten, voivat merkitt\u00e4v\u00e4sti v\u00e4hent\u00e4\u00e4 raskaiden laitteiden seisokkiaikoja ja k\u00e4ytt\u00f6kustannuksia.<\/li>\n<\/ul>\n<p><img decoding=\"async\" src=\"https:\/\/www.hydraulic-cylinders.net\/wp-content\/uploads\/2025\/04\/songte-oil-pipes-and-spare-parts.webp\" alt=\"\u00d6ljyputket ja varaosat\" \/><\/p>\n<h2>Tiivistys ja voitelu<\/h2>\n<p>Hydraulisylinterien tiivistys ja voitelu ovat ratkaisevan t\u00e4rkeit\u00e4 niiden suorituskyvyn ja pitk\u00e4ik\u00e4isyyden kannalta. Erilaisia \u200b\u200btiivisteit\u00e4, kuten m\u00e4nn\u00e4ntiivisteit\u00e4 ja varren tiivisteit\u00e4, k\u00e4ytet\u00e4\u00e4n est\u00e4m\u00e4\u00e4n nestevuotoja. N\u00e4m\u00e4 tiivisteet on valmistettu kest\u00e4vist\u00e4 materiaaleista, kuten polyuretaanista ja nitriilikumista, jotka kest\u00e4v\u00e4t kulumista ja tarjoavat tehokkaan tiivistyksen. Lis\u00e4ksi sylinterin runko ja kierteitetyt p\u00e4\u00e4t ty\u00f6stet\u00e4\u00e4n hienosti kulutuskest\u00e4vyyden parantamiseksi. S\u00e4\u00e4nn\u00f6llinen voitelu hydrauli\u00f6ljyll\u00e4 on v\u00e4ltt\u00e4m\u00e4t\u00f6nt\u00e4 sujuvan toiminnan yll\u00e4pit\u00e4miseksi ja kitkan v\u00e4hent\u00e4miseksi, mik\u00e4 est\u00e4\u00e4 hydraulisten komponenttien ennenaikaisen kulumisen ja vikaantumisen.<\/p>\n<h2>Huoltok\u00e4yt\u00e4nn\u00f6t<\/h2>\n<ul>\n<li><strong>S\u00e4\u00e4nn\u00f6lliset tarkastukset:<\/strong> Hydraulisylintereille on t\u00e4rke\u00e4\u00e4 suorittaa rutiinitarkastuksia kulumisen, vuotojen tai vaurioiden merkkien tunnistamiseksi. Ongelmien varhainen havaitseminen voi est\u00e4\u00e4 vakavia vikoja ja kalliita korjauksia.<\/li>\n<li><strong>Oikea voitelu:<\/strong> Hydraulisylinterin pit\u00e4minen hyvin voideltuna oikealla m\u00e4\u00e4r\u00e4ll\u00e4 hydrauli\u00f6ljy\u00e4 on ratkaisevan t\u00e4rke\u00e4\u00e4 sujuvan toiminnan kannalta. Riitt\u00e4m\u00e4t\u00f6n voitelu voi johtaa lis\u00e4\u00e4ntyneeseen kitkaan ja kulumiseen, mik\u00e4 vaikuttaa sylinterin suorituskykyyn.<\/li>\n<li><strong>Tiivisteen vaihto:<\/strong> Tiivisteiden s\u00e4\u00e4nn\u00f6llinen tarkistus ja vaihto tarpeen mukaan voi est\u00e4\u00e4 nestevuodot ja yll\u00e4pit\u00e4\u00e4 optimaalista hydraulipainetta. T\u00e4m\u00e4 k\u00e4yt\u00e4nt\u00f6 on elint\u00e4rke\u00e4 hydraulij\u00e4rjestelm\u00e4n pitk\u00e4ik\u00e4isyyden ja tehokkuuden varmistamiseksi.<\/li>\n<\/ul>\n<h2>Asennusohjeet<\/h2>\n<p>Hydraulisylinterin oikea asentaminen on elint\u00e4rke\u00e4\u00e4 suorituskyvyn ja turvallisuuden kannalta. Aloita varmistamalla, ett\u00e4 kaikki komponentit ovat puhtaita ja roskista vapaita. Kohdista sylinteri oikein laitteen kiinnityspisteisiin k\u00e4ytt\u00e4m\u00e4ll\u00e4 sopivia kiinnityskiinnikkeit\u00e4 sen kiinnitt\u00e4miseksi paikalleen. Varmista, ett\u00e4 noudatat valmistajan ohjeita v\u00e4\u00e4nt\u00f6momenttiasetusten ja kohdistuksen suhteen. Asennuksen j\u00e4lkeen tarkista mahdolliset vuodot ja varmista, ett\u00e4 hydraulij\u00e4rjestelm\u00e4 toimii oikein. Oikea asennus ei ainoastaan \u200b\u200bparanna sylinterin toimintatehokkuutta, vaan my\u00f6s pident\u00e4\u00e4 sen k\u00e4ytt\u00f6ik\u00e4\u00e4.<\/p>\n<h2>Yleiset huoltoteht\u00e4v\u00e4t<\/h2>\n<ul>\n<li><strong>S\u00e4\u00e4nn\u00f6lliset tarkastukset:<\/strong> S\u00e4\u00e4nn\u00f6lliset tarkastukset auttavat havaitsemaan mahdolliset ongelmat varhaisessa vaiheessa, mik\u00e4 mahdollistaa oikea-aikaiset korjaukset ja v\u00e4hent\u00e4\u00e4 laitteiden vikaantumisriski\u00e4.<\/li>\n<li><strong>Asianmukainen voitelu:<\/strong> Hydraulisylinterin hyv\u00e4 voitelu on v\u00e4ltt\u00e4m\u00e4t\u00f6nt\u00e4 sen toiminnan kannalta. T\u00e4m\u00e4 k\u00e4yt\u00e4nt\u00f6 minimoi kitkan ja kulumisen, mik\u00e4 johtaa parempaan suorituskykyyn.<\/li>\n<li><strong>Tiivisteen vaihto:<\/strong> Tiivisteiden s\u00e4\u00e4nn\u00f6llinen vaihtaminen auttaa est\u00e4m\u00e4\u00e4n vuotoja ja yll\u00e4pit\u00e4m\u00e4\u00e4n hydraulipainetta varmistaen hydraulij\u00e4rjestelm\u00e4n optimaalisen toiminnan.<\/li>\n<\/ul>\n<h2>Turvallisuusn\u00e4k\u00f6kohdat ja ymp\u00e4rist\u00f6tekij\u00e4t<\/h2>\n<p>Turvatoimenpiteet ovat ensiarvoisen t\u00e4rkeit\u00e4 hydraulisylintereit\u00e4 k\u00e4ytett\u00e4ess\u00e4. K\u00e4ytt\u00e4j\u00e4t tulee kouluttaa tunnistamaan mahdolliset vaarat ja varmistamaan, ett\u00e4 turvallisuusprotokollia noudatetaan. Lis\u00e4ksi hydraulinesteiden vuotojen ymp\u00e4rist\u00f6vaikutuksia ei pid\u00e4 unohtaa. Asianmukaiset erist\u00e4mistoimenpiteet ja s\u00e4\u00e4nn\u00f6llinen huolto voivat auttaa lievent\u00e4m\u00e4\u00e4n hydraulij\u00e4rjestelm\u00e4n vikaantumiseen liittyvi\u00e4 riskej\u00e4.<\/p>\n<h2>Vianm\u00e4\u00e4ritys ja yleiset ongelmat<\/h2>\n<ul>\n<li><strong>Vuotavat tiivisteet:<\/strong> Yksi yleinen ongelma on vuotavat tiivisteet, jotka voivat johtaa hydraulisen paineen menetykseen. Tiivisteiden s\u00e4\u00e4nn\u00f6llinen tarkastus ja oikea-aikainen vaihto voivat est\u00e4\u00e4 t\u00e4m\u00e4n ongelman.<\/li>\n<li><strong>Ep\u00e4johdonmukainen toiminta:<\/strong> Jos sylinteri toimii ep\u00e4tasaisesti, se voi viitata hydraulinesteen tasoihin tai nesteen ep\u00e4puhtauksiin. S\u00e4\u00e4nn\u00f6llinen huolto voi auttaa varmistamaan sujuvan toiminnan.<\/li>\n<li><strong>Ylikuumeneminen:<\/strong> Ylikuumeneminen voi johtua liiallisesta kuormituksesta tai riitt\u00e4m\u00e4tt\u00f6m\u00e4st\u00e4 voitelusta. K\u00e4ytt\u00f6olosuhteiden seuranta ja riitt\u00e4v\u00e4n voitelun varmistaminen on olennaista ylikuumenemisen est\u00e4miseksi.<\/li>\n<\/ul>\n<p>Jotta ongelmat voidaan diagnosoida ja ratkaista tehokkaasti, k\u00e4ytt\u00e4jien tulee pit\u00e4\u00e4 kirjaa hydraulij\u00e4rjestelm\u00e4n suorituskyvyst\u00e4 ja suorittaa s\u00e4\u00e4nn\u00f6llisi\u00e4 tarkastuksia mahdollisten ongelmien tunnistamiseksi varhaisessa vaiheessa. Ennaltaehk\u00e4isev\u00e4t toimenpiteet voivat merkitt\u00e4v\u00e4sti v\u00e4hent\u00e4\u00e4 ongelmien todenn\u00e4k\u00f6isyytt\u00e4.<\/p>\n<p><img decoding=\"async\" src=\"https:\/\/www.hydraulic-cylinders.net\/wp-content\/uploads\/2025\/04\/songte-bushings-with-all-kinds-of-excavator-models.webp\" alt=\"Kaivinkonemallien holkit\" \/><\/p>\n<h2>Yrityksen yleiskatsaus<\/h2>\n<p>Yrityksemme on erikoistunut korvaavien hydraulisylintereiden tuotantoon ja siit\u00e4 on tullut yksi johtavista valmistajista ja tukkukauppiaista sek\u00e4 kotimaisilla ett\u00e4 kansainv\u00e4lisill\u00e4 markkinoilla. Noudatamme tiukkoja laatustandardeja ja hy\u00f6dynn\u00e4mme edistyneit\u00e4 valmistusstrategioita ja -teknologioita. Tehtaamme on varustettu huippuluokan digitaalisilla valmistuslaitteilla ja ammattimaisella testausj\u00e4rjestelm\u00e4ll\u00e4, jotka parantavat jatkuvasti tuotantokapasiteettiamme. Painotamme tehokkuutta, tarkkuutta ja laatua vastataksemme asiakkaidemme monipuolisiin tarpeisiin.<\/p>\n<p><img decoding=\"async\" src=\"https:\/\/www.hydraulic-cylinders.net\/wp-content\/uploads\/2025\/04\/songte-company-4.webp\" alt=\"Yrityksen yleiskatsaus\" \/><br \/>\n<img decoding=\"async\" src=\"https:\/\/www.hydraulic-cylinders.net\/wp-content\/uploads\/2025\/04\/songte-company-3.webp\" alt=\"Yrityksen yleiskatsaus\" \/><\/p>\n<p>Erikoistuneiden tuotantokykyjemme lis\u00e4ksi tarjoamme r\u00e4\u00e4t\u00e4l\u00f6ityj\u00e4 palveluita, jotka on r\u00e4\u00e4t\u00e4l\u00f6ity vastaamaan asiakkaiden erityisvaatimuksia. Sitoutumisemme laatuun on tunnustettu kansainv\u00e4lisill\u00e4 sertifikaateilla, jotka varmistavat, ett\u00e4 tuotteemme t\u00e4ytt\u00e4v\u00e4t maailmanlaajuiset standardit. Myynnin j\u00e4lkeinen palvelumme varmistaa, ett\u00e4 asiakkaamme saavat jatkuvaa tukea ja vahvistaa entisest\u00e4\u00e4n mainettamme alalla.<\/p>\n<p>Kirjoittaja: lyl<\/p>","protected":false},"excerpt":{"rendered":"<p>Boom Cylinder For Yuchai YC50-8 Product Overview The Boom Cylinder for Yuchai YC50-8 is a specialized hydraulic cylinder designed to control the movement of the bucket in various heavy machinery. These hydraulic cylinders play a crucial role in excavators, backhoes, and front loaders, enabling the bucket to lift, lower, and tilt. This functionality is essential [&hellip;]<\/p>","protected":false},"featured_media":17877,"comment_status":"open","ping_status":"closed","template":"","meta":{"_et_pb_use_builder":"","_et_pb_old_content":"","_et_gb_content_width":""},"product_brand":[],"product_cat":[1546],"product_tag":[1547,1496],"class_list":{"0":"post-19584","1":"product","2":"type-product","3":"status-publish","4":"has-post-thumbnail","6":"product_cat-boom-cylinders","7":"product_tag-boom-cylinders","8":"product_tag-hydraulic-cylinders","10":"first","11":"instock","12":"shipping-taxable","13":"product-type-simple"},"amp_enabled":true,"_links":{"self":[{"href":"https:\/\/www.hydraulic-cylinders.net\/fi\/wp-json\/wp\/v2\/product\/19584","targetHints":{"allow":["GET"]}}],"collection":[{"href":"https:\/\/www.hydraulic-cylinders.net\/fi\/wp-json\/wp\/v2\/product"}],"about":[{"href":"https:\/\/www.hydraulic-cylinders.net\/fi\/wp-json\/wp\/v2\/types\/product"}],"replies":[{"embeddable":true,"href":"https:\/\/www.hydraulic-cylinders.net\/fi\/wp-json\/wp\/v2\/comments?post=19584"}],"wp:featuredmedia":[{"embeddable":true,"href":"https:\/\/www.hydraulic-cylinders.net\/fi\/wp-json\/wp\/v2\/media\/17877"}],"wp:attachment":[{"href":"https:\/\/www.hydraulic-cylinders.net\/fi\/wp-json\/wp\/v2\/media?parent=19584"}],"wp:term":[{"taxonomy":"product_brand","embeddable":true,"href":"https:\/\/www.hydraulic-cylinders.net\/fi\/wp-json\/wp\/v2\/product_brand?post=19584"},{"taxonomy":"product_cat","embeddable":true,"href":"https:\/\/www.hydraulic-cylinders.net\/fi\/wp-json\/wp\/v2\/product_cat?post=19584"},{"taxonomy":"product_tag","embeddable":true,"href":"https:\/\/www.hydraulic-cylinders.net\/fi\/wp-json\/wp\/v2\/product_tag?post=19584"}],"curies":[{"name":"wp","href":"https:\/\/api.w.org\/{rel}","templated":true}]}}