{"id":19585,"date":"2025-04-07T06:56:01","date_gmt":"2025-04-07T06:56:01","guid":{"rendered":"https:\/\/www.hydraulic-cylinders.net\/product\/boom-cylinder-for-yuchai-yc60-8\/"},"modified":"2025-04-07T06:56:03","modified_gmt":"2025-04-07T06:56:03","slug":"boom-cylinder-for-yuchai-yc60-8","status":"publish","type":"product","link":"https:\/\/www.hydraulic-cylinders.net\/fi\/tuote\/boom-cylinder-for-yuchai-yc60-8\/","title":{"rendered":"Puomin sylinteri Yuchai YC60-8:lle"},"content":{"rendered":"<h1>Puomin sylinteri Yuchai YC60-8:lle<\/h1>\n<h2>Tuotteen yleiskatsaus<\/h2>\n<p>Yuchai YC60-8:n puomisylinteri on t\u00e4rke\u00e4 hydrauliikkakomponentti, joka on suunniteltu erityisesti ohjaamaan erilaisten raskaiden koneiden, kuten kaivinkoneiden, kaivurikuormaajien ja etukuormaajien, kauhojen liikett\u00e4. T\u00e4m\u00e4 hydrauliikkasylinteri mahdollistaa kauhan nostamisen, laskemisen ja kallistuksen, mik\u00e4 helpottaa tehokasta materiaalink\u00e4sittely\u00e4. Luotettavan kauhasylinterin merkityst\u00e4 ei voi yliarvioida, sill\u00e4 se vaikuttaa suoraan rakennus- ja maatalouskoneiden toimintakykyyn ja tuottavuuteen.<\/p>\n<p><img decoding=\"async\" src=\"https:\/\/www.hydraulic-cylinders.net\/wp-content\/uploads\/2025\/04\/songte-company-1.webp\" alt=\"Puomin sylinteri\"><\/p>\n<h3>M\u00e4\u00e4ritelm\u00e4 ja toiminta<\/h3>\n<p>Kauhasylinteri on hydraulinen sylinterityyppi, joka on r\u00e4\u00e4t\u00e4l\u00f6ity raskaiden koneiden ainutlaatuisiin vaatimuksiin. Se toimii k\u00e4ytt\u00e4m\u00e4ll\u00e4 hydrauli\u00f6ljy\u00e4 paineen luomiseen, joka mahdollistaa sylinterin tasaisen pident\u00e4misen ja vet\u00e4misen sis\u00e4\u00e4n. T\u00e4m\u00e4 toiminto on ratkaisevan t\u00e4rke\u00e4 sovelluksissa, joissa nostetaan raskaita taakkoja ja k\u00e4sitell\u00e4\u00e4n tarkasti materiaaleja. Esimerkiksi kaivinkoneiden yhteydess\u00e4 kauhasylinterill\u00e4 on t\u00e4rke\u00e4 rooli kaivamisessa ja kaivamisessa, mik\u00e4 parantaa kokonaistehokkuutta.<\/p>\n<h2>T\u00e4rkeimm\u00e4t ominaisuudet<\/h2>\n<ul>\n<li><strong>Korkea lujuus ja kest\u00e4vyys:<\/strong> Tyypillisesti eritt\u00e4in lujasta ter\u00e4ksest\u00e4 tai alumiinista valmistetut sylinterit kest\u00e4v\u00e4t korkeita paineita ja raskaita kuormia, joten ne soveltuvat vaativiin ty\u00f6olosuhteisiin.<\/li>\n<li><strong>Tehokas hydraulinen k\u00e4ytt\u00f6:<\/strong> Hydrauli\u00f6ljyn painetta hy\u00f6dynt\u00e4v\u00e4t n\u00e4m\u00e4 sylinterit mahdollistavat sujuvan ja nopean reagoinnin k\u00e4ytt\u00f6komentoihin, tarjoten huomattavaa ty\u00f6nt\u00f6- ja vetovoimaa.<\/li>\n<li><strong>Erilaisia \u200b\u200btyyppej\u00e4:<\/strong> Saatavilla on yksitoimisia (hydrauliikkaa yhteen suuntaan) tai kaksitoimisia (hydrauliikkaa molempiin suuntiin) sylintereit\u00e4, jotka vastaavat vaihteleviin k\u00e4ytt\u00f6tarpeisiin.<\/li>\n<li><strong>Tilaa s\u00e4\u00e4st\u00e4v\u00e4t mallit:<\/strong> Jotkut mallit ovat teleskooppisia, mik\u00e4 mahdollistaa suuremman pidennysosan ilman ulkomittojen kasvua, mik\u00e4 on ihanteellista ahtaissa k\u00e4ytt\u00f6kohteissa.<\/li>\n<\/ul>\n<p>Valmistuskykymme ansiosta voimme valmistaa n\u00e4it\u00e4 sylintereit\u00e4, jotka sopivat t\u00e4ydellisesti korvaamaan olemassa olevia hydraulisylintereit\u00e4 ja varmistavat saumattoman integroinnin koneisiisi.<\/p>\n<p><img decoding=\"async\" src=\"https:\/\/www.hydraulic-cylinders.net\/wp-content\/uploads\/2025\/04\/songte-cylinder-head-with-all-kinds-excavator-models.webp\" alt=\"Kaivinkonemallit\"><\/p>\n<h2>Sovellukset<\/h2>\n<h3>Rakennuslaitteet<\/h3>\n<p>Rakennusalalla puomin sylinteri on olennainen osa kaivinkoneiden toimintaa, ja se helpottaa teht\u00e4vi\u00e4, kuten kaivamista, lastaamista ja maan tai roskien siirt\u00e4mist\u00e4. Kauhan liikkeen tarkka hallinta varmistaa, ett\u00e4 materiaalia voidaan k\u00e4sitell\u00e4 tehokkaasti ja tuloksellisesti, mik\u00e4 lis\u00e4\u00e4 tuottavuutta ty\u00f6maalla.<\/p>\n<h3>Maatalouskoneet<\/h3>\n<p>For front-end loaders, the boom cylinder is essential for scooping, lifting, and transporting soil, hay, and other materials. The ability to adjust the bucket&#8217;s position allows farmers to perform a variety of tasks with ease, improving efficiency in agricultural operations.<\/p>\n<h3>Kaivinkoneet<\/h3>\n<p>Kaivinkoneiden kauhan sylinteri mahdollistaa tehokkaan kaivamisen, koska kauha tunkeutuu maaper\u00e4\u00e4n. T\u00e4m\u00e4 toiminto on ratkaisevan t\u00e4rke\u00e4 kaivut\u00f6iss\u00e4, sill\u00e4 se helpottaa ojia, perustuksia ja muita t\u00e4rkeit\u00e4 rakenteita.<\/p>\n<h3>Kuormaajat<\/h3>\n<p>Etukuormaajissa puomin sylinterit auttavat kuormien tehokkaassa nostamisessa ja tyhjent\u00e4misess\u00e4. T\u00e4m\u00e4 ominaisuus on avainasemassa materiaalink\u00e4sittelyss\u00e4 rakennusalalla ja j\u00e4tehuollossa, sill\u00e4 sen avulla k\u00e4ytt\u00e4j\u00e4t voivat maksimoida tuotoksensa v\u00e4hemm\u00e4ll\u00e4 fyysisell\u00e4 vaivalla.<\/p>\n<h2>Suunnittelun\u00e4k\u00f6kohdat ja valintakriteerit<\/h2>\n<h3>Kantavuus<\/h3>\n<p>Puomisylinteri\u00e4 valittaessa kuormituskapasiteetti on ratkaiseva tekij\u00e4. Sylinterin on kyett\u00e4v\u00e4 tukemaan k\u00e4sitelt\u00e4v\u00e4n kuorman enimm\u00e4ispainoa ilman vikaantumisen riski\u00e4. Kuormitusvaatimusten asianmukainen arviointi varmistaa toiminnan pitk\u00e4ik\u00e4isyyden ja turvallisuuden.<\/p>\n<h3>Tiivistyksen laatu<\/h3>\n<p>Sealing is vital for the performance of hydraulic cylinders. High-quality seals prevent hydraulic fluid leakage, which can compromise the system&#8217;s efficiency and lead to costly repairs. A well-sealed cylinder enhances reliability and operational safety.<\/p>\n<h3>Kest\u00e4vyys<\/h3>\n<p>Kest\u00e4vyys on keskeinen kriteeri, koska hydraulisylinterit toimivat ankarissa olosuhteissa. Materiaalien tulee olla kulumisen, korroosion ja v\u00e4symisen kest\u00e4vi\u00e4, jotta sylinteri pysyy toimintakunnossa pitki\u00e4 aikoja, my\u00f6s haastavissa olosuhteissa.<\/p>\n<h3>Turvaominaisuudet<\/h3>\n<p>Turvallisuussuunnitteluun kuuluu ominaisuuksien sis\u00e4llytt\u00e4minen, jotka minimoivat k\u00e4yt\u00f6n aikaiset riskit. N\u00e4ihin kuuluvat paineenalennusventtiilit ja kest\u00e4v\u00e4 rakenne, joka kest\u00e4\u00e4 odottamattomia rasituksia ja varmistaa sek\u00e4 laitteiden ett\u00e4 k\u00e4ytt\u00e4jien suojauksen.<\/p>\n<h3>Huolto Esteett\u00f6myys<\/h3>\n<p>Lopuksi, helppok\u00e4ytt\u00f6isyys on olennainen suunnittelun\u00e4k\u00f6kohta. Sylinterit tulisi suunnitella nopeita tarkastuksia ja korjauksia varten, mik\u00e4 minimoi seisokkiajat. Helppok\u00e4ytt\u00f6isyys voi vaikuttaa merkitt\u00e4v\u00e4sti toiminnan tehokkuuteen ja yll\u00e4pitokustannuksiin.<\/p>\n<p><img decoding=\"async\" src=\"https:\/\/www.hydraulic-cylinders.net\/wp-content\/uploads\/2025\/04\/songte-oil-pipes-and-spare-parts.webp\" alt=\"\u00d6ljyputket ja varaosat\"><\/p>\n<h2>Tiivistys ja voitelu<\/h2>\n<p>Tehokas tiivistys ja voitelu ovat ratkaisevan t\u00e4rkeit\u00e4 hydraulisylinterien pitk\u00e4ik\u00e4isyyden ja suorituskyvyn kannalta. Kulumiskest\u00e4vyyden parantamiseksi k\u00e4ytet\u00e4\u00e4n erilaisia \u200b\u200btiiviste-elementtej\u00e4, kuten m\u00e4nn\u00e4ntiivisteit\u00e4 ja m\u00e4nn\u00e4nvarren tiivisteit\u00e4, jotka on valmistettu kest\u00e4vist\u00e4 materiaaleista, kuten polyuretaanista ja nitriilikumista. Sylinterin runko ja kierteitetyt p\u00e4\u00e4typinnat hienokoneistetaan kulumisominaisuuksien parantamiseksi. S\u00e4\u00e4nn\u00f6llinen voitelu hydrauli\u00f6ljyll\u00e4 on v\u00e4ltt\u00e4m\u00e4t\u00f6nt\u00e4 sujuvan toiminnan yll\u00e4pit\u00e4miseksi ja kitkasta johtuvan kulumisen est\u00e4miseksi.<\/p>\n<h2>Ennaltaehk\u00e4isev\u00e4t huoltotoimenpiteet<\/h2>\n<ul>\n<li><strong>S\u00e4\u00e4nn\u00f6lliset tarkastukset:<\/strong> Tee perusteelliset tarkastukset mahdollisten kulumisen, vaurioiden tai vuotojen havaitsemiseksi. Varhainen havaitseminen voi est\u00e4\u00e4 vakavia vikoja ja kalliita korjauksia.<\/li>\n<li><strong>Oikea voitelu:<\/strong> Ensure that lubrication is performed according to the manufacturer&#8217;s specifications. Adequate lubrication minimizes friction and prolongs the life of moving parts.<\/li>\n<li><strong>Tiivisteen vaihto:<\/strong> Tarkista tiivisteiden kuluminen s\u00e4\u00e4nn\u00f6llisesti ja vaihda ne tarvittaessa. Hyvin huolletut tiivisteet ovat v\u00e4ltt\u00e4m\u00e4tt\u00f6mi\u00e4 hydraulinesteen vuotojen est\u00e4miseksi ja toiminnan tehokkuuden yll\u00e4pit\u00e4miseksi.<\/li>\n<\/ul>\n<h2>Asennusohjeet<\/h2>\n<p>When installing the boom cylinder, ensure that the cylinder is properly aligned with the attachment points to prevent undue stress during operation. Use suitable mounting brackets to secure the cylinder firmly in place. Before operation, check that all connections are tight and that the hydraulic system is free of leaks. Follow the manufacturer&#8217;s recommendations for installation procedures to avoid potential issues and ensure optimal performance.<\/p>\n<h2>Yleiset huoltoteht\u00e4v\u00e4t<\/h2>\n<h3>S\u00e4\u00e4nn\u00f6lliset tarkastukset<\/h3>\n<p>S\u00e4\u00e4nn\u00f6llisten tarkastusten suorittaminen on ratkaisevan t\u00e4rke\u00e4\u00e4 mahdollisten ongelmien tunnistamiseksi ennen niiden pahenemista. Tarkista ulkoiset vauriot, vuodot ja tiivisteiden ja liitosten kuluminen. Varhainen havaitseminen mahdollistaa oikea-aikaiset korjaukset, mik\u00e4 voi s\u00e4\u00e4st\u00e4\u00e4 pitki\u00e4 seisokkiaikoja ja korjauskustannuksia.<\/p>\n<h3>Oikea voitelu<\/h3>\n<p>Varmista, ett\u00e4 hydrauliikka\u00f6ljyn taso on suositellulla tasolla ja ett\u00e4 se on oikeanlaista sylinterillesi. Riitt\u00e4v\u00e4 voitelu v\u00e4hent\u00e4\u00e4 kitkaa ja kulumista sis\u00e4isiss\u00e4 osissa, mik\u00e4 pident\u00e4\u00e4 sylinterin k\u00e4ytt\u00f6ik\u00e4\u00e4.<\/p>\n<h3>Tiivisteen vaihto<\/h3>\n<p>Tiivisteiden s\u00e4\u00e4nn\u00f6llinen tarkastus on elint\u00e4rke\u00e4\u00e4. Jos kulumisen tai vaurioiden merkkej\u00e4 havaitaan, tiivisteet on vaihdettava viipym\u00e4tt\u00e4 hydraulinesteen vuotojen est\u00e4miseksi. S\u00e4\u00e4nn\u00f6llinen tiivisteiden vaihto on pieni investointi, joka voi s\u00e4\u00e4st\u00e4\u00e4 suurempia korjauskustannuksia pitk\u00e4ll\u00e4 aikav\u00e4lill\u00e4.<\/p>\n<p><img decoding=\"async\" src=\"https:\/\/www.hydraulic-cylinders.net\/wp-content\/uploads\/2025\/04\/songte-chushion-collar.webp\" alt=\"Tyynykaulus\"><\/p>\n<h2>Turvallisuusn\u00e4k\u00f6kohdat ja ymp\u00e4rist\u00f6tekij\u00e4t<\/h2>\n<p>Turvatoimenpiteet ovat ensiarvoisen t\u00e4rkeit\u00e4 hydraulisylintereit\u00e4 k\u00e4ytett\u00e4ess\u00e4. Varmista aina, ett\u00e4 k\u00e4ytt\u00e4j\u00e4t ovat saaneet koulutusta turvallisuusprotokollista ja ett\u00e4 laitteet noudattavat turvallisuusstandardeja. Asianmukainen k\u00e4sittely ja k\u00e4ytt\u00f6 v\u00e4hent\u00e4v\u00e4t onnettomuusriski\u00e4 ja edist\u00e4v\u00e4t turvallisempaa ty\u00f6ymp\u00e4rist\u00f6\u00e4.<\/p>\n<h2>Vianm\u00e4\u00e4ritys ja yleiset ongelmat<\/h2>\n<ul>\n<li><strong>Vuoto:<\/strong> Vuotoa voi esiinty\u00e4 kuluneiden tiivisteiden tai liittimien vaurioitumisen vuoksi. S\u00e4\u00e4nn\u00f6lliset tarkastukset voivat auttaa havaitsemaan ja korjaamaan vuodot varhaisessa vaiheessa.<\/li>\n<li><strong>Heikentynyt suorituskyky:<\/strong> Jos sylinteri ei reagoi odotetulla tavalla, se voi viitata alhaiseen hydrauliikka\u00f6ljyn tasoon tai sis\u00e4isiin vaurioihin. Tarkista nestetasot ja tutki sylinterin sis\u00e4inen kuluminen.<\/li>\n<li><strong>Ylikuumeneminen:<\/strong> Ylikuumeneminen voi johtaa nesteiden hajoamiseen, joten k\u00e4ytt\u00f6l\u00e4mp\u00f6tilojen seuranta on t\u00e4rke\u00e4\u00e4. Riitt\u00e4v\u00e4 ilmanvaihto ja oikeat nestetasot voivat auttaa est\u00e4m\u00e4\u00e4n ylikuumenemisen.<\/li>\n<\/ul>\n<h2>Vianm\u00e4\u00e4ritysvinkkej\u00e4<\/h2>\n<p>Puomisylinterin ongelmien tehokas vianm\u00e4\u00e4ritys aloitetaan tarkistamalla hydraulinesteen m\u00e4\u00e4r\u00e4 ja tarkistamalla vuodot. Oikean hydraulinesteen k\u00e4ytt\u00f6 ja sen puhtauden varmistaminen minimoivat ongelmat. S\u00e4\u00e4nn\u00f6llinen huolto, mukaan lukien tiivisteiden vaihto ja voitelu, on avainasemassa ongelmien ehk\u00e4isemisess\u00e4. Ennakoivan huoltostrategian toteuttaminen voi merkitt\u00e4v\u00e4sti v\u00e4hent\u00e4\u00e4 vakavien ongelmien todenn\u00e4k\u00f6isyytt\u00e4.<\/p>\n<p><img decoding=\"async\" src=\"https:\/\/www.hydraulic-cylinders.net\/wp-content\/uploads\/2025\/04\/songte-bushings-with-all-kinds-of-excavator-models.webp\" alt=\"Kaivinkonemallien holkit\"><\/p>\n<h2>Yrityksen yleiskatsaus<\/h2>\n<p>Olemme johtava hydraulisylintereiden valmistaja, joka tarjoaa laajan valikoiman tuotteita sek\u00e4 kotimaisille ett\u00e4 kansainv\u00e4lisille markkinoille. Sitoutumisemme huippulaatuun tukee kehittynyt valmistuksenohjausstrategia, joka hy\u00f6dynt\u00e4\u00e4 ammattitaitoista teknist\u00e4 henkil\u00f6st\u00f6\u00e4 ja edistyneit\u00e4 digitaalisia valmistuslaitteita. Parantamalla jatkuvasti tuotantoprosessejamme varmistamme, ett\u00e4 t\u00e4yt\u00e4mme asiakkaiden vaatimukset tehokkaasti, tarkasti ja laadukkaasti.<\/p>\n<p><img decoding=\"async\" src=\"https:\/\/www.hydraulic-cylinders.net\/wp-content\/uploads\/2025\/04\/songte-company-4.webp\" alt=\"Yrityksen yleiskatsaus\"><br \/>\n<img decoding=\"async\" src=\"https:\/\/www.hydraulic-cylinders.net\/wp-content\/uploads\/2025\/04\/songte-company-3.webp\" alt=\"Tuotantolaitos\"><\/p>\n<h3>Ammattitaito ja sertifikaatit<\/h3>\n<p>Tuotteemme t\u00e4ytt\u00e4v\u00e4t kansainv\u00e4liset standardit ja tarjoamme r\u00e4\u00e4t\u00e4l\u00f6ityj\u00e4 palveluita asiakkaidemme erityistarpeisiin. Edistykselliset tuotantolaitteemme ja tiukat laadunvalvontaprosessimme varmistavat, ett\u00e4 jokainen tuotettu yksikk\u00f6 on luotettava ja korkealaatuinen.<\/p>\n<h3>Myynnin j\u00e4lkeinen palvelu<\/h3>\n<p>Olemme ylpeit\u00e4 my\u00f6s erinomaisesta j\u00e4lkimarkkinointipalvelustamme, joka varmistaa, ett\u00e4 asiakkaillamme on tarvittava tuki asennukseen, huoltoon ja kaikkiin oston j\u00e4lkeen mahdollisesti ilmeneviin ongelmiin.<\/p>\n<p>Kirjoittaja: lyl<\/p>","protected":false},"excerpt":{"rendered":"<p>Boom Cylinder For Yuchai YC60-8 Product Overview The Boom Cylinder for Yuchai YC60-8 is a vital hydraulic component designed specifically for controlling the movement of various heavy machinery buckets, such as excavators, backhoe loaders, and front loaders. This hydraulic cylinder enables the bucket to lift, lower, and tilt, facilitating efficient material handling tasks. The importance [&hellip;]<\/p>","protected":false},"featured_media":17878,"comment_status":"open","ping_status":"closed","template":"","meta":{"_et_pb_use_builder":"","_et_pb_old_content":"","_et_gb_content_width":""},"product_brand":[],"product_cat":[1546],"product_tag":[1547,1496],"class_list":{"0":"post-19585","1":"product","2":"type-product","3":"status-publish","4":"has-post-thumbnail","6":"product_cat-boom-cylinders","7":"product_tag-boom-cylinders","8":"product_tag-hydraulic-cylinders","10":"first","11":"instock","12":"shipping-taxable","13":"product-type-simple"},"amp_enabled":true,"_links":{"self":[{"href":"https:\/\/www.hydraulic-cylinders.net\/fi\/wp-json\/wp\/v2\/product\/19585","targetHints":{"allow":["GET"]}}],"collection":[{"href":"https:\/\/www.hydraulic-cylinders.net\/fi\/wp-json\/wp\/v2\/product"}],"about":[{"href":"https:\/\/www.hydraulic-cylinders.net\/fi\/wp-json\/wp\/v2\/types\/product"}],"replies":[{"embeddable":true,"href":"https:\/\/www.hydraulic-cylinders.net\/fi\/wp-json\/wp\/v2\/comments?post=19585"}],"wp:featuredmedia":[{"embeddable":true,"href":"https:\/\/www.hydraulic-cylinders.net\/fi\/wp-json\/wp\/v2\/media\/17878"}],"wp:attachment":[{"href":"https:\/\/www.hydraulic-cylinders.net\/fi\/wp-json\/wp\/v2\/media?parent=19585"}],"wp:term":[{"taxonomy":"product_brand","embeddable":true,"href":"https:\/\/www.hydraulic-cylinders.net\/fi\/wp-json\/wp\/v2\/product_brand?post=19585"},{"taxonomy":"product_cat","embeddable":true,"href":"https:\/\/www.hydraulic-cylinders.net\/fi\/wp-json\/wp\/v2\/product_cat?post=19585"},{"taxonomy":"product_tag","embeddable":true,"href":"https:\/\/www.hydraulic-cylinders.net\/fi\/wp-json\/wp\/v2\/product_tag?post=19585"}],"curies":[{"name":"wp","href":"https:\/\/api.w.org\/{rel}","templated":true}]}}