{"id":19586,"date":"2025-04-07T06:56:04","date_gmt":"2025-04-07T06:56:04","guid":{"rendered":"https:\/\/www.hydraulic-cylinders.net\/product\/boom-cylinder-for-yuchai-yc135-8\/"},"modified":"2025-04-07T06:56:07","modified_gmt":"2025-04-07T06:56:07","slug":"boom-cylinder-for-yuchai-yc135-8","status":"publish","type":"product","link":"https:\/\/www.hydraulic-cylinders.net\/fi\/tuote\/boom-cylinder-for-yuchai-yc135-8\/","title":{"rendered":"Puomin sylinteri Yuchai YC135-8:lle"},"content":{"rendered":"<h1>Puomin sylinteri Yuchai YC135-8:lle<\/h1>\n<h2>Johdatus puomin sylinteriin<\/h2>\n<p>Puomisylinteri on t\u00e4rke\u00e4 osa hydrauliikkaj\u00e4rjestelmi\u00e4, erityisesti raskaissa koneissa, kuten kaivinkoneissa, kaivurikuormaajissa ja etukuormaajissa. Kauhan liikett\u00e4 ohjaamaan suunniteltu hydraulisylinteri mahdollistaa kauhan nostamisen, laskemisen ja kallistuksen, mik\u00e4 helpottaa materiaalink\u00e4sittelyteht\u00e4vi\u00e4 tehokkaasti. Kauhasylinteri on olennainen hydraulisylinteri, joka on erityisesti suunniteltu n\u00e4it\u00e4 k\u00e4ytt\u00f6tarkoituksia varten, joten se on avainasemassa erilaisten rakennus- ja maatalouskoneiden k\u00e4yt\u00f6ss\u00e4.<\/p>\n<p><img decoding=\"async\" src=\"https:\/\/www.hydraulic-cylinders.net\/wp-content\/uploads\/2025\/04\/songte-company-1.webp\" alt=\"Puomin sylinterin kuva\" \/><\/p>\n<h3>Kauhasylinterin toiminta ja k\u00e4ytt\u00f6<\/h3>\n<p>Kauhasylintereill\u00e4 on ratkaiseva rooli raskaiden laitteiden hydraulij\u00e4rjestelmiss\u00e4. Ne tarjoavat tarvittavan voiman materiaalien nostamiseen ja k\u00e4sittelyyn varmistaen koneiden sujuvan toiminnan. K\u00e4ytettiinp\u00e4 niit\u00e4 sitten rakentamisessa, maataloudessa tai kaivostoiminnassa, kauhasylinterit on suunniteltu kest\u00e4m\u00e4\u00e4n korkeita paineita ja \u00e4\u00e4rimm\u00e4isi\u00e4 olosuhteita, mik\u00e4 tekee niist\u00e4 v\u00e4ltt\u00e4m\u00e4tt\u00f6mi\u00e4 eri aloilla.<\/p>\n<h2>Yuchai YC135-8:n puomisylinterin ominaisuudet<\/h2>\n<ul>\n<li><strong>Korkea lujuus ja kest\u00e4vyys:<\/strong> N\u00e4m\u00e4 erikoislujuuster\u00e4ksest\u00e4 tai alumiinista valmistetut sylinterit kest\u00e4v\u00e4t korkeaa painetta ja raskaita kuormia, joten ne sopivat vaativiin ty\u00f6ymp\u00e4rist\u00f6ihin.<\/li>\n<li><strong>Tehokas hydraulinen k\u00e4ytt\u00f6:<\/strong> Sylinteri hy\u00f6dynt\u00e4\u00e4 hydrauli\u00f6ljyn painetta sujuvaan ulos- ja sis\u00e4\u00e4nvetoon, mik\u00e4 mahdollistaa nopean reagoinnin k\u00e4ytt\u00f6komentoihin.<\/li>\n<li><strong>Erilaisia \u200b\u200btyyppej\u00e4:<\/strong> Vaihtoehtoja ovat yksitoimiset sylinterit (toimivat yhteen suuntaan) ja kaksitoimiset sylinterit (toimivat molempiin suuntiin), jotka vastaavat erilaisiin k\u00e4ytt\u00f6tarpeisiin.<\/li>\n<li><strong>Teleskooppimallit:<\/strong> Jotkut mallit on suunniteltu teleskooppimaisiksi, mik\u00e4 mahdollistaa suuremman pidennysosan ilman ulkomittojen kasvua, mik\u00e4 on ihanteellinen rajoitetun tilan sovelluksiin.<\/li>\n<li><strong>Korroosion- ja kulutuskest\u00e4vyys:<\/strong> Erityisesti suunniteltu kest\u00e4m\u00e4\u00e4n kulumista ja korroosiota, mik\u00e4 pident\u00e4\u00e4 tuotteen k\u00e4ytt\u00f6ik\u00e4\u00e4.<\/li>\n<\/ul>\n<p>Valmistamme t\u00e4t\u00e4 tuotetta, joka tarjoaa t\u00e4ydellisen korvaajan erilaisille hydraulisylintereille.<\/p>\n<p><img decoding=\"async\" src=\"https:\/\/www.hydraulic-cylinders.net\/wp-content\/uploads\/2025\/04\/songte-cylinder-head-with-all-kinds-excavator-models.webp\" alt=\"Kaivinkonemallit\" \/><\/p>\n<h2>Puomisylinterin sovellukset<\/h2>\n<h3>Rakennuslaitteet<\/h3>\n<p>Kaivinkoneissa puomin sylinterit ovat v\u00e4ltt\u00e4m\u00e4tt\u00f6mi\u00e4 kaivamiseen, lastaamiseen ja maan tai roskien siirt\u00e4miseen. Niiden avulla kauha tai kauha voi kaivaa maahan ja nostaa raskaita kuormia. N\u00e4iden sylinterien rakenne ja teho tekev\u00e4t niist\u00e4 ratkaisevan t\u00e4rkeit\u00e4 sek\u00e4 kaivu- ett\u00e4 nostot\u00f6iss\u00e4 rakennusty\u00f6mailla.<\/p>\n<h3>Maatalouskoneet<\/h3>\n<p>Etukuormaajissa k\u00e4ytett\u00e4v\u00e4t sylinterit auttavat maan, hein\u00e4n ja muiden materiaalien kauhaamisessa, nostamisessa ja kuljettamisessa. Niiden kyky k\u00e4sitell\u00e4 raskaita kuormia antaa viljelij\u00f6ille mahdollisuuden suorittaa teht\u00e4vi\u00e4 tehokkaasti ja parantaa tilan tuottavuutta.<\/p>\n<h3>Kaivinkoneet<\/h3>\n<p>Kaivinkoneissa puomin sylinteri mahdollistaa kauhan tunkeutumisen maaper\u00e4\u00e4n, mik\u00e4 helpottaa kaivut\u00f6it\u00e4. Sen vankka rakenne varmistaa, ett\u00e4 se kest\u00e4\u00e4 kaivamiseen liittyv\u00e4t voimat, mik\u00e4 tekee siit\u00e4 luotettavan valinnan rakennus- ja maanrakennusteht\u00e4viin.<\/p>\n<h3>Kuormaajat<\/h3>\n<p>Etukuormaajissa puomisylinterit auttavat materiaalien tehokkaassa nostamisessa ja tyhjent\u00e4misess\u00e4. Niiden hydraulinen mekanismi tarjoaa tarvittavan lujuuden erilaisten kuormien k\u00e4sittelyyn, mik\u00e4 parantaa toiminnan tehokkuutta lastausteht\u00e4viss\u00e4.<\/p>\n<h2>Suunnittelun\u00e4k\u00f6kohdat ja valintakriteerit<\/h2>\n<h3>Kantavuus<\/h3>\n<p>Puomisylinteri\u00e4 valittaessa on t\u00e4rke\u00e4\u00e4 ymm\u00e4rt\u00e4\u00e4 sen kuormituskapasiteetti. Sylinterin rakenteen on kestett\u00e4v\u00e4 sen kantama enimm\u00e4iskuorma, mik\u00e4 varmistaa turvallisuuden ja toiminnan tehokkuuden. On t\u00e4rke\u00e4\u00e4 valita tuote, joka paitsi t\u00e4ytt\u00e4\u00e4 vaaditut vaatimukset, my\u00f6s tarjoaa liikkumavaraa odottamattomille kuormille, mik\u00e4 v\u00e4hent\u00e4\u00e4 vian riski\u00e4 k\u00e4yt\u00f6n aikana.<\/p>\n<h3>Tiivistysvaatimukset<\/h3>\n<p>Tehokas tiivistys on ratkaisevan t\u00e4rke\u00e4\u00e4 hydraulisen paineen yll\u00e4pit\u00e4miseksi ja vuotojen est\u00e4miseksi. Tiivisteiden, kuten m\u00e4nn\u00e4ntiivisteiden ja varren tiivisteiden, valinta tulee tehd\u00e4 korkealaatuisista materiaaleista, jotka kest\u00e4v\u00e4t k\u00e4ytt\u00f6ymp\u00e4rist\u00f6n. Asianmukainen tiivistys varmistaa, ett\u00e4 hydraulineste pysyy hallinnassa, mik\u00e4 optimoi suorituskyvyn ja pident\u00e4\u00e4 sylinterin k\u00e4ytt\u00f6ik\u00e4\u00e4.<\/p>\n<h3>Kest\u00e4vyys<\/h3>\n<p>Kest\u00e4vyys on keskeinen tekij\u00e4 puomisylinterien suunnittelussa. Niiden on kestett\u00e4v\u00e4 ankaria olosuhteita, kuten \u00e4\u00e4rimm\u00e4isi\u00e4 l\u00e4mp\u00f6tiloja ja hankaavia materiaaleja. Kulumista ja korroosiota kest\u00e4vien materiaalien, kuten erikoispinnoitteiden tai -k\u00e4sittelyjen, valitseminen voi merkitt\u00e4v\u00e4sti parantaa sylinterin k\u00e4ytt\u00f6ik\u00e4\u00e4.<\/p>\n<h3>Turvaominaisuudet<\/h3>\n<p>Turvallisuusn\u00e4k\u00f6kohtien on oltava etusijalla suunnitteluvaiheessa. Paineenalennusventtiilien ja ylikuormitussuojan kaltaisten ominaisuuksien sis\u00e4llytt\u00e4minen voi auttaa est\u00e4m\u00e4\u00e4n katastrofaalisia vikoja. Hydraulij\u00e4rjestelm\u00e4n varustaminen tarvittavilla turvatoimenpiteill\u00e4 on olennaista sek\u00e4 k\u00e4ytt\u00e4jien ett\u00e4 koneiden suojaamiseksi.<\/p>\n<h3>Huolton\u00e4k\u00f6kohdat<\/h3>\n<p>Helppohuolto on toinen t\u00e4rke\u00e4 suunnittelun\u00e4k\u00f6kohta. Sylinterit tulisi suunnitella siten, ett\u00e4 tiivisteisiin, portteihin ja muihin s\u00e4\u00e4nn\u00f6llist\u00e4 huoltoa vaativiin osiin on helppo p\u00e4\u00e4st\u00e4 k\u00e4siksi. Huoltomenettelyjen yksinkertaistaminen varmistaa, ett\u00e4 k\u00e4ytt\u00e4j\u00e4t voivat pit\u00e4\u00e4 laitteet optimaalisessa kunnossa ja minimaaliset seisokkiajat.<\/p>\n<p><img decoding=\"async\" src=\"https:\/\/www.hydraulic-cylinders.net\/wp-content\/uploads\/2025\/04\/songte-oil-pipes-and-spare-parts.webp\" alt=\"Hydrauliset komponentit\" \/><\/p>\n<h2>Puomin sylinterin tiivistys ja voitelu<\/h2>\n<p>Tehokas tiivistys ja voitelu ovat ratkaisevan t\u00e4rkeit\u00e4 puomisylintereiden suorituskyvylle. Hydraulij\u00e4rjestelm\u00e4n eheyden varmistamiseksi k\u00e4ytet\u00e4\u00e4n erilaisia \u200b\u200btiivistyselementtej\u00e4, kuten m\u00e4nn\u00e4ntiivisteit\u00e4 ja varren tiivisteit\u00e4. Polyuretaanista tai nitriilikumista valmistetut tiivisteet tarjoavat erinomaisen kulutuskest\u00e4vyyden, mik\u00e4 on ratkaisevan t\u00e4rke\u00e4\u00e4 toiminnan tehokkuuden yll\u00e4pit\u00e4miseksi.<\/p>\n<p>Sylinterin runko ja kierteitetyt p\u00e4\u00e4t on ty\u00f6stett\u00e4v\u00e4 tarkasti kulumiskest\u00e4vyyden parantamiseksi. S\u00e4\u00e4nn\u00f6llinen voitelu hydrauliikka\u00f6ljyll\u00e4 on v\u00e4ltt\u00e4m\u00e4t\u00f6nt\u00e4 liikkuvien osien v\u00e4lisen kitkan ja kulumisen minimoimiseksi. Voitelutason tarkistus- ja yll\u00e4pitorutiinin laatiminen voi pident\u00e4\u00e4 merkitt\u00e4v\u00e4sti sylinterin k\u00e4ytt\u00f6ik\u00e4\u00e4.<\/p>\n<h2>Ennaltaehk\u00e4isev\u00e4t huoltotoimenpiteet<\/h2>\n<ul>\n<li><strong>S\u00e4\u00e4nn\u00f6lliset tarkastukset:<\/strong> S\u00e4\u00e4nn\u00f6llisten tarkastusten suorittaminen kulumisen tai vaurioiden merkkien havaitsemiseksi voi est\u00e4\u00e4 odottamattomia vikoja.<\/li>\n<li><strong>Oikea voitelu:<\/strong> Liikkuvien osien riitt\u00e4v\u00e4 voitelu v\u00e4hent\u00e4\u00e4 kitkaa ja pident\u00e4\u00e4 sylinterin k\u00e4ytt\u00f6ik\u00e4\u00e4.<\/li>\n<li><strong>Tiivisteen vaihto:<\/strong> Tiivisteiden s\u00e4\u00e4nn\u00f6llinen tarkastus ja vaihto tarpeen mukaan voi est\u00e4\u00e4 hydrauliikkavuodot ja yll\u00e4pit\u00e4\u00e4 j\u00e4rjestelm\u00e4n tehokkuutta.<\/li>\n<\/ul>\n<h2>Asennusohjeet<\/h2>\n<p>Puomisylinterin oikea asennus on ratkaisevan t\u00e4rke\u00e4\u00e4 sen suorituskyvyn ja pitk\u00e4n k\u00e4ytt\u00f6i\u00e4n kannalta. Aloita varmistamalla, ett\u00e4 kaikki komponentit ovat puhtaita ja vapaa ep\u00e4puhtauksista. Kohdista sylinteri oikein kiinnityspisteisiin k\u00e4ytt\u00e4m\u00e4ll\u00e4 sopivia kohdistusty\u00f6kaluja, jotta sylinteriin ei kohdistu kohtuutonta rasitusta. Kiinnit\u00e4 sylinteri asianmukaisilla kiinnikkeill\u00e4 varmistaaksesi vakauden k\u00e4yt\u00f6n aikana.<\/p>\n<p>Asennuksen j\u00e4lkeen tarkista mahdolliset vuodot tai linjausvirheet. On eritt\u00e4in t\u00e4rke\u00e4\u00e4 suorittaa perusteellinen testi sen varmistamiseksi, ett\u00e4 kaikki toiminnot toimivat moitteettomasti ennen laitteen ottamista uudelleen k\u00e4ytt\u00f6\u00f6n. Valmistajan ohjeiden ja suositusten noudattaminen varmistaa hydraulisylinterin turvallisen ja tehokkaan k\u00e4yt\u00f6n.<\/p>\n<h2>Yleiset huoltoteht\u00e4v\u00e4t<\/h2>\n<h3>S\u00e4\u00e4nn\u00f6lliset tarkastukset<\/h3>\n<p>S\u00e4\u00e4nn\u00f6lliset tarkastukset auttavat operaattoreita tunnistamaan mahdolliset ongelmat ennen kuin ne pahenevat. Hydrauliliit\u00e4nt\u00f6jen, tiivisteiden ja sylinterien yleisen kunnon tarkastaminen auttaa yll\u00e4pit\u00e4m\u00e4\u00e4n laitteiden luotettavuutta. Operaattorit tulee kouluttaa tunnistamaan kulumisen merkit, kuten naarmut tai vuodot, ja ryhtym\u00e4\u00e4n asianmukaisiin toimenpiteisiin.<\/p>\n<h3>Oikea voitelu<\/h3>\n<p>Riitt\u00e4v\u00e4n voitelutason yll\u00e4pit\u00e4minen on elint\u00e4rke\u00e4\u00e4 sujuvan toiminnan kannalta. Hydrauli\u00f6ljyn s\u00e4\u00e4nn\u00f6llinen tarkistaminen ja lis\u00e4\u00e4minen varmistaa, ett\u00e4 sylinterin liikkuvat osat toimivat tehokkaasti. K\u00e4ytt\u00e4jien tulee noudattaa suositeltua voiteluaikataulua est\u00e4\u00e4kseen liiallisen kulumisen ja pident\u00e4\u00e4kseen laitteen k\u00e4ytt\u00f6ik\u00e4\u00e4.<\/p>\n<h3>Tiivisteiden vaihto ja kalibrointitarkastukset<\/h3>\n<p>Tiivisteiden vaihtaminen s\u00e4\u00e4nn\u00f6llisin v\u00e4liajoin voi est\u00e4\u00e4 hydraulisia vuotoja ja yll\u00e4pit\u00e4\u00e4 j\u00e4rjestelm\u00e4n eheytt\u00e4. Lis\u00e4ksi kalibrointitarkastusten suorittaminen varmistaa, ett\u00e4 sylinteri toimii suunniteltujen spesifikaatioiden mukaisesti, mik\u00e4 parantaa yleist\u00e4 suorituskyky\u00e4. K\u00e4ytt\u00e4jien tulisi ymm\u00e4rt\u00e4\u00e4 oikea-aikaisen huollon merkitys mahdollisten vikojen lievent\u00e4miseksi.<\/p>\n<p><img decoding=\"async\" src=\"https:\/\/www.hydraulic-cylinders.net\/wp-content\/uploads\/2025\/04\/songte-chushion-collar.webp\" alt=\"Tyynykaulus\" \/><\/p>\n<h2>Turvallisuusn\u00e4k\u00f6kohdat ja ymp\u00e4rist\u00f6tekij\u00e4t<\/h2>\n<p>Turvatoimenpiteiden toteuttaminen hydraulisylintereit\u00e4 k\u00e4ytett\u00e4ess\u00e4 on kriittisen t\u00e4rke\u00e4\u00e4. K\u00e4ytt\u00e4j\u00e4t tulee kouluttaa laitteiden asianmukaiseen k\u00e4ytt\u00f6\u00f6n onnettomuuksien v\u00e4ltt\u00e4miseksi. S\u00e4\u00e4nn\u00f6lliset turvallisuustarkastukset ja turvallisuusprotokollien noudattaminen ovat olennaisia \u200b\u200bturvallisen ty\u00f6ymp\u00e4rist\u00f6n varmistamiseksi. Lis\u00e4ksi on t\u00e4rke\u00e4\u00e4 ottaa huomioon hydraulij\u00e4rjestelmien ymp\u00e4rist\u00f6vaikutukset, kuten hydraulinesteiden asianmukainen h\u00e4vitt\u00e4minen saastumisen est\u00e4miseksi.<\/p>\n<h2>Vianm\u00e4\u00e4ritys ja yleiset ongelmat<\/h2>\n<h3>Yleisi\u00e4 ongelmia<\/h3>\n<ul>\n<li><strong>Hydrauliset vuodot:<\/strong> Usein johtuvat kuluneista tiivisteist\u00e4 tai vaurioituneista letkuista, jotka johtavat suorituskyvyn heikkenemiseen.<\/li>\n<li><strong>V\u00e4hentynyt liikkuvuus:<\/strong> Voi viitata sis\u00e4isiin vaurioihin tai riitt\u00e4m\u00e4tt\u00f6m\u00e4\u00e4n hydraulinesteen m\u00e4\u00e4r\u00e4\u00e4n.<\/li>\n<li><strong>Ep\u00e4tavalliset \u00e4\u00e4net:<\/strong> Hankaus- tai kolina\u00e4\u00e4net voivat viitata sylinterin mekaanisiin ongelmiin.<\/li>\n<\/ul>\n<h3>Diagnoosi ja vianm\u00e4\u00e4ritys<\/h3>\n<p>Ongelmien tehokkaaksi diagnosoimiseksi k\u00e4ytt\u00e4jien tulisi suorittaa silm\u00e4m\u00e4\u00e4r\u00e4isi\u00e4 tarkastuksia ja seurata suorituskykyparametreja. Vuotojen varalta kaikkien liit\u00e4nt\u00f6jen ja tiivisteiden tarkistaminen voi auttaa tunnistamaan l\u00e4hteen. Jos liike on v\u00e4hentynyt, nestetasojen tarkistaminen ja hydrauliikkalinjojen tukosten tarkistaminen voivat ratkaista ongelman. Ep\u00e4tavallisten \u00e4\u00e4nien sattuessa sis\u00e4isten komponenttien perusteellinen tarkastus on tarpeen.<\/p>\n<h3>Ennaltaehk\u00e4isev\u00e4t toimenpiteet<\/h3>\n<p>Ennaltaehk\u00e4isevien toimenpiteiden, kuten s\u00e4\u00e4nn\u00f6llisen huollon ja tarkastusten, toteuttaminen voi minimoida n\u00e4iden ongelmien riskin. K\u00e4ytt\u00e4jien kouluttaminen tunnistamaan ongelmien varhaiset merkit ja ryhtym\u00e4\u00e4n nopeisiin toimiin voi merkitt\u00e4v\u00e4sti v\u00e4hent\u00e4\u00e4 seisokkiaikoja ja korjauskustannuksia.<\/p>\n<p><img decoding=\"async\" src=\"https:\/\/www.hydraulic-cylinders.net\/wp-content\/uploads\/2025\/04\/songte-bushings-with-all-kinds-of-excavator-models.webp\" alt=\"Holkit\" \/><\/p>\n<h2>Yrityksen yleiskatsaus<\/h2>\n<p>Olemme johtava hydraulisten varaosien valmistaja, joka tarjoaa kattavan valikoiman tuotteita kotimaisille ja kansainv\u00e4lisille markkinoille. Sitoutumisemme huippuosaamiseen on tehnyt meist\u00e4 hydraulisten sylinterien valmistuksen ja tukkumyynnin edell\u00e4k\u00e4vij\u00e4n. Noudatamme korkeita laatustandardeja ja k\u00e4yt\u00e4mme hienostuneita valmistusstrategioita.<\/p>\n<p>Keskittyen vahvasti teknologiaan ja innovaatioihin, ammattitaitoinen ty\u00f6voimamme, edistyneet tuotantolaitteet ja ammattimaiset testausj\u00e4rjestelm\u00e4mme parantavat jatkuvasti tuotantokapasiteettiamme. Olemme ylpeit\u00e4 tehokkuudesta, tarkkuudesta ja laadusta, jotka on r\u00e4\u00e4t\u00e4l\u00f6ity vastaamaan asiakkaidemme monipuolisia tarpeita.<\/p>\n<p><img decoding=\"async\" src=\"https:\/\/www.hydraulic-cylinders.net\/wp-content\/uploads\/2025\/04\/songte-company-4.webp\" alt=\"Yrityksen imago\" \/><br \/>\n<img decoding=\"async\" src=\"https:\/\/www.hydraulic-cylinders.net\/wp-content\/uploads\/2025\/04\/songte-company-3.webp\" alt=\"Yrityksen imago\" \/><\/p>\n<p>Erikoisalaamme kuuluvat kansainv\u00e4liset sertifikaatit, r\u00e4\u00e4t\u00e4l\u00f6idyt palvelut asiakkaiden erityistarpeiden t\u00e4ytt\u00e4miseksi, huippuluokan tuotantolaitteet ja poikkeuksellinen j\u00e4lkimarkkinointituki.<\/p>\n<p>Kirjoittaja: lyl<\/p>","protected":false},"excerpt":{"rendered":"<p>Boom Cylinder For Yuchai YC135-8 Introduction to Boom Cylinder The Boom Cylinder is a vital component in hydraulic systems, especially in heavy machinery such as excavators, backhoe loaders, and front loaders. Designed to control the movement of a bucket, this hydraulic cylinder enables the raising, lowering, and tilting of the bucket, facilitating material handling tasks [&hellip;]<\/p>","protected":false},"featured_media":17879,"comment_status":"open","ping_status":"closed","template":"","meta":{"_et_pb_use_builder":"","_et_pb_old_content":"","_et_gb_content_width":""},"product_brand":[],"product_cat":[1546],"product_tag":[1547,1496],"class_list":{"0":"post-19586","1":"product","2":"type-product","3":"status-publish","4":"has-post-thumbnail","6":"product_cat-boom-cylinders","7":"product_tag-boom-cylinders","8":"product_tag-hydraulic-cylinders","10":"first","11":"instock","12":"shipping-taxable","13":"product-type-simple"},"amp_enabled":true,"_links":{"self":[{"href":"https:\/\/www.hydraulic-cylinders.net\/fi\/wp-json\/wp\/v2\/product\/19586","targetHints":{"allow":["GET"]}}],"collection":[{"href":"https:\/\/www.hydraulic-cylinders.net\/fi\/wp-json\/wp\/v2\/product"}],"about":[{"href":"https:\/\/www.hydraulic-cylinders.net\/fi\/wp-json\/wp\/v2\/types\/product"}],"replies":[{"embeddable":true,"href":"https:\/\/www.hydraulic-cylinders.net\/fi\/wp-json\/wp\/v2\/comments?post=19586"}],"wp:featuredmedia":[{"embeddable":true,"href":"https:\/\/www.hydraulic-cylinders.net\/fi\/wp-json\/wp\/v2\/media\/17879"}],"wp:attachment":[{"href":"https:\/\/www.hydraulic-cylinders.net\/fi\/wp-json\/wp\/v2\/media?parent=19586"}],"wp:term":[{"taxonomy":"product_brand","embeddable":true,"href":"https:\/\/www.hydraulic-cylinders.net\/fi\/wp-json\/wp\/v2\/product_brand?post=19586"},{"taxonomy":"product_cat","embeddable":true,"href":"https:\/\/www.hydraulic-cylinders.net\/fi\/wp-json\/wp\/v2\/product_cat?post=19586"},{"taxonomy":"product_tag","embeddable":true,"href":"https:\/\/www.hydraulic-cylinders.net\/fi\/wp-json\/wp\/v2\/product_tag?post=19586"}],"curies":[{"name":"wp","href":"https:\/\/api.w.org\/{rel}","templated":true}]}}