{"id":19588,"date":"2025-04-07T06:56:10","date_gmt":"2025-04-07T06:56:10","guid":{"rendered":"https:\/\/www.hydraulic-cylinders.net\/product\/boom-cylinder-for-yuchai-yc240lc-8\/"},"modified":"2025-04-07T06:56:12","modified_gmt":"2025-04-07T06:56:12","slug":"boom-cylinder-for-yuchai-yc240lc-8","status":"publish","type":"product","link":"https:\/\/www.hydraulic-cylinders.net\/fi\/tuote\/boom-cylinder-for-yuchai-yc240lc-8\/","title":{"rendered":"Puomin sylinteri Yuchai YC240LC-8:lle"},"content":{"rendered":"<h1>Puomin sylinteri Yuchai YC240LC-8:lle<\/h1>\n<h2>Tuotteen yleiskatsaus<\/h2>\n<p>Yuchai YC240LC-8:n puomin sylinteri on kriittinen komponentti hydraulij\u00e4rjestelmiss\u00e4, ja se on suunniteltu erityisesti ohjaamaan kauhan liikett\u00e4 erilaisissa raskaissa koneissa, kuten kaivinkoneissa, kaivurikuormaajissa ja etukuormaajissa. T\u00e4m\u00e4 hydraulisylinteri mahdollistaa kauhan nostamisen, laskemisen ja kallistuksen, mik\u00e4 helpottaa tehokasta materiaalink\u00e4sittely\u00e4. Kauhan sylinteri on olennainen osa hydraulij\u00e4rjestelm\u00e4\u00e4, joka k\u00e4ytt\u00e4\u00e4 hydraulinestett\u00e4 luodakseen sek\u00e4 tehokkaita ett\u00e4 tarkkoja liikkeit\u00e4.<\/p>\n<p><img decoding=\"async\" src=\"https:\/\/www.hydraulic-cylinders.net\/wp-content\/uploads\/2025\/04\/songte-company-1.webp\" alt=\"Puomin sylinterin kuva\" \/><\/p>\n<h3>M\u00e4\u00e4ritelm\u00e4 ja tarkoitus<\/h3>\n<p>Kauhasylinteri on hydraulinen toimilaite, joka muuntaa hydraulisen energian mekaaniseksi energiaksi, jolloin raskaat koneet voivat suorittaa erilaisia \u200b\u200btoimintoja helposti. N\u00e4m\u00e4 sylinterit on suunniteltu kest\u00e4m\u00e4\u00e4n korkeita paineita ja raskaita kuormia, mik\u00e4 tekee niist\u00e4 sopivia vaativiin ymp\u00e4rist\u00f6ihin. Kauhasylinterin tarjoamat toiminnot parantavat toiminnan tehokkuutta, v\u00e4hent\u00e4v\u00e4t seisokkiaikoja ja varmistavat k\u00e4ytt\u00e4jien turvallisuuden raskaiden nosto- ja siirtoteht\u00e4vien aikana.<\/p>\n<h2>Puomin sylinterin ominaisuudet<\/h2>\n<ul>\n<li><strong>Korkea lujuus ja kest\u00e4vyys:<\/strong> Valmistettu eritt\u00e4in lujasta ter\u00e4ksest\u00e4 tai alumiinista, kest\u00e4\u00e4 korkeita paineita ja raskaita kuormia, suunniteltu kest\u00e4m\u00e4\u00e4n vaativia ty\u00f6olosuhteita ja tarjoaa kulutuskest\u00e4vyytt\u00e4 ja korroosionkest\u00e4vyytt\u00e4 pidennetty\u00e4 k\u00e4ytt\u00f6ik\u00e4\u00e4 varten.<\/li>\n<li><strong>Tehokas hydraulinen k\u00e4ytt\u00f6:<\/strong> K\u00e4ytt\u00e4\u00e4 hydraulinesteen painetta sujuvaan pidennykseen ja sis\u00e4\u00e4nvetoon, reagoi nopeasti k\u00e4ytt\u00e4j\u00e4n komentoihin ja tarjoaa vahvan ty\u00f6nt\u00f6- ja vetovoiman, ihanteellinen raskaiden ja monimutkaisten teht\u00e4vien k\u00e4sittelyyn.<\/li>\n<li><strong>Erilaisia \u200b\u200btyyppej\u00e4:<\/strong> Saatavilla yksitoimisina (hydraulinestett\u00e4 k\u00e4ytet\u00e4\u00e4n yhteen suuntaan) tai kaksitoimisina (molempiin suuntiin) sylinterein\u00e4 erilaisten k\u00e4ytt\u00f6tarpeiden t\u00e4ytt\u00e4miseksi. Tietyt mallit ovat teleskooppisia, mik\u00e4 mahdollistaa suuremman pidennyspituuden ilman ulkomittojen kasvua, mik\u00e4 sopii erinomaisesti tilarajoitteisiin sovelluksiin.<\/li>\n<li><strong>Mukautetut ratkaisut:<\/strong> Tuotteemme voivat t\u00e4ydellisesti korvata erilaisia \u200b\u200bhydraulisylintereit\u00e4 varmistaen yhteensopivuuden ja suorituskyvyn.<\/li>\n<\/ul>\n<p><img decoding=\"async\" src=\"https:\/\/www.hydraulic-cylinders.net\/wp-content\/uploads\/2025\/04\/songte-cylinder-head-with-all-kinds-excavator-models.webp\" alt=\"Hydraulisylinterin yhteensopivuus\" \/><\/p>\n<h2>Puomisylinterin sovellukset<\/h2>\n<h3>Rakennuslaitteet<\/h3>\n<p>Kaivinkoneissa puomisylintereill\u00e4 on t\u00e4rke\u00e4 rooli maan tai roskien kaivamisessa, lastaamisessa ja siirt\u00e4misess\u00e4. Ne tarjoavat tarvittavan voiman, jotta kauha tunkeutuu tehokkaasti maahan, mik\u00e4 parantaa koneen kokonaistuottavuutta. N\u00e4iden sylinterien tarjoama tarkka ohjaus varmistaa, ett\u00e4 kuljettajat voivat suorittaa monimutkaisia \u200b\u200bteht\u00e4vi\u00e4 tarkasti ja helposti. Lis\u00e4ksi kaivurikuormaajissa kauhasylinterit auttavat sek\u00e4 kaivu- ett\u00e4 nostotoiminnoissa, mik\u00e4 tekee niist\u00e4 v\u00e4ltt\u00e4m\u00e4tt\u00f6mi\u00e4 rakennusprojekteissa.<\/p>\n<h3>Maatalouskoneet<\/h3>\n<p>Etukuormaajissa puomin sylinterit ovat ratkaisevan t\u00e4rkeit\u00e4 maaper\u00e4n, hein\u00e4n ja muiden materiaalien kaivamisessa, nostamisessa ja kuljettamisessa. Niiden kest\u00e4v\u00e4 rakenne mahdollistaa maatalousymp\u00e4rist\u00f6iss\u00e4 usein tarvittavien vaativien teht\u00e4vien hoitamisen, mik\u00e4 varmistaa luotettavuuden ja kest\u00e4vyyden. Tehokkaan materiaalink\u00e4sittelyn mahdollistamalla n\u00e4m\u00e4 sylinterit lis\u00e4\u00e4v\u00e4t merkitt\u00e4v\u00e4sti tuottavuutta maatiloilla ja maataloustoiminnassa.<\/p>\n<h3>Kaivinkoneet<\/h3>\n<p>Kaivinkoneissa kauhan sylinterit mahdollistavat kauhan tunkeutumisen maaper\u00e4\u00e4n, mik\u00e4 on olennaista tehokkaan kaivun kannalta. N\u00e4iden sylinterien tuottama hydraulinen teho mahdollistaa syv\u00e4n kaivun minimaalisella k\u00e4ytt\u00e4j\u00e4n vaivalla, mik\u00e4 parantaa toiminnan tehokkuutta ja lyhent\u00e4\u00e4 projektien vaatimaa aikaa.<\/p>\n<h3>Kuormaajat<\/h3>\n<p>Etukuormaajissa puomin sylinterit auttavat kuormien tehokkaassa nostamisessa ja purkamisessa. Niiden kyky tarjota vahva nostokyky varmistaa, ett\u00e4 raskaat materiaalit voidaan lastata ja purkaa tehokkaasti, mik\u00e4 edist\u00e4\u00e4 rakennus-, kaivos- ja materiaalink\u00e4sittelyteht\u00e4vien sujuvaa suorittamista.<\/p>\n<h2>Suunnittelun\u00e4k\u00f6kohdat ja valintakriteerit<\/h2>\n<h3>Kantavuus<\/h3>\n<p>Puomisylinteri\u00e4 valittaessa kuormituskapasiteetti on ratkaiseva tekij\u00e4. Sylinteri on suunniteltava kest\u00e4m\u00e4\u00e4n k\u00e4yt\u00f6n aikana kohdattava enimm\u00e4ispaino. T\u00e4m\u00e4 varmistaa turvallisuuden ja tehokkuuden, sill\u00e4 riitt\u00e4m\u00e4tt\u00f6m\u00e4sti mitoitettu sylinteri voi pett\u00e4\u00e4 rasituksen alaisena, mik\u00e4 johtaa laitevaurioihin tai onnettomuuksiin. Valmistajat antavat yleens\u00e4 yksityiskohtaiset tiedot kuormituskapasiteetista, jotta k\u00e4ytt\u00e4j\u00e4t voivat tehd\u00e4 tietoon perustuvia p\u00e4\u00e4t\u00f6ksi\u00e4 omien tarpeidensa perusteella.<\/p>\n<h3>Tiivistys ja kest\u00e4vyys<\/h3>\n<p>Tehokas tiivistys on elint\u00e4rke\u00e4\u00e4 puomin sylinterin pitk\u00e4ik\u00e4isyyden varmistamiseksi. Korkealaatuiset tiivisteet est\u00e4v\u00e4t hydraulinesteen vuotamisen, joka voi vaarantaa suorituskyvyn ja turvallisuuden. Kulumista ja hajoamista kest\u00e4vien tiivisteiden valmistukseen k\u00e4ytet\u00e4\u00e4n erilaisia \u200b\u200bmateriaaleja, kuten polyuretaania ja nitriilikumia. Asianmukainen tiivistys parantaa my\u00f6s sylinterin kyky\u00e4 kest\u00e4\u00e4 ankaria ymp\u00e4rist\u00f6olosuhteita varmistaen tasaisen suorituskyvyn ajan kuluessa.<\/p>\n<h3>Turvaominaisuudet<\/h3>\n<p>Turvallisuus on ensiarvoisen t\u00e4rke\u00e4\u00e4 puomisylinterien suunnittelussa. Paineenalennusventtiilien ja ylikuormitussuojan kaltaiset ominaisuudet ovat olennaisia \u200b\u200bvikojen est\u00e4miseksi ja turvallisen k\u00e4yt\u00f6n varmistamiseksi. K\u00e4ytt\u00e4j\u00e4n tulee olla tietoinen n\u00e4ist\u00e4 turvaominaisuuksista ja ymm\u00e4rt\u00e4\u00e4, miten ne toimivat hydraulij\u00e4rjestelm\u00e4ss\u00e4. Lis\u00e4ksi s\u00e4\u00e4nn\u00f6llinen huolto ja tarkastukset ovat v\u00e4ltt\u00e4m\u00e4tt\u00f6mi\u00e4 mahdollisten turvallisuusongelmien tunnistamiseksi ennen kuin ne johtavat vaaratilanteisiin.<\/p>\n<h3>Huollon helppous<\/h3>\n<p>Puomisylinterien suunnittelu helposti huollettaviksi voi merkitt\u00e4v\u00e4sti pident\u00e4\u00e4 niiden k\u00e4ytt\u00f6ik\u00e4\u00e4. Komponenttien tulisi olla helposti saatavilla tarkastusta ja korjausta varten, mik\u00e4 v\u00e4hent\u00e4\u00e4 seisokkiaikaa ja yll\u00e4pitokustannuksia. Modulaaristen rakenteiden tarjoaminen, jotka mahdollistavat osien helpon vaihdon, voi my\u00f6s edist\u00e4\u00e4 kokonaistehokkuutta varmistaen, ett\u00e4 laitteet pysyv\u00e4t toimintakunnossa ja tuottavina.<\/p>\n<p><img decoding=\"async\" src=\"https:\/\/www.hydraulic-cylinders.net\/wp-content\/uploads\/2025\/04\/songte-oil-pipes-and-spare-parts.webp\" alt=\"Hydrauliset komponentit\" \/><\/p>\n<h2>Tiivistys ja voitelu<\/h2>\n<p>Puomisylinterien tiivistys ja voitelu ovat ratkaisevan t\u00e4rkeit\u00e4 niiden suorituskyvyn ja pitk\u00e4ik\u00e4isyyden kannalta. Erilaisia \u200b\u200btiivistyskomponentteja, kuten m\u00e4nn\u00e4ntiivisteit\u00e4 ja varren tiivisteit\u00e4, k\u00e4ytet\u00e4\u00e4n hydraulisen paineen yll\u00e4pit\u00e4miseen ja nestevuotojen est\u00e4miseen. Kest\u00e4vist\u00e4 materiaaleista, kuten polyuretaanista ja nitriilikumista, valmistetut tiivisteet kest\u00e4v\u00e4t hankausta ja kemiallista hajoamista, mik\u00e4 pident\u00e4\u00e4 sylinterin k\u00e4ytt\u00f6ik\u00e4\u00e4.<\/p>\n<p>Lis\u00e4ksi sylinterin runko ja kierteitetyt p\u00e4\u00e4typinnat on koneistettu tarkkuusty\u00f6st\u00f6ll\u00e4 kulutuskest\u00e4vyyden parantamiseksi ja komponenttien sujuvan toiminnan varmistamiseksi ajan mittaan. S\u00e4\u00e4nn\u00f6llinen voitelu on v\u00e4ltt\u00e4m\u00e4t\u00f6nt\u00e4; k\u00e4ytt\u00e4jien tulee lis\u00e4t\u00e4 hydrauliikka\u00f6ljy\u00e4 s\u00e4\u00e4nn\u00f6llisesti optimaalisen suorituskyvyn yll\u00e4pit\u00e4miseksi ja kulumisen v\u00e4hent\u00e4miseksi, mik\u00e4 pident\u00e4\u00e4 hydrauliikkaj\u00e4rjestelm\u00e4n k\u00e4ytt\u00f6ik\u00e4\u00e4. Asianmukainen voitelu minimoi my\u00f6s ylikuumenemisriskin ja v\u00e4hent\u00e4\u00e4 kitkaa, mik\u00e4 mahdollistaa tasaisemman toiminnan.<\/p>\n<h2>S\u00e4\u00e4nn\u00f6llinen tarkastus ja ennaltaehk\u00e4isev\u00e4 huolto<\/h2>\n<ul>\n<li><strong>Rutiinitarkastukset:<\/strong> Hydraulisylinterien s\u00e4\u00e4nn\u00f6lliset tarkastukset ovat olennaisia \u200b\u200bmahdollisten ongelmien havaitsemiseksi varhaisessa vaiheessa. Tarkista vuodot, kuluminen ja muut vaurioiden merkit. Varhainen havaitseminen voi est\u00e4\u00e4 kalliita korjauksia ja varmistaa turvallisuuden.<\/li>\n<li><strong>Oikea voitelu:<\/strong> Varmista, ett\u00e4 hydrauliikka\u00f6ljyn taso pysyy tasaisena ja ett\u00e4 voitelupisteet huolletaan s\u00e4\u00e4nn\u00f6llisesti. Oikea voitelu v\u00e4hent\u00e4\u00e4 kitkaa ja kulumista, mik\u00e4 parantaa sylinterin suorituskyky\u00e4 ja k\u00e4ytt\u00f6ik\u00e4\u00e4.<\/li>\n<li><strong>Tiivisteen vaihto:<\/strong> Ajan my\u00f6t\u00e4 tiivisteet voivat heikenty\u00e4 ja ne on vaihdettava. Tarkista tiivisteiden kunto s\u00e4\u00e4nn\u00f6llisesti ja vaihda ne tarvittaessa vuotojen est\u00e4miseksi ja j\u00e4rjestelm\u00e4n eheyden yll\u00e4pit\u00e4miseksi.<\/li>\n<\/ul>\n<h2>Asennusohjeet<\/h2>\n<p>Puomisylinterin oikea asentaminen on ratkaisevan t\u00e4rke\u00e4\u00e4 sen suorituskyvyn ja turvallisuuden kannalta. Aloita varmistamalla, ett\u00e4 asennusalue on puhdas ja roskaton. Kohdista sylinteri oikein v\u00e4ltt\u00e4\u00e4ksesi virhekohdistuksen, joka voi aiheuttaa ennenaikaista kulumista tai rikkoutumista. K\u00e4yt\u00e4 sopivia kiinnityskorvakkeita sylinterin kiinnitt\u00e4miseen paikalleen ja varmista, ett\u00e4 se on tukevasti kiinnitetty ja vakaa.<\/p>\n<p>Noudata valmistajan ohjeita v\u00e4\u00e4nt\u00f6momenttien suhteen ja k\u00e4yt\u00e4 korkealaatuisia kiinnikkeit\u00e4 v\u00e4ltt\u00e4\u00e4ksesi l\u00f6ystymisen ajan my\u00f6t\u00e4. Asennuksen j\u00e4lkeen suorita koeajo tarkistaaksesi vuodot ja varmistaaksesi, ett\u00e4 sylinteri toimii sujuvasti. Kiinnit\u00e4 huomiota kaikkiin ep\u00e4tavallisiin \u00e4\u00e4niin tai liikkeisiin, jotka voivat viitata ongelmaan. Lopuksi dokumentoi asennusprosessi my\u00f6hemp\u00e4\u00e4 tarvetta varten.<\/p>\n<h2>Yleiset huoltoteht\u00e4v\u00e4t<\/h2>\n<h3>Rutiinitarkastukset<\/h3>\n<p>S\u00e4\u00e4nn\u00f6lliset tarkastukset ovat ratkaisevan t\u00e4rkeit\u00e4 hydrauliikkaj\u00e4rjestelmien kunnossapidossa. Teknikoiden tulee tarkistaa kulumisen, vuotojen ja muiden mahdollisten ongelmien varalta. S\u00e4\u00e4nn\u00f6lliset tarkastukset auttavat varmistamaan, ett\u00e4 tarvittavat korjaukset tai vaihdot tehd\u00e4\u00e4n nopeasti, mik\u00e4 minimoi seisokkiajat ja parantaa turvallisuutta. Tarkastustulosten s\u00e4\u00e4nn\u00f6llinen dokumentointi voi my\u00f6s auttaa seuraamaan laitteiden kuntoa ajan kuluessa.<\/p>\n<h3>Asianmukainen voitelu<\/h3>\n<p>Hydraulisylinterien asianmukainen voitelu on elint\u00e4rke\u00e4\u00e4 niiden pitk\u00e4n k\u00e4ytt\u00f6i\u00e4n kannalta. Teknikoiden tulisi laatia voiteluaikataulu, joka on valmistajan suositusten mukainen. T\u00e4m\u00e4 ei ainoastaan \u200b\u200best\u00e4 kulumista ja ylikuumenemista, vaan my\u00f6s edist\u00e4\u00e4 hydraulij\u00e4rjestelm\u00e4n kokonaistehokkuutta. Nesteiden s\u00e4\u00e4nn\u00f6llinen tarkistaminen ja nesteiden vaihtaminen tarvittaessa on olennaista optimaalisen suorituskyvyn yll\u00e4pit\u00e4miseksi.<\/p>\n<h3>Tiivisteiden vaihto ja kalibrointitarkastukset<\/h3>\n<p>Ajan my\u00f6t\u00e4 tiivisteet kuluvat ja ne on vaihdettava j\u00e4rjestelm\u00e4n eheyden yll\u00e4pit\u00e4miseksi. Teknikot tulisi kouluttaa tunnistamaan tiivisteiden kulumisen merkit ja ymm\u00e4rt\u00e4m\u00e4\u00e4n vaihtoprosessi. Lis\u00e4ksi s\u00e4\u00e4nn\u00f6lliset kalibrointitarkastukset varmistavat, ett\u00e4 hydraulij\u00e4rjestelm\u00e4 toimii m\u00e4\u00e4riteltyjen parametrien mukaisesti, mik\u00e4 est\u00e4\u00e4 suorituskykyongelmia ja parantaa turvallisuutta. Asianmukainen koulutus ja huolto-ohjelmien noudattaminen ovat ratkaisevan t\u00e4rkeit\u00e4 hydraulisylinterien k\u00e4ytt\u00f6i\u00e4n pident\u00e4misess\u00e4.<\/p>\n<p><img decoding=\"async\" src=\"https:\/\/www.hydraulic-cylinders.net\/wp-content\/uploads\/2025\/04\/songte-chushion-collar.webp\" alt=\"Asennus ja huolto\" \/><\/p>\n<h2>Turvallisuusn\u00e4k\u00f6kohdat ja ymp\u00e4rist\u00f6tekij\u00e4t<\/h2>\n<p>Puomisylintereiden kanssa ty\u00f6skennelt\u00e4ess\u00e4 turvatoimenpiteet ovat v\u00e4ltt\u00e4m\u00e4tt\u00f6mi\u00e4. K\u00e4ytt\u00e4jien on noudatettava turvallisuusprotokollia, mukaan lukien asianmukaisten henkil\u00f6nsuojainten (PPE) k\u00e4ytt\u00f6 ja hydraulij\u00e4rjestelmiin liittyvien erityisten vaarojen ymm\u00e4rt\u00e4minen. S\u00e4\u00e4nn\u00f6llinen koulutus turvallisista k\u00e4ytt\u00f6tavoista voi auttaa minimoimaan riskej\u00e4. Lis\u00e4ksi ymp\u00e4rist\u00f6m\u00e4\u00e4r\u00e4ysten noudattaminen on ratkaisevan t\u00e4rke\u00e4\u00e4, jotta varmistetaan, ett\u00e4 hydraulinesteit\u00e4 ja muita materiaaleja k\u00e4sitell\u00e4\u00e4n ja h\u00e4vitet\u00e4\u00e4n turvallisesti.<\/p>\n<h2>Vianm\u00e4\u00e4ritys ja yleiset ongelmat<\/h2>\n<ul>\n<li><strong>Vuoto:<\/strong> Hydrauli\u00f6ljyvuotoja voi esiinty\u00e4 kuluneiden tiivisteiden tai vaurioituneiden osien vuoksi. Vuodon l\u00e4hteen tunnistaminen ja tiivisteiden tai vaurioituneiden osien vaihtaminen nopeasti on olennaista j\u00e4rjestelm\u00e4n eheyden yll\u00e4pit\u00e4miseksi.<\/li>\n<li><strong>Ep\u00e4tavalliset \u00e4\u00e4net:<\/strong> Jos puomin sylinterist\u00e4 kuuluu ep\u00e4tavallisia \u00e4\u00e4ni\u00e4 k\u00e4yt\u00f6n aikana, se voi viitata riitt\u00e4m\u00e4tt\u00f6m\u00e4\u00e4n voiteluun tai sis\u00e4isiin vaurioihin. Sammuta laite ja suorita perusteellinen tarkastus ongelman tunnistamiseksi ja korjaamiseksi.<\/li>\n<li><strong>Ep\u00e4johdonmukainen suorituskyky:<\/strong> Jos sylinteri ei toimi tasaisesti tai sen suorituskyky on ep\u00e4tasainen, syyn\u00e4 voi olla hydrauliikkalinjoissa oleva ilma tai alhaiset nestetasot. Hydrauliikkaj\u00e4rjestelm\u00e4n ilmaaminen ja nestetasojen tarkistaminen voivat ratkaista n\u00e4m\u00e4 ongelmat.<\/li>\n<\/ul>\n<h3>Vianm\u00e4\u00e4ritysvinkkej\u00e4<\/h3>\n<p>Puomisylintereiden ongelmien tehokkaaksi diagnosoimiseksi ja ratkaisemiseksi k\u00e4ytt\u00e4jien tulee pit\u00e4\u00e4 yksityiskohtaista kirjaa huolto- ja tarkastustoimista. N\u00e4iden tietojen s\u00e4\u00e4nn\u00f6llinen tarkistaminen voi auttaa tunnistamaan malleja ja mahdollisia ongelmia. Ennaltaehk\u00e4isevien toimenpiteiden, kuten rutiinihuollon ja tarkastusten, toteuttaminen voi minimoida ongelmien esiintymisen ja parantaa j\u00e4rjestelm\u00e4n yleist\u00e4 suorituskyky\u00e4.<\/p>\n<p><img decoding=\"async\" src=\"https:\/\/www.hydraulic-cylinders.net\/wp-content\/uploads\/2025\/04\/songte-bushings-with-all-kinds-of-excavator-models.webp\" alt=\"Hydraulisylinterien vianetsint\u00e4\" \/><\/p>\n<h2>Tietoa yrityksest\u00e4mme<\/h2>\n<p>Olemme johtava hydraulisten sylinterien vaihto-osien valmistaja. Tarjoamme kattavan valikoiman tuotteita, jotka ovat tehneet meist\u00e4 yhden merkitt\u00e4vimmist\u00e4 valmistajista ja tukkukauppiaista kotimaisilla ja kansainv\u00e4lisill\u00e4 markkinoilla. Sitoudumme huippuosaamiseen ja luotamme hienostuneeseen valmistusstrategiaan, joka korostaa teollisen tuotannon hallintaa. Yrityksemme parantaa jatkuvasti valmistusalustaansa integroimalla teknist\u00e4 asiantuntemusta, edistyneit\u00e4 digitaalisia valmistuslaitteita ja ammattimaisia \u200b\u200btestausj\u00e4rjestelmi\u00e4.<\/p>\n<p>Vankan osaamisemme ansiosta pystymme tehokkaasti vastaamaan monipuolisiin asiakastarpeisiin keskittyen korkeaan tehokkuuteen, tarkkuuteen ja laatuun. Tarjoamme r\u00e4\u00e4t\u00e4l\u00f6ityj\u00e4 ratkaisuja varmistaen, ett\u00e4 asiakkaamme saavat heid\u00e4n erityistarpeisiinsa r\u00e4\u00e4t\u00e4l\u00f6ityj\u00e4 tuotteita. Lis\u00e4ksi olemme saaneet kansainv\u00e4lisi\u00e4 sertifikaatteja, jotka vahvistavat sitoutumisemme laatu- ja turvallisuusstandardeihin.<\/p>\n<p><img decoding=\"async\" src=\"https:\/\/www.hydraulic-cylinders.net\/wp-content\/uploads\/2025\/04\/songte-company-4.webp\" alt=\"Yrityksen yleiskatsaus\" \/><br \/>\n<img decoding=\"async\" src=\"https:\/\/www.hydraulic-cylinders.net\/wp-content\/uploads\/2025\/04\/songte-company-3.webp\" alt=\"Tuotantolaitoksemme\" \/><\/p>\n<p>Kirjoittaja: lyl<\/p>","protected":false},"excerpt":{"rendered":"<p>Boom Cylinder For Yuchai YC240LC-8 Product Overview The Boom Cylinder for Yuchai YC240LC-8 is a critical component in hydraulic systems, designed specifically for controlling the movement of the bucket in various heavy machinery, such as excavators, backhoe loaders, and front loaders. This hydraulic cylinder enables the bucket to lift, lower, and tilt, facilitating efficient material [&hellip;]<\/p>","protected":false},"featured_media":17881,"comment_status":"open","ping_status":"closed","template":"","meta":{"_et_pb_use_builder":"","_et_pb_old_content":"","_et_gb_content_width":""},"product_brand":[],"product_cat":[1546],"product_tag":[1547,1496],"class_list":{"0":"post-19588","1":"product","2":"type-product","3":"status-publish","4":"has-post-thumbnail","6":"product_cat-boom-cylinders","7":"product_tag-boom-cylinders","8":"product_tag-hydraulic-cylinders","10":"first","11":"instock","12":"shipping-taxable","13":"product-type-simple"},"amp_enabled":true,"_links":{"self":[{"href":"https:\/\/www.hydraulic-cylinders.net\/fi\/wp-json\/wp\/v2\/product\/19588","targetHints":{"allow":["GET"]}}],"collection":[{"href":"https:\/\/www.hydraulic-cylinders.net\/fi\/wp-json\/wp\/v2\/product"}],"about":[{"href":"https:\/\/www.hydraulic-cylinders.net\/fi\/wp-json\/wp\/v2\/types\/product"}],"replies":[{"embeddable":true,"href":"https:\/\/www.hydraulic-cylinders.net\/fi\/wp-json\/wp\/v2\/comments?post=19588"}],"wp:featuredmedia":[{"embeddable":true,"href":"https:\/\/www.hydraulic-cylinders.net\/fi\/wp-json\/wp\/v2\/media\/17881"}],"wp:attachment":[{"href":"https:\/\/www.hydraulic-cylinders.net\/fi\/wp-json\/wp\/v2\/media?parent=19588"}],"wp:term":[{"taxonomy":"product_brand","embeddable":true,"href":"https:\/\/www.hydraulic-cylinders.net\/fi\/wp-json\/wp\/v2\/product_brand?post=19588"},{"taxonomy":"product_cat","embeddable":true,"href":"https:\/\/www.hydraulic-cylinders.net\/fi\/wp-json\/wp\/v2\/product_cat?post=19588"},{"taxonomy":"product_tag","embeddable":true,"href":"https:\/\/www.hydraulic-cylinders.net\/fi\/wp-json\/wp\/v2\/product_tag?post=19588"}],"curies":[{"name":"wp","href":"https:\/\/api.w.org\/{rel}","templated":true}]}}