{"id":19593,"date":"2025-04-07T06:56:22","date_gmt":"2025-04-07T06:56:22","guid":{"rendered":"https:\/\/www.hydraulic-cylinders.net\/product\/boom-cylinder-for-xinyuan-crawler-excavator-xy55-8\/"},"modified":"2025-04-07T06:56:24","modified_gmt":"2025-04-07T06:56:24","slug":"boom-cylinder-for-xinyuan-crawler-excavator-xy55-8","status":"publish","type":"product","link":"https:\/\/www.hydraulic-cylinders.net\/fi\/tuote\/boom-cylinder-for-xinyuan-crawler-excavator-xy55-8\/","title":{"rendered":"Xinyuan-telakaivukoneen XY55-8 puomin sylinteri"},"content":{"rendered":"<h1>Xinyuan-telakaivukoneen XY55-8 puomin sylinteri<\/h1>\n<h2>Tuotteen yleiskatsaus<\/h2>\n<p>Puomisylinteri on Xinyuan-tela-alustaisen kaivinkoneen XY55-8 t\u00e4rke\u00e4 osa, ja se on ensisijaisesti suunniteltu ohjaamaan kaivinkoneen puomin liikett\u00e4. T\u00e4m\u00e4 hydraulisylinteri mahdollistaa kaivinkoneen kauhan nostamisen, laskemisen ja kallistamisen, mik\u00e4 helpottaa tehokasta materiaalink\u00e4sittely\u00e4. Puomisylinteri on olennainen osa hydraulij\u00e4rjestelm\u00e4\u00e4, joka mahdollistaa raskaiden koneiden sujuvan toiminnan.<\/p>\n<p><img decoding=\"async\" src=\"https:\/\/www.hydraulic-cylinders.net\/wp-content\/uploads\/2025\/04\/songte-company-1.webp\" alt=\"Puomin sylinterin kuva\"><\/p>\n<h2>Puomin sylinterin ominaisuudet<\/h2>\n<ul>\n<li><strong>Korkea lujuus ja kest\u00e4vyys:<\/strong> Tyypillisesti eritt\u00e4in lujasta ter\u00e4ksest\u00e4 tai alumiinista valmistettu puomin sylinteri kest\u00e4\u00e4 suurta painetta ja raskaita kuormia, joten se sopii vaativiin ty\u00f6ymp\u00e4rist\u00f6ihin.<\/li>\n<li><strong>Tehokas hydraulinen k\u00e4ytt\u00f6:<\/strong> Hydraulisen \u00f6ljynpaineen ansiosta laitetta voidaan vet\u00e4\u00e4 ulos ja ulos tasaisesti, mik\u00e4 mahdollistaa nopean reagoinnin ohjauskomentoihin ja tehokkaan ty\u00f6nt\u00f6- ja vetovoiman.<\/li>\n<li><strong>Erilaisia \u200b\u200btyyppej\u00e4:<\/strong> Saatavilla yksitoimisina (hydraulinen yhteen suuntaan) tai kaksitoimisina (hydraulinen molempiin suuntiin) kokoonpanoina erilaisten k\u00e4ytt\u00f6tarpeiden t\u00e4ytt\u00e4miseksi. Jotkut mallit ovat teleskooppisia, mik\u00e4 mahdollistaa suuremman jatkeen ilman ulkomittojen kasvua, mik\u00e4 sopii erinomaisesti ahtaisiin sovelluksiin.<\/li>\n<li><strong>Helppo vaihto:<\/strong> Tuotteemme on suunniteltu korvaamaan t\u00e4ydellisesti olemassa olevat hydraulisylinterit varmistaen saumattoman integroinnin ja suorituskyvyn.<\/li>\n<li><strong>Edistynyt suunnittelu:<\/strong> Sis\u00e4lt\u00e4\u00e4 ominaisuuksia, jotka parantavat kulumiskest\u00e4vyytt\u00e4 ja korroosionestokest\u00e4vyytt\u00e4, mik\u00e4 pident\u00e4\u00e4 sylinterin k\u00e4ytt\u00f6ik\u00e4\u00e4.<\/li>\n<\/ul>\n<p><img decoding=\"async\" src=\"https:\/\/www.hydraulic-cylinders.net\/wp-content\/uploads\/2025\/04\/songte-cylinder-head-with-all-kinds-excavator-models.webp\" alt=\"Kaivinkonemallien kuva\"><\/p>\n<h2>Puomisylinterin sovellukset<\/h2>\n<h3>Rakennuslaitteet<\/h3>\n<p>Kaivinkoneissa puomin sylinterit ovat ratkaisevan t\u00e4rkeit\u00e4 kaivamisessa, lastaamisessa ja maan tai roskien siirt\u00e4misess\u00e4. Ne mahdollistavat kauhan liikkeiden tarkan hallinnan, mik\u00e4 tekee monimutkaisista teht\u00e4vist\u00e4 helpommin hallittavia.<\/p>\n<h3>Maatalouskoneet<\/h3>\n<p>Etukuormaajissa k\u00e4ytett\u00e4v\u00e4t puomisylinterit ovat v\u00e4ltt\u00e4m\u00e4tt\u00f6mi\u00e4 maaper\u00e4n, hein\u00e4n ja muiden materiaalien kaivamiseen, nostamiseen ja kuljettamiseen. Niiden rakenne varmistaa tehokkaan toiminnan maatalousymp\u00e4rist\u00f6iss\u00e4.<\/p>\n<h3>Kaivinkoneet<\/h3>\n<p>Kaivinkoneissa puomin sylinteri mahdollistaa kauhan tehokkaan tunkeutumisen maaper\u00e4\u00e4n, mik\u00e4 helpottaa kaivuprosessia. T\u00e4m\u00e4 ominaisuus on elint\u00e4rke\u00e4 erilaisissa kaivut\u00f6iss\u00e4.<\/p>\n<h3>Kuormaajat<\/h3>\n<p>Etukuormaajissa puomin sylinterit auttavat kuormien tehokkaassa nostamisessa ja tyhjent\u00e4misess\u00e4. T\u00e4m\u00e4 toiminto on avainasemassa ty\u00f6maiden tuottavuuden parantamisessa.<\/p>\n<h2>Suunnittelun\u00e4k\u00f6kohdat ja valintakriteerit<\/h2>\n<h3>Kantavuus<\/h3>\n<p>Puomisylinteri\u00e4 valittaessa on otettava huomioon tietyn sovelluksen vaatima kuormituskapasiteetti. T\u00e4m\u00e4 tarkoittaa sylinterin nostettavan enimm\u00e4ispainon arviointia ja sen varmistamista, ett\u00e4 se on mitoitettu asianmukaisesti vikaantumisen est\u00e4miseksi.<\/p>\n<h3>Tiivisteen laatu<\/h3>\n<p>Tiivisteiden laatu on ratkaisevan t\u00e4rke\u00e4\u00e4 hydraulisen paineen yll\u00e4pit\u00e4miseksi ja nestevuotojen est\u00e4miseksi. Tiivisteiden valinta vaikuttaa merkitt\u00e4v\u00e4sti sylinterin suorituskykyyn ja kest\u00e4vyyteen, mink\u00e4 vuoksi on t\u00e4rke\u00e4\u00e4 valita korkealaatuisista materiaaleista valmistetut tiivisteet.<\/p>\n<h3>Kest\u00e4vyys<\/h3>\n<p>Kest\u00e4vyys on keskeinen tekij\u00e4 puomisylinterin suunnittelussa. Sen on kestett\u00e4v\u00e4 \u00e4\u00e4rimm\u00e4isi\u00e4 olosuhteita, kuten vaihtelevia l\u00e4mp\u00f6tiloja ja altistumista ankarille elementeille. K\u00e4ytettyjen materiaalien tulee olla kulutusta ja korroosiota kest\u00e4vi\u00e4, mik\u00e4 varmistaa pitk\u00e4n k\u00e4ytt\u00f6i\u00e4n.<\/p>\n<h3>Turvaominaisuudet<\/h3>\n<p>Turvaominaisuudet ovat ensiarvoisen t\u00e4rkeit\u00e4 hydraulisylinterien suunnittelussa. Varoventtiilien ja paineenalennusmekanismien sis\u00e4llytt\u00e4minen voi est\u00e4\u00e4 ylikuormituksen aiheuttamat onnettomuudet ja varmistaa k\u00e4ytt\u00e4jien turvallisuuden.<\/p>\n<h3>Huolto Esteett\u00f6myys<\/h3>\n<p>Puomin sylinterin suunnittelu helpon huollon takaamiseksi on olennaista. Helposti vaihdettavat tiivisteet ja helposti saavutettavat voitelukohdat yksinkertaistavat rutiinihuoltoteht\u00e4vi\u00e4 ja pident\u00e4v\u00e4t sylinterin k\u00e4ytt\u00f6ik\u00e4\u00e4.<\/p>\n<p><img decoding=\"async\" src=\"https:\/\/www.hydraulic-cylinders.net\/wp-content\/uploads\/2025\/04\/songte-oil-pipes-and-spare-parts.webp\" alt=\"Hydraulisten osien kuva\"><\/p>\n<h2>Tiivistys ja voitelu<\/h2>\n<p>Hydraulisylinteriss\u00e4 k\u00e4ytet\u00e4\u00e4n erilaisia \u200b\u200btiivistyskomponentteja, kuten m\u00e4nn\u00e4ntiivisteit\u00e4 ja varren tiivisteit\u00e4, paineen yll\u00e4pit\u00e4miseksi ja vuotojen est\u00e4miseksi. Tiivisteet valmistetaan usein kest\u00e4vist\u00e4 materiaaleista, kuten polyuretaanista ja nitriilikumista, jotka tarjoavat erinomaisen kulutuskest\u00e4vyyden. Lis\u00e4ksi sylinterin runko ja kierteitetyt p\u00e4\u00e4typinnat k\u00e4sitell\u00e4\u00e4n hienovaraisesti kest\u00e4vyyden parantamiseksi. S\u00e4\u00e4nn\u00f6llinen voitelu sopivalla hydrauli\u00f6ljyll\u00e4 on v\u00e4ltt\u00e4m\u00e4t\u00f6nt\u00e4 sujuvan toiminnan varmistamiseksi ja kulumisen est\u00e4miseksi.<\/p>\n<h2>Huoltotoimenpiteet<\/h2>\n<ul>\n<li><strong>S\u00e4\u00e4nn\u00f6lliset tarkastukset:<\/strong> Tarkasta puomin sylinteri s\u00e4\u00e4nn\u00f6llisesti kulumisen, vuotojen tai muiden vaurioiden varalta. Ongelmien tunnistaminen varhain voi est\u00e4\u00e4 merkitt\u00e4v\u00e4mpi\u00e4 korjauksia my\u00f6hemmin.<\/li>\n<li><strong>Oikea voitelu:<\/strong> Varmista, ett\u00e4 hydrauliikka\u00f6ljy\u00e4 on t\u00e4ytetty ja ett\u00e4 voitelupisteet huolletaan asianmukaisesti. T\u00e4m\u00e4 v\u00e4hent\u00e4\u00e4 liikkuvien osien kitkaa ja kulumista.<\/li>\n<li><strong>Tiivisteen vaihto:<\/strong> Ajan my\u00f6t\u00e4 tiivisteet voivat kulua ja ne on vaihdettava. Tarkista tiivisteet s\u00e4\u00e4nn\u00f6llisesti ja vaihda ne tarvittaessa optimaalisen suorituskyvyn yll\u00e4pit\u00e4miseksi.<\/li>\n<\/ul>\n<h2>Asennusohjeet<\/h2>\n<p>Puomisylinterin oikea asennus on ratkaisevan t\u00e4rke\u00e4\u00e4 sen suorituskyvyn kannalta. Varmista, ett\u00e4 sylinteri on kohdistettu oikein asennuksen aikana, jotta komponentteihin ei kohdistu tarpeetonta rasitusta. On suositeltavaa k\u00e4ytt\u00e4\u00e4 sopivia kiinnitystelineit\u00e4 sylinterin kiinnitt\u00e4miseksi paikalleen. Noudata valmistajan ohjeita v\u00e4\u00e4nt\u00f6momenttien ja liit\u00e4nt\u00e4tapojen osalta varmistaaksesi luotettavan asennuksen. Asennuksen j\u00e4lkeen suorita perusteellinen tarkastus varmistaaksesi, ett\u00e4 kaikki komponentit on kytketty kunnolla ja ett\u00e4 ne toimivat oikein.<\/p>\n<h2>Yleiset huoltoteht\u00e4v\u00e4t<\/h2>\n<h3>S\u00e4\u00e4nn\u00f6lliset tarkastukset<\/h3>\n<p>Suorita s\u00e4\u00e4nn\u00f6llisi\u00e4 tarkastuksia mahdollisten ongelmien havaitsemiseksi varhaisessa vaiheessa. Tarkista vuodot, kuluminen ja mahdolliset ep\u00e4tavalliset \u00e4\u00e4net k\u00e4yt\u00f6n aikana. Varhainen havaitseminen voi s\u00e4\u00e4st\u00e4\u00e4 kustannuksia ja est\u00e4\u00e4 vakavampia vaurioita.<\/p>\n<h3>Oikea voitelu<\/h3>\n<p>Pid\u00e4 hydrauliikkaj\u00e4rjestelm\u00e4n voitelutaso riitt\u00e4v\u00e4n\u00e4. Varmista, ett\u00e4 k\u00e4ytetty \u00f6ljy t\u00e4ytt\u00e4\u00e4 valmistajan vaatimukset. Riitt\u00e4m\u00e4t\u00f6n voitelu voi johtaa sylinterin lis\u00e4\u00e4ntyneeseen kulumiseen ja mahdolliseen vikaantumiseen.<\/p>\n<h3>Tiivisteen vaihto ja kalibrointi<\/h3>\n<p>Vaihda tiivisteet s\u00e4\u00e4nn\u00f6llisesti hydraulinesteen vuotojen est\u00e4miseksi. Kalibrointitarkastukset ovat v\u00e4ltt\u00e4m\u00e4tt\u00f6mi\u00e4 sen varmistamiseksi, ett\u00e4 sylinteri toimii optimaalisella suorituskyvyll\u00e4. Noudata valmistajan ohjeita varmistaaksesi oikean s\u00e4\u00e4d\u00f6n ja kohdistuksen.<\/p>\n<p><img decoding=\"async\" src=\"https:\/\/www.hydraulic-cylinders.net\/wp-content\/uploads\/2025\/04\/songte-chushion-collar.webp\" alt=\"Tyynykauluksen kuva\"><\/p>\n<h2>Turvallisuusn\u00e4k\u00f6kohdat ja ymp\u00e4rist\u00f6tekij\u00e4t<\/h2>\n<p>Turvatoimenpiteet ovat ratkaisevan t\u00e4rkeit\u00e4 hydraulisylintereit\u00e4 k\u00e4ytett\u00e4ess\u00e4. K\u00e4ytt\u00e4j\u00e4t tulee kouluttaa turvallisiin k\u00e4ytt\u00f6tapoihin ja heid\u00e4n tulee olla tietoisia mahdollisista vaaroista. Lis\u00e4ksi on otettava huomioon ymp\u00e4rist\u00f6tekij\u00e4t, kuten altistuminen ankarille tekij\u00f6ille, jotka voivat vaikuttaa sylinterin k\u00e4ytt\u00f6ik\u00e4\u00e4n ja suorituskykyyn. S\u00e4\u00e4nn\u00f6llinen huolto ja tarkastukset voivat lievent\u00e4\u00e4 ymp\u00e4rist\u00f6vahinkoihin liittyvi\u00e4 riskej\u00e4.<\/p>\n<h2>Yleisten ongelmien vianm\u00e4\u00e4ritys<\/h2>\n<ul>\n<li><strong>Vuoto:<\/strong> Jos hydraulinestett\u00e4 vuotaa, tarkista tiivisteet ja liit\u00e4nn\u00e4t. Kuluneiden tiivisteiden vaihtaminen ja tiukkojen liitosten varmistaminen voivat ratkaista ongelman.<\/li>\n<li><strong>Ep\u00e4johdonmukainen suorituskyky:<\/strong> Jos sylinteri ei liiku ulos tai sis\u00e4\u00e4n tasaisesti, tarkista tukokset, alhaiset hydraulinesteen tasot tai vaurioituneet tiivisteet, jotka voivat vaikuttaa toimintaan.<\/li>\n<li><strong>Ylikuumeneminen:<\/strong> Jos hydrauliikkaj\u00e4rjestelm\u00e4 ylikuumenee, se voi viitata alhaiseen nestetasoon tai liialliseen kuormitukseen. Varmista oikea nestetaso ja v\u00e4lt\u00e4 laitteen ylikuormitusta.<\/li>\n<\/ul>\n<h2>Ennaltaehk\u00e4isev\u00e4t toimenpiteet<\/h2>\n<p>Mahdollisten ongelmien minimoimiseksi toteuta ennaltaehk\u00e4isevi\u00e4 toimenpiteit\u00e4, kuten s\u00e4\u00e4nn\u00f6llisi\u00e4 huoltotarkastuksia ja k\u00e4ytt\u00e4jien koulutusta. Hydraulij\u00e4rjestelm\u00e4n tarkka valvonta voi auttaa ehk\u00e4isem\u00e4\u00e4n vikoja ja pident\u00e4\u00e4 puomin sylinterin k\u00e4ytt\u00f6ik\u00e4\u00e4.<\/p>\n<p><img decoding=\"async\" src=\"https:\/\/www.hydraulic-cylinders.net\/wp-content\/uploads\/2025\/04\/songte-bushings-with-all-kinds-of-excavator-models.webp\" alt=\"Holkit Kuva\"><\/p>\n<h2>Yrityksen yleiskatsaus<\/h2>\n<p>Olemme johtava hydraulisten sylinterien vaihto-osien valmistaja, joka tarjoaa t\u00e4yden valikoiman tuotteita kotimaisille ja kansainv\u00e4lisille markkinoille. Sitoutumisemme laatuun tukee hienos\u00e4\u00e4detty valmistusprosessi ja edistyneet tuotannonohjausstrategiat. Parannamme jatkuvasti tuotantoymp\u00e4rist\u00f6j\u00e4mme ammattitaitoisella teknisell\u00e4 henkil\u00f6st\u00f6ll\u00e4, huippuluokan digitaalisilla valmistuslaitteilla ja ammattimaisilla testausj\u00e4rjestelmill\u00e4. T\u00e4m\u00e4n l\u00e4hestymistavan ansiosta pystymme vastaamaan monipuolisiin asiakastarpeisiin tehokkaasti, tarkasti ja laadukkaasti.<\/p>\n<p><img decoding=\"async\" src=\"https:\/\/www.hydraulic-cylinders.net\/wp-content\/uploads\/2025\/04\/songte-company-4.webp\" alt=\"Yrityksen imago\"><br \/>\n<img decoding=\"async\" src=\"https:\/\/www.hydraulic-cylinders.net\/wp-content\/uploads\/2025\/04\/songte-company-3.webp\" alt=\"Yrityksen imago\"><\/p>\n<p>Yrityksemme on ylpe\u00e4 ammattitaidostaan, kansainv\u00e4lisist\u00e4 sertifikaateistaan, r\u00e4\u00e4t\u00e4l\u00f6idyist\u00e4 palveluistaan, edistyneist\u00e4 tuotantolaitteistaan \u200b\u200bja poikkeuksellisesta j\u00e4lkimarkkinointituestaan. Pyrimme varmistamaan, ett\u00e4 asiakkaamme saavat markkinoiden parhaat tuotteet ja palvelut.<\/p>\n<p>Kirjoittaja: lyl<\/p>","protected":false},"excerpt":{"rendered":"<p>Boom Cylinder For Xinyuan Crawler Excavator XY55-8 Product Overview The Boom Cylinder is a vital component for the Xinyuan Crawler Excavator XY55-8, primarily designed to control the movement of the excavator&#8217;s arm. This hydraulic cylinder allows the excavator to lift, lower, and tilt its bucket, facilitating efficient material handling tasks. The boom cylinder is an [&hellip;]<\/p>","protected":false},"featured_media":17871,"comment_status":"open","ping_status":"closed","template":"","meta":{"_et_pb_use_builder":"","_et_pb_old_content":"","_et_gb_content_width":""},"product_brand":[],"product_cat":[1546],"product_tag":[1547,1496],"class_list":{"0":"post-19593","1":"product","2":"type-product","3":"status-publish","4":"has-post-thumbnail","6":"product_cat-boom-cylinders","7":"product_tag-boom-cylinders","8":"product_tag-hydraulic-cylinders","10":"first","11":"instock","12":"shipping-taxable","13":"product-type-simple"},"amp_enabled":true,"_links":{"self":[{"href":"https:\/\/www.hydraulic-cylinders.net\/fi\/wp-json\/wp\/v2\/product\/19593","targetHints":{"allow":["GET"]}}],"collection":[{"href":"https:\/\/www.hydraulic-cylinders.net\/fi\/wp-json\/wp\/v2\/product"}],"about":[{"href":"https:\/\/www.hydraulic-cylinders.net\/fi\/wp-json\/wp\/v2\/types\/product"}],"replies":[{"embeddable":true,"href":"https:\/\/www.hydraulic-cylinders.net\/fi\/wp-json\/wp\/v2\/comments?post=19593"}],"wp:featuredmedia":[{"embeddable":true,"href":"https:\/\/www.hydraulic-cylinders.net\/fi\/wp-json\/wp\/v2\/media\/17871"}],"wp:attachment":[{"href":"https:\/\/www.hydraulic-cylinders.net\/fi\/wp-json\/wp\/v2\/media?parent=19593"}],"wp:term":[{"taxonomy":"product_brand","embeddable":true,"href":"https:\/\/www.hydraulic-cylinders.net\/fi\/wp-json\/wp\/v2\/product_brand?post=19593"},{"taxonomy":"product_cat","embeddable":true,"href":"https:\/\/www.hydraulic-cylinders.net\/fi\/wp-json\/wp\/v2\/product_cat?post=19593"},{"taxonomy":"product_tag","embeddable":true,"href":"https:\/\/www.hydraulic-cylinders.net\/fi\/wp-json\/wp\/v2\/product_tag?post=19593"}],"curies":[{"name":"wp","href":"https:\/\/api.w.org\/{rel}","templated":true}]}}