{"id":19594,"date":"2025-04-07T06:56:25","date_gmt":"2025-04-07T06:56:25","guid":{"rendered":"https:\/\/www.hydraulic-cylinders.net\/product\/boom-cylinder-for-xinyuan-crawler-excavator-xy60-8\/"},"modified":"2025-04-07T06:56:28","modified_gmt":"2025-04-07T06:56:28","slug":"boom-cylinder-for-xinyuan-crawler-excavator-xy60-8","status":"publish","type":"product","link":"https:\/\/www.hydraulic-cylinders.net\/fi\/tuote\/boom-cylinder-for-xinyuan-crawler-excavator-xy60-8\/","title":{"rendered":"Xinyuan-telakaivukoneen XY60-8 puomin sylinteri"},"content":{"rendered":"<h1>Xinyuan-telakaivukoneen XY60-8 puomin sylinteri<\/h1>\n<h2>Tuotteen yleiskatsaus<\/h2>\n<p>Xinyuan-tela-alustaisen kaivinkoneen XY60-8 puomin sylinteri on t\u00e4rke\u00e4 osa raskaille koneille suunniteltuja hydraulij\u00e4rjestelmi\u00e4. T\u00e4m\u00e4 hydraulisylinteri on erityisesti suunniteltu ohjaamaan kauhan liikett\u00e4 erilaisissa raskaissa laitteissa, kuten kaivinkoneissa, kaivurikuormaajissa ja etukuormaajissa. Helpottamalla kauhan nostamista, laskemista ja kallistusta se parantaa merkitt\u00e4v\u00e4sti materiaalink\u00e4sittelyteht\u00e4vi\u00e4.<\/p>\n<p>Hydraulisylinterin\u00e4 kauhan sylinteri k\u00e4ytt\u00e4\u00e4 paineistettua hydrauliikka\u00f6ljy\u00e4, mik\u00e4 tekee sen toiminnasta elint\u00e4rke\u00e4n tehokkaan suorituskyvyn kannalta rakennus- ja kaivuut\u00f6iss\u00e4. Puomisylinterin toimivuus ei ainoastaan \u200b\u200boptimoi kaivinkoneen toimintaa, vaan varmistaa my\u00f6s, ett\u00e4 raskaita materiaaleja voidaan siirt\u00e4\u00e4 tarkasti ja helposti.<\/p>\n<p><img decoding=\"async\" src=\"https:\/\/www.hydraulic-cylinders.net\/wp-content\/uploads\/2025\/04\/songte-company-1.webp\" alt=\"Puomin sylinterin kuva\" \/><\/p>\n<h2>Puomin sylinterin ominaisuudet<\/h2>\n<ul>\n<li>\n<h3>Korkea lujuus ja kest\u00e4vyys<\/h3>\n<p>T\u00e4m\u00e4 puomisylinteri on valmistettu lujasta ter\u00e4ksest\u00e4 tai alumiinista, ja se on rakennettu kest\u00e4m\u00e4\u00e4n korkeaa painetta ja raskaita kuormia. Sen suunnittelussa on otettu huomioon kulutuskest\u00e4vyys ja korroosionkest\u00e4vyys, mik\u00e4 pident\u00e4\u00e4 sen k\u00e4ytt\u00f6ik\u00e4\u00e4.<\/p>\n<\/li>\n<li>\n<h3>Tehokas hydraulinen k\u00e4ytt\u00f6<\/h3>\n<p>Hydrauli\u00f6ljyn painetta hy\u00f6dynt\u00e4v\u00e4 puomin sylinteri tarjoaa tasaisen ja nopean pidennys- ja sis\u00e4\u00e4nvetoliikkeen. T\u00e4m\u00e4 varmistaa tehokkaan vasteen k\u00e4ytt\u00e4j\u00e4n komentoihin ja tuottaa voimakkaat ty\u00f6nt\u00f6- ja vetovoimat, jotka sopivat ihanteellisesti raskaiden tai monimutkaisten teht\u00e4vien k\u00e4sittelyyn.<\/p>\n<\/li>\n<li>\n<h3>Erilaiset tyypit<\/h3>\n<p>K\u00e4ytt\u00f6vaatimuksista riippuen puomin sylinteri voidaan valita yksitoimiseksi (k\u00e4ytet\u00e4\u00e4n yhteen suuntaan) tai kaksitoimiseksi (toimii molempiin suuntiin) malliksi. Jotkut versiot ovat teleskooppisia, mik\u00e4 mahdollistaa suuremman jatkeen ilman ulkomittojen kasvua, joten ne sopivat ahtaisiin tiloihin.<\/p>\n<\/li>\n<li>\n<h3>Mukautettu valmistus<\/h3>\n<p>Olemme erikoistuneet t\u00e4m\u00e4n tuotteen valmistukseen, ja sylinterimme korvaavat t\u00e4ydellisesti olemassa olevat hydraulisylinterit parantaen suorituskyky\u00e4 ja luotettavuutta erilaisissa sovelluksissa.<\/p>\n<\/li>\n<\/ul>\n<p><img decoding=\"async\" src=\"https:\/\/www.hydraulic-cylinders.net\/wp-content\/uploads\/2025\/04\/songte-cylinder-head-with-all-kinds-excavator-models.webp\" alt=\"Hydraulisylinterimallit\" \/><\/p>\n<h2>Puomisylinterin sovellukset<\/h2>\n<h3>Rakennuslaitteet<\/h3>\n<p>Kaivinkoneissa puomisylinterit ovat keskeisess\u00e4 roolissa kaivamisessa, lastaamisessa ja maan tai roskien siirt\u00e4misess\u00e4. Ne mahdollistavat kauhan tehokkaan tunkeutumisen maahan, mik\u00e4 mahdollistaa hallitut kaivuuty\u00f6t. Puomisylinterin tarjoama tarkkuus parantaa rakennust\u00f6iden kokonaistehokkuutta, jolloin k\u00e4ytt\u00e4j\u00e4t voivat saada enemm\u00e4n aikaan lyhyemm\u00e4ss\u00e4 ajassa.<\/p>\n<h3>Maatalouskoneet<\/h3>\n<p>Etukuormaajissa puomin sylinteri on v\u00e4ltt\u00e4m\u00e4t\u00f6n maaper\u00e4n, hein\u00e4n ja muiden materiaalien kaivamiseen, nostamiseen ja kuljettamiseen. Koska n\u00e4m\u00e4 sylinterit pystyv\u00e4t k\u00e4sittelem\u00e4\u00e4n raskaita kuormia tehokkaasti, ne lis\u00e4\u00e4v\u00e4t tuottavuutta ja helpottavat erilaisia \u200b\u200bmaatalousteht\u00e4vi\u00e4 maanmuokkauksesta rehuaineiden k\u00e4sittelyyn.<\/p>\n<h3>Kaivinkoneet<\/h3>\n<p>Kaivinkoneissa puomin sylinteri on ratkaisevan t\u00e4rke\u00e4, jotta kauha p\u00e4\u00e4see tunkeutumaan maaper\u00e4\u00e4n ja mahdollistaa tehokkaan kaivuty\u00f6n. T\u00e4m\u00e4 ominaisuus on v\u00e4ltt\u00e4m\u00e4t\u00f6n rakennus-, maisemointi- ja kaivosprojekteissa, joissa tarvitaan tarkkaa kaivua perustusten luomiseksi tai maan raivaamiseksi.<\/p>\n<h3>Kuormaajat<\/h3>\n<p>Etukuormaajissa puomisylinterit auttavat materiaalien tehokkaassa nostamisessa ja tyhjent\u00e4misess\u00e4. Niiden toiminnan tehokkuus varmistaa, ett\u00e4 kuormia k\u00e4sitell\u00e4\u00e4n tarkasti, mik\u00e4 on elint\u00e4rke\u00e4\u00e4 ty\u00f6maan valmistelussa, materiaalien kuljetuksessa ja muissa nostokyky\u00e4 vaativissa teht\u00e4viss\u00e4.<\/p>\n<h2>Suunnittelun\u00e4k\u00f6kohdat ja valintakriteerit<\/h2>\n<h3>Kantavuus<\/h3>\n<p>Puomisylinteri\u00e4 valittaessa yksi t\u00e4rkeimmist\u00e4 huomioista on sen kuormituskapasiteetti. Sylinterin on kyett\u00e4v\u00e4 k\u00e4sittelem\u00e4\u00e4n k\u00e4yt\u00f6n aikana odotettavissa oleva enimm\u00e4iskuorma vaarantamatta rakenteellista eheytt\u00e4. Odotettuun ty\u00f6kuormaan perustuvat asianmukaiset laskelmat varmistavat, ett\u00e4 sylinteri toimii turvallisesti ja tehokkaasti rasituksen alla.<\/p>\n<h3>Tiivistys ja kest\u00e4vyys<\/h3>\n<p>Tiivistysmekanismi on ratkaisevan t\u00e4rke\u00e4 vuotojen est\u00e4miseksi ja optimaalisen hydraulisen paineen yll\u00e4pit\u00e4miseksi. Kest\u00e4vist\u00e4 materiaaleista, kuten polyuretaanista tai nitriilikumista, valmistetut korkealaatuiset tiivisteet pident\u00e4v\u00e4t sylinterin k\u00e4ytt\u00f6ik\u00e4\u00e4. Lis\u00e4ksi sylinterin rungon kest\u00e4vyys on olennaista, jotta se kest\u00e4\u00e4 ankaria k\u00e4ytt\u00f6olosuhteita, kuten altistumista lialle, kosteudelle ja \u00e4\u00e4rimm\u00e4isille l\u00e4mp\u00f6tiloille.<\/p>\n<h3>Turvallisuus<\/h3>\n<p>Puomin sylinterin suunnitteluun on integroitava turvaominaisuuksia sek\u00e4 koneen ett\u00e4 k\u00e4ytt\u00e4j\u00e4n suojaamiseksi. N\u00e4ihin kuuluvat paineenalennusventtiilit ylipaineen est\u00e4miseksi ja turvalukitusmekanismit, jotka lukitsevat kauhan, kun sit\u00e4 ei k\u00e4ytet\u00e4. Turvallisuusstandardien noudattaminen on elint\u00e4rke\u00e4\u00e4 raskaiden koneiden turvallisen k\u00e4yt\u00f6n kannalta.<\/p>\n<h3>Huolton\u00e4k\u00f6kohdat<\/h3>\n<p>Helppo huolto on toinen kriittinen tekij\u00e4 puomisylinterien suunnittelussa. Suunnitteluominaisuudet, jotka mahdollistavat helpon p\u00e4\u00e4syn tarkastusta, voitelua ja korjausta varten, voivat minimoida seisokkiajat ja pident\u00e4\u00e4 hydraulij\u00e4rjestelm\u00e4n k\u00e4ytt\u00f6ik\u00e4\u00e4. Huoltoyst\u00e4v\u00e4lliset rakenteet edist\u00e4v\u00e4t laitteiden yleist\u00e4 luotettavuutta ja suorituskyky\u00e4.<\/p>\n<p><img decoding=\"async\" src=\"https:\/\/www.hydraulic-cylinders.net\/wp-content\/uploads\/2025\/04\/songte-oil-pipes-and-spare-parts.webp\" alt=\"Hydraulisylinterin komponentit\" \/><\/p>\n<h2>Tiivistys ja voitelu<\/h2>\n<p>Puomisylinterin tehokkuus riippuu pitk\u00e4lti sen tiivistys- ja voiteluj\u00e4rjestelmist\u00e4. Korkealaatuiset tiivisteet, kuten m\u00e4nn\u00e4ntiivisteet ja varren tiivisteet, ovat v\u00e4ltt\u00e4m\u00e4tt\u00f6mi\u00e4 hydraulisen paineen yll\u00e4pit\u00e4miseksi ja vuotojen est\u00e4miseksi. Kulutusta kest\u00e4vist\u00e4 materiaaleista, kuten polyuretaanista ja nitriilikumista, valmistetut tiivisteet varmistavat pitk\u00e4n k\u00e4ytt\u00f6i\u00e4n ja luotettavuuden.<\/p>\n<p>Lis\u00e4ksi sylinterin runko ja kierteitetyt p\u00e4\u00e4t koneistetaan tarkasti niiden kulutuskest\u00e4vyyden parantamiseksi. S\u00e4\u00e4nn\u00f6llinen voitelu sopivalla hydrauliikka\u00f6ljyll\u00e4 on v\u00e4ltt\u00e4m\u00e4t\u00f6nt\u00e4 sujuvan toiminnan varmistamiseksi ja kulumisen est\u00e4miseksi, mik\u00e4 maksimoi puomisylinterin k\u00e4ytt\u00f6i\u00e4n. On suositeltavaa noudattaa tiettyj\u00e4 voiteluaikatauluja optimaalisen suorituskyvyn yll\u00e4pit\u00e4miseksi.<\/p>\n<h2>S\u00e4\u00e4nn\u00f6lliset tarkastukset ja ennaltaehk\u00e4isev\u00e4t huoltotoimenpiteet<\/h2>\n<ul>\n<li>\n<h3>S\u00e4\u00e4nn\u00f6lliset tarkastukset<\/h3>\n<p>Puomin sylinterin rutiinitarkastukset ovat ratkaisevan t\u00e4rkeit\u00e4 mahdollisten ongelmien tunnistamiseksi ennen niiden pahenemista. S\u00e4\u00e4nn\u00f6llisiin tarkastuksiin tulisi sis\u00e4lty\u00e4 vuotojen, kulumisen ja repe\u00e4mien silm\u00e4m\u00e4\u00e4r\u00e4inen arviointi sek\u00e4 toiminnalliset testit sylinterin moitteettoman toiminnan varmistamiseksi.<\/p>\n<\/li>\n<li>\n<h3>Oikea voitelu<\/h3>\n<p>Hydraulisylinterin riitt\u00e4v\u00e4 voitelu on olennaista sen pitk\u00e4n k\u00e4ytt\u00f6i\u00e4n kannalta. K\u00e4ytt\u00e4jien tulee noudattaa voiteluaikataulua, johon kuuluu hyv\u00e4ksyttyjen hydrauli\u00f6ljyjen k\u00e4ytt\u00f6 suorituskyvyn yll\u00e4pit\u00e4miseksi ja kitkan v\u00e4hent\u00e4miseksi, joka voi johtaa ennenaikaiseen kulumiseen.<\/p>\n<\/li>\n<li>\n<h3>Tiivisteen vaihto<\/h3>\n<p>Ajan my\u00f6t\u00e4 tiivisteet voivat heikenty\u00e4 ja ne on vaihdettava. Tiivisteiden eheyden s\u00e4\u00e4nn\u00f6llinen valvonta voi est\u00e4\u00e4 hydraulinestevuodot ja yll\u00e4pit\u00e4\u00e4 sylinterin optimaalista suorituskyky\u00e4. On t\u00e4rke\u00e4\u00e4 laatia vaihtoaikataulu k\u00e4ytt\u00f6ymp\u00e4rist\u00f6n ja k\u00e4ytt\u00f6tiheyden perusteella.<\/p>\n<\/li>\n<\/ul>\n<p><img decoding=\"async\" src=\"https:\/\/www.hydraulic-cylinders.net\/wp-content\/uploads\/2025\/04\/songte-chushion-collar.webp\" alt=\"Sylinterin asennus\" \/><\/p>\n<h2>Turvallisuusn\u00e4k\u00f6kohdat ja ymp\u00e4rist\u00f6tekij\u00e4t<\/h2>\n<p>Turvatoimenpiteet ovat ensiarvoisen t\u00e4rkeit\u00e4 puomisylintereit\u00e4 k\u00e4ytett\u00e4ess\u00e4 erilaisissa sovelluksissa. K\u00e4ytt\u00e4j\u00e4n on aina noudatettava turvallisuusohjeita ja varmistettava, ett\u00e4 kaikki komponentit tarkastetaan ja huolletaan s\u00e4\u00e4nn\u00f6llisesti. Turvallisuusprotokollien toteuttaminen v\u00e4hent\u00e4\u00e4 laitteiden vikaantumiseen ja k\u00e4ytt\u00e4j\u00e4n loukkaantumiseen liittyvi\u00e4 riskej\u00e4. Lis\u00e4ksi ymp\u00e4rist\u00f6tekij\u00f6iden, kuten kemikaaleille altistumisen tai \u00e4\u00e4rimm\u00e4isten s\u00e4\u00e4olosuhteiden, huomioon ottaminen on ratkaisevan t\u00e4rke\u00e4\u00e4 sylinterin eheyden ja suorituskyvyn yll\u00e4pit\u00e4miseksi.<\/p>\n<h2>Vianm\u00e4\u00e4ritys ja yleiset ongelmat<\/h2>\n<ul>\n<li>\n<h3>Hydrauliset vuodot<\/h3>\n<p>Hydraulivuotoja voi esiinty\u00e4 kuluneiden tiivisteiden tai vaurioituneiden komponenttien vuoksi. Vuodon l\u00e4hteen tunnistaminen on t\u00e4rke\u00e4\u00e4, koska se voi johtaa hydraulisen paineen menetykseen ja tehottomaan toimintaan. S\u00e4\u00e4nn\u00f6lliset tarkastukset voivat auttaa havaitsemaan vuodot varhaisessa vaiheessa.<\/p>\n<\/li>\n<li>\n<h3>Ep\u00e4johdonmukainen suorituskyky<\/h3>\n<p>Jos puomin sylinteri liikkuu ep\u00e4s\u00e4\u00e4nn\u00f6llisesti tai paine on ep\u00e4tasainen, se voi viitata hydraulij\u00e4rjestelm\u00e4\u00e4n j\u00e4\u00e4neeseen ilmaan, alhaisiin nestetasoihin tai likaantumiseen. J\u00e4rjestelm\u00e4n ilmaaminen tai nestetasojen tarkistaminen voi usein ratkaista n\u00e4m\u00e4 ongelmat.<\/p>\n<\/li>\n<li>\n<h3>Tiivistysviat<\/h3>\n<p>Vialliset tiivisteet voivat aiheuttaa merkitt\u00e4vi\u00e4 suorituskykyongelmia. Tiivisteiden s\u00e4\u00e4nn\u00f6llinen valvonta ja oikea-aikainen vaihto voivat est\u00e4\u00e4 hydraulinesteen h\u00e4vikin ja varmistaa j\u00e4rjestelm\u00e4n tehokkaan toiminnan.<\/p>\n<\/li>\n<\/ul>\n<p>N\u00e4iden yleisten ongelmien vianm\u00e4\u00e4ritys voi pident\u00e4\u00e4 merkitt\u00e4v\u00e4sti puomisylinterin k\u00e4ytt\u00f6ik\u00e4\u00e4. Ennaltaehk\u00e4isev\u00e4t toimenpiteet, kuten s\u00e4\u00e4nn\u00f6llinen huolto ja tarkastukset, voivat minimoida mahdolliset ongelmat ja varmistaa sujuvan toiminnan.<\/p>\n<p><img decoding=\"async\" src=\"https:\/\/www.hydraulic-cylinders.net\/wp-content\/uploads\/2025\/04\/songte-bushings-with-all-kinds-of-excavator-models.webp\" alt=\"Sylinterin holkki\" \/><\/p>\n<h2>Tietoa yrityksest\u00e4mme<\/h2>\n<p>Olemme hydraulisylinterien tuotantoon erikoistuneita valmistajia, ja tarjoamme laajan tuotevalikoiman, joka on tehnyt meist\u00e4 johtavan toimittajan sek\u00e4 kotimaisilla ett\u00e4 kansainv\u00e4lisill\u00e4 markkinoilla. Sitoutumisemme huippuosaamiseen ja tarkkaan valmistusstrategiaan mahdollistavat tuotantokapasiteettimme jatkuvan parantamisen.<\/p>\n<p>Keskittyen laatuun, hy\u00f6dynn\u00e4mme ammattitaitoisia teknikkoja, edistyneit\u00e4 digitaalisia valmistuslaitteita ja ammattimaisia \u200b\u200btestausj\u00e4rjestelmi\u00e4 tuotantoalustamme parantamiseksi. Vahvat luovat kykymme mahdollistavat monipuolisten asiakkaiden tarpeiden t\u00e4ytt\u00e4misen tehokkaasti, tarkasti ja laadukkaasti.<\/p>\n<p><img decoding=\"async\" src=\"https:\/\/www.hydraulic-cylinders.net\/wp-content\/uploads\/2025\/04\/songte-company-4.webp\" alt=\"Yritysvalmistus\" \/><br \/>\n<img decoding=\"async\" src=\"https:\/\/www.hydraulic-cylinders.net\/wp-content\/uploads\/2025\/04\/songte-company-3.webp\" alt=\"Yrityksen yleiskatsaus\" \/><\/p>\n<h3>Asiantuntemuksemme<\/h3>\n<ul>\n<li>\n<h3>Ammattimaisuus<\/h3>\n<p>Tiimimme koostuu hydrauliikkaj\u00e4rjestelmien asiantuntijoista, mik\u00e4 varmistaa, ett\u00e4 tuotteemme t\u00e4ytt\u00e4v\u00e4t alan korkeimmat standardit.<\/p>\n<\/li>\n<li>\n<h3>Kansainv\u00e4liset sertifikaatit<\/h3>\n<p>Meill\u00e4 on useita kansainv\u00e4lisi\u00e4 sertifikaatteja, jotka vahvistavat sitoutumisemme laatuun ja turvallisuuteen valmistuksessa.<\/p>\n<\/li>\n<li>\n<h3>Mukautetut palvelut<\/h3>\n<p>Tarjoamme r\u00e4\u00e4t\u00e4l\u00f6ityj\u00e4 ratkaisuja asiakkaiden erityistarpeisiin varmistaen optimaalisen suorituskyvyn erilaisissa sovelluksissa.<\/p>\n<\/li>\n<li>\n<h3>Edistyneet tuotantolaitteet<\/h3>\n<p>Huippumodernit tuotantolaitoksemme hy\u00f6dynt\u00e4v\u00e4t huipputeknologiaa korkealaatuisten hydraulisylintereiden valmistukseen.<\/p>\n<\/li>\n<li>\n<h3>Myynnin j\u00e4lkeinen tuki<\/h3>\n<p>Tarjoamme kattavia j\u00e4lkimarkkinointipalveluita, mukaan lukien tukea ja yll\u00e4pitoa, asiakastyytyv\u00e4isyyden varmistamiseksi.<\/p>\n<\/li>\n<\/ul>\n<p>Kirjoittaja: lyl<\/p>","protected":false},"excerpt":{"rendered":"<p>Boom Cylinder For Xinyuan Crawler Excavator XY60-8 Product Overview The Boom Cylinder for the Xinyuan Crawler Excavator XY60-8 is a crucial component in hydraulic systems designed for heavy machinery. This hydraulic cylinder is specifically engineered to control the movement of the bucket in various heavy-duty equipment, such as excavators, backhoe loaders, and front loaders. By [&hellip;]<\/p>","protected":false},"featured_media":17872,"comment_status":"open","ping_status":"closed","template":"","meta":{"_et_pb_use_builder":"","_et_pb_old_content":"","_et_gb_content_width":""},"product_brand":[],"product_cat":[1546],"product_tag":[1547,1496],"class_list":{"0":"post-19594","1":"product","2":"type-product","3":"status-publish","4":"has-post-thumbnail","6":"product_cat-boom-cylinders","7":"product_tag-boom-cylinders","8":"product_tag-hydraulic-cylinders","10":"first","11":"instock","12":"shipping-taxable","13":"product-type-simple"},"amp_enabled":true,"_links":{"self":[{"href":"https:\/\/www.hydraulic-cylinders.net\/fi\/wp-json\/wp\/v2\/product\/19594","targetHints":{"allow":["GET"]}}],"collection":[{"href":"https:\/\/www.hydraulic-cylinders.net\/fi\/wp-json\/wp\/v2\/product"}],"about":[{"href":"https:\/\/www.hydraulic-cylinders.net\/fi\/wp-json\/wp\/v2\/types\/product"}],"replies":[{"embeddable":true,"href":"https:\/\/www.hydraulic-cylinders.net\/fi\/wp-json\/wp\/v2\/comments?post=19594"}],"wp:featuredmedia":[{"embeddable":true,"href":"https:\/\/www.hydraulic-cylinders.net\/fi\/wp-json\/wp\/v2\/media\/17872"}],"wp:attachment":[{"href":"https:\/\/www.hydraulic-cylinders.net\/fi\/wp-json\/wp\/v2\/media?parent=19594"}],"wp:term":[{"taxonomy":"product_brand","embeddable":true,"href":"https:\/\/www.hydraulic-cylinders.net\/fi\/wp-json\/wp\/v2\/product_brand?post=19594"},{"taxonomy":"product_cat","embeddable":true,"href":"https:\/\/www.hydraulic-cylinders.net\/fi\/wp-json\/wp\/v2\/product_cat?post=19594"},{"taxonomy":"product_tag","embeddable":true,"href":"https:\/\/www.hydraulic-cylinders.net\/fi\/wp-json\/wp\/v2\/product_tag?post=19594"}],"curies":[{"name":"wp","href":"https:\/\/api.w.org\/{rel}","templated":true}]}}