{"id":19595,"date":"2025-04-07T06:56:28","date_gmt":"2025-04-07T06:56:28","guid":{"rendered":"https:\/\/www.hydraulic-cylinders.net\/product\/boom-cylinder-for-xinyuan-crawler-excavator-xy90\/"},"modified":"2025-04-07T06:56:30","modified_gmt":"2025-04-07T06:56:30","slug":"boom-cylinder-for-xinyuan-crawler-excavator-xy90","status":"publish","type":"product","link":"https:\/\/www.hydraulic-cylinders.net\/fi\/tuote\/boom-cylinder-for-xinyuan-crawler-excavator-xy90\/","title":{"rendered":"Xinyuan-telakaivukoneen XY90 puomin sylinteri"},"content":{"rendered":"<h1>Xinyuan-telakaivukoneen XY90 puomin sylinteri<\/h1>\n<h2>Tuotteen yleiskatsaus<\/h2>\n<p>Xinyuan-tela-alustaisen kaivinkoneen XY90 puomin sylinteri on t\u00e4rke\u00e4 komponentti, joka on suunniteltu parantamaan raskaiden koneiden toiminnan tehokkuutta. N\u00e4m\u00e4 sylinterit on erityisesti suunniteltu ohjaamaan erilaisten lis\u00e4laitteiden, kuten kauhojen, liikett\u00e4 kaivinkoneissa, kaivurikuormaajissa ja etukuormaajissa. Mahdollistamalla puomin nostamisen, laskemisen ja kallistumisen n\u00e4m\u00e4 sylinterit helpottavat materiaalink\u00e4sittelyteht\u00e4vi\u00e4 tehokkaasti.<\/p>\n<p><img decoding=\"async\" src=\"https:\/\/www.hydraulic-cylinders.net\/wp-content\/uploads\/2025\/04\/songte-company-1.webp\" alt=\"Kaivinkoneen puomin sylinteri\" \/><\/p>\n<h3>Kauhasylinterien ymm\u00e4rt\u00e4minen<\/h3>\n<p>Kauhasylinterit ovat hydraulisylintereit\u00e4, joilla on ratkaiseva rooli rakennuskoneiden hydraulij\u00e4rjestelmiss\u00e4. Ne mahdollistavat kauhan tarkan liikkeen, jolloin k\u00e4ytt\u00e4j\u00e4t voivat kaivaa, nostaa ja kuljettaa materiaaleja helposti. Kest\u00e4vist\u00e4 materiaaleista valmistetut sylinterit varmistavat luotettavuuden ja tehokkuuden vaativissa olosuhteissa, mik\u00e4 tekee niist\u00e4 v\u00e4ltt\u00e4m\u00e4tt\u00f6mi\u00e4 kaikissa kaivut\u00f6iss\u00e4.<\/p>\n<h2>Puomin sylinterin ominaisuudet<\/h2>\n<ul>\n<li><strong>Korkea lujuus ja kest\u00e4vyys:<\/strong> N\u00e4m\u00e4 erikoislujuuster\u00e4ksest\u00e4 tai alumiinista valmistetut sylinterit kest\u00e4v\u00e4t korkeaa painetta ja raskaita kuormia. Ne on suunniteltu toimimaan erinomaisesti vaativissa olosuhteissa ja samalla ne ovat kulutus- ja korroosiosuojattuja pitk\u00e4n k\u00e4ytt\u00f6i\u00e4n takaamiseksi.<\/li>\n<li><strong>Tehokas hydraulinen k\u00e4ytt\u00f6:<\/strong> Hydraulisen \u00f6ljynpaineen ansiosta puomin sylinteri reagoi nopeasti ohjauskomentoihin ja tuottaa huomattavaa ty\u00f6nt\u00f6- ja vetovoimaa, mik\u00e4 sopii erinomaisesti raskaisiin nostoihin ja monimutkaisiin teht\u00e4viin.<\/li>\n<li><strong>Erilaisia \u200b\u200btyyppej\u00e4:<\/strong> Vaihtoehtoja ovat yksitoimiset sylinterit (hydrauliikan tehoa yhteen suuntaan) tai kaksitoimiset sylinterit (hydrauliikan tehoa molempiin suuntiin) erilaisten k\u00e4ytt\u00f6tarpeiden t\u00e4ytt\u00e4miseksi. Jotkut mallit ovat teleskooppisia, mik\u00e4 mahdollistaa suuremman jatkeen ilman ulkomittojen kasvua, mik\u00e4 sopii t\u00e4ydellisesti tilarajoitteisiin sovelluksiin.<\/li>\n<\/ul>\n<p>Valmistamme korkealaatuisia puomisylintereit\u00e4, jotka korvaavat t\u00e4ydellisesti olemassa olevat hydraulisylinterit varmistaen saumattoman integroinnin ja suorituskyvyn.<\/p>\n<p><img decoding=\"async\" src=\"https:\/\/www.hydraulic-cylinders.net\/wp-content\/uploads\/2025\/04\/songte-cylinder-head-with-all-kinds-excavator-models.webp\" alt=\"Hydraulisylinterin vaihto\" \/><\/p>\n<h2>Puomisylinterin sovellukset<\/h2>\n<h3>Rakennuslaitteet<\/h3>\n<p>Kaivinkoneissa puomin sylinteri on v\u00e4ltt\u00e4m\u00e4t\u00f6n kaivamiseen, lastaamiseen ja maaper\u00e4n tai roskien siirt\u00e4miseen. Ne mahdollistavat k\u00e4ytt\u00e4jien teht\u00e4vien tehokkaan suorittamisen, olipa kyseess\u00e4 sitten ojitus tai ty\u00f6maan valmistelu.<\/p>\n<h3>Maatalouskoneet<\/h3>\n<p>Etukuormaajissa puomin sylinterit auttavat maaper\u00e4n, hein\u00e4n ja muiden materiaalien kauhaamisessa, nostamisessa ja kuljettamisessa, ja niill\u00e4 on keskeinen rooli maatilojen tuottavuuden parantamisessa.<\/p>\n<h3>Kaivinkoneet<\/h3>\n<p>Kauhasylinterin ansiosta kaivinkoneen kauha tunkeutuu tehokkaasti maaper\u00e4\u00e4n, mik\u00e4 tekee kaivut\u00f6ist\u00e4 sujuvampia ja tehokkaampia.<\/p>\n<h3>Kuormaajat<\/h3>\n<p>Etukuormaajissa puomin sylinterit helpottavat kuormien nostamista ja tyhjent\u00e4mist\u00e4, mik\u00e4 varmistaa tehokkaan materiaalink\u00e4sittelyn ja toiminnan tehokkuuden.<\/p>\n<h2>Suunnittelun\u00e4k\u00f6kohdat ja valintakriteerit<\/h2>\n<h3>Kantavuus<\/h3>\n<p>Puomisylinterin valinta vaatii huolellista harkintaa sen kuormituskyvyn suhteen. Sen on vastattava kaivinkoneen k\u00e4ytt\u00f6vaatimuksia turvallisen ja tehokkaan suorituskyvyn varmistamiseksi. Kuormituskyvyn m\u00e4\u00e4r\u00e4\u00e4v\u00e4t sylinterin halkaisija ja materiaali sek\u00e4 sen suunnittelutiedot.<\/p>\n<h3>Tiivistys<\/h3>\n<p>Tehokas tiivistys on ratkaisevan t\u00e4rke\u00e4\u00e4 hydraulisylintereille, sill\u00e4 se est\u00e4\u00e4 vuodot ja yll\u00e4pit\u00e4\u00e4 painetta. Korkealaatuiset tiivisteet, jotka on valmistettu esimerkiksi polyuretaanista tai nitriilikumista, ovat v\u00e4ltt\u00e4m\u00e4tt\u00f6mi\u00e4 pitk\u00e4ik\u00e4isyyden ja suorituskyvyn varmistamiseksi, sill\u00e4 ne kest\u00e4v\u00e4t ankaria olosuhteita ja kulumista.<\/p>\n<h3>Kest\u00e4vyys<\/h3>\n<p>Kest\u00e4vyys on keskeinen tekij\u00e4 hydraulisylintereiden suunnittelussa. Niiden on kestett\u00e4v\u00e4 paitsi k\u00e4ytt\u00f6kuormitukset my\u00f6s ymp\u00e4rist\u00f6olosuhteet, kuten l\u00e4mp\u00f6tilan vaihtelut ja altistuminen ep\u00e4puhtauksille. Oikeat materiaalit ja suojapinnoitteet voivat parantaa kest\u00e4vyytt\u00e4 merkitt\u00e4v\u00e4sti.<\/p>\n<h3>Turvallisuus<\/h3>\n<p>Puomisylinterien suunnittelussa on t\u00e4rke\u00e4\u00e4 ottaa huomioon turvaominaisuudet. N\u00e4ihin kuuluvat ylipaineistuksen est\u00e4miseen tarkoitetut varoventtiilit ja mekanismit, jotka varmistavat vakauden k\u00e4yt\u00f6n aikana. Asianmukaiset turvallisuusn\u00e4k\u00f6kohdat v\u00e4hent\u00e4v\u00e4t onnettomuuksien ja laitevikojen riski\u00e4.<\/p>\n<h3>Yll\u00e4pidett\u00e4vyys<\/h3>\n<p>Huollettavuuden huomioiva suunnittelu varmistaa, ett\u00e4 sylinterit ovat helposti huollettavissa. T\u00e4h\u00e4n sis\u00e4ltyy tarkastusten ja voitelukohtien helppo saatavuus sek\u00e4 tiivisteiden ja muiden komponenttien vaihto ilman merkitt\u00e4v\u00e4\u00e4 seisokkiaikaa.<\/p>\n<p><img decoding=\"async\" src=\"https:\/\/www.hydraulic-cylinders.net\/wp-content\/uploads\/2025\/04\/songte-oil-pipes-and-spare-parts.webp\" alt=\"Hydraulisylinterin osat\" \/><\/p>\n<h2>Tiivistys ja voitelu<\/h2>\n<p>Hydraulisylintereiss\u00e4 k\u00e4ytet\u00e4\u00e4n erilaisia \u200b\u200btiivistysmenetelmi\u00e4 paineen yll\u00e4pit\u00e4miseksi ja nestevuotojen est\u00e4miseksi. T\u00e4ss\u00e4 prosessissa on ratkaisevassa roolissa komponentteja, kuten m\u00e4nn\u00e4ntiivisteit\u00e4 ja varren tiivisteit\u00e4. Kest\u00e4vist\u00e4 materiaaleista, kuten polyuretaanista ja nitriilikumista, valmistetut tiivisteet varmistavat pitk\u00e4n k\u00e4ytt\u00f6i\u00e4n ja tehokkaan tiivistyksen paineen alla. Lis\u00e4ksi sylinterin rungon ja kierteitettyjen p\u00e4iden pinta on hienosti k\u00e4sitelty kulutuskest\u00e4vyyden parantamiseksi.<\/p>\n<p>S\u00e4\u00e4nn\u00f6llinen voitelu on v\u00e4ltt\u00e4m\u00e4t\u00f6nt\u00e4 optimaalisen suorituskyvyn saavuttamiseksi. Hydrauli\u00f6ljy\u00e4 on lis\u00e4tt\u00e4v\u00e4 s\u00e4\u00e4nn\u00f6llisesti, jotta sis\u00e4iset komponentit pysyv\u00e4t voideltuina, kuluminen estyy ja sujuva toiminta varmistetaan. Oikea voitelu v\u00e4hent\u00e4\u00e4 my\u00f6s kitkaa, mik\u00e4 parantaa hydraulij\u00e4rjestelm\u00e4n tehokkuutta ja k\u00e4ytt\u00f6ik\u00e4\u00e4.<\/p>\n<h2>Ennaltaehk\u00e4isev\u00e4t huoltotoimenpiteet<\/h2>\n<ul>\n<li><strong>S\u00e4\u00e4nn\u00f6lliset tarkastukset:<\/strong> Hydraulij\u00e4rjestelm\u00e4n rutiinitarkastusten suorittaminen auttaa tunnistamaan mahdolliset ongelmat varhaisessa vaiheessa. Tarkista vuodot, kuluminen ja sylinterin asianmukainen toiminta.<\/li>\n<li><strong>Oikea voitelu:<\/strong> Ensure that the cylinders are adequately lubricated according to the manufacturer&#8217;s recommendations. This helps minimize wear and tear on the internal components.<\/li>\n<li><strong>Tiivisteen vaihto:<\/strong> Tarkista tiivisteet s\u00e4\u00e4nn\u00f6llisesti kulumisen tai vaurioiden varalta. Nopea vaihto voi est\u00e4\u00e4 vuotoja ja yll\u00e4pit\u00e4\u00e4 j\u00e4rjestelm\u00e4n tehokkuutta.<\/li>\n<\/ul>\n<h2>Asennusohjeet<\/h2>\n<p>Puomisylinterin oikea asennus on ratkaisevan t\u00e4rke\u00e4\u00e4 optimaalisen suorituskyvyn saavuttamiseksi. Aloita varmistamalla, ett\u00e4 kiinnityspinnat ovat puhtaat ja roskattomat. Kohdista sylinteri oikein laitteen kanssa v\u00e4ltt\u00e4\u00e4ksesi virheelliset kohdistusongelmat, jotka voivat johtaa ennenaikaiseen kulumiseen tai rikkoutumiseen.<\/p>\n<p>Kiinnit\u00e4 sylinteri paikalleen k\u00e4ytt\u00e4m\u00e4ll\u00e4 sopivia kiinnityskorvakkeita. Varmista, ett\u00e4 hydrauliikkaletkut on kytketty oikein ja ett\u00e4 kaikki liittimet ovat tiukasti kiinni. Asennuksen j\u00e4lkeen tarkista huolellisesti, ett\u00e4 sylinteri toimii sujuvasti ilman esteit\u00e4 tai vuotoja.<\/p>\n<h2>Yleiset huoltoteht\u00e4v\u00e4t<\/h2>\n<ul>\n<li><strong>S\u00e4\u00e4nn\u00f6lliset tarkastukset:<\/strong> S\u00e4\u00e4nn\u00f6lliset tarkastukset auttavat havaitsemaan ongelmat ennen kuin ne pahenevat. Etsi kulumisen merkkej\u00e4 ja vuotoja ja varmista, ett\u00e4 kaikki komponentit toimivat oikein.<\/li>\n<li><strong>Oikea voitelu:<\/strong> Noudata voiteluaikatauluja varmistaaksesi sujuvan toiminnan ja est\u00e4\u00e4ksesi ennenaikaisen kulumisen. K\u00e4yt\u00e4 suositeltua hydrauliikka\u00f6ljy\u00e4 ja noudata t\u00e4ytt\u00f6v\u00e4lej\u00e4 koskevia ohjeita.<\/li>\n<li><strong>Tiivisteen vaihto:<\/strong> Tarkkaile tiivisteiden kulumista ja vaihda ne tarvittaessa. T\u00e4m\u00e4 on ratkaisevan t\u00e4rke\u00e4\u00e4 hydraulij\u00e4rjestelm\u00e4n eheyden yll\u00e4pit\u00e4miseksi ja vuotojen v\u00e4ltt\u00e4miseksi.<\/li>\n<\/ul>\n<p>Proper alignment during installation is essential to prevent undue stress on the cylinder. Utilize appropriate mounts to secure the cylinder, ensuring it operates within its design specifications. Regular checks for alignment and calibration will prolong the cylinder&#8217;s life.<\/p>\n<p><img decoding=\"async\" src=\"https:\/\/www.hydraulic-cylinders.net\/wp-content\/uploads\/2025\/04\/songte-chushion-collar.webp\" alt=\"Tyynykaulus\" \/><\/p>\n<h2>Turvallisuusn\u00e4k\u00f6kohdat ja ymp\u00e4rist\u00f6tekij\u00e4t<\/h2>\n<p>Hydraulisylinterien kanssa ty\u00f6skennelt\u00e4ess\u00e4 on t\u00e4rke\u00e4\u00e4 ymm\u00e4rt\u00e4\u00e4 turvatoimenpiteet. K\u00e4ytt\u00e4jien on aina k\u00e4ytett\u00e4v\u00e4 asianmukaisia \u200b\u200bhenkil\u00f6nsuojaimia ja varmistettava, ett\u00e4 kaikkia turvallisuusprotokollia noudatetaan. Asianmukainen koulutus hydraulisten j\u00e4rjestelmien k\u00e4ytt\u00f6\u00f6n v\u00e4hent\u00e4\u00e4 onnettomuusriski\u00e4 ja parantaa ty\u00f6paikan yleist\u00e4 turvallisuutta.<\/p>\n<h2>Vianm\u00e4\u00e4ritys ja yleiset ongelmat<\/h2>\n<ul>\n<li><strong>Vuoto:<\/strong> Yksi yleisimmist\u00e4 ongelmista on hydraulinesteen vuoto, joka voi johtua kuluneista tiivisteist\u00e4 tai vaurioituneista liitoksista. S\u00e4\u00e4nn\u00f6lliset tarkastukset auttavat tunnistamaan ja korjaamaan n\u00e4m\u00e4 ongelmat varhaisessa vaiheessa.<\/li>\n<li><strong>Hidas vaste:<\/strong> Jos sylinteri reagoi hitaasti, se voi viitata hydraulij\u00e4rjestelm\u00e4n ongelmaan, kuten alhaiseen nestetasoon tai toimintah\u00e4iri\u00f6iseen pumppuun.<\/li>\n<li><strong>Liiallinen kuluminen:<\/strong> Ep\u00e4tavalliset kulumiskuviot voivat viitata linjausvirheeseen, virheelliseen voiteluun tai liialliseen kuormitukseen. S\u00e4\u00e4nn\u00f6llinen huolto auttaa seuraamaan ja s\u00e4\u00e4t\u00e4m\u00e4\u00e4n n\u00e4it\u00e4 tekij\u00f6it\u00e4.<\/li>\n<\/ul>\n<h2>Vianm\u00e4\u00e4ritysvinkkej\u00e4<\/h2>\n<p>Hydrauliongelmien tehokkaaksi diagnosoimiseksi ja ratkaisemiseksi aloita tarkistamalla nestetasot ja tutkimalla vuodot. Varmista, ett\u00e4 kaikki liitokset ovat tiukat ja ett\u00e4 tiivisteet ovat hyv\u00e4ss\u00e4 kunnossa. S\u00e4\u00e4nn\u00f6lliset huoltotoimenpiteet voivat v\u00e4hent\u00e4\u00e4 n\u00e4iden ongelmien esiintymist\u00e4 merkitt\u00e4v\u00e4sti.<\/p>\n<p>Ennaltaehk\u00e4isevien toimenpiteiden, kuten huolto-ohjelmien noudattamisen ja kuluneiden osien vaihtamisen, toteuttaminen auttaa minimoimaan mahdolliset ongelmat ja pident\u00e4\u00e4 hydraulij\u00e4rjestelm\u00e4n k\u00e4ytt\u00f6ik\u00e4\u00e4.<\/p>\n<p><img decoding=\"async\" src=\"https:\/\/www.hydraulic-cylinders.net\/wp-content\/uploads\/2025\/04\/songte-bushings-with-all-kinds-of-excavator-models.webp\" alt=\"Kaivinkonemallit\" \/><\/p>\n<h2>Yrityksen yleiskatsaus<\/h2>\n<p>Olemme johtava hydraulisylintereiden valmistaja ja tukkumyyj\u00e4, joka on erikoistunut korkealaatuisiin varaosiin. Kattava tuotevalikoimamme on tehnyt meist\u00e4 keskeisen toimijan sek\u00e4 kotimaisilla ett\u00e4 kansainv\u00e4lisill\u00e4 markkinoilla. Noudatamme erinomaisuuden strategiaa ja k\u00e4yt\u00e4mme hienostuneita valmistusprosesseja ja huipputeknologiaa tuotantokapasiteettimme parantamiseksi.<\/p>\n<p>Laatuun keskittymist\u00e4mme tukee ammattitaitoisten ammattilaisten tiimi, joka on omistautunut jatkuvalle parantamiselle. Tarjoamme r\u00e4\u00e4t\u00e4l\u00f6ityj\u00e4 palveluita vastaamaan asiakkaidemme monipuolisiin tarpeisiin varmistaen, ett\u00e4 toimitamme tehokkaita ratkaisuja, jotka on r\u00e4\u00e4t\u00e4l\u00f6ity tiettyihin sovelluksiin.<\/p>\n<p><img decoding=\"async\" src=\"https:\/\/www.hydraulic-cylinders.net\/wp-content\/uploads\/2025\/04\/songte-company-4.webp\" alt=\"Yrityksen yleiskatsaus\" \/><br \/>\n<img decoding=\"async\" src=\"https:\/\/www.hydraulic-cylinders.net\/wp-content\/uploads\/2025\/04\/songte-company-3.webp\" alt=\"Tuotantolaitos\" \/><\/p>\n<p>Kirjoittaja: lyl<\/p>","protected":false},"excerpt":{"rendered":"<p>Boom Cylinder For Xinyuan Crawler Excavator XY90 Product Overview The Boom Cylinder for the Xinyuan Crawler Excavator XY90 is a vital component designed to enhance the operational efficiency of heavy machinery. These cylinders are specifically engineered to control the movement of various attachments, such as buckets, on excavators, backhoe loaders, and front loaders. By allowing [&hellip;]<\/p>","protected":false},"featured_media":17873,"comment_status":"open","ping_status":"closed","template":"","meta":{"_et_pb_use_builder":"","_et_pb_old_content":"","_et_gb_content_width":""},"product_brand":[],"product_cat":[1546],"product_tag":[1547,1496],"class_list":{"0":"post-19595","1":"product","2":"type-product","3":"status-publish","4":"has-post-thumbnail","6":"product_cat-boom-cylinders","7":"product_tag-boom-cylinders","8":"product_tag-hydraulic-cylinders","10":"first","11":"instock","12":"shipping-taxable","13":"product-type-simple"},"amp_enabled":true,"_links":{"self":[{"href":"https:\/\/www.hydraulic-cylinders.net\/fi\/wp-json\/wp\/v2\/product\/19595","targetHints":{"allow":["GET"]}}],"collection":[{"href":"https:\/\/www.hydraulic-cylinders.net\/fi\/wp-json\/wp\/v2\/product"}],"about":[{"href":"https:\/\/www.hydraulic-cylinders.net\/fi\/wp-json\/wp\/v2\/types\/product"}],"replies":[{"embeddable":true,"href":"https:\/\/www.hydraulic-cylinders.net\/fi\/wp-json\/wp\/v2\/comments?post=19595"}],"wp:featuredmedia":[{"embeddable":true,"href":"https:\/\/www.hydraulic-cylinders.net\/fi\/wp-json\/wp\/v2\/media\/17873"}],"wp:attachment":[{"href":"https:\/\/www.hydraulic-cylinders.net\/fi\/wp-json\/wp\/v2\/media?parent=19595"}],"wp:term":[{"taxonomy":"product_brand","embeddable":true,"href":"https:\/\/www.hydraulic-cylinders.net\/fi\/wp-json\/wp\/v2\/product_brand?post=19595"},{"taxonomy":"product_cat","embeddable":true,"href":"https:\/\/www.hydraulic-cylinders.net\/fi\/wp-json\/wp\/v2\/product_cat?post=19595"},{"taxonomy":"product_tag","embeddable":true,"href":"https:\/\/www.hydraulic-cylinders.net\/fi\/wp-json\/wp\/v2\/product_tag?post=19595"}],"curies":[{"name":"wp","href":"https:\/\/api.w.org\/{rel}","templated":true}]}}