{"id":19596,"date":"2025-04-07T06:56:30","date_gmt":"2025-04-07T06:56:30","guid":{"rendered":"https:\/\/www.hydraulic-cylinders.net\/product\/boom-cylinder-for-xinyuan-wheel-excavator-xy65w-7-8\/"},"modified":"2025-04-07T06:56:33","modified_gmt":"2025-04-07T06:56:33","slug":"boom-cylinder-for-xinyuan-wheel-excavator-xy65w-7-8","status":"publish","type":"product","link":"https:\/\/www.hydraulic-cylinders.net\/fi\/tuote\/boom-cylinder-for-xinyuan-wheel-excavator-xy65w-7-8\/","title":{"rendered":"Xinyuan-py\u00f6r\u00e4kaivinkoneen XY65W-7-8 puomin sylinteri"},"content":{"rendered":"<h1>Xinyuan-py\u00f6r\u00e4kaivinkoneen XY65W-7-8 puomin sylinteri<\/h1>\n<h2>Johdatus puomin sylinteriin<\/h2>\n<p>Puomin sylinteri on t\u00e4rke\u00e4 osa, joka on suunniteltu erityisesti raskaiden koneiden, kuten kaivinkoneiden, hydraulij\u00e4rjestelmiin. T\u00e4m\u00e4 hydraulisylinteri vastaa kauhan liikkeen ohjaamisesta erilaisissa rakennus- ja maanrakennussovelluksissa. Se mahdollistaa kauhan nostamisen, laskemisen ja kallistumisen, mik\u00e4 helpottaa tehokkaita materiaalink\u00e4sittelyteht\u00e4vi\u00e4.<\/p>\n<p>Tyypillisesti kaivinkoneissa, traktorikuormaajissa ja etukuormaajissa k\u00e4ytetty kauhan sylinteri on t\u00e4rke\u00e4ss\u00e4 roolissa n\u00e4iden koneiden toimintakyvyn parantamisessa. Hydraulisen paineen avulla puomin sylinteri varmistaa sujuvat ja reagoivat liikkeet, mik\u00e4 tekee siit\u00e4 v\u00e4ltt\u00e4m\u00e4tt\u00f6m\u00e4n ty\u00f6kalun rakennusalan ty\u00f6ntekij\u00f6ille ja raskaiden koneiden k\u00e4ytt\u00e4jille.<\/p>\n<p><img decoding=\"async\" src=\"https:\/\/www.hydraulic-cylinders.net\/wp-content\/uploads\/2025\/04\/songte-company-1.webp\" alt=\"Puomin sylinteri\" \/><\/p>\n<h2>Puomin sylinterin ominaisuudet<\/h2>\n<ul>\n<li><strong>Korkea lujuus ja kest\u00e4vyys:<\/strong> Korkean lujuuden ter\u00e4ksest\u00e4 tai alumiinista valmistettu puomin sylinteri kest\u00e4\u00e4 korkeaa painetta ja raskaita kuormia, joten se sopii vaativiin ty\u00f6ymp\u00e4rist\u00f6ihin. Sen rakenne yhdist\u00e4\u00e4 kulutuskest\u00e4vyyden ja korroosionkest\u00e4vyyden, mik\u00e4 pident\u00e4\u00e4 sen k\u00e4ytt\u00f6ik\u00e4\u00e4.<\/li>\n<li><strong>Tehokas hydraulinen k\u00e4ytt\u00f6:<\/strong> Puomin sylinteri hy\u00f6dynt\u00e4\u00e4 hydrauli\u00f6ljyn painetta sujuvaan ojennukseen ja sis\u00e4\u00e4nvetoon, mik\u00e4 mahdollistaa nopean reagoinnin k\u00e4ytt\u00f6komentoihin. Se tarjoaa merkitt\u00e4v\u00e4\u00e4 ty\u00f6nt\u00f6- ja vetovoimaa, mik\u00e4 sopii erinomaisesti raskaiden esineiden k\u00e4sittelyyn ja monimutkaisiin teht\u00e4viin.<\/li>\n<li><strong>Erilaisia \u200b\u200btyyppej\u00e4:<\/strong> Puomisylinteri on saatavana yksitoimisena (hydrauliikkaa yhteen suuntaan) tai kaksitoimisena (hydrauliikkaa molempiin suuntiin), ja se sopii erilaisiin k\u00e4ytt\u00f6tarpeisiin. Joissakin malleissa on teleskooppirakenne, joka mahdollistaa suuremman jatkeen ilman ulkomittojen kasvua, joten ne sopivat ahtaisiin tiloihin.<\/li>\n<li><strong>Yhteensopivuus:<\/strong> Tuotteemme voivat t\u00e4ydellisesti korvata erilaisissa laitteissa k\u00e4ytettyj\u00e4 hydraulisylintereit\u00e4 varmistaen saumattoman integroinnin ja toimivuuden.<\/li>\n<li><strong>Mukautetut ratkaisut:<\/strong> Tarjoamme r\u00e4\u00e4t\u00e4l\u00f6ityj\u00e4 ratkaisuja ja kokoonpanoja erilaisten koneiden ja sovellusten erityistarpeisiin.<\/li>\n<\/ul>\n<p><img decoding=\"async\" src=\"https:\/\/www.hydraulic-cylinders.net\/wp-content\/uploads\/2025\/04\/songte-cylinder-head-with-all-kinds-excavator-models.webp\" alt=\"Hydraulinen sylinteri\" \/><\/p>\n<h2>Puomisylinterin sovellukset<\/h2>\n<h3>Rakennuslaitteet:<\/h3>\n<p>Kaivinkoneissa puomin sylinteri on elint\u00e4rke\u00e4 kaivamisessa, lastaamisessa ja maan tai roskien siirt\u00e4misess\u00e4. Sen tarkka ohjaus mahdollistaa tehokkaat kaivu- ja nostotoiminnot, mik\u00e4 tekee siit\u00e4 korvaamattoman rakennusty\u00f6mailla.<\/p>\n<h3>Maatalouskoneet:<\/h3>\n<p>Etukuormaajissa puomin sylinteri on v\u00e4ltt\u00e4m\u00e4t\u00f6n maaper\u00e4n, hein\u00e4n ja muiden materiaalien kaivamiseen, nostamiseen ja kuljettamiseen. Se parantaa maataloustoimintojen tehokkuutta mahdollistamalla kuljettajien k\u00e4sitell\u00e4 raskaita kuormia helposti.<\/p>\n<h3>Kaivinkoneet:<\/h3>\n<p>Puomin sylinteri mahdollistaa kauhan tehokkaan tunkeutumisen maahan, mik\u00e4 helpottaa kaivuty\u00f6t\u00e4. Sen vankka rakenne varmistaa kest\u00e4vyyden ja luotettavuuden laajoissa kaivuuteht\u00e4viss\u00e4.<\/p>\n<h3>Kuormaajat:<\/h3>\n<p>Etukuormaajissa puomin sylinteri auttaa materiaalien tehokkaassa nostamisessa ja tyhjent\u00e4misess\u00e4. Sen hydraulinen voima auttaa k\u00e4ytt\u00e4ji\u00e4 siirt\u00e4m\u00e4\u00e4n kuormia nopeasti ja tehokkaasti, mik\u00e4 parantaa ty\u00f6maan kokonaistuottavuutta.<\/p>\n<h2>Suunnittelun\u00e4k\u00f6kohdat ja valintakriteerit<\/h2>\n<h3>Kantavuus:<\/h3>\n<p>Puomisylinteri\u00e4 valittaessa kuormituskapasiteetti on kriittinen tekij\u00e4. Sylinterin on kyett\u00e4v\u00e4 k\u00e4sittelem\u00e4\u00e4n laitteen odotettu enimm\u00e4iskuorma. Sylinterin ylikuormitus voi johtaa sen vikaantumiseen, joten on t\u00e4rke\u00e4\u00e4 valita sellainen, jolla on riitt\u00e4v\u00e4 kapasiteetti aiottuun k\u00e4ytt\u00f6tarkoitukseen.<\/p>\n<h3>Tiivistys:<\/h3>\n<p>Puomin sylinterin tiivistysj\u00e4rjestelm\u00e4 on suunniteltu est\u00e4m\u00e4\u00e4n hydraulinesteen vuodot ja samalla yll\u00e4pit\u00e4m\u00e4\u00e4n painetta. Korkealaatuiset tiivisteet varmistavat, ett\u00e4 sylinteri toimii tehokkaasti ja luotettavasti ajan kuluessa. Asianmukainen tiivistys suojaa my\u00f6s sis\u00e4isi\u00e4 komponentteja ep\u00e4puhtauksilta, jotka voivat johtaa ennenaikaiseen kulumiseen tai rikkoutumiseen.<\/p>\n<h3>Kest\u00e4vyys:<\/h3>\n<p>Kest\u00e4vyys on keskeinen ominaisuus puomin sylinterin suunnittelussa. Se tulisi rakentaa kest\u00e4m\u00e4\u00e4n kovaa k\u00e4ytt\u00f6\u00e4 haastavissa ymp\u00e4rist\u00f6iss\u00e4. Kulumista ja korroosiota kest\u00e4v\u00e4t materiaalit ovat olennaisia \u200b\u200bsylinterin pitk\u00e4ik\u00e4isyyden varmistamiseksi, mik\u00e4 v\u00e4hent\u00e4\u00e4 sylinterin vaihtotarvetta.<\/p>\n<h3>Turvallisuus:<\/h3>\n<p>Turvaominaisuudet, kuten paineenalennusventtiilit ja h\u00e4t\u00e4pys\u00e4ytysmekanismit, ovat ratkaisevan t\u00e4rkeit\u00e4 hydraulij\u00e4rjestelmiss\u00e4. N\u00e4m\u00e4 ominaisuudet auttavat ehk\u00e4isem\u00e4\u00e4n onnettomuuksia ja laitevaurioita hallitsemalla k\u00e4yt\u00f6n aikana kohdistuvia voimia.<\/p>\n<h3>Huolto:<\/h3>\n<p>Helppo huolto on toinen t\u00e4rke\u00e4 n\u00e4k\u00f6kohta. Suunnittelun tulisi mahdollistaa suoraviivainen huolto, mukaan lukien voitelu, tiivisteiden vaihto ja kriittisten komponenttien tarkastus. Hyvin huollettu sylinteri toimii luotettavammin ja tehokkaammin koko k\u00e4ytt\u00f6ik\u00e4ns\u00e4 ajan.<\/p>\n<p><img decoding=\"async\" src=\"https:\/\/www.hydraulic-cylinders.net\/wp-content\/uploads\/2025\/04\/songte-oil-pipes-and-spare-parts.webp\" alt=\"Varaosat\" \/><\/p>\n<h2>Sylinterin tiivistys ja voitelu<\/h2>\n<p>Tehokas tiivistys ja voitelu ovat ensiarvoisen t\u00e4rkeit\u00e4 puomin sylinterin suorituskyvyn ja pitk\u00e4n k\u00e4ytt\u00f6i\u00e4n kannalta. Hydrauli\u00f6ljyn vuotojen est\u00e4miseksi k\u00e4ytet\u00e4\u00e4n erilaisia \u200b\u200btiivisteit\u00e4, kuten m\u00e4nn\u00e4ntiivisteit\u00e4 ja varren tiivisteit\u00e4. Materiaalien, kuten polyuretaanin ja nitriilikumin, valinta parantaa kulutuskest\u00e4vyytt\u00e4 ja varmistaa vankan tiivistysj\u00e4rjestelm\u00e4n.<\/p>\n<p>Sylinterin runko ja kierteitetyt p\u00e4\u00e4t on hienokoneistettu kulutuskest\u00e4vyyden parantamiseksi ja tiiviin istuvuuden varmistamiseksi. S\u00e4\u00e4nn\u00f6llinen voitelu hydrauliikka\u00f6ljyll\u00e4 on v\u00e4ltt\u00e4m\u00e4t\u00f6nt\u00e4 sujuvan toiminnan yll\u00e4pit\u00e4miseksi ja liikkuvien osien v\u00e4lisen kitkan v\u00e4hent\u00e4miseksi, joka voi johtaa kulumiseen ja rikkoutumiseen.<\/p>\n<h2>Ennaltaehk\u00e4isev\u00e4t huoltotoimenpiteet<\/h2>\n<ul>\n<li><strong>S\u00e4\u00e4nn\u00f6lliset tarkastukset:<\/strong> Tarkista puomin sylinteri s\u00e4\u00e4nn\u00f6llisesti kulumisen, vuotojen tai vaurioiden varalta. Mahdollisten ongelmien varhainen havaitseminen voi est\u00e4\u00e4 kalliita korjauksia ja seisokkeja.<\/li>\n<li><strong>Asianmukainen voitelu:<\/strong> Varmista, ett\u00e4 sylinteri saa riitt\u00e4v\u00e4sti voitelua, jotta kaikki liikkuvat osat toimivat sujuvasti. T\u00e4m\u00e4 v\u00e4hent\u00e4\u00e4 kitkaa ja kulumista ja pident\u00e4\u00e4 komponentin k\u00e4ytt\u00f6ik\u00e4\u00e4.<\/li>\n<li><strong>Tiivisteen vaihto:<\/strong> Tarkkaile tiivisteiden kulumista ja vaihda ne tarvittaessa paineen yll\u00e4pit\u00e4miseksi ja vuotojen est\u00e4miseksi. S\u00e4\u00e4nn\u00f6llinen tiivisteiden huolto on ratkaisevan t\u00e4rke\u00e4\u00e4 optimaalisen toiminnan kannalta.<\/li>\n<\/ul>\n<h2>Puomin sylinterin asennusohjeet<\/h2>\n<p>Puomisylinterin oikea asennus on ratkaisevan t\u00e4rke\u00e4\u00e4 sen suorituskyvyn ja pitk\u00e4n k\u00e4ytt\u00f6i\u00e4n kannalta. Aloita kohdistamalla sylinteri tarkasti koneen kiinnityspisteisiin. K\u00e4yt\u00e4 sopivia kiinnityskorvakkeita sylinterin kiinnitt\u00e4miseen paikalleen varmistaen, ett\u00e4 se on vaakasuorassa ja oikein suunnattu.<\/p>\n<p>Kun letkut ovat paikoillaan, liit\u00e4 ne. V\u00e4lt\u00e4 mutkia tai tarpeettomia mutkia, jotka voisivat rajoittaa nesteen virtausta. Kun olet liitt\u00e4nyt letkut, tee j\u00e4rjestelm\u00e4n painekoe vuotojen tarkistamiseksi ja sylinterin sujuvan toiminnan varmistamiseksi.<\/p>\n<p>Varmista lopuksi, ett\u00e4 kaikki kiinnikkeet on kiristetty valmistajan ohjeiden mukaisesti ja suorita lopputarkastus ennen laitteen k\u00e4ytt\u00f6\u00e4. N\u00e4iden ohjeiden noudattaminen auttaa saavuttamaan puomin sylinterin optimaalisen suorituskyvyn.<\/p>\n<h2>Yleiset huoltoteht\u00e4v\u00e4t<\/h2>\n<ul>\n<li><strong>S\u00e4\u00e4nn\u00f6lliset tarkastukset:<\/strong> S\u00e4\u00e4nn\u00f6llisten tarkastusten tekeminen mahdollistaa kulumisen tai vaurioiden varhaisen havaitsemisen. T\u00e4m\u00e4 ennakoiva toimenpide voi auttaa v\u00e4ltt\u00e4m\u00e4\u00e4n merkitt\u00e4v\u00e4mpi\u00e4 ongelmia my\u00f6hemmin.<\/li>\n<li><strong>Oikea voitelu:<\/strong> Sylinterin riitt\u00e4v\u00e4 voitelu est\u00e4\u00e4 kitkaa ja kulumista, mik\u00e4 parantaa komponentin tehokkuutta ja pident\u00e4\u00e4 sen k\u00e4ytt\u00f6ik\u00e4\u00e4.<\/li>\n<li><strong>Tiivisteiden vaihdot:<\/strong> Tiivisteiden s\u00e4\u00e4nn\u00f6llinen vaihtaminen on v\u00e4ltt\u00e4m\u00e4t\u00f6nt\u00e4 hydrauliikka\u00f6ljyn vuotojen est\u00e4miseksi ja j\u00e4rjestelm\u00e4n paineen yll\u00e4pit\u00e4miseksi. T\u00e4m\u00e4 on t\u00e4rke\u00e4 huoltoteht\u00e4v\u00e4, jota ei pid\u00e4 unohtaa.<\/li>\n<\/ul>\n<h2>Turvallisuusn\u00e4k\u00f6kohdat ja ymp\u00e4rist\u00f6tekij\u00e4t<\/h2>\n<p>Hydraulij\u00e4rjestelmien kanssa ty\u00f6skennelt\u00e4ess\u00e4 turvatoimenpiteiden on oltava etusijalla. K\u00e4ytt\u00e4j\u00e4t tulee kouluttaa hydraulisten laitteiden oikeaan k\u00e4sittelyyn ja k\u00e4ytt\u00f6\u00f6n. Lis\u00e4ksi asianmukaisten henkil\u00f6nsuojainten (PPE) k\u00e4ytt\u00f6 voi v\u00e4hent\u00e4\u00e4 hydraulinesteen vuotoihin ja mahdollisiin vammoihin liittyvi\u00e4 riskej\u00e4.<\/p>\n<h2>Vianm\u00e4\u00e4ritys ja yleiset ongelmat<\/h2>\n<ul>\n<li><strong>Vuoto:<\/strong> Jos puomin sylinteri vuotaa hydraulinestett\u00e4, tarkista tiivisteiden kuluminen ja vaihda ne tarvittaessa. Varmista, ett\u00e4 kaikki liitokset ovat tiukat ja ehj\u00e4t.<\/li>\n<li><strong>Hidas toiminta:<\/strong> Jos sylinteri toimii hitaasti, tarkista hydraulinesteen tasot ja varmista, ettei hydrauliletkuissa ole tukoksia. Tarkista, onko hydraulinesteess\u00e4 merkkej\u00e4 ep\u00e4puhtauksista.<\/li>\n<li><strong>Ep\u00e4johdonmukainen liike:<\/strong> Jos puomin sylinteri liikkuu ep\u00e4tasaisesti, se voi johtua hydraulij\u00e4rjestelm\u00e4\u00e4n j\u00e4\u00e4neest\u00e4 ilmasta. Ilmaa j\u00e4rjestelm\u00e4 tai tarkista mahdolliset vaurioituneet osat, jotka voisivat vaikuttaa liikkeeseen.<\/li>\n<\/ul>\n<h2>Vianm\u00e4\u00e4ritysvinkkej\u00e4<\/h2>\n<p>To effectively diagnose and resolve issues, it&#8217;s essential to follow a systematic approach. Start with visual inspections to identify any obvious signs of wear or damage. Use pressure gauges to check the system\u2019s hydraulic pressure levels, ensuring they meet the required specifications.<\/p>\n<p>Toteuta ennaltaehk\u00e4isevi\u00e4 toimenpiteit\u00e4, kuten s\u00e4\u00e4nn\u00f6llisi\u00e4 huoltoaikatauluja ja k\u00e4ytt\u00e4jien koulutusta, ongelmien toistumisen todenn\u00e4k\u00f6isyyden minimoimiseksi. Hydraulij\u00e4rjestelm\u00e4n pit\u00e4minen puhtaana ja hyvin voideltuna edist\u00e4\u00e4 my\u00f6s sen luotettavuutta ja suorituskyky\u00e4.<\/p>\n<p><img decoding=\"async\" src=\"https:\/\/www.hydraulic-cylinders.net\/wp-content\/uploads\/2025\/04\/songte-bushings-with-all-kinds-of-excavator-models.webp\" alt=\"Holkit\" \/><\/p>\n<h2>Yrityksen yleiskatsaus<\/h2>\n<p>Olemme johtava hydraulisten sylinterien vaihto-osien valmistaja. Tarjoamme kattavan valikoiman tuotteita, jotka ovat tehneet meist\u00e4 merkitt\u00e4v\u00e4n toimijan sek\u00e4 kotimaisilla ett\u00e4 kansainv\u00e4lisill\u00e4 markkinoilla. Sitoutumisemme poikkeukselliseen laatuun perustuu tarkkoihin valmistusstrategioihin ja edistyneen teknologian integrointiin.<\/p>\n<p>Keskittym\u00e4ll\u00e4 tekniseen osaamiseen ja huippuluokan digitaalisiin valmistuslaitteisiin, tuotantoprosessimme kehittyv\u00e4t jatkuvasti tuotteidemme laadun parantamiseksi. Yll\u00e4pid\u00e4mme vankkaa laadunvalvontaj\u00e4rjestelm\u00e4\u00e4, joka varmistaa, ett\u00e4 jokainen sylinteri t\u00e4ytt\u00e4\u00e4 tiukat suorituskyky- ja kest\u00e4vyysstandardit.<\/p>\n<p>Yrityksemme on ylpe\u00e4 my\u00f6s r\u00e4\u00e4t\u00e4l\u00f6ityjen ratkaisujen, kansainv\u00e4listen sertifikaattien ja erinomaisen j\u00e4lkimarkkinointipalvelun tarjoamisesta. T\u00e4m\u00e4 kokonaisvaltainen l\u00e4hestymistapa varmistaa, ett\u00e4 t\u00e4yt\u00e4mme asiakkaidemme monipuoliset tarpeet ja s\u00e4ilyt\u00e4mme samalla maineemme luotettavuudesta ja erinomaisuudesta.<\/p>\n<p><img decoding=\"async\" src=\"https:\/\/www.hydraulic-cylinders.net\/wp-content\/uploads\/2025\/04\/songte-company-4.webp\" alt=\"Yrityksen yleiskatsaus\" \/><br \/>\n<img decoding=\"async\" src=\"https:\/\/www.hydraulic-cylinders.net\/wp-content\/uploads\/2025\/04\/songte-company-3.webp\" alt=\"Tilamme\" \/><\/p>\n<p>Kirjoittaja: lyl<\/p>","protected":false},"excerpt":{"rendered":"<p>Boom Cylinder For Xinyuan Wheel Excavator XY65W-7-8 Introduction to Boom Cylinder The Boom Cylinder is a crucial component designed specifically for hydraulic systems used in heavy machinery such as excavators. This hydraulic cylinder is responsible for controlling the movement of the bucket in various construction and earth-moving applications. It allows the bucket to lift, lower, [&hellip;]<\/p>","protected":false},"featured_media":17874,"comment_status":"open","ping_status":"closed","template":"","meta":{"_et_pb_use_builder":"","_et_pb_old_content":"","_et_gb_content_width":""},"product_brand":[],"product_cat":[1546],"product_tag":[1547,1496],"class_list":{"0":"post-19596","1":"product","2":"type-product","3":"status-publish","4":"has-post-thumbnail","6":"product_cat-boom-cylinders","7":"product_tag-boom-cylinders","8":"product_tag-hydraulic-cylinders","10":"first","11":"instock","12":"shipping-taxable","13":"product-type-simple"},"amp_enabled":true,"_links":{"self":[{"href":"https:\/\/www.hydraulic-cylinders.net\/fi\/wp-json\/wp\/v2\/product\/19596","targetHints":{"allow":["GET"]}}],"collection":[{"href":"https:\/\/www.hydraulic-cylinders.net\/fi\/wp-json\/wp\/v2\/product"}],"about":[{"href":"https:\/\/www.hydraulic-cylinders.net\/fi\/wp-json\/wp\/v2\/types\/product"}],"replies":[{"embeddable":true,"href":"https:\/\/www.hydraulic-cylinders.net\/fi\/wp-json\/wp\/v2\/comments?post=19596"}],"wp:featuredmedia":[{"embeddable":true,"href":"https:\/\/www.hydraulic-cylinders.net\/fi\/wp-json\/wp\/v2\/media\/17874"}],"wp:attachment":[{"href":"https:\/\/www.hydraulic-cylinders.net\/fi\/wp-json\/wp\/v2\/media?parent=19596"}],"wp:term":[{"taxonomy":"product_brand","embeddable":true,"href":"https:\/\/www.hydraulic-cylinders.net\/fi\/wp-json\/wp\/v2\/product_brand?post=19596"},{"taxonomy":"product_cat","embeddable":true,"href":"https:\/\/www.hydraulic-cylinders.net\/fi\/wp-json\/wp\/v2\/product_cat?post=19596"},{"taxonomy":"product_tag","embeddable":true,"href":"https:\/\/www.hydraulic-cylinders.net\/fi\/wp-json\/wp\/v2\/product_tag?post=19596"}],"curies":[{"name":"wp","href":"https:\/\/api.w.org\/{rel}","templated":true}]}}