{"id":19597,"date":"2025-04-07T06:56:33","date_gmt":"2025-04-07T06:56:33","guid":{"rendered":"https:\/\/www.hydraulic-cylinders.net\/product\/boom-cylinder-for-xinyuan-wheel-excavator-xy75w-8-9\/"},"modified":"2025-04-07T06:56:35","modified_gmt":"2025-04-07T06:56:35","slug":"boom-cylinder-for-xinyuan-wheel-excavator-xy75w-8-9","status":"publish","type":"product","link":"https:\/\/www.hydraulic-cylinders.net\/fi\/tuote\/boom-cylinder-for-xinyuan-wheel-excavator-xy75w-8-9\/","title":{"rendered":"Xinyuan-py\u00f6r\u00e4kaivinkoneen XY75W-8-9 puomin sylinteri"},"content":{"rendered":"<h1>Xinyuan-py\u00f6r\u00e4kaivinkoneen XY75W-8-9 puomin sylinteri<\/h1>\n<h2>Johdatus puomin sylintereihin<\/h2>\n<p>Puomin sylinteri on t\u00e4rke\u00e4 osa raskaiden koneiden hydrauliikkaj\u00e4rjestelmiss\u00e4, ja se on erityisesti suunniteltu ohjaamaan kaivinkoneiden, kaivurikuormaajien ja etukuormaajien puomin liikett\u00e4. T\u00e4m\u00e4 hydraulisylinteri vastaa puomin nostamisesta, laskemisesta ja kallistamisesta, mik\u00e4 helpottaa erilaisia \u200b\u200bmateriaalink\u00e4sittelyteht\u00e4vi\u00e4. Puomin sylinteri toimii hydraulinesteen paineella, joka mahdollistaa sujuvat ja tehokkaat liikkeet, jotka ovat v\u00e4ltt\u00e4m\u00e4tt\u00f6mi\u00e4 tehokkaalle toiminnalle rakennus-, kaivos- ja maataloussovelluksissa.<\/p>\n<p><img decoding=\"async\" src=\"https:\/\/www.hydraulic-cylinders.net\/wp-content\/uploads\/2025\/04\/songte-company-1.webp\" alt=\"Puomin sylinterin kuva\" \/><\/p>\n<h2>Puomin sylinterin t\u00e4rkeimm\u00e4t ominaisuudet<\/h2>\n<ul>\n<li><strong>Korkea lujuus ja kest\u00e4vyys:<\/strong> N\u00e4m\u00e4 sylinterit on valmistettu eritt\u00e4in lujasta ter\u00e4ksest\u00e4 tai alumiinista, ja ne on suunniteltu kest\u00e4m\u00e4\u00e4n korkeita paineita ja raskaita kuormia, joten ne sopivat vaativiin ty\u00f6ymp\u00e4rist\u00f6ihin.<\/li>\n<li><strong>Tehokas hydraulinen k\u00e4ytt\u00f6:<\/strong> Puomin sylinteri hy\u00f6dynt\u00e4\u00e4 hydrauli\u00f6ljyn painetta sujuvaan pidennykseen ja sis\u00e4\u00e4nvetoon, mik\u00e4 tarjoaa nopean vasteen ohjauskomentoihin ja tuottaa tehokkaita ty\u00f6nt\u00f6- ja vetovoimia.<\/li>\n<li><strong>Erilaisia \u200b\u200btyyppej\u00e4:<\/strong> Saatavilla yksitoimisina (toimii yhteen suuntaan) tai kaksitoimisina (toimii molempiin suuntiin) kokoonpanoina. Jotkut mallit ovat teleskooppisia, mik\u00e4 mahdollistaa suuremman jatkeen ilman ulkomittojen kasvua.<\/li>\n<li><strong>Mukautettavat vaihtoehdot:<\/strong> Puomisylinterimme voidaan r\u00e4\u00e4t\u00e4l\u00f6id\u00e4 vastaamaan tiettyj\u00e4 k\u00e4ytt\u00f6tarpeita, mik\u00e4 varmistaa yhteensopivuuden eri kaivinkonemallien kanssa.<\/li>\n<li><strong>Huoltoyst\u00e4v\u00e4llinen muotoilu:<\/strong> N\u00e4m\u00e4 sylinterit on suunniteltu helppok\u00e4ytt\u00f6isiksi, ja niiss\u00e4 on ominaisuuksia, jotka yksinkertaistavat tarkastuksia ja huoltoa, mik\u00e4 v\u00e4hent\u00e4\u00e4 seisokkiaikoja ja k\u00e4ytt\u00f6kustannuksia.<\/li>\n<\/ul>\n<p><img decoding=\"async\" src=\"https:\/\/www.hydraulic-cylinders.net\/wp-content\/uploads\/2025\/04\/songte-cylinder-head-with-all-kinds-excavator-models.webp\" alt=\"Kaivinkonemallit\" \/><\/p>\n<h2>Puomisylinterien sovellukset<\/h2>\n<h3>Rakennuslaitteet<\/h3>\n<p>Kaivinkoneissa puomin sylinterit ovat kriittisi\u00e4 kaivamisessa, lastaamisessa ja maan tai roskien siirt\u00e4misess\u00e4. N\u00e4iden sylinterien tarjoama tarkka ohjaus parantaa koneen tehokkuutta, jolloin kuljettajat voivat suorittaa teht\u00e4vi\u00e4 tarkasti ja nopeasti. Kaivurikuormaajissa ne auttavat sek\u00e4 kaivu- ett\u00e4 nostoteht\u00e4viss\u00e4, mik\u00e4 tekee niist\u00e4 v\u00e4ltt\u00e4m\u00e4tt\u00f6mi\u00e4 rakennusty\u00f6mailla.<\/p>\n<h3>Maatalouskoneet<\/h3>\n<p>Etukuormaajissa k\u00e4ytett\u00e4v\u00e4t puomisylinterit ovat v\u00e4ltt\u00e4m\u00e4tt\u00f6mi\u00e4 maaper\u00e4n, hein\u00e4n ja muiden materiaalien kaivamiseen, nostamiseen ja kuljettamiseen. Niiden kyky k\u00e4sitell\u00e4 raskaita kuormia auttaa maanviljelij\u00f6it\u00e4 hallitsemaan toimintaansa tehokkaasti ja parantamaan maatalousteht\u00e4vien tuottavuutta.<\/p>\n<h3>Kaivaminen ja kaivaminen<\/h3>\n<p>Kaivinkoneissa puomin sylinteri mahdollistaa kauhan tehokkaan tunkeutumisen maahan ja kaivuprosessin aloittamisen. T\u00e4m\u00e4 toiminto on ratkaisevan t\u00e4rke\u00e4 erilaisissa kaivuprojekteissa perustusten tekemisest\u00e4 maisemointiin.<\/p>\n<h3>Lastauslaitteet<\/h3>\n<p>Etukuormaajissa puomisylinterit helpottavat materiaalien tehokasta nostamista ja tyhjent\u00e4mist\u00e4. Niiden kest\u00e4v\u00e4 rakenne varmistaa, ett\u00e4 ne pystyv\u00e4t k\u00e4sittelem\u00e4\u00e4n suuriakin kuormia helposti, mik\u00e4 edist\u00e4\u00e4 koneiden kokonaistuottavuutta.<\/p>\n<h2>Suunnittelun\u00e4k\u00f6kohdat ja valintakriteerit<\/h2>\n<h3>Kantavuus<\/h3>\n<p>Puomisylinteri\u00e4 valittaessa on ensiarvoisen t\u00e4rke\u00e4\u00e4 ymm\u00e4rt\u00e4\u00e4 sen kuormituskapasiteetti. Sylinterin on kyett\u00e4v\u00e4 k\u00e4sittelem\u00e4\u00e4n k\u00e4yt\u00f6n aikana odotettavissa oleva enimm\u00e4iskuorma ilman vikaantumisriski\u00e4. T\u00e4m\u00e4 edellytt\u00e4\u00e4 siirrett\u00e4vien materiaalien painon ja kyseisen koneen ominaisuuksien huomioon ottamista turvallisuuden ja suorituskyvyn varmistamiseksi.<\/p>\n<h3>Tiivistyksen eheys<\/h3>\n<p>Asianmukainen tiivistys on v\u00e4ltt\u00e4m\u00e4t\u00f6nt\u00e4 hydraulinesteen vuotojen est\u00e4miseksi, jotka voivat johtaa tehokkuuden heikkenemiseen ja komponenttien lis\u00e4\u00e4ntyneeseen kulumiseen. Korkealaatuiset tiivisteet, kuten polyuretaanista tai nitriilikumista valmistetut tiivisteet, parantavat kest\u00e4vyytt\u00e4 ja varmistavat sylinterin pitk\u00e4n k\u00e4ytt\u00f6i\u00e4n.<\/p>\n<h3>Kest\u00e4vyys<\/h3>\n<p>Puomisylinterin rakennusmateriaalit ovat ratkaisevan t\u00e4rkeit\u00e4 sen pitk\u00e4ik\u00e4isyyden kannalta. Suurlujuuster\u00e4s tai alumiini tarjoaa tarvittavan kest\u00e4vyyden kulumista vastaan \u200b\u200bvaativissa olosuhteissa, mik\u00e4 pident\u00e4\u00e4 sylinterin k\u00e4ytt\u00f6ik\u00e4\u00e4.<\/p>\n<h3>Turvallisuusstandardit<\/h3>\n<p>Turvallisuus on merkitt\u00e4v\u00e4 n\u00e4k\u00f6kohta hydraulisylintereiden suunnittelussa. Vakiintuneiden turvallisuusstandardien noudattaminen v\u00e4hent\u00e4\u00e4 onnettomuuksien ja laitteiden vikaantumisen riski\u00e4. Valmistajien tulisi varmistaa, ett\u00e4 heid\u00e4n tuotteensa t\u00e4ytt\u00e4v\u00e4t kansainv\u00e4liset turvallisuusm\u00e4\u00e4r\u00e4ykset, mik\u00e4 tarjoaa mielenrauhaa k\u00e4ytt\u00e4jille.<\/p>\n<h3>Huolto Esteett\u00f6myys<\/h3>\n<p>Puomisylinterien suunnittelu helppoa huoltoa silm\u00e4ll\u00e4 pit\u00e4en voi merkitt\u00e4v\u00e4sti v\u00e4hent\u00e4\u00e4 seisokkiaikoja. Irrotettavien tiivisteiden ja helposti saavutettavien voitelukohtien kaltaiset ominaisuudet helpottavat s\u00e4\u00e4nn\u00f6llisi\u00e4 tarkastuksia ja huoltoa, jotka ovat olennaisia \u200b\u200boptimaalisen suorituskyvyn ja luotettavuuden yll\u00e4pit\u00e4miseksi.<\/p>\n<p><img decoding=\"async\" src=\"https:\/\/www.hydraulic-cylinders.net\/wp-content\/uploads\/2025\/04\/songte-oil-pipes-and-spare-parts.webp\" alt=\"Hydrauliset komponentit\" \/><\/p>\n<h2>Tiivistys ja voitelu<\/h2>\n<p>Tehokas tiivistys ja voitelu ovat elint\u00e4rkeit\u00e4 puomisylinterien suorituskyvyn kannalta. Erilaisia \u200b\u200btiivistyskomponentteja, kuten m\u00e4nn\u00e4ntiivisteit\u00e4 ja varren tiivisteit\u00e4, k\u00e4ytet\u00e4\u00e4n hydraulisen paineen yll\u00e4pit\u00e4miseen ja vuotojen est\u00e4miseen. Kulutusta kest\u00e4vist\u00e4 materiaaleista, kuten polyuretaanista tai nitriilikumista, valmistettujen tiivisteiden valinta parantaa kest\u00e4vyytt\u00e4. Lis\u00e4ksi sylinterin rungon ja kierteitettyjen p\u00e4iden tarkka viimeistely parantaa kulutuskest\u00e4vyytt\u00e4 ja varmistaa pitk\u00e4kestoisen suorituskyvyn. S\u00e4\u00e4nn\u00f6llinen voitelu hydrauli\u00f6ljyll\u00e4 on v\u00e4ltt\u00e4m\u00e4t\u00f6nt\u00e4 liikkuvien osien kitkan ja kulumisen minimoimiseksi, mik\u00e4 osaltaan pident\u00e4\u00e4 sylinterin k\u00e4ytt\u00f6ik\u00e4\u00e4.<\/p>\n<h2>S\u00e4\u00e4nn\u00f6lliset tarkastukset ja ennaltaehk\u00e4isev\u00e4t huoltotoimenpiteet<\/h2>\n<ul>\n<li><strong>S\u00e4\u00e4nn\u00f6lliset tarkastukset:<\/strong> Rutiinitarkastusten suorittaminen on ratkaisevan t\u00e4rke\u00e4\u00e4 mahdollisten ongelmien tunnistamiseksi ennen niiden pahenemista. Tarkista kulumisen merkit, vuodot ja yleinen kunto varmistaaksesi, ett\u00e4 sylinteri toimii tehokkaasti.<\/li>\n<li><strong>Oikea voitelu:<\/strong> Sylinterin asianmukainen voitelu hydrauliikka\u00f6ljyll\u00e4 auttaa v\u00e4hent\u00e4m\u00e4\u00e4n komponenttien kitkaa ja kulumista, mik\u00e4 pident\u00e4\u00e4 sylinterin k\u00e4ytt\u00f6ik\u00e4\u00e4 ja yll\u00e4pit\u00e4\u00e4 suorituskyky\u00e4.<\/li>\n<li><strong>Tiivisteen vaihto:<\/strong> Tiivisteiden s\u00e4\u00e4nn\u00f6llinen vaihtaminen osana huoltoa varmistaa, ett\u00e4 hydraulineste pysyy tehokkaasti erill\u00e4\u00e4n ja est\u00e4\u00e4 vuodot, jotka voivat johtaa suorituskykyongelmiin ja turvallisuusriskeihin.<\/li>\n<\/ul>\n<h2>Asennusohjeet<\/h2>\n<p>Puomisylinterien oikea asennus on v\u00e4ltt\u00e4m\u00e4t\u00f6nt\u00e4 optimaalisen suorituskyvyn saavuttamiseksi. Aloita varmistamalla, ett\u00e4 sylinteri on kohdistettu oikein kaivinkoneen kiinnityspisteisiin. K\u00e4yt\u00e4 sopivia kiinnitystelineit\u00e4 sylinterin kiinnitt\u00e4miseen paikalleen, est\u00e4en virheellisen kohdistuksen, joka voi johtaa liialliseen kulumiseen tai rikkoutumiseen. On eritt\u00e4in t\u00e4rke\u00e4\u00e4 noudattaa valmistajan ohjeita v\u00e4\u00e4nt\u00f6momentin asetuksista asennuksen aikana, jotta v\u00e4ltet\u00e4\u00e4n komponenttien vaurioituminen. Asennuksen j\u00e4lkeen tarkista hydrauliikkaliit\u00e4nn\u00e4t vuotojen varalta ja varmista, ett\u00e4 sylinteri toimii sujuvasti koko liikeradallaan. Tarkista s\u00e4\u00e4nn\u00f6llisesti oikea kohdistus ja kirist\u00e4 kaikki liitokset suorituskyvyn yll\u00e4pit\u00e4miseksi.<\/p>\n<h2>Yleiset huoltoteht\u00e4v\u00e4t<\/h2>\n<h3>S\u00e4\u00e4nn\u00f6lliset tarkastukset<\/h3>\n<p>S\u00e4\u00e4nn\u00f6lliset tarkastukset auttavat tunnistamaan kulumisen ja mahdolliset ongelmat varhaisessa vaiheessa. K\u00e4ytt\u00e4j\u00e4n tulisi ottaa k\u00e4ytt\u00f6\u00f6n rutiini sylinterin tarkastamiseksi hydraulinesteen vuotojen, vaurioiden tai ep\u00e4normaalien kulumismallien varalta varmistaakseen, ett\u00e4 kaikkiin ongelmiin puututaan viipym\u00e4tt\u00e4 toiminnan tehokkuuden yll\u00e4pit\u00e4miseksi.<\/p>\n<h3>Asianmukainen voitelu<\/h3>\n<p>Oikean voitelun yll\u00e4pit\u00e4minen on ratkaisevan t\u00e4rke\u00e4\u00e4 puomisylinterien pitk\u00e4ik\u00e4isyyden kannalta. K\u00e4ytt\u00e4j\u00e4n on varmistettava, ett\u00e4 sylinteri voidellaan s\u00e4\u00e4nn\u00f6llisesti asianmukaisella hydrauliikka\u00f6ljyll\u00e4 ja keskitytt\u00e4v\u00e4 pit\u00e4m\u00e4\u00e4n tiivisteet ja liikkuvat osat hyvin voideltuina kitkan ja kulumisen minimoimiseksi.<\/p>\n<h3>Tiivisteiden vaihto ja kalibrointitarkastukset<\/h3>\n<p>Tiivisteiden s\u00e4\u00e4nn\u00f6llinen tarkistus ja vaihto on v\u00e4ltt\u00e4m\u00e4t\u00f6nt\u00e4 vuotojen est\u00e4miseksi ja hydraulisen paineen yll\u00e4pit\u00e4miseksi. Kalibrointitarkastukset varmistavat, ett\u00e4 sylinteri toimii m\u00e4\u00e4ritettyjen parametrien mukaisesti, mik\u00e4 mahdollistaa tarkat liikkeet ja tehokkaan materiaalink\u00e4sittelyn. T\u00e4m\u00e4 ennakoiva huolto on ratkaisevan t\u00e4rke\u00e4\u00e4 toiminnan tehokkuuden yll\u00e4pit\u00e4miseksi ja laitteiden k\u00e4ytt\u00f6i\u00e4n pident\u00e4miseksi.<\/p>\n<p><img decoding=\"async\" src=\"https:\/\/www.hydraulic-cylinders.net\/wp-content\/uploads\/2025\/04\/songte-chushion-collar.webp\" alt=\"Tyynykaulus\" \/><\/p>\n<h2>Turvallisuusn\u00e4k\u00f6kohdat ja ymp\u00e4rist\u00f6tekij\u00e4t<\/h2>\n<p>Puomisylintereiden kanssa ty\u00f6skennelt\u00e4ess\u00e4 turvatoimenpiteet ovat ensiarvoisen t\u00e4rkeit\u00e4. Kuljettajien on noudatettava turvallisuusprotokollia, kuten k\u00e4ytett\u00e4v\u00e4 suojavarusteita ja varmistettava, ett\u00e4 hydraulij\u00e4rjestelm\u00e4 on paineeton ennen huoltotoimenpiteit\u00e4. Lis\u00e4ksi on otettava huomioon ymp\u00e4rist\u00f6n\u00e4k\u00f6kohdat, kuten hydraulinesteiden asianmukainen h\u00e4vitt\u00e4minen ja laitteiden huolto ymp\u00e4rist\u00f6lle haitallisten vuotojen est\u00e4miseksi. N\u00e4m\u00e4 k\u00e4yt\u00e4nn\u00f6t eiv\u00e4t ainoastaan \u200b\u200bparanna turvallisuutta, vaan my\u00f6s edist\u00e4v\u00e4t toiminnan kest\u00e4vyytt\u00e4.<\/p>\n<h2>Vianm\u00e4\u00e4ritys ja yleiset ongelmat<\/h2>\n<ul>\n<li><strong>Nestevuodot:<\/strong> Yksi yleisimmist\u00e4 puomisylintereiden ongelmista on nestevuoto. T\u00e4m\u00e4 voidaan usein j\u00e4ljitt\u00e4\u00e4 kuluneisiin tiivisteisiin. Tiivisteiden s\u00e4\u00e4nn\u00f6llinen tarkastus ja vaihto voi est\u00e4\u00e4 t\u00e4m\u00e4n ongelman.<\/li>\n<li><strong>Riitt\u00e4m\u00e4t\u00f6n pidennys tai vet\u00e4ytyminen:<\/strong> Jos sylinteri ei liiku kokonaan ulos tai sis\u00e4\u00e4n, se voi johtua alhaisesta hydrauliikka\u00f6ljyn m\u00e4\u00e4r\u00e4st\u00e4 tai j\u00e4rjestelm\u00e4ss\u00e4 olevasta ilmasta. Nestetasojen tarkistaminen ja j\u00e4rjestelm\u00e4n ilmaaminen voivat ratkaista t\u00e4m\u00e4n ongelman.<\/li>\n<li><strong>Ep\u00e4tavalliset \u00e4\u00e4net:<\/strong> Ep\u00e4tavalliset \u00e4\u00e4net k\u00e4yt\u00f6n aikana voivat viitata sis\u00e4isiin vaurioihin tai virheelliseen voiteluun. N\u00e4iden \u00e4\u00e4nien tutkiminen nopeasti voi auttaa v\u00e4ltt\u00e4m\u00e4\u00e4n sylinterin lis\u00e4vaurioita.<\/li>\n<\/ul>\n<h2>Ennaltaehk\u00e4isev\u00e4t toimenpiteet<\/h2>\n<p>Ennaltaehk\u00e4isevien toimenpiteiden toteuttaminen on olennaista puomisylintereiden ongelmien todenn\u00e4k\u00f6isyyden v\u00e4hent\u00e4miseksi. S\u00e4\u00e4nn\u00f6lliset huolto-ohjelmat, mukaan lukien tarkastukset ja voitelu, auttavat tunnistamaan ongelmat varhaisessa vaiheessa. Kuljettajien kouluttaminen kulumisen tai toimintah\u00e4iri\u00f6iden merkkien tunnistamiseen voi edelleen minimoida mahdollisia ongelmia. Lis\u00e4ksi vankan huoltotarpeiden raportointij\u00e4rjestelm\u00e4n luominen voi varmistaa oikea-aikaiset toimenpiteet, mik\u00e4 s\u00e4ilytt\u00e4\u00e4 laitteiden toimivuuden ja turvallisuuden.<\/p>\n<p><img decoding=\"async\" src=\"https:\/\/www.hydraulic-cylinders.net\/wp-content\/uploads\/2025\/04\/songte-bushings-with-all-kinds-of-excavator-models.webp\" alt=\"Kaivinkonemallien holkit\" \/><\/p>\n<h2>Tietoa yrityksest\u00e4mme<\/h2>\n<p>Olemme johtava hydraulisten sylinterien vaihto-osien valmistaja. Tarjoamme kattavan valikoiman tuotteita, jotka tekev\u00e4t meist\u00e4 yhden johtavista valmistajista ja tukkumyyjist\u00e4 sek\u00e4 kotimaisilla ett\u00e4 kansainv\u00e4lisill\u00e4 markkinoilla. Sitoutumisemme huippuosaamiseen kannustaa meit\u00e4 toteuttamaan hienostuneita valmistusstrategioita, hy\u00f6dynt\u00e4en edistynytt\u00e4 teknologiaa ja erikoistuneita testausj\u00e4rjestelmi\u00e4 tuotantokapasiteettimme parantamiseksi. Vahvat luovat kykymme mahdollistavat sen, ett\u00e4 pystymme t\u00e4ytt\u00e4m\u00e4\u00e4n monipuoliset asiakasvaatimukset tehokkaasti, tarkasti ja laadukkaasti.<\/p>\n<p>Olemme ylpeit\u00e4 ammattitaidostamme ja meill\u00e4 on kansainv\u00e4lisi\u00e4 sertifikaatteja, jotka heijastavat sitoutumistamme laatuun. R\u00e4\u00e4t\u00e4l\u00f6idyt palvelumme vastaavat asiakkaiden erityistarpeisiin varmistaen, ett\u00e4 he saavat juuri tarvitsemansa tuotteet. Huippuluokan tuotantolaitteemme mahdollistavat korkeiden standardien yll\u00e4pit\u00e4misen valmistusprosesseissamme ja varmistavat tasaisen laadun kaikissa tuotteissamme. Lis\u00e4ksi omistautunut j\u00e4lkimarkkinointipalvelumme varmistaa asiakastyytyv\u00e4isyyden ja tuen koko tuotteen elinkaaren ajan.<\/p>\n<p><img decoding=\"async\" src=\"https:\/\/www.hydraulic-cylinders.net\/wp-content\/uploads\/2025\/04\/songte-company-4.webp\" alt=\"Yrityksen yleiskatsaus\" \/><br \/>\n<img decoding=\"async\" src=\"https:\/\/www.hydraulic-cylinders.net\/wp-content\/uploads\/2025\/04\/songte-company-3.webp\" alt=\"Yrityksen toimitila\" \/><\/p>\n<p>Kirjoittaja: lyl<\/p>","protected":false},"excerpt":{"rendered":"<p>Boom Cylinder For Xinyuan Wheel Excavator XY75W-8-9 Introduction to Boom Cylinders The boom cylinder is a vital component in hydraulic systems used in heavy machinery, specifically designed to control the movement of the boom of excavators, backhoe loaders, and front loaders. This hydraulic cylinder is responsible for lifting, lowering, and tilting the boom, thus facilitating [&hellip;]<\/p>","protected":false},"featured_media":17875,"comment_status":"open","ping_status":"closed","template":"","meta":{"_et_pb_use_builder":"","_et_pb_old_content":"","_et_gb_content_width":""},"product_brand":[],"product_cat":[1546],"product_tag":[1547,1496],"class_list":{"0":"post-19597","1":"product","2":"type-product","3":"status-publish","4":"has-post-thumbnail","6":"product_cat-boom-cylinders","7":"product_tag-boom-cylinders","8":"product_tag-hydraulic-cylinders","10":"first","11":"instock","12":"shipping-taxable","13":"product-type-simple"},"amp_enabled":true,"_links":{"self":[{"href":"https:\/\/www.hydraulic-cylinders.net\/fi\/wp-json\/wp\/v2\/product\/19597","targetHints":{"allow":["GET"]}}],"collection":[{"href":"https:\/\/www.hydraulic-cylinders.net\/fi\/wp-json\/wp\/v2\/product"}],"about":[{"href":"https:\/\/www.hydraulic-cylinders.net\/fi\/wp-json\/wp\/v2\/types\/product"}],"replies":[{"embeddable":true,"href":"https:\/\/www.hydraulic-cylinders.net\/fi\/wp-json\/wp\/v2\/comments?post=19597"}],"wp:featuredmedia":[{"embeddable":true,"href":"https:\/\/www.hydraulic-cylinders.net\/fi\/wp-json\/wp\/v2\/media\/17875"}],"wp:attachment":[{"href":"https:\/\/www.hydraulic-cylinders.net\/fi\/wp-json\/wp\/v2\/media?parent=19597"}],"wp:term":[{"taxonomy":"product_brand","embeddable":true,"href":"https:\/\/www.hydraulic-cylinders.net\/fi\/wp-json\/wp\/v2\/product_brand?post=19597"},{"taxonomy":"product_cat","embeddable":true,"href":"https:\/\/www.hydraulic-cylinders.net\/fi\/wp-json\/wp\/v2\/product_cat?post=19597"},{"taxonomy":"product_tag","embeddable":true,"href":"https:\/\/www.hydraulic-cylinders.net\/fi\/wp-json\/wp\/v2\/product_tag?post=19597"}],"curies":[{"name":"wp","href":"https:\/\/api.w.org\/{rel}","templated":true}]}}