{"id":19598,"date":"2025-04-07T06:56:35","date_gmt":"2025-04-07T06:56:35","guid":{"rendered":"https:\/\/www.hydraulic-cylinders.net\/product\/boom-cylinder-for-xinyuan-wheel-excavator-xy90\/"},"modified":"2025-04-07T06:56:41","modified_gmt":"2025-04-07T06:56:41","slug":"boom-cylinder-for-xinyuan-wheel-excavator-xy90","status":"publish","type":"product","link":"https:\/\/www.hydraulic-cylinders.net\/fi\/tuote\/boom-cylinder-for-xinyuan-wheel-excavator-xy90\/","title":{"rendered":"Xinyuan-py\u00f6r\u00e4kaivinkoneen XY90 puomin sylinteri"},"content":{"rendered":"<h1>Xinyuan-py\u00f6r\u00e4kaivinkoneen XY90 puomin sylinteri<\/h1>\n<h2>Tuotteen yleiskatsaus<\/h2>\n<p>Xinyuan-py\u00f6r\u00e4kaivukoneen XY90 puomin sylinteri on olennainen hydraulinen komponentti, joka on suunniteltu ohjaamaan kaivinkoneiden puomin liikett\u00e4. T\u00e4ll\u00e4 hydraulisylinterill\u00e4 on keskeinen rooli puomin nostamisessa, laskemisessa ja kallistuksessa, mik\u00e4 on olennaista erilaisissa materiaalink\u00e4sittelyteht\u00e4viss\u00e4 rakennus- ja kaivut\u00f6iss\u00e4. Puomin sylinterin toiminnallisuus mahdollistaa tehokkaan kaivamisen, lastaamisen ja materiaalien, kuten maaper\u00e4n ja roskien, kuljetuksen.<\/p>\n<p>Hydraulij\u00e4rjestelmiss\u00e4 puomin sylinteri toimii k\u00e4ytt\u00e4m\u00e4ll\u00e4 paineistettua hydraulinestett\u00e4 liikkeen aikaansaamiseksi. Hydraulij\u00e4rjestelm\u00e4 mahdollistaa sujuvan ja tehokkaan toiminnan, mik\u00e4 on ratkaisevan t\u00e4rke\u00e4\u00e4 raskaille koneille. Kauhasylinteri, erikoistyyppinen hydraulisylinteri, on erityisesti suunniteltu kest\u00e4m\u00e4\u00e4n korkeita paineita ja raskaita kuormia varmistaen, ett\u00e4 se toimii optimaalisesti my\u00f6s haastavissa ty\u00f6ymp\u00e4rist\u00f6iss\u00e4.<\/p>\n<p><img decoding=\"async\" src=\"https:\/\/www.hydraulic-cylinders.net\/wp-content\/uploads\/2025\/04\/songte-company-1.webp\" alt=\"Kaivinkoneiden puomin sylinteri\"><\/p>\n<h2>Puomin sylinterin ominaisuudet<\/h2>\n<h3>1. Korkea lujuus ja kest\u00e4vyys<\/h3>\n<p>Puomin sylinteri on tyypillisesti valmistettu eritt\u00e4in lujasta ter\u00e4ksest\u00e4 tai alumiinista. T\u00e4m\u00e4 varmistaa, ett\u00e4 se kest\u00e4\u00e4 korkeaa painetta ja raskaita kuormia s\u00e4ilytt\u00e4en samalla toimivuutensa ankarissa ty\u00f6olosuhteissa. Suunnittelussa on otettu huomioon kulumiskest\u00e4vyys ja korroosionkest\u00e4vyys, mik\u00e4 pident\u00e4\u00e4 tuotteen k\u00e4ytt\u00f6ik\u00e4\u00e4 merkitt\u00e4v\u00e4sti.<\/p>\n<h3>2. Tehokas hydraulinen toiminta<\/h3>\n<p>Hydrauli\u00f6ljyn paineen ansiosta sylinteri saavuttaa tasaisen ja nopean laajentumisen ja sis\u00e4\u00e4nvedon. T\u00e4m\u00e4 nopea reagointi ohjauskomentoihin tarjoaa huomattavaa ty\u00f6nt\u00f6- ja vetovoimaa, mik\u00e4 tekee siit\u00e4 sopivan raskaiden esineiden k\u00e4sittelyyn ja monimutkaisten teht\u00e4vien suorittamiseen.<\/p>\n<h3>3. Monipuoliset tyypit<\/h3>\n<p>Puomisylinteri\u00e4 on saatavana erityyppisin\u00e4, mukaan lukien yksitoimisina (hydraulinen paine yhteen suuntaan) ja kaksitoimisina (paine molempiin suuntiin). T\u00e4m\u00e4 monipuolisuus vastaa erilaisiin k\u00e4ytt\u00f6tarpeisiin, ja tietyiss\u00e4 malleissa on teleskooppirakenteiset mallit, jotka mahdollistavat suuremman jatkeen ilman, ett\u00e4 sylinterin ulkomitat kasvavat, mik\u00e4 sopii erinomaisesti ahtaisiin sovelluksiin.<\/p>\n<h3>4. R\u00e4\u00e4t\u00e4l\u00f6ity valmistus<\/h3>\n<p>Olemme erikoistuneet t\u00e4m\u00e4n tuotteen valmistukseen varmistaen, ett\u00e4 sylinterimme ovat t\u00e4ydellisi\u00e4 korvaajia olemassa oleville hydraulisylintereille erilaisissa konesovelluksissa.<\/p>\n<p><img decoding=\"async\" src=\"https:\/\/www.hydraulic-cylinders.net\/wp-content\/uploads\/2025\/04\/songte-cylinder-head-with-all-kinds-excavator-models.webp\" alt=\"Kaivinkoneen sylinterikansi\"><\/p>\n<h3>5. Sovellusten monipuolisuus<\/h3>\n<p>Puomisylintereit\u00e4mme k\u00e4ytet\u00e4\u00e4n useilla eri teollisuudenaloilla, ja ne tarjoavat ratkaisevaa tukea erilaisille koneille:<\/p>\n<ul>\n<li><strong>Rakennuslaitteet:<\/strong> Kriittinen kaivinkoneissa kaivamiseen, lastaamiseen ja maaper\u00e4n tai roskien siirt\u00e4miseen. Puomin sylinteri avustaa sek\u00e4 kaivamisessa ett\u00e4 nostamisessa kaivurikuormaajissa.<\/li>\n<li><strong>Maatalouskoneet:<\/strong> K\u00e4ytet\u00e4\u00e4n etukuormaajissa maaper\u00e4n, hein\u00e4n ja muiden materiaalien tehokkaaseen kauhaukseen, nostamiseen ja kuljettamiseen.<\/li>\n<li><strong>Kaivinkoneet:<\/strong> Puomin sylinteri mahdollistaa kaivutoiminnot, koska kauha tunkeutuu tehokkaasti maahan.<\/li>\n<li><strong>Kuormaajat:<\/strong> Etukuormaajissa n\u00e4m\u00e4 sylinterit helpottavat materiaalien nostamista ja tyhjent\u00e4mist\u00e4, mik\u00e4 parantaa tuottavuutta erilaisissa teht\u00e4viss\u00e4.<\/li>\n<\/ul>\n<h2>Suunnittelun\u00e4k\u00f6kohdat ja valintakriteerit<\/h2>\n<h3>1. Kantavuus<\/h3>\n<p>Puomisylinterin kuormituskapasiteetti on kriittinen suunnittelukriteeri. Sen on kyett\u00e4v\u00e4 k\u00e4sittelem\u00e4\u00e4n k\u00e4yt\u00f6n aikana ilmenev\u00e4t enimm\u00e4iskuormat. Insin\u00f6\u00f6rit laskevat tarvittavan kuormituskapasiteetin tietyn k\u00e4ytt\u00f6tarkoituksen perusteella varmistaen, ett\u00e4 sylinteri toimii tehokkaasti vaihtelevissa olosuhteissa ilman vikaantumisriski\u00e4.<\/p>\n<h3>2. Tiivistys<\/h3>\n<p>Tehokas tiivistys on v\u00e4ltt\u00e4m\u00e4t\u00f6nt\u00e4 hydraulinesteen vuotojen est\u00e4miseksi. Korkealaatuiset tiivisteet, kuten m\u00e4nn\u00e4ntiivisteet ja varren tiivisteet, valitaan suorituskyvyn ja pitk\u00e4n k\u00e4ytt\u00f6i\u00e4n varmistamiseksi. Materiaalit, kuten polyuretaani ja nitriilikumi, ovat yleisi\u00e4 valintoja niiden kulutuskest\u00e4vyyden ja hydraulinesteiden yhteensopivuuden vuoksi.<\/p>\n<h3>3. Kest\u00e4vyys<\/h3>\n<p>Kest\u00e4vyys on ensiarvoisen t\u00e4rke\u00e4\u00e4 puomisylintereiden suunnittelussa. Niiden on kestett\u00e4v\u00e4 ankaria olosuhteita ja toistuvia syklej\u00e4 ilman heikkenemist\u00e4. Rakenteessa k\u00e4ytetyt materiaalit ja sylinterien pinnoille levitetyt suojapinnoitteet vaikuttavat merkitt\u00e4v\u00e4sti niiden kokonaiskest\u00e4vyyteen.<\/p>\n<h3>4. Turvaominaisuudet<\/h3>\n<p>Turvallisuus on kriittinen n\u00e4k\u00f6kohta hydraulisylintereiden suunnittelussa. Ominaisuudet, kuten paineenalennusventtiilit ja murtumissuojamekanismit, on sis\u00e4llytetty parantamaan turvallisuutta k\u00e4yt\u00f6n aikana ja est\u00e4m\u00e4\u00e4n hydraulisiin vikoihin liittyv\u00e4t mahdolliset vaarat.<\/p>\n<h3>5. Huollon helppous<\/h3>\n<p>Sylinterien suunnittelu helpoksi huollettaviksi on elint\u00e4rke\u00e4\u00e4 seisokkiaikojen minimoimiseksi. Helppok\u00e4ytt\u00f6iset osat helpottavat s\u00e4\u00e4nn\u00f6llisi\u00e4 tarkastuksia, nesteiden vaihtoa ja tiivisteiden vaihtoa varmistaen, ett\u00e4 sylinteri pysyy optimaalisessa toimintakunnossa.<\/p>\n<p><img decoding=\"async\" src=\"https:\/\/www.hydraulic-cylinders.net\/wp-content\/uploads\/2025\/04\/songte-oil-pipes-and-spare-parts.webp\" alt=\"Hydraulisylinterin osat\"><\/p>\n<h2>Tiivistys ja voitelu<\/h2>\n<p>Tehokas tiivistys ja voitelu ovat ratkaisevan t\u00e4rkeit\u00e4 puomin sylinterin pitk\u00e4ik\u00e4isyyden ja suorituskyvyn kannalta. Hydrauli\u00f6ljyn vuotojen est\u00e4miseksi k\u00e4ytet\u00e4\u00e4n erilaisia \u200b\u200btiivisteit\u00e4, kuten m\u00e4nn\u00e4ntiivisteit\u00e4 ja varren tiivisteit\u00e4. Kest\u00e4vist\u00e4 materiaaleista, kuten polyuretaanista ja nitriilikumista, valmistettujen tiivisteiden valinta varmistaa, ett\u00e4 ne kest\u00e4v\u00e4t kulumista ja altistumista hydrauli\u00f6ljyille.<\/p>\n<p>Sylinterin runko ja kierteitetyt p\u00e4\u00e4t k\u00e4sitell\u00e4\u00e4n hienovaraisesti kulutuskest\u00e4vyyden parantamiseksi. S\u00e4\u00e4nn\u00f6llinen voitelu hydrauliikka\u00f6ljyll\u00e4 on v\u00e4ltt\u00e4m\u00e4t\u00f6nt\u00e4 kitkan v\u00e4hent\u00e4miseksi ja sujuvan toiminnan yll\u00e4pit\u00e4miseksi. Hydrauliikka\u00f6ljyn tasot on t\u00e4rke\u00e4\u00e4 tarkistaa ja t\u00e4ytt\u00e4\u00e4 s\u00e4\u00e4nn\u00f6llisesti optimaalisen suorituskyvyn varmistamiseksi.<\/p>\n<h2>Ennaltaehk\u00e4isev\u00e4t huoltotoimenpiteet<\/h2>\n<ul>\n<li><strong>S\u00e4\u00e4nn\u00f6lliset tarkastukset:<\/strong> Tee s\u00e4\u00e4nn\u00f6llisi\u00e4 tarkastuksia mahdollisten kulumisen tai vaurioiden havaitsemiseksi. Tarkista vuodot, korroosio ja rakenteellinen eheys. Varhainen havaitseminen voi est\u00e4\u00e4 merkitt\u00e4vi\u00e4 vikoja.<\/li>\n<li><strong>Voitelu:<\/strong> Yll\u00e4pid\u00e4 asianmukaista voitelutasoa lis\u00e4\u00e4m\u00e4ll\u00e4 hydrauliikka\u00f6ljy\u00e4 tarpeen mukaan. Riitt\u00e4m\u00e4t\u00f6n voitelu voi johtaa lis\u00e4\u00e4ntyneeseen kitkaan ja ennenaikaiseen kulumiseen.<\/li>\n<li><strong>Tiivisteen vaihto:<\/strong> Tarkkaile tiivisteiden kuntoa ja vaihda ne, kun kulumisen merkkej\u00e4 ilmenee. T\u00e4m\u00e4 ennakoiva l\u00e4hestymistapa auttaa est\u00e4m\u00e4\u00e4n vuotoja ja yll\u00e4pit\u00e4m\u00e4\u00e4n hydraulista tehokkuutta.<\/li>\n<\/ul>\n<h2>Asennusohjeet<\/h2>\n<p>Puomin sylinterin oikea asennus on v\u00e4ltt\u00e4m\u00e4t\u00f6nt\u00e4 optimaalisen suorituskyvyn saavuttamiseksi. Noudata n\u00e4it\u00e4 ohjeita:<\/p>\n<ul>\n<li><strong>Kohdista sylinteri:<\/strong> Varmista, ett\u00e4 sylinteri on tarkasti linjassa koneiston kiinnityspisteiden kanssa. V\u00e4\u00e4r\u00e4 linjaus voi aiheuttaa ennenaikaista kulumista ja heikent\u00e4\u00e4 tehokkuutta.<\/li>\n<li><strong>K\u00e4yt\u00e4 sopivia kiinnitystelineit\u00e4:<\/strong> K\u00e4yt\u00e4 sopivia kiinnityskorvakkeita sylinterin kiinnitt\u00e4miseksi tukevasti paikalleen. T\u00e4m\u00e4 est\u00e4\u00e4 sen liikkumisen k\u00e4yt\u00f6n aikana ja varmistaa vakauden.<\/li>\n<li><strong>Tarkista hydrauliikkaletkut:<\/strong> Varmista, ett\u00e4 kaikki hydrauliikkaletkut on kytketty oikein ja ett\u00e4 niiss\u00e4 ei ole vuotoja ennen koneen k\u00e4ytt\u00f6\u00e4.<\/li>\n<li><strong>Testiajo:<\/strong> Asennuksen j\u00e4lkeen suorita koek\u00e4ytt\u00f6 varmistaaksesi asianmukaisen toiminnan ennen kuin otat koneen takaisin normaaliin k\u00e4ytt\u00f6\u00f6n.<\/li>\n<\/ul>\n<h2>Huoltoteht\u00e4v\u00e4t<\/h2>\n<ul>\n<li><strong>S\u00e4\u00e4nn\u00f6lliset tarkastukset:<\/strong> Laadi rutiininomainen tarkastusohjelma puomin sylinterin suorituskyvyn valvomiseksi. T\u00e4m\u00e4 sis\u00e4lt\u00e4\u00e4 nestetasojen arvioinnin, vuotojen tarkistamisen ja komponenttien kulumisen tarkistamisen.<\/li>\n<li><strong>Voitelu:<\/strong> Voitele kaikki liikkuvat osat s\u00e4\u00e4nn\u00f6llisesti kitkan minimoimiseksi ja sylinterin k\u00e4ytt\u00f6i\u00e4n pident\u00e4miseksi. K\u00e4yt\u00e4 suositeltua hydrauliikka\u00f6ljy\u00e4 ja varmista, ett\u00e4 sen taso on oikea.<\/li>\n<li><strong>Tiivisteen vaihto:<\/strong> Vaihda kuluneet tai vaurioituneet tiivisteet viipym\u00e4tt\u00e4 vuotojen est\u00e4miseksi ja hydraulipaineen yll\u00e4pit\u00e4miseksi. S\u00e4\u00e4nn\u00f6lliset tiivisteiden tarkastukset voivat auttaa hallitsemaan t\u00e4t\u00e4 tehokkaasti.<\/li>\n<\/ul>\n<h2>Turvallisuusn\u00e4k\u00f6kohdat ja ymp\u00e4rist\u00f6tekij\u00e4t<\/h2>\n<p>Puomisylintereit\u00e4 k\u00e4ytett\u00e4ess\u00e4 on ensiarvoisen t\u00e4rke\u00e4\u00e4 toteuttaa turvatoimenpiteit\u00e4. K\u00e4ytt\u00e4j\u00e4t tulee kouluttaa hydraulisten j\u00e4rjestelmien oikeaan k\u00e4sittelyyn ja k\u00e4ytt\u00f6\u00f6n. Suojavarusteita on aina k\u00e4ytett\u00e4v\u00e4 riskien minimoimiseksi huollon tai k\u00e4yt\u00f6n aikana. Lis\u00e4ksi on otettava huomioon asianmukaiset ymp\u00e4rist\u00f6n\u00e4k\u00f6kohdat, kuten sen varmistaminen, ett\u00e4 hydraulinesteet eiv\u00e4t vuoda ja saastuta ymp\u00e4r\u00f6iv\u00e4\u00e4 aluetta.<\/p>\n<h2>Vianm\u00e4\u00e4ritys ja yleiset ongelmat<\/h2>\n<ul>\n<li><strong>Vuoto:<\/strong> Yksi yleisimmist\u00e4 ongelmista on hydraulinesteen vuoto. T\u00e4m\u00e4 voi johtua kuluneista tiivisteist\u00e4 tai virheellisest\u00e4 asennuksesta. S\u00e4\u00e4nn\u00f6lliset tarkastukset voivat auttaa havaitsemaan n\u00e4m\u00e4 vuodot varhaisessa vaiheessa.<\/li>\n<li><strong>Ep\u00e4johdonmukainen liike:<\/strong> Jos puomin sylinteri liikkuu nykiv\u00e4t\u00e4sti tai ep\u00e4tasaisesti, se voi viitata ilmaan hydrauliikkalinjoissa tai alhaiseen hydraulinesteen tasoon. J\u00e4rjestelm\u00e4n ilmaaminen ja nesteiden lis\u00e4\u00e4minen voivat ratkaista ongelman.<\/li>\n<li><strong>Paineh\u00e4vi\u00f6:<\/strong> Hydraulisen paineen lasku voi johtaa tehottomaan toimintaan. T\u00e4m\u00e4 voi johtua tukkeutuneista letkuista tai toimimattomasta pumpusta. N\u00e4iden komponenttien vianm\u00e4\u00e4ritys on v\u00e4ltt\u00e4m\u00e4t\u00f6nt\u00e4 toiminnan palauttamiseksi.<\/li>\n<\/ul>\n<h2>Vianm\u00e4\u00e4ritysvinkkej\u00e4<\/h2>\n<p>Tehokkaan ongelmien diagnosoinnin ja ratkaisemisen varmistamiseksi k\u00e4ytt\u00e4jien tulisi tehd\u00e4 seuraavat toimet:<\/p>\n<ul>\n<li><strong>S\u00e4\u00e4nn\u00f6llinen huolto:<\/strong> Suorita huoltoteht\u00e4v\u00e4t ennakoivasti v\u00e4hent\u00e4\u00e4ksesi ongelmien todenn\u00e4k\u00f6isyytt\u00e4. Hyvin yll\u00e4pidetyss\u00e4 j\u00e4rjestelm\u00e4ss\u00e4 on v\u00e4hemm\u00e4n todenn\u00e4k\u00f6isyytt\u00e4 vikoihin.<\/li>\n<li><strong>N\u00e4yt\u00f6n suorituskyky:<\/strong> Pid\u00e4 silm\u00e4ll\u00e4 hydraulij\u00e4rjestelm\u00e4n suorituskykymittareita. Muutosten havaitseminen varhain voi auttaa korjaamaan ongelmia ennen kuin ne eskaloituvat.<\/li>\n<li><strong>Kysy asiantuntijoilta:<\/strong> Jos vianm\u00e4\u00e4ritys ei ratkaise ongelmaa, ota yhteytt\u00e4 hydrauliikkaj\u00e4rjestelmien asiantuntijoihin, jotka voivat antaa n\u00e4kemyksi\u00e4 ja suosituksia kokemuksensa perusteella.<\/li>\n<\/ul>\n<p><img decoding=\"async\" src=\"https:\/\/www.hydraulic-cylinders.net\/wp-content\/uploads\/2025\/04\/songte-bushings-with-all-kinds-of-excavator-models.webp\" alt=\"Kaivinkonemallien holkit\"><\/p>\n<h2>Tietoa yrityksest\u00e4mme<\/h2>\n<p>Olemme johtava hydraulisten sylinterien vaihtolaitteiden valmistaja, jolla on laaja valikoima tuotteita sek\u00e4 kotimaisille ett\u00e4 kansainv\u00e4lisille markkinoille. Sitoutumisemme huippuosaamiseen n\u00e4kyy hienossa valmistuspajassamme ja teollisen tuotannon hallintastrategioissamme. Parannamme jatkuvasti valmistusymp\u00e4rist\u00f6\u00e4mme integroimalla teknist\u00e4 asiantuntemusta, edistyneit\u00e4 digitaalisia valmistuslaitteita ja erikoistuneita testausj\u00e4rjestelmi\u00e4.<\/p>\n<p>Laatu on meille ensiarvoisen t\u00e4rke\u00e4\u00e4, sill\u00e4 pyrimme vastaamaan asiakkaidemme monipuolisiin tarpeisiin tehokkaalla, tarkalla ja huippuluokan tuotteilla. Ammattitaitoinen tiimimme on omistautunut tarjoamaan r\u00e4\u00e4t\u00e4l\u00f6ityj\u00e4 palveluita varmistaen, ett\u00e4 jokainen tuote t\u00e4ytt\u00e4\u00e4 asiakkaidemme erityisvaatimukset. Lis\u00e4ksi meill\u00e4 on kansainv\u00e4liset sertifikaatit, jotka takaavat tuotteidemme luotettavuuden ja turvallisuuden.<\/p>\n<p><img decoding=\"async\" src=\"https:\/\/www.hydraulic-cylinders.net\/wp-content\/uploads\/2025\/04\/songte-company-4.webp\" alt=\"Yrityskuva 1\"><br \/>\n<img decoding=\"async\" src=\"https:\/\/www.hydraulic-cylinders.net\/wp-content\/uploads\/2025\/04\/songte-company-3.webp\" alt=\"Yrityskuva 2\"><\/p>\n<p>Kirjoittaja: lyl<\/p>","protected":false},"excerpt":{"rendered":"<p>Boom Cylinder For Xinyuan Wheel Excavator XY90 Product Overview The Boom Cylinder for the Xinyuan Wheel Excavator XY90 is an essential hydraulic component designed to control the movement of the boom in excavators. This hydraulic cylinder plays a pivotal role in enabling the lifting, lowering, and tilting of the boom, which is fundamental for various [&hellip;]<\/p>","protected":false},"featured_media":17876,"comment_status":"open","ping_status":"closed","template":"","meta":{"_et_pb_use_builder":"","_et_pb_old_content":"","_et_gb_content_width":""},"product_brand":[],"product_cat":[1546],"product_tag":[1547,1496],"class_list":{"0":"post-19598","1":"product","2":"type-product","3":"status-publish","4":"has-post-thumbnail","6":"product_cat-boom-cylinders","7":"product_tag-boom-cylinders","8":"product_tag-hydraulic-cylinders","10":"first","11":"instock","12":"shipping-taxable","13":"product-type-simple"},"amp_enabled":true,"_links":{"self":[{"href":"https:\/\/www.hydraulic-cylinders.net\/fi\/wp-json\/wp\/v2\/product\/19598","targetHints":{"allow":["GET"]}}],"collection":[{"href":"https:\/\/www.hydraulic-cylinders.net\/fi\/wp-json\/wp\/v2\/product"}],"about":[{"href":"https:\/\/www.hydraulic-cylinders.net\/fi\/wp-json\/wp\/v2\/types\/product"}],"replies":[{"embeddable":true,"href":"https:\/\/www.hydraulic-cylinders.net\/fi\/wp-json\/wp\/v2\/comments?post=19598"}],"wp:featuredmedia":[{"embeddable":true,"href":"https:\/\/www.hydraulic-cylinders.net\/fi\/wp-json\/wp\/v2\/media\/17876"}],"wp:attachment":[{"href":"https:\/\/www.hydraulic-cylinders.net\/fi\/wp-json\/wp\/v2\/media?parent=19598"}],"wp:term":[{"taxonomy":"product_brand","embeddable":true,"href":"https:\/\/www.hydraulic-cylinders.net\/fi\/wp-json\/wp\/v2\/product_brand?post=19598"},{"taxonomy":"product_cat","embeddable":true,"href":"https:\/\/www.hydraulic-cylinders.net\/fi\/wp-json\/wp\/v2\/product_cat?post=19598"},{"taxonomy":"product_tag","embeddable":true,"href":"https:\/\/www.hydraulic-cylinders.net\/fi\/wp-json\/wp\/v2\/product_tag?post=19598"}],"curies":[{"name":"wp","href":"https:\/\/api.w.org\/{rel}","templated":true}]}}