{"id":19604,"date":"2025-04-07T06:57:00","date_gmt":"2025-04-07T06:57:00","guid":{"rendered":"https:\/\/www.hydraulic-cylinders.net\/product\/boom-cylinder-for-volwa-small-excavator-dls130-9\/"},"modified":"2025-04-07T06:57:03","modified_gmt":"2025-04-07T06:57:03","slug":"boom-cylinder-for-volwa-small-excavator-dls130-9","status":"publish","type":"product","link":"https:\/\/www.hydraulic-cylinders.net\/fi\/tuote\/boom-cylinder-for-volwa-small-excavator-dls130-9\/","title":{"rendered":"Puomin sylinteri Volwa-kaivinkoneeseen DLS130-9"},"content":{"rendered":"<h1>Puomin sylinteri Volwa-kaivinkoneeseen DLS130-9<\/h1>\n<h2>Tuotteen yleiskatsaus<\/h2>\n<p>Volwa Small Exhaust -kaivukoneen DLS130-9 puomin sylinteri on kriittinen komponentti hydraulij\u00e4rjestelmiss\u00e4, ja se on erityisesti suunniteltu ohjaamaan kauhan liikett\u00e4 erilaisissa raskaissa koneissa, kuten kaivinkoneissa, kaivurikuormaajissa ja etukuormaajissa. T\u00e4m\u00e4 hydraulisylinteri helpottaa kauhan nostamista, laskemista ja kallistusta, mik\u00e4 tekee siit\u00e4 v\u00e4ltt\u00e4m\u00e4tt\u00f6m\u00e4n ty\u00f6kalun materiaalink\u00e4sittelyteht\u00e4viss\u00e4.<\/p>\n<p>Hydraulisylinterin\u00e4 kauhan sylinteri toimii nestepaineen periaatteella. Kun hydrauli\u00f6ljy\u00e4 pumpataan sylinteriin, se luo paineen, joka liikuttaa m\u00e4nt\u00e4\u00e4, joka puolestaan \u200b\u200bliikuttaa kauhaa. T\u00e4m\u00e4 mekanismi mahdollistaa kauhan asennon tarkan hallinnan, jolloin k\u00e4ytt\u00e4j\u00e4t voivat suorittaa monimutkaisia \u200b\u200bteht\u00e4vi\u00e4 tehokkaasti. Puomisylinterin rakenne varmistaa, ett\u00e4 se kest\u00e4\u00e4 raskaan noston ja vaativien ymp\u00e4rist\u00f6jen vaatimukset, mik\u00e4 tekee siit\u00e4 luotettavan valinnan rakennus- ja maatalouskoneisiin.<\/p>\n<p><img decoding=\"async\" src=\"https:\/\/www.hydraulic-cylinders.net\/wp-content\/uploads\/2025\/04\/songte-company-1.webp\" alt=\"Kaivinkoneen puomin sylinteri\"><\/p>\n<h2>Puomin sylinterin ominaisuudet<\/h2>\n<ul>\n<li><strong>Korkea lujuus ja kest\u00e4vyys:<\/strong> Yleens\u00e4 lujasta ter\u00e4ksest\u00e4 tai alumiinista valmistetut sylinterit kest\u00e4v\u00e4t korkeaa painetta ja raskaita kuormia, joten ne sopivat vaativiin ty\u00f6olosuhteisiin. Ne on suunniteltu kulutus- ja korroosionkest\u00e4vyys mieless\u00e4 pit\u00e4en, mik\u00e4 pident\u00e4\u00e4 tuotteen k\u00e4ytt\u00f6ik\u00e4\u00e4.<\/li>\n<li><strong>Tehokas hydraulinen k\u00e4ytt\u00f6:<\/strong> Sylinteri hy\u00f6dynt\u00e4\u00e4 hydrauli\u00f6ljyn painetta sujuvaan ulos- ja sis\u00e4\u00e4nvetoon, mik\u00e4 tarjoaa nopeat vasteajat ohjauskomennoille ja tehokkaat ty\u00f6nt\u00f6- ja vetovoimat, mik\u00e4 sopii erinomaisesti raskaiden esineiden k\u00e4sittelyyn ja monimutkaisiin teht\u00e4viin.<\/li>\n<li><strong>Erilaisia \u200b\u200btyyppej\u00e4:<\/strong> Vaihtoehtoja ovat yksitoimiset (hydraulinen paine yhteen suuntaan) ja kaksitoimiset (hydraulinen paine molempiin suuntiin) sylinterit erilaisiin k\u00e4ytt\u00f6tarpeisiin. Jotkut mallit ovat teleskooppisia, mik\u00e4 mahdollistaa suuremman jatkeen ilman ulkomittojen kasvua, joten ne sopivat ahtaisiin sovelluksiin.<\/li>\n<li><strong>Mukautettu valmistus:<\/strong> Yrityksemme on erikoistunut t\u00e4m\u00e4n tuotteen valmistukseen, mik\u00e4 varmistaa, ett\u00e4 sylinterimme korvaavat t\u00e4ydellisesti olemassa olevat hydraulisylinterit.<\/li>\n<li><strong>Monipuoliset sovellukset:<\/strong> Suunniteltu tukemaan erilaisia \u200b\u200bkoneita ja parantamaan tuottavuutta eri sektoreilla.<\/li>\n<\/ul>\n<p><img decoding=\"async\" src=\"https:\/\/www.hydraulic-cylinders.net\/wp-content\/uploads\/2025\/04\/songte-cylinder-head-with-all-kinds-excavator-models.webp\" alt=\"Kaivinkonemallit\"><\/p>\n<h2>Puomisylinterin sovellukset<\/h2>\n<h3>Rakennuslaitteet<\/h3>\n<p>Rakennuskoneissa puomin sylinterit ovat ratkaisevan t\u00e4rkeit\u00e4 kaivamisessa, lastaamisessa ja maan tai roskien siirt\u00e4misess\u00e4. Ne auttavat hallitsemaan kauhan liikett\u00e4, mik\u00e4 mahdollistaa tehokkaan kaivu- ja lastaustoiminnan. Kaivurikuormaajissa puomin sylinteri auttaa sek\u00e4 kaivamisessa ett\u00e4 nostamisessa, mik\u00e4 tarjoaa joustavuutta erilaisiin teht\u00e4viin.<\/p>\n<h3>Maatalouskoneet<\/h3>\n<p>Etukuormaajissa puomisylintereit\u00e4 k\u00e4ytet\u00e4\u00e4n maan, hein\u00e4n ja muiden materiaalien kauhaamiseen, nostamiseen ja kuljettamiseen. Ne varmistavat, ett\u00e4 kauha osuu tehokkaasti materiaaleihin, mik\u00e4 mahdollistaa sujuvan toiminnan maataloudessa ja materiaalink\u00e4sittelyss\u00e4.<\/p>\n<h3>Kaivinkoneet<\/h3>\n<p>Kaivinkoneet k\u00e4ytt\u00e4v\u00e4t kauhan sylinteri\u00e4 tunkeutuakseen maahan kaivamisen aikana. Sen rakenne mahdollistaa kauhan kulman ja syvyyden tarkan hallinnan, mik\u00e4 tekee siit\u00e4 ihanteellisen kaivut\u00f6ihin vaihtelevissa maaper\u00e4olosuhteissa.<\/p>\n<h3>Kuormaajat<\/h3>\n<p>Etukuormaajissa puomisylinterit auttavat kuormien tehokkaassa nostamisessa ja tyhjent\u00e4misess\u00e4. Niiden kest\u00e4v\u00e4 rakenne mahdollistaa raskaiden nostojen tekemisen, varmistaen, ett\u00e4 kuljettajat voivat k\u00e4sitell\u00e4 materiaaleja tehokkaasti vaarantamatta turvallisuutta.<\/p>\n<h2>Suunnittelun\u00e4k\u00f6kohdat ja valintastandardit<\/h2>\n<h3>Kantavuus<\/h3>\n<p>Puomisylinteri\u00e4 valittaessa kuormituskapasiteetti on ensisijainen huomioitava seikka. Sylinterin on oltava riitt\u00e4v\u00e4n vahva kest\u00e4m\u00e4\u00e4n k\u00e4yt\u00f6n aikana odotettavissa olevat enimm\u00e4iskuormitukset. Tekij\u00e4t, kuten siirrett\u00e4vien materiaalien paino ja k\u00e4ytett\u00e4vien koneiden tyyppi, ovat merkitt\u00e4vi\u00e4 tekij\u00f6it\u00e4 sopivan kuormituskapasiteetin m\u00e4\u00e4ritt\u00e4misess\u00e4.<\/p>\n<h3>Tiivistyksen eheys<\/h3>\n<p>Puomin sylinterin tiivistys on ratkaisevan t\u00e4rke\u00e4\u00e4 hydraulisen paineen yll\u00e4pit\u00e4miseksi ja vuotojen est\u00e4miseksi. Laadukkaat tiivisteet ovat v\u00e4ltt\u00e4m\u00e4tt\u00f6mi\u00e4 pitk\u00e4aikaisen suorituskyvyn varmistamiseksi. Tiivisteet tulee valita hydrauli\u00f6ljyjen yhteensopivuuden ja kulumiskest\u00e4vyyden perusteella optimaalisen suorituskyvyn varmistamiseksi.<\/p>\n<h3>Kest\u00e4vyys<\/h3>\n<p>Kest\u00e4vyys on keskeinen tekij\u00e4 puomisylinterin suunnittelussa. Sen on kestett\u00e4v\u00e4 ankaria k\u00e4ytt\u00f6olosuhteita, mukaan lukien altistuminen p\u00f6lylle, lialle ja kosteudelle. Valmistuksessa k\u00e4ytettyjen materiaalien tulee olla kulumisen- ja korroosionkest\u00e4vi\u00e4, mik\u00e4 varmistaa sylinterin tehokkaan toiminnan pitk\u00e4n aikaa.<\/p>\n<h3>Turvaominaisuudet<\/h3>\n<p>Turvallisuus on ensiarvoisen t\u00e4rke\u00e4\u00e4 hydraulisylintereit\u00e4 harkittaessa. Suunnittelussa tulisi olla turvaominaisuuksia, jotka est\u00e4v\u00e4t ylikuormituksen ja varmistavat vakaan toiminnan. N\u00e4ihin voivat kuulua paineenalennusventtiilit ja vikasietomekanismit sek\u00e4 k\u00e4ytt\u00e4j\u00e4n ett\u00e4 koneen suojaamiseksi.<\/p>\n<h3>Huolto Esteett\u00f6myys<\/h3>\n<p>Puomin sylinterin rakenteen tulisi mahdollistaa helppo huolto ja korjaus. Kriittisten komponenttien helppo p\u00e4\u00e4sy tarkastusta, voitelua ja vaihtoa varten voi merkitt\u00e4v\u00e4sti v\u00e4hent\u00e4\u00e4 seisokkiaikoja ja huoltokustannuksia, mik\u00e4 parantaa kokonaistehokkuutta.<\/p>\n<p><img decoding=\"async\" src=\"https:\/\/www.hydraulic-cylinders.net\/wp-content\/uploads\/2025\/04\/songte-oil-pipes-and-spare-parts.webp\" alt=\"\u00d6ljyputket ja varaosat\"><\/p>\n<h2>Tiivistys ja voitelu<\/h2>\n<p>Tehokas tiivistys ja voitelu ovat elint\u00e4rkeit\u00e4 puomisylinterien suorituskyvylle. Erilaiset tiivisteet, kuten m\u00e4nn\u00e4ntiivisteet ja varren tiivisteet, ovat v\u00e4ltt\u00e4m\u00e4tt\u00f6mi\u00e4 hydraulisen paineen yll\u00e4pit\u00e4miseksi ja vuotojen est\u00e4miseksi. N\u00e4m\u00e4 tiivisteet on usein valmistettu kest\u00e4vist\u00e4 materiaaleista, kuten polyuretaanista tai nitriilikumista, jotka tarjoavat erinomaisen kulutuskest\u00e4vyyden. Lis\u00e4ksi sylinterin runko ja kierteitetyt p\u00e4\u00e4t on hienosti k\u00e4sitelty kest\u00e4vyyden parantamiseksi.<\/p>\n<p>S\u00e4\u00e4nn\u00f6llinen voitelu hydrauliikka\u00f6ljyll\u00e4 on v\u00e4ltt\u00e4m\u00e4t\u00f6nt\u00e4 sujuvan toiminnan varmistamiseksi ja ennenaikaisen kulumisen est\u00e4miseksi. Oikea voitelu v\u00e4hent\u00e4\u00e4 liikkuvien osien v\u00e4list\u00e4 kitkaa, mik\u00e4 osaltaan pident\u00e4\u00e4 sylinterin k\u00e4ytt\u00f6ik\u00e4\u00e4.<\/p>\n<h2>Ennaltaehk\u00e4isev\u00e4t huoltotoimenpiteet<\/h2>\n<ul>\n<li><strong>S\u00e4\u00e4nn\u00f6lliset tarkastukset:<\/strong> Tee rutiinitarkastuksia kulumisen tai vuotojen havaitsemiseksi. Varhainen havaitseminen voi est\u00e4\u00e4 vakavia vikoja ja kalliita korjauksia.<\/li>\n<li><strong>Asianmukainen voitelu:<\/strong> Varmista, ett\u00e4 hydrauliikka\u00f6ljyn taso on suositellulla tasolla ja ett\u00e4 se sopii k\u00e4ytt\u00f6olosuhteisiin. Tarkista s\u00e4\u00e4nn\u00f6llisesti \u00f6ljyn ep\u00e4puhtaudet.<\/li>\n<li><strong>Tiivisteen vaihto:<\/strong> Vaihda tiivisteet tarvittaessa paineen eheyden yll\u00e4pit\u00e4miseksi ja vuotojen est\u00e4miseksi. T\u00e4m\u00e4n tulisi olla osa s\u00e4\u00e4nn\u00f6llist\u00e4 huolto-ohjelmaa.<\/li>\n<\/ul>\n<h2>Asennusohjeet<\/h2>\n<p>Puomisylinterin oikea asennus on ratkaisevan t\u00e4rke\u00e4\u00e4 optimaalisen suorituskyvyn saavuttamiseksi. Aloita varmistamalla, ett\u00e4 sylinteri ja sen kiinnityspisteet ovat puhtaat ja roskattomat. K\u00e4yt\u00e4 sopivia kohdistusty\u00f6kaluja varmistaaksesi, ett\u00e4 sylinteri on oikein kohdistettu asennuksen aikana. On t\u00e4rke\u00e4\u00e4 k\u00e4ytt\u00e4\u00e4 sopivia kiinnitystelineit\u00e4 sylinterin kiinnitt\u00e4miseen, jotta est\u00e4t mahdolliset virhekohdistukset k\u00e4yt\u00f6n aikana.<\/p>\n<p>Noudata valmistajan asennusohjeita huolellisesti ja varmista, ett\u00e4 kaikki kiinnikkeet kiristet\u00e4\u00e4n m\u00e4\u00e4ritettyyn momenttiin. Asennuksen j\u00e4lkeen suorita perusteellinen tarkastus varmistaaksesi, ett\u00e4 kaikki komponentit on asennettu oikein ja ett\u00e4 ne toimivat tarkoitetulla tavalla.<\/p>\n<h2>Yleiset huoltoteht\u00e4v\u00e4t<\/h2>\n<ul>\n<li><strong>S\u00e4\u00e4nn\u00f6lliset tarkastukset:<\/strong> Tarkista puomin sylinterin kunto s\u00e4\u00e4nn\u00f6llisesti tarkistamalla kulumisen ja repe\u00e4misen merkit, vuodot ja yleinen toiminta.<\/li>\n<li><strong>Oikea voitelu:<\/strong> Varmista hydraulij\u00e4rjestelm\u00e4n tasainen voitelu kitkan ja liikkuvien osien kulumisen v\u00e4hent\u00e4miseksi, mik\u00e4 on elint\u00e4rke\u00e4\u00e4 suorituskyvyn yll\u00e4pit\u00e4miseksi ja sylinterin k\u00e4ytt\u00f6i\u00e4n pident\u00e4miseksi.<\/li>\n<li><strong>Tiivisteen vaihto:<\/strong> Tarkkaile tiivisteiden kuntoa ja vaihda ne tarvittaessa hydraulisen paineen yll\u00e4pit\u00e4miseksi ja nestevuotojen est\u00e4miseksi. Oikea-aikainen vaihto on ratkaisevan t\u00e4rke\u00e4\u00e4 hydraulij\u00e4rjestelm\u00e4n tehokkaan toiminnan kannalta.<\/li>\n<\/ul>\n<h2>Turvallisuusn\u00e4k\u00f6kohdat ja ymp\u00e4rist\u00f6tekij\u00e4t<\/h2>\n<p>Hydraulisylinterien kanssa ty\u00f6skennelt\u00e4ess\u00e4 turvatoimenpiteet ovat ensiarvoisen t\u00e4rkeit\u00e4. K\u00e4ytt\u00e4j\u00e4t tulee kouluttaa ymm\u00e4rt\u00e4m\u00e4\u00e4n laitteiden k\u00e4ytt\u00f6rajoitukset ja turvaominaisuudet. K\u00e4yt\u00e4 aina asianmukaisia \u200b\u200bhenkil\u00f6nsuojaimia ja varmista, ettei koneita k\u00e4ytet\u00e4 niiden kapasiteetin ulkopuolella. S\u00e4\u00e4nn\u00f6lliset turvallisuustarkastukset ja turvallisuusm\u00e4\u00e4r\u00e4ysten noudattaminen voivat merkitt\u00e4v\u00e4sti minimoida hydraulisiin koneisiin liittyvi\u00e4 riskej\u00e4.<\/p>\n<h2>Yleisten ongelmien vianm\u00e4\u00e4ritys<\/h2>\n<ul>\n<li><strong>Vuoto:<\/strong> Jos havaitset nestevuotoja, tarkista tiivisteet ja liittimet vaurioiden varalta ja vaihda ne tarvittaessa. Varmista, ett\u00e4 hydrauliikka\u00f6ljyn taso pysyy tasaisena.<\/li>\n<li><strong>Tehon menetys:<\/strong> Nostovoiman heikkeneminen voi viitata sylinterin sis\u00e4iseen kulumiseen tai hydrauli\u00f6ljyn likaantumiseen. Tarkista hydrauli\u00f6ljyn laatu ja vaihda se tarvittaessa.<\/li>\n<li><strong>Ep\u00e4tavalliset \u00e4\u00e4net:<\/strong> Ep\u00e4tavalliset \u00e4\u00e4net k\u00e4yt\u00f6n aikana voivat viitata mekaanisiin ongelmiin tai riitt\u00e4m\u00e4tt\u00f6m\u00e4\u00e4n voiteluun. Suorita perusteellinen tarkastus ongelman tunnistamiseksi ja korjaamiseksi.<\/li>\n<\/ul>\n<p>Ennakoiva toiminta kunnossapidossa ja ongelmien nopea korjaaminen voivat auttaa lievent\u00e4m\u00e4\u00e4n vakavampia ongelmia tulevaisuudessa.<\/p>\n<p><img decoding=\"async\" src=\"https:\/\/www.hydraulic-cylinders.net\/wp-content\/uploads\/2025\/04\/songte-bushings-with-all-kinds-of-excavator-models.webp\" alt=\"Kaivinkoneen holkit\"><\/p>\n<h2>Tietoa yrityksest\u00e4mme<\/h2>\n<p>Olemme varaosien hydraulisylintereiden valmistaja ja tarjoamme kattavan tuotevalikoiman. Olemme yksi johtavista valmistajista ja tukkumyyjist\u00e4 sek\u00e4 kotimaisilla ett\u00e4 kansainv\u00e4lisill\u00e4 markkinoilla. Noudatamme erinomaista laatua ja luotamme hienostuneeseen tuotantoty\u00f6pajan hallintastrategiaan. Yrityksemme parantaa jatkuvasti tuotantoymp\u00e4rist\u00f6\u00e4\u00e4n hy\u00f6dynt\u00e4m\u00e4ll\u00e4 teknist\u00e4 osaamista, huippuluokan digitaalisia valmistuslaitteita ja ammattimaisia \u200b\u200btestausj\u00e4rjestelmi\u00e4.<\/p>\n<p>Keskitymme tuotteiden laadun parantamiseen tuotantolinjoilla ja olemme kehitt\u00e4neet vankan luovan osaamisen. Korkean tehokkuuden, tarkkuuden ja korkean laadun periaatteemme mahdollistavat sen, ett\u00e4 pystymme vastaamaan monipuolisiin asiakastarpeisiin.<\/p>\n<p><img decoding=\"async\" src=\"https:\/\/www.hydraulic-cylinders.net\/wp-content\/uploads\/2025\/04\/songte-company-4.webp\" alt=\"Yrityksen yleiskatsaus\"><br \/>\n<img decoding=\"async\" src=\"https:\/\/www.hydraulic-cylinders.net\/wp-content\/uploads\/2025\/04\/songte-company-3.webp\" alt=\"Yritysvalmistus\"><\/p>\n<p>Kirjoittaja: lyl<\/p>","protected":false},"excerpt":{"rendered":"<p>Boom Cylinder For Volwa Small Excavator DLS130-9 Product Overview The Boom Cylinder for the Volwa Small Excavator DLS130-9 is a critical component in hydraulic systems, specifically designed to control the movement of the bucket on various heavy machinery, including excavators, backhoe loaders, and front loaders. This hydraulic cylinder facilitates the lifting, lowering, and tilting of [&hellip;]<\/p>","protected":false},"featured_media":17867,"comment_status":"open","ping_status":"closed","template":"","meta":{"_et_pb_use_builder":"","_et_pb_old_content":"","_et_gb_content_width":""},"product_brand":[],"product_cat":[1546],"product_tag":[1547,1496],"class_list":{"0":"post-19604","1":"product","2":"type-product","3":"status-publish","4":"has-post-thumbnail","6":"product_cat-boom-cylinders","7":"product_tag-boom-cylinders","8":"product_tag-hydraulic-cylinders","10":"first","11":"instock","12":"shipping-taxable","13":"product-type-simple"},"amp_enabled":true,"_links":{"self":[{"href":"https:\/\/www.hydraulic-cylinders.net\/fi\/wp-json\/wp\/v2\/product\/19604","targetHints":{"allow":["GET"]}}],"collection":[{"href":"https:\/\/www.hydraulic-cylinders.net\/fi\/wp-json\/wp\/v2\/product"}],"about":[{"href":"https:\/\/www.hydraulic-cylinders.net\/fi\/wp-json\/wp\/v2\/types\/product"}],"replies":[{"embeddable":true,"href":"https:\/\/www.hydraulic-cylinders.net\/fi\/wp-json\/wp\/v2\/comments?post=19604"}],"wp:featuredmedia":[{"embeddable":true,"href":"https:\/\/www.hydraulic-cylinders.net\/fi\/wp-json\/wp\/v2\/media\/17867"}],"wp:attachment":[{"href":"https:\/\/www.hydraulic-cylinders.net\/fi\/wp-json\/wp\/v2\/media?parent=19604"}],"wp:term":[{"taxonomy":"product_brand","embeddable":true,"href":"https:\/\/www.hydraulic-cylinders.net\/fi\/wp-json\/wp\/v2\/product_brand?post=19604"},{"taxonomy":"product_cat","embeddable":true,"href":"https:\/\/www.hydraulic-cylinders.net\/fi\/wp-json\/wp\/v2\/product_cat?post=19604"},{"taxonomy":"product_tag","embeddable":true,"href":"https:\/\/www.hydraulic-cylinders.net\/fi\/wp-json\/wp\/v2\/product_tag?post=19604"}],"curies":[{"name":"wp","href":"https:\/\/api.w.org\/{rel}","templated":true}]}}