{"id":19608,"date":"2025-04-07T06:57:10","date_gmt":"2025-04-07T06:57:10","guid":{"rendered":"https:\/\/www.hydraulic-cylinders.net\/product\/boom-cylinder-for-volwa-middle-excavator-dls200-8b\/"},"modified":"2025-04-07T06:57:13","modified_gmt":"2025-04-07T06:57:13","slug":"boom-cylinder-for-volwa-middle-excavator-dls200-8b","status":"publish","type":"product","link":"https:\/\/www.hydraulic-cylinders.net\/fi\/tuote\/boom-cylinder-for-volwa-middle-excavator-dls200-8b\/","title":{"rendered":"Puomin sylinteri Volwa-kaivinkoneeseen DLS200-8B"},"content":{"rendered":"<h1>Puomin sylinteri Volwa-kaivinkoneeseen DLS200-8B<\/h1>\n<h2>Kauhan sylinterin m\u00e4\u00e4ritelm\u00e4<\/h2>\n<p>Puomin sylinteri, joka tunnetaan my\u00f6s kauhan sylinterin\u00e4, on hydraulij\u00e4rjestelmien t\u00e4rke\u00e4 osa, joka on erityisesti suunniteltu ohjaamaan erilaisten raskaiden koneiden kauhojen, kuten kaivinkoneiden, kaivurikuormaajien ja etukuormaajien, kauhojen liikett\u00e4. T\u00e4m\u00e4 hydraulisylinteri mahdollistaa kauhan nostamisen, laskemisen ja kallistumisen, mik\u00e4 helpottaa tehokkaita materiaalink\u00e4sittelyteht\u00e4vi\u00e4. Kauhan sylinterill\u00e4 on t\u00e4rke\u00e4 rooli n\u00e4iden koneiden toiminnan tehokkuuden parantamisessa, sill\u00e4 se mahdollistaa niiden suorittamisen monimutkaisissa kaivu-, nosto- ja kuljetusteht\u00e4viss\u00e4.<\/p>\n<p>Kauhasylinteri on tyypillisesti valmistettu eritt\u00e4in lujista materiaaleista kest\u00e4m\u00e4\u00e4n raskaiden sovellusten vaativat olosuhteet. Sen suunnittelussa keskityt\u00e4\u00e4n kest\u00e4vyyteen, jotta se kest\u00e4\u00e4 k\u00e4yt\u00f6n aikana ilmenev\u00e4t suuret paineet ja kuormitukset. Keskeisen teht\u00e4v\u00e4ns\u00e4 vuoksi kauhasylinteri on suunniteltu tarjoamaan tasaisia \u200b\u200bja hallittuja liikkeit\u00e4, mik\u00e4 mahdollistaa materiaalien tarkan k\u00e4sittelyn rakennusty\u00f6mailla ja muissa teollisuusymp\u00e4rist\u00f6iss\u00e4.<\/p>\n<p><img decoding=\"async\" src=\"https:\/\/www.hydraulic-cylinders.net\/wp-content\/uploads\/2025\/04\/songte-company-1.webp\" alt=\"Puomin sylinterin kuva\"><\/p>\n<h2>Puomin sylinterin ominaisuudet<\/h2>\n<ul>\n<li>\n<h3>Korkea lujuus ja kest\u00e4vyys<\/h3>\n<p>Tyypillisesti lujasta ter\u00e4ksest\u00e4 tai alumiinista valmistettu puomin sylinteri on suunniteltu kest\u00e4m\u00e4\u00e4n korkeaa painetta ja raskaita kuormia. Sen rakenteessa on otettu huomioon kulutuskest\u00e4vyys ja korroosionkest\u00e4vyys, mik\u00e4 pident\u00e4\u00e4 sen k\u00e4ytt\u00f6ik\u00e4\u00e4 my\u00f6s ankarissa ty\u00f6ymp\u00e4rist\u00f6iss\u00e4.<\/p>\n<\/li>\n<li>\n<h3>Tehokas hydraulinen k\u00e4ytt\u00f6<\/h3>\n<p>Hydrauli\u00f6ljyn paineen ansiosta puomin sylinteri saavuttaa tasaisen ojennuksen ja sis\u00e4\u00e4nvedon. T\u00e4m\u00e4 mahdollistaa nopean reagoinnin ohjauskomentoihin ja samalla tarjoaa huomattavia ty\u00f6nt\u00f6- ja vetovoimia, mik\u00e4 tekee siit\u00e4 sopivan raskaiden esineiden k\u00e4sittelyyn ja monimutkaisiin teht\u00e4viin.<\/p>\n<\/li>\n<li>\n<h3>Erilaiset tyypit<\/h3>\n<p>Puomin sylinteri voidaan valita joko yksitoimiseksi (hydraulinen paine yhteen suuntaan) tai kaksitoimiseksi (hydraulinen paine molempiin suuntiin) erilaisten k\u00e4ytt\u00f6tarpeiden mukaan. Tietyt mallit ovat teleskooppisia, mik\u00e4 mahdollistaa suuremman jatkeen ilman ulkomittojen kasvua, mik\u00e4 tekee niist\u00e4 ihanteellisia ahtaisiin sovelluksiin.<\/p>\n<\/li>\n<\/ul>\n<p>Yrityksemme pystyy valmistamaan t\u00e4t\u00e4 tuotetta, ja tuotteemme voivat t\u00e4ydellisesti korvata n\u00e4m\u00e4 hydraulisylinterit.<\/p>\n<p><img decoding=\"async\" src=\"https:\/\/www.hydraulic-cylinders.net\/wp-content\/uploads\/2025\/04\/songte-cylinder-head-with-all-kinds-excavator-models.webp\" alt=\"Kaivinkonemallit\"><\/p>\n<h2>Hydraulisylinterin sovellukset<\/h2>\n<ul>\n<li>\n<h3>Rakennuslaitteet<\/h3>\n<p>Kaivinkoneissa puomin sylinterit ovat v\u00e4ltt\u00e4m\u00e4tt\u00f6mi\u00e4 kaivamiseen, lastaamiseen ja maaper\u00e4n tai roskien siirt\u00e4miseen. Ne mahdollistavat kauhan tehokkaan tunkeutumisen maahan, mik\u00e4 mahdollistaa tehokkaan kaivamisen ja materiaalin k\u00e4sittelyn. Kaivurikuormaajissa n\u00e4m\u00e4 sylinterit helpottavat sek\u00e4 kaivamista ett\u00e4 nostamista, mik\u00e4 tekee niist\u00e4 monipuolisia koneita erilaisiin rakennusteht\u00e4viin.<\/p>\n<\/li>\n<li>\n<h3>Maatalouskoneet<\/h3>\n<p>Etukuormaajissa puomin sylinterit ovat ratkaisevan t\u00e4rkeit\u00e4 maaper\u00e4n, hein\u00e4n ja muiden materiaalien kaapimisessa, nostamisessa ja kuljettamisessa. N\u00e4m\u00e4 hydraulisylinterit mahdollistavat maatalouskoneiden tehokkaan toiminnan, mik\u00e4 edist\u00e4\u00e4 maataloustoiminnan tuottavuuden kasvua.<\/p>\n<\/li>\n<li>\n<h3>Kaivinkoneet<\/h3>\n<p>Kaivinkoneiden puomin sylinteri antaa kauhan tunkeutumiseen tarvittavan voiman maaper\u00e4\u00e4n, mik\u00e4 mahdollistaa tehokkaan kaivun. T\u00e4m\u00e4 ominaisuus on elint\u00e4rke\u00e4 rakennus- ja maanrakennusteollisuudessa, joissa tarkkuus ja teho ovat olennaisia \u200b\u200btoiminnan kannalta.<\/p>\n<\/li>\n<li>\n<h3>Kuormaajat<\/h3>\n<p>Etukuormaajissa puomin sylinterit auttavat kuormien tehokkaassa nostamisessa ja tyhjent\u00e4misess\u00e4. Ne mahdollistavat k\u00e4ytt\u00e4jien k\u00e4sitell\u00e4 materiaaleja helposti, mik\u00e4 edist\u00e4\u00e4 koneiden kokonaistuottavuutta erilaisissa k\u00e4ytt\u00f6olosuhteissa.<\/p>\n<\/li>\n<\/ul>\n<h2>Suunnittelun\u00e4k\u00f6kohdat ja valintakriteerit<\/h2>\n<ul>\n<li>\n<h3>Kantavuus<\/h3>\n<p>Hydraulisylinterin kuormituskapasiteetti on kriittinen tekij\u00e4 sen suunnittelussa. Se on suunniteltava kest\u00e4m\u00e4\u00e4n k\u00e4yt\u00f6n aikana odotettavissa olevat enimm\u00e4iskuormitukset ilman vikaantumisriski\u00e4. T\u00e4m\u00e4 edellytt\u00e4\u00e4 huolellista laskentaa ja materiaalien valintaa turvallisuuden ja luotettavuuden varmistamiseksi.<\/p>\n<\/li>\n<li>\n<h3>Tiivistys<\/h3>\n<p>Tehokas tiivistys on v\u00e4ltt\u00e4m\u00e4t\u00f6nt\u00e4 hydraulinesteen vuotojen est\u00e4miseksi ja paineen yll\u00e4pit\u00e4miseksi j\u00e4rjestelm\u00e4ss\u00e4. Sylinterin pitk\u00e4ik\u00e4isyyden ja suorituskyvyn parantamiseksi k\u00e4ytet\u00e4\u00e4n kest\u00e4vist\u00e4 materiaaleista, kuten polyuretaanista tai nitriilikumista, valmistettuja korkealaatuisia tiivisteit\u00e4.<\/p>\n<\/li>\n<li>\n<h3>Kest\u00e4vyys<\/h3>\n<p>Puomin sylinterin kest\u00e4vyys on ensiarvoisen t\u00e4rke\u00e4\u00e4, koska se altistuu jatkuvalle kulumiselle. Valmistajat k\u00e4ytt\u00e4v\u00e4t usein pintak\u00e4sittelyj\u00e4 ja pinnoitteita parantaakseen kulutus- ja korroosionkest\u00e4vyytt\u00e4 varmistaen pitk\u00e4aikaisen toimivuuden my\u00f6s vaativissa olosuhteissa.<\/p>\n<\/li>\n<li>\n<h3>Turvallisuus<\/h3>\n<p>Turvallisuus on hydraulisylinterien suunnittelussa etusijalla. Se tarkoittaa ominaisuuksien toteuttamista, jotka est\u00e4v\u00e4t ylikuormituksen, rajoittavat painetasoja ja sis\u00e4lt\u00e4v\u00e4t h\u00e4t\u00e4vapautusmekanismit k\u00e4ytt\u00e4jien ja koneiden suojaamiseksi.<\/p>\n<\/li>\n<li>\n<h3>Huolto<\/h3>\n<p>Hydraulisylinterien suunnittelussa on t\u00e4rke\u00e4\u00e4 ottaa huomioon niiden huolto. T\u00e4m\u00e4 tarkoittaa tiivisteiden, voitelupisteiden ja muiden s\u00e4\u00e4nn\u00f6llisi\u00e4 tarkastuksia ja huoltoa vaativien komponenttien helppoa saatavuutta optimaalisen suorituskyvyn ja pitk\u00e4n k\u00e4ytt\u00f6i\u00e4n varmistamiseksi.<\/p>\n<\/li>\n<\/ul>\n<p><img decoding=\"async\" src=\"https:\/\/www.hydraulic-cylinders.net\/wp-content\/uploads\/2025\/04\/songte-oil-pipes-and-spare-parts.webp\" alt=\"Hydrauliset osat\"><\/p>\n<h2>Tuotteen tiivistys ja voitelu<\/h2>\n<p>Puomisylinterien tehokkaan toiminnan varmistamiseksi k\u00e4ytet\u00e4\u00e4n erilaisia \u200b\u200btiivistekomponentteja, kuten m\u00e4nn\u00e4ntiivisteit\u00e4 ja varren tiivisteit\u00e4. Tiivisteet on tyypillisesti valmistettu kulutusta kest\u00e4vist\u00e4 materiaaleista, kuten polyuretaanista tai nitriilikumista, mik\u00e4 parantaa niiden kest\u00e4vyytt\u00e4 ja tehokkuutta. Sylinterin runko ja kierteitetyt p\u00e4\u00e4typinnat koneistetaan tarkasti kulutuskest\u00e4vyyden ja toimivuuden lis\u00e4\u00e4miseksi.<\/p>\n<p>S\u00e4\u00e4nn\u00f6llinen voitelu hydrauliikka\u00f6ljyll\u00e4 on v\u00e4ltt\u00e4m\u00e4t\u00f6nt\u00e4 sujuvan toiminnan kannalta. Riitt\u00e4v\u00e4 voitelu v\u00e4hent\u00e4\u00e4 liikkuvien osien v\u00e4list\u00e4 kitkaa, mik\u00e4 minimoi kulumisen ja pident\u00e4\u00e4 sylinterin k\u00e4ytt\u00f6ik\u00e4\u00e4. K\u00e4ytt\u00e4jien tulee noudattaa huolto-ohjelmia hydrauliikkaj\u00e4rjestelm\u00e4n optimaalisen toiminnan varmistamiseksi.<\/p>\n<h2>S\u00e4\u00e4nn\u00f6lliset tarkastukset ja ennaltaehk\u00e4isev\u00e4t huoltotoimenpiteet<\/h2>\n<ul>\n<li>\n<h3>S\u00e4\u00e4nn\u00f6lliset tarkastukset<\/h3>\n<p>Rutiinitarkastusten suorittaminen on ratkaisevan t\u00e4rke\u00e4\u00e4 mahdollisten ongelmien tunnistamiseksi ennen niiden pahenemista. K\u00e4ytt\u00e4j\u00e4n tulee tarkistaa vuodot, tiivisteiden kuluminen ja sylinterin yleinen kunto toiminnan tehokkuuden yll\u00e4pit\u00e4miseksi.<\/p>\n<\/li>\n<li>\n<h3>Asianmukainen voitelu<\/h3>\n<p>Hydraulisylinterin riitt\u00e4v\u00e4n voitelun varmistaminen on eritt\u00e4in t\u00e4rke\u00e4\u00e4. K\u00e4ytt\u00e4j\u00e4n tulee tarkistaa ja lis\u00e4t\u00e4 hydrauliikka\u00f6ljyn tasot s\u00e4\u00e4nn\u00f6llisesti valmistajan huoltov\u00e4lej\u00e4 koskevien suositusten mukaisesti.<\/p>\n<\/li>\n<li>\n<h3>Tiivisteen vaihto<\/h3>\n<p>Ajan my\u00f6t\u00e4 tiivisteet voivat heikenty\u00e4 kulumisen ja hydraulinesteelle altistumisen vuoksi. K\u00e4ytt\u00e4j\u00e4n on valvottava tiivisteiden kuntoa ja vaihdettava ne tarvittaessa vuotojen est\u00e4miseksi ja tehokkaan toiminnan varmistamiseksi.<\/p>\n<\/li>\n<\/ul>\n<h2>Asennusohjeet<\/h2>\n<p>Oikea asennus on olennaista puomin sylinterin suorituskyvyn kannalta. Aloita varmistamalla, ett\u00e4 kiinnitystelineet ovat oikein kohdistettuja, jotta sylinteriin ei kohdistu tarpeetonta rasitusta. K\u00e4yt\u00e4 sopivia asennusty\u00f6kaluja sylinterin kiinnitt\u00e4miseen paikalleen ja varmista, ett\u00e4 kaikki hydrauliset liit\u00e4nn\u00e4t ovat tiukat vuotojen est\u00e4miseksi.<\/p>\n<p>On eritt\u00e4in t\u00e4rke\u00e4\u00e4 noudattaa valmistajan ohjeita v\u00e4\u00e4nt\u00f6momenttien ja linjausmenetelmien suhteen. Sopivien kiinnitystelineiden ja kiinnikkeiden k\u00e4ytt\u00f6 voi parantaa vakautta ja turvallisuutta k\u00e4yt\u00f6n aikana. Asennuksen j\u00e4lkeen on ennen k\u00e4yt\u00f6n aloittamista teht\u00e4v\u00e4 perusteellinen tarkastus varmistaakseen, ett\u00e4 hydraulinesteen tasot ovat oikeat ja ett\u00e4 j\u00e4rjestelm\u00e4ss\u00e4 ei ole vuotoja.<\/p>\n<h2>Yleiset huoltoteht\u00e4v\u00e4t<\/h2>\n<ul>\n<li>\n<h3>S\u00e4\u00e4nn\u00f6lliset tarkastukset<\/h3>\n<p>Puomisylinterin s\u00e4\u00e4nn\u00f6llinen tarkastus on t\u00e4rke\u00e4\u00e4 mahdollisten ongelmien havaitsemiseksi varhaisessa vaiheessa. Tarkista kulumisen merkit, vuodot ja oikea kohdistus. Ongelmien varhainen havaitseminen voi est\u00e4\u00e4 merkitt\u00e4v\u00e4mpi\u00e4 vikoja ja kalliita korjauksia.<\/p>\n<\/li>\n<li>\n<h3>Asianmukainen voitelu<\/h3>\n<p>Voitelu tulee suorittaa huolto-ohjelman mukaisesti. Varmista, ett\u00e4 kaikkiin voitelukohtiin p\u00e4\u00e4see k\u00e4siksi ja ett\u00e4 k\u00e4ytet\u00e4\u00e4n oikeaa hydrauliikka\u00f6ljy\u00e4. T\u00e4m\u00e4 auttaa v\u00e4hent\u00e4m\u00e4\u00e4n kitkaa ja kulumista, mik\u00e4 pident\u00e4\u00e4 sylinterin k\u00e4ytt\u00f6ik\u00e4\u00e4.<\/p>\n<\/li>\n<li>\n<h3>Tiivisteiden vaihto ja kalibrointitarkastukset<\/h3>\n<p>Tiivisteet tulee vaihtaa s\u00e4\u00e4nn\u00f6llisesti vuotojen est\u00e4miseksi. Kalibrointitarkastukset ovat my\u00f6s t\u00e4rkeit\u00e4 sen varmistamiseksi, ett\u00e4 sylinteri toimii oikein. S\u00e4\u00e4nn\u00f6lliset huoltotoimenpiteet tulee dokumentoida viitteeksi ja jatkuvaa parantamista varten.<\/p>\n<\/li>\n<\/ul>\n<p><img decoding=\"async\" src=\"https:\/\/www.hydraulic-cylinders.net\/wp-content\/uploads\/2025\/04\/songte-chushion-collar.webp\" alt=\"Sylinterin asennus\"><\/p>\n<h2>Turvallisuusn\u00e4k\u00f6kohdat ja ymp\u00e4rist\u00f6tekij\u00e4t<\/h2>\n<p>Hydraulisylintereit\u00e4 k\u00e4ytett\u00e4ess\u00e4 on eritt\u00e4in t\u00e4rke\u00e4\u00e4 toteuttaa turvatoimenpiteit\u00e4. K\u00e4ytt\u00e4j\u00e4t tulee kouluttaa ymm\u00e4rt\u00e4m\u00e4\u00e4n hydraulij\u00e4rjestelmiin liittyv\u00e4t mahdolliset vaarat, mukaan lukien korkeapaineisten nestevuotojen ja laitevikojen riskit. Asianmukaisten henkil\u00f6nsuojainten (PPE) k\u00e4ytt\u00f6 voi v\u00e4hent\u00e4\u00e4 loukkaantumisriski\u00e4 k\u00e4yt\u00f6n aikana.<\/p>\n<p>Lis\u00e4ksi on t\u00e4rke\u00e4\u00e4 ottaa huomioon ymp\u00e4rist\u00f6tekij\u00e4t, kuten vuotojen torjunta ja hydraulinesteiden asianmukainen h\u00e4vitt\u00e4minen. Turvallisuusstandardien ja -m\u00e4\u00e4r\u00e4ysten noudattaminen varmistaa, ett\u00e4 hydraulij\u00e4rjestelm\u00e4t toimivat tehokkaasti ja samalla suojellaan sek\u00e4 henkil\u00f6st\u00f6\u00e4 ett\u00e4 ymp\u00e4rist\u00f6\u00e4.<\/p>\n<h2>Vianm\u00e4\u00e4ritys ja yleiset ongelmat<\/h2>\n<ul>\n<li>\n<h3>Vuoto<\/h3>\n<p>Hydrauli\u00f6ljyvuotoja voi esiinty\u00e4 kuluneiden tiivisteiden tai vaurioituneiden osien vuoksi. Vuodon l\u00e4hteen tunnistaminen on ratkaisevan t\u00e4rke\u00e4\u00e4, ja vaurioituneet osat on vaihdettava v\u00e4litt\u00f6m\u00e4sti toimintaongelmien v\u00e4ltt\u00e4miseksi.<\/p>\n<\/li>\n<li>\n<h3>Suorituskykyongelmat<\/h3>\n<p>Heikentynyt suorituskyky voi viitata hydrauliikkaj\u00e4rjestelm\u00e4n ongelmiin, kuten alhaisiin nestetasoihin tai putkiin j\u00e4\u00e4neeseen ilmaan. Vianm\u00e4\u00e4ritykseen tulisi kuulua nestetasojen tarkistaminen ja j\u00e4rjestelm\u00e4n ilman poistaminen toiminnan palauttamiseksi.<\/p>\n<\/li>\n<li>\n<h3>Ylikuumeneminen<\/h3>\n<p>Jos hydraulij\u00e4rjestelm\u00e4 ylikuumenee, se voi johtua riitt\u00e4m\u00e4tt\u00f6m\u00e4st\u00e4 voitelusta tai liiallisesta kuormituksesta. J\u00e4rjestelm\u00e4n l\u00e4mp\u00f6tilan seuranta ja asianmukaisen voitelun varmistaminen voivat auttaa est\u00e4m\u00e4\u00e4n ylikuumenemisongelmia.<\/p>\n<\/li>\n<\/ul>\n<h2>Vianm\u00e4\u00e4ritysvinkkej\u00e4 ja ennaltaehk\u00e4isevi\u00e4 toimenpiteit\u00e4<\/h2>\n<p>Puomisylinterin ongelmien tehokkaaseen diagnosointiin ja ratkaisemiseen k\u00e4ytt\u00e4jien tulee noudattaa systemaattista l\u00e4hestymistapaa. Aloita tarkistamalla vuodot ja varmista, ett\u00e4 kaikki tiivisteet ovat ehj\u00e4t. Jos suorituskykyongelmia ilmenee, varmista, ett\u00e4 hydraulinesteen m\u00e4\u00e4r\u00e4 on riitt\u00e4v\u00e4, ja tarkista, onko letkuissa ilmaa.<\/p>\n<p>Ennaltaehk\u00e4isevien toimenpiteiden, kuten s\u00e4\u00e4nn\u00f6llisen huollon ja tarkastusten, toteuttaminen voi merkitt\u00e4v\u00e4sti v\u00e4hent\u00e4\u00e4 ongelmien todenn\u00e4k\u00f6isyytt\u00e4. Toimijoiden tulisi pit\u00e4\u00e4 yksityiskohtaista lokia kunnossapitotoimista, mik\u00e4 auttaa tunnistamaan toistuvaisuudet ja parantamaan tulevia kunnossapitok\u00e4yt\u00e4nt\u00f6j\u00e4.<\/p>\n<p><img decoding=\"async\" src=\"https:\/\/www.hydraulic-cylinders.net\/wp-content\/uploads\/2025\/04\/songte-bushings-with-all-kinds-of-excavator-models.webp\" alt=\"Kaivinkoneen holkit\"><\/p>\n<h2>Yrityksen yleiskatsaus<\/h2>\n<p>Olemme varaosien hydraulisylintereiden valmistaja ja tunnustettu johtavaksi tuottajaksi ja tukkumyyj\u00e4ksi sek\u00e4 kotimaisilla ett\u00e4 kansainv\u00e4lisill\u00e4 markkinoilla. Sitoutumisemme huippuosaamiseen n\u00e4kyy monipuolisessa tuotevalikoimassamme, joka tukee erilaisia \u200b\u200bteollisia sovelluksia.<\/p>\n<p>Yrityksemme noudattaa korkeita laatustandardeja hy\u00f6dynt\u00e4en hienos\u00e4\u00e4detty\u00e4 valmistusprosessia, jota ohjaavat edistyneet digitaaliset laitteet ja ammattimaiset testausj\u00e4rjestelm\u00e4t. Vankan valmistusalustan avulla parannamme jatkuvasti tuotantokapasiteettiamme varmistaen, ett\u00e4 t\u00e4yt\u00e4mme asiakkaidemme monipuoliset tarpeet tehokkaasti, tarkasti ja laadukkaasti.<\/p>\n<p>Tarjoamme ammattitaitoista palvelua, kansainv\u00e4lisi\u00e4 sertifiointeja tuotteillemme ja r\u00e4\u00e4t\u00e4l\u00f6intivaihtoehtoja vastaamaan asiakkaiden erityisvaatimuksia. Myynnin j\u00e4lkeinen palvelumme on suunniteltu varmistamaan asiakastyytyv\u00e4isyys ja tuki tuotteidemme koko elinkaaren ajan.<\/p>\n<p><img decoding=\"async\" src=\"https:\/\/www.hydraulic-cylinders.net\/wp-content\/uploads\/2025\/04\/songte-company-4.webp\" alt=\"Yrityksen yleiskatsaus\"><br \/>\n<img decoding=\"async\" src=\"https:\/\/www.hydraulic-cylinders.net\/wp-content\/uploads\/2025\/04\/songte-company-3.webp\" alt=\"Valmistusprosessit\"><\/p>\n<p>Kirjoittaja: lyl<\/p>","protected":false},"excerpt":{"rendered":"<p>Boom Cylinder For Volwa Middle Excavator DLS200-8B Definition of the Bucket Cylinder The boom cylinder, also known as the bucket cylinder, is a crucial component in hydraulic systems, specifically designed to control the movement of various heavy machinery buckets, such as those found in excavators, backhoe loaders, and front-end loaders. This hydraulic cylinder allows the [&hellip;]<\/p>","protected":false},"featured_media":17871,"comment_status":"open","ping_status":"closed","template":"","meta":{"_et_pb_use_builder":"","_et_pb_old_content":"","_et_gb_content_width":""},"product_brand":[],"product_cat":[1546],"product_tag":[1547,1496],"class_list":{"0":"post-19608","1":"product","2":"type-product","3":"status-publish","4":"has-post-thumbnail","6":"product_cat-boom-cylinders","7":"product_tag-boom-cylinders","8":"product_tag-hydraulic-cylinders","10":"first","11":"instock","12":"shipping-taxable","13":"product-type-simple"},"amp_enabled":true,"_links":{"self":[{"href":"https:\/\/www.hydraulic-cylinders.net\/fi\/wp-json\/wp\/v2\/product\/19608","targetHints":{"allow":["GET"]}}],"collection":[{"href":"https:\/\/www.hydraulic-cylinders.net\/fi\/wp-json\/wp\/v2\/product"}],"about":[{"href":"https:\/\/www.hydraulic-cylinders.net\/fi\/wp-json\/wp\/v2\/types\/product"}],"replies":[{"embeddable":true,"href":"https:\/\/www.hydraulic-cylinders.net\/fi\/wp-json\/wp\/v2\/comments?post=19608"}],"wp:featuredmedia":[{"embeddable":true,"href":"https:\/\/www.hydraulic-cylinders.net\/fi\/wp-json\/wp\/v2\/media\/17871"}],"wp:attachment":[{"href":"https:\/\/www.hydraulic-cylinders.net\/fi\/wp-json\/wp\/v2\/media?parent=19608"}],"wp:term":[{"taxonomy":"product_brand","embeddable":true,"href":"https:\/\/www.hydraulic-cylinders.net\/fi\/wp-json\/wp\/v2\/product_brand?post=19608"},{"taxonomy":"product_cat","embeddable":true,"href":"https:\/\/www.hydraulic-cylinders.net\/fi\/wp-json\/wp\/v2\/product_cat?post=19608"},{"taxonomy":"product_tag","embeddable":true,"href":"https:\/\/www.hydraulic-cylinders.net\/fi\/wp-json\/wp\/v2\/product_tag?post=19608"}],"curies":[{"name":"wp","href":"https:\/\/api.w.org\/{rel}","templated":true}]}}