{"id":19610,"date":"2025-04-07T06:57:16","date_gmt":"2025-04-07T06:57:16","guid":{"rendered":"https:\/\/www.hydraulic-cylinders.net\/product\/boom-cylinder-for-volwa-middle-excavator-dls260\/"},"modified":"2025-04-07T06:57:19","modified_gmt":"2025-04-07T06:57:19","slug":"boom-cylinder-for-volwa-middle-excavator-dls260","status":"publish","type":"product","link":"https:\/\/www.hydraulic-cylinders.net\/fi\/tuote\/boom-cylinder-for-volwa-middle-excavator-dls260\/","title":{"rendered":"Puomin sylinteri Volwa-kaivinkoneelle DLS260"},"content":{"rendered":"<h1>Puomin sylinteri Volwa-kaivinkoneelle DLS260<\/h1>\n<h2>Tuotteen yleiskatsaus<\/h2>\n<p>Volwa DLS260 -keskikaivukoneen puomin sylinteri on kriittinen osa nykyaikaisissa raskaissa koneissa k\u00e4ytett\u00e4viss\u00e4 hydraulij\u00e4rjestelmiss\u00e4. T\u00e4m\u00e4 hydraulisylinteri on erityisesti suunniteltu ohjaamaan kauhan liikett\u00e4 erilaisissa raskaissa laitteissa, kuten kaivinkoneissa, kaivurikuormaajissa ja etukuormaajissa. Se mahdollistaa kauhan nostamisen, laskemisen ja kallistumisen, mik\u00e4 helpottaa tehokkaita materiaalink\u00e4sittelyteht\u00e4vi\u00e4.<\/p>\n<p>Kauhan sylinteri toimii pohjimmiltaan hydraulisen paineen avulla ja muuntaa nesteenergian mekaaniseksi voimaksi. T\u00e4m\u00e4 toiminto on elint\u00e4rke\u00e4 esimerkiksi kaivamisessa, nostamisessa ja materiaalien kuljetuksessa, mik\u00e4 tekee siit\u00e4 korvaamattoman ty\u00f6kalun rakennus-, maatalous- ja kaivosteollisuudessa.<\/p>\n<p><img decoding=\"async\" src=\"https:\/\/www.hydraulic-cylinders.net\/wp-content\/uploads\/2025\/04\/songte-company-1.webp\" alt=\"Puomin sylinterin kuva\" \/><\/p>\n<h2>Puomin sylinterin ominaisuudet<\/h2>\n<ul>\n<li><strong>Korkea lujuus ja kest\u00e4vyys:<\/strong> Korkean lujuuden ter\u00e4ksest\u00e4 tai alumiinista valmistettu puomin sylinteri on suunniteltu kest\u00e4m\u00e4\u00e4n korkeita paineita ja raskaita kuormia, joten se sopii vaativiin ty\u00f6ymp\u00e4rist\u00f6ihin. Sen suunnittelussa korostetaan kulutuskest\u00e4vyytt\u00e4 ja korroosionkest\u00e4vyytt\u00e4, mik\u00e4 pident\u00e4\u00e4 merkitt\u00e4v\u00e4sti sen k\u00e4ytt\u00f6ik\u00e4\u00e4.<\/li>\n<li><strong>Tehokas hydraulinen k\u00e4ytt\u00f6:<\/strong> Sylinteri hy\u00f6dynt\u00e4\u00e4 hydrauli\u00f6ljyn painetta tasaisen ulos- ja sis\u00e4\u00e4nvedon saavuttamiseksi, reagoi nopeasti ohjauskomentoihin ja tarjoaa huomattavaa ty\u00f6nt\u00f6- ja vetovoimaa, mik\u00e4 sopii erinomaisesti raskaiden esineiden k\u00e4sittelyyn ja monimutkaisiin teht\u00e4viin.<\/li>\n<li><strong>Erilaisia \u200b\u200btyyppej\u00e4:<\/strong> Puomisylinteri\u00e4 on saatavilla yksi- tai kaksitoimisina kokoonpanoina, ja se voidaan r\u00e4\u00e4t\u00e4l\u00f6id\u00e4 vastaamaan erilaisiin k\u00e4ytt\u00f6tarpeisiin. Joissakin malleissa on teleskooppirakenteet, jotka mahdollistavat suuremman jatkeen ilman ulkomittojen kasvua, mik\u00e4 sopii t\u00e4ydellisesti sovelluksiin, joissa on rajoitetusti tilaa.<\/li>\n<li><strong>Tarkkuustekniikka:<\/strong> Jokainen sylinteri valmistetaan tiukoilla toleransseilla optimaalisen suorituskyvyn, pitk\u00e4ik\u00e4isyyden ja luotettavuuden varmistamiseksi vaativissa olosuhteissa.<\/li>\n<li><strong>Mukautettu valmistus:<\/strong> Olemme erikoistuneet t\u00e4m\u00e4n tuotteen valmistukseen varmistaen, ett\u00e4 hydraulisylinterimme korvaavat t\u00e4ydellisesti olemassa olevat mallit ja tarjoavat saumattoman integroinnin eri koneisiin.<\/li>\n<\/ul>\n<p><img decoding=\"async\" src=\"https:\/\/www.hydraulic-cylinders.net\/wp-content\/uploads\/2025\/04\/songte-cylinder-head-with-all-kinds-excavator-models.webp\" alt=\"Sylinterikannen kuva\" \/><\/p>\n<h2>Puomisylinterin sovellukset<\/h2>\n<h3>Rakennuslaitteet<\/h3>\n<p>Kaivinkoneissa puomin sylinterill\u00e4 on keskeinen rooli kaivamisessa, lastaamisessa ja maan tai roskien siirt\u00e4misess\u00e4. Se mahdollistaa kauhan tarkan toiminnan varmistaen, ett\u00e4 materiaalit kaivetaan ja kuljetetaan tehokkaasti. Kaivurikuormaajissa kauhan sylinteri avustaa paitsi kaivamisessa my\u00f6s nostamisessa, mik\u00e4 tekee siit\u00e4 monipuolisen komponentin, joka on kriittinen rakennusty\u00f6mailla.<\/p>\n<h3>Maatalouskoneet<\/h3>\n<p>Etukuormaajissa puomin sylinteri on ratkaisevan t\u00e4rke\u00e4 maaper\u00e4n, hein\u00e4n ja muiden materiaalien kaivamisessa, nostamisessa ja kuljettamisessa. Sen luotettava suorituskyky varmistaa teht\u00e4vien tehokkaan suorittamisen, mik\u00e4 parantaa maataloustoiminnan tuottavuutta. Ilman oikein toimivaa sylinteri\u00e4 n\u00e4iden koneiden tehokkuus heikkenisi merkitt\u00e4v\u00e4sti.<\/p>\n<h3>Kaivinkoneet<\/h3>\n<p>Puomin sylinteri mahdollistaa kauhan tehokkaan tunkeutumisen maahan, mik\u00e4 helpottaa kaivuprosessia. T\u00e4m\u00e4 toiminto on elint\u00e4rke\u00e4 erilaisissa rakennustilanteissa, sill\u00e4 sen avulla k\u00e4ytt\u00e4j\u00e4t voivat saavuttaa halutun syvyyden ja materiaalin poiston helposti ja tarkasti.<\/p>\n<h3>Kuormaajat<\/h3>\n<p>Etukuormaajissa puomin sylinterit auttavat materiaalien tehokkaassa nostamisessa ja tyhjent\u00e4misess\u00e4. T\u00e4m\u00e4 ominaisuus on olennainen esimerkiksi kuorma-autojen lastaamisessa tai irtomateriaalien siirt\u00e4misess\u00e4 ty\u00f6mailla, mik\u00e4 korostaa luotettavien hydrauliikkaj\u00e4rjestelmien merkityst\u00e4 jokap\u00e4iv\u00e4isess\u00e4 toiminnassa.<\/p>\n<h2>Suunnittelun\u00e4k\u00f6kohdat ja valintastandardit<\/h2>\n<h3>Kantavuus<\/h3>\n<p>Puomisylinterin kuormituskapasiteetti on ratkaiseva tekij\u00e4 sen suunnittelussa. Sen on kyett\u00e4v\u00e4 nostamaan paitsi materiaalien painoa my\u00f6s kest\u00e4m\u00e4\u00e4n lis\u00e4rasitusta k\u00e4yt\u00f6n aikana. Asianmukaiset laskelmat ja materiaalivalinnat ovat olennaisia \u200b\u200bsen varmistamiseksi, ett\u00e4 sylinteri pystyy k\u00e4sittelem\u00e4\u00e4n tarkoitetut kuormat vioittumatta.<\/p>\n<h3>Tiivistys ja kest\u00e4vyys<\/h3>\n<p>Tehokas tiivistys on elint\u00e4rke\u00e4\u00e4 hydraulij\u00e4rjestelmiss\u00e4 nestevuotojen ja kontaminaation est\u00e4miseksi. Puomin sylinterin suunnittelussa on k\u00e4ytetty kest\u00e4vist\u00e4 materiaaleista valmistettuja korkealaatuisia tiivisteit\u00e4, jotka varmistavat pitk\u00e4n k\u00e4ytt\u00f6i\u00e4n ja luotettavuuden. Tiivisteiden s\u00e4\u00e4nn\u00f6llinen tarkastus ja huolto ovat v\u00e4ltt\u00e4m\u00e4tt\u00f6mi\u00e4 hydraulij\u00e4rjestelm\u00e4n suorituskyvyn yll\u00e4pit\u00e4miseksi.<\/p>\n<h3>Turvaominaisuudet<\/h3>\n<p>Turvallisuus on hydrauliikkaj\u00e4rjestelmien suunnittelussa ensiarvoisen t\u00e4rke\u00e4\u00e4. Puomisylinterit on varustettu turvaominaisuuksilla, jotka est\u00e4v\u00e4t yliojentumisen ja varmistavat turvallisen toiminnan kuormitettuna. Turvallisuustekij\u00f6iden sis\u00e4llytt\u00e4minen suunnitteluun auttaa lievent\u00e4m\u00e4\u00e4n k\u00e4yt\u00f6n aikaisia \u200b\u200briskej\u00e4 ja suojaamaan sek\u00e4 laitteita ett\u00e4 k\u00e4ytt\u00e4ji\u00e4.<\/p>\n<h3>Huolto Esteett\u00f6myys<\/h3>\n<p>Suunnittelussa on otettava huomioon my\u00f6s huollon helppo saatavuus. Puomisylinterien tulee olla helposti tarkastettavissa ja huollettavissa, jotta ne pysyv\u00e4t optimaalisessa kunnossa. Suunnitteluominaisuudet, jotka mahdollistavat nopean p\u00e4\u00e4syn kriittisiin osiin, voivat merkitt\u00e4v\u00e4sti v\u00e4hent\u00e4\u00e4 seisokkiaikaa ja huoltokustannuksia.<\/p>\n<p><img decoding=\"async\" src=\"https:\/\/www.hydraulic-cylinders.net\/wp-content\/uploads\/2025\/04\/songte-oil-pipes-and-spare-parts.webp\" alt=\"\u00d6ljyputket ja varaosat\" \/><\/p>\n<h2>Tiivistys ja voitelu<\/h2>\n<p>Puomin sylinterin tiivistysj\u00e4rjestelm\u00e4 on suunniteltu k\u00e4ytt\u00e4m\u00e4ll\u00e4 erilaisia \u200b\u200btiivisteit\u00e4, kuten m\u00e4nn\u00e4ntiivisteit\u00e4 ja varren tiivisteit\u00e4, jotka on valmistettu kulutusta kest\u00e4vist\u00e4 materiaaleista, kuten polyuretaanista ja nitriilikumista. N\u00e4ill\u00e4 tiivisteill\u00e4 on ratkaiseva rooli paineen yll\u00e4pit\u00e4misess\u00e4 ja hydraulinesteen vuotojen est\u00e4misess\u00e4.<\/p>\n<p>Sylinterin runko ja kierteitetyt p\u00e4\u00e4typinnat on huolellisesti k\u00e4sitelty kulutuskest\u00e4vyyden parantamiseksi ja luotettavan toiminnan varmistamiseksi sylinterin koko k\u00e4ytt\u00f6i\u00e4n ajan. S\u00e4\u00e4nn\u00f6llinen voitelu hydrauliikka\u00f6ljyll\u00e4 on v\u00e4ltt\u00e4m\u00e4t\u00f6nt\u00e4 sujuvan toiminnan yll\u00e4pit\u00e4miseksi ja sis\u00e4isten osien kulumisen est\u00e4miseksi.<\/p>\n<h2>Ennaltaehk\u00e4isev\u00e4t huoltotoimenpiteet<\/h2>\n<ul>\n<li><strong>S\u00e4\u00e4nn\u00f6lliset tarkastukset:<\/strong> Puomisylinterin rutiinitarkastukset voivat auttaa tunnistamaan kulumisen tai vauriot ennen kuin ne johtavat toimintah\u00e4iri\u00f6ihin. Etsi merkkej\u00e4 vuodoista, korroosiosta ja ep\u00e4normaaleista \u00e4\u00e4nist\u00e4 k\u00e4yt\u00f6n aikana.<\/li>\n<li><strong>Oikea voitelu:<\/strong> Varmista, ett\u00e4 hydrauliikka\u00f6ljyn taso on oikea ja ett\u00e4 k\u00e4yt\u00e4t oikeanlaista \u00f6ljy\u00e4. S\u00e4\u00e4nn\u00f6llinen voitelu on ratkaisevan t\u00e4rke\u00e4\u00e4 sylinterin toiminnan ja pitk\u00e4n k\u00e4ytt\u00f6i\u00e4n yll\u00e4pit\u00e4miseksi.<\/li>\n<li><strong>Tiivisteen vaihto:<\/strong> Tiivisteet tulee vaihtaa valmistajan suositusten mukaisesti. Kuluneet tai vaurioituneet tiivisteet voivat johtaa hydraulinesteen vuotoon ja heikent\u00e4\u00e4 suorituskyky\u00e4.<\/li>\n<\/ul>\n<h2>Asennusohjeet<\/h2>\n<p>Puomisylinterin oikea asennus on ratkaisevan t\u00e4rke\u00e4\u00e4 optimaalisen suorituskyvyn kannalta. Aloita varmistamalla, ett\u00e4 sinulla on oikeat ty\u00f6kalut ja laitteet asennusta varten. Kohdista sylinteri tarkasti kiinnityskiinnikkeisiin ja varmista, ett\u00e4 se pysyy tukevasti paikallaan. On suositeltavaa k\u00e4ytt\u00e4\u00e4 sopivia kiinnityskiinnikkeit\u00e4 vakauden varmistamiseksi ja virhekohdistuksen est\u00e4miseksi k\u00e4yt\u00f6n aikana.<\/p>\n<p>Kun kiinnikkeet on kohdistettu, kirist\u00e4 ne tiukasti valmistajan ohjeiden mukaisesti. Asennuksen j\u00e4lkeen suorita perusteellinen tarkastus ja testaa puomisylinterin toiminta ilman kuormaa varmistaaksesi, ett\u00e4 kaikki toimii oikein. Tee tarvittavat s\u00e4\u00e4d\u00f6t ennen k\u00e4ytt\u00f6kuormien kohdistamista.<\/p>\n<h2>Yleiset huoltoteht\u00e4v\u00e4t<\/h2>\n<ul>\n<li><strong>S\u00e4\u00e4nn\u00f6lliset tarkastukset:<\/strong> Tarkista puomin sylinteri s\u00e4\u00e4nn\u00f6llisesti kulumisen tai vuotojen varalta. Ennakoiva huolto auttaa est\u00e4m\u00e4\u00e4n odottamattomia vikoja.<\/li>\n<li><strong>Oikea voitelu:<\/strong> Varmista, ett\u00e4 hydraulij\u00e4rjestelm\u00e4 on riitt\u00e4v\u00e4sti voideltu sujuvan toiminnan varmistamiseksi. T\u00e4m\u00e4 sis\u00e4lt\u00e4\u00e4 \u00f6ljyn m\u00e4\u00e4r\u00e4n ja laadun s\u00e4\u00e4nn\u00f6llisen tarkistamisen.<\/li>\n<li><strong>Tiivisteen vaihto:<\/strong> Tarkkaile tiivisteiden kuntoa ja vaihda ne tarvittaessa paineen yll\u00e4pit\u00e4miseksi ja vuotojen est\u00e4miseksi. Asianmukainen tiivistys on v\u00e4ltt\u00e4m\u00e4t\u00f6nt\u00e4 tehokkaan hydrauliikan toiminnan kannalta.<\/li>\n<\/ul>\n<h2>Turvallisuusn\u00e4k\u00f6kohdat ja ymp\u00e4rist\u00f6tekij\u00e4t<\/h2>\n<p>Hydraulij\u00e4rjestelmi\u00e4 k\u00e4ytett\u00e4ess\u00e4 turvatoimenpiteet ovat ratkaisevan t\u00e4rkeit\u00e4. K\u00e4ytt\u00e4j\u00e4t tulee kouluttaa ymm\u00e4rt\u00e4m\u00e4\u00e4n puomin sylinterin k\u00e4ytt\u00f6rajat, mukaan lukien kuormituskapasiteetit ja turvalliset k\u00e4sittelytavat. Asianmukaiset turvavarusteet ja turvallisuusprotokollien noudattaminen voivat minimoida onnettomuusriskin.<\/p>\n<h2>Vianm\u00e4\u00e4ritys ja yleiset ongelmat<\/h2>\n<ul>\n<li><strong>Vuoto:<\/strong> Yksi yleinen ongelma on hydraulinesteen vuoto, jonka usein aiheuttavat kuluneet tiivisteet. Voit korjata t\u00e4m\u00e4n tarkastamalla tiivisteet ja vaihtamalla ne tarvittaessa varmistaen, ett\u00e4 kaikki liitokset ovat tiukat.<\/li>\n<li><strong>Heikentynyt suorituskyky:<\/strong> Jos puomin sylinteri ei reagoi odotetulla tavalla, tarkista hydrauliikkaletkujen tukokset ja varmista, ett\u00e4 hydrauliikkanesteen taso ja laatu ovat oikeat.<\/li>\n<li><strong>Oudot \u00e4\u00e4net:<\/strong> Ep\u00e4tavalliset \u00e4\u00e4net k\u00e4yt\u00f6n aikana voivat viitata sis\u00e4isiin vaurioihin tai voitelun puutteeseen. Tutki asia v\u00e4litt\u00f6m\u00e4sti ja tee tarvittavat korjaukset.<\/li>\n<\/ul>\n<h2>Tuotediagnoosi ja ennaltaehk\u00e4isev\u00e4t toimenpiteet<\/h2>\n<p>Jotta puomisylinterin ongelmat voidaan diagnosoida tehokkaasti, k\u00e4ytt\u00e4jien on tarkkailtava suorituskyky\u00e4 valppaasti k\u00e4yt\u00f6n aikana. Tarkista s\u00e4\u00e4nn\u00f6llisesti kulumisen merkit ja kuuntele ep\u00e4tavallisia \u00e4\u00e4ni\u00e4. Ennaltaehk\u00e4isev\u00e4t toimenpiteet, kuten s\u00e4\u00e4nn\u00f6llinen huolto ja tarkastukset, voivat v\u00e4hent\u00e4\u00e4 merkitt\u00e4v\u00e4sti odottamattomien vikojen todenn\u00e4k\u00f6isyytt\u00e4.<\/p>\n<p><img decoding=\"async\" src=\"https:\/\/www.hydraulic-cylinders.net\/wp-content\/uploads\/2025\/04\/songte-bushings-with-all-kinds-of-excavator-models.webp\" alt=\"Kaivinkonemallien holkit\" \/><\/p>\n<h2>Tietoa yrityksest\u00e4mme<\/h2>\n<p>Olemme hydraulisylintereihin erikoistunut valmistaja, joka tarjoaa kattavan valikoiman tuotteita vastaamaan monipuolisiin markkinoiden tarpeisiin. Johtavana hydraulisylintereiden valmistajana ja tukkumyyj\u00e4n\u00e4 sek\u00e4 kotimaisilla ett\u00e4 kansainv\u00e4lisill\u00e4 markkinoilla priorisoimme erinomaisuutta laadussa.<\/p>\n<p>Toimintamme perustuu hienostuneisiin valmistuksenohjausstrategioihin, ammattitaitoisten teknikkojen ty\u00f6llist\u00e4miseen, edistyneisiin digitaalisiin valmistuslaitteisiin ja ammattimaisiin testausj\u00e4rjestelmiin. T\u00e4m\u00e4 sitoutuminen jatkuvaan parantamiseen ja innovointiin vahvistaa valmistusymp\u00e4rist\u00f6\u00e4mme varmistaen korkean tehokkuuden, tarkkuuden ja laadun asiakkaidemme vaihtelevien vaatimusten t\u00e4ytt\u00e4miseksi.<\/p>\n<p>Tarjoamme my\u00f6s r\u00e4\u00e4t\u00e4l\u00f6ityj\u00e4 palveluita asiakkaiden erityistarpeiden t\u00e4ytt\u00e4miseksi, ja tuotteillamme on kansainv\u00e4liset sertifikaatit, jotka varmistavat, ett\u00e4 ne t\u00e4ytt\u00e4v\u00e4t maailmanlaajuiset standardit. Omistautunut j\u00e4lkimarkkinointipalvelumme tukee asiakkaitamme tuotteidemme k\u00e4ytt\u00f6i\u00e4n ja suorituskyvyn maksimoinnissa.<\/p>\n<p><img decoding=\"async\" src=\"https:\/\/www.hydraulic-cylinders.net\/wp-content\/uploads\/2025\/04\/songte-company-4.webp\" alt=\"Yrityksen yleiskatsaus\" \/><br \/>\n<img decoding=\"async\" src=\"https:\/\/www.hydraulic-cylinders.net\/wp-content\/uploads\/2025\/04\/songte-company-3.webp\" alt=\"Yrityksen tilat\" \/><\/p>\n<p>Kirjoittaja: lyl<\/p>","protected":false},"excerpt":{"rendered":"<p>Boom Cylinder For Volwa Middle Excavator DLS260 Product Overview The Boom Cylinder for Volwa Middle Excavator DLS260 is a critical component in modern hydraulic systems used in heavy machinery. This hydraulic cylinder is specifically designed to control the movement of the bucket in various heavy-duty equipment such as excavators, backhoe loaders, and front loaders. It [&hellip;]<\/p>","protected":false},"featured_media":17873,"comment_status":"open","ping_status":"closed","template":"","meta":{"_et_pb_use_builder":"","_et_pb_old_content":"","_et_gb_content_width":""},"product_brand":[],"product_cat":[1546],"product_tag":[1547,1496],"class_list":{"0":"post-19610","1":"product","2":"type-product","3":"status-publish","4":"has-post-thumbnail","6":"product_cat-boom-cylinders","7":"product_tag-boom-cylinders","8":"product_tag-hydraulic-cylinders","10":"first","11":"instock","12":"shipping-taxable","13":"product-type-simple"},"amp_enabled":true,"_links":{"self":[{"href":"https:\/\/www.hydraulic-cylinders.net\/fi\/wp-json\/wp\/v2\/product\/19610","targetHints":{"allow":["GET"]}}],"collection":[{"href":"https:\/\/www.hydraulic-cylinders.net\/fi\/wp-json\/wp\/v2\/product"}],"about":[{"href":"https:\/\/www.hydraulic-cylinders.net\/fi\/wp-json\/wp\/v2\/types\/product"}],"replies":[{"embeddable":true,"href":"https:\/\/www.hydraulic-cylinders.net\/fi\/wp-json\/wp\/v2\/comments?post=19610"}],"wp:featuredmedia":[{"embeddable":true,"href":"https:\/\/www.hydraulic-cylinders.net\/fi\/wp-json\/wp\/v2\/media\/17873"}],"wp:attachment":[{"href":"https:\/\/www.hydraulic-cylinders.net\/fi\/wp-json\/wp\/v2\/media?parent=19610"}],"wp:term":[{"taxonomy":"product_brand","embeddable":true,"href":"https:\/\/www.hydraulic-cylinders.net\/fi\/wp-json\/wp\/v2\/product_brand?post=19610"},{"taxonomy":"product_cat","embeddable":true,"href":"https:\/\/www.hydraulic-cylinders.net\/fi\/wp-json\/wp\/v2\/product_cat?post=19610"},{"taxonomy":"product_tag","embeddable":true,"href":"https:\/\/www.hydraulic-cylinders.net\/fi\/wp-json\/wp\/v2\/product_tag?post=19610"}],"curies":[{"name":"wp","href":"https:\/\/api.w.org\/{rel}","templated":true}]}}