{"id":19611,"date":"2025-04-07T06:57:19","date_gmt":"2025-04-07T06:57:19","guid":{"rendered":"https:\/\/www.hydraulic-cylinders.net\/product\/boom-cylinder-for-volwa-middle-excavator-dls210-8b\/"},"modified":"2025-04-07T06:57:21","modified_gmt":"2025-04-07T06:57:21","slug":"boom-cylinder-for-volwa-middle-excavator-dls210-8b","status":"publish","type":"product","link":"https:\/\/www.hydraulic-cylinders.net\/fi\/tuote\/boom-cylinder-for-volwa-middle-excavator-dls210-8b\/","title":{"rendered":"Puomin sylinteri Volwa-kaivinkoneelle DLS210-8B"},"content":{"rendered":"<h1>Puomin sylinteri Volwa-kaivinkoneelle DLS210-8B<\/h1>\n<h2>Tuotteen yleiskatsaus<\/h2>\n<p>Volwa DLS210-8B:n keskikaivukoneen puomin sylinteri on olennainen osa hydraulij\u00e4rjestelmi\u00e4, ja se on erityisesti suunniteltu ohjaamaan kaivukoneen puomin liikett\u00e4. T\u00e4m\u00e4 hydraulisylinteri mahdollistaa kauhan nostamisen, laskemisen ja kallistamisen, mik\u00e4 helpottaa erilaisia \u200b\u200bmateriaalink\u00e4sittelyteht\u00e4vi\u00e4. Sill\u00e4 on t\u00e4rke\u00e4 rooli raskaissa koneissa, sill\u00e4 se mahdollistaa k\u00e4ytt\u00e4jien suorittaa kaivu-, lastaus- ja materiaalien kuljetust\u00f6it\u00e4 tehokkaasti.<\/p>\n<p><img decoding=\"async\" src=\"https:\/\/www.hydraulic-cylinders.net\/wp-content\/uploads\/2025\/04\/songte-company-1.webp\" alt=\"Kaivinkoneen puomin sylinteri\"><\/p>\n<h2>Puomin sylinterin ominaisuudet<\/h2>\n<ul>\n<li>\n<h3>Korkea lujuus ja kest\u00e4vyys<\/h3>\n<p>Korkean lujuuden ter\u00e4ksest\u00e4 tai alumiinista valmistettu puomin sylinteri on suunniteltu kest\u00e4m\u00e4\u00e4n korkeaa painetta ja raskaita kuormia, joten se sopii vaativiin ty\u00f6ymp\u00e4rist\u00f6ihin. Sen rakenne yhdist\u00e4\u00e4 kulutuskest\u00e4vyyden ja korroosionkest\u00e4vyyden, mik\u00e4 pident\u00e4\u00e4 sen k\u00e4ytt\u00f6ik\u00e4\u00e4.<\/p>\n<\/li>\n<li>\n<h3>Tehokas hydraulinen k\u00e4ytt\u00f6<\/h3>\n<p>T\u00e4m\u00e4 sylinteri hy\u00f6dynt\u00e4\u00e4 hydrauli\u00f6ljyn painetta tasaisten ojennus- ja sis\u00e4\u00e4nvetoliikkeiden saavuttamiseksi. Se reagoi nopeasti k\u00e4ytt\u00e4j\u00e4n komentoihin ja tarjoaa vaikuttavan ty\u00f6nt\u00f6- ja vetovoiman, mik\u00e4 sopii erinomaisesti raskaiden materiaalien k\u00e4sittelyyn ja monimutkaisiin teht\u00e4viin.<\/p>\n<\/li>\n<li>\n<h3>Saatavilla erilaisia \u200b\u200btyyppej\u00e4<\/h3>\n<p>K\u00e4ytt\u00f6tarpeista riippuen asiakkaat voivat valita yksitoimisten (hydraulinen voima yhteen suuntaan) tai kaksitoimisten (hydraulinen voima molempiin suuntiin) sylinterien v\u00e4lill\u00e4. Tietyt mallit ovat teleskooppisia, mik\u00e4 mahdollistaa pidemm\u00e4n ulottuvuuden ilman ulkomittojen kasvua, joten ne sopivat ahtaisiin sovelluksiin.<\/p>\n<\/li>\n<\/ul>\n<h2>Valmistuskyvyt<\/h2>\n<p>Olemme erikoistuneet puomisylintereiden valmistukseen, jotka korvaavat t\u00e4ydellisesti olemassa olevat hydraulisylinterit. Valmistustekniikkamme takaavat yhteensopivuuden ja luotettavuuden, tarjoten korkealaatuisia vaihtoehtoja asiakkaiden tarpeisiin.<\/p>\n<p><img decoding=\"async\" src=\"https:\/\/www.hydraulic-cylinders.net\/wp-content\/uploads\/2025\/04\/songte-cylinder-head-with-all-kinds-excavator-models.webp\" alt=\"Hydraulisylinterien valmistus\"><\/p>\n<h2>Puomisylinterin sovellukset<\/h2>\n<ul>\n<li>\n<h3>Rakennuslaitteet<\/h3>\n<p>Kaivinkoneissa puomin sylinterit ovat ratkaisevan t\u00e4rkeit\u00e4 maan tai roskien kaivamisessa, lastaamisessa ja siirt\u00e4misess\u00e4. Ne parantavat koneen kyky\u00e4 suorittaa erilaisia \u200b\u200bteht\u00e4vi\u00e4 tehokkaasti ja varmistavat tuottavuuden rakennusty\u00f6mailla.<\/p>\n<\/li>\n<li>\n<h3>Maatalouskoneet<\/h3>\n<p>Etukuormaajissa puomin sylinterit ovat v\u00e4ltt\u00e4m\u00e4tt\u00f6mi\u00e4 maaper\u00e4n, hein\u00e4n ja muiden materiaalien kaivamiseen, nostamiseen ja kuljettamiseen. Niiden luotettavuus ja lujuus tukevat maataloustoimintaa ja edist\u00e4v\u00e4t maatilan tuottavuutta.<\/p>\n<\/li>\n<li>\n<h3>Kaivinkoneet<\/h3>\n<p>Puomin sylinteri mahdollistaa kauhan tunkeutumisen maahan, mik\u00e4 helpottaa kaivuuteht\u00e4vi\u00e4. T\u00e4m\u00e4 toiminto on elint\u00e4rke\u00e4 rakennus-, maisemointi- ja kaivostoiminnassa, joissa vaaditaan tarkkuutta ja lujuutta.<\/p>\n<\/li>\n<li>\n<h3>Kuormaajat<\/h3>\n<p>Etukuormaajissa puomin sylinterit auttavat kuormien tehokkaassa nostamisessa ja tyhjent\u00e4misess\u00e4. Niiden rakenne maksimoi nostokapasiteetin, mik\u00e4 tekee niist\u00e4 v\u00e4ltt\u00e4m\u00e4tt\u00f6mi\u00e4 materiaalink\u00e4sittelysovelluksissa.<\/p>\n<\/li>\n<\/ul>\n<h2>Suunnittelun\u00e4k\u00f6kohdat ja valintakriteerit<\/h2>\n<ul>\n<li>\n<h3>Kantavuus<\/h3>\n<p>Puomisylinteri\u00e4 valittaessa on t\u00e4rke\u00e4\u00e4 ottaa huomioon sen kuormituskapasiteetti. Sylinterin on kyett\u00e4v\u00e4 k\u00e4sittelem\u00e4\u00e4n tiettyjen teht\u00e4vien vaatimat enimm\u00e4iskuormat vaarantamatta suorituskyky\u00e4 tai turvallisuutta. Oikein mitoitettu kuormituskapasiteetti est\u00e4\u00e4 viat, jotka voivat johtaa onnettomuuksiin tai laitteiden vaurioitumiseen.<\/p>\n<\/li>\n<li>\n<h3>Tiivistysominaisuudet<\/h3>\n<p>Tehokas tiivistys on ratkaisevan t\u00e4rke\u00e4\u00e4 hydraulinesteen vuotojen est\u00e4miseksi ja paineen yll\u00e4pit\u00e4miseksi j\u00e4rjestelm\u00e4ss\u00e4. Korkealaatuiset tiivisteet varmistavat hydraulisylinterin optimaalisen suorituskyvyn ja pitk\u00e4n k\u00e4ytt\u00f6i\u00e4n. On t\u00e4rke\u00e4\u00e4 valita sylinterit, joissa on erinomaiset tiivistystekniikat, jotka kest\u00e4v\u00e4t vaihtelevia l\u00e4mp\u00f6tiloja ja paineita.<\/p>\n<\/li>\n<li>\n<h3>Kest\u00e4vyys<\/h3>\n<p>Kest\u00e4vyys on keskeinen tekij\u00e4 puomisylintereiden suunnittelussa. Komponentit tulee valmistaa kest\u00e4m\u00e4\u00e4n kulumista ja v\u00e4symist\u00e4 toistuvassa k\u00e4yt\u00f6ss\u00e4 haastavissa ymp\u00e4rist\u00f6iss\u00e4. Kest\u00e4v\u00e4 rakenne v\u00e4hent\u00e4\u00e4 yll\u00e4pitokustannuksia ja pident\u00e4\u00e4 hydraulij\u00e4rjestelm\u00e4n k\u00e4ytt\u00f6ik\u00e4\u00e4.<\/p>\n<\/li>\n<\/ul>\n<p><img decoding=\"async\" src=\"https:\/\/www.hydraulic-cylinders.net\/wp-content\/uploads\/2025\/04\/songte-oil-pipes-and-spare-parts.webp\" alt=\"Hydraulisylinterin osat\"><\/p>\n<h2>Tiivistys ja voitelu<\/h2>\n<p>Asianmukainen tiivistys ja voitelu ovat elint\u00e4rkeit\u00e4 puomisylinterien tehokkaalle toiminnalle. Erilaiset tiivisteet, kuten m\u00e4nn\u00e4ntiivisteet ja varren tiivisteet, jotka on valmistettu kest\u00e4vist\u00e4 materiaaleista, kuten polyuretaanista ja nitriilikumista, varmistavat minimaalisen kulumisen ja est\u00e4v\u00e4t vuodot. Sylinterin runko ja kierteitetyt p\u00e4\u00e4t on k\u00e4sitelt\u00e4v\u00e4 hienovaraisesti kulutuskest\u00e4vyyden parantamiseksi. S\u00e4\u00e4nn\u00f6llinen voitelu hydrauliikka\u00f6ljyll\u00e4 on v\u00e4ltt\u00e4m\u00e4t\u00f6nt\u00e4 sujuvan toiminnan yll\u00e4pit\u00e4miseksi ja komponenttien kulumisen est\u00e4miseksi.<\/p>\n<h2>Ennaltaehk\u00e4isev\u00e4t huoltotoimenpiteet<\/h2>\n<ul>\n<li>\n<h3>S\u00e4\u00e4nn\u00f6lliset tarkastukset<\/h3>\n<p>Suorita s\u00e4\u00e4nn\u00f6llisi\u00e4 tarkastuksia kulumisen, vuotojen tai vaurioiden merkkien tunnistamiseksi. Varhainen havaitseminen voi est\u00e4\u00e4 kalliita korjauksia ja pident\u00e4\u00e4 puomisylinterin k\u00e4ytt\u00f6ik\u00e4\u00e4.<\/p>\n<\/li>\n<li>\n<h3>Asianmukainen voitelu<\/h3>\n<p>Varmista, ett\u00e4 kaikki liikkuvat osat voidellaan asianmukaisesti. T\u00e4m\u00e4 v\u00e4hent\u00e4\u00e4 kitkaa ja kulumista, edist\u00e4\u00e4 optimaalista toimintaa ja pident\u00e4\u00e4 k\u00e4ytt\u00f6ik\u00e4\u00e4.<\/p>\n<\/li>\n<li>\n<h3>Tiivisteen vaihto<\/h3>\n<p>Tarkista tiivisteet s\u00e4\u00e4nn\u00f6llisesti ja vaihda ne tarvittaessa est\u00e4\u00e4ksesi hydraulinesteen vuodot ja yll\u00e4pit\u00e4\u00e4ksesi j\u00e4rjestelm\u00e4n tehokkuuden. Tiivisteet ovat kriittisi\u00e4 osia, jotka vaikuttavat suoraan hydraulisylinterin suorituskykyyn.<\/p>\n<\/li>\n<\/ul>\n<h2>Asennusohjeet<\/h2>\n<p>Asenna puomin sylinteri oikein noudattamalla n\u00e4it\u00e4 ohjeita:<\/p>\n<ul>\n<li>Varmista sylinterin oikea kohdistus asennuksen aikana, jotta komponentteihin ei kohdistu tarpeetonta rasitusta.<\/li>\n<li>Kiinnit\u00e4 sylinteri tukevasti paikalleen k\u00e4ytt\u00e4m\u00e4ll\u00e4 sopivia kiinnityskorvakkeita.<\/li>\n<li>Tarkista hydrauliikkaliitokset vuotojen varalta asennuksen j\u00e4lkeen ja ennen k\u00e4ytt\u00f6\u00e4.<\/li>\n<li>Kalibroi hydraulij\u00e4rjestelm\u00e4 optimaalisen suorituskyvyn varmistamiseksi.<\/li>\n<\/ul>\n<h2>Yleiset huoltoteht\u00e4v\u00e4t<\/h2>\n<ul>\n<li>\n<h3>S\u00e4\u00e4nn\u00f6lliset tarkastukset<\/h3>\n<p>Hydraulij\u00e4rjestelm\u00e4n s\u00e4\u00e4nn\u00f6lliset tarkastukset auttavat tunnistamaan mahdolliset ongelmat ennen kuin ne pahenevat. T\u00e4h\u00e4n sis\u00e4ltyy nestetasojen seuranta ja vuotojen tarkastus.<\/p>\n<\/li>\n<li>\n<h3>Oikea voitelu<\/h3>\n<p>S\u00e4\u00e4nn\u00f6llinen voitelu on v\u00e4ltt\u00e4m\u00e4t\u00f6nt\u00e4 tehokkuuden yll\u00e4pit\u00e4miseksi. Varmista, ett\u00e4 kaikki liikkuvat osat on voideltu riitt\u00e4v\u00e4sti kulumisen v\u00e4hent\u00e4miseksi ja toiminnan parantamiseksi.<\/p>\n<\/li>\n<li>\n<h3>Tiivisteen vaihto ja kalibrointi<\/h3>\n<p>Kuluneiden tiivisteiden vaihtaminen ja j\u00e4rjestelm\u00e4n kalibrointi on ratkaisevan t\u00e4rke\u00e4\u00e4 hydraulij\u00e4rjestelm\u00e4n eheyden yll\u00e4pit\u00e4miseksi. Asianmukainen kalibrointi varmistaa, ett\u00e4 j\u00e4rjestelm\u00e4 toimii m\u00e4\u00e4ritettyjen parametrien puitteissa, mik\u00e4 est\u00e4\u00e4 viat.<\/p>\n<\/li>\n<\/ul>\n<p><img decoding=\"async\" src=\"https:\/\/www.hydraulic-cylinders.net\/wp-content\/uploads\/2025\/04\/songte-chushion-collar.webp\" alt=\"Hydraulinen sylinterin tyynyn kaulus\"><\/p>\n<h2>Turvallisuusn\u00e4k\u00f6kohdat ja ymp\u00e4rist\u00f6tekij\u00e4t<\/h2>\n<p>Turvatoimenpiteet ovat ensiarvoisen t\u00e4rkeit\u00e4 hydraulisten j\u00e4rjestelmien kanssa ty\u00f6skennelt\u00e4ess\u00e4. K\u00e4ytt\u00e4j\u00e4t tulee kouluttaa hallitsemaan hydraulipainetta ja ymm\u00e4rt\u00e4m\u00e4\u00e4n asianmukaisten turvavarusteiden k\u00e4yt\u00f6n t\u00e4rkeys. Ymp\u00e4rist\u00f6tekij\u00e4t, kuten l\u00e4mp\u00f6tila ja kosteus, voivat vaikuttaa hydraulinesteen suorituskykyyn, joten olosuhteiden valvonta on v\u00e4ltt\u00e4m\u00e4t\u00f6nt\u00e4 turvallisen k\u00e4yt\u00f6n varmistamiseksi.<\/p>\n<h2>Vianm\u00e4\u00e4ritys ja yleiset ongelmat<\/h2>\n<ul>\n<li>\n<h3>Vuoto<\/h3>\n<p>Yksi yleinen ongelma on hydraulinesteen vuoto, joka voidaan usein j\u00e4ljitt\u00e4\u00e4 kuluneisiin tiivisteisiin tai virheelliseen asennukseen. S\u00e4\u00e4nn\u00f6lliset tiivisteiden tarkastukset ja huolto voivat lievent\u00e4\u00e4 t\u00e4t\u00e4 ongelmaa.<\/p>\n<\/li>\n<li>\n<h3>Hidas toiminta<\/h3>\n<p>Jos puomin sylinteri toimii hitaasti, se voi viitata alhaiseen hydrauliikka\u00f6ljyn tasoon tai likaantumiseen. S\u00e4\u00e4nn\u00f6lliset tarkastukset ja \u00f6ljynvaihdot ovat v\u00e4ltt\u00e4m\u00e4tt\u00f6mi\u00e4 optimaalisen suorituskyvyn saavuttamiseksi.<\/p>\n<\/li>\n<li>\n<h3>Reagoimattomat s\u00e4\u00e4timet<\/h3>\n<p>Reagoimattomat s\u00e4\u00e4timet voivat johtua hydraulij\u00e4rjestelm\u00e4ss\u00e4 olevasta ilmasta tai toimimattomista venttiileist\u00e4. J\u00e4rjestelm\u00e4n ilmaaminen ja venttiilien tarkastaminen ovat olennaisia \u200b\u200btoimenpiteit\u00e4 t\u00e4m\u00e4n ongelman ratkaisemiseksi.<\/p>\n<\/li>\n<\/ul>\n<p><img decoding=\"async\" src=\"https:\/\/www.hydraulic-cylinders.net\/wp-content\/uploads\/2025\/04\/songte-bushings-with-all-kinds-of-excavator-models.webp\" alt=\"Kaivinkoneen holkit\"><\/p>\n<h2>Vianm\u00e4\u00e4ritysvinkkej\u00e4<\/h2>\n<p>Puomisylinterin ongelmien tehokkaaseen diagnosointiin ja ratkaisemiseen kannattaa ottaa huomioon seuraavat vinkit:<\/p>\n<ul>\n<li>Tee perusteellisia tarkastuksia s\u00e4\u00e4nn\u00f6llisin v\u00e4liajoin ongelmien havaitsemiseksi varhaisessa vaiheessa.<\/li>\n<li>Pid\u00e4 huoltolokia seurataksesi suorituskyky\u00e4 ja ongelmia ajan kuluessa.<\/li>\n<li>K\u00e4yt\u00e4 valmistajan resursseja yleisten ongelmien vianm\u00e4\u00e4ritykseen ja ratkaisuihin.<\/li>\n<\/ul>\n<h2>Tietoa yrityksest\u00e4mme<\/h2>\n<p>Olemme hydraulisten sylinterien valmistaja, joka tarjoaa laajan valikoiman tuotteita ja on yksi johtavista hydraulisten sylinterien valmistajista ja tukkumyyjist\u00e4 kotimaisilla ja kansainv\u00e4lisill\u00e4 markkinoilla. Noudatamme erinomaista laatua, luotamme hienostuneisiin valmistusstrategioihin ja huippuluokan digitaalisiin laitteisiin. Tiimimme parantaa jatkuvasti tuotantoalustaamme varmistaakseen korkean tehokkuuden, tarkkuuden ja laadun vastatakseen monipuolisiin asiakastarpeisiin.<\/p>\n<p><img decoding=\"async\" src=\"https:\/\/www.hydraulic-cylinders.net\/wp-content\/uploads\/2025\/04\/songte-company-4.webp\" alt=\"Yrityksen yleiskatsaus\"><br \/>\n<img decoding=\"async\" src=\"https:\/\/www.hydraulic-cylinders.net\/wp-content\/uploads\/2025\/04\/songte-company-3.webp\" alt=\"Tuotantolaitos\"><\/p>\n<h2>Johtop\u00e4\u00e4t\u00f6s<\/h2>\n<p>Sitoutumisemme laatuun, r\u00e4\u00e4t\u00e4l\u00f6intipalveluihin, kansainv\u00e4lisiin sertifiointeihin ja j\u00e4lkimarkkinointitukeen varmistavat, ett\u00e4 tuotteemme t\u00e4ytt\u00e4v\u00e4t korkeimmat standardit. Olemme omistautuneet palvelemaan asiakkaitamme poikkeuksellisilla hydrauliikkaratkaisuilla.<\/p>\n<p>Kirjoittaja: lyl<\/p>","protected":false},"excerpt":{"rendered":"<p>Boom Cylinder For Volwa Middle Excavator DLS210-8B Product Overview The Boom Cylinder for the Volwa Middle Excavator DLS210-8B is an essential component in hydraulic systems, specifically designed to control the movement of the excavator&#8217;s arm. This hydraulic cylinder allows the bucket to lift, lower, and tilt, facilitating various material handling tasks. It plays a vital [&hellip;]<\/p>","protected":false},"featured_media":17874,"comment_status":"open","ping_status":"closed","template":"","meta":{"_et_pb_use_builder":"","_et_pb_old_content":"","_et_gb_content_width":""},"product_brand":[],"product_cat":[1546],"product_tag":[1547,1496],"class_list":{"0":"post-19611","1":"product","2":"type-product","3":"status-publish","4":"has-post-thumbnail","6":"product_cat-boom-cylinders","7":"product_tag-boom-cylinders","8":"product_tag-hydraulic-cylinders","10":"first","11":"instock","12":"shipping-taxable","13":"product-type-simple"},"amp_enabled":true,"_links":{"self":[{"href":"https:\/\/www.hydraulic-cylinders.net\/fi\/wp-json\/wp\/v2\/product\/19611","targetHints":{"allow":["GET"]}}],"collection":[{"href":"https:\/\/www.hydraulic-cylinders.net\/fi\/wp-json\/wp\/v2\/product"}],"about":[{"href":"https:\/\/www.hydraulic-cylinders.net\/fi\/wp-json\/wp\/v2\/types\/product"}],"replies":[{"embeddable":true,"href":"https:\/\/www.hydraulic-cylinders.net\/fi\/wp-json\/wp\/v2\/comments?post=19611"}],"wp:featuredmedia":[{"embeddable":true,"href":"https:\/\/www.hydraulic-cylinders.net\/fi\/wp-json\/wp\/v2\/media\/17874"}],"wp:attachment":[{"href":"https:\/\/www.hydraulic-cylinders.net\/fi\/wp-json\/wp\/v2\/media?parent=19611"}],"wp:term":[{"taxonomy":"product_brand","embeddable":true,"href":"https:\/\/www.hydraulic-cylinders.net\/fi\/wp-json\/wp\/v2\/product_brand?post=19611"},{"taxonomy":"product_cat","embeddable":true,"href":"https:\/\/www.hydraulic-cylinders.net\/fi\/wp-json\/wp\/v2\/product_cat?post=19611"},{"taxonomy":"product_tag","embeddable":true,"href":"https:\/\/www.hydraulic-cylinders.net\/fi\/wp-json\/wp\/v2\/product_tag?post=19611"}],"curies":[{"name":"wp","href":"https:\/\/api.w.org\/{rel}","templated":true}]}}