{"id":19612,"date":"2025-04-07T06:57:21","date_gmt":"2025-04-07T06:57:21","guid":{"rendered":"https:\/\/www.hydraulic-cylinders.net\/product\/boom-cylinder-for-volwa-middle-excavator-dls230-8h\/"},"modified":"2025-04-07T06:57:24","modified_gmt":"2025-04-07T06:57:24","slug":"boom-cylinder-for-volwa-middle-excavator-dls230-8h","status":"publish","type":"product","link":"https:\/\/www.hydraulic-cylinders.net\/fi\/tuote\/boom-cylinder-for-volwa-middle-excavator-dls230-8h\/","title":{"rendered":"Puomin sylinteri Volwa-kaivinkoneeseen DLS230-8H"},"content":{"rendered":"<h1>Puomin sylinteri Volwa-kaivinkoneeseen DLS230-8H<\/h1>\n<h2>Johdatus puomin sylintereihin<\/h2>\n<p>Puomin sylinteri on t\u00e4rke\u00e4 osa raskaiden koneiden, kuten kaivinkoneiden, kaivurikuormaajien ja etukuormaajien, hydrauliikkaj\u00e4rjestelmiss\u00e4. Se on erityisesti suunniteltu ohjaamaan kauhan liikett\u00e4, jolloin se voi nousta, laskea ja kallistua tehokkaasti materiaalink\u00e4sittelyteht\u00e4vien aikana. N\u00e4m\u00e4 sylinterit k\u00e4ytt\u00e4v\u00e4t hydraulinestett\u00e4 voiman luomiseen, mink\u00e4 ansiosta koneet voivat suorittaa erilaisia \u200b\u200btoimintoja tarkasti ja tehokkaasti.<\/p>\n<p>Hydraulisylinterin\u00e4 puomin sylinterill\u00e4 on merkitt\u00e4v\u00e4 rooli useissa sovelluksissa eri teollisuudenaloilla. Kauhan asentoa s\u00e4\u00e4t\u00e4m\u00e4ll\u00e4 kuljettajat voivat optimoida ty\u00f6nkulkuaan ja lis\u00e4t\u00e4 tuottavuutta ty\u00f6mailla. T\u00e4m\u00e4 hydraulinen j\u00e4rjestelm\u00e4 on v\u00e4ltt\u00e4m\u00e4t\u00f6n esimerkiksi kaivamisessa, lastaamisessa ja materiaalien kuljetuksessa, mik\u00e4 tekee siit\u00e4 elint\u00e4rke\u00e4n ty\u00f6kalun rakennusalalla, maataloudessa ja kaivosteollisuudessa.<\/p>\n<p><img decoding=\"async\" src=\"https:\/\/www.hydraulic-cylinders.net\/wp-content\/uploads\/2025\/04\/songte-company-1.webp\" alt=\"Hydraulisylinterin kuva\" \/><\/p>\n<h2>Puomin sylinterin t\u00e4rkeimm\u00e4t ominaisuudet<\/h2>\n<ul>\n<li><strong>Korkea lujuus ja kest\u00e4vyys:<\/strong> Korkean lujuuden ter\u00e4ksest\u00e4 tai alumiinista valmistettu puomin sylinteri kest\u00e4\u00e4 korkeaa painetta ja raskaita kuormia, joten se sopii vaativiin ty\u00f6olosuhteisiin. Sen suunnittelussa on huomioitu kulutuskest\u00e4vyys ja korroosionkest\u00e4vyys k\u00e4ytt\u00f6i\u00e4n pident\u00e4miseksi.<\/li>\n<li><strong>Tehokas hydraulinen k\u00e4ytt\u00f6:<\/strong> Puomin sylinteri toimii tasaisesti hydraulinesteen paineen avulla, mik\u00e4 mahdollistaa nopean reagoinnin ohjauskomentoihin ja tarjoaa huomattavan ty\u00f6nt\u00f6- ja vetovoiman, mik\u00e4 on ihanteellista raskaiden esineiden k\u00e4sittelyyn ja monimutkaisiin teht\u00e4viin.<\/li>\n<li><strong>Erilaisia \u200b\u200btyyppej\u00e4:<\/strong> Puomisylinteri on saatavana yksitoimisena (hydrauliikkaa vain yhteen suuntaan) tai kaksitoimisena (hydrauliikkaa molempiin suuntiin), ja sit\u00e4 voidaan r\u00e4\u00e4t\u00e4l\u00f6id\u00e4 erilaisiin k\u00e4ytt\u00f6tarpeisiin. Joissakin malleissa on teleskooppirakenne, joka mahdollistaa suuremman jatkeen ilman ulkomittojen kasvua, mik\u00e4 sopii t\u00e4ydellisesti ahtaisiin sovelluksiin.<\/li>\n<li><strong>Mukautettu valmistus:<\/strong> Yrityksemme on erikoistunut n\u00e4iden puomisylintereiden valmistukseen, mik\u00e4 varmistaa, ett\u00e4 ne ovat t\u00e4ydellisi\u00e4 korvaajia koneissa oleville hydraulisylintereille.<\/li>\n<li><strong>Monipuoliset sovellukset:<\/strong> Puomin sylinteri\u00e4 voidaan mukauttaa erilaisiin konetyyppeihin, mik\u00e4 parantaa sen hy\u00f6dyllisyytt\u00e4 monenlaisissa teht\u00e4viss\u00e4.<\/li>\n<\/ul>\n<p><img decoding=\"async\" src=\"https:\/\/www.hydraulic-cylinders.net\/wp-content\/uploads\/2025\/04\/songte-cylinder-head-with-all-kinds-excavator-models.webp\" alt=\"Kaivinkonemallien kuva\" \/><\/p>\n<h2>Puomisylinterien sovellukset<\/h2>\n<h3>Rakennuslaitteet<\/h3>\n<p>Kaivinkoneissa puomin sylinterit ovat olennainen osa kaivamista, lastaamista ja maan tai roskien siirt\u00e4mist\u00e4. Ne mahdollistavat kauhan tehokkaan tunkeutumisen maahan, mik\u00e4 varmistaa tehokkaat kaivuuprosessit. Kaivurikuormaajissa n\u00e4m\u00e4 sylinterit helpottavat sek\u00e4 kaivu- ett\u00e4 nostotoimintoja, mik\u00e4 tekee niist\u00e4 v\u00e4ltt\u00e4m\u00e4tt\u00f6mi\u00e4 erilaisissa rakennusteht\u00e4viss\u00e4.<\/p>\n<h3>Maatalouskoneet<\/h3>\n<p>Etukuormaajissa puomisylintereit\u00e4 k\u00e4ytet\u00e4\u00e4n maan, hein\u00e4n ja muiden materiaalien kauhaamiseen, nostamiseen ja kuljettamiseen. Ne parantavat maataloustoimintojen tehokkuutta ja vaikuttavuutta, auttaen esimerkiksi rehun lastaamisessa ja irtomateriaalien siirt\u00e4misess\u00e4 maatiloilla.<\/p>\n<h3>Kaivinkoneet<\/h3>\n<p>Kaivinkoneissa puomin sylinteri on ratkaisevan t\u00e4rke\u00e4, sill\u00e4 se mahdollistaa kauhan tunkeutumisen maaper\u00e4\u00e4n kaivutoimia varten. T\u00e4m\u00e4 ominaisuus on v\u00e4ltt\u00e4m\u00e4t\u00f6n erilaisissa rakennus- ja maisemointiteht\u00e4viss\u00e4, ja se antaa k\u00e4ytt\u00e4jille tarvittavan voiman tehokkaiden kaivutoimien suorittamiseen.<\/p>\n<h3>Kuormaajat<\/h3>\n<p>Etukuormaajissa puomin sylinterit auttavat kuormien tehokkaassa nostamisessa ja tyhjent\u00e4misess\u00e4. Niiden hydraulinen toiminta mahdollistaa sujuvat siirtym\u00e4t ja tarkat liikkeet, mik\u00e4 varmistaa turvallisuuden ja tehokkuuden raskaiden materiaalien k\u00e4sittelyss\u00e4.<\/p>\n<h2>Suunnittelun\u00e4k\u00f6kohdat ja valintakriteerit<\/h2>\n<h3>Kantavuus<\/h3>\n<p>Puomisylinteri\u00e4 suunniteltaessa kuormituskapasiteetti on ensisijainen huomioitava seikka. Sen on kyett\u00e4v\u00e4 k\u00e4sittelem\u00e4\u00e4n k\u00e4yt\u00f6n aikana kohdistettava enimm\u00e4ispaino. Insin\u00f6\u00f6rit laskevat kuormitusvaatimukset koneen teknisten tietojen ja sen odotettujen teht\u00e4vien perusteella. Sopivan kuormituskapasiteetin omaavan sylinterin valitseminen varmistaa turvallisuuden ja tehokkuuden k\u00e4yt\u00f6n aikana.<\/p>\n<h3>Tiivistyskyky<\/h3>\n<p>Tehokas tiivistys on kriittisen t\u00e4rke\u00e4\u00e4 hydraulij\u00e4rjestelmiss\u00e4. Hyvin suunniteltu tiiviste est\u00e4\u00e4 hydraulinesteen vuotamisen, varmistaa optimaalisen toiminnan ja v\u00e4hent\u00e4\u00e4 huoltotarvetta. Tiivisteiss\u00e4 k\u00e4ytetyt materiaalit, kuten polyuretaani ja nitriilikumi, valitaan niiden kulutuskest\u00e4vyyden ja kest\u00e4vyyden perusteella, mik\u00e4 osaltaan pident\u00e4\u00e4 puomin sylinterin kokonaisk\u00e4ytt\u00f6ik\u00e4\u00e4.<\/p>\n<h3>Kest\u00e4vyys<\/h3>\n<p>Kest\u00e4vyys on olennaista puomin sylinterille, koska se toimii ankarissa olosuhteissa. Materiaalien ja suunnitteluk\u00e4yt\u00e4nt\u00f6jen on asetettava etusijalle kulumisen, korroosion ja v\u00e4symisen kest\u00e4vyys. T\u00e4m\u00e4 varmistaa, ett\u00e4 sylinteri kest\u00e4\u00e4 p\u00e4ivitt\u00e4isen k\u00e4yt\u00f6n rasitukset rakennus- ja maataloussovelluksissa.<\/p>\n<h3>Turvaominaisuudet<\/h3>\n<p>Turvaominaisuuksien sis\u00e4llytt\u00e4minen puomin sylinterin suunnitteluun on ratkaisevan t\u00e4rke\u00e4\u00e4. N\u00e4it\u00e4 voivat olla paineenalennusventtiilit, jotka est\u00e4v\u00e4t liiallisen paineen muodostumisen, ja vikasietomekanismit, jotka varmistavat koneiston turvallisen toiminnan my\u00f6s vaikeissa olosuhteissa. Hyvin suunniteltu sylinteri asettaa etusijalle sek\u00e4 k\u00e4ytt\u00e4jien ett\u00e4 sivullisten turvallisuuden.<\/p>\n<h3>Yll\u00e4pidett\u00e4vyys<\/h3>\n<p>Huollettavuuden suunnittelu helpottaa tarkastuksia ja korjauksia. Helppok\u00e4ytt\u00f6iset voitelupisteet ja modulaariset komponentit yksinkertaistavat huoltoteht\u00e4vi\u00e4 varmistaen, ett\u00e4 puomin sylinteri pysyy hyv\u00e4ss\u00e4 toimintakunnossa koko k\u00e4ytt\u00f6ik\u00e4ns\u00e4 ajan. Huollettavuuteen keskittyminen v\u00e4hent\u00e4\u00e4 seisokkiaikoja ja parantaa tuottavuutta.<\/p>\n<p><img decoding=\"async\" src=\"https:\/\/www.hydraulic-cylinders.net\/wp-content\/uploads\/2025\/04\/songte-oil-pipes-and-spare-parts.webp\" alt=\"\u00d6ljyputket ja varaosat -kuva\" \/><\/p>\n<h2>Tiivistys ja voitelu<\/h2>\n<p>Asianmukainen tiivistys ja voitelu ovat olennaisia \u200b\u200bpuomisylinterien tehokkaan toiminnan kannalta. Hydrauli\u00f6ljyn vuotojen est\u00e4miseksi k\u00e4ytet\u00e4\u00e4n erilaisia \u200b\u200btiivistyselementtej\u00e4, kuten m\u00e4nn\u00e4ntiivisteit\u00e4 ja varren tiivisteit\u00e4. N\u00e4m\u00e4 tiivisteet on tyypillisesti valmistettu kest\u00e4vist\u00e4 materiaaleista, kuten polyuretaanista ja nitriilikumista, jotka tarjoavat erinomaisen kulutuskest\u00e4vyyden.<\/p>\n<p>Sylinterin runko ja kierteitetyt p\u00e4\u00e4t viimeistell\u00e4\u00e4n tarkasti kest\u00e4vyyden ja kulutuskest\u00e4vyyden parantamiseksi. S\u00e4\u00e4nn\u00f6lliseen huoltoon kuuluu oikean m\u00e4\u00e4r\u00e4n hydrauliikka\u00f6ljyn lis\u00e4\u00e4minen sujuvan toiminnan varmistamiseksi ja liikkuvien osien v\u00e4lisen kitkan v\u00e4hent\u00e4miseksi. T\u00e4m\u00e4 voitelu on v\u00e4ltt\u00e4m\u00e4t\u00f6nt\u00e4 ennenaikaisen kulumisen est\u00e4miseksi ja puomisylinterin pitk\u00e4ik\u00e4isyyden varmistamiseksi.<\/p>\n<h2>S\u00e4\u00e4nn\u00f6llinen tarkastus ja ennaltaehk\u00e4isev\u00e4 huolto<\/h2>\n<ul>\n<li><strong>Rutiinitarkastukset:<\/strong> Tee s\u00e4\u00e4nn\u00f6llisi\u00e4 tarkastuksia vuotojen, kulumisen ja muiden vaurioiden merkkien varalta. Ongelmien tunnistaminen varhain voi est\u00e4\u00e4 merkitt\u00e4v\u00e4mpi\u00e4 ongelmia ja kalliita korjauksia.<\/li>\n<li><strong>Oikea voitelu:<\/strong> Varmista, ett\u00e4 puomin sylinteri on riitt\u00e4v\u00e4sti voideltu sujuvan toiminnan varmistamiseksi ja kulumisen v\u00e4hent\u00e4miseksi. K\u00e4yt\u00e4 korkealaatuista hydrauliikka\u00f6ljy\u00e4 ja noudata valmistajan ohjeita voiteluaikataulujen suhteen.<\/li>\n<li><strong>Tiivisteen vaihto:<\/strong> Tarkista tiivisteiden kunto s\u00e4\u00e4nn\u00f6llisesti ja vaihda ne tarvittaessa. Kuluneet tai vaurioituneet tiivisteet voivat johtaa hydraulinesteen vuotoihin, mik\u00e4 vaarantaa sylinterin toiminnan ja turvallisuuden.<\/li>\n<\/ul>\n<h2>Asennusohjeet<\/h2>\n<p>Puomisylinterin asentaminen vaatii huolellista huomiota yksityiskohtiin optimaalisen suorituskyvyn varmistamiseksi. Aloita varmistamalla, ett\u00e4 sylinteri on oikein kohdistettu koneiston kiinnityspisteisiin. V\u00e4\u00e4r\u00e4 kohdistus voi johtaa ennenaikaiseen kulumiseen ja rikkoutumiseen.<\/p>\n<p>K\u00e4yt\u00e4 sopivia kiinnityskorvakkeita sylinterin kiinnitt\u00e4miseen paikalleen ja varmista, ett\u00e4 se on tukevasti kiinni koneen runkoon. Ennen asennuksen viimeistely\u00e4 tarkista kaikki hydrauliset liit\u00e4nn\u00e4t vuotojen ja oikeiden kiinnitysten varalta. Valmistajan asennusohjeiden noudattaminen on ratkaisevan t\u00e4rke\u00e4\u00e4 puomisylinterin parhaan suorituskyvyn ja k\u00e4ytt\u00f6i\u00e4n saavuttamiseksi.<\/p>\n<h2>Yleiset huoltoteht\u00e4v\u00e4t<\/h2>\n<ul>\n<li><strong>S\u00e4\u00e4nn\u00f6lliset tarkastukset:<\/strong> Tee tarkastuksia mahdollisten kulumisen tai vaurioiden havaitsemiseksi. Ep\u00e4tasaisuuksien havaitseminen voi auttaa korjaamaan ongelmia ennen kuin ne pahenevat.<\/li>\n<li><strong>Asianmukainen voitelu:<\/strong> Varmista, ett\u00e4 voitelu suoritetaan suositellun aikataulun mukaisesti. T\u00e4m\u00e4 k\u00e4yt\u00e4nt\u00f6 minimoi kitkan ja kulumisen, mik\u00e4 pident\u00e4\u00e4 sylinterin k\u00e4ytt\u00f6ik\u00e4\u00e4.<\/li>\n<li><strong>Tiivisteen vaihto:<\/strong> Tarkkaile tiivisteiden kuntoa s\u00e4\u00e4nn\u00f6llisesti ja vaihda ne tarvittaessa. Kuluneet tiivisteet voivat johtaa hydrauli\u00f6ljyn vuotoihin, mik\u00e4 vaikuttaa suorituskykyyn.<\/li>\n<\/ul>\n<h2>Turvallisuusn\u00e4k\u00f6kohdat ja ymp\u00e4rist\u00f6tekij\u00e4t<\/h2>\n<p>Puomisylinterien kanssa ty\u00f6skennelt\u00e4ess\u00e4 turvatoimenpiteet ovat ensiarvoisen t\u00e4rkeit\u00e4. Kuljettajien on k\u00e4ytett\u00e4v\u00e4 asianmukaisia \u200b\u200bhenkil\u00f6nsuojaimia ja heid\u00e4t on koulutettava turvallisiin k\u00e4ytt\u00f6tapoihin. On my\u00f6s t\u00e4rke\u00e4\u00e4 varmistaa, ett\u00e4 hydrauliikkaj\u00e4rjestelm\u00e4 on hyvin huollettu onnettomuuksien v\u00e4ltt\u00e4miseksi. Ymp\u00e4rist\u00f6tekij\u00e4t, kuten altistuminen \u00e4\u00e4rimm\u00e4isille l\u00e4mp\u00f6tiloille ja sy\u00f6vytt\u00e4ville aineille, on otettava huomioon, koska ne voivat vaikuttaa puomisylinterin eheyteen.<\/p>\n<h2>Vianm\u00e4\u00e4ritys ja yleiset ongelmat<\/h2>\n<ul>\n<li><strong>Hydrauli\u00f6ljyn vuoto:<\/strong> Jos hydraulinestevuotoa havaitaan, tarkista tiivisteet ja liitokset kulumisen tai vaurioiden varalta. Kuluneiden tiivisteiden vaihtaminen ja liitosten tiukkuuden varmistaminen voivat ratkaista t\u00e4m\u00e4n ongelman.<\/li>\n<li><strong>Huono suorituskyky:<\/strong> Jos puomin sylinteri ei reagoi odotetulla tavalla, tarkista hydrauliikkalinjojen tukokset tai alhaiset nestetasot. N\u00e4iden ongelmien korjaaminen voi palauttaa optimaalisen toiminnan.<\/li>\n<li><strong>Ep\u00e4tavalliset \u00e4\u00e4net:<\/strong> Ep\u00e4tavalliset \u00e4\u00e4net k\u00e4yt\u00f6n aikana voivat viitata sis\u00e4iseen kulumiseen tai vaurioihin. Tarkista sylinteri n\u00e4kyvien vaurioiden varalta ja harkitse tarvittaessa ammattilaisen puoleen k\u00e4\u00e4ntymist\u00e4.<\/li>\n<\/ul>\n<p>Ennaltaehk\u00e4isevien toimenpiteiden toteuttaminen voi minimoida mahdolliset ongelmat ja pident\u00e4\u00e4 puomisylinterin k\u00e4ytt\u00f6ik\u00e4\u00e4. S\u00e4\u00e4nn\u00f6llinen huolto, tarkastukset ja ongelmien nopea huomioiminen ovat keskeisi\u00e4 strategioita pitk\u00e4n aikav\u00e4lin toimivuuden varmistamiseksi.<\/p>\n<p><img decoding=\"async\" src=\"https:\/\/www.hydraulic-cylinders.net\/wp-content\/uploads\/2025\/04\/songte-bushings-with-all-kinds-of-excavator-models.webp\" alt=\"Holkkikuva\" \/><\/p>\n<h2>Tietoa yrityksest\u00e4mme<\/h2>\n<p>Olemme johtava hydraulisten varaosien valmistaja ja tukkumyyj\u00e4, joka tunnetaan laajasta tuotevalikoimastamme ja sitoutumisestamme laatuun. Yrityksemme on vakiinnuttanut asemansa merkitt\u00e4v\u00e4n\u00e4 toimijana sek\u00e4 kotimaisilla ett\u00e4 kansainv\u00e4lisill\u00e4 markkinoilla.<\/p>\n<p>Noudatamme erinomaisuuden laatufilosofiaa, jossa hy\u00f6dynn\u00e4mme edistyneit\u00e4 valmistusstrategioita ja digitaalisia huippulaitteita. Tuotannonohjausj\u00e4rjestelm\u00e4mme keskittyy jatkuvaan parantamiseen hy\u00f6dynt\u00e4m\u00e4ll\u00e4 ammattitaitoista teknist\u00e4 henkil\u00f6st\u00f6\u00e4 ja ammattimaisia \u200b\u200btestausj\u00e4rjestelmi\u00e4 valmistuskykyjemme parantamiseksi.<\/p>\n<p>Sitoutumisemme korkeaan tehokkuuteen, tarkkuuteen ja laatuun mahdollistaa sen, ett\u00e4 pystymme vastaamaan monipuolisiin asiakastarpeisiin. Tarjoamme r\u00e4\u00e4t\u00e4l\u00f6ityj\u00e4 palveluita, jotka on r\u00e4\u00e4t\u00e4l\u00f6ity erityisvaatimuksiin varmistaen, ett\u00e4 tuotteemme ovat paitsi luotettavia my\u00f6s sopivia erilaisiin k\u00e4ytt\u00f6tarkoituksiin.<\/p>\n<p><img decoding=\"async\" src=\"https:\/\/www.hydraulic-cylinders.net\/wp-content\/uploads\/2025\/04\/songte-company-4.webp\" alt=\"Yrityksen imago\" \/><br \/>\n<img decoding=\"async\" src=\"https:\/\/www.hydraulic-cylinders.net\/wp-content\/uploads\/2025\/04\/songte-company-3.webp\" alt=\"Yrityksen imago\" \/><\/p>\n<p>Kirjoittaja: lyl<\/p>","protected":false},"excerpt":{"rendered":"<p>Boom Cylinder For Volwa Middle Excavator DLS230-8H Introduction to Boom Cylinders The boom cylinder is a crucial component in the hydraulic systems of heavy machinery such as excavators, backhoe loaders, and front loaders. It is specifically designed to control the movement of the bucket, allowing it to lift, lower, and tilt efficiently during material handling [&hellip;]<\/p>","protected":false},"featured_media":17875,"comment_status":"open","ping_status":"closed","template":"","meta":{"_et_pb_use_builder":"","_et_pb_old_content":"","_et_gb_content_width":""},"product_brand":[],"product_cat":[1546],"product_tag":[1547,1496],"class_list":{"0":"post-19612","1":"product","2":"type-product","3":"status-publish","4":"has-post-thumbnail","6":"product_cat-boom-cylinders","7":"product_tag-boom-cylinders","8":"product_tag-hydraulic-cylinders","10":"first","11":"instock","12":"shipping-taxable","13":"product-type-simple"},"amp_enabled":true,"_links":{"self":[{"href":"https:\/\/www.hydraulic-cylinders.net\/fi\/wp-json\/wp\/v2\/product\/19612","targetHints":{"allow":["GET"]}}],"collection":[{"href":"https:\/\/www.hydraulic-cylinders.net\/fi\/wp-json\/wp\/v2\/product"}],"about":[{"href":"https:\/\/www.hydraulic-cylinders.net\/fi\/wp-json\/wp\/v2\/types\/product"}],"replies":[{"embeddable":true,"href":"https:\/\/www.hydraulic-cylinders.net\/fi\/wp-json\/wp\/v2\/comments?post=19612"}],"wp:featuredmedia":[{"embeddable":true,"href":"https:\/\/www.hydraulic-cylinders.net\/fi\/wp-json\/wp\/v2\/media\/17875"}],"wp:attachment":[{"href":"https:\/\/www.hydraulic-cylinders.net\/fi\/wp-json\/wp\/v2\/media?parent=19612"}],"wp:term":[{"taxonomy":"product_brand","embeddable":true,"href":"https:\/\/www.hydraulic-cylinders.net\/fi\/wp-json\/wp\/v2\/product_brand?post=19612"},{"taxonomy":"product_cat","embeddable":true,"href":"https:\/\/www.hydraulic-cylinders.net\/fi\/wp-json\/wp\/v2\/product_cat?post=19612"},{"taxonomy":"product_tag","embeddable":true,"href":"https:\/\/www.hydraulic-cylinders.net\/fi\/wp-json\/wp\/v2\/product_tag?post=19612"}],"curies":[{"name":"wp","href":"https:\/\/api.w.org\/{rel}","templated":true}]}}