{"id":19614,"date":"2025-04-07T06:57:27","date_gmt":"2025-04-07T06:57:27","guid":{"rendered":"https:\/\/www.hydraulic-cylinders.net\/product\/boom-cylinder-for-volwa-large-excavator-dls330-8b\/"},"modified":"2025-04-07T06:57:29","modified_gmt":"2025-04-07T06:57:29","slug":"boom-cylinder-for-volwa-large-excavator-dls330-8b","status":"publish","type":"product","link":"https:\/\/www.hydraulic-cylinders.net\/fi\/tuote\/boom-cylinder-for-volwa-large-excavator-dls330-8b\/","title":{"rendered":"Puomin sylinteri Volwa-kaivukoneeseen DLS330-8B"},"content":{"rendered":"<h1>Puomin sylinteri Volwa-kaivukoneeseen DLS330-8B<\/h1>\n<h2>Tuotteen yleiskatsaus<\/h2>\n<p>The <strong>Puomin sylinteri Volwa-kaivukoneeseen DLS330-8B<\/strong> on olennainen osa kaivinkoneiden hydraulij\u00e4rjestelm\u00e4\u00e4. Se on erityisesti suunniteltu ohjaamaan puomin liikett\u00e4, mik\u00e4 on ratkaisevan t\u00e4rke\u00e4\u00e4 erilaisissa raskaiden koneiden teht\u00e4viss\u00e4. Puomin sylinteri toimii ohjaamalla hydraulinestett\u00e4, jolloin puomi voi nousta, laskea ja kallistua, mik\u00e4 helpottaa tehokasta materiaalink\u00e4sittely\u00e4. T\u00e4m\u00e4n tyyppinen hydraulisylinteri on elint\u00e4rke\u00e4 laitteissa, kuten kaivinkoneissa, kaivurikuormaajissa ja etukuormaajissa, jotta ne voivat suorittaa toimintoja, kuten kaivamista ja materiaalien kuljetusta.<\/p>\n<p><img decoding=\"async\" src=\"https:\/\/www.hydraulic-cylinders.net\/wp-content\/uploads\/2025\/04\/songte-company-1.webp\" alt=\"Kaivinkoneiden puomin sylinteri\" \/><\/p>\n<h2>Puomin sylinterin ominaisuudet<\/h2>\n<ul>\n<li><strong>Korkea lujuus ja kest\u00e4vyys:<\/strong> N\u00e4m\u00e4 sylinterit on valmistettu eritt\u00e4in lujasta ter\u00e4ksest\u00e4 tai alumiinista, ja ne kest\u00e4v\u00e4t korkeaa painetta ja raskaita kuormia, joten ne sopivat vaativiin ty\u00f6ymp\u00e4rist\u00f6ihin.<\/li>\n<li><strong>Tehokas hydraulinen k\u00e4ytt\u00f6:<\/strong> Puomin sylinteri mahdollistaa sujuvan pidennyksen ja sis\u00e4\u00e4nvedon hydrauli\u00f6ljyn paineen avulla, mik\u00e4 tarjoaa nopean vasteen k\u00e4ytt\u00f6komentoihin ja tuottaa voimakkaat ty\u00f6nt\u00f6- ja vetovoimat.<\/li>\n<li><strong>Monipuoliset vaihtoehdot:<\/strong> Saatavilla yksitoimisina (toimii yhteen suuntaan) tai kaksitoimisina (toimii molempiin suuntiin) kokoonpanoina. Joissakin malleissa on teleskooppirakenne, joka mahdollistaa pidemm\u00e4n ulottuvuuden ilman ulkomittojen kasvua.<\/li>\n<li><strong>Kulumis- ja korroosionkest\u00e4vyys:<\/strong> Suunniteltu kulutusta ja korroosiota kest\u00e4vist\u00e4 materiaaleista, mik\u00e4 takaa pitk\u00e4n k\u00e4ytt\u00f6i\u00e4n my\u00f6s haastavissa olosuhteissa.<\/li>\n<li><strong>Mukautettavat ratkaisut:<\/strong> Voimme valmistaa n\u00e4it\u00e4 hydraulisylintereit\u00e4 korvaamaan t\u00e4ydellisesti alkuper\u00e4iset laitteet varmistaen yhteensopivuuden ja optimaalisen suorituskyvyn.<\/li>\n<\/ul>\n<p><img decoding=\"async\" src=\"https:\/\/www.hydraulic-cylinders.net\/wp-content\/uploads\/2025\/04\/songte-cylinder-head-with-all-kinds-excavator-models.webp\" alt=\"Kaivinkonemallit\" \/><\/p>\n<h2>Puomisylinterin sovellukset<\/h2>\n<h3>Rakennuslaitteet<\/h3>\n<p>Kaivinkoneissa puomin sylinteri on ratkaisevan t\u00e4rke\u00e4 kaivamisessa, lastaamisessa ja maaper\u00e4n tai roskien siirt\u00e4misess\u00e4. Sen teht\u00e4v\u00e4n\u00e4 on mahdollistaa koneen tehokas ohjaaminen ja teht\u00e4vien, kuten ojituksen ja ty\u00f6maan valmistelun, suorittaminen. Kaivurikuormaajissa puomin sylinteri auttaa sek\u00e4 kaivu- ett\u00e4 nostot\u00f6iss\u00e4, mik\u00e4 tekee siit\u00e4 v\u00e4ltt\u00e4m\u00e4tt\u00f6m\u00e4n rakennus- ja kaivuprojekteissa.<\/p>\n<h3>Maatalouskoneet<\/h3>\n<p>Puomin sylinteri\u00e4 k\u00e4ytet\u00e4\u00e4n my\u00f6s etukuormaajissa maan, hein\u00e4n ja muiden materiaalien kauhaukseen, nostamiseen ja kuljettamiseen. N\u00e4m\u00e4 koneet tarvitsevat luotettavia hydraulij\u00e4rjestelmi\u00e4 maatalousteht\u00e4vien tuottavuuden parantamiseksi ja tehokkaan toiminnan varmistamiseksi lastaus- ja purkutoiminnoissa.<\/p>\n<h3>Kaivinkoneet<\/h3>\n<p>Kaivinkoneissa puomin sylinteri mahdollistaa kauhan tehokkaan tunkeutumisen maahan, mik\u00e4 helpottaa maan kaivamista. Hydraulisen j\u00e4rjestelm\u00e4n tarjoama teho ja hallinta mahdollistavat tarkkuuden kaivamisessa, mik\u00e4 on olennaista erilaisissa rakennusprojekteissa.<\/p>\n<h3>Kuormaajat<\/h3>\n<p>Etukuormaajissa ne auttavat materiaalien tehokkaassa nostamisessa ja tyhjent\u00e4misess\u00e4. Hydraulinen puomitoiminto mahdollistaa suurten kuormien nopean ja turvallisen k\u00e4sittelyn, mik\u00e4 on elint\u00e4rke\u00e4\u00e4 rakennus- ja materiaalink\u00e4sittelytoiminnoissa.<\/p>\n<h2>Suunnittelun\u00e4k\u00f6kohdat ja valintakriteerit<\/h2>\n<h3>Kantavuus<\/h3>\n<p>Puomisylinteri\u00e4 valittaessa on ratkaisevan t\u00e4rke\u00e4\u00e4 ymm\u00e4rt\u00e4\u00e4 sen kuormituskapasiteetti. Oikein mitoitettu sylinteri varmistaa, ett\u00e4 se pystyy nostamaan ja siirt\u00e4m\u00e4\u00e4n vaaditun painon vioittumatta. Kuormituskapasiteetti m\u00e4\u00e4r\u00e4ytyy sylinterin koon, materiaalin ja rakenteen mukaan. Sylinteri, joka ylitt\u00e4\u00e4 kuormitusrajansa, voi rikkoutua vakavasti, mik\u00e4 johtaa laitevaurioihin ja turvallisuusriskeihin.<\/p>\n<h3>Tiivistys<\/h3>\n<p>Tiivistys on v\u00e4ltt\u00e4m\u00e4t\u00f6nt\u00e4 hydraulisylinterin eheyden yll\u00e4pit\u00e4miseksi. Tehokkaat tiivisteet est\u00e4v\u00e4t hydraulinesteen vuodot, mik\u00e4 varmistaa tehokkaan toiminnan ja v\u00e4hent\u00e4\u00e4 yll\u00e4pitokustannuksia. Korkealaatuiset tiivistemateriaalit, kuten polyuretaani ja nitriilikumi, kest\u00e4v\u00e4t korkeaa painetta ja kulumista. Asianmukainen tiivistys takaa sylinterin tehokkaan toiminnan koko k\u00e4ytt\u00f6ik\u00e4ns\u00e4 ajan.<\/p>\n<h3>Kest\u00e4vyys<\/h3>\n<p>Puomisylinterin kest\u00e4vyys on ensiarvoisen t\u00e4rke\u00e4\u00e4, erityisesti vaativissa ymp\u00e4rist\u00f6iss\u00e4. Kest\u00e4v\u00e4 sylinteri on valmistettu kest\u00e4vist\u00e4 materiaaleista, jotka on suunniteltu kest\u00e4m\u00e4\u00e4n kulumista ja korroosiota. Sylinterin kunnon s\u00e4\u00e4nn\u00f6llinen arviointi voi est\u00e4\u00e4 ennenaikaisen vikaantumisen ja kalliit korjaukset, joten kest\u00e4vyys on keskeinen valintakriteeri.<\/p>\n<h3>Turvallisuus<\/h3>\n<p>Turvaominaisuudet, kuten ylikuormitussuoja ja tehokkaat paineenalennusj\u00e4rjestelm\u00e4t, ovat ratkaisevan t\u00e4rkeit\u00e4 hydraulisylintereiss\u00e4. N\u00e4m\u00e4 ominaisuudet auttavat est\u00e4m\u00e4\u00e4n onnettomuuksia ja laitevaurioita k\u00e4yt\u00f6n aikana. Sis\u00e4\u00e4nrakennetuilla turvatoimenpiteill\u00e4 varustetun sylinterin valitseminen varmistaa, ett\u00e4 k\u00e4ytt\u00e4j\u00e4t voivat ty\u00f6skennell\u00e4 luottavaisin mielin ja turvallisesti.<\/p>\n<h3>Yll\u00e4pidett\u00e4vyys<\/h3>\n<p>Helppo huolto on toinen suunnittelussa huomioon otettava seikka. Tuotteet, jotka mahdollistavat tiivisteiden ja komponenttien yksinkertaiset tarkastukset ja oikea-aikaisen vaihdon, pident\u00e4v\u00e4t laitteen k\u00e4ytt\u00f6ik\u00e4\u00e4. Hyvin suunniteltu hydraulisylinteri minimoi seisokkiajat varmistaen, ett\u00e4 laite pysyy toimintakunnossa pitki\u00e4 aikoja.<\/p>\n<p><img decoding=\"async\" src=\"https:\/\/www.hydraulic-cylinders.net\/wp-content\/uploads\/2025\/04\/songte-oil-pipes-and-spare-parts.webp\" alt=\"Hydrauliputket ja varaosat\" \/><\/p>\n<h2>Hydraulisylinterin tiivistys ja voitelu<\/h2>\n<p>Puomisylinterin luotettavuus riippuu merkitt\u00e4v\u00e4sti sen tiivistyksen ja voitelun laadusta. Erilaisia \u200b\u200btiivisteit\u00e4, kuten m\u00e4nn\u00e4ntiivisteit\u00e4 ja varren tiivisteit\u00e4, k\u00e4ytet\u00e4\u00e4n est\u00e4m\u00e4\u00e4n nestevuotoja. Polyuretaanista ja nitriilikumista valmistetut tiivisteet ovat edullisia niiden kest\u00e4vyyden ja kulumisenkest\u00e4vyyden vuoksi. Sylinterin runko ja kierteitetyt p\u00e4\u00e4typinnat viimeistell\u00e4\u00e4n tarkasti kulumiskest\u00e4vyyden parantamiseksi.<\/p>\n<p>S\u00e4\u00e4nn\u00f6llinen voitelu hydrauliikka\u00f6ljyll\u00e4 on v\u00e4ltt\u00e4m\u00e4t\u00f6nt\u00e4 sylinterin suorituskyvyn yll\u00e4pit\u00e4miseksi. T\u00e4m\u00e4 voitelu ei ainoastaan \u200b\u200bminimoi liikkuvien osien kulumista, vaan my\u00f6s suojaa korroosiolta ja ylikuumenemiselta. Oikeat voiteluk\u00e4yt\u00e4nn\u00f6t varmistavat hydrauliikkaj\u00e4rjestelm\u00e4n pitk\u00e4n k\u00e4ytt\u00f6i\u00e4n ja tehokkaan toiminnan.<\/p>\n<h2>Ennaltaehk\u00e4isev\u00e4t huoltotoimenpiteet<\/h2>\n<ul>\n<li><strong>S\u00e4\u00e4nn\u00f6lliset tarkastukset:<\/strong> Tarkasta sylinteri s\u00e4\u00e4nn\u00f6llisesti kulumisen, vuotojen tai vaurioiden varalta. Ongelmien varhainen havaitseminen voi est\u00e4\u00e4 vakavia vikoja.<\/li>\n<li><strong>Oikea voitelu:<\/strong> Varmista, ett\u00e4 sylinteri on voideltu riitt\u00e4v\u00e4sti suositellulla hydrauliikka\u00f6ljyll\u00e4, sill\u00e4 riitt\u00e4m\u00e4t\u00f6n voitelu voi johtaa lis\u00e4\u00e4ntyneeseen kulumiseen.<\/li>\n<li><strong>Tiivisteiden vaihdot:<\/strong> Tarkista tiivisteet s\u00e4\u00e4nn\u00f6llisesti ja vaihda ne tarvittaessa suorituskyvyn yll\u00e4pit\u00e4miseksi ja vuotojen est\u00e4miseksi.<\/li>\n<\/ul>\n<h2>Asennusohjeet<\/h2>\n<p>Puomin sylinterin oikea asentaminen on v\u00e4ltt\u00e4m\u00e4t\u00f6nt\u00e4 optimaalisen suorituskyvyn saavuttamiseksi. Aloita varmistamalla, ett\u00e4 kaikki komponentit ovat puhtaita ja roskista vapaita. Kohdista sylinteri oikein kiinnityspisteisiin v\u00e4ltt\u00e4\u00e4ksesi virhekohdistuksen, joka voi johtaa ennenaikaiseen kulumiseen. K\u00e4yt\u00e4 sopivia kiinnityskorvakkeita sylinterin kiinnitt\u00e4miseksi paikalleen ja varmista vakauden k\u00e4yt\u00f6n aikana.<\/p>\n<p>Ennen asennuksen viimeistely\u00e4 tarkista kaikki liit\u00e4nn\u00e4t varmistaaksesi, ett\u00e4 ne ovat tiukasti kiinni. Asennuksen j\u00e4lkeen testaa sylinteri\u00e4 normaaleissa k\u00e4ytt\u00f6olosuhteissa varmistaaksesi, ett\u00e4 se toimii oikein. Tarvittavat s\u00e4\u00e4d\u00f6t tulee tehd\u00e4 viipym\u00e4tt\u00e4 toimintaongelmien v\u00e4ltt\u00e4miseksi.<\/p>\n<h2>Yleiset huoltoteht\u00e4v\u00e4t<\/h2>\n<h3>S\u00e4\u00e4nn\u00f6lliset tarkastukset<\/h3>\n<p>Tee s\u00e4\u00e4nn\u00f6llisi\u00e4 tarkastuksia mahdollisten ongelmien tunnistamiseksi varhaisessa vaiheessa. Etsi kulumisen, korroosion tai vuotojen merkkej\u00e4 ja korjaa ne viipym\u00e4tt\u00e4 pitk\u00e4aikaisten vaurioiden v\u00e4ltt\u00e4miseksi.<\/p>\n<h3>Asianmukainen voitelu<\/h3>\n<p>Oikean voitelutason yll\u00e4pit\u00e4minen on elint\u00e4rke\u00e4\u00e4. K\u00e4yt\u00e4 valmistajan suosittelemaa hydrauliikka\u00f6ljy\u00e4 ja levit\u00e4 sit\u00e4 m\u00e4\u00e4ritettyjen vaihtov\u00e4lien mukaisesti varmistaaksesi sujuvan toiminnan.<\/p>\n<h3>Tiivisteen vaihto ja kalibroinnin tarkistus<\/h3>\n<p>Tiivisteiden vaihtaminen on v\u00e4ltt\u00e4m\u00e4t\u00f6nt\u00e4 hydraulisen tehokkuuden yll\u00e4pit\u00e4miseksi. Noudata tiivisteiden vaihtoaikataulua ja tarkista sylinterin kalibrointi s\u00e4\u00e4nn\u00f6llisesti varmistaaksesi oikean toiminnan.<\/p>\n<p><img decoding=\"async\" src=\"https:\/\/www.hydraulic-cylinders.net\/wp-content\/uploads\/2025\/04\/songte-chushion-collar.webp\" alt=\"Hydrauliikan pehmustekaulus\" \/><\/p>\n<h2>Turvallisuusn\u00e4k\u00f6kohdat ja ymp\u00e4rist\u00f6tekij\u00e4t<\/h2>\n<p>Hydraulij\u00e4rjestelmien kanssa ty\u00f6skennelt\u00e4ess\u00e4 on eritt\u00e4in t\u00e4rke\u00e4\u00e4 noudattaa turvallisuustoimenpiteit\u00e4. Asianmukainen hydraulisten toimintojen koulutus varmistaa, ett\u00e4 k\u00e4ytt\u00e4j\u00e4t osaavat k\u00e4sitell\u00e4 laitteita turvallisesti. Lis\u00e4ksi hydraulisylinterien vastuullinen k\u00e4ytt\u00f6 minimoi ymp\u00e4rist\u00f6vaikutukset. Varmista hydraulinesteiden ja muiden materiaalien asianmukainen h\u00e4vitt\u00e4minen ymp\u00e4rist\u00f6n suojelemiseksi.<\/p>\n<h2>Vianm\u00e4\u00e4ritys ja yleiset ongelmat<\/h2>\n<ul>\n<li><strong>Vuotavat tiivisteet:<\/strong> Jos vuotoa esiintyy, tarkista tiivisteet kulumisen tai vaurioiden varalta ja vaihda ne tarvittaessa.<\/li>\n<li><strong>Heikentynyt suorituskyky:<\/strong> Jos sylinteri ei toimi tehokkaasti, tarkista oikeat voitelutasot ja hydraulinesteen laatu.<\/li>\n<li><strong>Ep\u00e4tavalliset \u00e4\u00e4net:<\/strong> Ep\u00e4tavalliset \u00e4\u00e4net voivat viitata sis\u00e4isiin vaurioihin tai huollon tarpeeseen \u2013 tee perusteellinen tarkastus.<\/li>\n<\/ul>\n<h2>Diagnoosi ja ratkaisut<\/h2>\n<p>Ongelmien tehokasta vianm\u00e4\u00e4rityst\u00e4 varten aloita tunnistamalla oireet: kulumisen merkit, odottamattomat \u00e4\u00e4net tai suorituskyvyn laskut. Suorita j\u00e4rjestelm\u00e4llinen tarkastus, jossa keskityt\u00e4\u00e4n tiivisteisiin, voiteluun ja hydraulinesteen tasoihin. Toteuta ennaltaehk\u00e4isevi\u00e4 toimenpiteit\u00e4, kuten s\u00e4\u00e4nn\u00f6llist\u00e4 huoltoa ja tarkastuksia, riskien minimoimiseksi ja puomisylinterin k\u00e4ytt\u00f6i\u00e4n pident\u00e4miseksi.<\/p>\n<p><img decoding=\"async\" src=\"https:\/\/www.hydraulic-cylinders.net\/wp-content\/uploads\/2025\/04\/songte-bushings-with-all-kinds-of-excavator-models.webp\" alt=\"Kaivinkonemallien holkit\" \/><\/p>\n<h2>Tietoa yrityksest\u00e4mme<\/h2>\n<p>Olemme johtava hydraulisten sylinterien vaihto-osien valmistaja, joka tarjoaa kattavan valikoiman tuotteita, jotka vastaavat markkinoiden monipuolisiin tarpeisiin. Keskittymisemme poikkeukselliseen laatuun ja tarkkuustuotantostrategioihin tekee meist\u00e4 huippukilpailijan sek\u00e4 kotimaisilla ett\u00e4 kansainv\u00e4lisill\u00e4 markkinoilla. Hy\u00f6dynn\u00e4mme edistyneit\u00e4 teknologioita, ammattitaitoisia ammattilaisia \u200b\u200bja vankkaa laadunvarmistusj\u00e4rjestelm\u00e4\u00e4 parantaaksemme tuotantokapasiteettiamme ja varmistaaksemme korkeat standardit.<\/p>\n<p>Sitoutumisemme asiakastyytyv\u00e4isyyteen n\u00e4kyy r\u00e4\u00e4t\u00e4l\u00f6it\u00e4viss\u00e4 palveluissamme, kansainv\u00e4lisiss\u00e4 sertifikaateissamme ja omistautuneessa j\u00e4lkimarkkinointituessamme. Pyrimme t\u00e4ytt\u00e4m\u00e4\u00e4n asiakkaidemme ainutlaatuiset vaatimukset ja samalla yll\u00e4pit\u00e4m\u00e4\u00e4n alan johtavia standardeja hydraulisylinterien valmistuksessa.<\/p>\n<p><img decoding=\"async\" src=\"https:\/\/www.hydraulic-cylinders.net\/wp-content\/uploads\/2025\/04\/songte-company-4.webp\" alt=\"Yrityksemme\" \/><br \/>\n<img decoding=\"async\" src=\"https:\/\/www.hydraulic-cylinders.net\/wp-content\/uploads\/2025\/04\/songte-company-3.webp\" alt=\"Valmistusprosessi\" \/><\/p>\n<p>Kirjoittaja: lyl<\/p>","protected":false},"excerpt":{"rendered":"<p>Boom Cylinder For Volwa Large Excavator DLS330-8B Product Overview The Boom Cylinder For Volwa Large Excavator DLS330-8B is an essential component in the hydraulic system of excavators. It is specifically designed to control the movement of the boom, which is crucial for various heavy machinery tasks. A boom cylinder operates by directing hydraulic fluid to [&hellip;]<\/p>","protected":false},"featured_media":17877,"comment_status":"open","ping_status":"closed","template":"","meta":{"_et_pb_use_builder":"","_et_pb_old_content":"","_et_gb_content_width":""},"product_brand":[],"product_cat":[1546],"product_tag":[1547,1496],"class_list":{"0":"post-19614","1":"product","2":"type-product","3":"status-publish","4":"has-post-thumbnail","6":"product_cat-boom-cylinders","7":"product_tag-boom-cylinders","8":"product_tag-hydraulic-cylinders","10":"first","11":"instock","12":"shipping-taxable","13":"product-type-simple"},"amp_enabled":true,"_links":{"self":[{"href":"https:\/\/www.hydraulic-cylinders.net\/fi\/wp-json\/wp\/v2\/product\/19614","targetHints":{"allow":["GET"]}}],"collection":[{"href":"https:\/\/www.hydraulic-cylinders.net\/fi\/wp-json\/wp\/v2\/product"}],"about":[{"href":"https:\/\/www.hydraulic-cylinders.net\/fi\/wp-json\/wp\/v2\/types\/product"}],"replies":[{"embeddable":true,"href":"https:\/\/www.hydraulic-cylinders.net\/fi\/wp-json\/wp\/v2\/comments?post=19614"}],"wp:featuredmedia":[{"embeddable":true,"href":"https:\/\/www.hydraulic-cylinders.net\/fi\/wp-json\/wp\/v2\/media\/17877"}],"wp:attachment":[{"href":"https:\/\/www.hydraulic-cylinders.net\/fi\/wp-json\/wp\/v2\/media?parent=19614"}],"wp:term":[{"taxonomy":"product_brand","embeddable":true,"href":"https:\/\/www.hydraulic-cylinders.net\/fi\/wp-json\/wp\/v2\/product_brand?post=19614"},{"taxonomy":"product_cat","embeddable":true,"href":"https:\/\/www.hydraulic-cylinders.net\/fi\/wp-json\/wp\/v2\/product_cat?post=19614"},{"taxonomy":"product_tag","embeddable":true,"href":"https:\/\/www.hydraulic-cylinders.net\/fi\/wp-json\/wp\/v2\/product_tag?post=19614"}],"curies":[{"name":"wp","href":"https:\/\/api.w.org\/{rel}","templated":true}]}}