{"id":19615,"date":"2025-04-07T06:57:29","date_gmt":"2025-04-07T06:57:29","guid":{"rendered":"https:\/\/www.hydraulic-cylinders.net\/product\/boom-cylinder-for-volwa-large-excavator-dls360-8b\/"},"modified":"2025-04-07T06:57:32","modified_gmt":"2025-04-07T06:57:32","slug":"boom-cylinder-for-volwa-large-excavator-dls360-8b","status":"publish","type":"product","link":"https:\/\/www.hydraulic-cylinders.net\/fi\/tuote\/boom-cylinder-for-volwa-large-excavator-dls360-8b\/","title":{"rendered":"Puomin sylinteri Volwa-kaivukoneeseen DLS360-8B"},"content":{"rendered":"<h1>Puomin sylinteri Volwa-kaivukoneeseen DLS360-8B<\/h1>\n<h2>Puomisylinterien yleiskatsaus<\/h2>\n<p>Volwa Large -kaivukoneen DLS360-8B puomin sylinteri on t\u00e4rke\u00e4 hydraulinen komponentti, jolla on t\u00e4rke\u00e4 rooli raskaiden koneiden k\u00e4yt\u00f6ss\u00e4. T\u00e4m\u00e4 hydraulinen sylinteri on erityisesti suunniteltu ohjaamaan kaivinkoneen puomin liikett\u00e4, ja se mahdollistaa lis\u00e4laitteen nostamisen, laskemisen ja kallistamisen, mik\u00e4 helpottaa tehokkaita materiaalink\u00e4sittelyteht\u00e4vi\u00e4. Kauhasylinteri on er\u00e4\u00e4nlainen hydraulinen sylinteri, jota k\u00e4ytet\u00e4\u00e4n erityisesti erilaisissa raskaissa laitteissa, kuten kaivinkoneissa, traktorikaivureissa ja etukuormaajissa, monenlaisten toimintojen suorittamiseen. Hydraulisen mekanisminsa ansiosta se tarjoaa tarvittavan voiman nosto- ja kaivutoimintoihin, mik\u00e4 tekee siit\u00e4 korvaamattoman rakennus-, kaivos- ja maataloussovelluksissa.<\/p>\n<p><img decoding=\"async\" src=\"https:\/\/www.hydraulic-cylinders.net\/wp-content\/uploads\/2025\/04\/songte-company-1.webp\" alt=\"Kaivinkoneiden puomin sylinteri\"><\/p>\n<h2>Puomin sylinterin t\u00e4rkeimm\u00e4t ominaisuudet<\/h2>\n<ul>\n<li>\n<h3>Korkea lujuus ja kest\u00e4vyys<\/h3>\n<p>    Tyypillisesti lujasta ter\u00e4ksest\u00e4 tai alumiinista valmistettu puomin sylinteri kest\u00e4\u00e4 korkeita paineita ja raskaita kuormia, joten se sopii vaativiin ty\u00f6ymp\u00e4rist\u00f6ihin. Sen suunnittelussa on otettu huomioon kulutuskest\u00e4vyys ja korroosionkest\u00e4vyys, mik\u00e4 pident\u00e4\u00e4 sen k\u00e4ytt\u00f6ik\u00e4\u00e4.<\/li>\n<li>\n<h3>Tehokas hydraulinen k\u00e4ytt\u00f6<\/h3>\n<p>    Hydraulisen \u00f6ljynpaineen ansiosta sylinteri pystyy reagoimaan nopeasti ohjauskomentoihin ja tarjoamaan tehokkaita ty\u00f6nt\u00f6- ja vetovoimia, jotka sopivat raskaiden materiaalien k\u00e4sittelyyn ja monimutkaisiin teht\u00e4viin.<\/li>\n<li>\n<h3>Saatavilla erilaisia \u200b\u200btyyppej\u00e4<\/h3>\n<p>    K\u00e4ytt\u00f6tarpeista riippuen voi valita yksitoimisen (hydraulinen paine yhteen suuntaan) tai kaksitoimisen (hydraulinen paine molempiin suuntiin) sylinterin. Joissakin malleissa on teleskooppiominaisuudet, jotka mahdollistavat suuremman jatkeen ilman ulkomittojen kasvua, mik\u00e4 sopii erinomaisesti ahtaisiin sovelluksiin.<\/li>\n<li>\n<h3>Mukautettu tuotantokapasiteetti<\/h3>\n<p>    Valmistuskykymme ansiosta voimme valmistaa t\u00e4t\u00e4 tuotetta t\u00e4ydellisesti korvaamaan eri mallien hydraulisylintereit\u00e4 varmistaen yhteensopivuuden ja suorituskyvyn.<\/li>\n<p>    <img decoding=\"async\" src=\"https:\/\/www.hydraulic-cylinders.net\/wp-content\/uploads\/2025\/04\/songte-cylinder-head-with-all-kinds-excavator-models.webp\" alt=\"Hydraulisylinterin varaosat\"><\/p>\n<li>\n<h3>Sovellusten monipuolisuus<\/h3>\n<p>    Sopii k\u00e4ytett\u00e4v\u00e4ksi erilaisissa raskaissa koneissa varmistaen, ett\u00e4 kuljettajilla on tarvittava hallinta tehokkaaseen toimintaan eri sektoreilla.<\/li>\n<\/ul>\n<h2>Puomisylinterin sovellukset<\/h2>\n<ul>\n<li>\n<h3>Rakennuslaitteet<\/h3>\n<p>    Kaivinkoneissa puomin sylinterit ovat kriittisi\u00e4 kaivamisessa, lastaamisessa ja maaper\u00e4n tai roskien kuljetuksessa. Sylinterin ansiosta kauha tunkeutuu tehokkaasti maahan, mik\u00e4 tehostaa kaivutoimia. Lis\u00e4ksi kaivurikuormaajissa puomin sylinteri auttaa sek\u00e4 kaivu- ett\u00e4 nostoteht\u00e4viss\u00e4, mik\u00e4 parantaa tuottavuutta rakennusty\u00f6mailla.<\/li>\n<li>\n<h3>Maatalouskoneet<\/h3>\n<p>    Etukuormaajissa puomisylintereit\u00e4 k\u00e4ytet\u00e4\u00e4n maan, hein\u00e4n ja muiden materiaalien kaivamiseen, nostamiseen ja kuljettamiseen. N\u00e4iden sylinterien avulla viljelij\u00e4t voivat hoitaa erilaisia \u200b\u200bmaatalousteht\u00e4vi\u00e4 tehokkaasti, mik\u00e4 lis\u00e4\u00e4 merkitt\u00e4v\u00e4sti tuottavuutta ja toiminnan tehokkuutta.<\/li>\n<li>\n<h3>Kaivuty\u00f6t<\/h3>\n<p>    Puomin sylinteri helpottaa kaivua antamalla kauhan tunkeutua tehokkaasti maaper\u00e4\u00e4n. T\u00e4m\u00e4 ominaisuus on olennainen rakennusprojekteissa, joissa kaivun syvyys ja tarkkuus ovat ratkaisevan t\u00e4rkeit\u00e4.<\/li>\n<li>\n<h3>Loader-sovellukset<\/h3>\n<p>    Etukuormaajissa puomin sylinterit auttavat kuormien tehokkaassa nostamisessa ja tyhjent\u00e4misess\u00e4. T\u00e4m\u00e4 toiminto on elint\u00e4rke\u00e4 rakennus- ja maisemointiprojekteissa, joissa materiaalin k\u00e4sittely on usein ja paino ja koko vaihtelevat.<\/li>\n<\/ul>\n<h2>Suunnittelun\u00e4k\u00f6kohdat ja valintakriteerit<\/h2>\n<ul>\n<li>\n<h3>Kantavuus<\/h3>\n<p>    Puomisylinteri\u00e4 valittaessa kuormituskapasiteetti on ensisijainen huomioitava seikka. Sylinterin on kyett\u00e4v\u00e4 k\u00e4sittelem\u00e4\u00e4n odotettu enimm\u00e4iskuorma vaarantamatta turvallisuutta tai toimivuutta. On t\u00e4rke\u00e4\u00e4 analysoida k\u00e4sitelt\u00e4vien materiaalien paino ja k\u00e4yt\u00f6n aikana kohdistuvat voimat. Riitt\u00e4m\u00e4tt\u00f6m\u00e4n kuormituskapasiteetin omaava sylinteri voi johtaa vikaantumiseen, mik\u00e4 puolestaan \u200b\u200bvoi aiheuttaa kalliita seisokkeja ja mahdollisia turvallisuusriskej\u00e4.<\/h3>\n<\/li>\n<li>\n<h3>Tiivistystekniikka<\/h3>\n<p>    Tehokas tiivistystekniikka on elint\u00e4rke\u00e4\u00e4 hydraulisen paineen yll\u00e4pit\u00e4miseksi ja vuotojen est\u00e4miseksi. Korkealaatuisten tiivisteiden, kuten m\u00e4nn\u00e4ntiivisteiden ja varren tiivisteiden, k\u00e4ytt\u00f6 varmistaa pitk\u00e4n k\u00e4ytt\u00f6i\u00e4n ja luotettavuuden. Materiaalien, kuten polyuretaanin ja nitriilikumin, valinta parantaa kulumisen ja ymp\u00e4rist\u00f6tekij\u00f6iden kest\u00e4vyytt\u00e4 varmistaen, ett\u00e4 sylinteri toimii sujuvasti ajan my\u00f6t\u00e4.<\/h3>\n<\/li>\n<li>\n<h3>Kest\u00e4vyys<\/h3>\n<p>    Kest\u00e4vyys on ratkaisevan t\u00e4rke\u00e4 osa puomisylinterin suunnittelua. On t\u00e4rke\u00e4\u00e4 varmistaa, ett\u00e4 sylinteri kest\u00e4\u00e4 ankaria k\u00e4ytt\u00f6olosuhteita, kuten altistumista lialle, kosteudelle ja \u00e4\u00e4rimm\u00e4isille l\u00e4mp\u00f6tiloille. Korkean lujuuden omaavien materiaalien ja suojapinnoitteiden k\u00e4ytt\u00f6 voi parantaa merkitt\u00e4v\u00e4sti kest\u00e4vyytt\u00e4, mik\u00e4 tekee siit\u00e4 v\u00e4hemm\u00e4n alttiita kulumiselle ja rikkoutumiselle ja siten v\u00e4hent\u00e4\u00e4 yll\u00e4pitokustannuksia.<\/h3>\n<\/li>\n<li>\n<h3>Turvaominaisuudet<\/h3>\n<p>    Turvallisuuden tulisi olla etusijalla hydraulisylintereiden suunnittelussa. Turvaominaisuuksien, kuten paineenalennusventtiilien, toteuttaminen voi est\u00e4\u00e4 ylipaineistuksen, joka voi johtaa katastrofaalisiin vikoihin. S\u00e4\u00e4nn\u00f6lliset turvatarkastukset yhdistettyn\u00e4 kest\u00e4viin suunnitteluominaisuuksiin varmistavat, ett\u00e4 sylinteri toimii turvallisten parametrien mukaisesti ja suojaa sek\u00e4 laitteita ett\u00e4 k\u00e4ytt\u00e4ji\u00e4.<\/h3>\n<\/li>\n<li>\n<h3>Huolto Esteett\u00f6myys<\/h3>\n<p>    Puomin sylinterin rakenteen tulisi mahdollistaa helppo huolto ja tarkastus. Irrotettavien kansien tai helposti saavutettavien voitelupisteiden kaltaiset ominaisuudet mahdollistavat nopeammat huoltoteht\u00e4v\u00e4t ja varmistavat, ett\u00e4 sylinteri pysyy optimaalisessa toimintakunnossa. Rutiinitarkastuksia helpottava suunnittelu voi est\u00e4\u00e4 odottamattomia vikoja ja pident\u00e4\u00e4 komponentin k\u00e4ytt\u00f6ik\u00e4\u00e4.<\/h3>\n<\/li>\n<\/ul>\n<p><img decoding=\"async\" src=\"https:\/\/www.hydraulic-cylinders.net\/wp-content\/uploads\/2025\/04\/songte-oil-pipes-and-spare-parts.webp\" alt=\"Hydraulisylinterin komponentit\"><\/p>\n<h2>Hydraulisylinterien tiivistys ja voitelu<\/h2>\n<p>Asianmukainen tiivistys ja voitelu ovat v\u00e4ltt\u00e4m\u00e4tt\u00f6mi\u00e4 hydraulisylinterien tehokkaalle toiminnalle. Hydraulisen eheyden yll\u00e4pit\u00e4miseksi k\u00e4ytet\u00e4\u00e4n erilaisia \u200b\u200btiivistyskomponentteja, kuten m\u00e4nn\u00e4ntiivisteit\u00e4 ja varren tiivisteit\u00e4. Tiivistemateriaalien, kuten polyuretaanin ja nitriilikumin, valinta on ratkaisevan t\u00e4rke\u00e4\u00e4 kulutuskest\u00e4vyyden ja pitk\u00e4ik\u00e4isyyden varmistamiseksi.<\/p>\n<p>Sylinterin runko ja kierteitetyt p\u00e4\u00e4typinnat k\u00e4sitell\u00e4\u00e4n hienovaraisesti kulutuskest\u00e4vyyden parantamiseksi. S\u00e4\u00e4nn\u00f6llinen voitelu sopivalla m\u00e4\u00e4r\u00e4ll\u00e4 hydrauliikka\u00f6ljy\u00e4 on v\u00e4ltt\u00e4m\u00e4t\u00f6nt\u00e4 kitkan ja kulumisen v\u00e4hent\u00e4miseksi, mik\u00e4 varmistaa sujuvan toiminnan ja pident\u00e4\u00e4 sylinterin k\u00e4ytt\u00f6ik\u00e4\u00e4. Valmistajan ohjeiden noudattaminen voiteluv\u00e4lien ja k\u00e4ytett\u00e4vien \u00f6ljytyyppien suhteen on ratkaisevan t\u00e4rke\u00e4\u00e4 optimaalisen suorituskyvyn yll\u00e4pit\u00e4miseksi.<\/p>\n<h2>Ennaltaehk\u00e4isev\u00e4t huoltotoimenpiteet<\/h2>\n<ul>\n<li>\n<h3>S\u00e4\u00e4nn\u00f6lliset tarkastukset<\/h3>\n<p>    Hydraulisylinterien s\u00e4\u00e4nn\u00f6lliset tarkastukset ovat olennaisia \u200b\u200bkulumisen ja repe\u00e4misen havaitsemiseksi varhaisessa vaiheessa. Teknikoiden tulisi etsi\u00e4 merkkej\u00e4 vuodoista, ep\u00e4normaaleista \u00e4\u00e4nist\u00e4 ja suorituskykyongelmista rutiinitarkastusten aikana. Perusteelliset tarkastukset voivat auttaa est\u00e4m\u00e4\u00e4n odottamattomia vikoja ja varmistamaan laitteiden pitk\u00e4ik\u00e4isyyden.<\/h3>\n<\/li>\n<li>\n<h3>Asianmukainen voitelu<\/h3>\n<p>    Riitt\u00e4v\u00e4n voiteluaikataulun yll\u00e4pit\u00e4minen on elint\u00e4rke\u00e4\u00e4 hydraulisylinterien sujuvalle toiminnalle. Voitelu v\u00e4hent\u00e4\u00e4 liikkuvien osien v\u00e4list\u00e4 kitkaa est\u00e4en liiallista kulumista ja ylikuumenemista. K\u00e4ytt\u00e4jien on varmistettava, ett\u00e4 he k\u00e4ytt\u00e4v\u00e4t oikeanlaista hydrauli\u00f6ljy\u00e4 valmistajan suosittelemalla tavalla ja noudattavat johdonmukaista voitelurutiinia.<\/h3>\n<\/li>\n<li>\n<h3>Tiivisteiden vaihto ja kalibrointitarkastukset<\/h3>\n<p>    Ajan my\u00f6t\u00e4 tiivisteet kuluvat ja saattavat vaatia vaihtoa. Tiivisteiden kunnon s\u00e4\u00e4nn\u00f6llinen tarkistaminen ja tarvittaessa vaihtaminen voi est\u00e4\u00e4 hydraulisia vuotoja. Lis\u00e4ksi s\u00e4\u00e4nn\u00f6lliset kalibrointitarkastukset varmistavat, ett\u00e4 sylinteri toimii m\u00e4\u00e4ritettyjen toleranssien rajoissa, mik\u00e4 parantaa turvallisuutta ja tehokkuutta.<\/h3>\n<\/li>\n<\/ul>\n<p><img decoding=\"async\" src=\"https:\/\/www.hydraulic-cylinders.net\/wp-content\/uploads\/2025\/04\/songte-chushion-collar.webp\" alt=\"Sylinterityynyn kaulukset\"><\/p>\n<h2>Asennusohjeet<\/h2>\n<p>Hydraulisylinterien oikea asennus on ratkaisevan t\u00e4rke\u00e4\u00e4 niiden suorituskyvyn ja pitk\u00e4n k\u00e4ytt\u00f6i\u00e4n kannalta. Aloita varmistamalla, ett\u00e4 asennusalue on puhdas ja vapaa roskista. Sylinteri on kohdistettava oikein; virheellinen kohdistus voi johtaa ennenaikaiseen kulumiseen tai rikkoutumiseen. K\u00e4yt\u00e4 sopivia kiinnityskorvakkeita sylinterin kiinnitt\u00e4miseksi tukevasti paikalleen.<\/p>\n<p>Asennuksen aikana on noudatettava valmistajan antamia kiristysmomenttitietoja, jotta sylinteri tai siihen liittyv\u00e4t komponentit eiv\u00e4t vaurioidu. Asennuksen j\u00e4lkeen on teht\u00e4v\u00e4 painekoe varmistaakseen, ett\u00e4 j\u00e4rjestelm\u00e4 toimii odotetulla tavalla ilman vuotoja. Tarkista asennusmenetelm\u00e4 s\u00e4\u00e4nn\u00f6llisesti ja s\u00e4\u00e4d\u00e4 sit\u00e4 tarvittaessa optimaalisen suorituskyvyn yll\u00e4pit\u00e4miseksi.<\/p>\n<h2>Yleiset huoltoteht\u00e4v\u00e4t<\/h2>\n<ul>\n<li>\n<h3>S\u00e4\u00e4nn\u00f6lliset tarkastukset<\/h3>\n<p>    On t\u00e4rke\u00e4\u00e4 tarkastaa hydraulisylintereit\u00e4 usein kulumisen, vaurioiden tai vuotojen varalta. Ongelmien varhainen havaitseminen voi est\u00e4\u00e4 kalliita korjauksia ja seisokkeja. Teknikoiden tulee arvioida kaikki n\u00e4kyv\u00e4t komponentit ja varmistaa, ett\u00e4 sylinteri toimii sujuvasti ilman ep\u00e4tavallisia \u00e4\u00e4ni\u00e4 tai liikkeit\u00e4.<\/h3>\n<\/li>\n<li>\n<h3>Oikea voitelu<\/h3>\n<p>    Asianmukainen voitelu on ratkaisevan t\u00e4rke\u00e4\u00e4 hydraulisylinterien toiminnan yll\u00e4pit\u00e4miseksi. K\u00e4ytt\u00e4jien tulee noudattaa valmistajan suosituksia voitelun tyypist\u00e4 ja tiheydest\u00e4. Riitt\u00e4v\u00e4 voiteluaineen k\u00e4ytt\u00f6 v\u00e4hent\u00e4\u00e4 kulumista ja varmistaa sujuvan toiminnan \u00e4\u00e4rimm\u00e4isiss\u00e4 kuormitusolosuhteissa.<\/h3>\n<\/li>\n<li>\n<h3>Tiivisteen vaihto ja kalibrointi<\/h3>\n<p>    Tiivisteiden s\u00e4\u00e4nn\u00f6llinen tarkistaminen ja vaihtaminen on t\u00e4rke\u00e4\u00e4 hydraulinestevuotojen est\u00e4miseksi. K\u00e4ytt\u00e4j\u00e4n tulee seurata tiivisteiden kuntoa ja suunnitella niiden vaihto valmistajan suosittelemin v\u00e4liajoin. Kalibrointitarkastukset ovat my\u00f6s t\u00e4rkeit\u00e4 sen varmistamiseksi, ett\u00e4 sylinteri toimii valmistajan eritelmien mukaisesti, mik\u00e4 parantaa turvallisuutta ja tehokkuutta.<\/h3>\n<\/li>\n<\/ul>\n<h2>Turvallisuusn\u00e4k\u00f6kohdat ja ymp\u00e4rist\u00f6tekij\u00e4t<\/h2>\n<p>Hydraulisylintereit\u00e4 k\u00e4ytett\u00e4ess\u00e4 turvatoimenpiteet ovat ensiarvoisen t\u00e4rkeit\u00e4. K\u00e4ytt\u00e4j\u00e4t tulee kouluttaa tunnistamaan mahdolliset vaarat, mukaan lukien hydraulinestevuodot ja laitteiden toimintah\u00e4iri\u00f6t. S\u00e4\u00e4nn\u00f6lliset turvallisuusharjoitukset ja -koulutukset voivat parantaa henkil\u00f6st\u00f6n tietoisuutta ja valmiutta.<\/p>\n<p>Lis\u00e4ksi hydraulisten j\u00e4rjestelmien suunnittelussa ja k\u00e4yt\u00f6ss\u00e4 on otettava huomioon ymp\u00e4rist\u00f6tekij\u00e4t. Laitteita on huollettava niin, ett\u00e4 hydraulinesteiden vuodot ja roiskeet, joilla voi olla haitallisia vaikutuksia ymp\u00e4rist\u00f6\u00f6n, on minimoitu. Ymp\u00e4rist\u00f6yst\u00e4v\u00e4llisten hydraulinesteiden k\u00e4ytt\u00f6 voi edelleen v\u00e4hent\u00e4\u00e4 ekologista vaikutusta.<\/p>\n<h2>Vianm\u00e4\u00e4ritys ja yleiset ongelmat<\/h2>\n<ul>\n<li>\n<h3>Vuoto-ongelmat<\/h3>\n<p>    Hydrauli\u00f6ljyvuotoja voi esiinty\u00e4 kuluneiden tiivisteiden tai vaurioituneiden osien vuoksi. S\u00e4\u00e4nn\u00f6lliset tarkastukset ja tiivisteiden oikea-aikainen vaihto ovat ratkaisevan t\u00e4rkeit\u00e4 merkitt\u00e4vien vuotojen est\u00e4miseksi, jotka voivat johtaa k\u00e4ytt\u00f6katkoihin.<\/h3>\n<\/li>\n<li>\n<h3>Riitt\u00e4m\u00e4t\u00f6n teho<\/h3>\n<p>    Jos hydrauliikkaj\u00e4rjestelm\u00e4 ei tuota riitt\u00e4v\u00e4sti tehoa, se voi viitata alhaisiin nestetasoihin, j\u00e4rjestelm\u00e4ss\u00e4 olevaan ilmaan tai pumpussa oleviin ongelmiin. K\u00e4ytt\u00e4j\u00e4n tulee tarkistaa nestetasot s\u00e4\u00e4nn\u00f6llisesti ja ilmata j\u00e4rjestelm\u00e4 tarvittaessa ilmataskujen poistamiseksi.<\/h3>\n<\/li>\n<li>\n<h3>Ep\u00e4normaali melu tai t\u00e4rin\u00e4<\/h3>\n<p>    Ep\u00e4tavalliset \u00e4\u00e4net tai t\u00e4rin\u00e4t k\u00e4yt\u00f6n aikana voivat olla merkki linjausvirheest\u00e4 tai komponenttien kulumisesta. N\u00e4m\u00e4 ongelmat vaativat v\u00e4lit\u00f6nt\u00e4 tarkastusta lis\u00e4vaurioiden v\u00e4ltt\u00e4miseksi ja turvallisen k\u00e4yt\u00f6n varmistamiseksi.<\/h3>\n<\/li>\n<\/ul>\n<p>Ongelmien tehokkaaseen diagnosointiin ja ratkaisemiseen k\u00e4ytt\u00e4jien tulee yll\u00e4pit\u00e4\u00e4 hyvin dokumentoitua huoltolokia ja noudattaa valmistajan ohjeita. Ennaltaehk\u00e4isev\u00e4t toimenpiteet, kuten rutiinitarkastukset ja oikea-aikaiset korjaukset, voivat merkitt\u00e4v\u00e4sti v\u00e4hent\u00e4\u00e4 merkitt\u00e4vien ongelmien todenn\u00e4k\u00f6isyytt\u00e4.<\/p>\n<p><img decoding=\"async\" src=\"https:\/\/www.hydraulic-cylinders.net\/wp-content\/uploads\/2025\/04\/songte-bushings-with-all-kinds-of-excavator-models.webp\" alt=\"Kaivinkoneen mallin holkit\"><\/p>\n<h2>Tietoa yrityksest\u00e4mme<\/h2>\n<p>Olemme johtava hydraulisten sylinterien vaihtolaitteiden valmistaja, joka on erikoistunut laajaan tuotevalikoimaan, joka palvelee sek\u00e4 kotimaisia \u200b\u200bett\u00e4 kansainv\u00e4lisi\u00e4 markkinoita. Sitoutumisemme huippuosaamiseen tukee hienostunut valmistusstrategia, joka korostaa tarkkuutta ja laadunvalvontaa. Hy\u00f6dynt\u00e4m\u00e4ll\u00e4 edistyneit\u00e4 valmistuslaitteita ja ammattitaitoista ty\u00f6voimaa parannamme jatkuvasti tuotantokapasiteettiamme vastataksemme monipuolisiin asiakastarpeisiin.<\/p>\n<p>Tuotevalikoimaamme kuuluu erilaisia \u200b\u200bkest\u00e4vi\u00e4 ja luotettavia hydraulisylintereit\u00e4. Noudatamme kansainv\u00e4lisi\u00e4 standardeja ja sertifikaatteja varmistaaksemme, ett\u00e4 tuotteemme t\u00e4ytt\u00e4v\u00e4t alan korkeimmat vaatimukset. Lis\u00e4ksi tarjoamme r\u00e4\u00e4t\u00e4l\u00f6ityj\u00e4 ratkaisuja, jotka on r\u00e4\u00e4t\u00e4l\u00f6ity tiettyihin operatiivisiin vaatimuksiin ja parantavat asiakkaidemme koneiden suorituskyky\u00e4.<\/p>\n<p>Myynnin j\u00e4lkeinen palvelumme on kattava ja tarjoamme asiakkaille jatkuvaa tukea ja ohjausta. Tavoitteenamme on rakentaa pitk\u00e4aikaisia \u200b\u200basiakassuhteita tarjoamalla poikkeuksellista palvelua ja sitoutumalla laatuun.<\/p>\n<p><img decoding=\"async\" src=\"https:\/\/www.hydraulic-cylinders.net\/wp-content\/uploads\/2025\/04\/songte-company-4.webp\" alt=\"Yrityksen yleiskatsaus\"><br \/>\n<img decoding=\"async\" src=\"https:\/\/www.hydraulic-cylinders.net\/wp-content\/uploads\/2025\/04\/songte-company-3.webp\" alt=\"Tuotantolaitokset\"><\/p>\n<p>Kirjoittaja: lyl<\/p>","protected":false},"excerpt":{"rendered":"<p>Boom Cylinder For Volwa Large Excavator DLS360-8B Overview of Boom Cylinders The Boom Cylinder for the Volwa Large Excavator DLS360-8B is a crucial hydraulic component that plays a vital role in the operation of heavy machinery. Specifically designed for controlling the movement of the excavator&#8217;s boom, this hydraulic cylinder allows the attachment to elevate, lower, [&hellip;]<\/p>","protected":false},"featured_media":17878,"comment_status":"open","ping_status":"closed","template":"","meta":{"_et_pb_use_builder":"","_et_pb_old_content":"","_et_gb_content_width":""},"product_brand":[],"product_cat":[1546],"product_tag":[1547,1496],"class_list":{"0":"post-19615","1":"product","2":"type-product","3":"status-publish","4":"has-post-thumbnail","6":"product_cat-boom-cylinders","7":"product_tag-boom-cylinders","8":"product_tag-hydraulic-cylinders","10":"first","11":"instock","12":"shipping-taxable","13":"product-type-simple"},"amp_enabled":true,"_links":{"self":[{"href":"https:\/\/www.hydraulic-cylinders.net\/fi\/wp-json\/wp\/v2\/product\/19615","targetHints":{"allow":["GET"]}}],"collection":[{"href":"https:\/\/www.hydraulic-cylinders.net\/fi\/wp-json\/wp\/v2\/product"}],"about":[{"href":"https:\/\/www.hydraulic-cylinders.net\/fi\/wp-json\/wp\/v2\/types\/product"}],"replies":[{"embeddable":true,"href":"https:\/\/www.hydraulic-cylinders.net\/fi\/wp-json\/wp\/v2\/comments?post=19615"}],"wp:featuredmedia":[{"embeddable":true,"href":"https:\/\/www.hydraulic-cylinders.net\/fi\/wp-json\/wp\/v2\/media\/17878"}],"wp:attachment":[{"href":"https:\/\/www.hydraulic-cylinders.net\/fi\/wp-json\/wp\/v2\/media?parent=19615"}],"wp:term":[{"taxonomy":"product_brand","embeddable":true,"href":"https:\/\/www.hydraulic-cylinders.net\/fi\/wp-json\/wp\/v2\/product_brand?post=19615"},{"taxonomy":"product_cat","embeddable":true,"href":"https:\/\/www.hydraulic-cylinders.net\/fi\/wp-json\/wp\/v2\/product_cat?post=19615"},{"taxonomy":"product_tag","embeddable":true,"href":"https:\/\/www.hydraulic-cylinders.net\/fi\/wp-json\/wp\/v2\/product_tag?post=19615"}],"curies":[{"name":"wp","href":"https:\/\/api.w.org\/{rel}","templated":true}]}}