{"id":19618,"date":"2025-04-07T06:57:50","date_gmt":"2025-04-07T06:57:50","guid":{"rendered":"https:\/\/www.hydraulic-cylinders.net\/product\/boom-cylinder-for-volwa-wheel-excavator-dls890-9a\/"},"modified":"2025-04-07T06:57:53","modified_gmt":"2025-04-07T06:57:53","slug":"boom-cylinder-for-volwa-wheel-excavator-dls890-9a","status":"publish","type":"product","link":"https:\/\/www.hydraulic-cylinders.net\/fi\/tuote\/boom-cylinder-for-volwa-wheel-excavator-dls890-9a\/","title":{"rendered":"Puomin sylinteri Volwa-py\u00f6r\u00e4kaivinkoneeseen DLS890-9A"},"content":{"rendered":"<h1>Puomin sylinteri Volwa-py\u00f6r\u00e4kaivinkoneeseen DLS890-9A<\/h1>\n<h2>Tuotteen yleiskatsaus<\/h2>\n<p>Volwa DLS890-9A -py\u00f6r\u00e4kaivukoneen puomisylinteri on erikoishydraulisylinteri, joka on suunniteltu optimoimaan kaivinkoneiden toimivuutta. N\u00e4m\u00e4 sylinterit mahdollistavat kauhan liikkeen tarkan hallinnan, mik\u00e4 on ratkaisevan t\u00e4rke\u00e4\u00e4 erilaisissa raskaiden koneiden teht\u00e4viss\u00e4. Hydraulisylinterin\u00e4 kauhan sylinteri on olennainen osa kauhan liikkeen hallintaa raskaissa laitteissa, kuten kaivinkoneissa, kaivurikuormaajissa ja etukuormaajissa. Ne helpottavat kauhan nostamista, laskemista ja kallistusta, mik\u00e4 tekee niist\u00e4 v\u00e4ltt\u00e4m\u00e4tt\u00f6mi\u00e4 materiaalink\u00e4sittelyteht\u00e4viss\u00e4.<\/p>\n<p><img decoding=\"async\" src=\"https:\/\/www.hydraulic-cylinders.net\/wp-content\/uploads\/2025\/04\/songte-company-1.webp\" alt=\"Kaivinkoneen puomin sylinteri\" \/><\/p>\n<h3>M\u00e4\u00e4ritelm\u00e4 ja merkitys<\/h3>\n<p>Kauhasylinterit ovat hydraulisylintereit\u00e4, jotka on erityisesti suunniteltu raskaille koneille, jotta ne voivat suorittaa erilaisia \u200b\u200bteht\u00e4vi\u00e4 tehokkaasti. N\u00e4m\u00e4 sylinterit toimivat muuntamalla hydraulisen energian mekaaniseksi energiaksi, mik\u00e4 tarjoaa tarvittavan voiman vaativien teht\u00e4vien suorittamiseen. Ne ovat ratkaisevan t\u00e4rkeit\u00e4 kaivinkoneiden ja vastaavien laitteiden toiminnan tehokkuuden ja vaikuttavuuden parantamisessa, sill\u00e4 ne mahdollistavat k\u00e4ytt\u00e4jille tarkkojen toimintojen suorittamisen materiaaleja k\u00e4sitelt\u00e4ess\u00e4, kaivettaessa tai kuormia nostettaessa.<\/p>\n<h2>Puomin sylinterin ominaisuudet<\/h2>\n<ul>\n<li><strong>Korkea lujuus ja kest\u00e4vyys:<\/strong> N\u00e4m\u00e4 erikoislujuuster\u00e4ksest\u00e4 tai alumiinista valmistetut sylinterit kest\u00e4v\u00e4t korkeaa painetta ja raskaita kuormia samalla kun ne mukautuvat vaativiin ty\u00f6ymp\u00e4rist\u00f6ihin. Ne on suunniteltu kulutuskest\u00e4viksi ja korroosiosuojatuiksi, mik\u00e4 pident\u00e4\u00e4 niiden k\u00e4ytt\u00f6ik\u00e4\u00e4.<\/li>\n<li><strong>Tehokas hydraulinen k\u00e4ytt\u00f6:<\/strong> Hydrauli\u00f6ljyn paineen hy\u00f6dynt\u00e4minen mahdollistaa sujuvat pidennys- ja sis\u00e4\u00e4nvetoliikkeet. N\u00e4m\u00e4 sylinterit reagoivat nopeasti k\u00e4ytt\u00f6komentoihin ja tarjoavat tehokkaita ty\u00f6nt\u00f6- ja vetovoimia, jotka sopivat raskaiden esineiden k\u00e4sittelyyn ja monimutkaisiin teht\u00e4viin.<\/li>\n<li><strong>Erilaisia \u200b\u200btyyppej\u00e4:<\/strong> Saatavilla yksitoimisina (hydraulinen paine yhteen suuntaan) tai kaksitoimisina (hydraulinen paine molempiin suuntiin) sylinterein\u00e4 erilaisiin k\u00e4ytt\u00f6tarpeisiin. Tietyt mallit ovat teleskooppisia, mik\u00e4 mahdollistaa suuremman jatkeen ilman ulkomittojen kasvua, mik\u00e4 sopii erinomaisesti tilarajoitteisiin sovelluksiin.<\/li>\n<li><strong>Mukautettavat vaihtoehdot:<\/strong> Tuotteita voidaan r\u00e4\u00e4t\u00e4l\u00f6id\u00e4 erityisvaatimusten mukaan, mik\u00e4 varmistaa yhteensopivuuden eri kaivinkonemallien ja k\u00e4ytt\u00f6vaatimusten kanssa.<\/li>\n<li><strong>Korkealaatuinen valmistus:<\/strong> Sylinterimme valmistetaan tarkkuustekniikalla ja t\u00e4ytt\u00e4v\u00e4t tiukat alan standardit luotettavuuden ja suorituskyvyn varmistamiseksi.<\/li>\n<\/ul>\n<p>Voimme valmistaa t\u00e4m\u00e4n tuotteen, ja hydraulisylinterimme voivat t\u00e4ydellisesti korvata olemassa olevat vaihtoehdot.<\/p>\n<p><img decoding=\"async\" src=\"https:\/\/www.hydraulic-cylinders.net\/wp-content\/uploads\/2025\/04\/songte-cylinder-head-with-all-kinds-excavator-models.webp\" alt=\"Kaivinkonemallit\" \/><\/p>\n<h2>Puomisylinterin sovellukset<\/h2>\n<h3>Rakennuslaitteet<\/h3>\n<p>Kaivinkoneissa puomisylinterit ovat elint\u00e4rkeit\u00e4 kaivamisessa, lastaamisessa ja maaper\u00e4n tai roskien siirt\u00e4misess\u00e4. Ne mahdollistavat kaivamisen ja helpottavat raskaiden kuormien nostamista, mik\u00e4 parantaa rakennust\u00f6iden tehokkuutta. Kaivinkoneissa puomisylintereit\u00e4 k\u00e4ytet\u00e4\u00e4n sek\u00e4 kaivamiseen ett\u00e4 nostamiseen, mik\u00e4 tekee niist\u00e4 olennaisen osan koneistoa.<\/p>\n<h3>Maatalouskoneet<\/h3>\n<p>Etukuormaajissa puomin sylinterit ovat v\u00e4ltt\u00e4m\u00e4tt\u00f6mi\u00e4 maaper\u00e4n, hein\u00e4n ja muiden materiaalien kaivamiseen, nostamiseen ja kuljettamiseen. Niiden luotettava toiminta varmistaa, ett\u00e4 maatalousty\u00f6t suoritetaan nopeasti ja tehokkaasti, mik\u00e4 edist\u00e4\u00e4 maataloustoiminnan parempaa tuottavuutta.<\/p>\n<h3>Kaivinkoneet<\/h3>\n<p>Kaivinkoneen puomin sylinterit mahdollistavat kauhan tunkeutumisen maaper\u00e4\u00e4n kaivamisen aikana, mik\u00e4 tekee niist\u00e4 ratkaisevan t\u00e4rkeit\u00e4 rakennus- ja maisemointiprojekteissa. N\u00e4m\u00e4 sylinterit tarjoavat tarvittavan voiman kovan maaper\u00e4n l\u00e4pi murtautumiseen ja materiaalien tehokkaaseen kuljettamiseen.<\/p>\n<h3>Kuormaajat<\/h3>\n<p>Etukuormaajissa puomin sylinterit auttavat kuormien tehokkaassa nostamisessa ja tyhjent\u00e4misess\u00e4. Niiden kyky toimia sujuvasti paineen alla mahdollistaa kuormaajien hoitaa erilaisia \u200b\u200bteht\u00e4vi\u00e4 soran siirt\u00e4misest\u00e4 roskien raivaukseen.<\/p>\n<h2>Suunnittelun\u00e4k\u00f6kohdat ja valintakriteerit<\/h2>\n<h3>Kantavuus<\/h3>\n<p>Puomisylinteri\u00e4 valittaessa kuormituskapasiteetti on ensisijainen huomioitava seikka. Sylinterin on kyett\u00e4v\u00e4 k\u00e4sittelem\u00e4\u00e4n k\u00e4yt\u00f6n aikana odotettavissa oleva enimm\u00e4iskuorma vikaantumisen est\u00e4miseksi ja turvallisuuden varmistamiseksi. Suunnittelum\u00e4\u00e4r\u00e4yksi\u00e4 on aina noudatettava nostettavan enimm\u00e4ispainon osalta.<\/p>\n<h3>Tiivistyskyky<\/h3>\n<p>Tiivistys on ratkaisevan t\u00e4rke\u00e4\u00e4 sylinterin hydraulisen paineen yll\u00e4pit\u00e4miseksi. Korkealaatuiset tiivisteet est\u00e4v\u00e4t \u00f6ljyvuodot, varmistavat tehokkaan toiminnan ja minimoivat ymp\u00e4rist\u00f6vaikutukset. Tiivisteiden s\u00e4\u00e4nn\u00f6llinen tarkastus on v\u00e4ltt\u00e4m\u00e4t\u00f6nt\u00e4 kuluneiden osien vaihtamiseksi ennen niiden vikaantumista.<\/p>\n<h3>Kest\u00e4vyys<\/h3>\n<p>Hydraulisylinterin kest\u00e4vyys on olennaista erityisesti vaativissa ymp\u00e4rist\u00f6iss\u00e4. Kulumista kest\u00e4vien materiaalien, kuten karkaistun ter\u00e4ksen, k\u00e4ytt\u00f6 pident\u00e4\u00e4 sylinterin k\u00e4ytt\u00f6ik\u00e4\u00e4 ja v\u00e4hent\u00e4\u00e4 vaihtotarvetta.<\/p>\n<h3>Turvallisuus<\/h3>\n<p>Turvaominaisuudet ovat sylinterin suunnittelun kannalta ratkaisevan t\u00e4rkeit\u00e4. N\u00e4ihin kuuluvat paineenalennusventtiilit ylipaineen est\u00e4miseksi ja turvallisen k\u00e4yt\u00f6n varmistamiseksi. K\u00e4ytt\u00e4j\u00e4t tulisi aina kouluttaa tunnistamaan mahdollisten sylinterivikojen oireet riskien minimoimiseksi.<\/p>\n<h3>Yll\u00e4pidett\u00e4vyys<\/h3>\n<p>Helppo huolto on merkitt\u00e4v\u00e4 tekij\u00e4 kaikissa hydraulisylintereiss\u00e4. Rakenteet, jotka mahdollistavat helpon p\u00e4\u00e4syn tiivisteisiin ja sis\u00e4isiin komponentteihin, helpottavat k\u00e4ytt\u00e4jien s\u00e4\u00e4nn\u00f6llist\u00e4 huoltoa ja pident\u00e4v\u00e4t siten sylinterin k\u00e4ytt\u00f6ik\u00e4\u00e4.<\/p>\n<p><img decoding=\"async\" src=\"https:\/\/www.hydraulic-cylinders.net\/wp-content\/uploads\/2025\/04\/songte-oil-pipes-and-spare-parts.webp\" alt=\"Hydrauliset osat\" \/><\/p>\n<h2>Tiivistys ja voitelu<\/h2>\n<p>Asianmukainen tiivistys ja voitelu ovat elint\u00e4rkeit\u00e4 hydraulisylinterien pitk\u00e4ik\u00e4isyydelle. Erilaisia \u200b\u200btiivistyskomponentteja, kuten m\u00e4nn\u00e4ntiivisteit\u00e4 ja varren tiivisteit\u00e4, k\u00e4ytet\u00e4\u00e4n varmistamaan, ettei hydrauli\u00f6ljy\u00e4 vuoda sylinterist\u00e4. Kest\u00e4vist\u00e4 materiaaleista, kuten polyuretaanista ja nitriilikumista, valmistettuja tiivisteit\u00e4 suositellaan niiden kulutusta kest\u00e4vien ominaisuuksien vuoksi.<\/p>\n<p>Sylinterin runko ja kierteitetyt p\u00e4\u00e4typinnat on hienosti ty\u00f6stetty kulutuskest\u00e4vyyden parantamiseksi. S\u00e4\u00e4nn\u00f6llinen voitelu sopivalla hydrauliikka\u00f6ljyll\u00e4 on v\u00e4ltt\u00e4m\u00e4t\u00f6nt\u00e4 sis\u00e4isten komponenttien kitkan ja kulumisen minimoimiseksi ja sujuvan toiminnan varmistamiseksi.<\/p>\n<h2>Ennaltaehk\u00e4isev\u00e4t huoltotoimenpiteet<\/h2>\n<ul>\n<li><strong>S\u00e4\u00e4nn\u00f6lliset tarkastukset:<\/strong> Suorita rutiinitarkastukset sylinterin eheyden varmistamiseksi, mukaan lukien silm\u00e4m\u00e4\u00e4r\u00e4iset tarkastukset vuotojen ja kulumisen varalta.<\/li>\n<li><strong>Voitelu:<\/strong> Varmista, ett\u00e4 hydrauliikka\u00f6ljyn taso on riitt\u00e4v\u00e4 ja ett\u00e4 \u00f6ljy vaihdetaan valmistajan suositusten mukaisesti optimaalisen suorituskyvyn yll\u00e4pit\u00e4miseksi.<\/li>\n<li><strong>Tiivisteen vaihto:<\/strong> Vaihda tiivisteet heti ensimm\u00e4isten kulumismerkkien ilmetess\u00e4 vuotojen est\u00e4miseksi ja toimintakunnon yll\u00e4pit\u00e4miseksi.<\/li>\n<\/ul>\n<h2>Asennusohjeet<\/h2>\n<p>Puomisylinterin oikea asennus on v\u00e4ltt\u00e4m\u00e4t\u00f6nt\u00e4 optimaalisen suorituskyvyn saavuttamiseksi. Aloita varmistamalla, ett\u00e4 kaikki komponentit ovat yhteensopivia ja vahingoittumattomia. On eritt\u00e4in t\u00e4rke\u00e4\u00e4 kohdistaa sylinteri oikein koneiston kanssa, jotta se ei juutu k\u00e4yt\u00f6n aikana. K\u00e4yt\u00e4 sopivia kiinnityskorvakkeita sylinterin kiinnitt\u00e4miseen paikalleen ja varmista, ett\u00e4 se on kiinnitetty tukevasti, jotta se ei liiku k\u00e4yt\u00f6n aikana.<\/p>\n<p>Hydrauliikkaliit\u00e4nn\u00e4t on kiristett\u00e4v\u00e4 tiukasti vuotojen est\u00e4miseksi. Asennuksen j\u00e4lkeen on suositeltavaa testata j\u00e4rjestelm\u00e4 alhaisella paineella mahdollisten vuotojen varalta ennen t\u00e4ydell\u00e4 teholla k\u00e4ytt\u00f6\u00e4. Oikea kohdistus ja tukeva kiinnitys ovat elint\u00e4rkeit\u00e4 sylinterin k\u00e4ytt\u00f6i\u00e4n pident\u00e4miseksi ja suorituskyvyn parantamiseksi.<\/p>\n<h2>Yleiset huoltoteht\u00e4v\u00e4t<\/h2>\n<h3>S\u00e4\u00e4nn\u00f6lliset tarkastukset<\/h3>\n<p>Puomisylinterin s\u00e4\u00e4nn\u00f6lliset tarkastukset ovat olennaisia \u200b\u200bkulumisen tai vaurioiden varhaisten merkkien havaitsemiseksi. Kuljettajien tulee tarkistaa s\u00e4\u00e4nn\u00f6llisesti sylinterin pinta vuotojen, halkeamien tai muiden ep\u00e4tasaisuuksien varalta. Ongelmien varhainen havaitseminen voi est\u00e4\u00e4 merkitt\u00e4v\u00e4mpi\u00e4 ongelmia my\u00f6hemmin ja varmistaa tehokkaan toiminnan.<\/p>\n<h3>Oikea voitelu<\/h3>\n<p>Hydraulisylinterin asianmukainen voitelu on ratkaisevan t\u00e4rke\u00e4\u00e4 sen toiminnan kannalta. Hydrauli\u00f6ljy\u00e4 on lis\u00e4tt\u00e4v\u00e4 s\u00e4\u00e4nn\u00f6llisesti, ja \u00f6ljyn on t\u00e4ytett\u00e4v\u00e4 valmistajan vaatimukset. Oikea voitelu v\u00e4hent\u00e4\u00e4 kitkaa, joka voi johtaa sylinterin osien ennenaikaiseen kulumiseen ja vikaantumiseen.<\/p>\n<h3>Tiivisteiden vaihto ja kalibrointitarkastukset<\/h3>\n<p>Tiivisteiden vaihtaminen heti ensimm\u00e4isten kulumismerkkien ilmetess\u00e4 on ratkaisevan t\u00e4rke\u00e4\u00e4 hydraulisen paineen yll\u00e4pit\u00e4miseksi. K\u00e4ytt\u00e4jien tulisi my\u00f6s suorittaa kalibrointitarkastuksia varmistaakseen, ett\u00e4 sylinteri toimii m\u00e4\u00e4ritettyjen parametrien puitteissa. V\u00e4\u00e4r\u00e4 kalibrointi voi johtaa tehottomaan toimintaan ja sylinterin lis\u00e4\u00e4ntyneeseen kulumiseen.<\/p>\n<p><img decoding=\"async\" src=\"https:\/\/www.hydraulic-cylinders.net\/wp-content\/uploads\/2025\/04\/songte-chushion-collar.webp\" alt=\"Tyynykaulus\" \/><\/p>\n<h2>Turvallisuusn\u00e4k\u00f6kohdat ja ymp\u00e4rist\u00f6tekij\u00e4t<\/h2>\n<p>Hydraulisylintereit\u00e4 k\u00e4ytett\u00e4ess\u00e4 turvatoimet ovat ensiarvoisen t\u00e4rkeit\u00e4. K\u00e4ytt\u00e4jien on oltava tietoisia mahdollisista riskeist\u00e4, kuten hydraulinestevuodoista, jotka voivat aiheuttaa ymp\u00e4rist\u00f6vaaroja. Asianmukaisten turvatoimenpiteiden, kuten s\u00e4\u00e4nn\u00f6llisten tarkastusten ja laitteiden huollon, toteuttaminen on olennaista turvallisen k\u00e4yt\u00f6n varmistamiseksi ja ymp\u00e4rist\u00f6vaikutusten minimoimiseksi.<\/p>\n<h2>Vianm\u00e4\u00e4ritys ja yleiset ongelmat<\/h2>\n<ul>\n<li><strong>Hydrauli\u00f6ljyvuodot:<\/strong> Vuotojen l\u00e4hteen nopea tunnistaminen on ratkaisevan t\u00e4rke\u00e4\u00e4, koska ne voivat johtaa hydraulisen paineen menetykseen. S\u00e4\u00e4nn\u00f6lliset tarkastukset voivat auttaa havaitsemaan vuodot varhaisessa vaiheessa.<\/li>\n<li><strong>Hidas tai ep\u00e4s\u00e4\u00e4nn\u00f6llinen liike:<\/strong> T\u00e4m\u00e4 voi viitata hydraulipaineongelmiin tai tiivisteen toimintah\u00e4iri\u00f6\u00f6n. Ongelman diagnosointi varhaisessa vaiheessa voi est\u00e4\u00e4 lis\u00e4vaurioita.<\/li>\n<li><strong>Ep\u00e4tavalliset \u00e4\u00e4net:<\/strong> Kaikki k\u00e4yt\u00f6n aikana kuuluvat ep\u00e4normaalit \u00e4\u00e4net on tutkittava, sill\u00e4 ne voivat viitata j\u00e4rjestelm\u00e4n kulumiseen tai vaurioihin.<\/li>\n<\/ul>\n<h2>Vianm\u00e4\u00e4ritysvinkkej\u00e4<\/h2>\n<p>Puomisylinterin ongelmien tehokkaaksi diagnosoimiseksi ja ratkaisemiseksi k\u00e4ytt\u00e4jien tulee pit\u00e4\u00e4 kirjaa kaikista poikkeavuuksista ja suorittaa perusteellisia tarkastuksia. S\u00e4\u00e4nn\u00f6llinen huolto ja yksityiskohtiin keskittyminen voivat est\u00e4\u00e4 monia yleisi\u00e4 ongelmia. Ennakoivan huoltoaikataulun toteuttaminen voi minimoida mahdolliset ongelmat ja varmistaa hydraulij\u00e4rjestelm\u00e4n sujuvan toiminnan.<\/p>\n<p><img decoding=\"async\" src=\"https:\/\/www.hydraulic-cylinders.net\/wp-content\/uploads\/2025\/04\/songte-bushings-with-all-kinds-of-excavator-models.webp\" alt=\"Kaivinkoneen holkit\" \/><\/p>\n<h2>Yrityksen yleiskatsaus<\/h2>\n<p>Olemme johtava hydraulisten sylinterien vaihto-osien valmistaja. Tarjoamme laajan valikoiman tuotteita, jotka ovat tehneet meist\u00e4 merkitt\u00e4v\u00e4n toimijan kotimaisilla ja kansainv\u00e4lisill\u00e4 markkinoilla. Sitoutumisemme huippuosaamiseen n\u00e4kyy tiukkojen laatustandardien ja edistyneiden valmistustekniikoiden noudattamisessa.<\/p>\n<p>Hy\u00f6dynn\u00e4mme kehittynytt\u00e4 tuotannonhallintastrategiaa parantaaksemme valmistuskapasiteettiamme. K\u00e4yt\u00e4mme ammattitaitoista teknist\u00e4 henkil\u00f6st\u00f6\u00e4, huippuluokan digitaalisia valmistuslaitteita ja ammattimaisia \u200b\u200btestausj\u00e4rjestelmi\u00e4 parantaaksemme jatkuvasti tuotantoymp\u00e4rist\u00f6\u00e4mme varmistaaksemme tuotteiden korkean laadun.<\/p>\n<p>Keskittymisemme tehokkuuteen, tarkkuuteen ja korkeisiin laatustandardeihin mahdollistaa monipuolisten asiakastarpeiden t\u00e4ytt\u00e4misen. Tarjoamme r\u00e4\u00e4t\u00e4l\u00f6it\u00e4vi\u00e4 ratkaisuja ja vahvaa j\u00e4lkimarkkinointitukea asiakastyytyv\u00e4isyyden varmistamiseksi.<\/p>\n<p><img decoding=\"async\" src=\"https:\/\/www.hydraulic-cylinders.net\/wp-content\/uploads\/2025\/04\/songte-company-4.webp\" alt=\"Yritysvalmistus\" \/><br \/>\n<img decoding=\"async\" src=\"https:\/\/www.hydraulic-cylinders.net\/wp-content\/uploads\/2025\/04\/songte-company-3.webp\" alt=\"Yrityksen laitteet\" \/><\/p>\n<p>Kirjoittaja: lyl<\/p>","protected":false},"excerpt":{"rendered":"<p>Boom Cylinder For Volwa Wheel Excavator DLS890-9A Product Overview The Boom Cylinder for Volwa Wheel Excavator DLS890-9A is a specialized hydraulic cylinder designed to optimize the functionality of excavators. These cylinders enable precise control of the bucket&#8217;s movement, which is crucial for various heavy machinery tasks. As a type of hydraulic cylinder, the bucket cylinder [&hellip;]<\/p>","protected":false},"featured_media":17881,"comment_status":"open","ping_status":"closed","template":"","meta":{"_et_pb_use_builder":"","_et_pb_old_content":"","_et_gb_content_width":""},"product_brand":[],"product_cat":[1546],"product_tag":[1547,1496],"class_list":{"0":"post-19618","1":"product","2":"type-product","3":"status-publish","4":"has-post-thumbnail","6":"product_cat-boom-cylinders","7":"product_tag-boom-cylinders","8":"product_tag-hydraulic-cylinders","10":"first","11":"instock","12":"shipping-taxable","13":"product-type-simple"},"amp_enabled":true,"_links":{"self":[{"href":"https:\/\/www.hydraulic-cylinders.net\/fi\/wp-json\/wp\/v2\/product\/19618","targetHints":{"allow":["GET"]}}],"collection":[{"href":"https:\/\/www.hydraulic-cylinders.net\/fi\/wp-json\/wp\/v2\/product"}],"about":[{"href":"https:\/\/www.hydraulic-cylinders.net\/fi\/wp-json\/wp\/v2\/types\/product"}],"replies":[{"embeddable":true,"href":"https:\/\/www.hydraulic-cylinders.net\/fi\/wp-json\/wp\/v2\/comments?post=19618"}],"wp:featuredmedia":[{"embeddable":true,"href":"https:\/\/www.hydraulic-cylinders.net\/fi\/wp-json\/wp\/v2\/media\/17881"}],"wp:attachment":[{"href":"https:\/\/www.hydraulic-cylinders.net\/fi\/wp-json\/wp\/v2\/media?parent=19618"}],"wp:term":[{"taxonomy":"product_brand","embeddable":true,"href":"https:\/\/www.hydraulic-cylinders.net\/fi\/wp-json\/wp\/v2\/product_brand?post=19618"},{"taxonomy":"product_cat","embeddable":true,"href":"https:\/\/www.hydraulic-cylinders.net\/fi\/wp-json\/wp\/v2\/product_cat?post=19618"},{"taxonomy":"product_tag","embeddable":true,"href":"https:\/\/www.hydraulic-cylinders.net\/fi\/wp-json\/wp\/v2\/product_tag?post=19618"}],"curies":[{"name":"wp","href":"https:\/\/api.w.org\/{rel}","templated":true}]}}