{"id":19624,"date":"2025-04-07T06:58:08","date_gmt":"2025-04-07T06:58:08","guid":{"rendered":"https:\/\/www.hydraulic-cylinders.net\/product\/boom-cylinder-for-volwa-cane-unloader-dls880-9ag\/"},"modified":"2025-04-07T06:58:11","modified_gmt":"2025-04-07T06:58:11","slug":"boom-cylinder-for-volwa-cane-unloader-dls880-9ag","status":"publish","type":"product","link":"https:\/\/www.hydraulic-cylinders.net\/fi\/tuote\/boom-cylinder-for-volwa-cane-unloader-dls880-9ag\/","title":{"rendered":"Puomin sylinteri Volwa-ruo'onpurkajaan DLS880-9AG"},"content":{"rendered":"<h1>Puomin sylinteri Volwa-ruo'onpurkajaan DLS880-9AG<\/h1>\n<h2>Tuotteen yleiskatsaus<\/h2>\n<p>Volwa Cane Unloader DLS880-9AG:n puomisylinteri on erikoishydraulisylinteri, joka on suunniteltu ohjaamaan raskaiden koneiden liikett\u00e4, erityisesti maatalousalalla. N\u00e4ill\u00e4 sylintereill\u00e4 on ratkaiseva rooli hydraulij\u00e4rjestelmiss\u00e4, sill\u00e4 ne tarjoavat tarvittavan voiman lis\u00e4laitteiden, kuten kauhojen, nostamiseen, laskemiseen ja kallistamiseen, mik\u00e4 on olennaista materiaalink\u00e4sittelyteht\u00e4viss\u00e4. Kauhasylinterit ovat hydraulisia m\u00e4nti\u00e4, jotka hallitsevat kauhan liikett\u00e4 erilaisissa raskaissa laitteissa, kuten kaivinkoneissa, kaivurikuormaajissa ja etukuormaajissa. Ne mahdollistavat kauhan toiminnan tarkan hallinnan, mik\u00e4 mahdollistaa tehokkaan kaivamisen, lastaamisen ja materiaalien kuljetuksen.<\/p>\n<p><img decoding=\"async\" src=\"https:\/\/www.hydraulic-cylinders.net\/wp-content\/uploads\/2025\/04\/songte-company-1.webp\" alt=\"Volwa Cane -purkulaitteen puomin sylinteri\" \/><\/p>\n<h2>Puomin sylinterin ominaisuudet<\/h2>\n<ul>\n<li><strong>Korkea lujuus ja kest\u00e4vyys:<\/strong> N\u00e4m\u00e4 erikoislujuuster\u00e4ksest\u00e4 tai alumiinista valmistetut sylinterit kest\u00e4v\u00e4t korkeaa painetta ja raskaita kuormia, joten ne sopivat vaativiin ty\u00f6ymp\u00e4rist\u00f6ihin. Niiden rakenne yhdist\u00e4\u00e4 kulutuskest\u00e4vyyden ja korroosionkest\u00e4vyyden, mik\u00e4 pident\u00e4\u00e4 niiden k\u00e4ytt\u00f6ik\u00e4\u00e4.<\/li>\n<li><strong>Tehokas hydraulinen k\u00e4ytt\u00f6:<\/strong> Hydrauli\u00f6ljyn painetta hy\u00f6dynt\u00e4v\u00e4 sylinteri varmistaa tasaisen ulos- ja sis\u00e4\u00e4nvedon, reagoi nopeasti ohjauskomentoihin ja tuottaa merkitt\u00e4v\u00e4\u00e4 ty\u00f6nt\u00f6- ja vetovoimaa, mik\u00e4 sopii erinomaisesti raskaisiin ja monimutkaisiin teht\u00e4viin.<\/li>\n<li><strong>Erilaisia \u200b\u200btyyppej\u00e4:<\/strong> Saatavilla yksitoimisina (toimii yhteen suuntaan) tai kaksitoimisina (toimii molempiin suuntiin) kokoonpanoina erilaisten k\u00e4ytt\u00f6tarpeiden t\u00e4ytt\u00e4miseksi. Jotkut mallit ovat teleskooppisia, mik\u00e4 mahdollistaa suuremman jatkeen ilman ulkomittojen kasvua, mik\u00e4 tekee niist\u00e4 t\u00e4ydellisi\u00e4 ahtaisiin sovelluksiin.<\/li>\n<\/ul>\n<h2>Tuotantokapasiteetti<\/h2>\n<p>Pystymme valmistamaan t\u00e4t\u00e4 tuotetta, ja sylinterimme voivat t\u00e4ydellisesti korvata erilaisia \u200b\u200bmarkkinoilla olevia hydraulisylintereit\u00e4.<\/p>\n<p><img decoding=\"async\" src=\"https:\/\/www.hydraulic-cylinders.net\/wp-content\/uploads\/2025\/04\/songte-cylinder-head-with-all-kinds-excavator-models.webp\" alt=\"Sylinterien tuotanto\" \/><\/p>\n<h2>Puomisylinterin sovellukset<\/h2>\n<h3>Rakennuslaitteet<\/h3>\n<p>Kaivinkoneissa puomin sylinterit ovat elint\u00e4rkeit\u00e4 maan tai roskien tehokkaaseen kaivamiseen, lastaamiseen ja siirt\u00e4miseen. Ne auttavat sek\u00e4 kaivu- ett\u00e4 nostoprosesseissa ja edist\u00e4v\u00e4t rakennust\u00f6iden kokonaistuottavuutta.<\/p>\n<h3>Maatalouskoneet<\/h3>\n<p>Etukuormaajissa n\u00e4m\u00e4 sylinterit ovat v\u00e4ltt\u00e4m\u00e4tt\u00f6mi\u00e4 maaper\u00e4n, hein\u00e4n ja muiden materiaalien kaivamiseen, nostamiseen ja kuljettamiseen. Niiden tarkat ohjausominaisuudet parantavat maatalousteht\u00e4vien tehokkuutta ja tekev\u00e4t niist\u00e4 olennaisen ty\u00f6kalun maataloustoiminnassa.<\/p>\n<h3>Kaivinkoneet<\/h3>\n<p>Kaivinkoneissa puomin sylinteri mahdollistaa kauhan tunkeutumisen maaper\u00e4\u00e4n, mik\u00e4 helpottaa tehokkaita kaivutoimia. T\u00e4m\u00e4 ominaisuus on ratkaisevan t\u00e4rke\u00e4 erilaisissa teht\u00e4viss\u00e4, kuten ojituksessa ja ty\u00f6maan valmistelussa.<\/p>\n<h3>Kuormaajat<\/h3>\n<p>Etukuormaajissa puomin sylinteri auttaa kuormien tehokkaassa nostamisessa ja tyhjent\u00e4misess\u00e4. Kyky k\u00e4sitell\u00e4 raskaita materiaaleja tehokkaasti tekee kuormaajista v\u00e4ltt\u00e4m\u00e4tt\u00f6mi\u00e4 rakennus- ja materiaalink\u00e4sittelyss\u00e4.<\/p>\n<h2>Suunnittelun\u00e4k\u00f6kohdat ja valintakriteerit<\/h2>\n<h3>Kantavuus<\/h3>\n<p>Hydraulisylinteri\u00e4 valittaessa kuormituskapasiteetti on ensiarvoisen t\u00e4rke\u00e4\u00e4. Sylinterin on kyett\u00e4v\u00e4 tukemaan k\u00e4sitelt\u00e4vien materiaalien painoa ilman vikaantumisriski\u00e4. Insin\u00f6\u00f6rien on laskettava suurin sallittu kuormitus ja valittava sylinteri, joka on mitoitettu v\u00e4hint\u00e4\u00e4n t\u00e4lle m\u00e4\u00e4r\u00e4lle, ottaen huomioon turvamarginaalin odottamattomien kuormien varalta.<\/p>\n<h3>Tiivistyskyky<\/h3>\n<p>Tehokas tiivistys on ratkaisevan t\u00e4rke\u00e4\u00e4 hydraulinesteen vuotojen est\u00e4miseksi, jotka voivat johtaa suorituskyvyn heikkenemiseen ja ymp\u00e4rist\u00f6vaaroihin. Korkealaatuisia tiivisteit\u00e4, jotka on valmistettu kest\u00e4vist\u00e4 materiaaleista, kuten polyuretaanista tai nitriilikumista, tulisi k\u00e4ytt\u00e4\u00e4 asianmukaisen tiivistyksen varmistamiseksi erilaisissa paineolosuhteissa. Tiivisteiden s\u00e4\u00e4nn\u00f6llinen huolto ja tarkastus ovat v\u00e4ltt\u00e4m\u00e4tt\u00f6mi\u00e4 hydraulisen tehokkuuden yll\u00e4pit\u00e4miseksi ja kalliiden korjausten v\u00e4ltt\u00e4miseksi.<\/p>\n<h3>Kest\u00e4vyys<\/h3>\n<p>Hydraulisylinterin kest\u00e4vyyteen vaikuttavat materiaalivalinnat ja valmistusprosessit. Korkealaatuiset, kulumista ja korroosiota kest\u00e4v\u00e4t materiaalit pident\u00e4v\u00e4t sylinterin k\u00e4ytt\u00f6ik\u00e4\u00e4. Lis\u00e4ksi prosessit, kuten pinnan karkaisu ja edistyneet pinnoitteet, voivat parantaa sylinterin kest\u00e4vyytt\u00e4 varmistaen, ett\u00e4 se toimii hyvin vaativissa ymp\u00e4rist\u00f6iss\u00e4.<\/p>\n<h3>Turvaominaisuudet<\/h3>\n<p>Turvallisuus on kriittinen n\u00e4k\u00f6kohta hydraulisylinterien suunnittelussa. Sylinteriin tulisi sis\u00e4llytt\u00e4\u00e4 ominaisuuksia, kuten paineenalennusventtiilit ja h\u00e4t\u00e4pys\u00e4ytysmekanismit, vakavien vikojen est\u00e4miseksi. My\u00f6s asianmukainen koulutus turvallisesta k\u00e4yt\u00f6st\u00e4 ja huoltok\u00e4yt\u00e4nn\u00f6ist\u00e4 on elint\u00e4rke\u00e4\u00e4 hydraulikoneita k\u00e4ytt\u00e4v\u00e4n henkil\u00f6st\u00f6n turvallisuuden varmistamiseksi.<\/p>\n<h3>Huolto ja huollettavuus<\/h3>\n<p>Hydraulisylinterien k\u00e4ytt\u00f6i\u00e4n maksimoimiseksi on t\u00e4rke\u00e4\u00e4 suunnitella helppo huolto. T\u00e4h\u00e4n sis\u00e4ltyy sen varmistaminen, ett\u00e4 komponentteihin p\u00e4\u00e4see helposti k\u00e4siksi tarkastusta tai vaihtoa varten. S\u00e4\u00e4nn\u00f6lliset huolto-ohjelmat tulisi laatia kulumisen, voitelutarpeen ja tiivisteiden eheyden tarkistamiseksi odottamattomien vikojen est\u00e4miseksi.<\/p>\n<p><img decoding=\"async\" src=\"https:\/\/www.hydraulic-cylinders.net\/wp-content\/uploads\/2025\/04\/songte-oil-pipes-and-spare-parts.webp\" alt=\"Hydrauliset komponentit\" \/><\/p>\n<h2>Tiivistys ja voitelu<\/h2>\n<p>Tehokas tiivistys ja voitelu ovat elint\u00e4rkeit\u00e4 hydraulisylinterien suorituskyvyn kannalta. Erilaisia \u200b\u200btiivisteit\u00e4, kuten m\u00e4nn\u00e4ntiivisteit\u00e4 ja varren tiivisteit\u00e4, k\u00e4ytet\u00e4\u00e4n est\u00e4m\u00e4\u00e4n nestevuotoja ja kontaminaatiota. Kulutusta kest\u00e4vist\u00e4 materiaaleista, kuten polyuretaanista ja nitriilikumista, valmistetut tiivisteet ovat v\u00e4ltt\u00e4m\u00e4tt\u00f6mi\u00e4 pitk\u00e4kestoisen suorituskyvyn kannalta. Lis\u00e4ksi sylinterin runko ja kierteitetyt p\u00e4\u00e4typinnat tulisi ty\u00f6st\u00e4\u00e4 tarkasti kulutuskest\u00e4vyyden parantamiseksi. S\u00e4\u00e4nn\u00f6llinen voitelu hydrauli\u00f6ljyll\u00e4 on ratkaisevan t\u00e4rke\u00e4\u00e4, koska se v\u00e4hent\u00e4\u00e4 kitkaa ja kulumista varmistaen sujuvan toiminnan.<\/p>\n<h2>S\u00e4\u00e4nn\u00f6lliset tarkastukset ja ennaltaehk\u00e4isev\u00e4 huolto<\/h2>\n<ul>\n<li><strong>Rutiinitarkastukset:<\/strong> Tee s\u00e4\u00e4nn\u00f6llisi\u00e4 silm\u00e4m\u00e4\u00e4r\u00e4isi\u00e4 tarkastuksia kulumisen, korroosion tai vuotojen varalta. Ongelmien varhainen havaitseminen voi est\u00e4\u00e4 merkitt\u00e4v\u00e4mpi\u00e4 ongelmia my\u00f6hemmin.<\/li>\n<li><strong>Oikea voitelu:<\/strong> Varmista, ett\u00e4 hydrauliikka\u00f6ljy\u00e4 lis\u00e4t\u00e4\u00e4n tarvittaessa, ja pid\u00e4 j\u00e4rjestelm\u00e4 puhtaana est\u00e4\u00e4ksesi suorituskykyyn vaikuttavan kontaminaation.<\/li>\n<li><strong>Tiivisteen vaihto:<\/strong> Tarkista tiivisteiden kuluminen s\u00e4\u00e4nn\u00f6llisesti ja vaihda ne tarvittaessa hydraulisen eheyden ja suorituskyvyn yll\u00e4pit\u00e4miseksi.<\/li>\n<\/ul>\n<h2>Asennusohjeet<\/h2>\n<p>Hydraulisylinterien oikea asennus on ratkaisevan t\u00e4rke\u00e4\u00e4 optimaalisen suorituskyvyn kannalta. Aloita varmistamalla, ett\u00e4 sylinteri on kohdistettu oikein kiinnityspisteisiins\u00e4, jotta v\u00e4ltet\u00e4\u00e4n tarpeeton rasitus. K\u00e4yt\u00e4 sopivia kiinnitystelineit\u00e4 sylinterin kiinnitt\u00e4miseksi tukevasti. Noudata valmistajan ohjeita hydrauliliit\u00e4nn\u00f6ist\u00e4 ja varmista, ett\u00e4 kaikki liitokset ovat tiukasti kiinni vuotojen est\u00e4miseksi. K\u00e4yt\u00e4 hydrauliletkuja liitt\u00e4ess\u00e4si oikean pituisia letkuja ja v\u00e4lt\u00e4 jyrkki\u00e4 mutkia, jotka voivat johtaa vaurioihin. Asennuksen j\u00e4lkeen testaa j\u00e4rjestelm\u00e4 alhaisella paineella vuotojen ja oikean toiminnan varmistamiseksi ennen t\u00e4ysimittaista k\u00e4ytt\u00f6\u00e4.<\/p>\n<h2>Yleiset huoltoteht\u00e4v\u00e4t<\/h2>\n<ul>\n<li><strong>S\u00e4\u00e4nn\u00f6lliset tarkastukset:<\/strong> Aikatauluta rutiinitarkastukset sylinterin ja sit\u00e4 ymp\u00e4r\u00f6ivien osien kunnon tarkkailemiseksi ja kulumisen, vuotojen tai vaurioiden varalta.<\/li>\n<li><strong>Oikea voitelu:<\/strong> Pid\u00e4 yll\u00e4 s\u00e4\u00e4nn\u00f6llist\u00e4 voiteluaikataulua varmistaen, ett\u00e4 hydrauliikka\u00f6ljyn taso on oikea ja ett\u00e4 j\u00e4rjestelm\u00e4 pysyy puhtaana kontaminaation v\u00e4ltt\u00e4miseksi.<\/li>\n<li><strong>Tiivisteen vaihto ja kalibrointi:<\/strong> Tarkkaile tiivisteiden kuntoa ja vaihda ne tarvittaessa. Hydraulij\u00e4rjestelm\u00e4n s\u00e4\u00e4nn\u00f6llinen kalibrointi varmistaa optimaalisen suorituskyvyn ja turvallisuuden.<\/li>\n<\/ul>\n<h2>Turvallisuusn\u00e4k\u00f6kohdat ja ymp\u00e4rist\u00f6tekij\u00e4t<\/h2>\n<p>Hydraulisylintereit\u00e4 k\u00e4ytett\u00e4ess\u00e4 turvatoimenpiteet ovat ensiarvoisen t\u00e4rkeit\u00e4. K\u00e4ytt\u00e4j\u00e4t tulisi kouluttaa turvallisiin k\u00e4sittelytapoihin onnettomuusriskin v\u00e4hent\u00e4miseksi. On t\u00e4rke\u00e4\u00e4 ymm\u00e4rt\u00e4\u00e4 hydraulij\u00e4rjestelmiin liittyv\u00e4t mahdolliset vaarat, kuten korkeapainevuodot, ja ryhty\u00e4 asianmukaisiin varotoimiin. My\u00f6s ymp\u00e4rist\u00f6tekij\u00e4t, mukaan lukien hydraulinesteen vuotojen vaikutus, on otettava huomioon. Kaikkien hydraulij\u00e4rjestelmien asianmukainen suojaus ja huolto voivat lievent\u00e4\u00e4 ymp\u00e4rist\u00f6riskej\u00e4.<\/p>\n<h2>Vianm\u00e4\u00e4ritys ja yleiset ongelmat<\/h2>\n<ul>\n<li><strong>Paineh\u00e4vi\u00f6:<\/strong> T\u00e4m\u00e4 voi johtua j\u00e4rjestelm\u00e4n vuodoista, riitt\u00e4m\u00e4tt\u00f6mist\u00e4 nestetasoista tai viallisista tiivisteist\u00e4. S\u00e4\u00e4nn\u00f6lliset tarkastukset voivat auttaa tunnistamaan ja korjaamaan n\u00e4m\u00e4 ongelmat varhaisessa vaiheessa.<\/li>\n<li><strong>Hidas toiminta:<\/strong> Hitaasti liikkuva sylinteri voi viitata alhaiseen hydraulinesteen tasoon tai ep\u00e4puhtauteen. Hydraulinesteen puhtauden ja oikean tason varmistaminen on ratkaisevan t\u00e4rke\u00e4\u00e4 suorituskyvyn yll\u00e4pit\u00e4miseksi.<\/li>\n<li><strong>Ep\u00e4tavalliset \u00e4\u00e4net:<\/strong> Hankaavat tai kolisevat \u00e4\u00e4net viittaavat usein mekaanisiin ongelmiin tai riitt\u00e4m\u00e4tt\u00f6m\u00e4\u00e4n voiteluun. V\u00e4lit\u00f6n tarkastus on tarpeen lis\u00e4vaurioiden est\u00e4miseksi.<\/li>\n<\/ul>\n<h2>Vianm\u00e4\u00e4ritysvinkkej\u00e4<\/h2>\n<p>Hydraulisylinterien ongelmien vianm\u00e4\u00e4rityksess\u00e4 aloita tarkistamalla n\u00e4kyv\u00e4t vuodot ja varmistamalla, ett\u00e4 kaikki liitokset ovat tukevasti kiinni. S\u00e4\u00e4nn\u00f6llinen huolto, mukaan lukien suodattimien puhdistus ja vaihto, voi est\u00e4\u00e4 monia yleisi\u00e4 ongelmia. Jos havaitaan alhainen paine, tarkista nestetasot ja tarkista hydrauliletkujen tukokset. N\u00e4iden ongelmien tunnistaminen ja korjaaminen varhain voi minimoida seisokkiajat ja pident\u00e4\u00e4 sylinterin k\u00e4ytt\u00f6ik\u00e4\u00e4.<\/p>\n<p><img decoding=\"async\" src=\"https:\/\/www.hydraulic-cylinders.net\/wp-content\/uploads\/2025\/04\/songte-bushings-with-all-kinds-of-excavator-models.webp\" alt=\"Hydrauliset holkit\" \/><\/p>\n<h2>Yritysprofiili<\/h2>\n<p>Olemme johtava hydraulisten sylinterien valmistaja, ja kattava tuotevalikoimamme on tehnyt meist\u00e4 yhden johtavista valmistajista ja jakelijoista sek\u00e4 kotimaisilla ett\u00e4 kansainv\u00e4lisill\u00e4 markkinoilla. Noudatamme korkealaatuisia periaatteita ja luotamme teollistettuun tuotannonohjausstrategiaan hienostuneissa tuotantotiloissamme. Yrityksemme parantaa jatkuvasti tuotantoalustaansa ammattitaitoisten teknikkojen, edistyneiden digitaalisten valmistuslaitteiden ja erikoistuneiden testausj\u00e4rjestelmien avulla varmistaen, ett\u00e4 t\u00e4yt\u00e4mme asiakkaidemme monipuoliset tarpeet tehokkaasti, tarkasti ja laadukkaasti.<\/p>\n<p><img decoding=\"async\" src=\"https:\/\/www.hydraulic-cylinders.net\/wp-content\/uploads\/2025\/04\/songte-company-4.webp\" alt=\"Yrityksen yleiskatsaus\" \/><br \/>\n<img decoding=\"async\" src=\"https:\/\/www.hydraulic-cylinders.net\/wp-content\/uploads\/2025\/04\/songte-company-3.webp\" alt=\"Tuotantolaitos\" \/><\/p>\n<p>Yhteenvetona voidaan todeta, ett\u00e4 olemme ylpeit\u00e4 ammattitaidostamme, kansainv\u00e4lisist\u00e4 sertifikaateistamme, r\u00e4\u00e4t\u00e4l\u00f6idyist\u00e4 palveluistamme, edistyneist\u00e4 tuotantolaitteistamme ja luotettavasta myynnin j\u00e4lkeisest\u00e4 tuesta, jotka kaikki edist\u00e4v\u00e4t sitoutumistamme korkealaatuisten hydraulisylintereiden toimittamiseen.<\/p>\n<p>Kirjoittaja: lyl<\/p>","protected":false},"excerpt":{"rendered":"<p>Boom Cylinder For Volwa Cane Unloader DLS880-9AG Product Overview The Boom Cylinder for Volwa Cane Unloader DLS880-9AG is a specialized hydraulic cylinder designed to control the movement of heavy machinery, particularly in the agricultural sector. These cylinders play a crucial role in hydraulic systems by providing the necessary force to lift, lower, and tilt attachments [&hellip;]<\/p>","protected":false},"featured_media":17872,"comment_status":"open","ping_status":"closed","template":"","meta":{"_et_pb_use_builder":"","_et_pb_old_content":"","_et_gb_content_width":""},"product_brand":[],"product_cat":[1546],"product_tag":[1547,1496],"class_list":{"0":"post-19624","1":"product","2":"type-product","3":"status-publish","4":"has-post-thumbnail","6":"product_cat-boom-cylinders","7":"product_tag-boom-cylinders","8":"product_tag-hydraulic-cylinders","10":"first","11":"instock","12":"shipping-taxable","13":"product-type-simple"},"amp_enabled":true,"_links":{"self":[{"href":"https:\/\/www.hydraulic-cylinders.net\/fi\/wp-json\/wp\/v2\/product\/19624","targetHints":{"allow":["GET"]}}],"collection":[{"href":"https:\/\/www.hydraulic-cylinders.net\/fi\/wp-json\/wp\/v2\/product"}],"about":[{"href":"https:\/\/www.hydraulic-cylinders.net\/fi\/wp-json\/wp\/v2\/types\/product"}],"replies":[{"embeddable":true,"href":"https:\/\/www.hydraulic-cylinders.net\/fi\/wp-json\/wp\/v2\/comments?post=19624"}],"wp:featuredmedia":[{"embeddable":true,"href":"https:\/\/www.hydraulic-cylinders.net\/fi\/wp-json\/wp\/v2\/media\/17872"}],"wp:attachment":[{"href":"https:\/\/www.hydraulic-cylinders.net\/fi\/wp-json\/wp\/v2\/media?parent=19624"}],"wp:term":[{"taxonomy":"product_brand","embeddable":true,"href":"https:\/\/www.hydraulic-cylinders.net\/fi\/wp-json\/wp\/v2\/product_brand?post=19624"},{"taxonomy":"product_cat","embeddable":true,"href":"https:\/\/www.hydraulic-cylinders.net\/fi\/wp-json\/wp\/v2\/product_cat?post=19624"},{"taxonomy":"product_tag","embeddable":true,"href":"https:\/\/www.hydraulic-cylinders.net\/fi\/wp-json\/wp\/v2\/product_tag?post=19624"}],"curies":[{"name":"wp","href":"https:\/\/api.w.org\/{rel}","templated":true}]}}