{"id":19625,"date":"2025-04-07T06:58:11","date_gmt":"2025-04-07T06:58:11","guid":{"rendered":"https:\/\/www.hydraulic-cylinders.net\/product\/boom-cylinder-for-volwa-cane-unloader-dls118-9a\/"},"modified":"2025-04-07T06:58:13","modified_gmt":"2025-04-07T06:58:13","slug":"boom-cylinder-for-volwa-cane-unloader-dls118-9a","status":"publish","type":"product","link":"https:\/\/www.hydraulic-cylinders.net\/fi\/tuote\/boom-cylinder-for-volwa-cane-unloader-dls118-9a\/","title":{"rendered":"Puomin sylinteri Volwa Cane Unloader DLS118-9A:lle"},"content":{"rendered":"<h1>Puomin sylinteri Volwa Cane Unloader DLS118-9A:lle<\/h1>\n<h2>Puomin sylinterin yleiskatsaus<\/h2>\n<p>Puomin sylinteri on hydrauliikkaj\u00e4rjestelmien t\u00e4rke\u00e4 osa, ja se on erityisesti suunniteltu ohjaamaan raskaiden koneiden, kuten kaivinkoneiden, kaivurikuormaajien ja etukuormaajien, kauhojen liikett\u00e4. T\u00e4m\u00e4 hydraulisylinteri mahdollistaa kauhan nostamisen, laskemisen ja kallistumisen, mik\u00e4 helpottaa tehokasta materiaalink\u00e4sittely\u00e4. Hydraulisen paineen avulla n\u00e4m\u00e4 sylinterit tarjoavat tarvittavan voiman suurten kuormien k\u00e4sittelyyn, mik\u00e4 tekee niist\u00e4 v\u00e4ltt\u00e4m\u00e4tt\u00f6mi\u00e4 erilaisissa teollisuuden ja maatalouden sovelluksissa.<\/p>\n<p><img decoding=\"async\" src=\"https:\/\/www.hydraulic-cylinders.net\/wp-content\/uploads\/2025\/04\/songte-company-1.webp\" alt=\"Puomin sylinteri\"><\/p>\n<h2>Puomin sylinterin ominaisuudet<\/h2>\n<ul>\n<li><strong>Korkea lujuus ja kest\u00e4vyys:<\/strong> N\u00e4m\u00e4 sylinterit on tyypillisesti valmistettu lujasta ter\u00e4ksest\u00e4 tai alumiinista, ja ne kest\u00e4v\u00e4t korkeaa painetta ja raskaita kuormia, mik\u00e4 tekee niist\u00e4 sopivia vaativiin ty\u00f6ymp\u00e4rist\u00f6ihin. Niiden suunnittelussa on otettu huomioon kulutuskest\u00e4vyys ja korroosionkest\u00e4vyys, mik\u00e4 pident\u00e4\u00e4 niiden k\u00e4ytt\u00f6ik\u00e4\u00e4.<\/li>\n<li><strong>Tehokas hydraulinen k\u00e4ytt\u00f6:<\/strong> Hydraulisen \u00f6ljynpaineen ansiosta n\u00e4m\u00e4 sylinterit reagoivat nopeasti ohjauskomentoihin ja tarjoavat voimakkaan ty\u00f6nt\u00f6- ja vetovoiman, joka sopii erinomaisesti raskaiden ja monimutkaisten teht\u00e4vien k\u00e4sittelyyn.<\/li>\n<li><strong>Erilaisia \u200b\u200btyyppej\u00e4:<\/strong> Saatavilla yksitoimisina (hydraulinen toiminta yhteen suuntaan) tai kaksitoimisina (hydraulinen toiminta molempiin suuntiin) kokoonpanoina, ne vastaavat vaihteleviin k\u00e4ytt\u00f6tarpeisiin. Jotkut mallit ovat teleskooppisia, mik\u00e4 mahdollistaa suuremman jatkeen ilman ulkomittojen kasvua, mik\u00e4 sopii ahtaisiin sovelluksiin.<\/li>\n<\/ul>\n<h2>Valmistuskyvyt<\/h2>\n<p>Olemme erikoistuneet korkealaatuisten puomisylintereiden valmistukseen, jotka korvaavat t\u00e4ydellisesti olemassa olevat hydraulisylinterit. Tuotteemme on suunniteltu tarkasti ja luotettavasti, mik\u00e4 varmistaa, ett\u00e4 ne t\u00e4ytt\u00e4v\u00e4t alan standardit.<\/p>\n<p><img decoding=\"async\" src=\"https:\/\/www.hydraulic-cylinders.net\/wp-content\/uploads\/2025\/04\/songte-cylinder-head-with-all-kinds-excavator-models.webp\" alt=\"Puomin sylinterimallit\"><\/p>\n<h2>Puomisylinterin sovellukset<\/h2>\n<h3>Rakennuslaitteet<\/h3>\n<p>Rakennusalalla puomisylinterit ovat elint\u00e4rkeit\u00e4 kaivinkoneissa, jotka ovat v\u00e4ltt\u00e4m\u00e4tt\u00f6mi\u00e4 maan tai roskien kaivamiseen, lastaamiseen ja kuljettamiseen. Puomisylinterin ansiosta kauha voi kaivaa maahan tehokkaasti, jolloin kone voi suorittaa erilaisia \u200b\u200bteht\u00e4vi\u00e4 helposti ja tehokkaasti. Kaivurikuormaajissa n\u00e4m\u00e4 sylinterit eiv\u00e4t ainoastaan \u200b\u200bavusta kaivamisessa, vaan my\u00f6s nostotoiminnoissa, mik\u00e4 tekee niist\u00e4 monipuolisia useissa eri k\u00e4ytt\u00f6tarkoituksissa.<\/p>\n<h3>Maatalouskoneet<\/h3>\n<p>Maatalousymp\u00e4rist\u00f6iss\u00e4 puomisylintereill\u00e4 varustettuja etukuormaimia k\u00e4ytet\u00e4\u00e4n maan, hein\u00e4n ja muiden materiaalien kauhaukseen, nostamiseen ja kuljettamiseen. N\u00e4m\u00e4 sylinterit parantavat kuormaajan kyky\u00e4 k\u00e4sitell\u00e4 irtomateriaaleja tehokkaasti, mik\u00e4 tehostaa maataloustoimintaa ja lis\u00e4\u00e4 tuottavuutta.<\/p>\n<h3>Kaivinkoneet<\/h3>\n<p>Kaivinkoneissa puomin sylinterit helpottavat kaivua antamalla kauhan tunkeutua maaper\u00e4\u00e4n vaivattomasti. T\u00e4m\u00e4 hydraulinen komponentti on v\u00e4ltt\u00e4m\u00e4t\u00f6n syvyyden ja tarkkuuden saavuttamiseksi kaivut\u00f6iss\u00e4, ja se edist\u00e4\u00e4 tehokasta ty\u00f6maan valmistelua ja perustusty\u00f6t\u00e4.<\/p>\n<h3>Kuormaajat<\/h3>\n<p>Etukuormaajissa puomisylinterit mahdollistavat materiaalien tehokkaan nostamisen ja tyhjent\u00e4misen. Ne varmistavat, ett\u00e4 kuormaaja pystyy k\u00e4sittelem\u00e4\u00e4n raskaita kuormia minimaalisella vaivalla, mik\u00e4 tekee niist\u00e4 v\u00e4ltt\u00e4m\u00e4tt\u00f6mi\u00e4 rakennus- ja materiaalink\u00e4sittelyteht\u00e4viss\u00e4.<\/p>\n<h2>Suunnittelun\u00e4k\u00f6kohdat ja valintakriteerit<\/h2>\n<ul>\n<li><strong>Kantavuus:<\/strong> On t\u00e4rke\u00e4\u00e4 arvioida puomin sylinterin kuormituskyky sen varmistamiseksi, ett\u00e4 se pystyy k\u00e4sittelem\u00e4\u00e4n aiotut teht\u00e4v\u00e4t vioittumatta. Sylinterin kuormituskyky m\u00e4\u00e4r\u00e4ytyy sen koon, materiaalin ja rakenteen mukaan. Asianmukainen arviointi takaa optimaalisen suorituskyvyn ja turvallisuuden k\u00e4yt\u00f6n aikana.<\/li>\n<li><strong>Tiivistys:<\/strong> Hydraulisylinterin tiivistysj\u00e4rjestelm\u00e4ll\u00e4 on ratkaiseva rooli vuotojen est\u00e4misess\u00e4 ja paineen yll\u00e4pit\u00e4misess\u00e4. Kest\u00e4vist\u00e4 materiaaleista, kuten polyuretaanista tai nitriilikumista, valmistettujen korkealaatuisten tiivisteiden valinta voi parantaa sylinterin pitk\u00e4ik\u00e4isyytt\u00e4 ja luotettavuutta. Lis\u00e4ksi sylinterin rungon ja kierteitettyjen p\u00e4\u00e4typintojen tarkka ty\u00f6st\u00f6 minimoi tiivisteiden kulumista.<\/li>\n<li><strong>Kest\u00e4vyys:<\/strong> Hyvin suunnitellun puomisylinterin tulee kest\u00e4\u00e4 ankaria olosuhteita ja toistuvaa k\u00e4ytt\u00f6\u00e4. Suunnittelussa tulisi priorisoida korroosionkest\u00e4vyytt\u00e4 ja kulutuskest\u00e4vyytt\u00e4 tuotteen k\u00e4ytt\u00f6i\u00e4n pident\u00e4miseksi. Eritt\u00e4in lujien materiaalien ja suojapinnoitteiden k\u00e4ytt\u00f6 edist\u00e4\u00e4 kokonaiskest\u00e4vyytt\u00e4.<\/li>\n<li><strong>Turvallisuus:<\/strong> Hydraulij\u00e4rjestelm\u00e4n turvaominaisuudet ovat ensiarvoisen t\u00e4rkeit\u00e4. On ratkaisevan t\u00e4rke\u00e4\u00e4 toteuttaa turvatoimenpiteit\u00e4, kuten paineenalennusventtiilej\u00e4 ja asianmukaisesti suunniteltuja kiinnitysj\u00e4rjestelmi\u00e4, onnettomuuksien est\u00e4miseksi k\u00e4yt\u00f6n aikana. S\u00e4\u00e4nn\u00f6lliset huoltotarkastukset voivat my\u00f6s parantaa turvallisuusstandardeja.<\/li>\n<li><strong>Yll\u00e4pidett\u00e4vyys:<\/strong> Helppo p\u00e4\u00e4sy huoltoa varten on elint\u00e4rke\u00e4\u00e4 hydraulij\u00e4rjestelm\u00e4n optimaalisen kunnon varmistamiseksi. Suunnittelussa tulisi ottaa huomioon yksinkertainen tarkastus, voitelu ja komponenttien vaihto, mik\u00e4 minimoi seisokkiajat ja huoltokustannukset.<\/li>\n<\/ul>\n<p><img decoding=\"async\" src=\"https:\/\/www.hydraulic-cylinders.net\/wp-content\/uploads\/2025\/04\/songte-oil-pipes-and-spare-parts.webp\" alt=\"Hydrauliset osat\"><\/p>\n<h2>Hydraulisylinterin tiivistys ja voitelu<\/h2>\n<p>Hydraulisylinterin tehokkuuteen vaikuttavat merkitt\u00e4v\u00e4sti sen tiivistys- ja voiteluj\u00e4rjestelm\u00e4t. Erilaiset tiivistyskomponentit, kuten m\u00e4nn\u00e4ntiivisteet ja varren tiivisteet, toimivat yhdess\u00e4 j\u00e4rjestelm\u00e4n eheyden yll\u00e4pit\u00e4miseksi. Kulutusta kest\u00e4vist\u00e4 materiaaleista, kuten polyuretaanista ja nitriilikumista, valmistetut tiivisteet tarjoavat kest\u00e4vyytt\u00e4 paineen alla.<\/p>\n<p>Lis\u00e4ksi sylinterin runko ja kierteitetyt p\u00e4\u00e4t on pintak\u00e4sitelt\u00e4v\u00e4 huolellisesti kulutuskest\u00e4vyyden parantamiseksi. S\u00e4\u00e4nn\u00f6llinen voitelu hydrauliikka\u00f6ljyll\u00e4 on v\u00e4ltt\u00e4m\u00e4t\u00f6nt\u00e4 sujuvan toiminnan varmistamiseksi ja rikkoutumisten est\u00e4miseksi. Oikean \u00f6ljytason yll\u00e4pit\u00e4minen ja \u00f6ljyn s\u00e4\u00e4nn\u00f6llinen vaihto voivat pident\u00e4\u00e4 hydrauliikkasylinterin k\u00e4ytt\u00f6ik\u00e4\u00e4 merkitt\u00e4v\u00e4sti.<\/p>\n<h2>S\u00e4\u00e4nn\u00f6lliset tarkastukset ja ennaltaehk\u00e4isev\u00e4t huoltotoimenpiteet<\/h2>\n<ul>\n<li><strong>S\u00e4\u00e4nn\u00f6lliset tarkastukset:<\/strong> Rutiinitarkastusten suorittaminen on ratkaisevan t\u00e4rke\u00e4\u00e4 mahdollisten ongelmien tunnistamiseksi ennen niiden pahenemista. Tarkista vuodot, ep\u00e4tavallinen kuluminen ja sylinterin yleinen suorituskyky. Ongelmien varhainen havaitseminen voi est\u00e4\u00e4 kalliita korjauksia ja seisokkeja.<\/li>\n<li><strong>Oikea voitelu:<\/strong> Hydraulisylinterin riitt\u00e4v\u00e4 voitelu parantaa sen suorituskyky\u00e4. Tarkista \u00f6ljytasot s\u00e4\u00e4nn\u00f6llisesti ja k\u00e4yt\u00e4 tarvittaessa sopivaa hydrauli\u00f6ljy\u00e4 optimaalisen toiminnan yll\u00e4pit\u00e4miseksi ja ylikuumenemisen est\u00e4miseksi.<\/li>\n<li><strong>Tiivisteen vaihto:<\/strong> Hydraulisylinterien tiivisteet kuluvat ajan my\u00f6t\u00e4 jatkuvan paineen ja liikkeen vuoksi. Tiivisteiden s\u00e4\u00e4nn\u00f6llinen vaihto voi est\u00e4\u00e4 vuotoja ja yll\u00e4pit\u00e4\u00e4 painetta j\u00e4rjestelm\u00e4ss\u00e4 varmistaen tehokkaan toiminnan.<\/li>\n<\/ul>\n<h2>Oikeat asennusohjeet<\/h2>\n<p>Puomisylinterin optimaalisen suorituskyvyn varmistamiseksi on t\u00e4rke\u00e4\u00e4 asentaa se oikein. Aloita kohdistamalla sylinteri oikein sovelluksen kanssa, jotta v\u00e4ltyt\u00e4\u00e4n liialliselta rasitukselta ja virhekohdistukselta. Kiinnit\u00e4 sylinteri paikalleen sopivilla kiinnikkeill\u00e4 ja varmista, ett\u00e4 se on tukevasti kiinni eik\u00e4 liiku k\u00e4yt\u00f6n aikana.<\/p>\n<p>Noudata valmistajan ohjeita kirist\u00e4misen aikana vaurioiden v\u00e4ltt\u00e4miseksi. Asennuksen j\u00e4lkeen suorita perusteellinen tarkastus varmistaaksesi, ett\u00e4 kaikki liitokset ovat tiukasti kiinni ja ettei vuotoja ole. Ensimm\u00e4isen k\u00e4yt\u00f6n aikana tarkkaile sylinteri\u00e4 tarkasti mahdollisten ep\u00e4s\u00e4\u00e4nn\u00f6llisyyksien varalta ja tee tarvittaessa s\u00e4\u00e4t\u00f6j\u00e4 sujuvan toiminnan varmistamiseksi.<\/p>\n<h2>Yleiset huoltoteht\u00e4v\u00e4t<\/h2>\n<ul>\n<li><strong>S\u00e4\u00e4nn\u00f6lliset tarkastukset:<\/strong> Tarkista hydrauliikkaj\u00e4rjestelm\u00e4 s\u00e4\u00e4nn\u00f6llisesti varmistaaksesi, ett\u00e4 se toimii oikein. Etsi kulumisen tai vaurioiden merkkej\u00e4, jotka voivat johtaa vikaantumiseen. Asianmukainen tarkastus auttaa yll\u00e4pit\u00e4m\u00e4\u00e4n sylinterin tehokkuutta ja pident\u00e4\u00e4 sen k\u00e4ytt\u00f6ik\u00e4\u00e4.<\/li>\n<li><strong>Asianmukainen voitelu:<\/strong> Varmista, ett\u00e4 hydrauliikka\u00f6ljyn taso on optimaalinen ja vaihda se s\u00e4\u00e4nn\u00f6llisesti. Riitt\u00e4v\u00e4 voitelu on elint\u00e4rke\u00e4\u00e4 liikkuvien osien v\u00e4lisen kitkan ja kulumisen v\u00e4hent\u00e4miseksi, mik\u00e4 parantaa hydrauliikkaj\u00e4rjestelm\u00e4n yleist\u00e4 toimintaa.<\/li>\n<li><strong>Tiivisteen vaihto:<\/strong> Tarkista tiivisteiden kuluminen s\u00e4\u00e4nn\u00f6llisesti ja vaihda ne tarvittaessa. Tehokas tiivistys on ratkaisevan t\u00e4rke\u00e4\u00e4 paineen yll\u00e4pit\u00e4miseksi ja vuotojen est\u00e4miseksi, jotka voivat heikent\u00e4\u00e4 j\u00e4rjestelm\u00e4n suorituskyky\u00e4.<\/li>\n<\/ul>\n<p>Sylinterin oikea asennus ja kohdistaminen on elint\u00e4rke\u00e4\u00e4 toiminnallisten ongelmien v\u00e4ltt\u00e4miseksi. K\u00e4yt\u00e4 sopivia kiinnityskiinnikkeit\u00e4 sylinterin vakauttamiseen ja noudata valmistajan asennusohjeita luotettavuuden ja tehokkuuden varmistamiseksi.<\/p>\n<p><img decoding=\"async\" src=\"https:\/\/www.hydraulic-cylinders.net\/wp-content\/uploads\/2025\/04\/songte-chushion-collar.webp\" alt=\"Tyynykaulus\"><\/p>\n<h2>Turvallisuusn\u00e4k\u00f6kohdat ja ymp\u00e4rist\u00f6tekij\u00e4t<\/h2>\n<p>Hydraulij\u00e4rjestelmi\u00e4 k\u00e4ytett\u00e4ess\u00e4 turvatoimenpiteiden toteuttaminen on ensiarvoisen t\u00e4rke\u00e4\u00e4. K\u00e4ytt\u00e4jien tulee aina k\u00e4ytt\u00e4\u00e4 asianmukaisia \u200b\u200bsuojavarusteita ja noudattaa turvallisuusprotokollia hydraulisen paineen vikoihin liittyvien riskien minimoimiseksi. S\u00e4\u00e4nn\u00f6llinen huolto ja tarkastukset ovat ratkaisevan t\u00e4rkeit\u00e4 sen varmistamiseksi, ett\u00e4 turvaj\u00e4rjestelm\u00e4t, kuten paineenalennusventtiilit, toimivat oikein onnettomuuksien est\u00e4miseksi.<\/p>\n<h2>Vianm\u00e4\u00e4ritys ja yleiset ongelmat<\/h2>\n<ul>\n<li><strong>Hydrauliset vuodot:<\/strong> Yksi yleisimmist\u00e4 ongelmista on hydraulinesteen vuodot, jotka voivat johtua kuluneista tiivisteist\u00e4 tai vaurioituneista letkuista. Vuodon l\u00e4hteen tunnistaminen on t\u00e4rke\u00e4\u00e4 paineh\u00e4vi\u00f6iden est\u00e4miseksi ja toiminnan yll\u00e4pit\u00e4miseksi.<\/li>\n<li><strong>Heikentynyt suorituskyky:<\/strong> Jos puomin sylinteri ei toimi odotetulla tavalla, se voi viitata alhaiseen hydraulinesteen tasoon tai sis\u00e4isiin vaurioihin. T\u00e4m\u00e4n ongelman nopea diagnosointi voi est\u00e4\u00e4 lis\u00e4ongelmia.<\/li>\n<li><strong>Ep\u00e4tavalliset \u00e4\u00e4net:<\/strong> K\u00e4yt\u00f6n aikana kuuluvat oudot \u00e4\u00e4net, kuten hankaus tai kolina, voivat viitata komponenttien kulumiseen tai linjausvirheeseen. N\u00e4iden \u00e4\u00e4nien nopea korjaaminen voi est\u00e4\u00e4 katastrofaaliset viat.<\/li>\n<\/ul>\n<p>Tehokkaan vianm\u00e4\u00e4rityksen helpottamiseksi k\u00e4ytt\u00e4jien tulisi tutustua yleisten ongelmien oireisiin ja ryhty\u00e4 ennakoiviin toimiin niiden korjaamiseksi. S\u00e4\u00e4nn\u00f6llinen huolto ja tarkastukset voivat merkitt\u00e4v\u00e4sti v\u00e4hent\u00e4\u00e4 n\u00e4iden ongelmien todenn\u00e4k\u00f6isyytt\u00e4.<\/p>\n<p><img decoding=\"async\" src=\"https:\/\/www.hydraulic-cylinders.net\/wp-content\/uploads\/2025\/04\/songte-bushings-with-all-kinds-of-excavator-models.webp\" alt=\"Holkkimallit\"><\/p>\n<h2>Tietoa yrityksest\u00e4mme<\/h2>\n<p>Olemme johtava hydraulisylintereiden valmistaja, joka tarjoaa kattavan valikoiman tuotteita sek\u00e4 kotimaisille ett\u00e4 kansainv\u00e4lisille markkinoille. Sitoutumisemme huippuosaamiseen varmistaa, ett\u00e4 yll\u00e4pid\u00e4mme korkeita valmistusstandardeja hienostuneiden johtamisstrategioiden avulla tuotantotiloissamme. Yrityksemme investoi tekniseen osaamiseen, edistyneisiin digitaalisiin valmistuslaitteisiin ja ammattimaisiin testausj\u00e4rjestelmiin parantaaksemme jatkuvasti tuotantokapasiteettiamme.<\/p>\n<p>Keskittym\u00e4ll\u00e4 korkeaan tehokkuuteen, tarkkuuteen ja laatuun pyrimme vastaamaan asiakkaidemme monipuolisiin tarpeisiin. Kansainv\u00e4liset sertifikaattimme ja r\u00e4\u00e4t\u00e4l\u00f6idyt palvelumme varmistavat, ett\u00e4 tarjoamme r\u00e4\u00e4t\u00e4l\u00f6ityj\u00e4 ratkaisuja erilaisiin sovelluksiin. Huippumodernit tuotantolaitoksemme ja omistautunut j\u00e4lkimarkkinointipalvelumme erottavat meid\u00e4t hydraulisylinteriteollisuudessa.<\/p>\n<p><img decoding=\"async\" src=\"https:\/\/www.hydraulic-cylinders.net\/wp-content\/uploads\/2025\/04\/songte-company-4.webp\" alt=\"Yrityskuva 1\"><br \/>\n<img decoding=\"async\" src=\"https:\/\/www.hydraulic-cylinders.net\/wp-content\/uploads\/2025\/04\/songte-company-3.webp\" alt=\"Yrityskuva 2\"><\/p>\n<p>Kirjoittaja: lyl<\/p>","protected":false},"excerpt":{"rendered":"<p>Boom Cylinder For Volwa Cane Unloader DLS118-9A Overview of Boom Cylinder The Boom Cylinder is a crucial component in hydraulic systems, specifically designed to control the movement of heavy machinery&#8217;s buckets, such as those found in excavators, backhoe loaders, and front-end loaders. This hydraulic cylinder enables the bucket to lift, lower, and tilt, facilitating efficient [&hellip;]<\/p>","protected":false},"featured_media":17873,"comment_status":"open","ping_status":"closed","template":"","meta":{"_et_pb_use_builder":"","_et_pb_old_content":"","_et_gb_content_width":""},"product_brand":[],"product_cat":[1546],"product_tag":[1547,1496],"class_list":{"0":"post-19625","1":"product","2":"type-product","3":"status-publish","4":"has-post-thumbnail","6":"product_cat-boom-cylinders","7":"product_tag-boom-cylinders","8":"product_tag-hydraulic-cylinders","10":"first","11":"instock","12":"shipping-taxable","13":"product-type-simple"},"amp_enabled":true,"_links":{"self":[{"href":"https:\/\/www.hydraulic-cylinders.net\/fi\/wp-json\/wp\/v2\/product\/19625","targetHints":{"allow":["GET"]}}],"collection":[{"href":"https:\/\/www.hydraulic-cylinders.net\/fi\/wp-json\/wp\/v2\/product"}],"about":[{"href":"https:\/\/www.hydraulic-cylinders.net\/fi\/wp-json\/wp\/v2\/types\/product"}],"replies":[{"embeddable":true,"href":"https:\/\/www.hydraulic-cylinders.net\/fi\/wp-json\/wp\/v2\/comments?post=19625"}],"wp:featuredmedia":[{"embeddable":true,"href":"https:\/\/www.hydraulic-cylinders.net\/fi\/wp-json\/wp\/v2\/media\/17873"}],"wp:attachment":[{"href":"https:\/\/www.hydraulic-cylinders.net\/fi\/wp-json\/wp\/v2\/media?parent=19625"}],"wp:term":[{"taxonomy":"product_brand","embeddable":true,"href":"https:\/\/www.hydraulic-cylinders.net\/fi\/wp-json\/wp\/v2\/product_brand?post=19625"},{"taxonomy":"product_cat","embeddable":true,"href":"https:\/\/www.hydraulic-cylinders.net\/fi\/wp-json\/wp\/v2\/product_cat?post=19625"},{"taxonomy":"product_tag","embeddable":true,"href":"https:\/\/www.hydraulic-cylinders.net\/fi\/wp-json\/wp\/v2\/product_tag?post=19625"}],"curies":[{"name":"wp","href":"https:\/\/api.w.org\/{rel}","templated":true}]}}