{"id":19626,"date":"2025-04-07T06:58:13","date_gmt":"2025-04-07T06:58:13","guid":{"rendered":"https:\/\/www.hydraulic-cylinders.net\/product\/boom-cylinder-for-volwa-cane-unloader-dls150-9a\/"},"modified":"2025-04-07T06:58:16","modified_gmt":"2025-04-07T06:58:16","slug":"boom-cylinder-for-volwa-cane-unloader-dls150-9a","status":"publish","type":"product","link":"https:\/\/www.hydraulic-cylinders.net\/fi\/tuote\/boom-cylinder-for-volwa-cane-unloader-dls150-9a\/","title":{"rendered":"Puomin sylinteri Volwa-ruo'onpurkajalle DLS150-9A"},"content":{"rendered":"<h1>Puomin sylinteri Volwa-ruo'onpurkajalle DLS150-9A<\/h1>\n<h2>Tuotteen yleiskatsaus<\/h2>\n<p>Volwa Cane Unloader DLS150-9A -puomisylinteri on erikoishydraulisylinteri, joka on suunniteltu ohjaamaan raskaiden koneiden, kuten kaivinkoneiden, kaivurikuormaajien ja etukuormaajien, kauhojen liikett\u00e4. T\u00e4m\u00e4 sylinteri helpottaa kauhan nostamista, laskemista ja kallistusta, mik\u00e4 tehostaa materiaalink\u00e4sittelyteht\u00e4vi\u00e4. Kauhasylinterill\u00e4 on ratkaiseva rooli hydraulij\u00e4rjestelmiss\u00e4, sill\u00e4 se muuntaa hydraulisen paineen mekaaniseksi voimaksi, jota k\u00e4ytet\u00e4\u00e4n erilaisten rakennus- ja maatalousalan toimintojen suorittamiseen.<\/p>\n<p><img decoding=\"async\" src=\"https:\/\/www.hydraulic-cylinders.net\/wp-content\/uploads\/2025\/04\/songte-company-1.webp\" alt=\"Hydraulinen sylinteri\" \/><\/p>\n<h2>Puomin sylinterin ominaisuudet<\/h2>\n<ul>\n<li><strong>Korkea lujuus ja kest\u00e4vyys:<\/strong> Tyypillisesti eritt\u00e4in lujasta ter\u00e4ksest\u00e4 tai alumiinista valmistettu puomin sylinteri kest\u00e4\u00e4 korkeaa painetta ja raskaita kuormia. Se on suunniteltu kest\u00e4m\u00e4\u00e4n vaativia ty\u00f6ymp\u00e4rist\u00f6j\u00e4 ja varmistamaan pitk\u00e4ik\u00e4isen suorituskyvyn.<\/li>\n<li><strong>Tehokas hydraulinen k\u00e4ytt\u00f6:<\/strong> Sylinteri hy\u00f6dynt\u00e4\u00e4 hydrauli\u00f6ljyn painetta tasaisen ulos- ja sis\u00e4\u00e4nvedon aikaansaamiseksi. Se reagoi nopeasti ohjauskomentoihin ja tarjoaa tehokkaan ty\u00f6nt\u00f6- ja vetovoiman, mik\u00e4 tekee siit\u00e4 ihanteellisen raskaisiin ja monimutkaisiin teht\u00e4viin.<\/li>\n<li><strong>Erilaisia \u200b\u200btyyppej\u00e4:<\/strong> Tuotevalikoimaan kuuluu yksitoimisia (k\u00e4ytt\u00e4\u00e4 hydraulista voimaa yhteen suuntaan) ja kaksitoimisia (k\u00e4ytt\u00e4\u00e4 hydraulista voimaa molempiin suuntiin) sylintereit\u00e4 erilaisiin k\u00e4ytt\u00f6tarpeisiin. Joissakin malleissa on teleskooppinen rakenne, joka mahdollistaa suuremman jatkeen ilman ulkomittojen kasvua, mik\u00e4 sopii ahtaisiin sovelluksiin.<\/li>\n<li><strong>Mukautettu valmistus:<\/strong> Yrityksemme tarjoaa valmistusmahdollisuuksia, jotka korvaavat t\u00e4ydellisesti olemassa olevat hydraulisylinterit varmistaen yhteensopivuuden ja luotettavuuden.<\/li>\n<p>    <img decoding=\"async\" src=\"https:\/\/www.hydraulic-cylinders.net\/wp-content\/uploads\/2025\/04\/songte-cylinder-head-with-all-kinds-excavator-models.webp\" alt=\"Kaivinkonemallit\" \/>\n<\/ul>\n<h2>Puomisylinterin sovellukset<\/h2>\n<h3>Rakennuslaitteet<\/h3>\n<p>Kaivinkoneissa puomin sylinterit ovat v\u00e4ltt\u00e4m\u00e4tt\u00f6mi\u00e4 kaivamiseen, lastaamiseen ja maan tai roskien siirt\u00e4miseen. Ne mahdollistavat kauhan tehokkaan tunkeutumisen maahan, mik\u00e4 auttaa kaivut\u00f6iss\u00e4. Kaivurikuormaajissa n\u00e4m\u00e4 sylinterit auttavat sek\u00e4 kaivamisessa ett\u00e4 nostamisessa, mik\u00e4 tekee niist\u00e4 monipuolisia ty\u00f6kaluja rakennusty\u00f6mailla.<\/p>\n<h3>Maatalouskoneet<\/h3>\n<p>Etukuormaajissa puomisylintereit\u00e4 k\u00e4ytet\u00e4\u00e4n materiaalien, kuten mullan, hein\u00e4n ja muiden tuotteiden, kaivamiseen, nostamiseen ja kuljettamiseen. Ne ovat ratkaisevan t\u00e4rkeit\u00e4 maataloustoiminnan tehokkuuden parantamiseksi, tuottavuuden parantamiseksi ja ty\u00f6voiman hallinnan parantamiseksi.<\/p>\n<h3>Kaivinkoneet<\/h3>\n<p>Kauhasylinterit mahdollistavat kaivinkoneiden tehokkaan tunkeutumisen maaper\u00e4\u00e4n, jolloin ne voivat suorittaa kaivutoimia erilaisissa maastoissa. T\u00e4m\u00e4 ominaisuus on elint\u00e4rke\u00e4 rakennus- ja maisemointiprojekteissa.<\/p>\n<h3>Kuormaajat<\/h3>\n<p>Etukuormaajissa puomin sylinterit auttavat kuormien tehokkaassa nostamisessa ja tyhjent\u00e4misess\u00e4. T\u00e4m\u00e4 toiminto on olennainen materiaalink\u00e4sittelyss\u00e4, sill\u00e4 se varmistaa, ett\u00e4 kuljettajat voivat k\u00e4sitell\u00e4 raskaita kuormia helposti.<\/p>\n<h2>Suunnittelun\u00e4k\u00f6kohdat ja valintastandardit<\/h2>\n<ul>\n<li><strong>Kantavuus:<\/strong> Puomin sylinterin kuorman on oltava linjassa sen k\u00e4ytt\u00e4mien koneiden erityisvaatimusten kanssa. Kuorman dynamiikan ymm\u00e4rt\u00e4minen on ratkaisevan t\u00e4rke\u00e4\u00e4 suorituskyvyn ja turvallisuuden kannalta.<\/li>\n<li><strong>Tiivistys:<\/strong> Tehokkaat tiivistysratkaisut ovat v\u00e4ltt\u00e4m\u00e4tt\u00f6mi\u00e4 hydraulinesteiden vuotojen est\u00e4miseksi ja optimaalisen paineen yll\u00e4pit\u00e4miseksi. Korkealaatuiset tiivisteet pident\u00e4v\u00e4t hydraulij\u00e4rjestelmien k\u00e4ytt\u00f6ik\u00e4\u00e4 ja parantavat luotettavuutta.<\/li>\n<li><strong>Kest\u00e4vyys:<\/strong> Valmistuksessa k\u00e4ytettyjen materiaalien on kestett\u00e4v\u00e4 kulutusta ja korroosiota. Korkealaatuinen ter\u00e4s tai alumiini suojapinnoitteilla ovat suositeltavia valintoja pitk\u00e4ik\u00e4isyyden parantamiseksi.<\/li>\n<li><strong>Turvallisuus:<\/strong> Turvaominaisuudet on integroitava suunnitteluun k\u00e4ytt\u00e4jien ja koneiden suojaamiseksi mahdollisilta vaaroilta k\u00e4yt\u00f6n aikana.<\/li>\n<li><strong>Huolto:<\/strong> Helppo huolto on kriittist\u00e4. Suunnittelussa tulisi ottaa huomioon nopea huolto ja korjausten aiheuttamat seisokkiajat.<\/li>\n<\/ul>\n<p><img decoding=\"async\" src=\"https:\/\/www.hydraulic-cylinders.net\/wp-content\/uploads\/2025\/04\/songte-oil-pipes-and-spare-parts.webp\" alt=\"Hydrauliset osat\" \/><\/p>\n<h2>Tiivistys ja voitelu<\/h2>\n<p>Tehokas tiivistys on ensiarvoisen t\u00e4rke\u00e4\u00e4 hydraulij\u00e4rjestelmiss\u00e4. Vuotojen est\u00e4miseksi k\u00e4ytet\u00e4\u00e4n erilaisia \u200b\u200btiivistyskomponentteja, kuten m\u00e4nn\u00e4ntiivisteit\u00e4 ja varren tiivisteit\u00e4. Materiaaleja, kuten polyuretaania ja nitriilikumia, k\u00e4ytet\u00e4\u00e4n yleisesti niiden kulutuskest\u00e4vyyden vuoksi. Lis\u00e4ksi sylinterin runko ja kierteitetyt p\u00e4\u00e4typinnat on hienosti k\u00e4sitelty kulutuskest\u00e4vyyden parantamiseksi. J\u00e4rjestelm\u00e4n toiminnan tehokkuuden yll\u00e4pit\u00e4miseksi tarvitaan s\u00e4\u00e4nn\u00f6llist\u00e4 voitelua sopivalla hydrauli\u00f6ljyll\u00e4.<\/p>\n<h2>S\u00e4\u00e4nn\u00f6llinen tarkastus ja ennaltaehk\u00e4isev\u00e4 huolto<\/h2>\n<ul>\n<li><strong>Rutiinitarkastukset:<\/strong> Sylinterin moitteettoman toiminnan varmistamiseksi ja ongelmien havaitsemiseksi varhaisessa vaiheessa on suoritettava s\u00e4\u00e4nn\u00f6lliset vuotojen, kulumisen ja osien eheyden tarkastukset.<\/li>\n<li><strong>Voitelu:<\/strong> Riitt\u00e4v\u00e4 voitelu on v\u00e4ltt\u00e4m\u00e4t\u00f6nt\u00e4 sujuvan toiminnan ja ennenaikaisen kulumisen est\u00e4miseksi. Aikatauluta s\u00e4\u00e4nn\u00f6lliset voiteluv\u00e4lit k\u00e4ytt\u00f6tarpeiden mukaan.<\/li>\n<li><strong>Tiivisteen vaihto:<\/strong> Ajan my\u00f6t\u00e4 tiivisteet voivat heiket\u00e4 ja ne on vaihdettava. Tiivisteiden s\u00e4\u00e4nn\u00f6llinen valvonta ja oikea-aikainen vaihto est\u00e4v\u00e4t hydraulinesteen vuodot.<\/li>\n<\/ul>\n<h2>Asennusohjeet<\/h2>\n<p>Puomisylinterin oikea asennus on ratkaisevan t\u00e4rke\u00e4\u00e4 optimaalisen suorituskyvyn saavuttamiseksi. Varmista, ett\u00e4 sylinteri on kohdistettu oikein kiinnityspisteisiin, jotta komponentteihin ei kohdistu tarpeetonta rasitusta. On suositeltavaa k\u00e4ytt\u00e4\u00e4 sopivia kiinnitystelineit\u00e4 sylinterin kiinnitt\u00e4miseen. Asennuksen aikana tarkista mahdolliset esteet ja varmista, ett\u00e4 hydrauliikkalinjat on kiinnitetty oikein vuotojen est\u00e4miseksi. Kalibroi j\u00e4rjestelm\u00e4 asennuksen j\u00e4lkeen varmistaaksesi tarkan liikkeen ja ohjauksen.<\/p>\n<h2>Huoltoteht\u00e4v\u00e4t<\/h2>\n<ul>\n<li><strong>S\u00e4\u00e4nn\u00f6lliset tarkastukset:<\/strong> Tee s\u00e4\u00e4nn\u00f6llisi\u00e4 tarkastuksia kulumisen tai vaurioiden merkkien tunnistamiseksi. Varhainen havaitseminen voi est\u00e4\u00e4 vakavampia ongelmia ja yll\u00e4pit\u00e4\u00e4 toiminnan tehokkuutta.<\/li>\n<li><strong>Oikea voitelu:<\/strong> Sylinterin riitt\u00e4v\u00e4 voitelu pident\u00e4\u00e4 sen k\u00e4ytt\u00f6ik\u00e4\u00e4. K\u00e4yt\u00e4 suositeltua hydrauliikka\u00f6ljy\u00e4 ja noudata valmistajan ohjeita voiteluv\u00e4leist\u00e4.<\/li>\n<li><strong>Tiivisteen vaihto:<\/strong> Tarkista tiivisteiden kuluminen s\u00e4\u00e4nn\u00f6llisesti ja vaihda ne tarvittaessa. Tiivisteiden eheyden varmistaminen on ratkaisevan t\u00e4rke\u00e4\u00e4 hydraulinesteen vuotojen est\u00e4miseksi, jotka voivat heikent\u00e4\u00e4 suorituskyky\u00e4.<\/li>\n<\/ul>\n<p>Oikea asennus, voitelu ja huolto ovat olennaisia \u200b\u200bpuomisylinterin k\u00e4ytt\u00f6i\u00e4n pident\u00e4miseksi. K\u00e4yt\u00e4 asianmukaisia \u200b\u200bkiinnitystekniikoita ja tarkista s\u00e4\u00e4nn\u00f6llisesti kohdistus varmistaaksesi saumattoman toiminnan.<\/p>\n<p><img decoding=\"async\" src=\"https:\/\/www.hydraulic-cylinders.net\/wp-content\/uploads\/2025\/04\/songte-chushion-collar.webp\" alt=\"Tyynykaulus\" \/><\/p>\n<h2>Turvallisuusn\u00e4k\u00f6kohdat ja ymp\u00e4rist\u00f6tekij\u00e4t<\/h2>\n<p>Hydraulij\u00e4rjestelmien kanssa ty\u00f6skennelless\u00e4 turvatoimenpiteet ovat ensiarvoisen t\u00e4rkeit\u00e4. Varmista, ett\u00e4 kaikki henkil\u00f6st\u00f6 on koulutettu turvallisiin k\u00e4ytt\u00f6tapoihin ja ett\u00e4 he k\u00e4ytt\u00e4v\u00e4t aina asianmukaisia \u200b\u200bhenkil\u00f6nsuojaimia. S\u00e4\u00e4nn\u00f6llinen koulutus ja turvallisuusprotokollien noudattaminen auttavat minimoimaan hydraulisylinterien toimintaan liittyvi\u00e4 riskej\u00e4.<\/p>\n<h2>Yleisten ongelmien vianm\u00e4\u00e4ritys<\/h2>\n<ul>\n<li><strong>Hydrauliset vuodot:<\/strong> Tarkista tiivisteet ja liitokset kulumisen tai vaurioiden varalta. Vaihda kaikki vialliset osat nestevuotojen est\u00e4miseksi.<\/li>\n<li><strong>Hidas toiminta:<\/strong> T\u00e4m\u00e4 voi viitata alhaiseen hydraulinesteen tasoon tai tukkeutuneeseen suodattimeen. Varmista riitt\u00e4v\u00e4 nestetaso ja puhdista tai vaihda suodattimet tarvittaessa.<\/li>\n<li><strong>Ep\u00e4tavalliset \u00e4\u00e4net:<\/strong> Kuuntele hankausta tai vinkumista, sill\u00e4 ne voivat viitata mekaanisiin ongelmiin. Tarkista sylinteri ja siihen liittyv\u00e4t osat vaurioiden varalta.<\/li>\n<\/ul>\n<h2>Vianm\u00e4\u00e4ritysvinkkej\u00e4<\/h2>\n<p>Ongelmien vianm\u00e4\u00e4ritys aloita aina sylinterin ja hydrauliletkujen silm\u00e4m\u00e4\u00e4r\u00e4isell\u00e4 tarkastuksella. Etsi selvi\u00e4 merkkej\u00e4 vuodoista, kulumisesta tai linjausvirheist\u00e4. Pid\u00e4 ty\u00f6ymp\u00e4rist\u00f6 puhtaana hydraulinesteen saastumisen est\u00e4miseksi. Laadi s\u00e4\u00e4nn\u00f6llinen huoltoaikataulu j\u00e4rjestelm\u00e4n huipputehokkuuden varmistamiseksi.<\/p>\n<p><img decoding=\"async\" src=\"https:\/\/www.hydraulic-cylinders.net\/wp-content\/uploads\/2025\/04\/songte-bushings-with-all-kinds-of-excavator-models.webp\" alt=\"Kaivinkoneen holkit\" \/><\/p>\n<h2>Yrityksen yleiskatsaus<\/h2>\n<p>Olemme johtava hydraulisylintereiden valmistaja ja tukkumyyj\u00e4, joka on erikoistunut erilaisten hydraulisten sovellusten varaosiin. Laaja tuotevalikoimamme ja sitoutumisemme laatuun ovat asemoineet meid\u00e4t edell\u00e4k\u00e4vij\u00e4ksi kotimaisilla ja kansainv\u00e4lisill\u00e4 markkinoilla. Noudatamme valmistuksessa huippuosaamista, jota tukee hienos\u00e4\u00e4detty tuotannonohjausstrategia. Taitava ty\u00f6voimamme, edistyneet digitaaliset valmistuslaitteet ja ammattimaiset tarkastusj\u00e4rjestelm\u00e4mme parantavat valmistuskapasiteettiamme varmistaen korkean tehokkuuden, tarkkuuden ja laadun vastaamalla monipuolisiin asiakastarpeisiin.<\/p>\n<p>Tarjontaamme kuuluu:<\/p>\n<ul>\n<li><strong>Ammattimaisuus:<\/strong> Tiimimme on eritt\u00e4in koulutettu ja kokenut hydrauliikkateknologian asiantuntija, mik\u00e4 takaa asiantuntevan neuvonnan ja palvelun.<\/li>\n<li><strong>Kansainv\u00e4liset sertifikaatit:<\/strong> Tuotteemme t\u00e4ytt\u00e4v\u00e4t useita kansainv\u00e4lisi\u00e4 standardeja, mik\u00e4 vakuuttaa asiakkaat niiden laadusta ja luotettavuudesta.<\/li>\n<li><strong>R\u00e4\u00e4t\u00e4l\u00f6idyt palvelut:<\/strong> Tarjoamme r\u00e4\u00e4t\u00e4l\u00f6ityj\u00e4 ratkaisuja asiakkaiden erityistarpeisiin varmistaen optimaalisen yhteensopivuuden ja suorituskyvyn.<\/li>\n<li><strong>Edistyneet tuotantolaitteet:<\/strong> Huippumodernit tuotantolaitoksemme hy\u00f6dynt\u00e4v\u00e4t uusinta teknologiaa tuotannon tehokkuuden parantamiseksi.<\/li>\n<li><strong>Myynnin j\u00e4lkeinen palvelu:<\/strong> Tarjoamme kattavaa myynnin j\u00e4lkeist\u00e4 tukea, joka auttaa asiakkaita asennuksessa, huollossa ja vianetsinn\u00e4ss\u00e4.<\/li>\n<\/ul>\n<p><img decoding=\"async\" src=\"https:\/\/www.hydraulic-cylinders.net\/wp-content\/uploads\/2025\/04\/songte-company-4.webp\" alt=\"Yrityksen tilat\" \/><br \/>\n<img decoding=\"async\" src=\"https:\/\/www.hydraulic-cylinders.net\/wp-content\/uploads\/2025\/04\/songte-company-3.webp\" alt=\"Tuotantolaitteet\" \/><\/p>\n<p>Kirjoittaja: lyl<\/p>","protected":false},"excerpt":{"rendered":"<p>Boom Cylinder For Volwa Cane Unloader DLS150-9A Product Overview The Boom Cylinder for Volwa Cane Unloader DLS150-9A is a specialized hydraulic cylinder designed for controlling the movement of heavy machinery&#8217;s buckets, such as excavators, backhoe loaders, and front-end loaders. This cylinder facilitates the lifting, lowering, and tilting of the bucket, making material handling tasks more [&hellip;]<\/p>","protected":false},"featured_media":17874,"comment_status":"open","ping_status":"closed","template":"","meta":{"_et_pb_use_builder":"","_et_pb_old_content":"","_et_gb_content_width":""},"product_brand":[],"product_cat":[1546],"product_tag":[1547,1496],"class_list":{"0":"post-19626","1":"product","2":"type-product","3":"status-publish","4":"has-post-thumbnail","6":"product_cat-boom-cylinders","7":"product_tag-boom-cylinders","8":"product_tag-hydraulic-cylinders","10":"first","11":"instock","12":"shipping-taxable","13":"product-type-simple"},"amp_enabled":true,"_links":{"self":[{"href":"https:\/\/www.hydraulic-cylinders.net\/fi\/wp-json\/wp\/v2\/product\/19626","targetHints":{"allow":["GET"]}}],"collection":[{"href":"https:\/\/www.hydraulic-cylinders.net\/fi\/wp-json\/wp\/v2\/product"}],"about":[{"href":"https:\/\/www.hydraulic-cylinders.net\/fi\/wp-json\/wp\/v2\/types\/product"}],"replies":[{"embeddable":true,"href":"https:\/\/www.hydraulic-cylinders.net\/fi\/wp-json\/wp\/v2\/comments?post=19626"}],"wp:featuredmedia":[{"embeddable":true,"href":"https:\/\/www.hydraulic-cylinders.net\/fi\/wp-json\/wp\/v2\/media\/17874"}],"wp:attachment":[{"href":"https:\/\/www.hydraulic-cylinders.net\/fi\/wp-json\/wp\/v2\/media?parent=19626"}],"wp:term":[{"taxonomy":"product_brand","embeddable":true,"href":"https:\/\/www.hydraulic-cylinders.net\/fi\/wp-json\/wp\/v2\/product_brand?post=19626"},{"taxonomy":"product_cat","embeddable":true,"href":"https:\/\/www.hydraulic-cylinders.net\/fi\/wp-json\/wp\/v2\/product_cat?post=19626"},{"taxonomy":"product_tag","embeddable":true,"href":"https:\/\/www.hydraulic-cylinders.net\/fi\/wp-json\/wp\/v2\/product_tag?post=19626"}],"curies":[{"name":"wp","href":"https:\/\/api.w.org\/{rel}","templated":true}]}}