{"id":19632,"date":"2025-04-07T06:58:31","date_gmt":"2025-04-07T06:58:31","guid":{"rendered":"https:\/\/www.hydraulic-cylinders.net\/product\/boom-cylinder-for-wacker-e238\/"},"modified":"2025-04-07T06:58:34","modified_gmt":"2025-04-07T06:58:34","slug":"boom-cylinder-for-wacker-e238","status":"publish","type":"product","link":"https:\/\/www.hydraulic-cylinders.net\/fi\/tuote\/boom-cylinder-for-wacker-e238\/","title":{"rendered":"Puomin sylinteri Wacker E238:lle"},"content":{"rendered":"<h1>Puomin sylinteri Wacker E238:lle<\/h1>\n<h2>Johdatus puomin sylinteriin<\/h2>\n<p>Puomisylinteri on raskaiden koneiden hydraulij\u00e4rjestelm\u00e4n t\u00e4rke\u00e4 osa, joka on erityisesti suunniteltu ohjaamaan kauhojen liikett\u00e4 kaivinkoneissa, kaivurikuormaajissa ja etukuormaajissa. Se mahdollistaa kauhan nostamisen, laskemisen ja kallistumisen, mik\u00e4 helpottaa tehokasta materiaalink\u00e4sittely\u00e4. Kauhasylinteri on pohjimmiltaan hydraulisylinteri, joka varmistaa erilaisten mekaanisten j\u00e4rjestelmien tarkan ohjauksen ja sujuvan toiminnan.<\/p>\n<p><img decoding=\"async\" src=\"https:\/\/www.hydraulic-cylinders.net\/wp-content\/uploads\/2025\/04\/songte-company-1.webp\" alt=\"Puomin sylinteri\"><\/p>\n<h3>M\u00e4\u00e4ritelm\u00e4 ja yleiskatsaus<\/h3>\n<p>Hydraulisylinterit, mukaan lukien puomisylinterit, toimivat muuntamalla hydraulista energiaa mekaaniseksi voimaksi, jolloin koneet voivat suorittaa teht\u00e4vi\u00e4, jotka vaativat materiaalien nostamista, kaivamista tai siirt\u00e4mist\u00e4. Ne ovat v\u00e4ltt\u00e4m\u00e4tt\u00f6mi\u00e4 rakennus- ja maataloussovelluksissa, joissa raskas nosto ja tarkka liike ovat v\u00e4ltt\u00e4m\u00e4tt\u00f6mi\u00e4 tehokkuuden ja tuottavuuden kannalta.<\/p>\n<h2>Puomin sylinterin ominaisuudet<\/h2>\n<ul>\n<li><strong>Korkea lujuus ja kest\u00e4vyys:<\/strong> Tyypillisesti valmistettu eritt\u00e4in lujasta ter\u00e4ksest\u00e4 tai alumiinista, joka kest\u00e4\u00e4 korkeaa painetta ja raskaita kuormia samalla kun se sopeutuu vaativiin ty\u00f6ymp\u00e4rist\u00f6ihin.<\/li>\n<li><strong>Tehokas hydraulinen k\u00e4ytt\u00f6:<\/strong> Hydraulisen \u00f6ljynpaineen ansiosta laitetta voidaan vet\u00e4\u00e4 ulos ja ulos tasaisesti, se reagoi nopeasti ohjauskomentoihin ja tarjoaa tehokkaan ty\u00f6nt\u00f6- ja vetovoiman.<\/li>\n<li><strong>Erilaisia \u200b\u200btyyppej\u00e4:<\/strong> Saatavilla yksi- tai kaksitoimisina kokoonpanoina erilaisiin k\u00e4ytt\u00f6tarpeisiin. Joissakin malleissa on teleskooppirakenne, joka mahdollistaa suuremman jatkeen ilman ulkomittojen kasvua.<\/li>\n<li><strong>Huoltoyst\u00e4v\u00e4llinen muotoilu:<\/strong> Suunniteltu helpottamaan komponenttien k\u00e4ytt\u00f6\u00e4, yksinkertaistamaan huoltoa ja v\u00e4hent\u00e4m\u00e4\u00e4n seisokkiaikoja.<\/li>\n<li><strong>Erinomaiset tiivistysmekanismit:<\/strong> Sis\u00e4lt\u00e4\u00e4 edistyneit\u00e4 tiivistystekniikoita vuotojen minimoimiseksi ja sylinterin k\u00e4ytt\u00f6i\u00e4n pident\u00e4miseksi.<\/li>\n<\/ul>\n<h2>Puomisylinterin sovellukset<\/h2>\n<h3>Rakennuslaitteet<\/h3>\n<p>Kaivinkoneissa puomin sylinterit ovat ratkaisevan t\u00e4rkeit\u00e4 maan tai roskien kaivamisessa, lastaamisessa ja siirt\u00e4misess\u00e4. Ne tarjoavat tarvittavan voiman kauhan nostamiseen ja uudelleensijoittamiseen, mik\u00e4 mahdollistaa tehokkaat kaivuuty\u00f6t. N\u00e4iden sylinterien rakenne varmistaa, ett\u00e4 ne pystyv\u00e4t k\u00e4sittelem\u00e4\u00e4n vaativien rakennusymp\u00e4rist\u00f6jen vaatimukset.<\/p>\n<h3>Maatalouskoneet<\/h3>\n<p>Etukuormaajissa puomisylintereit\u00e4 k\u00e4ytet\u00e4\u00e4n maan, hein\u00e4n ja muiden materiaalien kauhaamiseen, nostamiseen ja kuljettamiseen. Niiden kest\u00e4v\u00e4 rakenne mahdollistaa raskaiden kuormien k\u00e4sittelyn ja vakauden k\u00e4yt\u00f6n aikana. T\u00e4m\u00e4 luotettavuus on v\u00e4ltt\u00e4m\u00e4t\u00f6nt\u00e4 maatalousalan ammattilaisille, jotka ovat riippuvaisia \u200b\u200braskaista koneista p\u00e4ivitt\u00e4isiss\u00e4 teht\u00e4viss\u00e4\u00e4n.<\/p>\n<h3>Kaivinkoneet<\/h3>\n<p>Kaivinkoneiden puomisylinterit mahdollistavat kauhan tehokkaan tunkeutumisen maahan kaivamisen aikana. Niiden hydrauliset ominaisuudet tarjoavat tarvittavan voiman syv\u00e4\u00e4n kaivamiseen, mik\u00e4 tekee niist\u00e4 korvaamattomia rakennus- ja maisemointiprojekteissa.<\/p>\n<h3>Kuormaajat<\/h3>\n<p>Etukuormaajissa puomin sylinterit auttavat materiaalien tehokkaassa nostamisessa ja tyhjent\u00e4misess\u00e4. Hydraulinen voima mahdollistaa nopean ja tehokkaan toiminnan, mik\u00e4 on ratkaisevan t\u00e4rke\u00e4\u00e4 ty\u00f6maiden tuottavuuden yll\u00e4pit\u00e4miseksi.<\/p>\n<h2>Suunnittelun\u00e4k\u00f6kohdat ja valintakriteerit<\/h2>\n<ul>\n<li><strong>Kantavuus:<\/strong> Suunnittelun on kestett\u00e4v\u00e4 suurin mahdollinen kuormitus k\u00e4yt\u00f6n aikana. Sylinterin kuormituskapasiteetin vastaavuus koneen vaatimuksiin on olennaista turvallisuuden ja suorituskyvyn kannalta.<\/li>\n<li><strong>Tiivistyksen eheys:<\/strong> Tehokas tiivistys est\u00e4\u00e4 hydraulinesteen vuotamisen, mik\u00e4 on kriittist\u00e4 paineen ja toiminnan tehokkuuden yll\u00e4pit\u00e4miseksi. Korkealaatuisten tiivistysmateriaalien valinta on elint\u00e4rke\u00e4\u00e4 kest\u00e4vyyden kannalta.<\/li>\n<li><strong>Kest\u00e4vyys:<\/strong> Puomin sylinterin rakenteessa k\u00e4ytettyjen materiaalien tulee olla kulumisen- ja korroosionkest\u00e4vi\u00e4 pitk\u00e4n k\u00e4ytt\u00f6i\u00e4n varmistamiseksi, erityisesti ankarissa olosuhteissa.<\/li>\n<li><strong>Turvaominaisuudet:<\/strong> Turvamekanismien, kuten ylikuormitussuojan ja h\u00e4t\u00e4venttiilien, sis\u00e4llytt\u00e4minen on ratkaisevan t\u00e4rke\u00e4\u00e4 onnettomuuksien ja laitevaurioiden est\u00e4miseksi k\u00e4yt\u00f6n aikana.<\/li>\n<li><strong>Huoltomahdollisuus:<\/strong> Sylinterin suunnittelu siten, ett\u00e4 komponentteihin on helppo p\u00e4\u00e4st\u00e4 k\u00e4siksi, yksinkertaistaa s\u00e4\u00e4nn\u00f6llisi\u00e4 tarkastuksia ja huoltoa, mik\u00e4 v\u00e4hent\u00e4\u00e4 seisokkiaikoja merkitt\u00e4v\u00e4sti.<\/li>\n<\/ul>\n<p><img decoding=\"async\" src=\"https:\/\/www.hydraulic-cylinders.net\/wp-content\/uploads\/2025\/04\/songte-oil-pipes-and-spare-parts.webp\" alt=\"Hydrauliset komponentit\"><\/p>\n<h2>Tiivistys ja voitelu<\/h2>\n<p>Hydraulisylintereiden asianmukainen tiivistys on kriittisen t\u00e4rke\u00e4\u00e4 toiminnan tehokkuuden yll\u00e4pit\u00e4miseksi ja vuotojen est\u00e4miseksi. Useat tiivisteet, mukaan lukien m\u00e4nn\u00e4ntiivisteet ja varren tiivisteet, on suunniteltu kest\u00e4vist\u00e4 materiaaleista, kuten polyuretaanista ja nitriilikumista, kest\u00e4m\u00e4\u00e4n kulumista. Sylinterin runko ja kierteitetyt p\u00e4\u00e4typinnat on hienosti k\u00e4sitelty niiden kulutuskest\u00e4vyyden parantamiseksi. S\u00e4\u00e4nn\u00f6llinen voitelu hydrauli\u00f6ljyll\u00e4 on v\u00e4ltt\u00e4m\u00e4t\u00f6nt\u00e4 sujuvan toiminnan varmistamiseksi ja kitkasta johtuvien vaurioiden est\u00e4miseksi.<\/p>\n<h2>S\u00e4\u00e4nn\u00f6llinen tarkastus ja ennaltaehk\u00e4isev\u00e4 huolto<\/h2>\n<ul>\n<li><strong>S\u00e4\u00e4nn\u00f6lliset tarkastukset:<\/strong> Tee s\u00e4\u00e4nn\u00f6llisi\u00e4 tarkastuksia kulumisen, vuotojen ja rakenteellisen eheyden varalta ongelmien tunnistamiseksi ennen niiden pahenemista. Varhainen havaitseminen voi est\u00e4\u00e4 kalliita korjauksia ja seisokkeja.<\/li>\n<li><strong>Oikea voitelu:<\/strong> Varmista, ett\u00e4 hydrauliikka\u00f6ljyn taso pysyy tasaisena ja ett\u00e4 liikkuviin osiin levitet\u00e4\u00e4n voitelua suorituskyvyn parantamiseksi ja sylinterin k\u00e4ytt\u00f6i\u00e4n pident\u00e4miseksi.<\/li>\n<li><strong>Tiivisteen vaihto:<\/strong> Vaihda kuluneet tiivisteet s\u00e4\u00e4nn\u00f6llisesti hydraulisen paineen yll\u00e4pit\u00e4miseksi ja vuotojen est\u00e4miseksi, varmistaen j\u00e4rjestelm\u00e4n tehokkaan toiminnan.<\/li>\n<\/ul>\n<h2>Asennusopas<\/h2>\n<p>Puomisylinterin oikea asennus on ratkaisevan t\u00e4rke\u00e4\u00e4 optimaalisen suorituskyvyn saavuttamiseksi. Aloita varmistamalla, ett\u00e4 kiinnikkeet ovat oikein kohdistettuja ja tukevasti kiinnitettyj\u00e4. K\u00e4yt\u00e4 sopivia kiinnitystarvikkeita est\u00e4\u00e4ksesi kaiken liikkeen k\u00e4yt\u00f6n aikana. Levit\u00e4 tiivisteisiin ohut kerros hydrauli\u00f6ljy\u00e4 ennen asennusta sujuvamman toiminnan varmistamiseksi. Asennuksen j\u00e4lkeen tarkista kohdistus ja s\u00e4\u00e4d\u00e4 tarvittaessa, jotta sylinteriin ei kohdistu tarpeetonta rasitusta k\u00e4yt\u00f6n aikana. Lopuksi suorita koeajo varmistaaksesi, ett\u00e4 kaikki toiminnot toimivat oikein ilman vuotoja tai ep\u00e4normaaleja \u00e4\u00e4ni\u00e4.<\/p>\n<p><img decoding=\"async\" src=\"https:\/\/www.hydraulic-cylinders.net\/wp-content\/uploads\/2025\/04\/songte-chushion-collar.webp\" alt=\"Asennusopas\"><\/p>\n<h2>Turvallisuusn\u00e4k\u00f6kohdat ja ymp\u00e4rist\u00f6tekij\u00e4t<\/h2>\n<p>Hydraulisylinterien k\u00e4yt\u00f6n aikana on eritt\u00e4in t\u00e4rke\u00e4\u00e4 asettaa turvallisuus etusijalle. K\u00e4ytt\u00e4jien tulee noudattaa turvallisuusprotokollia ja k\u00e4ytt\u00e4\u00e4 henkil\u00f6nsuojaimia riskien minimoimiseksi. My\u00f6s ymp\u00e4rist\u00f6tekij\u00e4t, kuten \u00e4\u00e4rimm\u00e4iset l\u00e4mp\u00f6tilat ja altistuminen sy\u00f6vytt\u00e4ville aineille, on otettava huomioon, koska ne voivat vaikuttaa hydraulisten komponenttien suorituskykyyn ja pitk\u00e4ik\u00e4isyyteen.<\/p>\n<h2>Vianm\u00e4\u00e4ritys ja yleiset ongelmat<\/h2>\n<ul>\n<li><strong>Vuoto:<\/strong> Yleens\u00e4 kuluneiden tiivisteiden tai virheellisen asennuksen aiheuttama. Tarkasta tiivisteet ja vaihda ne tarvittaessa vuoto-ongelmien ratkaisemiseksi.<\/li>\n<li><strong>Huono suorituskyky:<\/strong> T\u00e4m\u00e4 voi johtua riitt\u00e4m\u00e4tt\u00f6m\u00e4st\u00e4 hydraulinesteest\u00e4 tai ilmasta j\u00e4rjestelm\u00e4ss\u00e4. Varmista, ett\u00e4 nestetaso on riitt\u00e4v\u00e4, ja ilmaa j\u00e4rjestelm\u00e4 tarvittaessa.<\/li>\n<li><strong>Odottamaton liike:<\/strong> Saattaa viitata ohjausj\u00e4rjestelm\u00e4n toimintah\u00e4iri\u00f6\u00f6n tai kuluneisiin komponentteihin. Suorita perusteellinen tarkastus tunnistaaksesi ja korjataksesi taustalla olevat ongelmat.<\/li>\n<\/ul>\n<h2>Vianm\u00e4\u00e4ritysvinkkej\u00e4<\/h2>\n<p>Ongelmien tehokkaaksi diagnosoimiseksi ja ratkaisemiseksi on t\u00e4rke\u00e4\u00e4 suorittaa s\u00e4\u00e4nn\u00f6llisi\u00e4 huoltotarkastuksia ja seurata suorituskyky\u00e4 tarkasti. Dokumentoi mahdolliset poikkeamat ja tee perussyyanalyysi ongelmien toistumisen est\u00e4miseksi. Toteuta ennaltaehk\u00e4isevi\u00e4 toimenpiteit\u00e4, kuten s\u00e4\u00e4nn\u00f6llisi\u00e4 tarkastuksia ja viipym\u00e4tt\u00f6mi\u00e4 korjauksia, mahdollisten ongelmien minimoimiseksi ja hydraulij\u00e4rjestelm\u00e4n sujuvan toiminnan varmistamiseksi.<\/p>\n<p><img decoding=\"async\" src=\"https:\/\/www.hydraulic-cylinders.net\/wp-content\/uploads\/2025\/04\/songte-bushings-with-all-kinds-of-excavator-models.webp\" alt=\"Vianm\u00e4\u00e4ritysvinkkej\u00e4\"><\/p>\n<h2>Tietoa yrityksest\u00e4mme<\/h2>\n<p>Olemme johtava hydraulisylintereiden valmistaja ja tukkumyyj\u00e4, joka tarjoaa kattavan valikoiman tuotteita kotimaisille ja kansainv\u00e4lisille markkinoille. Sitoutumisemme huippuosaamiseen n\u00e4kyy hienostuneissa valmistusprosesseissamme, joita tukevat ammattitaitoinen tekninen henkil\u00f6st\u00f6 ja edistyneet digitaaliset valmistuslaitteet. Parannamme jatkuvasti tuotantokapasiteettiamme vastataksemme asiakkaidemme monipuolisiin tarpeisiin varmistaen korkean tehokkuuden, tarkkuuden ja huippulaadukkaat tuotteet.<\/p>\n<p><img decoding=\"async\" src=\"https:\/\/www.hydraulic-cylinders.net\/wp-content\/uploads\/2025\/04\/songte-company-4.webp\" alt=\"Yrityksemme\"><br \/>\n<img decoding=\"async\" src=\"https:\/\/www.hydraulic-cylinders.net\/wp-content\/uploads\/2025\/04\/songte-company-3.webp\" alt=\"Tuotevalikoima\"><\/p>\n<p>Tarjoamme r\u00e4\u00e4t\u00e4l\u00f6ityj\u00e4 ratkaisuja, jotka on r\u00e4\u00e4t\u00e4l\u00f6ity erityistarpeisiisi varmistaen, ett\u00e4 tuotteemme t\u00e4ytt\u00e4v\u00e4t kansainv\u00e4liset standardit. Omistautunut j\u00e4lkimarkkinointipalvelumme parantaa asiakastyytyv\u00e4isyytt\u00e4 entisest\u00e4\u00e4n tarjoamalla tukea koko tuotteen elinkaaren ajan. Luota meihin kaikissa hydraulisylintereihisi liittyviss\u00e4 tarpeissasi.<\/p>\n<p>Kirjoittaja: lyl<\/p>","protected":false},"excerpt":{"rendered":"<p>Boom Cylinder For Wacker E238 Introduction to Boom Cylinder The Boom Cylinder is a vital component in the hydraulic system of heavy machinery, specifically designed for controlling the movement of buckets in excavators, backhoe loaders, and front loaders. It enables the bucket to lift, lower, and tilt, facilitating efficient material handling tasks. In essence, the [&hellip;]<\/p>","protected":false},"featured_media":17880,"comment_status":"open","ping_status":"closed","template":"","meta":{"_et_pb_use_builder":"","_et_pb_old_content":"","_et_gb_content_width":""},"product_brand":[],"product_cat":[1546],"product_tag":[1547,1496],"class_list":{"0":"post-19632","1":"product","2":"type-product","3":"status-publish","4":"has-post-thumbnail","6":"product_cat-boom-cylinders","7":"product_tag-boom-cylinders","8":"product_tag-hydraulic-cylinders","10":"first","11":"instock","12":"shipping-taxable","13":"product-type-simple"},"amp_enabled":true,"_links":{"self":[{"href":"https:\/\/www.hydraulic-cylinders.net\/fi\/wp-json\/wp\/v2\/product\/19632","targetHints":{"allow":["GET"]}}],"collection":[{"href":"https:\/\/www.hydraulic-cylinders.net\/fi\/wp-json\/wp\/v2\/product"}],"about":[{"href":"https:\/\/www.hydraulic-cylinders.net\/fi\/wp-json\/wp\/v2\/types\/product"}],"replies":[{"embeddable":true,"href":"https:\/\/www.hydraulic-cylinders.net\/fi\/wp-json\/wp\/v2\/comments?post=19632"}],"wp:featuredmedia":[{"embeddable":true,"href":"https:\/\/www.hydraulic-cylinders.net\/fi\/wp-json\/wp\/v2\/media\/17880"}],"wp:attachment":[{"href":"https:\/\/www.hydraulic-cylinders.net\/fi\/wp-json\/wp\/v2\/media?parent=19632"}],"wp:term":[{"taxonomy":"product_brand","embeddable":true,"href":"https:\/\/www.hydraulic-cylinders.net\/fi\/wp-json\/wp\/v2\/product_brand?post=19632"},{"taxonomy":"product_cat","embeddable":true,"href":"https:\/\/www.hydraulic-cylinders.net\/fi\/wp-json\/wp\/v2\/product_cat?post=19632"},{"taxonomy":"product_tag","embeddable":true,"href":"https:\/\/www.hydraulic-cylinders.net\/fi\/wp-json\/wp\/v2\/product_tag?post=19632"}],"curies":[{"name":"wp","href":"https:\/\/api.w.org\/{rel}","templated":true}]}}