{"id":19636,"date":"2025-04-07T06:58:53","date_gmt":"2025-04-07T06:58:53","guid":{"rendered":"https:\/\/www.hydraulic-cylinders.net\/product\/boom-cylinder-for-aotai-at90e-9\/"},"modified":"2025-04-07T06:58:56","modified_gmt":"2025-04-07T06:58:56","slug":"boom-cylinder-for-aotai-at90e-9","status":"publish","type":"product","link":"https:\/\/www.hydraulic-cylinders.net\/fi\/tuote\/boom-cylinder-for-aotai-at90e-9\/","title":{"rendered":"Puomin sylinteri Aotai AT90E-9:lle"},"content":{"rendered":"<h1>Puomin sylinteri Aotai AT90E-9:lle<\/h1>\n<h2>Johdatus puomin sylintereihin<\/h2>\n<p>Puomisylinteri on olennainen osa hydrauliikkaj\u00e4rjestelmiss\u00e4, ja se on erityisesti suunniteltu ohjaamaan erilaisten raskaiden koneiden lis\u00e4laitteiden, kuten kaivinkoneiden, kaivurikuormaajien ja etukuormaajien, liikett\u00e4. T\u00e4m\u00e4 hydraulisylinteri mahdollistaa kauhan nostamisen, laskemisen ja kallistuksen, mik\u00e4 helpottaa tehokasta materiaalink\u00e4sittely\u00e4. Pohjimmiltaan puomisylinterit ovat hydraulisylintereit\u00e4, jotka on r\u00e4\u00e4t\u00e4l\u00f6ity raskaisiin sovelluksiin varmistaen, ett\u00e4 koneet voivat toimia tehokkaasti vaativissa olosuhteissa.<\/p>\n<p><img decoding=\"async\" src=\"https:\/\/www.hydraulic-cylinders.net\/wp-content\/uploads\/2025\/04\/songte-company-1.webp\" alt=\"Puomin sylinteri\" \/><\/p>\n<h2>Puomin sylinterin ominaisuudet<\/h2>\n<ul>\n<li>\n<h3>Korkea lujuus ja kest\u00e4vyys<\/h3>\n<p>Korkean lujuuden omaavasta ter\u00e4ksest\u00e4 tai alumiinista valmistettu puomin sylinteri on suunniteltu kest\u00e4m\u00e4\u00e4n korkeaa painetta ja raskaita kuormia, joten se sopii vaativiin ty\u00f6ymp\u00e4rist\u00f6ihin. Kulumis- ja korroosionkest\u00e4vyys on otettu huomioon suunnittelussa tuotteen k\u00e4ytt\u00f6i\u00e4n pident\u00e4miseksi.<\/p>\n<\/li>\n<li>\n<h3>Tehokas hydraulinen k\u00e4ytt\u00f6<\/h3>\n<p>Sylinteri hy\u00f6dynt\u00e4\u00e4 hydrauli\u00f6ljyn painetta tasaisten ja nopeiden ojennus- ja sis\u00e4\u00e4nvetoliikkeiden saavuttamiseksi. T\u00e4m\u00e4 mahdollistaa nopean reagoinnin ohjauskomentoihin ja tarjoaa vankan ty\u00f6nt\u00f6- ja vetovoiman, mik\u00e4 on ihanteellista raskaiden materiaalien k\u00e4sittelyyn ja monimutkaisiin teht\u00e4viin.<\/p>\n<\/li>\n<li>\n<h3>Saatavilla erilaisia \u200b\u200btyyppej\u00e4<\/h3>\n<p>Asiakkaat voivat valita yksitoimisten sylinterien (jotka k\u00e4ytt\u00e4v\u00e4t hydraulipainetta yhteen suuntaan) tai kaksitoimisten sylinterien (jotka k\u00e4ytt\u00e4v\u00e4t hydraulipainetta molempiin suuntiin) v\u00e4lill\u00e4 erilaisten k\u00e4ytt\u00f6tarpeiden mukaan. Tietyiss\u00e4 malleissa on teleskooppinen rakenne, joka mahdollistaa suuremman jatkeen ilman ulkomittojen kasvua, mik\u00e4 sopii t\u00e4ydellisesti ahtaisiin sovelluksiin.<\/p>\n<\/li>\n<li>\n<h3>Mukautetut valmistusmahdollisuudet<\/h3>\n<p>Olemme erikoistuneet valmistamaan puomisylintereit\u00e4, jotka korvaavat t\u00e4ydellisesti olemassa olevat hydraulisylinterit varmistaen saumattoman integroinnin ja suorituskyvyn.<\/p>\n<\/li>\n<li>\n<h3>Kattava laadunvalvonta<\/h3>\n<p>Jokainen puomin sylinteri k\u00e4y l\u00e4pi tiukat testit kansainv\u00e4listen laatustandardien t\u00e4ytt\u00e4miseksi, mik\u00e4 varmistaa luotettavuuden ja turvallisuuden k\u00e4yt\u00f6n aikana.<\/p>\n<\/li>\n<\/ul>\n<p><img decoding=\"async\" src=\"https:\/\/www.hydraulic-cylinders.net\/wp-content\/uploads\/2025\/04\/songte-cylinder-head-with-all-kinds-excavator-models.webp\" alt=\"Kaivinkonemallit\" \/><\/p>\n<h2>Puomisylinterien sovellukset<\/h2>\n<ul>\n<li>\n<h3>Rakennuslaitteet<\/h3>\n<p>Kaivinkoneissa puomin sylinterit ovat elint\u00e4rkeit\u00e4 kaivamisessa, lastaamisessa ja maan tai roskien siirt\u00e4misess\u00e4. Ne mahdollistavat kauhan tehokkaan tunkeutumisen maaper\u00e4\u00e4n, mik\u00e4 tekee niist\u00e4 v\u00e4ltt\u00e4m\u00e4tt\u00f6mi\u00e4 rakennust\u00f6iss\u00e4.<\/p>\n<\/li>\n<li>\n<h3>Maatalouskoneet<\/h3>\n<p>Etukuormaajat k\u00e4ytt\u00e4v\u00e4t puomisylintereit\u00e4 maaper\u00e4n, hein\u00e4n ja muiden materiaalien tehokkaaseen kauhaukseen, nostamiseen ja kuljettamiseen. T\u00e4m\u00e4 toiminto on ratkaisevan t\u00e4rke\u00e4 maataloustoiminnassa, jossa oikea-aikainen materiaalink\u00e4sittely on olennaista.<\/p>\n<\/li>\n<li>\n<h3>Kaivinkoneet<\/h3>\n<p>Kaivinkoneissa puomin sylinteri mahdollistaa kauhan tunkeutumisen maahan, mik\u00e4 mahdollistaa tehokkaan kaivun. T\u00e4m\u00e4 ominaisuus on olennainen rakennus-, maisemointi- ja kaivostoiminnassa.<\/p>\n<\/li>\n<li>\n<h3>Kuormaajat<\/h3>\n<p>Etukuormaajissa puomin sylinterit auttavat kuormien tehokkaassa nostamisessa ja tyhjent\u00e4misess\u00e4, jolloin kuljettajat voivat k\u00e4sitell\u00e4 materiaaleja tarkasti ja tehokkaasti.<\/p>\n<\/li>\n<\/ul>\n<h2>Suunnittelun\u00e4k\u00f6kohdat ja valintakriteerit<\/h2>\n<ul>\n<li>\n<h3>Kantavuus<\/h3>\n<p>Puomin sylinterin kuormituskapasiteetti on ratkaisevan t\u00e4rke\u00e4, koska se m\u00e4\u00e4ritt\u00e4\u00e4 painon, jota se voi turvallisesti nostaa ja k\u00e4sitell\u00e4. Oikean kuormitusluokituksen valitseminen on t\u00e4rke\u00e4\u00e4 mekaanisten vikojen est\u00e4miseksi ja turvallisuuden varmistamiseksi k\u00e4yt\u00f6n aikana.<\/p>\n<\/li>\n<li>\n<h3>Tiivistysmekanismit<\/h3>\n<p>Tehokas tiivistys est\u00e4\u00e4 hydrauli\u00f6ljyn vuodot varmistaen optimaalisen suorituskyvyn ja pitk\u00e4n k\u00e4ytt\u00f6i\u00e4n. Korkealaatuiset tiivisteet, kuten m\u00e4nn\u00e4ntiivisteet ja m\u00e4nn\u00e4nvarren tiivisteet, jotka on valmistettu kest\u00e4vist\u00e4 materiaaleista, kuten polyuretaanista ja nitriilikumista, parantavat sylinterin hy\u00f6tysuhdetta.<\/p>\n<\/li>\n<li>\n<h3>Kest\u00e4vyys<\/h3>\n<p>Kest\u00e4vyys on merkitt\u00e4v\u00e4 tekij\u00e4 puomisylintereiden suunnittelussa. Niiden on kestett\u00e4v\u00e4 ankaria olosuhteita, kuten vaihtelevia l\u00e4mp\u00f6tiloja ja altistumista sy\u00f6vytt\u00e4ville materiaaleille, jotka voivat vaikuttaa niiden suorituskykyyn ajan my\u00f6t\u00e4.<\/p>\n<\/li>\n<li>\n<h3>Turvaominaisuudet<\/h3>\n<p>Turvaominaisuuksien, kuten paineenalennusventtiilien ja ylikuormitussuojan, sis\u00e4llytt\u00e4minen auttaa lievent\u00e4m\u00e4\u00e4n k\u00e4yt\u00f6n aikaisia \u200b\u200briskej\u00e4 ja varmistaa sek\u00e4 k\u00e4ytt\u00e4j\u00e4n ett\u00e4 laitteiden turvallisuuden.<\/p>\n<\/li>\n<li>\n<h3>Huolto ja korjattavuus<\/h3>\n<p>Helppo huolto ja korjattavuus ovat ratkaisevan t\u00e4rkeit\u00e4 seisokkiaikojen minimoimiseksi. Yksinkertaisia \u200b\u200btarkastuksia ja korjauksia helpottavat suunnitteluelementit pident\u00e4v\u00e4t sylinterin k\u00e4ytt\u00f6ik\u00e4\u00e4 ja v\u00e4hent\u00e4v\u00e4t kustannuksia.<\/p>\n<\/li>\n<\/ul>\n<p><img decoding=\"async\" src=\"https:\/\/www.hydraulic-cylinders.net\/wp-content\/uploads\/2025\/04\/songte-oil-pipes-and-spare-parts.webp\" alt=\"\u00d6ljyputket ja varaosat\" \/><\/p>\n<h2>Hydraulisylinterin tiivistys ja voitelu<\/h2>\n<p>Tehokas tiivistys on hydraulisylintereiss\u00e4 ratkaisevan t\u00e4rke\u00e4\u00e4. Erilaisilla tiivistyskomponenteilla, kuten m\u00e4nn\u00e4ntiivisteill\u00e4 ja varren tiivisteill\u00e4, on t\u00e4rke\u00e4 rooli. Kulutusta kest\u00e4vist\u00e4 materiaaleista, kuten polyuretaanista ja nitriilikumista, valmistetut tiivisteet varmistavat kest\u00e4vyyden ja pitk\u00e4ik\u00e4isyyden. Sylinterin runko ja kierteitetyt p\u00e4\u00e4t viimeistell\u00e4\u00e4n tarkasti kulutuskest\u00e4vyyden parantamiseksi. S\u00e4\u00e4nn\u00f6llinen voitelu hydrauli\u00f6ljyll\u00e4 on v\u00e4ltt\u00e4m\u00e4t\u00f6nt\u00e4 sujuvan toiminnan yll\u00e4pit\u00e4miseksi ja kulumisen est\u00e4miseksi.<\/p>\n<h2>Ennaltaehk\u00e4isev\u00e4t huoltotoimenpiteet<\/h2>\n<ul>\n<li>\n<h3>S\u00e4\u00e4nn\u00f6lliset tarkastukset<\/h3>\n<p>Tarkasta puomin sylinteri s\u00e4\u00e4nn\u00f6llisesti kulumisen, vuotojen tai vaurioiden varalta. Mahdollisten ongelmien varhainen havaitseminen voi est\u00e4\u00e4 laajoja korjauksia ja yll\u00e4pit\u00e4\u00e4 toiminnan tehokkuutta.<\/p>\n<\/li>\n<li>\n<h3>Asianmukainen voitelu<\/h3>\n<p>Varmista, ett\u00e4 sylinteri voidellaan s\u00e4\u00e4nn\u00f6llisin v\u00e4liajoin sopivalla hydrauliikka\u00f6ljyll\u00e4 optimaalisen suorituskyvyn yll\u00e4pit\u00e4miseksi ja toimintah\u00e4iri\u00f6iden est\u00e4miseksi.<\/p>\n<\/li>\n<li>\n<h3>Tiivisteen vaihto<\/h3>\n<p>Vaihda tiivisteet suositelluin v\u00e4lein tai kun kulumista on havaittavissa vuotojen est\u00e4miseksi ja hydraulipaineen yll\u00e4pit\u00e4miseksi.<\/p>\n<\/li>\n<\/ul>\n<h2>Asennusopas<\/h2>\n<p>Puomisylinterin oikea asennus on ratkaisevan t\u00e4rke\u00e4\u00e4 sen suorituskyvyn ja pitk\u00e4n k\u00e4ytt\u00f6i\u00e4n kannalta. Aloita varmistamalla, ett\u00e4 ty\u00f6alue on puhdas ja roskaton. Kohdista sylinteri oikein kiinnityspisteisiin k\u00e4ytt\u00e4m\u00e4ll\u00e4 sopivia kiinnityskorvakkeita kiinnitt\u00e4\u00e4ksesi sen paikalleen. S\u00e4\u00e4d\u00e4 sylinterin asentoa varmistaaksesi, ett\u00e4 se on suorassa ja linjassa hydraulij\u00e4rjestelm\u00e4n kanssa. Liit\u00e4 hydrauliletkut varmistaen, ettei siin\u00e4 ole ilmakuplia. Lopuksi testaa sylinterin toiminta ennen t\u00e4ysimittaista k\u00e4ytt\u00f6\u00e4 varmistaaksesi, ett\u00e4 kaikki toimii oikein.<\/p>\n<h2>Yleiset huoltoteht\u00e4v\u00e4t<\/h2>\n<ul>\n<li>\n<h3>S\u00e4\u00e4nn\u00f6lliset tarkastukset<\/h3>\n<p>S\u00e4\u00e4nn\u00f6llisten tarkastusten avulla kuluminen tai vauriot voidaan havaita varhaisessa vaiheessa, mik\u00e4 mahdollistaa oikea-aikaiset korjaukset ja est\u00e4\u00e4 kalliit rikkoutumiset.<\/p>\n<\/li>\n<li>\n<h3>Oikea voitelu<\/h3>\n<p>Riitt\u00e4v\u00e4n voitelun varmistaminen on v\u00e4ltt\u00e4m\u00e4t\u00f6nt\u00e4 kitkan ja kulumisen v\u00e4hent\u00e4miseksi, mik\u00e4 osaltaan pident\u00e4\u00e4 merkitt\u00e4v\u00e4sti sylinterin kokonaisk\u00e4ytt\u00f6ik\u00e4\u00e4.<\/p>\n<\/li>\n<li>\n<h3>Tiivisteiden vaihto ja kalibrointitarkastukset<\/h3>\n<p>Rutiininomaiset tarkastukset ja tiivisteiden vaihdot yll\u00e4pit\u00e4v\u00e4t hydraulij\u00e4rjestelm\u00e4n eheytt\u00e4, kun taas kalibrointi varmistaa, ett\u00e4 sylinteri toimii m\u00e4\u00e4riteltyjen parametrien puitteissa.<\/p>\n<\/li>\n<\/ul>\n<p><img decoding=\"async\" src=\"https:\/\/www.hydraulic-cylinders.net\/wp-content\/uploads\/2025\/04\/songte-chushion-collar.webp\" alt=\"Tyynykaulus\" \/><\/p>\n<h2>Turvallisuusn\u00e4k\u00f6kohdat ja ymp\u00e4rist\u00f6tekij\u00e4t<\/h2>\n<p>Turvatoimenpiteet ovat ensiarvoisen t\u00e4rkeit\u00e4 puomisylintereit\u00e4 k\u00e4ytett\u00e4ess\u00e4. K\u00e4ytt\u00e4j\u00e4t tulee kouluttaa turvallisiin k\u00e4sittelytapoihin ja heid\u00e4n tulee olla tietoisia mahdollisista vaaroista. Lis\u00e4ksi ymp\u00e4rist\u00f6yst\u00e4v\u00e4llisten hydraulinesteiden k\u00e4ytt\u00f6 voi minimoida ymp\u00e4rist\u00f6vaikutukset vuotojen tai roiskeiden aikana.<\/p>\n<h2>Vianm\u00e4\u00e4ritys ja yleiset ongelmat<\/h2>\n<ul>\n<li>\n<h3>Vuotavat tiivisteet<\/h3>\n<p>Vuotavat tiivisteet voivat johtaa suorituskyvyn heikkenemiseen ja hydraulinesteen h\u00e4vikkiin. S\u00e4\u00e4nn\u00f6lliset tarkastukset ja tiivisteiden vaihtaminen oikea-aikaisesti ovat olennaisia \u200b\u200bt\u00e4m\u00e4n ongelman est\u00e4miseksi.<\/p>\n<\/li>\n<li>\n<h3>Paineh\u00e4vi\u00f6t<\/h3>\n<p>J\u00e4rjestelm\u00e4n paineh\u00e4vi\u00f6t voivat viitata tukoksiin tai vuotoihin. Hydrauliikkalinjojen ja -liit\u00e4nt\u00f6jen perusteellinen tarkastus on tarpeen n\u00e4iden ongelmien paikantamiseksi ja korjaamiseksi.<\/p>\n<\/li>\n<li>\n<h3>Hidas toiminta<\/h3>\n<p>Jos sylinteri toimii hitaasti, se voi viitata riitt\u00e4m\u00e4tt\u00f6m\u00e4\u00e4n hydrauliikka\u00f6ljyyn tai ilmaan j\u00e4rjestelm\u00e4ss\u00e4. S\u00e4\u00e4nn\u00f6llinen huolto ja oikeat nestetasot ovat ratkaisevan t\u00e4rkeit\u00e4 optimaalisen suorituskyvyn yll\u00e4pit\u00e4miseksi.<\/p>\n<\/li>\n<\/ul>\n<h2>Vianm\u00e4\u00e4ritysvinkkej\u00e4<\/h2>\n<p>Puomisylinterien ongelmien tehokkaaksi diagnosoimiseksi ja ratkaisemiseksi tarkista s\u00e4\u00e4nn\u00f6llisesti vuodot ja suorita nestetasojen arvioinnit. Puutu kaikkiin havaittuihin ongelmiin viipym\u00e4tt\u00e4, jotta v\u00e4ltet\u00e4\u00e4n niiden eskaloituminen. Ennaltaehk\u00e4isev\u00e4t toimenpiteet, kuten s\u00e4\u00e4nn\u00f6llinen huolto ja tarkastukset, ovat ratkaisevan t\u00e4rkeit\u00e4 mahdollisten ongelmien minimoimiseksi ja sujuvan toiminnan varmistamiseksi.<\/p>\n<p><img decoding=\"async\" src=\"https:\/\/www.hydraulic-cylinders.net\/wp-content\/uploads\/2025\/04\/songte-bushings-with-all-kinds-of-excavator-models.webp\" alt=\"Kaivinkonemallien holkit\" \/><\/p>\n<h2>Tietoa yrityksest\u00e4mme<\/h2>\n<p>Olemme johtava hydraulisylinterien valmistaja, joka on erikoistunut korkealaatuisten varaosien toimittamiseen. Laaja tuotevalikoimamme on asettanut meid\u00e4t yhdeksi johtavista valmistajista ja tukkumyyjist\u00e4 sek\u00e4 kotimaisilla ett\u00e4 kansainv\u00e4lisill\u00e4 markkinoilla. Noudatamme erinomaista laatua ja luotamme kehittyneisiin valmistuksenohjausstrategioihin. Hy\u00f6dynt\u00e4m\u00e4ll\u00e4 ammattitaitoisia ammattilaisia, huipputeknologisia valmistuslaitteita ja edistyneit\u00e4 testausj\u00e4rjestelmi\u00e4 parannamme jatkuvasti valmistusymp\u00e4rist\u00f6j\u00e4mme ja varmistamme tuotteidemme laadun. Sitoutumisemme korkeaan tehokkuuteen, tarkkuuteen ja laatuun antaa meille mahdollisuuden vastata monipuolisiin asiakastarpeisiin.<\/p>\n<p><img decoding=\"async\" src=\"https:\/\/www.hydraulic-cylinders.net\/wp-content\/uploads\/2025\/04\/songte-company-4.webp\" alt=\"Yrityksen yleiskatsaus\" \/><br \/>\n<img decoding=\"async\" src=\"https:\/\/www.hydraulic-cylinders.net\/wp-content\/uploads\/2025\/04\/songte-company-3.webp\" alt=\"Tuotantolaitos\" \/><\/p>\n<p>Yhteenvetona voidaan todeta, ett\u00e4 yrityksemme on omistautunut tarjoamaan erikoispalveluita, kansainv\u00e4lisi\u00e4 sertifiointeja ja r\u00e4\u00e4t\u00e4l\u00f6ityj\u00e4 ratkaisuja. Huippuluokan tuotantolaitteistomme ja kattavat j\u00e4lkimarkkinointipalvelumme varmistavat, ett\u00e4 t\u00e4yt\u00e4mme asiakkaiden odotukset tehokkaasti.<\/p>\n<p>Kirjoittaja: lyl<\/p>","protected":false},"excerpt":{"rendered":"<p>Boom Cylinder For Aotai AT90E-9 Introduction to Boom Cylinders The Boom Cylinder is an essential component in hydraulic systems, specifically designed to control the movement of various heavy machinery attachments, such as those found in excavators, backhoe loaders, and front-end loaders. This hydraulic cylinder allows for the lifting, lowering, and tilting of the bucket, facilitating [&hellip;]<\/p>","protected":false},"featured_media":17869,"comment_status":"open","ping_status":"closed","template":"","meta":{"_et_pb_use_builder":"","_et_pb_old_content":"","_et_gb_content_width":""},"product_brand":[],"product_cat":[1546],"product_tag":[1547,1496],"class_list":{"0":"post-19636","1":"product","2":"type-product","3":"status-publish","4":"has-post-thumbnail","6":"product_cat-boom-cylinders","7":"product_tag-boom-cylinders","8":"product_tag-hydraulic-cylinders","10":"first","11":"instock","12":"shipping-taxable","13":"product-type-simple"},"amp_enabled":true,"_links":{"self":[{"href":"https:\/\/www.hydraulic-cylinders.net\/fi\/wp-json\/wp\/v2\/product\/19636","targetHints":{"allow":["GET"]}}],"collection":[{"href":"https:\/\/www.hydraulic-cylinders.net\/fi\/wp-json\/wp\/v2\/product"}],"about":[{"href":"https:\/\/www.hydraulic-cylinders.net\/fi\/wp-json\/wp\/v2\/types\/product"}],"replies":[{"embeddable":true,"href":"https:\/\/www.hydraulic-cylinders.net\/fi\/wp-json\/wp\/v2\/comments?post=19636"}],"wp:featuredmedia":[{"embeddable":true,"href":"https:\/\/www.hydraulic-cylinders.net\/fi\/wp-json\/wp\/v2\/media\/17869"}],"wp:attachment":[{"href":"https:\/\/www.hydraulic-cylinders.net\/fi\/wp-json\/wp\/v2\/media?parent=19636"}],"wp:term":[{"taxonomy":"product_brand","embeddable":true,"href":"https:\/\/www.hydraulic-cylinders.net\/fi\/wp-json\/wp\/v2\/product_brand?post=19636"},{"taxonomy":"product_cat","embeddable":true,"href":"https:\/\/www.hydraulic-cylinders.net\/fi\/wp-json\/wp\/v2\/product_cat?post=19636"},{"taxonomy":"product_tag","embeddable":true,"href":"https:\/\/www.hydraulic-cylinders.net\/fi\/wp-json\/wp\/v2\/product_tag?post=19636"}],"curies":[{"name":"wp","href":"https:\/\/api.w.org\/{rel}","templated":true}]}}