{"id":19639,"date":"2025-04-07T06:59:01","date_gmt":"2025-04-07T06:59:01","guid":{"rendered":"https:\/\/www.hydraulic-cylinders.net\/product\/boom-cylinder-for-atlas-2006lc\/"},"modified":"2025-04-07T06:59:04","modified_gmt":"2025-04-07T06:59:04","slug":"boom-cylinder-for-atlas-2006lc","status":"publish","type":"product","link":"https:\/\/www.hydraulic-cylinders.net\/fi\/tuote\/boom-cylinder-for-atlas-2006lc\/","title":{"rendered":"Puomin sylinteri Atlas 2006LC:lle"},"content":{"rendered":"<h1>Puomin sylinteri Atlas 2006LC:lle<\/h1>\n<h2>Johdatus puomin sylinteriin<\/h2>\n<p>Atlas 2006LC:n puomisylinteri on erikoishydraulisylinteri, joka on suunniteltu ohjaamaan erilaisten raskaiden koneiden, kuten kaivinkoneiden, kaivurikuormaajien ja etukuormaajien, liikkeit\u00e4. T\u00e4m\u00e4 olennainen osa mahdollistaa kauhan nostamisen, laskemisen ja kallistumisen, mik\u00e4 helpottaa tehokasta materiaalink\u00e4sittely\u00e4. N\u00e4m\u00e4 hydraulisylinterit ovat ratkaisevan t\u00e4rkeit\u00e4 hydraulij\u00e4rjestelmiss\u00e4, sill\u00e4 ne mahdollistavat laitteiden tarkan toiminnan muuttamalla hydraulisen energian mekaaniseksi voimaksi. Koska puomisylinterit kest\u00e4v\u00e4t korkeita paineita ja kuormia, ne ovat v\u00e4ltt\u00e4m\u00e4tt\u00f6mi\u00e4 raskaissa sovelluksissa rakennusalalla, maataloudessa ja teollisuudessa.<\/p>\n<p><img decoding=\"async\" src=\"https:\/\/www.hydraulic-cylinders.net\/wp-content\/uploads\/2025\/04\/songte-company-1.webp\" alt=\"Puomin sylinterin kuva\"><\/p>\n<h2>Puomin sylinterin ominaisuudet<\/h2>\n<ul>\n<li><strong>Korkea lujuus ja kest\u00e4vyys:<\/strong> N\u00e4m\u00e4 sylinterit on valmistettu eritt\u00e4in lujasta ter\u00e4ksest\u00e4 tai alumiinista, ja ne kest\u00e4v\u00e4t korkeaa painetta ja raskaita kuormia, joten ne sopivat vaativiin ty\u00f6ymp\u00e4rist\u00f6ihin.<\/li>\n<li><strong>Tehokas hydraulinen k\u00e4ytt\u00f6:<\/strong> Hydrauli\u00f6ljyn painetta hy\u00f6dynt\u00e4v\u00e4 puomin sylinteri tarjoaa tasaisen pidennys- ja sis\u00e4\u00e4nvetoliikkeen, mik\u00e4 tarjoaa tehokkaan ty\u00f6nt\u00f6- ja vetovoiman raskaiden ja monimutkaisten teht\u00e4vien k\u00e4sittelyyn.<\/li>\n<li><strong>Erilaisia \u200b\u200btyyppej\u00e4:<\/strong> Saatavilla sek\u00e4 yksitoimisina (toimii yhteen suuntaan) ett\u00e4 kaksitoimisina (toimii kahteen suuntaan) malleina erilaisiin k\u00e4ytt\u00f6tarpeisiin. Joissakin malleissa on teleskooppirakenne, joka mahdollistaa pidemm\u00e4n ulottuvuuden ilman ulkomittojen kasvua.<\/li>\n<\/ul>\n<p>Olemme erikoistuneet puomisylintereiden valmistukseen, jotka korvaavat t\u00e4ydellisesti olemassa olevat hydraulisylinterit varmistaen yhteensopivuuden ja suorituskyvyn.<\/p>\n<p><img decoding=\"async\" src=\"https:\/\/www.hydraulic-cylinders.net\/wp-content\/uploads\/2025\/04\/songte-cylinder-head-with-all-kinds-excavator-models.webp\" alt=\"Kaivinkonemallit\"><\/p>\n<h2>Puomisylinterin sovellukset<\/h2>\n<h3>Rakennuslaitteet<\/h3>\n<p>Kaivinkoneissa puomisylintereill\u00e4 on t\u00e4rke\u00e4 rooli maan tai roskien kaivamisessa, lastaamisessa ja siirt\u00e4misess\u00e4. N\u00e4m\u00e4 sylinterit mahdollistavat kauhan liikkeen tarkan hallinnan, jolloin k\u00e4ytt\u00e4j\u00e4t voivat kaivaa ja kuljettaa materiaaleja tehokkaasti.<\/p>\n<h3>Maatalouskoneet<\/h3>\n<p>Etukuormaajissa puomin sylinterit ovat v\u00e4ltt\u00e4m\u00e4tt\u00f6mi\u00e4 maan, hein\u00e4n ja muiden materiaalien kaivamiseen, nostamiseen ja kuljettamiseen. Ne parantavat maatalouskoneiden toiminnan tehokkuutta, mik\u00e4 helpottaa ja nopeuttaa esimerkiksi pellon valmistelua ja materiaalien siirtoa.<\/p>\n<h3>Kaivinkoneet<\/h3>\n<p>Puomin sylinteri mahdollistaa kauhan tehokkaan tunkeutumisen maaper\u00e4\u00e4n, mik\u00e4 helpottaa kaivamista. T\u00e4m\u00e4 ominaisuus on ratkaisevan t\u00e4rke\u00e4 rakennus- ja maisemointiprojekteissa, joissa vaaditaan tarkkaa kaivamista.<\/p>\n<h3>Kuormaajat<\/h3>\n<p>Etukuormaajissa puomin sylinterit auttavat kuormien tehokkaassa nostamisessa ja tyhjent\u00e4misess\u00e4. Niiden tehokas hydraulinen toiminta varmistaa, ett\u00e4 kuljettajat voivat k\u00e4sitell\u00e4 raskaita materiaaleja helposti ja tarkasti.<\/p>\n<h2>Suunnittelun\u00e4k\u00f6kohdat ja valintakriteerit<\/h2>\n<h3>Kantavuus<\/h3>\n<p>Puomisylinterin kuormituskapasiteetti on ensiarvoisen t\u00e4rke\u00e4\u00e4 valittaessa oikeaa sylinteri\u00e4 tiettyyn koneeseen. Sen on kyett\u00e4v\u00e4 k\u00e4sittelem\u00e4\u00e4n suurin kuorma vioittumatta, mik\u00e4 varmistaa sek\u00e4 turvallisuuden ett\u00e4 suorituskyvyn. Eri sovellusten k\u00e4ytt\u00f6kuormien perusteellinen ymm\u00e4rt\u00e4minen on v\u00e4ltt\u00e4m\u00e4t\u00f6nt\u00e4, jotta voidaan valita sylinteri, joka t\u00e4ytt\u00e4\u00e4 tai ylitt\u00e4\u00e4 n\u00e4m\u00e4 vaatimukset.<\/p>\n<h3>Tiivistyskyky<\/h3>\n<p>Tehokas tiivistys on ratkaisevan t\u00e4rke\u00e4\u00e4 hydraulinesteen vuotojen est\u00e4miseksi, jotka voivat johtaa paineen laskuun ja lopulta laitteiden rikkoutumiseen. Korkealaatuisten ja kest\u00e4vist\u00e4 materiaaleista valmistettujen tiivisteiden valinta varmistaa pitk\u00e4ik\u00e4isyyden ja luotettavuuden, mik\u00e4 v\u00e4hent\u00e4\u00e4 huoltojen ja korjausten tarvetta.<\/p>\n<h3>Kest\u00e4vyys<\/h3>\n<p>Kest\u00e4vyys on keskeinen tekij\u00e4 puomisylinterien suunnittelussa, koska ne altistuvat usein ankarille ty\u00f6ymp\u00e4rist\u00f6ille. Materiaalien on oltava kulutusta ja korroosiota kest\u00e4vi\u00e4, jotta sylinteri kest\u00e4\u00e4 \u00e4\u00e4rimm\u00e4isi\u00e4 olosuhteita ja s\u00e4ilytt\u00e4\u00e4 optimaalisen suorituskyvyn ajan kuluessa.<\/p>\n<h3>Turvaominaisuudet<\/h3>\n<p>Turvallisuusn\u00e4k\u00f6kohdat ovat olennaisia \u200b\u200bpuomisylinteri\u00e4 valittaessa. Ominaisuudet, kuten paineenalennusventtiilit ja turvalukot, voivat est\u00e4\u00e4 hydraulisiin vikoihin liittyvi\u00e4 onnettomuuksia. N\u00e4iden turvatoimenpiteiden toteuttaminen on elint\u00e4rke\u00e4\u00e4 sek\u00e4 k\u00e4ytt\u00e4jien ett\u00e4 laitteiden suojaamiseksi.<\/p>\n<h3>Huolto Esteett\u00f6myys<\/h3>\n<p>Puomisylinterien suunnittelussa huomioiden helppo p\u00e4\u00e4sy laitteistoon, huolto ja korjaukset on helpompi tehd\u00e4. T\u00e4m\u00e4 voi merkitt\u00e4v\u00e4sti v\u00e4hent\u00e4\u00e4 seisokkiaikoja ja parantaa toiminnan kokonaistehokkuutta. Helposti huollettavat tai vaihdettavat komponentit pident\u00e4v\u00e4t laitteiston k\u00e4ytt\u00f6ik\u00e4\u00e4.<\/p>\n<p><img decoding=\"async\" src=\"https:\/\/www.hydraulic-cylinders.net\/wp-content\/uploads\/2025\/04\/songte-oil-pipes-and-spare-parts.webp\" alt=\"\u00d6ljyputket ja varaosat\"><\/p>\n<h2>Puomin sylinterin tiivistys ja voitelu<\/h2>\n<p>Puomisylinterien tiivistys ja voitelu ovat elint\u00e4rkeit\u00e4 niiden toimivuuden ja pitk\u00e4ik\u00e4isyyden yll\u00e4pit\u00e4miseksi. Hydrauli\u00f6ljyn vuotojen est\u00e4miseksi k\u00e4ytet\u00e4\u00e4n erilaisia \u200b\u200btiivisteit\u00e4, kuten m\u00e4nn\u00e4ntiivisteit\u00e4 ja varren tiivisteit\u00e4. Kulutusta kest\u00e4vist\u00e4 materiaaleista, kuten polyuretaanista ja nitriilikumista, valmistetut tiivisteet parantavat kest\u00e4vyytt\u00e4 ja suorituskyky\u00e4.<\/p>\n<p>Sylinterin runko ja kierteitetyt p\u00e4\u00e4t tulisi ty\u00f6st\u00e4\u00e4 tarkasti kulutuskest\u00e4vyyden ja tiivistystehokkuuden parantamiseksi. S\u00e4\u00e4nn\u00f6llinen voitelu sopivalla hydrauliikka\u00f6ljyll\u00e4 on v\u00e4ltt\u00e4m\u00e4t\u00f6nt\u00e4 sujuvan toiminnan varmistamiseksi ja kitkan v\u00e4hent\u00e4miseksi, joka voi johtaa ennenaikaiseen kulumiseen.<\/p>\n<h2>S\u00e4\u00e4nn\u00f6lliset tarkastukset ja ennaltaehk\u00e4isev\u00e4t huoltotoimenpiteet<\/h2>\n<ul>\n<li><strong>S\u00e4\u00e4nn\u00f6lliset tarkastukset:<\/strong> Tee rutiinitarkastuksia vuotojen tai kulumisen merkkien varalta. S\u00e4\u00e4nn\u00f6lliset tarkastukset voivat auttaa tunnistamaan mahdolliset ongelmat ennen kuin ne pahenevat vakaviksi ongelmiksi.<\/li>\n<li><strong>Oikea voitelu:<\/strong> Varmista, ett\u00e4 hydrauliikka\u00f6ljyn taso on riitt\u00e4v\u00e4 ja ett\u00e4 \u00f6ljy on puhdasta. Oikea voitelu minimoi kitkan ja kulumisen, mik\u00e4 parantaa sylinterin suorituskyky\u00e4 ja pident\u00e4\u00e4 sen k\u00e4ytt\u00f6ik\u00e4\u00e4.<\/li>\n<li><strong>Tiivisteen vaihto:<\/strong> Tarkkaile tiivisteit\u00e4 kulumisen varalta ja vaihda ne tarvittaessa. Tehokas tiivistys on ratkaisevan t\u00e4rke\u00e4\u00e4 paineen yll\u00e4pit\u00e4miseksi ja hydraulinesteen h\u00e4vikin est\u00e4miseksi.<\/li>\n<\/ul>\n<h2>Asennusohjeet<\/h2>\n<p>Puomin sylinterin oikea asennus on v\u00e4ltt\u00e4m\u00e4t\u00f6nt\u00e4 optimaalisen suorituskyvyn saavuttamiseksi. Varmista, ett\u00e4 sylinteri on kohdistettu oikein asennuksen aikana, jotta komponentteihin ei kohdistu tarpeetonta rasitusta. Asianmukaisten kiinnitystelineiden k\u00e4ytt\u00f6 kiinnitt\u00e4\u00e4 sylinterin paikalleen ja est\u00e4\u00e4 sen liikkumisen k\u00e4yt\u00f6n aikana.<\/p>\n<p>Noudata valmistajan ohjeita v\u00e4\u00e4nt\u00f6momenttien ja liittimien suhteen varmistaaksesi vuotamattoman kokoonpanon. Asennuksen j\u00e4lkeen suorita perusteellinen tarkastus mahdollisten kohdistusvirheiden tai mahdollisten vikaantumiskohtien varalta.<\/p>\n<h2>Yleiset huoltoteht\u00e4v\u00e4t<\/h2>\n<ul>\n<li><strong>S\u00e4\u00e4nn\u00f6lliset tarkastukset:<\/strong> S\u00e4\u00e4nn\u00f6llisten tarkastusten suorittaminen n\u00e4kyvien kulumisen tai vuotojen varalta on eritt\u00e4in t\u00e4rke\u00e4\u00e4. Tarkkaile k\u00e4yt\u00f6n aikana esiintyvi\u00e4 ep\u00e4normaaleja \u00e4\u00e4ni\u00e4 tai liikkeit\u00e4. S\u00e4\u00e4nn\u00f6lliset tarkastukset voivat est\u00e4\u00e4 suurempien ongelmien syntymisen.<\/li>\n<li><strong>Asianmukainen voitelu:<\/strong> Varmista, ett\u00e4 k\u00e4ytt\u00e4m\u00e4si hydrauliikka\u00f6ljy on oikeanlaista ja sit\u00e4 lis\u00e4t\u00e4\u00e4n oikeina m\u00e4\u00e4rin\u00e4. Oikea voitelu on v\u00e4ltt\u00e4m\u00e4t\u00f6nt\u00e4 puomin sylinterin tehokkaalle toiminnalle.<\/li>\n<li><strong>Tiivisteen vaihto:<\/strong> Tarkkaile tiivisteit\u00e4 tarkasti kulumisen varalta. Vaihda tiivisteet valmistajan suositusten mukaisesti hydraulisen eheyden yll\u00e4pit\u00e4miseksi ja vuotojen est\u00e4miseksi.<\/li>\n<\/ul>\n<p>Asennuksen aikana varmista, ett\u00e4 sylinteri on kohdistettu oikein, jotta se ei juutu tai kulu. Oikeiden kiinnitystukien k\u00e4ytt\u00f6 auttaa kiinnitt\u00e4m\u00e4\u00e4n sylinterin tehokkaasti. Laadi rutiini j\u00e4rjestelm\u00e4n tarkistamiseksi ja kalibroimiseksi, jotta se toimii sujuvasti.<\/p>\n<p><img decoding=\"async\" src=\"https:\/\/www.hydraulic-cylinders.net\/wp-content\/uploads\/2025\/04\/songte-chushion-collar.webp\" alt=\"Tyynykaulus\"><\/p>\n<h2>Turvallisuusn\u00e4k\u00f6kohdat ja ymp\u00e4rist\u00f6tekij\u00e4t<\/h2>\n<p>Hydraulij\u00e4rjestelmien kanssa ty\u00f6skennelt\u00e4ess\u00e4 on ensiarvoisen t\u00e4rke\u00e4\u00e4 ymm\u00e4rt\u00e4\u00e4 turvatoimenpiteet. K\u00e4ytt\u00e4j\u00e4t on koulutettava tunnistamaan hydraulij\u00e4rjestelmiin liittyv\u00e4t mahdolliset vaarat, kuten korkea paine ja nestevuodot. Turvallisuusprotokollien noudattaminen ei ainoastaan \u200b\u200bsuojaa k\u00e4ytt\u00e4ji\u00e4, vaan my\u00f6s laitteita ja ymp\u00e4rist\u00f6\u00e4.<\/p>\n<h2>Vianm\u00e4\u00e4ritys ja yleiset ongelmat<\/h2>\n<ul>\n<li><strong>Hydrauli\u00f6ljyvuodot:<\/strong> Tarkista tiivisteet ja liitokset s\u00e4\u00e4nn\u00f6llisesti vuotojen varalta. Vuodot voivat johtaa paineh\u00e4vi\u00f6\u00f6n ja j\u00e4rjestelm\u00e4n vikaantumiseen.<\/li>\n<li><strong>Huono sylinterin suorituskyky:<\/strong> Jos sylinteri ei liiku ulos tai sis\u00e4\u00e4n tasaisesti, se voi viitata alhaiseen hydraulinesteen tasoon tai vaurioituneisiin tiivisteisiin.<\/li>\n<li><strong>Ep\u00e4tavalliset \u00e4\u00e4net:<\/strong> Kuuntele k\u00e4yt\u00f6n aikana hankaus- tai kolina\u00e4\u00e4ni\u00e4, jotka voivat viitata sylinterin mekaanisiin ongelmiin.<\/li>\n<\/ul>\n<p>N\u00e4iden ongelmien ratkaisemiseksi tarvitaan v\u00e4litt\u00f6mi\u00e4 toimia. S\u00e4\u00e4nn\u00f6llinen huolto ja asianmukaiset tarkastukset voivat auttaa ehk\u00e4isem\u00e4\u00e4n monia yleisi\u00e4 ongelmia. Laadukkaiden varaosien k\u00e4ytt\u00f6 varmistaa puomin sylinterin luotettavuuden ja tehokkuuden.<\/p>\n<p><img decoding=\"async\" src=\"https:\/\/www.hydraulic-cylinders.net\/wp-content\/uploads\/2025\/04\/songte-bushings-with-all-kinds-of-excavator-models.webp\" alt=\"Kaivinkonemallien holkit\"><\/p>\n<h2>Yritysprofiili<\/h2>\n<p>Olemme johtava hydraulisten sylinterien valmistaja ja tukkumyyj\u00e4, joka tarjoaa laajan valikoiman tuotteita sek\u00e4 kotimaisten ett\u00e4 kansainv\u00e4listen markkinoiden tarpeisiin. Sitoutumisemme huippuosaamiseen kannustaa meit\u00e4 toteuttamaan hienostunutta valmistuksenohjausstrategiaa, joka keskittyy laatuun ja tehokkuuteen. Hy\u00f6dynt\u00e4m\u00e4ll\u00e4 edistynytt\u00e4 valmistusteknologiaa, ammattitaitoisia ammattilaisia \u200b\u200bja tiukkoja testausj\u00e4rjestelmi\u00e4 parannamme jatkuvasti tuotantokapasiteettiamme.<\/p>\n<p>Palveluihimme kuuluvat r\u00e4\u00e4t\u00e4l\u00f6idyt ratkaisut, jotka on r\u00e4\u00e4t\u00e4l\u00f6ity vastaamaan asiakkaiden erityisvaatimuksia. Kansainv\u00e4liset sertifikaatit takaavat tuotteidemme laadun ja luotettavuuden. Olemme ylpeit\u00e4 j\u00e4lkimarkkinointipalvelustamme, joka tarjoaa tukea ja huoltoa varmistaakseen tuotteidemme optimaalisen toiminnan koko niiden elinkaaren ajan.<\/p>\n<p><img decoding=\"async\" src=\"https:\/\/www.hydraulic-cylinders.net\/wp-content\/uploads\/2025\/04\/songte-company-4.webp\" alt=\"Yrityskuva 4\"><br \/>\n<img decoding=\"async\" src=\"https:\/\/www.hydraulic-cylinders.net\/wp-content\/uploads\/2025\/04\/songte-company-3.webp\" alt=\"Yrityskuva 3\"><\/p>\n<p>Kirjoittaja: lyl<\/p>","protected":false},"excerpt":{"rendered":"<p>Boom Cylinder For Atlas 2006LC Introduction to Boom Cylinder The Boom Cylinder for Atlas 2006LC is a specialized hydraulic cylinder designed to control the movement of various heavy machinery, including excavators, backhoe loaders, and front loaders. This essential component allows the bucket to lift, lower, and tilt, facilitating efficient material handling tasks. These hydraulic cylinders [&hellip;]<\/p>","protected":false},"featured_media":17872,"comment_status":"open","ping_status":"closed","template":"","meta":{"_et_pb_use_builder":"","_et_pb_old_content":"","_et_gb_content_width":""},"product_brand":[],"product_cat":[1546],"product_tag":[1547,1496],"class_list":{"0":"post-19639","1":"product","2":"type-product","3":"status-publish","4":"has-post-thumbnail","6":"product_cat-boom-cylinders","7":"product_tag-boom-cylinders","8":"product_tag-hydraulic-cylinders","10":"first","11":"instock","12":"shipping-taxable","13":"product-type-simple"},"amp_enabled":true,"_links":{"self":[{"href":"https:\/\/www.hydraulic-cylinders.net\/fi\/wp-json\/wp\/v2\/product\/19639","targetHints":{"allow":["GET"]}}],"collection":[{"href":"https:\/\/www.hydraulic-cylinders.net\/fi\/wp-json\/wp\/v2\/product"}],"about":[{"href":"https:\/\/www.hydraulic-cylinders.net\/fi\/wp-json\/wp\/v2\/types\/product"}],"replies":[{"embeddable":true,"href":"https:\/\/www.hydraulic-cylinders.net\/fi\/wp-json\/wp\/v2\/comments?post=19639"}],"wp:featuredmedia":[{"embeddable":true,"href":"https:\/\/www.hydraulic-cylinders.net\/fi\/wp-json\/wp\/v2\/media\/17872"}],"wp:attachment":[{"href":"https:\/\/www.hydraulic-cylinders.net\/fi\/wp-json\/wp\/v2\/media?parent=19639"}],"wp:term":[{"taxonomy":"product_brand","embeddable":true,"href":"https:\/\/www.hydraulic-cylinders.net\/fi\/wp-json\/wp\/v2\/product_brand?post=19639"},{"taxonomy":"product_cat","embeddable":true,"href":"https:\/\/www.hydraulic-cylinders.net\/fi\/wp-json\/wp\/v2\/product_cat?post=19639"},{"taxonomy":"product_tag","embeddable":true,"href":"https:\/\/www.hydraulic-cylinders.net\/fi\/wp-json\/wp\/v2\/product_tag?post=19639"}],"curies":[{"name":"wp","href":"https:\/\/api.w.org\/{rel}","templated":true}]}}