{"id":19641,"date":"2025-04-07T06:59:07","date_gmt":"2025-04-07T06:59:07","guid":{"rendered":"https:\/\/www.hydraulic-cylinders.net\/product\/boom-cylinder-for-atlas-3608lc\/"},"modified":"2025-04-07T06:59:10","modified_gmt":"2025-04-07T06:59:10","slug":"boom-cylinder-for-atlas-3608lc","status":"publish","type":"product","link":"https:\/\/www.hydraulic-cylinders.net\/fi\/tuote\/boom-cylinder-for-atlas-3608lc\/","title":{"rendered":"Puomin sylinteri Atlas 3608LC:lle"},"content":{"rendered":"<h1>Puomin sylinteri Atlas 3608LC:lle<\/h1>\n<h2>Tuotteen yleiskatsaus<\/h2>\n<p>Atlas 3608LC:n puomin sylinteri on keskeinen osa hydrauliikkaj\u00e4rjestelmi\u00e4, ja se on erityisesti suunniteltu ohjaamaan raskaiden koneiden, kuten kaivinkoneiden, kaivurikuormaajien ja etukuormaajien, liikkeit\u00e4. T\u00e4m\u00e4 hydraulisylinteri mahdollistaa puomin nostamisen, laskemisen ja kallistuksen, mik\u00e4 helpottaa tehokasta materiaalink\u00e4sittely\u00e4. Kauhan sylinteri on suunniteltu kest\u00e4m\u00e4\u00e4n korkeita paineita ja raskaita kuormia, mink\u00e4 vuoksi se on v\u00e4ltt\u00e4m\u00e4t\u00f6n erilaisissa rakennus- ja teollisuussovelluksissa.<\/p>\n<p><img decoding=\"async\" src=\"https:\/\/www.hydraulic-cylinders.net\/wp-content\/uploads\/2025\/04\/songte-company-1.webp\" alt=\"Puomin sylinterin kuva\" \/><\/p>\n<h2>T\u00e4rkeimm\u00e4t ominaisuudet<\/h2>\n<ul>\n<li><strong>Korkea lujuus ja kest\u00e4vyys:<\/strong> Se on valmistettu eritt\u00e4in lujasta ter\u00e4ksest\u00e4 tai alumiinista, ja se kest\u00e4\u00e4 korkeaa painetta ja raskaita kuormia, joten se sopii vaativiin ty\u00f6ymp\u00e4rist\u00f6ihin. Suunnittelussa on otettu huomioon kulutuskest\u00e4vyys ja korroosionkest\u00e4vyys, mik\u00e4 pident\u00e4\u00e4 sen k\u00e4ytt\u00f6ik\u00e4\u00e4.<\/li>\n<li><strong>Tehokas hydraulinen k\u00e4ytt\u00f6:<\/strong> Hy\u00f6dynt\u00e4\u00e4 hydrauli\u00f6ljyn painetta sujuvaan teleskooppiliikkeeseen, mik\u00e4 mahdollistaa nopean reagoinnin ohjauskomentoihin ja tarjoaa voimakkaat ty\u00f6nt\u00f6- ja vetovoimat, mik\u00e4 sopii erinomaisesti raskaiden esineiden k\u00e4sittelyyn ja monimutkaisiin teht\u00e4viin.<\/li>\n<li><strong>Erilaisia \u200b\u200btyyppej\u00e4:<\/strong> Saatavilla yksitoimisina (hydraulisesti vain yhteen suuntaan) tai kaksitoimisina (hydraulisesti molempiin suuntiin) sylinterein\u00e4 erilaisiin k\u00e4ytt\u00f6tarpeisiin. Jotkut mallit ovat teleskooppisia, mik\u00e4 mahdollistaa suuremman jatkeen ilman ulkomittojen kasvua, joten ne sopivat ahtaisiin sovelluksiin.<\/li>\n<li><strong>Mukautettu valmistus:<\/strong> Voimme valmistaa t\u00e4m\u00e4n tuotteen r\u00e4\u00e4t\u00e4l\u00f6ityn\u00e4 tarpeidesi mukaan, mik\u00e4 takaa t\u00e4ydellisen korvaajan erilaisille hydraulisylintereille.<\/li>\n<\/ul>\n<p><img decoding=\"async\" src=\"https:\/\/www.hydraulic-cylinders.net\/wp-content\/uploads\/2025\/04\/songte-cylinder-head-with-all-kinds-excavator-models.webp\" alt=\"Kaivinkoneiden sylinterikansi\" \/><\/p>\n<h2>Sovellukset<\/h2>\n<h3>Rakennuslaitteet<\/h3>\n<p>Kaivinkoneissa puomisylinterit ovat ratkaisevan t\u00e4rkeit\u00e4 kaivamisessa, lastaamisessa ja maaper\u00e4n tai roskien siirt\u00e4misess\u00e4. Ne tarjoavat tarvittavan voiman n\u00e4iden teht\u00e4vien tehokkaaseen suorittamiseen. Kaivurikuormaajissa puomisylinteri avustaa sek\u00e4 kaivu- ett\u00e4 nostotoiminnoissa, jolloin kuljettajat voivat vaihtaa teht\u00e4vien v\u00e4lill\u00e4 saumattomasti.<\/p>\n<h3>Maatalouskoneet<\/h3>\n<p>Etukuormaajissa k\u00e4ytett\u00e4v\u00e4t puomisylinterit ovat v\u00e4ltt\u00e4m\u00e4tt\u00f6mi\u00e4 maaper\u00e4n, hein\u00e4n ja muiden materiaalien kaivamiseen, nostamiseen ja kuljettamiseen. Ne parantavat maatalousteht\u00e4vien tehokkuutta tarjoamalla tarvittavan voiman raskaiden kuormien tehokkaaseen k\u00e4sittelyyn.<\/p>\n<h3>Kaivinkoneet<\/h3>\n<p>Kaivinkoneissa puomin sylinteri mahdollistaa kauhan tunkeutumisen maaper\u00e4\u00e4n, mik\u00e4 helpottaa kaivuprosessia. Sen rakenne varmistaa, ett\u00e4 kuljettajat voivat saavuttaa halutun syvyyden ja kulman, mik\u00e4 lis\u00e4\u00e4 tuottavuutta ty\u00f6maalla.<\/p>\n<h3>Kuormaajat<\/h3>\n<p>Etukuormaajissa n\u00e4m\u00e4 sylinterit auttavat materiaalien tehokkaassa nostamisessa ja tyhjent\u00e4misess\u00e4. Niiden luotettava suorituskyky varmistaa, ett\u00e4 esimerkiksi kuljetus ja tyhjennys sujuu sujuvasti ja tehokkaasti.<\/p>\n<h2>Suunnittelun\u00e4k\u00f6kohdat<\/h2>\n<h3>Kantavuus<\/h3>\n<p>Puomisylinterin kuormituskapasiteetti on kriittinen suunnittelukriteeri, joka m\u00e4\u00e4ritt\u00e4\u00e4, kuinka paljon painoa se voi nostaa turvallisesti. Kuormitusrajojen ymm\u00e4rt\u00e4minen auttaa varmistamaan, ett\u00e4 sylinteri\u00e4 k\u00e4ytet\u00e4\u00e4n suunniteltujen parametrien mukaisesti, mik\u00e4 est\u00e4\u00e4 vikaantumisen ja pident\u00e4\u00e4 sen k\u00e4ytt\u00f6ik\u00e4\u00e4.<\/p>\n<h3>Tiivistysj\u00e4rjestelm\u00e4<\/h3>\n<p>Kest\u00e4v\u00e4 tiivistysj\u00e4rjestelm\u00e4 on elint\u00e4rke\u00e4 hydraulisen paineen yll\u00e4pit\u00e4miseksi ja vuotojen est\u00e4miseksi. Korkealaatuiset tiivisteet est\u00e4v\u00e4t kontaminaation ja varmistavat optimaalisen suorituskyvyn, mik\u00e4 on ratkaisevan t\u00e4rke\u00e4\u00e4 hydraulisten j\u00e4rjestelmien luotettavuudelle.<\/p>\n<h3>Kest\u00e4vyys<\/h3>\n<p>Puomisylinterin kest\u00e4vyys on olennaista sen suorituskyvyn kannalta vaativissa ymp\u00e4rist\u00f6iss\u00e4. Suunnitteluominaisuudet, kuten kulutusta kest\u00e4v\u00e4t materiaalit ja suojapinnoitteet, edist\u00e4v\u00e4t sylinterin pitk\u00e4ik\u00e4isyytt\u00e4 ja luotettavuutta, mik\u00e4 v\u00e4hent\u00e4\u00e4 huoltotarvetta.<\/p>\n<h3>Turvaominaisuudet<\/h3>\n<p>Turvallisuus on hydraulisylinterien suunnittelussa ensiarvoisen t\u00e4rke\u00e4\u00e4. Paineenalennusventtiilien ja vikasietolaitteiden kaltaiset ominaisuudet ovat olennaisia \u200b\u200bonnettomuuksien ehk\u00e4isemiseksi ja turvallisen k\u00e4yt\u00f6n varmistamiseksi raskaiden nostoteht\u00e4vien aikana.<\/p>\n<h3>Huollettavuus<\/h3>\n<p>Helppo huolto on toinen t\u00e4rke\u00e4 suunnittelukriteeri. Hydraulisylinterit tulee suunnitella siten, ett\u00e4 komponentteihin on helppo p\u00e4\u00e4st\u00e4 k\u00e4siksi, mik\u00e4 mahdollistaa nopeat korjaukset ja vaihdot tarvittaessa ja minimoi koneiden seisokkiajat.<\/p>\n<p><img decoding=\"async\" src=\"https:\/\/www.hydraulic-cylinders.net\/wp-content\/uploads\/2025\/04\/songte-oil-pipes-and-spare-parts.webp\" alt=\"\u00d6ljyputket ja varaosat\" \/><\/p>\n<h2>Tiivistys ja voitelu<\/h2>\n<p>Puomin sylinterin tiivistysj\u00e4rjestelm\u00e4ss\u00e4 k\u00e4ytet\u00e4\u00e4n erilaisia \u200b\u200btiivisteit\u00e4, kuten m\u00e4nn\u00e4ntiivisteit\u00e4 ja varren tiivisteit\u00e4, jotka on valmistettu kulutusta kest\u00e4vist\u00e4 materiaaleista, kuten polyuretaanista ja nitriilikumista. Sylinterin runko ja kierteitetyt p\u00e4\u00e4typinnat on hienosti k\u00e4sitelty kulutuskest\u00e4vyyden parantamiseksi. S\u00e4\u00e4nn\u00f6llinen voitelu hydrauliikka\u00f6ljyll\u00e4 on v\u00e4ltt\u00e4m\u00e4t\u00f6nt\u00e4 sujuvan toiminnan varmistamiseksi ja kulumisen est\u00e4miseksi.<\/p>\n<h2>Ennaltaehk\u00e4isev\u00e4t huoltotoimenpiteet<\/h2>\n<ul>\n<li><strong>S\u00e4\u00e4nn\u00f6lliset tarkastukset:<\/strong> Tee rutiinitarkastuksia mahdollisten kulumisen tai vaurioiden merkkien tunnistamiseksi. Ongelmien varhainen havaitseminen voi est\u00e4\u00e4 suurempia rikkoutumisia.<\/li>\n<li><strong>Asianmukainen voitelu:<\/strong> Varmista, ett\u00e4 hydrauliikka\u00f6ljyn taso on oikea ja ett\u00e4 sit\u00e4 lis\u00e4t\u00e4\u00e4n s\u00e4\u00e4nn\u00f6llisesti optimaalisen suorituskyvyn yll\u00e4pit\u00e4miseksi.<\/li>\n<li><strong>Tiivisteen vaihto:<\/strong> Vaihda tiivisteet heti ensimm\u00e4isten kulumismerkkien ilmetess\u00e4 vuotojen est\u00e4miseksi ja hydraulipaineen yll\u00e4pit\u00e4miseksi.<\/li>\n<\/ul>\n<h2>Asennusohjeet<\/h2>\n<p>Oikea asennus on ratkaisevan t\u00e4rke\u00e4\u00e4 puomisylinterin suorituskyvyn ja pitk\u00e4n k\u00e4ytt\u00f6i\u00e4n kannalta. Aloita varmistamalla, ett\u00e4 kaikki komponentit ovat puhtaita ja roskista vapaita. K\u00e4yt\u00e4 asianmukaisia \u200b\u200bkohdistusty\u00f6kaluja sylinterin tarkkaan asemointiin ja kiinnit\u00e4 se sopivilla kiinnikkeill\u00e4. Noudata valmistajan ohjeita hydrauliliit\u00e4nn\u00f6ist\u00e4 ja v\u00e4\u00e4nt\u00f6momenttiasetuksista. Asennuksen j\u00e4lkeen suorita toiminnalliset testit varmistaaksesi, ett\u00e4 kaikki toimii sujuvasti.<\/p>\n<h2>Yleiset huoltoteht\u00e4v\u00e4t<\/h2>\n<ul>\n<li><strong>S\u00e4\u00e4nn\u00f6lliset tarkastukset:<\/strong> Suorita hydraulij\u00e4rjestelm\u00e4n rutiinitarkastukset mahdollisten vuotojen tai suorituskyvyn poikkeavuuksien havaitsemiseksi. Ongelmien nopea korjaaminen voi est\u00e4\u00e4 merkitt\u00e4v\u00e4mpi\u00e4 ongelmia.<\/li>\n<li><strong>Oikea voitelu:<\/strong> Varmista, ett\u00e4 puomin sylinteri on voideltu oikein valmistajan suositusten mukaisesti. Riitt\u00e4v\u00e4 voitelu minimoi kitkan ja kulumisen.<\/li>\n<li><strong>Tiivisteen vaihto:<\/strong> Tarkkaile tiivisteiden kuntoa s\u00e4\u00e4nn\u00f6llisesti. Kuluneiden tiivisteiden vaihtaminen on kriittist\u00e4 hydraulipaineen yll\u00e4pit\u00e4miseksi ja vuotojen est\u00e4miseksi.<\/li>\n<\/ul>\n<h2>Turvallisuusn\u00e4k\u00f6kohdat ja ymp\u00e4rist\u00f6tekij\u00e4t<\/h2>\n<p>Turvatoimenpiteiden on oltava etusijalla hydraulisylintereit\u00e4 k\u00e4ytett\u00e4ess\u00e4. K\u00e4ytt\u00e4j\u00e4t tulee kouluttaa laitteiden asianmukaiseen k\u00e4ytt\u00f6\u00f6n ja niihin liittyviin mahdollisiin vaaroihin. Turvavarusteita on k\u00e4ytett\u00e4v\u00e4, ja ty\u00f6alueen tulee olla vapaa tarpeettomasta henkil\u00f6st\u00f6st\u00e4 ja esteist\u00e4 riskien minimoimiseksi. Ymp\u00e4rist\u00f6n\u00e4k\u00f6kohtiin kuuluu hydraulinesteiden asianmukainen h\u00e4vitt\u00e4minen ja sen varmistaminen, ett\u00e4 kaikki komponentit on hankittu kest\u00e4v\u00e4sti.<\/p>\n<h2>Vianm\u00e4\u00e4ritys ja yleiset ongelmat<\/h2>\n<ul>\n<li><strong>Vuoto-ongelmat:<\/strong> Hydrauli\u00f6ljyn vuodot voivat viitata tiivisteiden vikaantumiseen tai l\u00f6ysiin liitoksiin. Tarkista tiivisteet ja liitokset kulumisen tai vaurioiden varalta ja vaihda ne tarvittaessa.<\/li>\n<li><strong>Hidas toiminta:<\/strong> Jos puomin sylinteri toimii hitaasti, se voi viitata alhaiseen hydrauliikka\u00f6ljyn tasoon tai ilmaan j\u00e4rjestelm\u00e4ss\u00e4. Tarkista \u00f6ljyn tasot ja ilmaa j\u00e4rjestelm\u00e4 tarvittaessa.<\/li>\n<li><strong>Hallitsemattomat liikkeet:<\/strong> T\u00e4m\u00e4 voi johtua paineenalennusventtiilin toimintah\u00e4iri\u00f6ist\u00e4 tai s\u00e4\u00e4t\u00f6venttiilin ongelmista. Tarkasta n\u00e4m\u00e4 osat ja vaihda tai korjaa tarvittaessa.<\/li>\n<\/ul>\n<h2>Vianm\u00e4\u00e4ritysvinkkej\u00e4<\/h2>\n<p>Tehokkaan vianm\u00e4\u00e4rityksen varmistamiseksi noudata aina valmistajan ohjeita. S\u00e4\u00e4nn\u00f6llinen huolto voi est\u00e4\u00e4 useimmat ongelmat. Jos ongelmia ilmenee, aloita tarkistamalla hydraulinesteen m\u00e4\u00e4r\u00e4, tarkistamalla tiivisteiden kuluminen ja tutkimalla mahdolliset n\u00e4kyv\u00e4t vuodot. Huoltoloki voi auttaa tunnistamaan toistuvat ongelmat ja ehk\u00e4isem\u00e4\u00e4n mahdollisia ongelmia.<\/p>\n<p><img decoding=\"async\" src=\"https:\/\/www.hydraulic-cylinders.net\/wp-content\/uploads\/2025\/04\/songte-bushings-with-all-kinds-of-excavator-models.webp\" alt=\"Kaivinkoneiden holkit\" \/><\/p>\n<h2>Tietoa yrityksest\u00e4mme<\/h2>\n<p>Olemme johtava hydraulisten sylinterien vaihto-osien valmistaja. Tarjoamme kattavan valikoiman tuotteita, jotka ovat asemoineet meid\u00e4t yhdeksi johtavista toimittajista sek\u00e4 kotimaisilla ett\u00e4 kansainv\u00e4lisill\u00e4 markkinoilla. Noudatamme tiukkoja laatustandardeja, joita tukee hienostunut teollisen tuotannon hallintastrategia. Keskittymisemme teknologiaan, edistyneisiin valmistuslaitteisiin ja ammattimaisiin testausj\u00e4rjestelmiin parantaa tuotantokapasiteettiamme, mink\u00e4 ansiosta pystymme vastaamaan monipuolisiin asiakastarpeisiin tehokkaasti, tarkasti ja laadukkaasti.<\/p>\n<p><img decoding=\"async\" src=\"https:\/\/www.hydraulic-cylinders.net\/wp-content\/uploads\/2025\/04\/songte-company-4.webp\" alt=\"Yrityskuva 1\" \/><br \/>\n<img decoding=\"async\" src=\"https:\/\/www.hydraulic-cylinders.net\/wp-content\/uploads\/2025\/04\/songte-company-3.webp\" alt=\"Yrityskuva 2\" \/><\/p>\n<p>Sitoutumisemme ammattitaitoon, kansainv\u00e4lisiin sertifikaatteihin, r\u00e4\u00e4t\u00e4l\u00f6ityihin palveluihin, edistyneisiin tuotantolaitteisiin ja poikkeukselliseen j\u00e4lkimarkkinointitukeen erottaa meid\u00e4t markkinoilla.<\/p>\n<p>Kirjoittaja: lyl<\/p>","protected":false},"excerpt":{"rendered":"<p>Boom Cylinder For Atlas 3608LC Product Overview The Boom Cylinder for Atlas 3608LC is a pivotal component in hydraulic systems, specifically designed for controlling the movement of heavy machinery such as excavators, backhoe loaders, and front loaders. This hydraulic cylinder enables the boom to lift, lower, and tilt, facilitating efficient material handling tasks. The bucket [&hellip;]<\/p>","protected":false},"featured_media":17874,"comment_status":"open","ping_status":"closed","template":"","meta":{"_et_pb_use_builder":"","_et_pb_old_content":"","_et_gb_content_width":""},"product_brand":[],"product_cat":[1546],"product_tag":[1547,1496],"class_list":{"0":"post-19641","1":"product","2":"type-product","3":"status-publish","4":"has-post-thumbnail","6":"product_cat-boom-cylinders","7":"product_tag-boom-cylinders","8":"product_tag-hydraulic-cylinders","10":"first","11":"instock","12":"shipping-taxable","13":"product-type-simple"},"amp_enabled":true,"_links":{"self":[{"href":"https:\/\/www.hydraulic-cylinders.net\/fi\/wp-json\/wp\/v2\/product\/19641","targetHints":{"allow":["GET"]}}],"collection":[{"href":"https:\/\/www.hydraulic-cylinders.net\/fi\/wp-json\/wp\/v2\/product"}],"about":[{"href":"https:\/\/www.hydraulic-cylinders.net\/fi\/wp-json\/wp\/v2\/types\/product"}],"replies":[{"embeddable":true,"href":"https:\/\/www.hydraulic-cylinders.net\/fi\/wp-json\/wp\/v2\/comments?post=19641"}],"wp:featuredmedia":[{"embeddable":true,"href":"https:\/\/www.hydraulic-cylinders.net\/fi\/wp-json\/wp\/v2\/media\/17874"}],"wp:attachment":[{"href":"https:\/\/www.hydraulic-cylinders.net\/fi\/wp-json\/wp\/v2\/media?parent=19641"}],"wp:term":[{"taxonomy":"product_brand","embeddable":true,"href":"https:\/\/www.hydraulic-cylinders.net\/fi\/wp-json\/wp\/v2\/product_brand?post=19641"},{"taxonomy":"product_cat","embeddable":true,"href":"https:\/\/www.hydraulic-cylinders.net\/fi\/wp-json\/wp\/v2\/product_cat?post=19641"},{"taxonomy":"product_tag","embeddable":true,"href":"https:\/\/www.hydraulic-cylinders.net\/fi\/wp-json\/wp\/v2\/product_tag?post=19641"}],"curies":[{"name":"wp","href":"https:\/\/api.w.org\/{rel}","templated":true}]}}