{"id":19643,"date":"2025-04-07T06:59:12","date_gmt":"2025-04-07T06:59:12","guid":{"rendered":"https:\/\/www.hydraulic-cylinders.net\/product\/boom-cylinder-for-atlas-7808lc\/"},"modified":"2025-04-07T06:59:15","modified_gmt":"2025-04-07T06:59:15","slug":"boom-cylinder-for-atlas-7808lc","status":"publish","type":"product","link":"https:\/\/www.hydraulic-cylinders.net\/fi\/tuote\/boom-cylinder-for-atlas-7808lc\/","title":{"rendered":"Puomin sylinteri Atlas 7808LC:lle"},"content":{"rendered":"<h1>Puomin sylinteri Atlas 7808LC:lle<\/h1>\n<h2>Johdatus puomin sylinteriin<\/h2>\n<p>Puomin sylinteri on t\u00e4rke\u00e4 osa hydrauliikkaj\u00e4rjestelmiss\u00e4, ja se on erityisesti suunniteltu ohjaamaan kauhan liikett\u00e4 erilaisissa raskaissa koneissa, kuten kaivinkoneissa, kaivurikuormaajissa ja etukuormaajissa. T\u00e4m\u00e4 hydraulisylinteri mahdollistaa kauhan nostamisen, laskemisen ja kallistumisen, mik\u00e4 helpottaa tehokkaita materiaalink\u00e4sittelyteht\u00e4vi\u00e4. Pohjimmiltaan kauhan sylinteri toimii voimanpes\u00e4n\u00e4, joka ohjaa kauhan sijaintia varmistaen, ett\u00e4 kuljettajat voivat suorittaa ty\u00f6ns\u00e4 tarkasti ja helposti.<\/p>\n<p><img decoding=\"async\" src=\"https:\/\/www.hydraulic-cylinders.net\/wp-content\/uploads\/2025\/04\/songte-company-1.webp\" alt=\"Hydraulisylinterin kuva\"><\/p>\n<h3>Puomin sylinterin ominaisuudet<\/h3>\n<ul>\n<li><strong>Korkea lujuus ja kest\u00e4vyys:<\/strong> Valmistettu eritt\u00e4in lujasta ter\u00e4ksest\u00e4 tai alumiinista, suunniteltu kest\u00e4m\u00e4\u00e4n korkeaa painetta ja raskaita kuormia ja sopii vaativiin ty\u00f6ymp\u00e4rist\u00f6ihin.<\/li>\n<li><strong>Tehokas hydraulinen k\u00e4ytt\u00f6:<\/strong> K\u00e4ytt\u00e4\u00e4 hydrauli\u00f6ljyn painetta sujuvaan pidennykseen ja sis\u00e4\u00e4nvetoon, reagoi nopeasti ohjauskomentoihin ja tarjoaa vankan ty\u00f6nt\u00f6- ja vetovoiman.<\/li>\n<li><strong>Erilaisia \u200b\u200btyyppej\u00e4:<\/strong> Saatavilla yksitoimisina (yhteen suuntaan toimivat) tai kaksitoimisina (kahdeen suuntaan toimivat) sylinterein\u00e4 erilaisiin k\u00e4ytt\u00f6tarpeisiin; jotkut mallit ovat teleskooppisia, mik\u00e4 mahdollistaa suuremman jatkeen ilman ulkomittojen kasvua.<\/li>\n<li><strong>Mukautettavat vaihtoehdot:<\/strong> Asiakkaat voivat valita laitteisiinsa ja teht\u00e4viins\u00e4 parhaiten sopivat ominaisuudet varmistaen, ett\u00e4 sylinteri sopii saumattomasti heid\u00e4n j\u00e4rjestelm\u00e4\u00e4ns\u00e4.<\/li>\n<li><strong>Monipuoliset sovellukset:<\/strong> Ihanteellinen useille eri toimialoille, kuten rakentamiseen, maatalouteen ja muille, parantaen toimintakyky\u00e4.<\/li>\n<\/ul>\n<h2>Tuotantokapasiteetit<\/h2>\n<p>Olemme ylpeit\u00e4 voidessamme valmistaa t\u00e4t\u00e4 tuotetta ja tarjota hydraulisylintereit\u00e4, jotka korvaavat t\u00e4ydellisesti olemassa olevat mallit. Tuotteemme on suunniteltu t\u00e4ytt\u00e4m\u00e4\u00e4n korkeat suorituskykystandardit, mik\u00e4 varmistaa koneesi luotettavuuden ja tehokkuuden.<\/p>\n<p><img decoding=\"async\" src=\"https:\/\/www.hydraulic-cylinders.net\/wp-content\/uploads\/2025\/04\/songte-cylinder-head-with-all-kinds-excavator-models.webp\" alt=\"Kaivinkonemallien kuva\"><\/p>\n<h2>Puomisylinterin sovellukset<\/h2>\n<h3>Rakennuslaitteet<\/h3>\n<p>Kaivinkoneissa puomin sylinteri on v\u00e4ltt\u00e4m\u00e4t\u00f6n kaivamiseen, lastaamiseen ja maaper\u00e4n tai roskien siirt\u00e4miseen. Sen avulla kauha tunkeutuu tehokkaasti maahan, mik\u00e4 parantaa merkitt\u00e4v\u00e4sti toiminnan tuottavuutta. Kaivurikuormaajissa kauhan sylinteri auttaa sek\u00e4 kaivamisessa ett\u00e4 nostamisessa varmistaen saumattomat siirtym\u00e4t teht\u00e4vien v\u00e4lill\u00e4.<\/p>\n<h3>Maatalouskoneet<\/h3>\n<p>Etukuormaajissa k\u00e4ytett\u00e4v\u00e4t sylinterit ovat kriittisi\u00e4 maaper\u00e4n, hein\u00e4n ja erilaisten materiaalien kauhaamiseen, nostamiseen ja kuljettamiseen. Ne mahdollistavat viljelij\u00f6ille toiminnan tehokkaan hallinnan, maksimoivat tuottavuuden ja minimoivat ty\u00f6voimakustannukset.<\/p>\n<h3>Kaivinkoneet<\/h3>\n<p>Kauhan sylinteri mahdollistaa kaivinkoneen kaivutoiminnan tunkeutumalla syv\u00e4lle maaper\u00e4\u00e4n, mik\u00e4 helpottaa tehokasta kaivamista rakennus- ja maisemointiprojekteissa. T\u00e4m\u00e4 toiminto on ratkaisevan t\u00e4rke\u00e4 ymp\u00e4rist\u00f6iss\u00e4, joissa tarkkuus ja syvyys ovat v\u00e4ltt\u00e4m\u00e4tt\u00f6mi\u00e4 onnistumisen kannalta.<\/p>\n<h3>Kuormaajat<\/h3>\n<p>Etukuormaajissa puomisylinterit auttavat kuormien tehokkaassa nostamisessa ja tyhjent\u00e4misess\u00e4 varmistaen, ett\u00e4 materiaaleja voidaan siirt\u00e4\u00e4 helposti paikasta toiseen. Niiden kest\u00e4v\u00e4n rakenteen ansiosta ne pystyv\u00e4t k\u00e4sittelem\u00e4\u00e4n huomattavia painoja suorituskyvyn vaarantamatta.<\/p>\n<h2>Suunnittelun\u00e4k\u00f6kohdat ja valintakriteerit<\/h2>\n<h3>Kantavuus<\/h3>\n<p>Puomisylintereiden suunnittelussa kuormituskapasiteetin huomioon ottaminen on kriittist\u00e4. On t\u00e4rke\u00e4\u00e4 arvioida sylinterin paino k\u00e4yt\u00f6n aikana. Suurempi kuormituskapasiteetti lis\u00e4\u00e4 turvallisuutta ja tehokkuutta, mik\u00e4 v\u00e4hent\u00e4\u00e4 sylinterin vikaantumisriski\u00e4 raskaissa teht\u00e4viss\u00e4. Suurimman kuormituksen laskeminen auttaa valitsemaan sopivan sylinterin koon ja tekniset tiedot varmistaen, ett\u00e4 se toimii optimaalisesti odotetuissa olosuhteissa.<\/p>\n<h3>Tiivistysmekanismit<\/h3>\n<p>Tehokkaat tiivistysmekanismit ovat elint\u00e4rkeit\u00e4 hydraulinesteen vuotojen est\u00e4miseksi ja paineen yll\u00e4pit\u00e4miseksi sylinteriss\u00e4. Korkealaatuisten tiivisteiden, kuten kest\u00e4vist\u00e4 materiaaleista, kuten polyuretaanista ja nitriilikumista, valmistettujen m\u00e4nn\u00e4ntiivisteiden ja varren tiivisteiden, valinta pident\u00e4\u00e4 sylinterin k\u00e4ytt\u00f6ik\u00e4\u00e4. Asianmukainen tiivistys varmistaa tasaisen suorituskyvyn ja v\u00e4hent\u00e4\u00e4 yll\u00e4pitokustannuksia ajan my\u00f6t\u00e4.<\/p>\n<h3>Kest\u00e4vyys<\/h3>\n<p>Kest\u00e4vyys on keskeinen tekij\u00e4 puomisylinterien suunnittelussa, erityisesti vaativissa ymp\u00e4rist\u00f6iss\u00e4. Valmistuksessa k\u00e4ytettyjen materiaalien on oltava kulutusta ja korroosiota kest\u00e4vi\u00e4, jotta sylinteri pysyy toimintakunnossa pitki\u00e4 aikoja. Pintak\u00e4sittelyjen ja pinnoitteiden k\u00e4ytt\u00f6 voi parantaa kest\u00e4vyytt\u00e4 entisest\u00e4\u00e4n, mik\u00e4 tekee sylinterist\u00e4 sopivan erilaisiin k\u00e4ytt\u00f6tarkoituksiin, kuten rakentamiseen ja kaivostoimintaan.<\/p>\n<h3>Turvaominaisuudet<\/h3>\n<p>Turvaominaisuuksien sis\u00e4llytt\u00e4minen puomisylinterien suunnitteluun auttaa suojaamaan sek\u00e4 koneita ett\u00e4 k\u00e4ytt\u00e4ji\u00e4. Paineenalennusventtiilien ja ylikuormitussuojamekanismien kaltaiset ominaisuudet voivat est\u00e4\u00e4 onnettomuuksia ja laitevaurioita. N\u00e4iden turvatoimenpiteiden varmistaminen on ensiarvoisen t\u00e4rke\u00e4\u00e4 alan m\u00e4\u00e4r\u00e4ysten ja standardien noudattamisen kannalta.<\/p>\n<h3>Huolto ja korjattavuus<\/h3>\n<p>Suunnittelussa tulisi ottaa huomioon my\u00f6s huollon ja korjauksen helppous. Hydraulisylinterit tulisi suunnitella siten, ett\u00e4 s\u00e4\u00e4nn\u00f6llist\u00e4 huoltoa tai vaihtoa vaativiin osiin, kuten tiivisteisiin ja laakereihin, on helppo p\u00e4\u00e4st\u00e4 k\u00e4siksi. Nopean purkamisen mahdollistava rakenne voi merkitt\u00e4v\u00e4sti v\u00e4hent\u00e4\u00e4 seisokkiaikoja huollon aikana ja parantaa lopulta tuottavuutta.<\/p>\n<p><img decoding=\"async\" src=\"https:\/\/www.hydraulic-cylinders.net\/wp-content\/uploads\/2025\/04\/songte-oil-pipes-and-spare-parts.webp\" alt=\"\u00d6ljyputket ja varaosat -kuva\"><\/p>\n<h2>Tiivistys ja voitelu<\/h2>\n<p>Tehokas tiivistys ja voitelu ovat ratkaisevan t\u00e4rkeit\u00e4 puomisylinterien pitk\u00e4ik\u00e4isyyden ja toimivuuden varmistamiseksi. Erilaisten tiivisteiden, kuten m\u00e4nn\u00e4n- ja varren tiivisteiden, k\u00e4ytt\u00f6 on v\u00e4ltt\u00e4m\u00e4t\u00f6nt\u00e4 hydraulisen paineen yll\u00e4pit\u00e4miseksi ja vuotojen est\u00e4miseksi. Polyuretaanista ja nitriilikumista valmistetut tiivisteet ovat edullisia niiden kulutuskest\u00e4vyyden ja kest\u00e4vyyden vuoksi.<\/p>\n<p>Sylinterin runko ja kierteitetyt p\u00e4\u00e4typinnat on hienok\u00e4sitelty kulutuskest\u00e4vyyden parantamiseksi, mik\u00e4 varmistaa, ett\u00e4 sylinteri kest\u00e4\u00e4 vaativia k\u00e4ytt\u00f6olosuhteita. S\u00e4\u00e4nn\u00f6llinen oikean hydrauliikka\u00f6ljyn k\u00e4ytt\u00f6 voiteluun on ratkaisevan t\u00e4rke\u00e4\u00e4 kitkan ja kulumisen minimoimiseksi, mik\u00e4 pident\u00e4\u00e4 sylinterin k\u00e4ytt\u00f6ik\u00e4\u00e4 entisest\u00e4\u00e4n.<\/p>\n<h2>Ennaltaehk\u00e4isev\u00e4t huoltotoimenpiteet<\/h2>\n<ul>\n<li><strong>S\u00e4\u00e4nn\u00f6lliset tarkastukset:<\/strong> Suorita s\u00e4\u00e4nn\u00f6llisi\u00e4 tarkastuksia kulumisen ja repe\u00e4mien havaitsemiseksi ja varmista, ett\u00e4 kaikki komponentit toimivat oikein.<\/li>\n<li><strong>Oikea voitelu:<\/strong> Varmista, ett\u00e4 sylinteri on riitt\u00e4v\u00e4sti voideltu kitkan v\u00e4hent\u00e4miseksi ja tiivisteiden ja liikkuvien osien vaurioitumisen est\u00e4miseksi.<\/li>\n<li><strong>Tiivisteen vaihto:<\/strong> Tarkista tiivisteet s\u00e4\u00e4nn\u00f6llisesti kulumisen varalta ja vaihda ne tarvittaessa hydraulisen paineen ja suorituskyvyn yll\u00e4pit\u00e4miseksi.<\/li>\n<\/ul>\n<h2>Asennusohjeet<\/h2>\n<p>Puomisylinterien oikea asennus on ratkaisevan t\u00e4rke\u00e4\u00e4 optimaalisen suorituskyvyn saavuttamiseksi. Aloita varmistamalla, ett\u00e4 kaikki komponentit ovat puhtaita ja roskista vapaita. Kohdista sylinteri oikein koneen kiinnityspisteisiin est\u00e4\u00e4ksesi virhekohdistuksen, joka voi aiheuttaa ennenaikaista kulumista.<\/p>\n<p>K\u00e4yt\u00e4 sopivia kiinnityskorvakkeita sylinterin kiinnitt\u00e4miseksi tukevasti paikalleen. Asennuksen j\u00e4lkeen tarkista kohdistus ja varmista, ett\u00e4 sylinteri toimii tasaisesti ilman vastusta. Valmistajan hydrauliikkaliit\u00e4nt\u00f6j\u00e4 ja v\u00e4\u00e4nt\u00f6momentteja koskevien ohjeiden noudattaminen maksimoi suorituskyvyn ja luotettavuuden.<\/p>\n<h2>Yleiset huoltoteht\u00e4v\u00e4t<\/h2>\n<h3>S\u00e4\u00e4nn\u00f6lliset tarkastukset<\/h3>\n<p>Sylinterin toiminnan s\u00e4\u00e4nn\u00f6lliset tarkastukset ovat olennaisia. N\u00e4ihin tarkastuksiin tulisi kuulua hydraulinesteen tasojen arviointi, vuotojen tarkastus ja kaikkien liitosten tiukkuuden varmistaminen. Ongelmien varhainen havaitseminen voi est\u00e4\u00e4 kalliita korjauksia ja seisokkeja.<\/p>\n<h3>Asianmukainen voitelu<\/h3>\n<p>Voitelu on elint\u00e4rke\u00e4\u00e4 puomisylinterien sujuvalle toiminnalle. Oikean hydrauliikka\u00f6ljyn k\u00e4ytt\u00f6 ja sen s\u00e4\u00e4nn\u00f6llinen levitt\u00e4minen valmistajan suositusten mukaisesti auttaa v\u00e4hent\u00e4m\u00e4\u00e4n kitkaa ja kulumista. Voiteluaikataulun noudattaminen voi parantaa sylinterin suorituskyky\u00e4 ja pident\u00e4\u00e4 sen k\u00e4ytt\u00f6ik\u00e4\u00e4.<\/p>\n<h3>Tiivisteen vaihto ja kalibrointi<\/h3>\n<p>Kuluneiden tiivisteiden vaihtaminen on ratkaisevan t\u00e4rke\u00e4\u00e4 hydraulisen paineen yll\u00e4pit\u00e4miseksi. Kalibroi sylinteri s\u00e4\u00e4nn\u00f6llisesti varmistaaksesi, ett\u00e4 se toimii m\u00e4\u00e4ritettyjen parametrien mukaisesti. T\u00e4m\u00e4 prosessi sis\u00e4lt\u00e4\u00e4 linjauksen tarkistamisen ja tarvittavien komponenttien s\u00e4\u00e4t\u00e4misen tehokkaan toiminnan takaamiseksi.<\/p>\n<p><img decoding=\"async\" src=\"https:\/\/www.hydraulic-cylinders.net\/wp-content\/uploads\/2025\/04\/songte-chushion-collar.webp\" alt=\"Tyynykauluksen kuva\"><\/p>\n<h2>Turvallisuusn\u00e4k\u00f6kohdat ja ymp\u00e4rist\u00f6tekij\u00e4t<\/h2>\n<p>Hydraulij\u00e4rjestelmien kanssa ty\u00f6skennelt\u00e4ess\u00e4 on t\u00e4rke\u00e4\u00e4 toteuttaa turvatoimenpiteit\u00e4. K\u00e4ytt\u00e4jien on noudatettava turvallisuusprotokollia onnettomuuksien ehk\u00e4isemiseksi, mukaan lukien asianmukaisten henkil\u00f6nsuojainten (PPE) k\u00e4ytt\u00f6 ja k\u00e4ytt\u00f6ohjeiden noudattaminen. Hydraulij\u00e4rjestelm\u00e4n hyv\u00e4ss\u00e4 kunnossapidossa v\u00e4hennet\u00e4\u00e4n vaarallisiin tilanteisiin johtavien vikojen riski\u00e4.<\/p>\n<h2>Vianm\u00e4\u00e4ritys ja yleiset ongelmat<\/h2>\n<ul>\n<li><strong>Vuoto:<\/strong> Yksi yleisimmist\u00e4 ongelmista on hydraulinesteen vuoto. Tarkista tiivisteet ja liitokset kulumisen tai vaurioiden varalta.<\/li>\n<li><strong>Paineh\u00e4vi\u00f6:<\/strong> Jos sylinteri ei reagoi komentoihin, se voi viitata paineh\u00e4vi\u00f6\u00f6n. Tarkista j\u00e4rjestelm\u00e4 vuotojen tai tukosten varalta.<\/li>\n<li><strong>Melu ja t\u00e4rin\u00e4:<\/strong> Ep\u00e4tavalliset \u00e4\u00e4net tai t\u00e4rin\u00e4t k\u00e4yt\u00f6n aikana voivat viitata linjausvirheeseen tai komponenttien kulumiseen. S\u00e4\u00e4nn\u00f6lliset huoltotarkastukset voivat auttaa tunnistamaan n\u00e4m\u00e4 ongelmat.<\/li>\n<\/ul>\n<h2>Vianm\u00e4\u00e4ritysvinkkej\u00e4<\/h2>\n<p>Jotta k\u00e4ytt\u00e4j\u00e4t voivat tehokkaasti diagnosoida ja ratkaista ongelmia, heid\u00e4n tulee tutustua koneen k\u00e4ytt\u00f6ominaisuuksiin. S\u00e4\u00e4nn\u00f6llinen valvonta voi auttaa tunnistamaan ongelmiin viittaavia kaavoja ja muutoksia. Toteuta ennaltaehk\u00e4isevi\u00e4 toimenpiteit\u00e4, kuten rutiinihuoltoa ja tarkastuksia, vikojen riskin minimoimiseksi ja puomisylinterin k\u00e4ytt\u00f6i\u00e4n pident\u00e4miseksi.<\/p>\n<p><img decoding=\"async\" src=\"https:\/\/www.hydraulic-cylinders.net\/wp-content\/uploads\/2025\/04\/songte-bushings-with-all-kinds-of-excavator-models.webp\" alt=\"Holkit kaivinkonemallien kuvalla\"><\/p>\n<h2>Yrityksen yleiskatsaus<\/h2>\n<p>Olemme johtava hydraulisten sylinterien vaihto-osien valmistaja, joka tarjoaa laajan valikoiman tuotteita sek\u00e4 kotimaisille ett\u00e4 kansainv\u00e4lisille markkinoille. Sitoutumisemme huippuosaamiseen korostuu hienostuneella valmistusstrategiallamme ja huipputeknologiallamme. Investoimme jatkuvasti ammattitaitoiseen henkil\u00f6st\u00f6\u00f6n, tarkkuusvalmistuslaitteisiin ja erikoistuneisiin testausj\u00e4rjestelmiin parantaaksemme tuotantokapasiteettiamme.<\/p>\n<p>Keskittymisemme korkeaan tehokkuuteen, tarkkuuteen ja laatuun antaa meille mahdollisuuden vastata monipuolisiin asiakastarpeisiin tehokkaasti. Omistautumisemme r\u00e4\u00e4t\u00e4l\u00f6ityjen palveluiden tarjoamiseen ja kansainv\u00e4listen sertifikaattien yll\u00e4pit\u00e4miseen varmistaa, ett\u00e4 tuotteemme kest\u00e4v\u00e4t tiukat alan standardit.<\/p>\n<p><img decoding=\"async\" src=\"https:\/\/www.hydraulic-cylinders.net\/wp-content\/uploads\/2025\/04\/songte-company-4.webp\" alt=\"Yrityskuva 1\"><br \/>\n<img decoding=\"async\" src=\"https:\/\/www.hydraulic-cylinders.net\/wp-content\/uploads\/2025\/04\/songte-company-3.webp\" alt=\"Yrityskuva 2\"><\/p>\n<p>Kirjoittaja: lyl<\/p>","protected":false},"excerpt":{"rendered":"<p>Boom Cylinder For Atlas 7808LC Introduction to Boom Cylinder The Boom Cylinder is a vital component in hydraulic systems, specifically designed for controlling the movement of the bucket in various heavy machinery such as excavators, backhoe loaders, and front loaders. This hydraulic cylinder allows the bucket to raise, lower, and tilt, facilitating efficient material handling [&hellip;]<\/p>","protected":false},"featured_media":17876,"comment_status":"open","ping_status":"closed","template":"","meta":{"_et_pb_use_builder":"","_et_pb_old_content":"","_et_gb_content_width":""},"product_brand":[],"product_cat":[1546],"product_tag":[1547,1496],"class_list":{"0":"post-19643","1":"product","2":"type-product","3":"status-publish","4":"has-post-thumbnail","6":"product_cat-boom-cylinders","7":"product_tag-boom-cylinders","8":"product_tag-hydraulic-cylinders","10":"first","11":"instock","12":"shipping-taxable","13":"product-type-simple"},"amp_enabled":true,"_links":{"self":[{"href":"https:\/\/www.hydraulic-cylinders.net\/fi\/wp-json\/wp\/v2\/product\/19643","targetHints":{"allow":["GET"]}}],"collection":[{"href":"https:\/\/www.hydraulic-cylinders.net\/fi\/wp-json\/wp\/v2\/product"}],"about":[{"href":"https:\/\/www.hydraulic-cylinders.net\/fi\/wp-json\/wp\/v2\/types\/product"}],"replies":[{"embeddable":true,"href":"https:\/\/www.hydraulic-cylinders.net\/fi\/wp-json\/wp\/v2\/comments?post=19643"}],"wp:featuredmedia":[{"embeddable":true,"href":"https:\/\/www.hydraulic-cylinders.net\/fi\/wp-json\/wp\/v2\/media\/17876"}],"wp:attachment":[{"href":"https:\/\/www.hydraulic-cylinders.net\/fi\/wp-json\/wp\/v2\/media?parent=19643"}],"wp:term":[{"taxonomy":"product_brand","embeddable":true,"href":"https:\/\/www.hydraulic-cylinders.net\/fi\/wp-json\/wp\/v2\/product_brand?post=19643"},{"taxonomy":"product_cat","embeddable":true,"href":"https:\/\/www.hydraulic-cylinders.net\/fi\/wp-json\/wp\/v2\/product_cat?post=19643"},{"taxonomy":"product_tag","embeddable":true,"href":"https:\/\/www.hydraulic-cylinders.net\/fi\/wp-json\/wp\/v2\/product_tag?post=19643"}],"curies":[{"name":"wp","href":"https:\/\/api.w.org\/{rel}","templated":true}]}}