{"id":19644,"date":"2025-04-07T06:59:16","date_gmt":"2025-04-07T06:59:16","guid":{"rendered":"https:\/\/www.hydraulic-cylinders.net\/product\/boom-cylinder-for-atlas-2307lc\/"},"modified":"2025-04-07T06:59:19","modified_gmt":"2025-04-07T06:59:19","slug":"boom-cylinder-for-atlas-2307lc","status":"publish","type":"product","link":"https:\/\/www.hydraulic-cylinders.net\/fi\/tuote\/boom-cylinder-for-atlas-2307lc\/","title":{"rendered":"Puomin sylinteri Atlas 2307LC:lle"},"content":{"rendered":"<h1>Puomin sylinteri Atlas 2307LC:lle<\/h1>\n<h2>Puomin sylinterin esittely<\/h2>\n<p>Puomisylinteri on t\u00e4rke\u00e4 osa hydrauliikkaj\u00e4rjestelmi\u00e4, erityisesti raskaissa koneissa, kuten kaivinkoneissa, traktorikaivureissa ja etukuormaajissa. T\u00e4m\u00e4 hydraulisylinteri on suunniteltu erityisesti ohjaamaan kauhan liikett\u00e4, jotta se voi nostaa, laskea ja kallistua tehokkaasti materiaalink\u00e4sittelyteht\u00e4viss\u00e4. Puomisylinterin toimivuus on ratkaisevan t\u00e4rke\u00e4\u00e4 rakennuslaitteiden toiminnalle, sill\u00e4 se varmistaa, ett\u00e4 kuljettajat voivat suorittaa kaivu-, lastaus- ja kuljetusteht\u00e4vi\u00e4 tarkasti ja helposti.<\/p>\n<p><img decoding=\"async\" src=\"https:\/\/www.hydraulic-cylinders.net\/wp-content\/uploads\/2025\/04\/songte-company-1.webp\" alt=\"Puomin sylinteri\"><\/p>\n<h3>Kauhan sylinterin m\u00e4\u00e4ritelm\u00e4 ja yleiskatsaus<\/h3>\n<p>Kauhasylinteri, joka tunnetaan my\u00f6s puomisylinterin\u00e4, on hydraulinen sylinterityyppi, jota k\u00e4ytet\u00e4\u00e4n erilaisissa raskaissa koneissa kauhan asennon manipulointiin. Sill\u00e4 on kriittinen rooli hydraulij\u00e4rjestelmiss\u00e4, koska se muuntaa hydraulisen energian mekaaniseksi liikkeeksi. N\u00e4m\u00e4 sylinterit pystyv\u00e4t sek\u00e4 nostamaan ett\u00e4 laskemaan kauhaa, mik\u00e4 tekee niist\u00e4 v\u00e4ltt\u00e4m\u00e4tt\u00f6mi\u00e4 teht\u00e4viss\u00e4, jotka vaativat merkitt\u00e4v\u00e4\u00e4 voimaa ja hallintaa. Niiden rakenne sis\u00e4lt\u00e4\u00e4 tyypillisesti eritt\u00e4in lujia materiaaleja kest\u00e4m\u00e4\u00e4n vaativien ty\u00f6ymp\u00e4rist\u00f6jen paineita ja rasituksia.<\/p>\n<h2>Puomin sylinterin ominaisuudet<\/h2>\n<ul>\n<li><strong>Korkea lujuus ja kest\u00e4vyys:<\/strong> N\u00e4m\u00e4 erikoislujuuster\u00e4ksest\u00e4 tai alumiinista valmistetut sylinterit kest\u00e4v\u00e4t korkeaa painetta ja raskaita kuormia, joten ne sopivat vaativiin ty\u00f6olosuhteisiin.<\/li>\n<li><strong>Tehokas hydraulinen k\u00e4ytt\u00f6:<\/strong> Puomin sylinteri hy\u00f6dynt\u00e4\u00e4 hydrauli\u00f6ljyn painetta sujuvan pidennyksen ja sis\u00e4\u00e4nvedon aikaansaamiseksi, mik\u00e4 mahdollistaa nopean reagoinnin ja huomattavat ty\u00f6nt\u00f6- ja veto-ominaisuudet.<\/li>\n<li><strong>Erilaisia \u200b\u200btyyppej\u00e4:<\/strong> Yksi- ja kaksitoimisina malleina saatavilla oleva puomisylinteri vastaa erilaisiin k\u00e4ytt\u00f6tarpeisiin, ja joissakin malleissa on teleskooppirakenne ulottuvuuden parantamiseksi.<\/li>\n<li><strong>Kulumiskest\u00e4vyys ja korroosiosuojaus:<\/strong> Kulumista ja korroosiota kest\u00e4m\u00e4\u00e4n suunniteltu puomin sylinteri on pitk\u00e4ik\u00e4isempi ja luotettavampi.<\/li>\n<li><strong>Mukautettavat vaihtoehdot:<\/strong> Saatavilla on erilaisia \u200b\u200beritelmi\u00e4 ja kokoonpanoja, mik\u00e4 varmistaa yhteensopivuuden laajan valikoiman koneiden kanssa.<\/li>\n<\/ul>\n<h2>Tuotantokapasiteetit<\/h2>\n<p>Valmistamme t\u00e4m\u00e4n tuotteen tarkkuus ja laatu mieless\u00e4 pit\u00e4en. Puomisylinterimme on suunniteltu korvaamaan t\u00e4ydellisesti olemassa olevat hydraulisylinterit varmistaen saumattoman integroinnin ja toimivuuden.<\/p>\n<p><img decoding=\"async\" src=\"https:\/\/www.hydraulic-cylinders.net\/wp-content\/uploads\/2025\/04\/songte-cylinder-head-with-all-kinds-excavator-models.webp\" alt=\"Hydraulisylinterin tuotanto\"><\/p>\n<h2>Puomisylinterin sovellukset<\/h2>\n<h3>Rakennuslaitteet<\/h3>\n<p>Kaivinkoneissa puomin sylinterit ovat v\u00e4ltt\u00e4m\u00e4tt\u00f6mi\u00e4 kaivamiseen, lastaamiseen ja maaper\u00e4n tai roskien siirt\u00e4miseen. Ne helpottavat kauhan liikett\u00e4, jolloin k\u00e4ytt\u00e4j\u00e4t voivat suorittaa teht\u00e4vi\u00e4 tehokkaasti ja tuloksellisesti. N\u00e4iden sylinterien luotettavuus vaikuttaa suoraan rakennusprojektien tuottavuuteen, mik\u00e4 tekee niist\u00e4 korvaamattomia alalla.<\/p>\n<h3>Maatalouskoneet<\/h3>\n<p>Etukuormaajissa puomisylinterit mahdollistavat maaper\u00e4n, hein\u00e4n ja muiden materiaalien kaivamisen, nostamisen ja kuljettamisen. Niiden toiminnallisuus parantaa maataloustoiminnan tehokkuutta, mik\u00e4 lis\u00e4\u00e4 tuottavuutta ja alentaa ty\u00f6voimakustannuksia.<\/p>\n<h3>Kaivinkoneet<\/h3>\n<p>Kauhasylinterin rooli kaivinkoneissa on ratkaisevan t\u00e4rke\u00e4 maaper\u00e4n tunkeutumisessa kaivut\u00f6iss\u00e4. Kauhan tarkkaa liikett\u00e4 helpottamalla n\u00e4m\u00e4 sylinterit mahdollistavat k\u00e4ytt\u00e4jien halutun kaivusyvyyden ja materiaalin k\u00e4sittelyn minimaalisella vaivalla.<\/p>\n<h3>Kuormaajat<\/h3>\n<p>Etukuormaajissa puomin sylinterit auttavat kuormien tehokkaassa nostamisessa ja tyhjent\u00e4misess\u00e4. Niiden rakenne varmistaa vakauden ja hallinnan k\u00e4yt\u00f6n aikana, mik\u00e4 mahdollistaa tehokkaan materiaalin k\u00e4sittelyn ja kuljetuksen erilaisilla ty\u00f6mailla.<\/p>\n<h2>Suunnittelun\u00e4k\u00f6kohdat ja valintakriteerit<\/h2>\n<h3>Kantavuus<\/h3>\n<p>Yksi puomisylinterin ensisijaisista suunnittelutekij\u00f6ist\u00e4 on sen kuormituskapasiteetti. T\u00e4m\u00e4 on ratkaisevan t\u00e4rke\u00e4\u00e4, koska se m\u00e4\u00e4ritt\u00e4\u00e4 sylinterin kantaman enimm\u00e4ispainon ilman vikaantumista. Sylinteri\u00e4 valittaessa on t\u00e4rke\u00e4\u00e4 arvioida sovelluksen vaatimukset sen varmistamiseksi, ett\u00e4 sylinteri kest\u00e4\u00e4 odotetut kuormat samalla, kun se s\u00e4ilytt\u00e4\u00e4 turvallisuuden ja tehokkuuden.<\/p>\n<h3>Tiivistys ja kest\u00e4vyys<\/h3>\n<p>Tehokas tiivistys on v\u00e4ltt\u00e4m\u00e4t\u00f6nt\u00e4 hydraulinesteen vuotojen est\u00e4miseksi ja sujuvan toiminnan varmistamiseksi. Sylinterin suunnittelussa tulisi olla korkealaatuiset tiivisteet, jotka kest\u00e4v\u00e4t k\u00e4yt\u00f6n aiheuttamaa kulumista ja ymp\u00e4rist\u00f6tekij\u00f6it\u00e4. Suunnitteluvaiheen kest\u00e4vyysarvioinnit varmistavat, ett\u00e4 sylinteri voi toimia optimaalisesti pitki\u00e4 aikoja, my\u00f6s vaativissa olosuhteissa.<\/p>\n<h3>Turvaominaisuudet<\/h3>\n<p>Turvallisuus on hydrauliikkaj\u00e4rjestelmien suunnittelussa ensiarvoisen t\u00e4rke\u00e4\u00e4. Puomisylintereiss\u00e4 tulisi olla turvaominaisuuksia, kuten paineenalennusventtiilej\u00e4 ja vikasietoisia mekanismeja onnettomuuksien ja laitevaurioiden est\u00e4miseksi. Asianmukainen suunnittelu varmistaa, ett\u00e4 n\u00e4m\u00e4 ominaisuudet on integroitu suunnitteluun, mik\u00e4 mahdollistaa turvallisen k\u00e4yt\u00f6n vaihtelevissa olosuhteissa.<\/p>\n<h3>Huolto ja huollettavuus<\/h3>\n<p>Toinen t\u00e4rke\u00e4 n\u00e4k\u00f6kohta on suunnittelussa helppo huoltaa. Hydraulisylinterit tulisi suunnitella siten, ett\u00e4 s\u00e4\u00e4nn\u00f6lliset tarkastukset ja huolto ilman laajaa purkamista on helppoa. Standardoidut osat ja helposti saatavilla olevat komponentit auttavat v\u00e4hent\u00e4m\u00e4\u00e4n seisokkiaikoja ja huoltokustannuksia.<\/p>\n<p><img decoding=\"async\" src=\"https:\/\/www.hydraulic-cylinders.net\/wp-content\/uploads\/2025\/04\/songte-oil-pipes-and-spare-parts.webp\" alt=\"Hydraulisylinterin osat\"><\/p>\n<h2>Tiivistys ja voitelu<\/h2>\n<p>Asianmukainen tiivistys ja voitelu ovat elint\u00e4rkeit\u00e4 puomisylinterien pitk\u00e4ik\u00e4isyyden ja suorituskyvyn kannalta. Hydraulij\u00e4rjestelm\u00e4n eheyden yll\u00e4pit\u00e4miseksi k\u00e4ytet\u00e4\u00e4n erilaisia \u200b\u200btiivisteit\u00e4, kuten m\u00e4nn\u00e4ntiivisteit\u00e4 ja varren tiivisteit\u00e4. Materiaaleja, kuten polyuretaania ja nitriilikumia, k\u00e4ytet\u00e4\u00e4n yleisesti niiden kulutuskest\u00e4vyyden vuoksi. Lis\u00e4ksi sylinterin runko ja kierteitetyt p\u00e4\u00e4t koneistetaan tarkasti kest\u00e4vyyden parantamiseksi. S\u00e4\u00e4nn\u00f6llinen hydrauli\u00f6ljyn lis\u00e4\u00e4minen voitelua varten varmistaa sujuvan toiminnan ja minimoi sis\u00e4isten komponenttien kulumisen.<\/p>\n<h2>Ennaltaehk\u00e4isev\u00e4t huoltotoimenpiteet<\/h2>\n<ul>\n<li><strong>S\u00e4\u00e4nn\u00f6lliset tarkastukset:<\/strong> Rutiinitarkastusten suorittaminen auttaa tunnistamaan mahdolliset ongelmat ennen kuin ne eskaloituvat. N\u00e4ihin kuuluvat tiivisteiden tutkiminen, vuotojen tarkistaminen ja sylinterin yleisen kunnon arviointi.<\/li>\n<li><strong>Asianmukainen voitelu:<\/strong> Hydraulij\u00e4rjestelm\u00e4n asianmukainen voitelu est\u00e4\u00e4 kitkaa ja kulumista, mik\u00e4 pident\u00e4\u00e4 sylinterin k\u00e4ytt\u00f6ik\u00e4\u00e4. S\u00e4\u00e4nn\u00f6lliset voitelutarkastukset ovat v\u00e4ltt\u00e4m\u00e4tt\u00f6mi\u00e4.<\/li>\n<li><strong>Tiivisteen vaihto:<\/strong> Tiivisteet tulisi vaihtaa osana rutiinihuoltoa vuotojen est\u00e4miseksi ja optimaalisen suorituskyvyn varmistamiseksi. Kulumismallien tunnistaminen voi auttaa vaihtojen tehokkaassa aikatauluttamisessa.<\/li>\n<\/ul>\n<h2>Asennusohjeet<\/h2>\n<p>Puomisylinterin asentaminen vaatii huolellista huomiota yksityiskohtiin oikean kohdistuksen ja toiminnan varmistamiseksi. Aloita kiinnitt\u00e4m\u00e4ll\u00e4 asianmukaiset kiinnitystelineet ja varmista, ett\u00e4 sylinteri on linjassa koneen k\u00e4ytt\u00f6tarpeiden kanssa. On eritt\u00e4in t\u00e4rke\u00e4\u00e4 k\u00e4ytt\u00e4\u00e4 oikeita ty\u00f6kaluja asennuksessa, jotta sylinteri ei vahingoitu prosessin aikana. Sylinterin sijoittamisen j\u00e4lkeen tarkista kaikkien hydrauliliit\u00e4nt\u00f6jen eheys ja kiinnit\u00e4 ne asianmukaisesti. Lopuksi testaa sylinterin toiminta ennen t\u00e4ysimittaista k\u00e4ytt\u00f6\u00e4 varmistaaksesi, ett\u00e4 se toimii tarkoitetulla tavalla.<\/p>\n<h2>Yleiset huoltoteht\u00e4v\u00e4t<\/h2>\n<ul>\n<li><strong>S\u00e4\u00e4nn\u00f6lliset tarkastukset:<\/strong> Rutiinitarkastukset mahdollistavat ongelmien varhaisen havaitsemisen, joihin voidaan puuttua ennen kuin ne johtavat merkitt\u00e4viin vikoihin. N\u00e4ihin kuuluvat vuotojen, kulumisen ja yleisen kunnon tarkistaminen.<\/li>\n<li><strong>Oikea voitelu:<\/strong> Hydraulij\u00e4rjestelm\u00e4n riitt\u00e4v\u00e4 voitelu v\u00e4hent\u00e4\u00e4 kulumista ja lis\u00e4\u00e4 tehokkuutta. K\u00e4ytt\u00e4j\u00e4n tulee noudattaa valmistajan suosituksia voiteluv\u00e4leist\u00e4.<\/li>\n<li><strong>Tiivisteen vaihto ja kalibrointi:<\/strong> Kuluneiden tiivisteiden s\u00e4\u00e4nn\u00f6llinen vaihtaminen on v\u00e4ltt\u00e4m\u00e4t\u00f6nt\u00e4 sylinterin suorituskyvyn yll\u00e4pit\u00e4miseksi. Kalibrointitarkastukset varmistavat, ett\u00e4 sylinteri toimii m\u00e4\u00e4riteltyjen parametrien mukaisesti, mik\u00e4 parantaa turvallisuutta ja luotettavuutta.<\/li>\n<\/ul>\n<p><img decoding=\"async\" src=\"https:\/\/www.hydraulic-cylinders.net\/wp-content\/uploads\/2025\/04\/songte-chushion-collar.webp\" alt=\"Hydraulisylinterien pehmustekaulus\"><\/p>\n<h2>Turvallisuusn\u00e4k\u00f6kohdat ja ymp\u00e4rist\u00f6tekij\u00e4t<\/h2>\n<p>Puomisylintereit\u00e4 k\u00e4ytett\u00e4ess\u00e4 on eritt\u00e4in t\u00e4rke\u00e4\u00e4 noudattaa turvallisuustoimenpiteit\u00e4 onnettomuuksien ehk\u00e4isemiseksi ja k\u00e4ytt\u00e4jien ja sivullisten hyvinvoinnin varmistamiseksi. Hydraulij\u00e4rjestelmien k\u00e4ytt\u00f6\u00f6n liittyv\u00e4 asianmukainen koulutus, mahdollisten vaarojen tuntemus ja turvallisuusprotokollien noudattaminen edist\u00e4v\u00e4t merkitt\u00e4v\u00e4sti turvallista k\u00e4ytt\u00f6\u00e4. Lis\u00e4ksi ymp\u00e4rist\u00f6n\u00e4k\u00f6kohdat, kuten nesteiden erist\u00e4minen ja hydraulinesteiden asianmukainen h\u00e4vitt\u00e4minen, ovat olennaisia \u200b\u200bhydraulij\u00e4rjestelmien ymp\u00e4rist\u00f6vaikutusten minimoimiseksi.<\/p>\n<h2>Vianm\u00e4\u00e4ritys ja yleiset ongelmat<\/h2>\n<ul>\n<li><strong>Vuoto:<\/strong> Vuotojen l\u00e4hteen tunnistaminen on ratkaisevan t\u00e4rke\u00e4\u00e4. Tarkista tiivisteet ja liitoskohdat kulumisen tai vaurioiden varalta. Tiivisteiden vaihtaminen tai liitosten kirist\u00e4minen voi usein ratkaista t\u00e4m\u00e4n ongelman.<\/li>\n<li><strong>Ep\u00e4johdonmukainen liike:<\/strong> Jos sylinteri liikkuu nykiv\u00e4sti tai ep\u00e4tasaisesti, tarkista hydraulinesteen tasot, j\u00e4rjestelm\u00e4\u00e4n j\u00e4\u00e4nyt ilma tai hydrauliletkujen tukokset. N\u00e4iden ongelmien korjaaminen voi palauttaa sujuvan toiminnan.<\/li>\n<li><strong>Ylikuumeneminen:<\/strong> Tarkkaile hydraulinesteen l\u00e4mp\u00f6tilaa. Jos ylikuumenee, varmista, ett\u00e4 neste on oikeanlaista ja ett\u00e4 j\u00e4rjestelm\u00e4 ei ole liian kuormitettu. J\u00e4\u00e4hdytysj\u00e4rjestelm\u00e4t saattavat tarvita tarkastusta tai huoltoa.<\/li>\n<\/ul>\n<p>Ennaltaehk\u00e4isev\u00e4t toimenpiteet, kuten s\u00e4\u00e4nn\u00f6llinen huolto ja nopea korjaus, auttavat lievent\u00e4m\u00e4\u00e4n ongelmia ja varmistamaan, ett\u00e4 hydrauliikkaj\u00e4rjestelm\u00e4 toimii tehokkaasti ja luotettavasti.<\/p>\n<p><img decoding=\"async\" src=\"https:\/\/www.hydraulic-cylinders.net\/wp-content\/uploads\/2025\/04\/songte-bushings-with-all-kinds-of-excavator-models.webp\" alt=\"Kaivinkonemallien holkit\"><\/p>\n<h2>Tietoa yrityksest\u00e4mme<\/h2>\n<p>Olemme johtava hydraulisten sylinterien valmistaja ja tukkumyyj\u00e4, joka on erikoistunut korkealaatuisiin varaosiin. Laaja tuotevalikoimamme tekee meist\u00e4 merkitt\u00e4v\u00e4n toimijan sek\u00e4 kotimaisilla ett\u00e4 kansainv\u00e4lisill\u00e4 markkinoilla. Sitoudumme huippuosaamiseen ja hy\u00f6dynn\u00e4mme hienostuneita valmistusstrategioita ja edistyneit\u00e4 digitaalisia laitteita tuotantokapasiteettimme parantamiseksi. Innovaatioihin keskittyv\u00e4 ammattitaitoinen tiimimme varmistaa, ett\u00e4 t\u00e4yt\u00e4mme asiakkaidemme monipuoliset tarpeet ja yll\u00e4pid\u00e4mme samalla korkeita laatu- ja luotettavuusstandardeja.<\/p>\n<h3>Asiantuntemuksemme<\/h3>\n<p>Yrityksemme on ylpe\u00e4 ammattitaidostaan \u200b\u200bja kansainv\u00e4lisist\u00e4 sertifikaateistamme, jotka osoittavat sitoutumisemme laatuun. Tarjoamme r\u00e4\u00e4t\u00e4l\u00f6it\u00e4vi\u00e4 palveluita, jotka on r\u00e4\u00e4t\u00e4l\u00f6ity asiakkaiden erityistarpeisiin hy\u00f6dynt\u00e4en huippuluokan tuotantolaitteita ja vankkaa j\u00e4lkimarkkinointitukea varmistaaksemme t\u00e4ydellisen asiakastyytyv\u00e4isyyden.<\/p>\n<p><img decoding=\"async\" src=\"https:\/\/www.hydraulic-cylinders.net\/wp-content\/uploads\/2025\/04\/songte-company-4.webp\" alt=\"Yrityksen tuotantolinja\"><br \/>\n<img decoding=\"async\" src=\"https:\/\/www.hydraulic-cylinders.net\/wp-content\/uploads\/2025\/04\/songte-company-3.webp\" alt=\"Yrityksen toimitila\"><\/p>\n<p>Kirjoittaja: lyl<\/p>","protected":false},"excerpt":{"rendered":"<p>Boom Cylinder For Atlas 2307LC Introduction to the Boom Cylinder The Boom Cylinder is a vital component in hydraulic systems, particularly in heavy machinery such as excavators, backhoes, and front loaders. This hydraulic cylinder is designed specifically to control the movement of the bucket, enabling it to lift, lower, and tilt efficiently for material handling [&hellip;]<\/p>","protected":false},"featured_media":17877,"comment_status":"open","ping_status":"closed","template":"","meta":{"_et_pb_use_builder":"","_et_pb_old_content":"","_et_gb_content_width":""},"product_brand":[],"product_cat":[1546],"product_tag":[1547,1496],"class_list":{"0":"post-19644","1":"product","2":"type-product","3":"status-publish","4":"has-post-thumbnail","6":"product_cat-boom-cylinders","7":"product_tag-boom-cylinders","8":"product_tag-hydraulic-cylinders","10":"first","11":"instock","12":"shipping-taxable","13":"product-type-simple"},"amp_enabled":true,"_links":{"self":[{"href":"https:\/\/www.hydraulic-cylinders.net\/fi\/wp-json\/wp\/v2\/product\/19644","targetHints":{"allow":["GET"]}}],"collection":[{"href":"https:\/\/www.hydraulic-cylinders.net\/fi\/wp-json\/wp\/v2\/product"}],"about":[{"href":"https:\/\/www.hydraulic-cylinders.net\/fi\/wp-json\/wp\/v2\/types\/product"}],"replies":[{"embeddable":true,"href":"https:\/\/www.hydraulic-cylinders.net\/fi\/wp-json\/wp\/v2\/comments?post=19644"}],"wp:featuredmedia":[{"embeddable":true,"href":"https:\/\/www.hydraulic-cylinders.net\/fi\/wp-json\/wp\/v2\/media\/17877"}],"wp:attachment":[{"href":"https:\/\/www.hydraulic-cylinders.net\/fi\/wp-json\/wp\/v2\/media?parent=19644"}],"wp:term":[{"taxonomy":"product_brand","embeddable":true,"href":"https:\/\/www.hydraulic-cylinders.net\/fi\/wp-json\/wp\/v2\/product_brand?post=19644"},{"taxonomy":"product_cat","embeddable":true,"href":"https:\/\/www.hydraulic-cylinders.net\/fi\/wp-json\/wp\/v2\/product_cat?post=19644"},{"taxonomy":"product_tag","embeddable":true,"href":"https:\/\/www.hydraulic-cylinders.net\/fi\/wp-json\/wp\/v2\/product_tag?post=19644"}],"curies":[{"name":"wp","href":"https:\/\/api.w.org\/{rel}","templated":true}]}}