{"id":19649,"date":"2025-04-07T06:59:31","date_gmt":"2025-04-07T06:59:31","guid":{"rendered":"https:\/\/www.hydraulic-cylinders.net\/product\/boom-cylinder-for-bonny-ce1000-7\/"},"modified":"2025-04-07T06:59:33","modified_gmt":"2025-04-07T06:59:33","slug":"boom-cylinder-for-bonny-ce1000-7","status":"publish","type":"product","link":"https:\/\/www.hydraulic-cylinders.net\/fi\/tuote\/boom-cylinder-for-bonny-ce1000-7\/","title":{"rendered":"Puomin sylinteri Bonny CE1000-7:lle"},"content":{"rendered":"<h1>Puomin sylinteri Bonny CE1000-7:lle<\/h1>\n<h2>Puomin sylinterin ymm\u00e4rt\u00e4minen<\/h2>\n<p>Puomin sylinteri on t\u00e4rke\u00e4 hydraulinen komponentti, jota k\u00e4ytet\u00e4\u00e4n erilaisissa raskaissa koneissa. Se on erityisesti suunniteltu ohjaamaan kauhan liikett\u00e4 kaivinkoneissa, traktorikaivureissa ja etukuormaajissa. Se mahdollistaa kauhan nostamisen, laskemisen ja kallistumisen, mik\u00e4 tekee materiaalink\u00e4sittelyteht\u00e4vist\u00e4 tehokkaita ja tuloksellisia.<\/p>\n<p>Hydraulisylinterin\u00e4 puomin sylinteri toimii hy\u00f6dynt\u00e4m\u00e4ll\u00e4 hydraulinesteen painetta liikkeen luomiseen. T\u00e4m\u00e4 toiminto on ratkaisevan t\u00e4rke\u00e4 rakennus- ja maataloussovelluksissa, joissa vaaditaan tarkkaa raskaiden kuormien hallintaa. Hydraulij\u00e4rjestelm\u00e4 valjastaa nestemekaniikan voiman, mink\u00e4 ansiosta puomin sylinteri suorittaa teht\u00e4v\u00e4ns\u00e4 saumattomasti ja parantaa siten tuottavuutta.<\/p>\n<p><img decoding=\"async\" src=\"https:\/\/www.hydraulic-cylinders.net\/wp-content\/uploads\/2025\/04\/songte-company-1.webp\" alt=\"Puomin sylinteri\"><\/p>\n<h2>Puomin sylinterin t\u00e4rkeimm\u00e4t ominaisuudet<\/h2>\n<ul>\n<li><strong>Korkea lujuus ja kest\u00e4vyys:<\/strong> Tyypillisesti lujasta ter\u00e4ksest\u00e4 tai alumiinista valmistettu puomin sylinteri kest\u00e4\u00e4 korkeita paineita ja raskaita kuormia. Sen rakenne yhdist\u00e4\u00e4 kulutuskest\u00e4vyyden ja korroosionkest\u00e4vyyden, mik\u00e4 pident\u00e4\u00e4 sen k\u00e4ytt\u00f6ik\u00e4\u00e4 my\u00f6s ankarissa ty\u00f6ymp\u00e4rist\u00f6iss\u00e4.<\/li>\n<li><strong>Tehokas hydraulinen k\u00e4ytt\u00f6:<\/strong> Sylinteri k\u00e4ytt\u00e4\u00e4 hydraulipainetta sujuvaan ulos- ja sis\u00e4\u00e4nvetoon, reagoi nopeasti k\u00e4ytt\u00e4j\u00e4n komentoihin ja tarjoaa tehokkaan ty\u00f6nt\u00f6- ja vetovoiman, mik\u00e4 sopii raskaiden ja monimutkaisten teht\u00e4vien k\u00e4sittelyyn.<\/li>\n<li><strong>Erilaisia \u200b\u200btyyppej\u00e4:<\/strong> Puomin sylinteri\u00e4 on saatavana yksitoimisena (hydraulinen paine yhteen suuntaan) tai kaksitoimisena (hydraulinen paine molempiin suuntiin), ja sit\u00e4 voidaan r\u00e4\u00e4t\u00e4l\u00f6id\u00e4 erilaisiin k\u00e4ytt\u00f6tarpeisiin. Jotkut mallit ovat teleskooppisia, mik\u00e4 mahdollistaa suuremman jatkeen ilman ulkomittojen kasvua, mik\u00e4 sopii erinomaisesti ahtaisiin sovelluksiin.<\/li>\n<li><strong>Mukautettu valmistus:<\/strong> Pystymme tuottamaan t\u00e4t\u00e4 tuotetta, joten sylinterimme ovat t\u00e4ydellisi\u00e4 korvaajia hydrauliikkatarpeisiisi.<\/li>\n<li><strong>Laaja valikoima sovelluksia:<\/strong> T\u00e4m\u00e4 monipuolisuus tekee puomisylinterist\u00e4 sopivan erilaisiin raskaisiin koneisiin ja k\u00e4ytt\u00f6tilanteisiin.<\/li>\n<\/ul>\n<p><img decoding=\"async\" src=\"https:\/\/www.hydraulic-cylinders.net\/wp-content\/uploads\/2025\/04\/songte-cylinder-head-with-all-kinds-excavator-models.webp\" alt=\"Kaivinkonemallit\"><\/p>\n<h2>Puomisylinterin sovellukset<\/h2>\n<h3>Rakennuslaitteet<\/h3>\n<p>Puomisylinteri\u00e4 k\u00e4ytet\u00e4\u00e4n n\u00e4kyv\u00e4sti kaivinkoneissa, joissa se on ratkaisevan t\u00e4rke\u00e4 kaivamisessa, lastaamisessa ja maaper\u00e4n tai roskien siirt\u00e4misess\u00e4. Sen tarkka ohjaus mahdollistaa kuljettajien tarkkojen liikkeiden suorittamisen, mik\u00e4 helpottaa erilaisia \u200b\u200brakennust\u00f6it\u00e4. Kaivurikuormaajissa puomisylinteri ei ainoastaan \u200b\u200bavusta kaivamisessa, vaan my\u00f6s materiaalien nostamisessa, mik\u00e4 tekee siit\u00e4 olennaisen osan n\u00e4iss\u00e4 koneissa.<\/p>\n<h3>Maatalouskoneet<\/h3>\n<p>Etukuormaajissa puomisylintereit\u00e4 k\u00e4ytet\u00e4\u00e4n maan, hein\u00e4n ja muiden materiaalien kaivamiseen, nostamiseen ja kuljettamiseen. Niiden kest\u00e4v\u00e4 rakenne varmistaa, ett\u00e4 ne pystyv\u00e4t k\u00e4sittelem\u00e4\u00e4n maataloust\u00f6iden raskaat vaatimukset, mik\u00e4 parantaa tehokkuutta ja tuottavuutta maatalousteht\u00e4viss\u00e4.<\/p>\n<h3>Kaivinkoneet<\/h3>\n<p>Puomin sylinteri mahdollistaa kauhan tehokkaan tunkeutumisen maahan, mik\u00e4 helpottaa kaivamista. T\u00e4m\u00e4 toiminto on ratkaisevan t\u00e4rke\u00e4 rakennus-, maisemointi- ja kaivuprojekteissa, joissa vaaditaan tarkkaa maansiirtoa.<\/p>\n<h3>Kuormaajat<\/h3>\n<p>Etukuormaajissa puomisylinterit auttavat kuormien tehokkaassa nostamisessa ja kaatamisessa. T\u00e4m\u00e4 ominaisuus on olennainen materiaalien siirt\u00e4misess\u00e4 rakennusty\u00f6mailla, mik\u00e4 varmistaa teht\u00e4vien nopean ja turvallisen suorittamisen.<\/p>\n<h2>Suunnittelun\u00e4k\u00f6kohdat ja valintakriteerit<\/h2>\n<h3>Kantavuus<\/h3>\n<p>Puomisylinterin kuormankantokyky on ratkaiseva tekij\u00e4, joka m\u00e4\u00e4ritt\u00e4\u00e4, kuinka paljon painoa sylinteri voi turvallisesti nostaa ja k\u00e4sitell\u00e4. Kuormankantokyvyn asianmukainen arviointi varmistaa, ett\u00e4 sylinteri pystyy k\u00e4sittelem\u00e4\u00e4n vaadittuja teht\u00e4vi\u00e4 ilman vikaantumis- tai vaurioitumisriski\u00e4.<\/p>\n<h3>Tiivistyksen eheys<\/h3>\n<p>Tehokas tiivistys on elint\u00e4rke\u00e4\u00e4 puomin sylinterin suorituskyvyn ja pitk\u00e4n k\u00e4ytt\u00f6i\u00e4n kannalta. Laadukkaat tiivisteet est\u00e4v\u00e4t hydrauli\u00f6ljyn vuodot, varmistavat optimaalisen toiminnan ja v\u00e4hent\u00e4v\u00e4t ymp\u00e4rist\u00f6n saastumisriski\u00e4. Oikeat tiivistysmateriaalit ja -tekniikat on valittava ty\u00f6olosuhteiden mukaan.<\/p>\n<h3>Kest\u00e4vyys<\/h3>\n<p>Kest\u00e4vyydell\u00e4 tarkoitetaan puomin sylinterin kyky\u00e4 kest\u00e4\u00e4 kulumista ajan kuluessa. T\u00e4h\u00e4n sis\u00e4ltyy hankauksen, korroosion ja v\u00e4symisen kest\u00e4vyys. Kest\u00e4vyytt\u00e4 parantavien materiaalien ja viimeistelyjen valinta varmistaa, ett\u00e4 hydraulisylinteri toimii luotettavasti vaativissa ymp\u00e4rist\u00f6iss\u00e4.<\/p>\n<h3>Turvaominaisuudet<\/h3>\n<p>Turvallisuus on ensiarvoisen t\u00e4rke\u00e4\u00e4 hydraulisylintereiden suunnittelussa. Ylikuormitussuojan ja varoventtiilien kaltaisten ominaisuuksien sis\u00e4llytt\u00e4minen voi est\u00e4\u00e4 onnettomuuksia ja laitteiden vikoja, suojaten sek\u00e4 k\u00e4ytt\u00e4ji\u00e4 ett\u00e4 koneita. Turvallisuusvaatimusten ja -m\u00e4\u00e4r\u00e4ysten ymm\u00e4rt\u00e4minen on ratkaisevan t\u00e4rke\u00e4\u00e4 suunnittelun vaatimustenmukaisuuden kannalta.<\/p>\n<h3>Huolton\u00e4k\u00f6kohdat<\/h3>\n<p>Huollon huomioiminen suunnittelussa tarkoittaa puomin sylinterin huolto- ja korjaushelppouden huomioon ottamista. Ominaisuudet, kuten helposti saavutettavat tiivisteet, vaihdettavat osat ja selke\u00e4t huolto-ohjeet, edist\u00e4v\u00e4t tehokasta huoltoa, minimoivat seisokkiajat ja k\u00e4ytt\u00f6kustannukset.<\/p>\n<p><img decoding=\"async\" src=\"https:\/\/www.hydraulic-cylinders.net\/wp-content\/uploads\/2025\/04\/songte-oil-pipes-and-spare-parts.webp\" alt=\"\u00d6ljyputket ja varaosat\"><\/p>\n<h2>Tiivistys ja voitelu<\/h2>\n<p>Tehokas tiivistys ja voitelu ovat v\u00e4ltt\u00e4m\u00e4tt\u00f6mi\u00e4 puomin sylinterin optimaalisen suorituskyvyn kannalta. Erilaisilla tiivisteill\u00e4, kuten m\u00e4nn\u00e4ntiivisteill\u00e4 ja varren tiivisteill\u00e4, on ratkaiseva rooli hydraulisen paineen yll\u00e4pit\u00e4misess\u00e4 ja vuotojen est\u00e4misess\u00e4. Kest\u00e4vist\u00e4 materiaaleista, kuten polyuretaanista ja nitriilikumista, valmistetut tiivisteet parantavat kulutuskest\u00e4vyytt\u00e4.<\/p>\n<p>Sylinterin rungon ja kierteitettyjen p\u00e4iden pinnat on hienosti k\u00e4sitelty niiden kulumiskest\u00e4vyyden parantamiseksi. Lis\u00e4ksi on t\u00e4rke\u00e4\u00e4 ruiskuttaa s\u00e4\u00e4nn\u00f6llisesti sopivaa hydrauliikka\u00f6ljy\u00e4 voitelua varten, jotta kaikki liikkuvat osat toimivat sujuvasti ja kitka v\u00e4henee.<\/p>\n<h2>S\u00e4\u00e4nn\u00f6lliset tarkastukset ja ennaltaehk\u00e4isev\u00e4 huolto<\/h2>\n<ul>\n<li><strong>Rutiinitarkastukset:<\/strong> Tarkista puomin sylinteri s\u00e4\u00e4nn\u00f6llisesti kulumisen, vuotojen tai vaurioiden varalta. Ongelmien varhainen havaitseminen voi est\u00e4\u00e4 merkitt\u00e4v\u00e4mpi\u00e4 ongelmia ja kalliita korjauksia.<\/li>\n<li><strong>Asianmukainen voitelu:<\/strong> Varmista, ett\u00e4 hydrauliikka\u00f6ljyn taso on oikea ja ett\u00e4 voitelu tehd\u00e4\u00e4n valmistajan ohjeiden mukaisesti. T\u00e4m\u00e4 parantaa suorituskyky\u00e4 ja pident\u00e4\u00e4 hydrauliikkasylinterin k\u00e4ytt\u00f6ik\u00e4\u00e4.<\/li>\n<li><strong>Tiivisteen vaihto:<\/strong> Tiivisteet tulee vaihtaa osana s\u00e4\u00e4nn\u00f6llist\u00e4 huolto-ohjelmaa vuotojen est\u00e4miseksi ja j\u00e4rjestelm\u00e4n tehokkuuden yll\u00e4pit\u00e4miseksi. Vaihtotiivisteiden oikea valinta on ratkaisevan t\u00e4rke\u00e4\u00e4 hydraulij\u00e4rjestelm\u00e4n eheyden yll\u00e4pit\u00e4miseksi.<\/li>\n<\/ul>\n<h2>Asennusohjeet<\/h2>\n<p>Puomisylinteri\u00e4 asennettaessa on t\u00e4rke\u00e4\u00e4 noudattaa n\u00e4it\u00e4 ohjeita asianmukaisen toiminnan ja pitk\u00e4n k\u00e4ytt\u00f6i\u00e4n varmistamiseksi:<\/p>\n<ul>\n<li><strong>Tasaus:<\/strong> Kohdista sylinteri oikein kiinnityspisteisiin v\u00e4ltt\u00e4\u00e4ksesi rasituksen ja linjausvirheet k\u00e4yt\u00f6n aikana. K\u00e4yt\u00e4 tarvittaessa kiiloja tai v\u00e4likappaleita oikean sijoituksen saavuttamiseksi.<\/li>\n<li><strong>Turvallinen kiinnitys:<\/strong> K\u00e4yt\u00e4 sopivia kiinnitystelineit\u00e4 ja kiinnitystarvikkeita sylinterin kiinnitt\u00e4miseksi paikalleen. Varmista, ett\u00e4 kaikki kiinnittimet on kiristetty valmistajan ohjeiden mukaisesti, jotta estet\u00e4\u00e4n sylinterin liikkuminen k\u00e4yt\u00f6n aikana.<\/li>\n<li><strong>Hydrauliset liit\u00e4nn\u00e4t:<\/strong> Liit\u00e4 hydrauliikkalinjat huolellisesti vuotojen v\u00e4ltt\u00e4miseksi. Varmista, ett\u00e4 kaikki liittimet on tiivistetty ja kiristetty valmistajan ohjeiden mukaisesti j\u00e4rjestelm\u00e4n eheyden s\u00e4ilytt\u00e4miseksi.<\/li>\n<li><strong>Testaus:<\/strong> Asennuksen j\u00e4lkeen testaa hydraulij\u00e4rjestelm\u00e4 perusteellisesti varmistaaksesi sen moitteettoman toiminnan. Tarkkaile j\u00e4rjestelm\u00e4\u00e4 vuotojen, ep\u00e4tavallisten \u00e4\u00e4nien tai suorituskykyongelmien varalta.<\/li>\n<\/ul>\n<p><img decoding=\"async\" src=\"https:\/\/www.hydraulic-cylinders.net\/wp-content\/uploads\/2025\/04\/songte-chushion-collar.webp\" alt=\"Tyynykaulus\"><\/p>\n<h2>Turvallisuusn\u00e4k\u00f6kohdat ja ymp\u00e4rist\u00f6tekij\u00e4t<\/h2>\n<p>Hydraulisylintereit\u00e4 k\u00e4ytett\u00e4ess\u00e4 on eritt\u00e4in t\u00e4rke\u00e4\u00e4 asettaa turvallisuustoimenpiteet etusijalle. K\u00e4ytt\u00e4j\u00e4t tulee kouluttaa ymm\u00e4rt\u00e4m\u00e4\u00e4n hydraulisten j\u00e4rjestelmien toiminta ja turvallisuusprotokollien noudattamisen t\u00e4rkeys k\u00e4yt\u00f6n ja huollon aikana. S\u00e4\u00e4nn\u00f6lliset turvallisuustarkastukset ja koulutus voivat lievent\u00e4\u00e4 hydraulisiin laitteisiin liittyvi\u00e4 riskej\u00e4.<\/p>\n<h2>Vianm\u00e4\u00e4ritys ja yleiset ongelmat<\/h2>\n<ul>\n<li><strong>Vuoto:<\/strong> Yleens\u00e4 kuluneiden tiivisteiden tai l\u00f6ysien liitosten aiheuttama. Tarkista kaikki hydrauliikkaliit\u00e4nn\u00e4t ja tiivisteet vaurioiden varalta ja korjaa tai vaihda tarvittaessa.<\/li>\n<li><strong>Hidas toiminta:<\/strong> Saattaa viitata alhaiseen hydrauliikka\u00f6ljyn tasoon tai ilmaan j\u00e4rjestelm\u00e4ss\u00e4. Tarkista \u00f6ljyn m\u00e4\u00e4r\u00e4 ja ilmaa j\u00e4rjestelm\u00e4 poistaaksesi mahdollisen ilman.<\/li>\n<li><strong>Liiallinen melu:<\/strong> Usein merkki sis\u00e4isest\u00e4 kulumisesta tai kavitaatiosta. Tutki sylinteri ja hydraulij\u00e4rjestelm\u00e4 mahdollisten vikojen varalta ja korjaa ne viipym\u00e4tt\u00e4.<\/li>\n<\/ul>\n<p>Ymm\u00e4rt\u00e4m\u00e4ll\u00e4 n\u00e4m\u00e4 yleiset ongelmat operaattorit voivat tehokkaasti diagnosoida ja ratkaista ongelmia varmistaen tasaisen suorituskyvyn.<\/p>\n<p><img decoding=\"async\" src=\"https:\/\/www.hydraulic-cylinders.net\/wp-content\/uploads\/2025\/04\/songte-bushings-with-all-kinds-of-excavator-models.webp\" alt=\"Kaivinkonemallien holkit\"><\/p>\n<h2>Johtop\u00e4\u00e4t\u00f6s<\/h2>\n<p>Olemme johtava hydraulisten sylinterien vaihto-osien valmistaja, joka tarjoaa kattavan valikoiman tuotteita sek\u00e4 kotimaisille ett\u00e4 kansainv\u00e4lisille markkinoille. Sitoutumisemme huippuosaamiseen ja huolellisiin valmistuksen hallintastrategioihin tekee meist\u00e4 huipputason hydraulisten sylinterien valmistajan ja tukkumyyj\u00e4n.<\/p>\n<p>Priorisoimme laatua edistyneiden tuotantolaitosten ja -prosessien avulla, hy\u00f6dynt\u00e4m\u00e4ll\u00e4 osaavaa henkil\u00f6st\u00f6\u00e4 ja huippuluokan digitaalisia laitteita. Keskittymisemme laadunvarmistukseen yhdistettyn\u00e4 kykyymme r\u00e4\u00e4t\u00e4l\u00f6id\u00e4 ratkaisuja varmistaa, ett\u00e4 vastaamme tehokkaasti monipuolisiin asiakastarpeisiin.<\/p>\n<p><img decoding=\"async\" src=\"https:\/\/www.hydraulic-cylinders.net\/wp-content\/uploads\/2025\/04\/songte-company-4.webp\" alt=\"Yrityksen yleiskatsaus\"><br \/>\n<img decoding=\"async\" src=\"https:\/\/www.hydraulic-cylinders.net\/wp-content\/uploads\/2025\/04\/songte-company-3.webp\" alt=\"Tuotantolaitos\"><\/p>\n<p>Kirjoittaja: lyl<\/p>","protected":false},"excerpt":{"rendered":"<p>Boom Cylinder For Bonny CE1000-7 Understanding the Boom Cylinder The boom cylinder is a vital hydraulic component used in various heavy machinery. Specifically designed for controlling the movement of the bucket in excavators, backhoes, and front loaders, it allows the bucket to lift, lower, and tilt, making material handling tasks efficient and effective. As a [&hellip;]<\/p>","protected":false},"featured_media":17867,"comment_status":"open","ping_status":"closed","template":"","meta":{"_et_pb_use_builder":"","_et_pb_old_content":"","_et_gb_content_width":""},"product_brand":[],"product_cat":[1546],"product_tag":[1547,1496],"class_list":{"0":"post-19649","1":"product","2":"type-product","3":"status-publish","4":"has-post-thumbnail","6":"product_cat-boom-cylinders","7":"product_tag-boom-cylinders","8":"product_tag-hydraulic-cylinders","10":"first","11":"instock","12":"shipping-taxable","13":"product-type-simple"},"amp_enabled":true,"_links":{"self":[{"href":"https:\/\/www.hydraulic-cylinders.net\/fi\/wp-json\/wp\/v2\/product\/19649","targetHints":{"allow":["GET"]}}],"collection":[{"href":"https:\/\/www.hydraulic-cylinders.net\/fi\/wp-json\/wp\/v2\/product"}],"about":[{"href":"https:\/\/www.hydraulic-cylinders.net\/fi\/wp-json\/wp\/v2\/types\/product"}],"replies":[{"embeddable":true,"href":"https:\/\/www.hydraulic-cylinders.net\/fi\/wp-json\/wp\/v2\/comments?post=19649"}],"wp:featuredmedia":[{"embeddable":true,"href":"https:\/\/www.hydraulic-cylinders.net\/fi\/wp-json\/wp\/v2\/media\/17867"}],"wp:attachment":[{"href":"https:\/\/www.hydraulic-cylinders.net\/fi\/wp-json\/wp\/v2\/media?parent=19649"}],"wp:term":[{"taxonomy":"product_brand","embeddable":true,"href":"https:\/\/www.hydraulic-cylinders.net\/fi\/wp-json\/wp\/v2\/product_brand?post=19649"},{"taxonomy":"product_cat","embeddable":true,"href":"https:\/\/www.hydraulic-cylinders.net\/fi\/wp-json\/wp\/v2\/product_cat?post=19649"},{"taxonomy":"product_tag","embeddable":true,"href":"https:\/\/www.hydraulic-cylinders.net\/fi\/wp-json\/wp\/v2\/product_tag?post=19649"}],"curies":[{"name":"wp","href":"https:\/\/api.w.org\/{rel}","templated":true}]}}