{"id":19651,"date":"2025-04-07T06:59:37","date_gmt":"2025-04-07T06:59:37","guid":{"rendered":"https:\/\/www.hydraulic-cylinders.net\/product\/boom-cylinder-for-bonny-wy160ahd\/"},"modified":"2025-04-07T06:59:40","modified_gmt":"2025-04-07T06:59:40","slug":"boom-cylinder-for-bonny-wy160ahd","status":"publish","type":"product","link":"https:\/\/www.hydraulic-cylinders.net\/fi\/tuote\/boom-cylinder-for-bonny-wy160ahd\/","title":{"rendered":"Puomin sylinteri Bonny WY160AHD:lle"},"content":{"rendered":"<h1>Puomin sylinteri Bonny WY160AHD:lle<\/h1>\n<h2>Tuotteen yleiskatsaus<\/h2>\n<p>Bonny WY160AHD:n puomin sylinteri on erikoishydraulinen sylinteri, joka on suunniteltu ohjaamaan puomin liikett\u00e4 erilaisissa raskaissa koneissa, kuten kaivinkoneissa, kaivurikuormaajissa ja etukuormaajissa. N\u00e4m\u00e4 sylinterit mahdollistavat puomin nostamisen, laskemisen ja kallistuksen, mik\u00e4 helpottaa materiaalink\u00e4sittelyteht\u00e4vi\u00e4 helposti ja tarkasti. Kauhasylinterill\u00e4 on ratkaiseva rooli hydraulij\u00e4rjestelmiss\u00e4, sill\u00e4 se tarjoaa tarvittavan voiman ja hallinnan tehokkaaseen toimintaan vaativissa ymp\u00e4rist\u00f6iss\u00e4.<\/p>\n<p><img decoding=\"async\" src=\"https:\/\/www.hydraulic-cylinders.net\/wp-content\/uploads\/2025\/04\/songte-company-1.webp\" alt=\"Puomin sylinteri Bonny WY160AHD:lle\"><\/p>\n<h3>M\u00e4\u00e4ritelm\u00e4 ja toiminnallisuus<\/h3>\n<p>Kauhasylinteri on hydraulinen sylinterityyppi, joka on erityisesti suunniteltu hallitsemaan kauhan toimintaa raskaissa koneissa. Kaivinkoneissa se mahdollistaa kauhan tarkan kaivamisen, nostamisen ja kallistuksen, mik\u00e4 mahdollistaa tehokkaan materiaalin kaivamisen ja kuljetuksen. N\u00e4iden sylinterien suunnittelussa on tyypillisesti otettu huomioon korkea kest\u00e4vyys ja luotettavuus, mik\u00e4 varmistaa optimaalisen suorituskyvyn korkeissa paineolosuhteissa.<\/p>\n<h2>Puomin sylinterin ominaisuudet<\/h2>\n<ul>\n<li><strong>Korkea lujuus ja kest\u00e4vyys:<\/strong> N\u00e4m\u00e4 erikoislujuuster\u00e4ksest\u00e4 tai alumiinista valmistetut sylinterit kest\u00e4v\u00e4t korkeita paineita ja raskaita kuormia, joten ne sopivat vaativiin ty\u00f6ymp\u00e4rist\u00f6ihin. Niiden suunnittelussa on otettu huomioon kulumiskest\u00e4vyys ja korroosionkest\u00e4vyys k\u00e4ytt\u00f6i\u00e4n pident\u00e4miseksi.<\/li>\n<li><strong>Tehokas hydraulinen k\u00e4ytt\u00f6:<\/strong> Hydraulisen \u00f6ljynpaineen ansiosta n\u00e4m\u00e4 sylinterit reagoivat nopeasti ohjauskomentoihin ja tarjoavat merkitt\u00e4v\u00e4\u00e4 ty\u00f6nt\u00f6- ja vetovoimaa, mik\u00e4 sopii erinomaisesti raskaiden ja monimutkaisten teht\u00e4vien k\u00e4sittelyyn.<\/li>\n<li><strong>Erilaisia \u200b\u200btyyppej\u00e4:<\/strong> Vaihtoehtoihin kuuluvat yksitoimiset (yhteen suuntaan toimivat) ja kaksitoimiset (molempiin suuntiin toimivat) sylinterit, jotka vastaavat erilaisiin k\u00e4ytt\u00f6vaatimuksiin. Jotkut mallit ovat teleskooppisia, mik\u00e4 mahdollistaa suuremman jatkeen ilman ulkomittojen kasvua, mik\u00e4 sopii ahtaisiin k\u00e4ytt\u00f6tarkoituksiin.<\/li>\n<li><strong>Mukautettavat ratkaisut:<\/strong> Valmistuskykymme ansiosta voimme valmistaa sylintereit\u00e4, jotka korvaavat t\u00e4ydellisesti olemassa olevat hydraulisylinterit ja varmistavat saumattoman integroinnin laitteisiinne.<\/li>\n<li><strong>Kest\u00e4v\u00e4 muotoilu:<\/strong> N\u00e4iden sylinterien suunnittelussa on otettu huomioon tekij\u00e4t, kuten kuormituskapasiteetti, tiiviys, kest\u00e4vyys, turvallisuus ja huollettavuus, mik\u00e4 varmistaa luotettavan suorituskyvyn kaikissa sovelluksissa.<\/li>\n<\/ul>\n<p><img decoding=\"async\" src=\"https:\/\/www.hydraulic-cylinders.net\/wp-content\/uploads\/2025\/04\/songte-cylinder-head-with-all-kinds-excavator-models.webp\" alt=\"Kaivinkoneiden sylinterikansi\"><\/p>\n<h2>Puomisylinterin sovellukset<\/h2>\n<h3>Rakennuslaitteet<\/h3>\n<p>Kaivinkoneissa puomin sylinterit ovat v\u00e4ltt\u00e4m\u00e4tt\u00f6mi\u00e4 kaivamiseen, lastaamiseen ja maaper\u00e4n tai roskien siirt\u00e4miseen. Ne tarjoavat tarvittavan voiman puomin tehokkaaseen k\u00e4sittelyyn, jolloin k\u00e4ytt\u00e4j\u00e4t voivat suorittaa erilaisia \u200b\u200bteht\u00e4vi\u00e4 tarkasti. Puomin kyky nostaa raskaita kuormia on ratkaisevan t\u00e4rke\u00e4\u00e4 rakennusprojekteissa tehokkuuden ja tuottavuuden varmistamiseksi.<\/p>\n<h3>Maatalouskoneet<\/h3>\n<p>Etukuormaajissa k\u00e4ytett\u00e4v\u00e4t puomisylinterit helpottavat esimerkiksi mullan ja hein\u00e4n kaivamista, nostamista ja kuljetusta. Niiden vankka rakenne varmistaa luotettavan toiminnan erilaisissa maatalousteht\u00e4viss\u00e4 ja parantaa merkitt\u00e4v\u00e4sti maatilojen tuottavuutta.<\/p>\n<h3>Kaivinkoneet<\/h3>\n<p>Kaivinkoneissa puomin sylinterit mahdollistavat kaivutoiminnot antamalla kauhan tunkeutua maaper\u00e4\u00e4n. Niiden rakenne maksimoi hydraulisen tehokkuuden, mik\u00e4 tarjoaa tarvittavan tehon materiaalien tehokkaaseen kaivamiseen ja parantaa siten koneen yleist\u00e4 suorituskyky\u00e4.<\/p>\n<h3>Kuormaajat<\/h3>\n<p>Etukuormaajissa puomin sylinterit auttavat kuormien tehokkaassa nostamisessa ja tyhjent\u00e4misess\u00e4. Niiden kyky k\u00e4sitell\u00e4 raskaita materiaaleja tekee niist\u00e4 elint\u00e4rkeit\u00e4 rakennusty\u00f6mailla ja materiaalink\u00e4sittelyss\u00e4 varmistaen, ett\u00e4 teht\u00e4v\u00e4t suoritetaan nopeasti ja tehokkaasti.<\/p>\n<h2>Suunnittelun\u00e4k\u00f6kohdat ja valintakriteerit<\/h2>\n<h3>Kantavuus<\/h3>\n<p>Puomisylinteri\u00e4 valittaessa kuormituskapasiteetti on kriittinen n\u00e4k\u00f6kohta. Sylinterin on kyett\u00e4v\u00e4 k\u00e4sittelem\u00e4\u00e4n koneiston kohtaama enimm\u00e4iskuorma. T\u00e4m\u00e4 vaatii huolellista suunnittelua sen varmistamiseksi, ett\u00e4 k\u00e4ytetyt materiaalit kest\u00e4v\u00e4t k\u00e4yt\u00f6n aikana kohdistuvat voimat ilman muodonmuutoksia tai vikoja.<\/p>\n<h3>Tiivistys<\/h3>\n<p>Tiivistys on toinen olennainen tekij\u00e4. Tehokkaat tiivisteet est\u00e4v\u00e4t hydraulinesteen vuotamisen ja saastumisen, jotka voivat vaarantaa suorituskyvyn ja turvallisuuden. Korkealaatuiset tiivisteet, jotka on valmistettu esimerkiksi polyuretaanista tai nitriilikumista, ovat ratkaisevan t\u00e4rkeit\u00e4 hydraulij\u00e4rjestelm\u00e4n eheyden yll\u00e4pit\u00e4miseksi.<\/p>\n<h3>Kest\u00e4vyys<\/h3>\n<p>Puomin sylinterin kest\u00e4vyys on elint\u00e4rke\u00e4\u00e4 erityisesti haastavissa ymp\u00e4rist\u00f6iss\u00e4. Sen tulee kest\u00e4\u00e4 kulumista jatkuvassa k\u00e4yt\u00f6ss\u00e4 ja altistumisessa ankarille olosuhteille. T\u00e4h\u00e4n kuuluvat lian ja roskien aiheuttama hankaus sek\u00e4 kosteuden ja kemikaalien aiheuttama korroosio.<\/p>\n<h3>Turvallisuus<\/h3>\n<p>Puomisylinterien suunnitteluun on integroitava turvaominaisuuksia onnettomuuksien est\u00e4miseksi. N\u00e4ihin kuuluvat ylikuormitussuojamekanismit ja varoventtiilit, jotka est\u00e4v\u00e4t j\u00e4rjestelm\u00e4\u00e4 ylitt\u00e4m\u00e4st\u00e4 turvallisia k\u00e4ytt\u00f6rajoja ja varmistavat sek\u00e4 k\u00e4ytt\u00e4j\u00e4n turvallisuuden ett\u00e4 laitteiden pitk\u00e4ik\u00e4isyyden.<\/p>\n<h3>Yll\u00e4pidett\u00e4vyys<\/h3>\n<p>Lopuksi, helppok\u00e4ytt\u00f6isyys on t\u00e4rke\u00e4 n\u00e4k\u00f6kohta. Tarkastuksia, voitelua ja tiivisteiden vaihtoa yksinkertaistava suunnittelu johtaa lyhyempiin seisokkiaikoihin ja huoltokustannuksiin. Valmistajien tulisi priorisoida malleja, jotka mahdollistavat helpon p\u00e4\u00e4syn kriittisiin komponentteihin.<\/p>\n<p><img decoding=\"async\" src=\"https:\/\/www.hydraulic-cylinders.net\/wp-content\/uploads\/2025\/04\/songte-oil-pipes-and-spare-parts.webp\" alt=\"Hydrauliset komponentit\"><\/p>\n<h2>Tiivistys ja voitelu<\/h2>\n<p>Puomisylinterien tehokkuus riippuu suuresti asianmukaisesta tiivistyksest\u00e4 ja voitelusta. Erilaiset tiivistekomponentit, kuten m\u00e4nn\u00e4ntiivisteet ja varren tiivisteet, ovat ratkaisevan t\u00e4rkeit\u00e4 hydraulisen paineen yll\u00e4pit\u00e4miseksi ja vuotojen est\u00e4miseksi. Tiivisteet on tyypillisesti valmistettu kulutusta kest\u00e4vist\u00e4 materiaaleista, kuten polyuretaanista tai nitriilikumista, jotka tarjoavat erinomaisen kest\u00e4vyyden hydraulisylinterien usein kohtaamissa ankarissa k\u00e4ytt\u00f6olosuhteissa. Lis\u00e4ksi sylinterin rungon ja kierteitettyjen p\u00e4iden pinnat on hienosti koneistettu kulutuskest\u00e4vyyden parantamiseksi, mik\u00e4 osaltaan parantaa sylinterin yleist\u00e4 luotettavuutta.<\/p>\n<p>My\u00f6s s\u00e4\u00e4nn\u00f6llinen voitelu on v\u00e4ltt\u00e4m\u00e4t\u00f6nt\u00e4. K\u00e4ytt\u00e4ji\u00e4 kehotetaan t\u00e4ytt\u00e4m\u00e4\u00e4n hydraulij\u00e4rjestelm\u00e4 s\u00e4\u00e4nn\u00f6llisesti sopivalla hydrauli\u00f6ljyll\u00e4 varmistaakseen, ett\u00e4 kaikki liikkuvat osat toimivat sujuvasti ja kitka minimoituu. T\u00e4m\u00e4 k\u00e4yt\u00e4nt\u00f6 pident\u00e4\u00e4 sylinterin k\u00e4ytt\u00f6ik\u00e4\u00e4 ja yll\u00e4pit\u00e4\u00e4 optimaalista suorituskyky\u00e4.<\/p>\n<h2>Ennaltaehk\u00e4isev\u00e4t huoltotoimenpiteet<\/h2>\n<ul>\n<li><strong>S\u00e4\u00e4nn\u00f6lliset tarkastukset:<\/strong> Aikatauluta s\u00e4\u00e4nn\u00f6llisi\u00e4 tarkastuksia kulumisen, vuotojen tai vaurioiden merkkien havaitsemiseksi. Ongelmien varhainen havaitseminen voi est\u00e4\u00e4 merkitt\u00e4v\u00e4mpien ongelmien kehittymisen.<\/li>\n<li><strong>Asianmukainen voitelu:<\/strong> Varmista, ett\u00e4 hydraulinesteen taso pidet\u00e4\u00e4n tasaisena ja ett\u00e4 j\u00e4rjestelm\u00e4 voidellaan s\u00e4\u00e4nn\u00f6llisesti liikkuvien osien kitkan ja kulumisen v\u00e4hent\u00e4miseksi.<\/li>\n<li><strong>Tiivisteen vaihto:<\/strong> Tarkkaile tiivisteiden kuntoa ja vaihda ne tarvittaessa vuotojen est\u00e4miseksi ja hydraulisen tehokkuuden yll\u00e4pit\u00e4miseksi.<\/li>\n<\/ul>\n<h2>Asennusohjeet<\/h2>\n<p>Puomisylinterin oikea asennus on ratkaisevan t\u00e4rke\u00e4\u00e4 optimaalisen toiminnan ja pitk\u00e4n k\u00e4ytt\u00f6i\u00e4n kannalta. Aloita varmistamalla, ett\u00e4 koneen kiinnityspisteet ovat puhtaat ja roskattomat. Kohdista sylinteri huolellisesti ja varmista, ett\u00e4 se on suorassa, jotta v\u00e4ltyt\u00e4\u00e4n virhekohdistuksilta, jotka voivat johtaa ennenaikaiseen kulumiseen tai rikkoutumiseen. K\u00e4yt\u00e4 sopivia kiinnityskorvakkeita sylinterin kiinnitt\u00e4miseen paikalleen ja varmista tukeva kiinnitys.<\/p>\n<p>Katso aina valmistajan tiedot v\u00e4\u00e4nt\u00f6momentin asetuksista ja mahdollisista erityisist\u00e4 asennusvaatimuksista. Asennuksen j\u00e4lkeen suorita testit varmistaaksesi, ett\u00e4 sylinteri toimii sujuvasti ja ilman vuotoja. Lopuksi dokumentoi asennusprosessi ja mahdolliset muutokset my\u00f6hemp\u00e4\u00e4 tarvetta varten.<\/p>\n<h2>Yleiset huoltoteht\u00e4v\u00e4t<\/h2>\n<h3>S\u00e4\u00e4nn\u00f6lliset tarkastukset<\/h3>\n<p>S\u00e4\u00e4nn\u00f6llisten tarkastusten suorittaminen on elint\u00e4rke\u00e4\u00e4 mahdollisten ongelmien tunnistamiseksi ennen kuin niist\u00e4 tulee vakavia. Etsi sylinterist\u00e4 kulumisen merkkej\u00e4, kuten halkeamia tai muodonmuutoksia, ja tarkista hydraulinesteen tasot varmistaaksesi, ett\u00e4 ne ovat suositellulla alueella. Tarkastukset tulisi ajoittaa s\u00e4\u00e4nn\u00f6llisin v\u00e4liajoin puomin sylinterin eheyden ja suorituskyvyn yll\u00e4pit\u00e4miseksi.<\/p>\n<h3>Asianmukainen voitelu<\/h3>\n<p>Oikea voitelu on v\u00e4ltt\u00e4m\u00e4t\u00f6nt\u00e4 puomisylinterin k\u00e4ytt\u00f6i\u00e4n pident\u00e4miseksi. Varmista, ett\u00e4 hydrauliikka\u00f6ljyn taso on riitt\u00e4v\u00e4 ja ett\u00e4 voitelupisteet huolletaan s\u00e4\u00e4nn\u00f6llisesti. K\u00e4yt\u00e4 oikeanlaista hydrauliikka\u00f6ljy\u00e4, ja k\u00e4ytt\u00e4jien on noudatettava valmistajan suosituksia vaurioiden v\u00e4ltt\u00e4miseksi ja sujuvan toiminnan varmistamiseksi.<\/p>\n<h3>Tiivisteen vaihto<\/h3>\n<p>Tiivisteet ovat ratkaisevan t\u00e4rkeit\u00e4 hydraulisen paineen yll\u00e4pit\u00e4miseksi ja vuotojen est\u00e4miseksi. Tarkista tiivisteet s\u00e4\u00e4nn\u00f6llisesti kulumisen tai vaurioiden varalta ja vaihda ne tarvittaessa. T\u00e4m\u00e4 auttaa yll\u00e4pit\u00e4m\u00e4\u00e4n hydraulij\u00e4rjestelm\u00e4n tehokkuutta ja est\u00e4m\u00e4\u00e4n nestevuotojen aiheuttamia kalliita korjauksia. Tiivisteiden vaihtojen kirjaaminen auttaa huoltotoimien seurannassa.<\/p>\n<p><img decoding=\"async\" src=\"https:\/\/www.hydraulic-cylinders.net\/wp-content\/uploads\/2025\/04\/songte-chushion-collar.webp\" alt=\"Tyynykaulus\"><\/p>\n<h2>Turvallisuusn\u00e4k\u00f6kohdat ja ymp\u00e4rist\u00f6tekij\u00e4t<\/h2>\n<p>Hydraulij\u00e4rjestelmi\u00e4 k\u00e4ytett\u00e4ess\u00e4 turvatoimenpiteet ovat ensiarvoisen t\u00e4rkeit\u00e4. K\u00e4ytt\u00e4jien on aina noudatettava turvallisuusprotokollia, mukaan lukien asianmukaisten henkil\u00f6nsuojainten (PPE) k\u00e4ytt\u00f6 ja sen varmistaminen, ett\u00e4 kaikki henkil\u00f6st\u00f6 on tietoinen k\u00e4ytt\u00f6tavoista. Asianmukainen koulutus on v\u00e4ltt\u00e4m\u00e4t\u00f6nt\u00e4 onnettomuuksien ehk\u00e4isemiseksi ja puomisylintereill\u00e4 varustettujen koneiden turvallisen k\u00e4yt\u00f6n varmistamiseksi.<\/p>\n<p>Ymp\u00e4rist\u00f6tekij\u00f6ill\u00e4 on my\u00f6s merkitt\u00e4v\u00e4 rooli hydraulisylinterien toiminnassa ja pitk\u00e4ik\u00e4isyydess\u00e4. K\u00e4ytt\u00e4jien on otettava huomioon \u00e4\u00e4rimm\u00e4iset l\u00e4mp\u00f6tilat, altistuminen kosteudelle ja mahdolliset ep\u00e4puhtaudet k\u00e4ytt\u00f6ymp\u00e4rist\u00f6ss\u00e4. Suojatoimenpiteiden toteuttaminen, kuten suojusten k\u00e4ytt\u00f6 tai sopivien materiaalien valinta, voi lievent\u00e4\u00e4 n\u00e4it\u00e4 riskej\u00e4.<\/p>\n<h2>Vianm\u00e4\u00e4ritys ja yleiset ongelmat<\/h2>\n<ul>\n<li><strong>Vuoto:<\/strong> Jos hydraulinestett\u00e4 vuotaa, tarkista tiivisteet ja liitokset vaurioiden varalta. Vaihda kaikki vialliset osat j\u00e4rjestelm\u00e4n eheyden palauttamiseksi.<\/li>\n<li><strong>Ep\u00e4johdonmukainen toiminta:<\/strong> Jos sylinteri ei liiku ulos tai sis\u00e4\u00e4n tasaisesti, tarkista hydrauliikkaletkujen tukokset ja varmista, ett\u00e4 j\u00e4rjestelm\u00e4ss\u00e4 on riitt\u00e4v\u00e4sti hydrauliikkanestett\u00e4.<\/li>\n<li><strong>Ep\u00e4tavalliset \u00e4\u00e4net:<\/strong> Hankautumisen tai kolinan kaltaiset \u00e4\u00e4net voivat viitata sis\u00e4isiin vaurioihin tai kulumiseen. Tarkista sylinteri mekaanisten vikojen tai kulumisen varalta.<\/li>\n<\/ul>\n<h2>Vianm\u00e4\u00e4ritysvinkkej\u00e4<\/h2>\n<p>Ongelmien tehokkaaseen diagnosointiin ja ratkaisemiseen k\u00e4ytt\u00e4jien tulee noudattaa systemaattista l\u00e4hestymistapaa. Aloita hydraulij\u00e4rjestelm\u00e4n silm\u00e4m\u00e4\u00e4r\u00e4isell\u00e4 tarkastuksella etsien vuotoja tai ilmeisi\u00e4 vaurioita. Jos ongelma havaitaan, tutustu valmistajan vianm\u00e4\u00e4ritys- ja korjausohjeisiin. S\u00e4\u00e4nn\u00f6llinen koulutus yleisist\u00e4 ongelmista ja ratkaisuista voi antaa k\u00e4ytt\u00e4jille valmiudet hallita pieni\u00e4 ongelmia ennen kuin ne k\u00e4rjistyv\u00e4t suuriksi korjauksiksi.<\/p>\n<p>Ennaltaehk\u00e4isevien toimenpiteiden, kuten aikataulun mukaisen huollon ja s\u00e4\u00e4nn\u00f6llisten tarkastusten, toteuttaminen voi auttaa minimoimaan mahdolliset ongelmat ja varmistamaan puomin sylinterin sujuvan toiminnan.<\/p>\n<p><img decoding=\"async\" src=\"https:\/\/www.hydraulic-cylinders.net\/wp-content\/uploads\/2025\/04\/songte-bushings-with-all-kinds-of-excavator-models.webp\" alt=\"Kaivinkoneiden holkit\"><\/p>\n<h2>Tietoa yrityksest\u00e4mme<\/h2>\n<p>Olemme johtava hydraulisten varaosien valmistaja ja tukkumyyj\u00e4, jolla on kattava tuotevalikoima. Sitoutumisemme poikkeukselliseen laatuun on tehnyt meist\u00e4 merkitt\u00e4v\u00e4n toimijan sek\u00e4 kotimaisilla ett\u00e4 kansainv\u00e4lisill\u00e4 markkinoilla. Noudatamme hienostunutta, teollistettua tuotannonohjausstrategiaa, joka keskittyy erinomaisuuteen ja tehokkuuteen.<\/p>\n<p>Tiimimme koostuu ammattitaitoisista ammattilaisista, joilla on k\u00e4yt\u00f6ss\u00e4\u00e4n edistyneet digitaaliset valmistusteknologiat ja ammattimaiset testausj\u00e4rjestelm\u00e4t. T\u00e4m\u00e4 varmistaa, ett\u00e4 parannamme jatkuvasti valmistusymp\u00e4rist\u00f6\u00e4mme ja hiomme tuotteiden laatua tuotantoreiteill\u00e4mme. Vahvat luovat kykymme mahdollistavat monipuolisten asiakastarpeiden t\u00e4ytt\u00e4misen tehokkaasti, tarkasti ja laadukkaasti.<\/p>\n<p><img decoding=\"async\" src=\"https:\/\/www.hydraulic-cylinders.net\/wp-content\/uploads\/2025\/04\/songte-company-4.webp\" alt=\"Yrityksen yleiskatsaus\"><br \/>\n<img decoding=\"async\" src=\"https:\/\/www.hydraulic-cylinders.net\/wp-content\/uploads\/2025\/04\/songte-company-3.webp\" alt=\"Tuotantolaitos\"><\/p>\n<p>Tarjoamme erikoispalveluita, mukaan lukien r\u00e4\u00e4t\u00e4l\u00f6ityj\u00e4 ratkaisuja, joilla on kansainv\u00e4liset sertifikaatit, jotka vahvistavat sitoutumisemme laatuun ja turvallisuuteen. Huippuluokan tuotantolaitteemme varmistavat, ett\u00e4 jokainen tuote t\u00e4ytt\u00e4\u00e4 tiukat alan standardit, ja omistautunut j\u00e4lkimarkkinointipalvelumme takaa asiakastyytyv\u00e4isyyden ja -tuen.<\/p>\n<p>Kirjoittaja: lyl<\/p>","protected":false},"excerpt":{"rendered":"<p>Boom Cylinder For Bonny WY160AHD Product Overview The Boom Cylinder for Bonny WY160AHD is a specialized hydraulic cylinder designed to control the movement of the boom in various heavy machinery such as excavators, backhoe loaders, and front loaders. These cylinders enable the boom to lift, lower, and tilt, facilitating material handling tasks with ease and [&hellip;]<\/p>","protected":false},"featured_media":17869,"comment_status":"open","ping_status":"closed","template":"","meta":{"_et_pb_use_builder":"","_et_pb_old_content":"","_et_gb_content_width":""},"product_brand":[],"product_cat":[1546],"product_tag":[1547,1496],"class_list":{"0":"post-19651","1":"product","2":"type-product","3":"status-publish","4":"has-post-thumbnail","6":"product_cat-boom-cylinders","7":"product_tag-boom-cylinders","8":"product_tag-hydraulic-cylinders","10":"first","11":"instock","12":"shipping-taxable","13":"product-type-simple"},"amp_enabled":true,"_links":{"self":[{"href":"https:\/\/www.hydraulic-cylinders.net\/fi\/wp-json\/wp\/v2\/product\/19651","targetHints":{"allow":["GET"]}}],"collection":[{"href":"https:\/\/www.hydraulic-cylinders.net\/fi\/wp-json\/wp\/v2\/product"}],"about":[{"href":"https:\/\/www.hydraulic-cylinders.net\/fi\/wp-json\/wp\/v2\/types\/product"}],"replies":[{"embeddable":true,"href":"https:\/\/www.hydraulic-cylinders.net\/fi\/wp-json\/wp\/v2\/comments?post=19651"}],"wp:featuredmedia":[{"embeddable":true,"href":"https:\/\/www.hydraulic-cylinders.net\/fi\/wp-json\/wp\/v2\/media\/17869"}],"wp:attachment":[{"href":"https:\/\/www.hydraulic-cylinders.net\/fi\/wp-json\/wp\/v2\/media?parent=19651"}],"wp:term":[{"taxonomy":"product_brand","embeddable":true,"href":"https:\/\/www.hydraulic-cylinders.net\/fi\/wp-json\/wp\/v2\/product_brand?post=19651"},{"taxonomy":"product_cat","embeddable":true,"href":"https:\/\/www.hydraulic-cylinders.net\/fi\/wp-json\/wp\/v2\/product_cat?post=19651"},{"taxonomy":"product_tag","embeddable":true,"href":"https:\/\/www.hydraulic-cylinders.net\/fi\/wp-json\/wp\/v2\/product_tag?post=19651"}],"curies":[{"name":"wp","href":"https:\/\/api.w.org\/{rel}","templated":true}]}}