{"id":19653,"date":"2025-04-07T06:59:55","date_gmt":"2025-04-07T06:59:55","guid":{"rendered":"https:\/\/www.hydraulic-cylinders.net\/product\/boom-cylinder-for-bonny-ce2200-7\/"},"modified":"2025-04-07T06:59:57","modified_gmt":"2025-04-07T06:59:57","slug":"boom-cylinder-for-bonny-ce2200-7","status":"publish","type":"product","link":"https:\/\/www.hydraulic-cylinders.net\/fi\/tuote\/boom-cylinder-for-bonny-ce2200-7\/","title":{"rendered":"Puomin sylinteri Bonny CE2200-7:lle"},"content":{"rendered":"<h1>Puomin sylinteri Bonny CE2200-7:lle<\/h1>\n<h2>Tuotteen yleiskatsaus<\/h2>\n<p>Bonny CE2200-7:n puomisylinteri on olennainen hydrauliikkakomponentti, joka on suunniteltu ohjaamaan kauhojen liikett\u00e4 raskaissa koneissa, kuten kaivinkoneissa, kaivurikuormaajissa ja etukuormaajissa. Kauhasylintereill\u00e4 on ratkaiseva rooli materiaalink\u00e4sittelyyn liittyvien teht\u00e4vien helpottamisessa, sill\u00e4 ne mahdollistavat kauhan nostamisen, laskemisen ja kallistuksen. N\u00e4m\u00e4 hydrauliikkasylinterit on erityisesti suunniteltu kest\u00e4m\u00e4\u00e4n vaativia olosuhteita, mik\u00e4 tekee niist\u00e4 keskeisen osan hydrauliikkaj\u00e4rjestelmi\u00e4 erilaisissa teollisissa sovelluksissa.<\/p>\n<p><img decoding=\"async\" src=\"https:\/\/www.hydraulic-cylinders.net\/wp-content\/uploads\/2025\/04\/songte-company-1.webp\" alt=\"Puomin sylinteri Bonny CE2200-7:lle\"><\/p>\n<h2>Puomin sylinterin ominaisuudet<\/h2>\n<ul>\n<li><strong>Korkea lujuus ja kest\u00e4vyys:<\/strong> Valmistettu eritt\u00e4in lujasta ter\u00e4ksest\u00e4 tai alumiinista, suunniteltu kest\u00e4m\u00e4\u00e4n korkeaa painetta ja raskaita kuormia, sopii vaativiin ty\u00f6ymp\u00e4rist\u00f6ihin.<\/li>\n<li><strong>Tehokas hydraulinen k\u00e4ytt\u00f6:<\/strong> K\u00e4ytt\u00e4\u00e4 hydrauli\u00f6ljyn painetta sujuvaan pidennykseen ja sis\u00e4\u00e4nvetoon, mik\u00e4 tarjoaa tehokkaan ty\u00f6nt\u00f6- ja vetovoiman, joten se sopii erinomaisesti raskaisiin ja monimutkaisiin teht\u00e4viin.<\/li>\n<li><strong>Erilaisia \u200b\u200btyyppej\u00e4:<\/strong> Saatavilla yksitoimisina (hydraulisesti vain yhteen suuntaan) tai kaksitoimisina (hydraulisesti vain molempiin suuntiin) sylinterein\u00e4 erilaisiin k\u00e4ytt\u00f6tarpeisiin.<\/li>\n<li><strong>Tilaa s\u00e4\u00e4st\u00e4v\u00e4 muotoilu:<\/strong> Jotkut mallit ovat teleskooppisia, mik\u00e4 mahdollistaa suuremman pidennysosan ilman ulkomittojen kasvua, joten ne sopivat t\u00e4ydellisesti rajoitettuihin tiloihin.<\/li>\n<li><strong>Korroosionkest\u00e4vyys:<\/strong> Suunniteltu kulumista ja korroosiota kest\u00e4vist\u00e4 materiaaleista, mik\u00e4 pident\u00e4\u00e4 merkitt\u00e4v\u00e4sti sylinterin k\u00e4ytt\u00f6ik\u00e4\u00e4.<\/li>\n<\/ul>\n<p>Tuotteemme voivat t\u00e4ydellisesti korvata n\u00e4m\u00e4 hydraulisylinterit.<\/p>\n<p><img decoding=\"async\" src=\"https:\/\/www.hydraulic-cylinders.net\/wp-content\/uploads\/2025\/04\/songte-cylinder-head-with-all-kinds-excavator-models.webp\" alt=\"Hydraulinen sylinterikansi\"><\/p>\n<h2>Sovellusskenaariot<\/h2>\n<h3>Rakennuslaitteet<\/h3>\n<p>Kaivinkoneissa puomin sylinteri on ratkaisevan t\u00e4rke\u00e4 kaivamisessa, lastaamisessa ja maan tai roskien siirt\u00e4misess\u00e4. Sen avulla kauha tunkeutuu tehokkaasti maaper\u00e4\u00e4n, mik\u00e4 helpottaa kaivuprosessia. Kaivurikuormaajissa kauhan sylinteri auttaa sek\u00e4 kaivu- ett\u00e4 nostoteht\u00e4viss\u00e4, mik\u00e4 tekee siit\u00e4 v\u00e4ltt\u00e4m\u00e4tt\u00f6m\u00e4n osan rakennust\u00f6iss\u00e4.<\/p>\n<h3>Maatalouskoneet<\/h3>\n<p>Etukuormaajissa kauhan sylinteri on elint\u00e4rke\u00e4 maaper\u00e4n, hein\u00e4n ja muiden materiaalien kaivamisessa, nostamisessa ja kuljettamisessa. T\u00e4m\u00e4 toiminto parantaa maatalousteht\u00e4vien tehokkuutta, jolloin viljelij\u00e4t voivat hallita resurssejaan tehokkaasti ja parantaa tuottavuutta.<\/p>\n<h3>Kaivinkoneet<\/h3>\n<p>Kaivinkoneiden kauhan sylinterill\u00e4 on keskeinen rooli kaivutoiminnan mahdollistamisessa, sill\u00e4 se mahdollistaa kauhan tunkeutumisen maaper\u00e4\u00e4n. T\u00e4m\u00e4 ominaisuus on olennainen erilaisissa kaivut\u00f6iss\u00e4 ja varmistaa tehokkuuden sek\u00e4 rakennus- ett\u00e4 maisemointiprojekteissa.<\/p>\n<h3>Kuormaajat<\/h3>\n<p>Etukuormaajissa puomin sylinteri auttaa kuormien tehokkaassa nostamisessa ja tyhjent\u00e4misess\u00e4. T\u00e4m\u00e4 toiminto on ratkaisevan t\u00e4rke\u00e4 materiaalien nopealle ja turvalliselle siirt\u00e4miselle, jotta kuormaajat voivat suorittaa teht\u00e4v\u00e4ns\u00e4 tehokkaasti vaarantamatta turvallisuutta.<\/p>\n<h2>Suunnittelun\u00e4k\u00f6kohdat ja valintakriteerit<\/h2>\n<h3>Kantavuus<\/h3>\n<p>Puomisylinteri\u00e4 valittaessa kuormituskapasiteetti on ensiarvoisen t\u00e4rke\u00e4\u00e4. Sylinterin on kyett\u00e4v\u00e4 k\u00e4sittelem\u00e4\u00e4n k\u00e4yt\u00f6n aikana kohtaamansa enimm\u00e4ispaino. T\u00e4m\u00e4 varmistaa, ett\u00e4 kone toimii turvallisesti ja tehokkaasti est\u00e4en mahdolliset laitevauriot.<\/p>\n<h3>Tiivistys<\/h3>\n<p>Tehokas tiivistys on v\u00e4ltt\u00e4m\u00e4t\u00f6nt\u00e4 hydraulisylintereille paineen yll\u00e4pit\u00e4miseksi ja nestevuotojen est\u00e4miseksi. Tiivistemateriaalien, kuten polyuretaanin ja nitriilikumin, valinta voi vaikuttaa merkitt\u00e4v\u00e4sti sylinterin suorituskykyyn ja kest\u00e4vyyteen, joten se on t\u00e4rke\u00e4\u00e4 ottaa huomioon suunnittelua valittaessa.<\/p>\n<h3>Kest\u00e4vyys<\/h3>\n<p>Kest\u00e4vyys on toinen ratkaiseva tekij\u00e4, sill\u00e4 hydraulisylinterit altistuvat usein ankarille k\u00e4ytt\u00f6olosuhteille. Rakenteessa k\u00e4ytettyjen materiaalien on kestett\u00e4v\u00e4 kulumista sek\u00e4 ymp\u00e4rist\u00f6tekij\u00f6it\u00e4, kuten kosteutta ja kemikaaleja, sylinterin k\u00e4ytt\u00f6i\u00e4n pident\u00e4miseksi.<\/p>\n<h3>Turvallisuus<\/h3>\n<p>Turvaominaisuuksien toteuttaminen hydraulisylinterien suunnittelussa on elint\u00e4rke\u00e4\u00e4. N\u00e4ihin kuuluvat ylikuormitussuojausj\u00e4rjestelm\u00e4t ja vikasietomekanismit, jotka varmistavat, ett\u00e4 laitteet voivat toimia turvallisesti toimintah\u00e4iri\u00f6n sattuessa ja est\u00e4\u00e4 onnettomuudet.<\/p>\n<h3>Yll\u00e4pidett\u00e4vyys<\/h3>\n<p>Helppo huolto on avainasemassa sen varmistamisessa, ett\u00e4 hydrauliikkaj\u00e4rjestelm\u00e4t toimivat tehokkaasti ajan mittaan. Hyvin suunniteltu sylinteri mahdollistaa tiivisteiden ja muiden komponenttien suoraviivaisen tarkastuksen, voitelun ja vaihdon, mik\u00e4 minimoi koneiden seisokkiajat.<\/p>\n<p><img decoding=\"async\" src=\"https:\/\/www.hydraulic-cylinders.net\/wp-content\/uploads\/2025\/04\/songte-oil-pipes-and-spare-parts.webp\" alt=\"Hydraulisylinterin osat\"><\/p>\n<h2>Tiivistys ja voitelu<\/h2>\n<p>Optimaalisen suorituskyvyn varmistamiseksi k\u00e4ytet\u00e4\u00e4n erilaisia \u200b\u200btiivistyskomponentteja, kuten m\u00e4nn\u00e4ntiivisteit\u00e4 ja varren tiivisteit\u00e4. Kest\u00e4vien materiaalien, kuten polyuretaanin ja nitriilikumin, valinta varmistaa, ett\u00e4 tiivisteet kest\u00e4v\u00e4t kulutusta. Hydraulisylinterin runko ja kierteitetyt p\u00e4\u00e4typinnat on hienosti k\u00e4sitelty kulutuskest\u00e4vyyden parantamiseksi. S\u00e4\u00e4nn\u00f6llinen voitelu hydrauli\u00f6ljyll\u00e4 on v\u00e4ltt\u00e4m\u00e4t\u00f6nt\u00e4 sujuvan toiminnan yll\u00e4pit\u00e4miseksi ja kitkan aiheuttaman kulumisen est\u00e4miseksi.<\/p>\n<h2>Ennaltaehk\u00e4isev\u00e4t huoltotoimenpiteet<\/h2>\n<ul>\n<li><strong>S\u00e4\u00e4nn\u00f6lliset tarkastukset:<\/strong> Suorita rutiinitarkastuksia mahdollisten kulumisen tai vaurioiden merkkien tunnistamiseksi. Ongelmien varhainen havaitseminen voi est\u00e4\u00e4 merkitt\u00e4vi\u00e4 vikoja.<\/li>\n<li><strong>Asianmukainen voitelu:<\/strong> Varmista, ett\u00e4 hydrauliikka\u00f6ljyn taso on riitt\u00e4v\u00e4 ja ett\u00e4 voitelu suoritetaan s\u00e4\u00e4nn\u00f6llisesti suorituskyvyn yll\u00e4pit\u00e4miseksi ja kiinnileikkautumisen est\u00e4miseksi.<\/li>\n<li><strong>Tiivisteen vaihto:<\/strong> Tarkkaile tiivisteiden kulumista ja vaihda ne tarvittaessa vuotojen v\u00e4ltt\u00e4miseksi ja tehokkuuden yll\u00e4pit\u00e4miseksi.<\/li>\n<\/ul>\n<h2>Asennusohjeet<\/h2>\n<p>Puomisylinterin oikea asennus on ratkaisevan t\u00e4rke\u00e4\u00e4 optimaalisen suorituskyvyn saavuttamiseksi. Aloita varmistamalla, ett\u00e4 kaikki komponentit ovat puhtaita ja roskista vapaita. Kohdista sylinteri oikein kiinnityskiinnikkeisiin, jotta v\u00e4lt\u00e4t liiallisen rasituksen. K\u00e4yt\u00e4 sopivia kiinnityskiinnikkeit\u00e4 sylinterin kiinnitt\u00e4miseen paikalleen. Katso aina valmistajan ohjeita v\u00e4\u00e4nt\u00f6momenttien ja asennusmenetelmien osalta. Asennuksen j\u00e4lkeen suorita perusteellinen tarkastus varmistaaksesi, ett\u00e4 kaikki liit\u00e4nn\u00e4t ovat tukevasti kiinni ja toimivat tarkoitetulla tavalla.<\/p>\n<h2>Yleiset huoltoteht\u00e4v\u00e4t<\/h2>\n<ul>\n<li><strong>S\u00e4\u00e4nn\u00f6lliset tarkastukset:<\/strong> Aikatauluta rutiinitarkastukset hydraulij\u00e4rjestelm\u00e4n kunnon arvioimiseksi ja mahdollisten ongelmien tunnistamiseksi ennen kuin ne pahenevat.<\/li>\n<li><strong>Oikea voitelu:<\/strong> Voitele sylinteri s\u00e4\u00e4nn\u00f6llisesti valmistajan suositusten mukaisesti varmistaaksesi sujuvan toiminnan ja est\u00e4\u00e4ksesi korroosion.<\/li>\n<li><strong>Tiivisteen vaihto:<\/strong> Tarkista tiivisteet s\u00e4\u00e4nn\u00f6llisesti ja vaihda ne, kun ne ovat kuluneet, jotta v\u00e4ltyt\u00e4\u00e4n vuodoilta, jotka voivat johtaa hydrauliseen vikaan.<\/li>\n<\/ul>\n<h2>Turvallisuusn\u00e4k\u00f6kohdat ja ymp\u00e4rist\u00f6tekij\u00e4t<\/h2>\n<p>Hydraulisylintereit\u00e4 k\u00e4ytett\u00e4ess\u00e4 on t\u00e4rke\u00e4\u00e4 toteuttaa asianmukaiset turvatoimenpiteet. T\u00e4h\u00e4n sis\u00e4ltyy sen varmistaminen, ett\u00e4 k\u00e4ytt\u00e4j\u00e4t ovat koulutettuja laitteiden k\u00e4ytt\u00f6\u00f6n ja tuntevat turvallisuusprotokollat. Puhtaan ty\u00f6ymp\u00e4rist\u00f6n yll\u00e4pit\u00e4minen ja hydraulinesteiden asianmukainen h\u00e4vitt\u00e4minen ovat my\u00f6s ratkaisevan t\u00e4rkeit\u00e4 ymp\u00e4rist\u00f6vaikutusten minimoimiseksi.<\/p>\n<h2>Vianm\u00e4\u00e4ritys ja yleiset ongelmat<\/h2>\n<ul>\n<li><strong>Hydrauliset vuodot:<\/strong> Vuotoja voi esiinty\u00e4 kuluneiden tiivisteiden tai vaurioituneiden osien vuoksi. S\u00e4\u00e4nn\u00f6lliset tarkastukset voivat tunnistaa ongelmat ennen kuin niist\u00e4 tulee merkitt\u00e4vi\u00e4 ongelmia.<\/li>\n<li><strong>Huono sylinterin vaste:<\/strong> Jos sylinteri ei reagoi oikein, tarkista hydraulinesteen tasot ja varmista, ett\u00e4 j\u00e4rjestelm\u00e4ss\u00e4 ei ole ilmakuplia.<\/li>\n<li><strong>Meluisa toiminta:<\/strong> Liiallinen melu voi viitata alhaisiin nestetasoihin tai sylinterin mekaanisiin ongelmiin. S\u00e4\u00e4nn\u00f6llinen huolto voi auttaa v\u00e4ltt\u00e4m\u00e4\u00e4n n\u00e4it\u00e4 ongelmia.<\/li>\n<\/ul>\n<h2>Ongelmanratkaisuvinkkej\u00e4<\/h2>\n<p>Hydraulij\u00e4rjestelm\u00e4n ongelmien tehokkaaksi diagnosoimiseksi ja ratkaisemiseksi varmista, ett\u00e4 kaikki liitokset ovat tiukat ja ett\u00e4 hydraulinesteen tasot ovat optimaaliset. Vuotojen varhainen tunnistaminen on ratkaisevan t\u00e4rke\u00e4\u00e4; k\u00e4yt\u00e4 oikeita tekniikoita l\u00e4hteen paikantamiseen. S\u00e4\u00e4nn\u00f6lliset huoltotarkastukset voivat est\u00e4\u00e4 monia yleisi\u00e4 ongelmia ennen kuin ne pahenevat, varmistaen, ett\u00e4 j\u00e4rjestelm\u00e4 pysyy tehokkaana ja luotettavana.<\/p>\n<p><img decoding=\"async\" src=\"https:\/\/www.hydraulic-cylinders.net\/wp-content\/uploads\/2025\/04\/songte-bushings-with-all-kinds-of-excavator-models.webp\" alt=\"Kaivinkoneen holkit\"><\/p>\n<h2>Yrityksen esittely<\/h2>\n<p>Olemme johtava hydraulisten sylinterien vaihto-osien valmistaja, joka tarjoaa laajan valikoiman tuotteita kotimaisten ja kansainv\u00e4listen markkinoiden tarpeisiin. Sitoutumisemme huippuosaamiseen tukee hienostunut valmistusstrategia, joka hy\u00f6dynt\u00e4\u00e4 edistynytt\u00e4 teknologiaa ja ammattitaitoista henkil\u00f6st\u00f6\u00e4. Parantamalla jatkuvasti valmistuskapasiteettiamme ja priorisoimalla laadunvalvontaa varmistamme, ett\u00e4 tuotteemme t\u00e4ytt\u00e4v\u00e4t korkeimmat standardit. Asiantuntemuksemme kattaa ammattimaisen valmistuksen, kansainv\u00e4lisen sertifioinnin, r\u00e4\u00e4t\u00e4l\u00f6idyt palvelut, edistyneet tuotantolaitteet ja erinomaisen j\u00e4lkimarkkinointipalvelun, mink\u00e4 ansiosta pystymme vastaamaan tehokkaasti monipuolisiin asiakastarpeisiin.<\/p>\n<p><img decoding=\"async\" src=\"https:\/\/www.hydraulic-cylinders.net\/wp-content\/uploads\/2025\/04\/songte-company-4.webp\" alt=\"Yrityksen yleiskatsaus\"><br \/>\n<img decoding=\"async\" src=\"https:\/\/www.hydraulic-cylinders.net\/wp-content\/uploads\/2025\/04\/songte-company-3.webp\" alt=\"Tuotantolaitos\"><\/p>\n<p>Kirjoittaja: lyl<\/p>","protected":false},"excerpt":{"rendered":"<p>Boom Cylinder For Bonny CE2200-7 Product Overview The Boom Cylinder for Bonny CE2200-7 is an essential hydraulic component designed to control the movement of buckets in heavy machinery such as excavators, backhoe loaders, and front loaders. Bucket cylinders play a crucial role in facilitating tasks related to material handling by enabling the raising, lowering, and [&hellip;]<\/p>","protected":false},"featured_media":17871,"comment_status":"open","ping_status":"closed","template":"","meta":{"_et_pb_use_builder":"","_et_pb_old_content":"","_et_gb_content_width":""},"product_brand":[],"product_cat":[1546],"product_tag":[1547,1496],"class_list":{"0":"post-19653","1":"product","2":"type-product","3":"status-publish","4":"has-post-thumbnail","6":"product_cat-boom-cylinders","7":"product_tag-boom-cylinders","8":"product_tag-hydraulic-cylinders","10":"first","11":"instock","12":"shipping-taxable","13":"product-type-simple"},"amp_enabled":true,"_links":{"self":[{"href":"https:\/\/www.hydraulic-cylinders.net\/fi\/wp-json\/wp\/v2\/product\/19653","targetHints":{"allow":["GET"]}}],"collection":[{"href":"https:\/\/www.hydraulic-cylinders.net\/fi\/wp-json\/wp\/v2\/product"}],"about":[{"href":"https:\/\/www.hydraulic-cylinders.net\/fi\/wp-json\/wp\/v2\/types\/product"}],"replies":[{"embeddable":true,"href":"https:\/\/www.hydraulic-cylinders.net\/fi\/wp-json\/wp\/v2\/comments?post=19653"}],"wp:featuredmedia":[{"embeddable":true,"href":"https:\/\/www.hydraulic-cylinders.net\/fi\/wp-json\/wp\/v2\/media\/17871"}],"wp:attachment":[{"href":"https:\/\/www.hydraulic-cylinders.net\/fi\/wp-json\/wp\/v2\/media?parent=19653"}],"wp:term":[{"taxonomy":"product_brand","embeddable":true,"href":"https:\/\/www.hydraulic-cylinders.net\/fi\/wp-json\/wp\/v2\/product_brand?post=19653"},{"taxonomy":"product_cat","embeddable":true,"href":"https:\/\/www.hydraulic-cylinders.net\/fi\/wp-json\/wp\/v2\/product_cat?post=19653"},{"taxonomy":"product_tag","embeddable":true,"href":"https:\/\/www.hydraulic-cylinders.net\/fi\/wp-json\/wp\/v2\/product_tag?post=19653"}],"curies":[{"name":"wp","href":"https:\/\/api.w.org\/{rel}","templated":true}]}}