{"id":19654,"date":"2025-04-07T06:59:59","date_gmt":"2025-04-07T06:59:59","guid":{"rendered":"https:\/\/www.hydraulic-cylinders.net\/product\/boom-cylinder-for-bonny-wzyd18-6\/"},"modified":"2025-04-07T07:00:01","modified_gmt":"2025-04-07T07:00:01","slug":"boom-cylinder-for-bonny-wzyd18-6","status":"publish","type":"product","link":"https:\/\/www.hydraulic-cylinders.net\/fi\/tuote\/boom-cylinder-for-bonny-wzyd18-6\/","title":{"rendered":"Puomin sylinteri Bonny WZYD18-6:lle"},"content":{"rendered":"<h1>Puomin sylinteri Bonny WZYD18-6:lle<\/h1>\n<h2>Tuotteen yleiskatsaus<\/h2>\n<p>Bonny WZYD18-6:n puomin sylinteri on olennainen osa useissa raskaissa koneissa, ja se on erityisesti suunniteltu ohjaamaan kauhojen liikett\u00e4. T\u00e4ll\u00e4 hydraulisylinterill\u00e4 on ratkaiseva rooli hydraulij\u00e4rjestelmiss\u00e4, sill\u00e4 se mahdollistaa kauhojen nostamisen, laskemisen ja kallistuksen kaivinkoneissa, kaivurikuormaajissa ja etukuormaajissa. Mahdollistamalla tarkan liikkeen hallinnan se parantaa merkitt\u00e4v\u00e4sti materiaalink\u00e4sittelyteht\u00e4vien tehokkuutta.<\/p>\n<p><img decoding=\"async\" src=\"https:\/\/www.hydraulic-cylinders.net\/wp-content\/uploads\/2025\/04\/songte-company-1.webp\" alt=\"Puomin sylinteri\" \/><\/p>\n<h3>Kauhasylinterien ymm\u00e4rt\u00e4minen<\/h3>\n<p>Kauhasylinteri on erikoishydraulinen sylinteri, jota k\u00e4ytet\u00e4\u00e4n raskaissa laitteissa kauhan toiminnan hallintaan. Se helpottaa kriittisi\u00e4 liikkeit\u00e4, jotka ovat v\u00e4ltt\u00e4m\u00e4tt\u00f6mi\u00e4 erilaisissa teht\u00e4viss\u00e4, kuten kaivamisessa, nostamisessa ja materiaalin kuljetuksessa. Hydraulij\u00e4rjestelm\u00e4 k\u00e4ytt\u00e4\u00e4 paineistettua nestett\u00e4 liikkeen luomiseen, mik\u00e4 mahdollistaa nopeat ja reagoivat liikkeet, jotka ovat ratkaisevan t\u00e4rkeit\u00e4 rakennus- ja maataloussovelluksissa.<\/p>\n<h2>Puomin sylinterin t\u00e4rkeimm\u00e4t ominaisuudet<\/h2>\n<ul>\n<li><strong>Korkea lujuus ja kest\u00e4vyys:<\/strong> T\u00e4m\u00e4 sylinteri on valmistettu eritt\u00e4in lujasta ter\u00e4ksest\u00e4 tai alumiinista, ja se on suunniteltu kest\u00e4m\u00e4\u00e4n korkeaa painetta ja raskaita kuormia, joten se sopii vaativiin ty\u00f6ymp\u00e4rist\u00f6ihin.<\/li>\n<li><strong>Tehokas hydraulinen k\u00e4ytt\u00f6:<\/strong> Hydrauli\u00f6ljyn paineen ansiosta se varmistaa tasaisen ojennuksen ja sis\u00e4\u00e4nvedon, mik\u00e4 tarjoaa tehokkaat ty\u00f6nt\u00f6- ja veto-ominaisuudet, jotka sopivat ihanteellisesti raskaisiin ja monimutkaisiin teht\u00e4viin.<\/li>\n<li><strong>Erilaisia \u200b\u200btyyppej\u00e4:<\/strong> Saatavilla on vaihtoehtoja yksitoimisina (hydraulinen paine yhteen suuntaan) tai kaksitoimisina (hydraulinen paine molempiin suuntiin) sylinterein\u00e4 erilaisiin k\u00e4ytt\u00f6tarpeisiin.<\/li>\n<li><strong>Kompakti muotoilu:<\/strong> Tietyiss\u00e4 malleissa on teleskooppirakenne, joka mahdollistaa suuremman pidennysosan ilman ulkomittojen kasvua, mik\u00e4 tekee niist\u00e4 t\u00e4ydellisen valinnan ahtaisiin k\u00e4ytt\u00f6tarkoituksiin.<\/li>\n<li><strong>Pidennetty k\u00e4ytt\u00f6ik\u00e4:<\/strong> Kulumiskest\u00e4vyys ja korroosionkest\u00e4vyys mieless\u00e4 pit\u00e4en suunnitellut sylinterit tarjoavat pitk\u00e4n k\u00e4ytt\u00f6i\u00e4n my\u00f6s vaativissa olosuhteissa.<\/li>\n<\/ul>\n<p>Tuotteemme korvaavat t\u00e4ydellisesti erilaisia \u200b\u200bteollisuudessa k\u00e4ytettyj\u00e4 hydraulisylintereit\u00e4.<\/p>\n<p><img decoding=\"async\" src=\"https:\/\/www.hydraulic-cylinders.net\/wp-content\/uploads\/2025\/04\/songte-cylinder-head-with-all-kinds-excavator-models.webp\" alt=\"Hydraulinen sylinterikansi\" \/><\/p>\n<h2>Sovellusskenaariot<\/h2>\n<h3>Rakennuslaitteet<\/h3>\n<p>Rakennuskoneissa puomin sylinterit ovat olennainen osa kaivinkoneita, ja ne auttavat kaivamisessa, lastaamisessa ja maan tai roskien siirt\u00e4misess\u00e4. Ne tarjoavat tarvittavan voiman kauhan k\u00e4sittelyyn, mik\u00e4 varmistaa tehokkaan toiminnan ty\u00f6mailla.<\/p>\n<h3>Maatalouskoneet<\/h3>\n<p>Etukuormaajissa n\u00e4it\u00e4 sylintereit\u00e4 k\u00e4ytet\u00e4\u00e4n maaper\u00e4n, hein\u00e4n ja muiden materiaalien kauhaukseen, nostamiseen ja kuljettamiseen. Niiden luotettavuus ja lujuus tekev\u00e4t niist\u00e4 v\u00e4ltt\u00e4m\u00e4tt\u00f6mi\u00e4 maatalousteht\u00e4viss\u00e4 ja parantavat maataloustoiminnan tuottavuutta.<\/p>\n<h3>Kaivinkoneet<\/h3>\n<p>Kaivinkoneissa kauhan sylinterit mahdollistavat kauhan tehokkaan tunkeutumisen maahan, mik\u00e4 parantaa kaivuprosessia. Niiden hydraulinen ominaisuus mahdollistaa merkitt\u00e4v\u00e4n kaivuvoiman, mik\u00e4 tekee niist\u00e4 v\u00e4ltt\u00e4m\u00e4tt\u00f6mi\u00e4 rakennus- ja maisemointity\u00f6ss\u00e4.<\/p>\n<h3>Kuormaajat<\/h3>\n<p>Etukuormaajissa n\u00e4m\u00e4 sylinterit auttavat kuormien tehokkaassa nostamisessa ja tyhjent\u00e4misess\u00e4. Niiden rakenne varmistaa, ett\u00e4 raskaita materiaaleja voidaan siirt\u00e4\u00e4 helposti, mik\u00e4 parantaa yleist\u00e4 toiminnan tehokkuutta eri teollisuudenaloilla.<\/p>\n<h2>Suunnittelun\u00e4k\u00f6kohdat ja valintakriteerit<\/h2>\n<ul>\n<li><strong>Kantavuus:<\/strong> Kuormitettavuus on ratkaisevan t\u00e4rke\u00e4\u00e4, koska se m\u00e4\u00e4ritt\u00e4\u00e4 sylinterin turvallisen painon. On t\u00e4rke\u00e4\u00e4 valita sylinteri, joka t\u00e4ytt\u00e4\u00e4 tai ylitt\u00e4\u00e4 sen koneen kuormitusvaatimukset, johon se asennetaan.<\/li>\n<li><strong>Tiivistyskyky:<\/strong> Tehokas tiivistys est\u00e4\u00e4 hydraulinesteen vuodot ja varmistaa optimaalisen suorituskyvyn. Kest\u00e4vist\u00e4 materiaaleista valmistetut korkealaatuiset tiivisteet parantavat hydraulisylintereiden pitk\u00e4ik\u00e4isyytt\u00e4 ja tehokkuutta.<\/li>\n<li><strong>Kest\u00e4vyys:<\/strong> Rakentamisessa k\u00e4ytettyjen materiaalien on kestett\u00e4v\u00e4 ankaria olosuhteita, kuten \u00e4\u00e4rimm\u00e4isi\u00e4 l\u00e4mp\u00f6tiloja ja sy\u00f6vytt\u00e4vi\u00e4 ymp\u00e4rist\u00f6j\u00e4. Suunnittelussa tulisi olla ominaisuuksia, jotka v\u00e4hent\u00e4v\u00e4t kulumista ajan my\u00f6t\u00e4.<\/li>\n<li><strong>Turvallisuusstandardit:<\/strong> Sylinterien on t\u00e4ytett\u00e4v\u00e4 turvallisuusm\u00e4\u00e4r\u00e4ykset ja -standardit turvallisen k\u00e4yt\u00f6n varmistamiseksi. T\u00e4h\u00e4n sis\u00e4ltyv\u00e4t ominaisuudet, kuten paineenalennusventtiilit ja muut turvamekanismit onnettomuuksien est\u00e4miseksi.<\/li>\n<li><strong>Helppohoitoisuus:<\/strong> Hyvin suunnitellun sylinterin tulisi mahdollistaa komponentteihin helppo p\u00e4\u00e4sy s\u00e4\u00e4nn\u00f6llist\u00e4 huoltoa varten. Vaihdettavien osien huomioiminen ja yksinkertainen kokoonpano voivat s\u00e4\u00e4st\u00e4\u00e4 aikaa ja v\u00e4hent\u00e4\u00e4 seisokkiaikoja.<\/li>\n<\/ul>\n<p><img decoding=\"async\" src=\"https:\/\/www.hydraulic-cylinders.net\/wp-content\/uploads\/2025\/04\/songte-oil-pipes-and-spare-parts.webp\" alt=\"\u00d6ljyputket ja varaosat\" \/><\/p>\n<h2>Tiivistys ja voitelu<\/h2>\n<p>Asianmukainen tiivistys ja voitelu ovat elint\u00e4rkeit\u00e4 hydraulisylinterien toiminnalle ja pitk\u00e4ik\u00e4isyydelle. Erilaisia \u200b\u200btiivisteit\u00e4, kuten m\u00e4nn\u00e4ntiivisteit\u00e4 ja varren tiivisteit\u00e4, k\u00e4ytet\u00e4\u00e4n est\u00e4m\u00e4\u00e4n nestevuotoja. Kulutusta kest\u00e4vist\u00e4 materiaaleista, kuten polyuretaanista ja nitriilikumista, valmistetut tiivisteet varmistavat kest\u00e4vyyden paineen alla. Sylinterin runko ja kierteitetyt p\u00e4\u00e4typinnat k\u00e4sitell\u00e4\u00e4n hienovaraisesti kulutuskest\u00e4vyyden parantamiseksi, ja s\u00e4\u00e4nn\u00f6llinen hydrauli\u00f6ljyvoitelu on v\u00e4ltt\u00e4m\u00e4t\u00f6nt\u00e4 j\u00e4rjestelm\u00e4n sujuvan toiminnan varmistamiseksi.<\/p>\n<h2>S\u00e4\u00e4nn\u00f6llinen tarkastus ja ennaltaehk\u00e4isev\u00e4 huolto<\/h2>\n<ul>\n<li><strong>Rutiinitarkastukset:<\/strong> S\u00e4\u00e4nn\u00f6lliset tarkastukset auttavat tunnistamaan kulumisen ja repe\u00e4m\u00e4t ennen kuin ne johtavat merkitt\u00e4viin vikoihin. Tarkkaile vuotojen merkkej\u00e4, tiivisteiden kulumista ja yleist\u00e4 kuntoa.<\/li>\n<li><strong>Oikea voitelu:<\/strong> Varmista liikkuvien osien oikea-aikainen voitelu kitkan ja kulumisen v\u00e4hent\u00e4miseksi. T\u00e4m\u00e4 huolto on ratkaisevan t\u00e4rke\u00e4\u00e4 optimaalisen suorituskyvyn yll\u00e4pit\u00e4miseksi.<\/li>\n<li><strong>Tiivisteen vaihto:<\/strong> Tarkista tiivisteet s\u00e4\u00e4nn\u00f6llisesti mahdollisten kulumisen merkkien varalta. Kuluneiden tiivisteiden vaihtaminen varmistaa hydraulij\u00e4rjestelm\u00e4n tehokkaan toiminnan est\u00e4en vuodot ja paineh\u00e4vi\u00f6t.<\/li>\n<\/ul>\n<h2>Asennusohjeet<\/h2>\n<p>Puomisylinteri\u00e4 asennettaessa on t\u00e4rke\u00e4\u00e4 noudattaa valmistajan ohjeita huolellisesti. Aloita varmistamalla, ett\u00e4 kiinnitystelineet ovat tukevasti kiinni ja oikein kohdistettuina sylinteriin. K\u00e4yt\u00e4 sopivia ty\u00f6kaluja pulttien kirist\u00e4miseen ja varmista, ett\u00e4 ne sopivat tiiviisti ilman, ett\u00e4 kirist\u00e4t liikaa. Sylinterin oikea kohdistus on ratkaisevan t\u00e4rke\u00e4\u00e4 liiallisen rasituksen ja mahdollisten vikojen est\u00e4miseksi. Asennuksen j\u00e4lkeen tarkista hydrauliset vuodot ja varmista, ett\u00e4 se toimii sujuvasti koko liikeradalla. On suositeltavaa k\u00e4\u00e4nty\u00e4 ammattilaisen puoleen, jos asennuksen aikana ilmenee ongelmia.<\/p>\n<h2>Yleiset huoltoteht\u00e4v\u00e4t<\/h2>\n<ul>\n<li><strong>S\u00e4\u00e4nn\u00f6lliset tarkastukset:<\/strong> Suorita rutiinitarkastuksia sylinterin suorituskyvylle ja eheydelle ongelmien havaitsemiseksi varhaisessa vaiheessa.<\/li>\n<li><strong>Asianmukainen voitelu:<\/strong> Pid\u00e4 yll\u00e4 tasaista voiteluaikataulua ja k\u00e4yt\u00e4 korkealaatuista hydrauliikka\u00f6ljy\u00e4.<\/li>\n<li><strong>Tiivisteen vaihto ja kalibrointi:<\/strong> Varmista, ett\u00e4 tiivisteet vaihdetaan kuluneina ja kalibrointi tarkistetaan s\u00e4\u00e4nn\u00f6llisesti optimaalisen suorituskyvyn yll\u00e4pit\u00e4miseksi.<\/li>\n<\/ul>\n<p>Sylinterin oikea asennuskohdistus on elint\u00e4rke\u00e4\u00e4, ja sopivien kiinnitystelineiden k\u00e4ytt\u00f6 parantaa vakautta. S\u00e4\u00e4nn\u00f6lliset tarkastukset, korjaukset ja vaihdot ovat v\u00e4ltt\u00e4m\u00e4tt\u00f6mi\u00e4 sylinterin k\u00e4ytt\u00f6i\u00e4n pident\u00e4miseksi.<\/p>\n<p><img decoding=\"async\" src=\"https:\/\/www.hydraulic-cylinders.net\/wp-content\/uploads\/2025\/04\/songte-chushion-collar.webp\" alt=\"Tyynykaulus\" \/><\/p>\n<h2>Turvallisuusn\u00e4k\u00f6kohdat ja ymp\u00e4rist\u00f6tekij\u00e4t<\/h2>\n<p>Hydraulisylinterien kanssa ty\u00f6skennelt\u00e4ess\u00e4 turvatoimenpiteet ovat ensiarvoisen t\u00e4rkeit\u00e4. K\u00e4ytt\u00e4j\u00e4t tulee kouluttaa laitteiden turvalliseen k\u00e4sittelyyn ja heid\u00e4n tulee ymm\u00e4rt\u00e4\u00e4 hydrauliseen paineeseen liittyv\u00e4t mahdolliset vaarat. S\u00e4\u00e4nn\u00f6llinen koulutus ja turvallisuusprotokollien noudattaminen voivat v\u00e4hent\u00e4\u00e4 merkitt\u00e4v\u00e4sti onnettomuusriski\u00e4.<\/p>\n<h2>Vianm\u00e4\u00e4ritys ja yleiset ongelmat<\/h2>\n<ul>\n<li><strong>Paineh\u00e4vi\u00f6:<\/strong> Jos sylinteri ei reagoi kunnolla, tarkista hydraulinesteen tasot ja mahdolliset vuodot j\u00e4rjestelm\u00e4ss\u00e4.<\/li>\n<li><strong>Ep\u00e4tasainen liike:<\/strong> T\u00e4m\u00e4 voi viitata tiivisteiden tai sis\u00e4isten komponenttien ongelmiin. Tarkasta tiivisteet ja harkitse j\u00e4rjestelm\u00e4n uudelleenkalibrointia.<\/li>\n<li><strong>Ep\u00e4tavalliset \u00e4\u00e4net:<\/strong> K\u00e4yt\u00f6n aikana kuuluvat \u00e4\u00e4net voivat olla merkki huollon tarpeesta. Tutki mahdolliset voiteluongelmat tai kuluneet osat.<\/li>\n<\/ul>\n<p>Ongelmien tehokkaaseen diagnosointiin ja ratkaisemiseen on noudatettava systemaattista vianm\u00e4\u00e4ritysmenetelm\u00e4\u00e4. S\u00e4\u00e4nn\u00f6lliset ennaltaehk\u00e4isev\u00e4t toimenpiteet, mukaan lukien vuotojen ja nestetasojen tarkastukset, minimoivat hydraulij\u00e4rjestelm\u00e4n mahdolliset ongelmat.<\/p>\n<p><img decoding=\"async\" src=\"https:\/\/www.hydraulic-cylinders.net\/wp-content\/uploads\/2025\/04\/songte-bushings-with-all-kinds-of-excavator-models.webp\" alt=\"Kaivinkonemallien holkit\" \/><\/p>\n<h2>Yrityksen yleiskatsaus<\/h2>\n<p>Olemme johtava hydraulisten sylinterien vaihto-osien valmistaja ja jakelija, ja tarjoamme laajan valikoiman tuotteita, jotka sopivat sek\u00e4 kotimaisille ett\u00e4 kansainv\u00e4lisille markkinoille. Sitoutumisemme huippuosaamiseen tukee hienostunut valmistusstrategia, joka hy\u00f6dynt\u00e4\u00e4 edistynytt\u00e4 teknologiaa ja ammattitaitoista henkil\u00f6st\u00f6\u00e4. Parannamme jatkuvasti tuotantoprosessejamme parantaaksemme tuotteiden laatua ja tehokkuutta varmistaen, ett\u00e4 t\u00e4yt\u00e4mme monipuoliset asiakastarpeet suurella tarkkuudella ja luotettavuudella.<\/p>\n<p>Yrityksemme on ylpe\u00e4 ammattitaidostaan, kansainv\u00e4lisist\u00e4 sertifikaateistaan, r\u00e4\u00e4t\u00e4l\u00f6idyist\u00e4 palveluistaan, edistyneist\u00e4 valmistuslaitteistaan \u200b\u200bja kattavasta myynnin j\u00e4lkeisest\u00e4 tuesta.<\/p>\n<p><img decoding=\"async\" src=\"https:\/\/www.hydraulic-cylinders.net\/wp-content\/uploads\/2025\/04\/songte-company-4.webp\" alt=\"Yrityskuva 4\" \/><br \/>\n<img decoding=\"async\" src=\"https:\/\/www.hydraulic-cylinders.net\/wp-content\/uploads\/2025\/04\/songte-company-3.webp\" alt=\"Yrityskuva 3\" \/><\/p>\n<p>Kirjoittaja: lyl<\/p>","protected":false},"excerpt":{"rendered":"<p>Boom Cylinder For Bonny WZYD18-6 Product Overview The Boom Cylinder for Bonny WZYD18-6 is an essential component in various heavy machinery, specifically designed to control the movement of buckets. This hydraulic cylinder plays a critical role in hydraulic systems, enabling the lifting, lowering, and tilting of buckets on excavators, backhoe loaders, and front-end loaders. By [&hellip;]<\/p>","protected":false},"featured_media":17872,"comment_status":"open","ping_status":"closed","template":"","meta":{"_et_pb_use_builder":"","_et_pb_old_content":"","_et_gb_content_width":""},"product_brand":[],"product_cat":[1546],"product_tag":[1547,1496],"class_list":{"0":"post-19654","1":"product","2":"type-product","3":"status-publish","4":"has-post-thumbnail","6":"product_cat-boom-cylinders","7":"product_tag-boom-cylinders","8":"product_tag-hydraulic-cylinders","10":"first","11":"instock","12":"shipping-taxable","13":"product-type-simple"},"amp_enabled":true,"_links":{"self":[{"href":"https:\/\/www.hydraulic-cylinders.net\/fi\/wp-json\/wp\/v2\/product\/19654","targetHints":{"allow":["GET"]}}],"collection":[{"href":"https:\/\/www.hydraulic-cylinders.net\/fi\/wp-json\/wp\/v2\/product"}],"about":[{"href":"https:\/\/www.hydraulic-cylinders.net\/fi\/wp-json\/wp\/v2\/types\/product"}],"replies":[{"embeddable":true,"href":"https:\/\/www.hydraulic-cylinders.net\/fi\/wp-json\/wp\/v2\/comments?post=19654"}],"wp:featuredmedia":[{"embeddable":true,"href":"https:\/\/www.hydraulic-cylinders.net\/fi\/wp-json\/wp\/v2\/media\/17872"}],"wp:attachment":[{"href":"https:\/\/www.hydraulic-cylinders.net\/fi\/wp-json\/wp\/v2\/media?parent=19654"}],"wp:term":[{"taxonomy":"product_brand","embeddable":true,"href":"https:\/\/www.hydraulic-cylinders.net\/fi\/wp-json\/wp\/v2\/product_brand?post=19654"},{"taxonomy":"product_cat","embeddable":true,"href":"https:\/\/www.hydraulic-cylinders.net\/fi\/wp-json\/wp\/v2\/product_cat?post=19654"},{"taxonomy":"product_tag","embeddable":true,"href":"https:\/\/www.hydraulic-cylinders.net\/fi\/wp-json\/wp\/v2\/product_tag?post=19654"}],"curies":[{"name":"wp","href":"https:\/\/api.w.org\/{rel}","templated":true}]}}