{"id":19657,"date":"2025-04-07T07:00:07","date_gmt":"2025-04-07T07:00:07","guid":{"rendered":"https:\/\/www.hydraulic-cylinders.net\/product\/boom-cylinder-for-bonny-ced260-6\/"},"modified":"2025-04-07T07:00:10","modified_gmt":"2025-04-07T07:00:10","slug":"boom-cylinder-for-bonny-ced260-6","status":"publish","type":"product","link":"https:\/\/www.hydraulic-cylinders.net\/fi\/tuote\/boom-cylinder-for-bonny-ced260-6\/","title":{"rendered":"Puomin sylinteri Bonny CED260-6:lle"},"content":{"rendered":"<h1>Puomin sylinteri Bonny CED260-6:lle<\/h1>\n<h2>Johdatus puomin sylinteriin<\/h2>\n<p>Puomisylinteri on olennainen hydraulinen komponentti, joka on suunniteltu erityisesti ohjaamaan kauhojen liikett\u00e4 erilaisissa raskaissa koneissa, kuten kaivinkoneissa, kaivurikuormaajissa ja etukuormaajissa. N\u00e4m\u00e4 sylinterit mahdollistavat kauhan nostamisen, laskemisen ja kallistuksen, mik\u00e4 helpottaa materiaalink\u00e4sittelyteht\u00e4vi\u00e4 tehokkaasti. Kauhasylinteri on hydraulinen sylinterityyppi, jolla on ratkaiseva rooli hydraulij\u00e4rjestelmiss\u00e4, koska se muuntaa hydraulisen energian mekaaniseksi energiaksi ty\u00f6n suorittamiseksi. Raskaissa koneissa se on olennainen osa tarkkaa ohjausta ja sujuvaa toimintaa, mik\u00e4 edist\u00e4\u00e4 rakennus- ja kaivut\u00f6iden yleist\u00e4 tehokkuutta.<\/p>\n<p><img decoding=\"async\" src=\"https:\/\/www.hydraulic-cylinders.net\/wp-content\/uploads\/2025\/04\/songte-company-1.webp\" alt=\"Puomin sylinteri\"><\/p>\n<h2>Puomin sylinterin ominaisuudet<\/h2>\n<ul>\n<li>\n<h3>Korkea lujuus ja kest\u00e4vyys<\/h3>\n<p>Korkean lujuuden omaavasta ter\u00e4ksest\u00e4 tai alumiinista valmistettu puomin sylinteri kest\u00e4\u00e4 korkeaa painetta ja raskaita kuormia, joten se sopii vaativiin ty\u00f6ymp\u00e4rist\u00f6ihin. Sen suunnittelussa on otettu huomioon kulutuskest\u00e4vyys ja korroosionkest\u00e4vyys, mik\u00e4 pident\u00e4\u00e4 sen k\u00e4ytt\u00f6ik\u00e4\u00e4.<\/p>\n<\/li>\n<li>\n<h3>Tehokas hydraulinen k\u00e4ytt\u00f6<\/h3>\n<p>Sylinteri hy\u00f6dynt\u00e4\u00e4 hydrauli\u00f6ljyn painetta tasaisten ojennus- ja sis\u00e4\u00e4nvetoliikkeiden saavuttamiseksi. Se reagoi nopeasti ohjauskomentoihin ja tarjoaa tehokkaan ty\u00f6nt\u00f6- ja vetovoiman, jota tarvitaan raskaiden materiaalien k\u00e4sittelyyn ja monimutkaisiin teht\u00e4viin.<\/p>\n<\/li>\n<li>\n<h3>Erilaiset tyypit<\/h3>\n<p>Puomisylinteri\u00e4 on saatavana yksitoimisena (hydrauliikkaa yhteen suuntaan) ja kaksitoimisena (hydrauliikkaa molempiin suuntiin), ja se vastaa erilaisiin k\u00e4ytt\u00f6tarpeisiin. Tietyt mallit ovat teleskooppisia, mik\u00e4 mahdollistaa suuremman jatkeen ilman ulkomittojen kasvua, mik\u00e4 tekee niist\u00e4 ihanteellisia tilarajoitteisiin sovelluksiin.<\/p>\n<\/li>\n<li>\n<h3>Edistyneet tiivistystekniikat<\/h3>\n<p>Suunniteltu erinomaisilla tiivistystekniikoilla vuotojen est\u00e4miseksi ja sujuvan toiminnan varmistamiseksi, mik\u00e4 edist\u00e4\u00e4 hydraulij\u00e4rjestelm\u00e4n kokonaistehokkuutta.<\/p>\n<\/li>\n<li>\n<h3>Mukautusvaihtoehdot<\/h3>\n<p>Tarjoamme r\u00e4\u00e4t\u00e4l\u00f6ityj\u00e4 ratkaisuja erityistarpeisiin varmistaen, ett\u00e4 puomisylinterimme voi tehokkaasti korvata muut markkinoilla olevat hydraulisylinterit.<\/p>\n<\/li>\n<\/ul>\n<p><img decoding=\"async\" src=\"https:\/\/www.hydraulic-cylinders.net\/wp-content\/uploads\/2025\/04\/songte-cylinder-head-with-all-kinds-excavator-models.webp\" alt=\"Puomin sylinterin sovellukset\"><\/p>\n<h2>Puomisylinterin sovellukset<\/h2>\n<ul>\n<li>\n<h3>Rakennuslaitteet<\/h3>\n<p>Kaivinkoneissa puomisylinterit ovat ratkaisevan t\u00e4rkeit\u00e4 kaivamisessa, lastaamisessa ja maan tai roskien siirt\u00e4misess\u00e4. Ne auttavat raskaiden materiaalien nostamisessa ja sijoittamisessa tarkasti. Kaivurikuormaajissa puomisylinteri auttaa paitsi kaivamisessa my\u00f6s nostotoiminnoissa, mik\u00e4 tekee siit\u00e4 korvaamattoman rakennusprojekteissa.<\/p>\n<\/li>\n<li>\n<h3>Maatalouskoneet<\/h3>\n<p>Etukuormaajissa n\u00e4it\u00e4 sylintereit\u00e4 k\u00e4ytet\u00e4\u00e4n maan, hein\u00e4n ja muiden materiaalien kauhaukseen, nostamiseen ja kuljettamiseen. Kauhan asennon tarkka hallinta parantaa maataloust\u00f6iden tuottavuutta.<\/p>\n<\/li>\n<li>\n<h3>Kaivinkoneet<\/h3>\n<p>Kaivinkoneissa puomin sylinteri mahdollistaa kaivutoiminnot antamalla kauhan tunkeutua tehokkaasti maaper\u00e4\u00e4n. T\u00e4m\u00e4 toiminto on elint\u00e4rke\u00e4 erilaisissa kaivut\u00f6iss\u00e4, ja se lis\u00e4\u00e4 koneen monipuolisuutta ja tehokkuutta.<\/p>\n<\/li>\n<li>\n<h3>Kuormaajat<\/h3>\n<p>Etukuormaajissa puomin sylinteri auttaa kuormien tehokkaassa nostamisessa ja tyhjent\u00e4misess\u00e4. Sen kyky k\u00e4sitell\u00e4 raskaita painoja ja s\u00e4ilytt\u00e4\u00e4 samalla vakaus on ratkaisevan t\u00e4rke\u00e4\u00e4 k\u00e4ytt\u00f6turvallisuuden ja tehokkuuden kannalta.<\/p>\n<\/li>\n<\/ul>\n<h2>Suunnittelun\u00e4k\u00f6kohdat ja valintakriteerit<\/h2>\n<ul>\n<li>\n<h3>Kantavuus<\/h3>\n<p>Puomisylinterin suunnittelussa kuormituskapasiteetti on ensisijainen huomioitava seikka. Se m\u00e4\u00e4ritt\u00e4\u00e4 sylinterin kantaman enimm\u00e4ispainon vaarantamatta turvallisuutta tai suorituskyky\u00e4. Materiaalivalinnat ja suunnittelu heijastavat kuormituksen alaisen lujuuden ja vakauden vaatimuksia.<\/p>\n<\/li>\n<li>\n<h3>Tiivistys ja vuotojen esto<\/h3>\n<p>Tehokkaat tiivistysmekanismit ovat elint\u00e4rkeit\u00e4 hydraulinesteiden vuotojen est\u00e4misess\u00e4, jotka voivat johtaa tehokkuuden heikkenemiseen ja ymp\u00e4rist\u00f6vaaroihin. Kest\u00e4vist\u00e4 materiaaleista valmistetut korkealaatuiset tiivisteet ja laakerit ovat v\u00e4ltt\u00e4m\u00e4tt\u00f6mi\u00e4 luotettavuuden varmistamiseksi.<\/p>\n<\/li>\n<li>\n<h3>Kest\u00e4vyys<\/h3>\n<p>Puomisylinterin kest\u00e4vyys on ratkaisevan t\u00e4rke\u00e4\u00e4 erityisesti ankarissa olosuhteissa, joissa altistuminen luonnonvoimille voi aiheuttaa kulumista. Suunnitteluvaiheessa otetaan huomioon muun muassa korroosionkest\u00e4vyys, v\u00e4symislujuus ja materiaalin kest\u00e4vyys.<\/p>\n<\/li>\n<li>\n<h3>Turvaominaisuudet<\/h3>\n<p>Turvallisuus on ensiarvoisen t\u00e4rke\u00e4\u00e4 hydrauliikkakomponenttien suunnittelussa. Turvallisuusominaisuuksien, kuten paineenalennusventtiilien ja kest\u00e4v\u00e4n rakenteellisen eheyden, sis\u00e4llytt\u00e4minen auttaa ehk\u00e4isem\u00e4\u00e4n onnettomuuksia ja varmistaa turvallisen k\u00e4yt\u00f6n raskaiden nostojen ja muiden vaativien teht\u00e4vien aikana.<\/p>\n<\/li>\n<li>\n<h3>Huolto ja korjattavuus<\/h3>\n<p>My\u00f6s suunnittelussa on t\u00e4rke\u00e4\u00e4 ottaa huomioon helppo huolto. Komponenttien tulisi olla helposti saatavilla tarkastusta, voitelua ja korjausta varten, mik\u00e4 minimoi seisokkiajat ja parantaa toiminnan tehokkuutta.<\/p>\n<\/li>\n<\/ul>\n<p><img decoding=\"async\" src=\"https:\/\/www.hydraulic-cylinders.net\/wp-content\/uploads\/2025\/04\/songte-oil-pipes-and-spare-parts.webp\" alt=\"Hydraulisylinterin komponentit\"><\/p>\n<h2>Puomin sylinterin tiivistys ja voitelu<\/h2>\n<p>Puomisylinterin tehokkuus riippuu suuresti erilaisten tiivisteiden, kuten m\u00e4nn\u00e4ntiivisteiden ja varren tiivisteiden, k\u00e4yt\u00f6st\u00e4. N\u00e4m\u00e4 tiivisteet on valmistettu polyuretaanista ja nitriilikumista. N\u00e4m\u00e4 materiaalit on valittu niiden kulutuskest\u00e4vyyden ja kest\u00e4vyyden vuoksi hydraulisissa sovelluksissa. Sylinterin runko ja kierteitetyt p\u00e4\u00e4typinnat on ty\u00f6stetty tarkasti kulutuskest\u00e4vyyden parantamiseksi ja pitk\u00e4n k\u00e4ytt\u00f6i\u00e4n varmistamiseksi.<\/p>\n<p>Lis\u00e4ksi on eritt\u00e4in t\u00e4rke\u00e4\u00e4 lis\u00e4t\u00e4 s\u00e4\u00e4nn\u00f6llisesti oikea m\u00e4\u00e4r\u00e4 hydrauli\u00f6ljy\u00e4 voitelua varten. Riitt\u00e4v\u00e4 voitelu minimoi liikkuvien osien v\u00e4lisen kitkan, v\u00e4hent\u00e4\u00e4 kulumista ja pident\u00e4\u00e4 siten sylinterin k\u00e4ytt\u00f6ik\u00e4\u00e4. S\u00e4\u00e4nn\u00f6lliset tarkastukset ja hydraulinesteen lis\u00e4\u00e4minen ovat t\u00e4rkeit\u00e4 k\u00e4yt\u00e4nt\u00f6j\u00e4, joita on noudatettava tarkasti optimaalisen suorituskyvyn saavuttamiseksi.<\/p>\n<h2>Ennaltaehk\u00e4isev\u00e4t huoltotoimenpiteet<\/h2>\n<ul>\n<li>\n<h3>S\u00e4\u00e4nn\u00f6lliset tarkastukset<\/h3>\n<p>S\u00e4\u00e4nn\u00f6llisten tarkastusten tekeminen auttaa tunnistamaan kulumisen ja repe\u00e4m\u00e4t varhaisessa vaiheessa. Kaikkiin vuotojen tai ep\u00e4tavallisen toiminnan merkkeihin on puututtava v\u00e4litt\u00f6m\u00e4sti lis\u00e4vaurioiden est\u00e4miseksi.<\/p>\n<\/li>\n<li>\n<h3>Oikea voitelu<\/h3>\n<p>Puomisylinterin riitt\u00e4v\u00e4 voitelu on elint\u00e4rke\u00e4\u00e4 sen sujuvan toiminnan kannalta. Tarkista hydraulinesteen tasot s\u00e4\u00e4nn\u00f6llisesti ja voitele tarvittaessa kitkaan liittyvien ongelmien v\u00e4ltt\u00e4miseksi.<\/p>\n<\/li>\n<li>\n<h3>Tiivisteiden vaihto<\/h3>\n<p>Tiivisteet tulee tarkistaa s\u00e4\u00e4nn\u00f6llisesti vaurioiden varalta ja vaihtaa tarvittaessa. T\u00e4m\u00e4 toimenpide est\u00e4\u00e4 nestevuodot ja yll\u00e4pit\u00e4\u00e4 j\u00e4rjestelm\u00e4n eheytt\u00e4, mik\u00e4 on v\u00e4ltt\u00e4m\u00e4t\u00f6nt\u00e4 turvallisen k\u00e4yt\u00f6n kannalta.<\/p>\n<\/li>\n<\/ul>\n<h2>Puomin sylinterin asennusohjeet<\/h2>\n<p>Puomisylinterin oikea asennus on elint\u00e4rke\u00e4\u00e4 optimaalisen suorituskyvyn saavuttamiseksi. Aloita varmistamalla, ett\u00e4 sylinterin ja koneen kiinnityspinnat ovat puhtaat ja roskattomat. K\u00e4yt\u00e4 sopivia kiinnityskorvakkeita sylinterin kiinnitt\u00e4miseen paikalleen ja varmista, ett\u00e4 se on kohdistettu oikein koneen hydraulij\u00e4rjestelm\u00e4\u00e4n. V\u00e4\u00e4r\u00e4 kohdistus voi johtaa ennenaikaiseen kulumiseen ja mahdolliseen vikaantumiseen.<\/p>\n<p>Ennen asennuksen viimeistely\u00e4 tarkista, ett\u00e4 kaikki hydrauliset liit\u00e4nn\u00e4t ovat tukevasti kiinni ja vuotamattomat. Asennuksen j\u00e4lkeen suorita painekoe varmistaaksesi, ett\u00e4 j\u00e4rjestelm\u00e4 toimii m\u00e4\u00e4ritellyll\u00e4 painealueella. Tarkkaile sylinterin suorituskyky\u00e4 s\u00e4\u00e4nn\u00f6llisesti mahdollisten ongelmien havaitsemiseksi varhaisessa vaiheessa.<\/p>\n<h2>Yleiset huoltoteht\u00e4v\u00e4t<\/h2>\n<ul>\n<li>\n<h3>S\u00e4\u00e4nn\u00f6lliset tarkastukset<\/h3>\n<p>S\u00e4\u00e4nn\u00f6llisten tarkastusten suorittaminen on elint\u00e4rke\u00e4\u00e4 kulumisen ja mahdollisten ongelmien tunnistamiseksi. Etsi merkkej\u00e4 vaurioista ja korjaa ne v\u00e4litt\u00f6m\u00e4sti est\u00e4\u00e4ksesi niiden pahenemisen.<\/p>\n<\/li>\n<li>\n<h3>Asianmukainen voitelu<\/h3>\n<p>S\u00e4\u00e4nn\u00f6llinen voitelu on v\u00e4ltt\u00e4m\u00e4t\u00f6nt\u00e4 puomin sylinterin moitteettoman toiminnan varmistamiseksi. Varmista, ett\u00e4 hydrauliikka\u00f6ljyn taso on suositellulla tasolla ja vaihda se huolto-ohjelman mukaisesti.<\/p>\n<\/li>\n<li>\n<h3>Tiivisteiden vaihto ja kalibrointitarkastukset<\/h3>\n<p>Kuluneet tai vaurioituneet tiivisteet tulee vaihtaa vuotojen est\u00e4miseksi. Lis\u00e4ksi kalibrointitarkastuksilla varmistetaan, ett\u00e4 sylinteri toimii odotetulla tavalla ja yll\u00e4pit\u00e4\u00e4 toiminnallista tehokkuutta.<\/p>\n<\/li>\n<\/ul>\n<p><img decoding=\"async\" src=\"https:\/\/www.hydraulic-cylinders.net\/wp-content\/uploads\/2025\/04\/songte-chushion-collar.webp\" alt=\"Puomin sylinterin huolto\"><\/p>\n<h2>Turvallisuusn\u00e4k\u00f6kohdat ja ymp\u00e4rist\u00f6tekij\u00e4t<\/h2>\n<p>Puomisylintereit\u00e4 k\u00e4ytett\u00e4ess\u00e4 ja huollettaessa turvatoimenpiteet ovat \u00e4\u00e4rimm\u00e4isen t\u00e4rkeit\u00e4. Hydraulisia koneita k\u00e4sittelev\u00e4n henkil\u00f6st\u00f6n asianmukainen koulutus on v\u00e4ltt\u00e4m\u00e4t\u00f6nt\u00e4 onnettomuuksien ehk\u00e4isemiseksi. Lis\u00e4ksi on t\u00e4rke\u00e4\u00e4 olla tietoinen ymp\u00e4rist\u00f6tekij\u00f6ist\u00e4, kuten mahdollisista vuodoista, jotka voivat saastuttaa maaper\u00e4n ja veden. Ymp\u00e4rist\u00f6yst\u00e4v\u00e4llisten hydraulinesteiden k\u00e4ytt\u00f6 voi my\u00f6s lievent\u00e4\u00e4 ymp\u00e4rist\u00f6vaikutuksia.<\/p>\n<h2>Vianm\u00e4\u00e4ritys ja yleiset ongelmat<\/h2>\n<ul>\n<li>\n<h3>Hydraulinestevuoto<\/h3>\n<p>Vuodot ovat yleinen ongelma, joka voi johtua kuluneista tiivisteist\u00e4 tai vaurioituneista osista. S\u00e4\u00e4nn\u00f6lliset tarkastukset voivat auttaa havaitsemaan n\u00e4m\u00e4 ongelmat varhaisessa vaiheessa, ennen kuin ne johtavat merkitt\u00e4viin ongelmiin.<\/p>\n<\/li>\n<li>\n<h3>Hidas vasteaika<\/h3>\n<p>Jos puomin sylinteri reagoi hitaasti, se voi viitata alhaiseen hydraulinesteen tasoon tai sis\u00e4isiin vaurioihin. N\u00e4iden ongelmien nopea korjaaminen voi palauttaa toiminnan.<\/p>\n<\/li>\n<li>\n<h3>Ep\u00e4tavalliset \u00e4\u00e4net<\/h3>\n<p>Oudot \u00e4\u00e4net k\u00e4yt\u00f6n aikana voivat viitata sis\u00e4iseen kulumiseen tai komponenttien vikaantumiseen. On t\u00e4rke\u00e4\u00e4 tutkia t\u00e4llaiset ongelmat lis\u00e4vaurioiden est\u00e4miseksi.<\/p>\n<\/li>\n<\/ul>\n<h2>Vianm\u00e4\u00e4ritysvinkkej\u00e4 ja -ratkaisuja<\/h2>\n<p>Jotta ongelmat voidaan diagnosoida ja ratkaista tehokkaasti, seuraa puomisylinterin suorituskyky\u00e4 s\u00e4\u00e4nn\u00f6llisesti. Jos hydraulinestett\u00e4 vuotaa, tarkista tiivisteet ja liitokset vaurioiden varalta. Jos vasteajat ovat hitaita, tarkista hydraulinesteen m\u00e4\u00e4r\u00e4 ja t\u00e4yt\u00e4 tarvittaessa. Jos ep\u00e4tavallisia \u00e4\u00e4ni\u00e4 esiintyy, lopeta k\u00e4ytt\u00f6 v\u00e4litt\u00f6m\u00e4sti ja suorita perusteellinen tarkastus ongelman l\u00e4hteen selvitt\u00e4miseksi.<\/p>\n<p>Ennaltaehk\u00e4isevien toimenpiteiden, kuten s\u00e4\u00e4nn\u00f6llisen huollon ja havaittujen ongelmien v\u00e4litt\u00f6m\u00e4n korjaamisen, toteuttaminen voi merkitt\u00e4v\u00e4sti v\u00e4hent\u00e4\u00e4 mahdollisten ongelmien riski\u00e4 ja pident\u00e4\u00e4 puomisylinterin k\u00e4ytt\u00f6ik\u00e4\u00e4.<\/p>\n<p><img decoding=\"async\" src=\"https:\/\/www.hydraulic-cylinders.net\/wp-content\/uploads\/2025\/04\/songte-bushings-with-all-kinds-of-excavator-models.webp\" alt=\"Puomin sylinterin vianm\u00e4\u00e4ritys\"><\/p>\n<h2>Tietoa yrityksest\u00e4mme<\/h2>\n<p>Olemme johtava hydraulisten sylinterien vaihto-osien valmistaja. Tarjoamme kattavan valikoiman tuotteita, jotka ovat tehneet meist\u00e4 yhden johtavista toimittajista sek\u00e4 kotimaisilla ett\u00e4 kansainv\u00e4lisill\u00e4 markkinoilla. Sitoutumisemme huippuosaamiseen kannustaa meit\u00e4 noudattamaan tarkkuusvalmistukseen keskittyv\u00e4\u00e4 teollisen tuotannon hallintastrategiaa. Parannamme jatkuvasti tuotantokapasiteettiamme edistyneen teknologian, ammattitaitoisen henkil\u00f6st\u00f6n ja tiukkojen laadunvalvontaj\u00e4rjestelmien avulla. T\u00e4m\u00e4 varmistaa, ett\u00e4 vastaamme monipuolisiin asiakastarpeisiin tehokkaasti ja tuloksellisesti.<\/p>\n<p>Kansainv\u00e4liset sertifikaatit tukevat ammattitaitoamme, mink\u00e4 ansiosta voimme tarjota r\u00e4\u00e4t\u00e4l\u00f6ityj\u00e4 palveluita asiakkaiden tarpeiden mukaan. K\u00e4yt\u00e4mme huippuluokan valmistuslaitteita varmistaaksemme tuotteidemme korkean tehokkuuden, tarkkuuden ja laadun. Omistautunut j\u00e4lkimarkkinointipalvelumme vahvistaa mainettamme entisest\u00e4\u00e4n varmistaen asiakastyytyv\u00e4isyyden ja tuotteidemme luotettavuuden.<\/p>\n<p><img decoding=\"async\" src=\"https:\/\/www.hydraulic-cylinders.net\/wp-content\/uploads\/2025\/04\/songte-company-4.webp\" alt=\"Yrityksen yleiskatsaus\"><br \/>\n<img decoding=\"async\" src=\"https:\/\/www.hydraulic-cylinders.net\/wp-content\/uploads\/2025\/04\/songte-company-3.webp\" alt=\"Valmistuksen huippuosaaminen\"><\/p>\n<p>Kirjoittaja: lyl<\/p>","protected":false},"excerpt":{"rendered":"<p>Boom Cylinder For Bonny CED260-6 Introduction to Boom Cylinder The Boom Cylinder is an essential hydraulic component designed specifically for controlling the movement of buckets in various heavy machinery, such as excavators, backhoe loaders, and front-end loaders. These cylinders enable the bucket to lift, lower, and tilt, facilitating material handling tasks efficiently. The bucket cylinder [&hellip;]<\/p>","protected":false},"featured_media":17875,"comment_status":"open","ping_status":"closed","template":"","meta":{"_et_pb_use_builder":"","_et_pb_old_content":"","_et_gb_content_width":""},"product_brand":[],"product_cat":[1546],"product_tag":[1547,1496],"class_list":{"0":"post-19657","1":"product","2":"type-product","3":"status-publish","4":"has-post-thumbnail","6":"product_cat-boom-cylinders","7":"product_tag-boom-cylinders","8":"product_tag-hydraulic-cylinders","10":"first","11":"instock","12":"shipping-taxable","13":"product-type-simple"},"amp_enabled":true,"_links":{"self":[{"href":"https:\/\/www.hydraulic-cylinders.net\/fi\/wp-json\/wp\/v2\/product\/19657","targetHints":{"allow":["GET"]}}],"collection":[{"href":"https:\/\/www.hydraulic-cylinders.net\/fi\/wp-json\/wp\/v2\/product"}],"about":[{"href":"https:\/\/www.hydraulic-cylinders.net\/fi\/wp-json\/wp\/v2\/types\/product"}],"replies":[{"embeddable":true,"href":"https:\/\/www.hydraulic-cylinders.net\/fi\/wp-json\/wp\/v2\/comments?post=19657"}],"wp:featuredmedia":[{"embeddable":true,"href":"https:\/\/www.hydraulic-cylinders.net\/fi\/wp-json\/wp\/v2\/media\/17875"}],"wp:attachment":[{"href":"https:\/\/www.hydraulic-cylinders.net\/fi\/wp-json\/wp\/v2\/media?parent=19657"}],"wp:term":[{"taxonomy":"product_brand","embeddable":true,"href":"https:\/\/www.hydraulic-cylinders.net\/fi\/wp-json\/wp\/v2\/product_brand?post=19657"},{"taxonomy":"product_cat","embeddable":true,"href":"https:\/\/www.hydraulic-cylinders.net\/fi\/wp-json\/wp\/v2\/product_cat?post=19657"},{"taxonomy":"product_tag","embeddable":true,"href":"https:\/\/www.hydraulic-cylinders.net\/fi\/wp-json\/wp\/v2\/product_tag?post=19657"}],"curies":[{"name":"wp","href":"https:\/\/api.w.org\/{rel}","templated":true}]}}