{"id":19658,"date":"2025-04-07T07:00:10","date_gmt":"2025-04-07T07:00:10","guid":{"rendered":"https:\/\/www.hydraulic-cylinders.net\/product\/boom-cylinder-for-bonny-wzy42-7\/"},"modified":"2025-04-07T07:00:13","modified_gmt":"2025-04-07T07:00:13","slug":"boom-cylinder-for-bonny-wzy42-7","status":"publish","type":"product","link":"https:\/\/www.hydraulic-cylinders.net\/fi\/tuote\/boom-cylinder-for-bonny-wzy42-7\/","title":{"rendered":"Puomin sylinteri Bonny WZY42-7:lle"},"content":{"rendered":"<h1>Puomin sylinteri Bonny WZY42-7:lle<\/h1>\n<h2>Tuotteen yleiskatsaus<\/h2>\n<p>Bonny WZY42-7:n puomisylinteri on erikoishydraulisylinteri, joka on suunniteltu ohjaamaan raskaiden koneiden, kuten kaivinkoneiden, kaivurikuormaajien ja etukuormaajien, kauhojen liikett\u00e4. Kauhasylinterit mahdollistavat kauhojen nostamisen, laskemisen ja kallistuksen, mik\u00e4 helpottaa tehokasta materiaalink\u00e4sittely\u00e4. N\u00e4m\u00e4 hydraulisylinterit ovat t\u00e4rkeit\u00e4 komponentteja hydraulij\u00e4rjestelmiss\u00e4, ja ne muuntavat hydraulisen energian mekaaniseksi liikkeeksi.<\/p>\n<p><img decoding=\"async\" src=\"https:\/\/www.hydraulic-cylinders.net\/wp-content\/uploads\/2025\/04\/songte-company-1.webp\" alt=\"Puomin sylinteri\"><\/p>\n<h3>M\u00e4\u00e4ritelm\u00e4 ja yleiskatsaus<\/h3>\n<p>Kauhasylinteri on hydraulinen sylinterityyppi, jota k\u00e4ytet\u00e4\u00e4n erityisesti raskaissa koneissa kauhojen liikkeen tarkkaan hallintaan. N\u00e4ill\u00e4 sylintereill\u00e4 on ratkaiseva rooli hydraulij\u00e4rjestelm\u00e4ss\u00e4, sill\u00e4 ne k\u00e4ytt\u00e4v\u00e4t hydraulinestett\u00e4 voiman ja liikkeen tuottamiseen. Rakennus- ja maataloudessa puomisylinterien moitteeton toiminta on v\u00e4ltt\u00e4m\u00e4t\u00f6nt\u00e4 esimerkiksi kaivamisessa, nostamisessa ja materiaalien siirt\u00e4misess\u00e4. T\u00e4m\u00e4 varmistaa, ett\u00e4 koneet voivat toimia tehokkaasti suuren rasituksen ja raskaiden kuormien alla.<\/p>\n<h2>Puomin sylinterin ominaisuudet<\/h2>\n<ul>\n<li><strong>Korkea lujuus ja kest\u00e4vyys:<\/strong> Tyypillisesti eritt\u00e4in lujasta ter\u00e4ksest\u00e4 tai alumiinista valmistetut sylinterit kest\u00e4v\u00e4t voimakasta painetta ja raskaita kuormia, joten ne soveltuvat vaativiin ty\u00f6olosuhteisiin.<\/li>\n<li><strong>Tehokas hydraulinen k\u00e4ytt\u00f6:<\/strong> Puomin sylinteri k\u00e4ytt\u00e4\u00e4 hydraulipainetta sujuvan pidennyksen ja sis\u00e4\u00e4nvedon aikaansaamiseksi, mik\u00e4 mahdollistaa nopean reagoinnin ohjauskomentoihin, mik\u00e4 on ihanteellista raskaisiin ja monimutkaisiin k\u00e4ytt\u00f6teht\u00e4viin.<\/li>\n<li><strong>Erilaisia \u200b\u200btyyppej\u00e4:<\/strong> Saatavilla yksitoimisina (hydraulinen toiminta yhteen suuntaan) tai kaksitoimisina (hydraulinen toiminta molempiin suuntiin), ja joissakin malleissa on teleskooppirakenne, joka pident\u00e4\u00e4 ulottuvuutta ilman ulkomittojen kasvua.<\/li>\n<li><strong>Parannettu kulutuskest\u00e4vyys:<\/strong> Suunniteltu kest\u00e4m\u00e4\u00e4n hankausta ja korroosiota, mik\u00e4 pident\u00e4\u00e4 k\u00e4ytt\u00f6ik\u00e4\u00e4 ja v\u00e4hent\u00e4\u00e4 huoltotarvetta.<\/li>\n<li><strong>Mukautettavat vaihtoehdot:<\/strong> R\u00e4\u00e4t\u00e4l\u00f6idyt tekniset tiedot vastaamaan erityisi\u00e4 k\u00e4ytt\u00f6tarpeita ja -mieltymyksi\u00e4, mik\u00e4 varmistaa optimaalisen suorituskyvyn erilaisissa sovelluksissa.<\/li>\n<\/ul>\n<p>Voimme valmistaa t\u00e4t\u00e4 tuotetta, ja tuotteemme voivat t\u00e4ydellisesti korvata n\u00e4m\u00e4 hydraulisylinterit.<\/p>\n<p><img decoding=\"async\" src=\"https:\/\/www.hydraulic-cylinders.net\/wp-content\/uploads\/2025\/04\/songte-cylinder-head-with-all-kinds-excavator-models.webp\" alt=\"Kaivinkonemallit\"><\/p>\n<h2>Sovellusskenaariot<\/h2>\n<h3>Rakennuslaitteet<\/h3>\n<p>Kaivinkoneissa puomisylinterit ovat kriittisi\u00e4 kaivamisessa, lastaamisessa ja maaper\u00e4n tai roskien siirt\u00e4misess\u00e4. Ne tarjoavat tarvittavan voiman tunkeutuakseen maahan ja siirt\u00e4\u00e4kseen materiaaleja tehokkaasti. Ilman oikein toimivaa puomisylinteri\u00e4 kaivinkoneen suorituskyky olisi vakavasti rajoittunut, mik\u00e4 johtaisi projektiaikojen ja k\u00e4ytt\u00f6kustannusten kasvuun.<\/p>\n<h3>Maatalouskoneet<\/h3>\n<p>Etukuormaajissa puomin sylinterit helpottavat maaper\u00e4n, hein\u00e4n ja muiden materiaalien kaivamista, nostamista ja kuljetusta. Ne ovat elint\u00e4rkeit\u00e4 esimerkiksi kuorma-autojen lastaamisessa tai materiaalien siirt\u00e4misess\u00e4 eri ty\u00f6maille ja varmistavat maatalousk\u00e4yt\u00e4nt\u00f6jen tuottavuuden.<\/p>\n<h3>Kaivinkoneet<\/h3>\n<p>Puomin sylinteri mahdollistaa kauhan tunkeutumisen maaper\u00e4\u00e4n, mik\u00e4 suorittaa kaivuliikkeet tehokkaasti. T\u00e4m\u00e4 ominaisuus on olennainen tarkkojen syvyyksien saavuttamiseksi ja merkitt\u00e4vien maam\u00e4\u00e4rien siirt\u00e4miseksi, mik\u00e4 on kriittist\u00e4 rakennus- ja maisemointiprojekteissa.<\/p>\n<h3>Kuormaajat<\/h3>\n<p>Etukuormaajissa puomin sylinterit auttavat kuormien tehokkaassa nostamisessa ja tyhjent\u00e4misess\u00e4. Ne parantavat koneen kyky\u00e4 kuljettaa raskaita materiaaleja, varmistaen tehokkaan teht\u00e4vien suorittamisen ja optimoiden ty\u00f6nkulun eri toiminnoissa.<\/p>\n<h2>Suunnittelun\u00e4k\u00f6kohdat<\/h2>\n<h3>Kantavuus<\/h3>\n<p>Puomisylinterin kuormituskapasiteetti on ratkaisevan t\u00e4rke\u00e4 sen varmistamiseksi, ett\u00e4 se kest\u00e4\u00e4 k\u00e4sitelt\u00e4vien materiaalien painon ja rasituksen. Suuremmat kuormituskapasiteetit mahdollistavat monipuolisemman toiminnan ja mahdollistavat suurempien ja raskaampien kuormien k\u00e4sittelyn ilman hydraulij\u00e4rjestelm\u00e4n vaurioitumisen tai vikaantumisen riski\u00e4.<\/p>\n<h3>Tiivistys<\/h3>\n<p>Tehokas tiivistys on v\u00e4ltt\u00e4m\u00e4t\u00f6nt\u00e4 hydraulinesteen vuotojen est\u00e4miseksi, jotka voivat vaarantaa sek\u00e4 suorituskyvyn ett\u00e4 turvallisuuden. Sylinterin paineen yll\u00e4pit\u00e4miseksi ja tehokkaan toiminnan varmistamiseksi on k\u00e4ytett\u00e4v\u00e4 korkealaatuisia tiivisteit\u00e4, mik\u00e4 v\u00e4hent\u00e4\u00e4 hydraulinesteen vuodon ja kontaminaation riski\u00e4.<\/p>\n<h3>Kest\u00e4vyys<\/h3>\n<p>Kest\u00e4vyys on merkitt\u00e4v\u00e4 tekij\u00e4 puomisylintereiden suunnittelussa, koska ne altistuvat usein ankarille olosuhteille. Kulumista ja korroosiota kest\u00e4vi\u00e4 materiaaleja ja pinnoitteita k\u00e4ytet\u00e4\u00e4n pident\u00e4m\u00e4\u00e4n k\u00e4ytt\u00f6ik\u00e4\u00e4 ja v\u00e4hent\u00e4m\u00e4\u00e4n huoltotarvetta, mik\u00e4 lopulta johtaa alhaisempiin k\u00e4ytt\u00f6kustannuksiin.<\/p>\n<h3>Turvallisuus<\/h3>\n<p>Suunnitteluun on integroitava turvaominaisuuksia k\u00e4ytt\u00e4jien ja sivullisten suojaamiseksi k\u00e4yt\u00f6n aikana. N\u00e4ihin kuuluvat mekanismit, jotka est\u00e4v\u00e4t odottamattomat liikkeet ja tarjoavat selke\u00e4t visuaaliset ilmaisimet sylinterin tilasta onnettomuuksien v\u00e4ltt\u00e4miseksi.<\/p>\n<h3>Yll\u00e4pidett\u00e4vyys<\/h3>\n<p>Puomisylinterien suunnittelu helppoa huoltoa silm\u00e4ll\u00e4 pit\u00e4en varmistaa, ett\u00e4 ne voidaan huoltaa nopeasti ja tehokkaasti. T\u00e4m\u00e4 sis\u00e4lt\u00e4\u00e4 p\u00e4\u00e4syn kriittisiin komponentteihin tarkastusta, voitelua ja vaihtoa varten, mik\u00e4 minimoi seisokkiajat ja parantaa koneiden yleist\u00e4 luotettavuutta.<\/p>\n<p><img decoding=\"async\" src=\"https:\/\/www.hydraulic-cylinders.net\/wp-content\/uploads\/2025\/04\/songte-oil-pipes-and-spare-parts.webp\" alt=\"\u00d6ljyputket ja varaosat\"><\/p>\n<h2>Tiivistys ja voitelu<\/h2>\n<p>Puomin sylinterin tehokas tiivistys ja voitelu ovat ratkaisevan t\u00e4rkeit\u00e4 sen suorituskyvyn ja pitk\u00e4ik\u00e4isyyden kannalta. Erilaiset tiivistekomponentit, kuten m\u00e4nn\u00e4n tiivisteet ja varren tiivisteet, ovat t\u00e4rke\u00e4ss\u00e4 roolissa hydraulisen paineen yll\u00e4pit\u00e4misess\u00e4 ja nestevuotojen est\u00e4misess\u00e4. Kulutusta kest\u00e4vist\u00e4 materiaaleista, kuten polyuretaanista ja nitriilikumista, valmistettujen tiivisteiden valitseminen parantaa kest\u00e4vyytt\u00e4 ja v\u00e4hent\u00e4\u00e4 vaihtotarvetta.<\/p>\n<p>Lis\u00e4ksi sylinterin runko ja kierteitetyt p\u00e4\u00e4typinnat tulisi k\u00e4sitell\u00e4 hienos\u00e4\u00e4t\u00f6isesti kulutuskest\u00e4vyyden parantamiseksi ja pidemm\u00e4n k\u00e4ytt\u00f6i\u00e4n varmistamiseksi. Oikean hydrauliikka\u00f6ljyn s\u00e4\u00e4nn\u00f6llinen lis\u00e4\u00e4minen voiteluun on ratkaisevan t\u00e4rke\u00e4\u00e4, koska se v\u00e4hent\u00e4\u00e4 liikkuvien osien v\u00e4list\u00e4 kitkaa ja parantaa siten toiminnan tehokkuutta.<\/p>\n<h2>Ennaltaehk\u00e4isev\u00e4t huoltotoimenpiteet<\/h2>\n<ul>\n<li><strong>S\u00e4\u00e4nn\u00f6lliset tarkastukset:<\/strong> Aikatauluta rutiinitarkastukset kulumisen, vaurioiden tai vuotojen varalta. S\u00e4\u00e4nn\u00f6lliset tarkastukset auttavat tunnistamaan mahdolliset ongelmat ennen kuin ne pahenevat, varmistaen puomin sylinterin sujuvan toiminnan.<\/li>\n<li><strong>Asianmukainen voitelu:<\/strong> Varmista, ett\u00e4 hydrauliikka\u00f6ljyn taso on riitt\u00e4v\u00e4 ja ett\u00e4 k\u00e4ytetty \u00f6ljy t\u00e4ytt\u00e4\u00e4 valmistajan vaatimukset. Oikea voitelu minimoi kitkan, pident\u00e4\u00e4 komponenttien k\u00e4ytt\u00f6ik\u00e4\u00e4 ja yll\u00e4pit\u00e4\u00e4 tehokasta toimintaa.<\/li>\n<li><strong>Tiivisteiden vaihdot:<\/strong> Tarkasta tiivisteet s\u00e4\u00e4nn\u00f6llisesti ja vaihda ne tarvittaessa vuotojen est\u00e4miseksi ja hydraulisen paineen yll\u00e4pit\u00e4miseksi. Oikea-aikainen tiivisteiden vaihto varmistaa optimaalisen suorituskyvyn ja ehk\u00e4isee kalliita vikoja.<\/li>\n<\/ul>\n<h2>Asennusohjeet<\/h2>\n<p>Puomisylinterin oikea asennus on v\u00e4ltt\u00e4m\u00e4t\u00f6nt\u00e4 sen tehokkaan toiminnan kannalta. Aloita varmistamalla, ett\u00e4 kaikki komponentit ovat puhtaita ja roskista vapaat ennen kokoamista. Kohdista sylinteri oikein, jotta se ei juutu k\u00e4yt\u00f6n aikana. On suositeltavaa k\u00e4ytt\u00e4\u00e4 sopivia kiinnityskorvakkeita sylinterin kiinnitt\u00e4miseksi paikalleen, mik\u00e4 varmistaa vakauden ja minimoi t\u00e4rin\u00e4n.<\/p>\n<p>Liit\u00e4 hydrauliikkalinjat huolellisesti ja varmista, ettet kirist\u00e4 liitoksia liikaa, sill\u00e4 se voi aiheuttaa vaurioita. Testaa j\u00e4rjestelm\u00e4 vuotojen varalta asennuksen j\u00e4lkeen ja suorita perusteellinen toimintatarkastus varmistaaksesi, ett\u00e4 sylinteri toimii odotetulla tavalla. N\u00e4iden ohjeiden noudattaminen auttaa varmistamaan puomisylinterin pitk\u00e4n k\u00e4ytt\u00f6i\u00e4n ja tehokkaan suorituskyvyn.<\/p>\n<h2>Yleiset huoltoteht\u00e4v\u00e4t<\/h2>\n<h3>S\u00e4\u00e4nn\u00f6lliset tarkastukset<\/h3>\n<p>S\u00e4\u00e4nn\u00f6lliset tarkastukset ovat elint\u00e4rkeit\u00e4 kulumiskohtien tai mahdollisten vikaantumiskohtien tunnistamiseksi. N\u00e4ihin kuuluvat vuotojen, ep\u00e4tavallisten \u00e4\u00e4nien tai suorituskyvyn muutosten tarkistaminen. Rutiininomaisen huoltoaikataulun laatiminen mahdollistaa oikea-aikaiset toimenpiteet, est\u00e4\u00e4 odottamattomat viat ja pident\u00e4\u00e4 koneiden k\u00e4ytt\u00f6ik\u00e4\u00e4.<\/p>\n<h3>Oikea voitelu<\/h3>\n<p>Puomisylinterin riitt\u00e4v\u00e4 voitelu on ratkaisevan t\u00e4rke\u00e4\u00e4 suorituskyvyn yll\u00e4pit\u00e4miseksi. Tarkista ja t\u00e4yt\u00e4 hydrauliikka\u00f6ljy s\u00e4\u00e4nn\u00f6llisesti valmistajan antamien ohjeiden mukaisesti. Oikea voitelu v\u00e4hent\u00e4\u00e4 kitkaa, parantaa tehokkuutta ja minimoi komponenttien kulumista, mik\u00e4 pident\u00e4\u00e4 lopulta puomisylinterin k\u00e4ytt\u00f6ik\u00e4\u00e4.<\/p>\n<h3>Tiivisteen vaihto ja kalibrointi<\/h3>\n<p>Tiivisteiden s\u00e4\u00e4nn\u00f6llinen vaihto on v\u00e4ltt\u00e4m\u00e4t\u00f6nt\u00e4 hydraulisen paineen yll\u00e4pit\u00e4miseksi ja vuotojen est\u00e4miseksi. Tarkkaile tiivisteiden kuntoa ja vaihda ne ensimm\u00e4isten heikkenemisen oireiden ilmetess\u00e4. Lis\u00e4ksi hydraulij\u00e4rjestelm\u00e4n kalibrointi varmistaa optimaalisen suorituskyvyn ja tarkkuuden toiminnoissa, mik\u00e4 on elint\u00e4rke\u00e4\u00e4 tarkkuutta vaativissa teht\u00e4viss\u00e4.<\/p>\n<p><img decoding=\"async\" src=\"https:\/\/www.hydraulic-cylinders.net\/wp-content\/uploads\/2025\/04\/songte-chushion-collar.webp\" alt=\"Chushion-kaulus\"><\/p>\n<h2>Turvallisuusn\u00e4k\u00f6kohdat<\/h2>\n<p>Hydraulij\u00e4rjestelmien kanssa ty\u00f6skennelt\u00e4ess\u00e4 turvatoimenpiteet ovat ensiarvoisen t\u00e4rkeit\u00e4. Puomisylinterien k\u00e4yt\u00f6n asianmukainen koulutus on v\u00e4ltt\u00e4m\u00e4t\u00f6nt\u00e4 onnettomuuksien v\u00e4ltt\u00e4miseksi. K\u00e4yt\u00e4 aina asianmukaisia \u200b\u200bhenkil\u00f6nsuojaimia ja varmista, ett\u00e4 ty\u00f6alue on vapaa vaaroista. Turvallisuusprotokollien ja h\u00e4t\u00e4tilanneohjeiden laatiminen voi merkitt\u00e4v\u00e4sti v\u00e4hent\u00e4\u00e4 hydraulisten laitteiden k\u00e4ytt\u00f6\u00f6n liittyvi\u00e4 riskej\u00e4.<\/p>\n<h2>Vianm\u00e4\u00e4ritys ja yleiset ongelmat<\/h2>\n<ul>\n<li><strong>Vuoto:<\/strong> Hydraulinesteen esiintyminen sylinterin ulkopuolella voi viitata tiivisteen vikaantumiseen. S\u00e4\u00e4nn\u00f6lliset tarkastukset voivat auttaa tunnistamaan ongelmat varhaisessa vaiheessa ja v\u00e4hent\u00e4m\u00e4\u00e4n nesteh\u00e4vikki\u00e4.<\/li>\n<li><strong>Heikentynyt suorituskyky:<\/strong> Jos sylinteri ei reagoi odotetulla tavalla, tarkista hydraulinesteen tasot ja tutki, onko hydrauliletkuissa tukoksia.<\/li>\n<li><strong>Ep\u00e4tavalliset \u00e4\u00e4net:<\/strong> Hankaus- tai kolina\u00e4\u00e4net voivat viitata mekaanisiin ongelmiin tai voitelun puutteeseen. Tutki ja korjaa n\u00e4m\u00e4 \u00e4\u00e4net viipym\u00e4tt\u00e4 lis\u00e4vaurioiden v\u00e4ltt\u00e4miseksi.<\/li>\n<\/ul>\n<h2>Vianm\u00e4\u00e4ritysvinkkej\u00e4<\/h2>\n<p>Puomisylinterin ongelmien tehokas diagnosointi ja ratkaiseminen edellytt\u00e4\u00e4 kaikkien osien perusteellista tarkastusta. Tarkista n\u00e4kyv\u00e4t kulumisen tai vaurioiden merkit ja varmista, ett\u00e4 hydraulinesteen m\u00e4\u00e4r\u00e4 on riitt\u00e4v\u00e4. Jos vuotoja havaitaan, tiivisteet on vaihdettava tarvittaessa ja hydrauliikkalinjojen liit\u00e4nn\u00e4t on tarkistettava oikein. Toteuttamalla ennaltaehk\u00e4isevi\u00e4 toimenpiteit\u00e4, kuten s\u00e4\u00e4nn\u00f6llist\u00e4 huoltoa ja oikea-aikaisia \u200b\u200bkorjauksia, k\u00e4ytt\u00e4j\u00e4t voivat minimoida vakavien vikojen riskin ja pident\u00e4\u00e4 hydraulij\u00e4rjestelmiens\u00e4 k\u00e4ytt\u00f6ik\u00e4\u00e4.<\/p>\n<p><img decoding=\"async\" src=\"https:\/\/www.hydraulic-cylinders.net\/wp-content\/uploads\/2025\/04\/songte-bushings-with-all-kinds-of-excavator-models.webp\" alt=\"Kaivinkonemallien holkit\"><\/p>\n<h2>Tietoa yrityksest\u00e4mme<\/h2>\n<p>Olemme johtava hydraulisylintereiden valmistaja, joka on erikoistunut erilaisten sovellusten vaihtoratkaisuihin. Laaja tuotevalikoimamme on asettanut meid\u00e4t yhdeksi johtavista valmistajista ja tukkukauppiaista sek\u00e4 kotimaisilla ett\u00e4 kansainv\u00e4lisill\u00e4 markkinoilla. Noudatamme erinomaista laatua ja k\u00e4yt\u00e4mme hienostunutta valmistuksenohjausstrategiaa.<\/p>\n<p>Yrityksemme parantaa jatkuvasti valmistuskapasiteettiaan ammattitaitoisten teknikkojen, huippuluokan digitaalisten valmistuslaitteiden ja ammattimaisten testausj\u00e4rjestelmien avulla. Painottamalla voimakkaasti tehokkuutta, tarkkuutta ja laatua olemme sitoutuneet vastaamaan monipuolisiin asiakastarpeisiin varmistaen samalla erinomaisen tuotteiden luotettavuuden.<\/p>\n<p><img decoding=\"async\" src=\"https:\/\/www.hydraulic-cylinders.net\/wp-content\/uploads\/2025\/04\/songte-company-4.webp\" alt=\"Yrityksen yleiskatsaus\"><br \/>\n<img decoding=\"async\" src=\"https:\/\/www.hydraulic-cylinders.net\/wp-content\/uploads\/2025\/04\/songte-company-3.webp\" alt=\"Yrityksen tilat\"><\/p>\n<p>Kirjoittaja: lyl<\/p>","protected":false},"excerpt":{"rendered":"<p>Boom Cylinder For Bonny WZY42-7 Product Overview The Boom Cylinder for Bonny WZY42-7 is a specialized hydraulic cylinder designed to control the movement of heavy machinery buckets, such as those found in excavators, backhoe loaders, and front loaders. Bucket cylinders allow for the lifting, lowering, and tilting of buckets, facilitating efficient material handling tasks. These [&hellip;]<\/p>","protected":false},"featured_media":17876,"comment_status":"open","ping_status":"closed","template":"","meta":{"_et_pb_use_builder":"","_et_pb_old_content":"","_et_gb_content_width":""},"product_brand":[],"product_cat":[1546],"product_tag":[1547,1496],"class_list":{"0":"post-19658","1":"product","2":"type-product","3":"status-publish","4":"has-post-thumbnail","6":"product_cat-boom-cylinders","7":"product_tag-boom-cylinders","8":"product_tag-hydraulic-cylinders","10":"first","11":"instock","12":"shipping-taxable","13":"product-type-simple"},"amp_enabled":true,"_links":{"self":[{"href":"https:\/\/www.hydraulic-cylinders.net\/fi\/wp-json\/wp\/v2\/product\/19658","targetHints":{"allow":["GET"]}}],"collection":[{"href":"https:\/\/www.hydraulic-cylinders.net\/fi\/wp-json\/wp\/v2\/product"}],"about":[{"href":"https:\/\/www.hydraulic-cylinders.net\/fi\/wp-json\/wp\/v2\/types\/product"}],"replies":[{"embeddable":true,"href":"https:\/\/www.hydraulic-cylinders.net\/fi\/wp-json\/wp\/v2\/comments?post=19658"}],"wp:featuredmedia":[{"embeddable":true,"href":"https:\/\/www.hydraulic-cylinders.net\/fi\/wp-json\/wp\/v2\/media\/17876"}],"wp:attachment":[{"href":"https:\/\/www.hydraulic-cylinders.net\/fi\/wp-json\/wp\/v2\/media?parent=19658"}],"wp:term":[{"taxonomy":"product_brand","embeddable":true,"href":"https:\/\/www.hydraulic-cylinders.net\/fi\/wp-json\/wp\/v2\/product_brand?post=19658"},{"taxonomy":"product_cat","embeddable":true,"href":"https:\/\/www.hydraulic-cylinders.net\/fi\/wp-json\/wp\/v2\/product_cat?post=19658"},{"taxonomy":"product_tag","embeddable":true,"href":"https:\/\/www.hydraulic-cylinders.net\/fi\/wp-json\/wp\/v2\/product_tag?post=19658"}],"curies":[{"name":"wp","href":"https:\/\/api.w.org\/{rel}","templated":true}]}}