{"id":19662,"date":"2025-04-07T07:00:22","date_gmt":"2025-04-07T07:00:22","guid":{"rendered":"https:\/\/www.hydraulic-cylinders.net\/product\/boom-cylinder-for-bonny-waydq50-5\/"},"modified":"2025-04-07T07:00:25","modified_gmt":"2025-04-07T07:00:25","slug":"boom-cylinder-for-bonny-waydq50-5","status":"publish","type":"product","link":"https:\/\/www.hydraulic-cylinders.net\/fi\/tuote\/boom-cylinder-for-bonny-waydq50-5\/","title":{"rendered":"Puomin sylinteri Bonny WAYDQ50-5:lle"},"content":{"rendered":"<h1>Puomin sylinteri Bonny WAYDQ50-5:lle<\/h1>\n<h2>Johdatus puomin sylinteriin<\/h2>\n<p>Bonny WAYDQ50-5:lle erityisesti suunniteltu puomisylinteri on t\u00e4rke\u00e4 osa raskaiden koneiden kauhojen liikett\u00e4 ohjaavia hydraulij\u00e4rjestelmi\u00e4. T\u00e4t\u00e4 hydraulisylinteri\u00e4 k\u00e4ytet\u00e4\u00e4n ensisijaisesti kaivinkoneiden, traktorikaivureiden ja etukuormaajien kauhojen toiminnan hallintaan, sill\u00e4 se mahdollistaa kauhan nostamisen, laskemisen ja kallistumisen, mik\u00e4 helpottaa tehokkaita materiaalink\u00e4sittelyteht\u00e4vi\u00e4.<\/p>\n<p>Kauhasylinteri on suunniteltu kest\u00e4m\u00e4\u00e4n korkeita paineita ja raskaita kuormia, mik\u00e4 varmistaa luotettavan suorituskyvyn vaativissa ymp\u00e4rist\u00f6iss\u00e4. Sill\u00e4 on ratkaiseva rooli kauhan liikkeiden tarkassa hallinnassa, mik\u00e4 on olennaista kaivamisessa, nostamisessa ja materiaalien kuljetuksessa. Kest\u00e4v\u00e4n rakenteensa ansiosta puomisylinteri parantaa tuottavuutta ja tehokkuutta erilaisissa sovelluksissa.<\/p>\n<p><img decoding=\"async\" src=\"https:\/\/www.hydraulic-cylinders.net\/wp-content\/uploads\/2025\/04\/songte-company-1.webp\" alt=\"Hydraulisylinterin kuva\"><\/p>\n<h2>Puomin sylinterin ominaisuudet<\/h2>\n<ul>\n<li>\n<h3>Korkea lujuus ja kest\u00e4vyys<\/h3>\n<p>Tyypillisesti lujasta ter\u00e4ksest\u00e4 tai alumiinista valmistetut sylinterit kest\u00e4v\u00e4t korkeaa painetta ja raskaita kuormia, joten ne sopivat vaativiin ty\u00f6olosuhteisiin. Niiden suunnittelussa korostetaan my\u00f6s kulutuskest\u00e4vyytt\u00e4 ja korroosionkest\u00e4vyytt\u00e4, mik\u00e4 pident\u00e4\u00e4 niiden k\u00e4ytt\u00f6ik\u00e4\u00e4.<\/li>\n<li>\n<h3>Tehokas hydraulinen k\u00e4ytt\u00f6<\/h3>\n<p>Hydrauli\u00f6ljyn painetta hy\u00f6dynt\u00e4v\u00e4t n\u00e4m\u00e4 sylinterit tarjoavat tasaiset ojennus- ja sis\u00e4\u00e4nvetoliikkeet, mik\u00e4 mahdollistaa nopean reagoinnin ohjauskomentoihin ja tarjoaa huomattavan ty\u00f6nt\u00f6- ja vetovoiman, mik\u00e4 sopii ihanteellisesti raskaiden esineiden k\u00e4sittelyyn ja monimutkaisten teht\u00e4vien suorittamiseen.<\/li>\n<li>\n<h3>Erilaiset tyypit<\/h3>\n<p>N\u00e4it\u00e4 sylintereit\u00e4 on saatavana sek\u00e4 yksitoimisina (yhteen suuntaan toimivina) ett\u00e4 kaksitoimisina (molempiin suuntiin toimivina) versioina, ja ne sopivat erilaisiin k\u00e4ytt\u00f6tarpeisiin. Jotkut mallit ovat teleskooppisia, mik\u00e4 mahdollistaa suuremman jatkeen ilman ulkomittojen kasvua, mik\u00e4 tekee niist\u00e4 sopivia ahtaisiin sovelluksiin.<\/li>\n<li>\n<h3>Yhteensopivuus<\/h3>\n<p>Tuotteemme voivat t\u00e4ydellisesti korvata olemassa olevat hydraulisylinterit varmistaen saumattoman integroinnin ja toimivuuden erilaisissa konemalleissa.<\/li>\n<\/ul>\n<p><img decoding=\"async\" src=\"https:\/\/www.hydraulic-cylinders.net\/wp-content\/uploads\/2025\/04\/songte-cylinder-head-with-all-kinds-excavator-models.webp\" alt=\"Sylinterikannen kuva\"><\/p>\n<h2>Puomisylinterin sovellukset<\/h2>\n<ul>\n<li>\n<h3>Rakennuslaitteet<\/h3>\n<p>Kaivinkoneissa puomin sylinterit ovat ratkaisevan t\u00e4rkeit\u00e4 maan tai roskien kaivamisessa, lastaamisessa ja siirt\u00e4misess\u00e4. Ne mahdollistavat paitsi kaivamisen my\u00f6s materiaalien nostamisen, mik\u00e4 parantaa koneen monipuolisuutta ja tehokkuutta rakennusty\u00f6mailla.<\/h3>\n<\/li>\n<li>\n<h3>Maatalouskoneet<\/h3>\n<p>Etukuormaajissa n\u00e4m\u00e4 sylinterit helpottavat maaper\u00e4n, hein\u00e4n ja muiden materiaalien kauhaamista, nostamista ja kuljetusta. Niiden rakenne mahdollistaa k\u00e4ytt\u00e4jien suorittaa maatalousteht\u00e4vi\u00e4 tehokkaasti, mik\u00e4 parantaa maataloustoiminnan tuottavuutta.<\/h3>\n<\/li>\n<li>\n<h3>Kaivinkoneet<\/h3>\n<p>Kauhasylinterit mahdollistavat kaivinkoneiden tehokkaan tunkeutumisen maaper\u00e4\u00e4n, mik\u00e4 helpottaa kaivuprosessia. Niiden toimivuus on olennaista optimaalisen suorituskyvyn saavuttamiseksi erilaisissa maanrakennusteht\u00e4viss\u00e4.<\/h3>\n<\/li>\n<li>\n<h3>Kuormaajat<\/h3>\n<p>Etukuormaajissa puomisylinterit auttavat kuormien tehokkaassa nostamisessa ja tyhjent\u00e4misess\u00e4, mik\u00e4 tekee niist\u00e4 v\u00e4ltt\u00e4m\u00e4tt\u00f6mi\u00e4 materiaalink\u00e4sittelyss\u00e4 rakennus- ja maisemointisovelluksissa.<\/h3>\n<\/li>\n<\/ul>\n<h2>Suunnittelun\u00e4k\u00f6kohdat ja valintakriteerit<\/h2>\n<ul>\n<li>\n<h3>Kantavuus<\/h3>\n<p>Puomisylinteri\u00e4 valittaessa on t\u00e4rke\u00e4\u00e4 ottaa huomioon sen kuormituskapasiteetti. Sylinterin on kyett\u00e4v\u00e4 k\u00e4sittelem\u00e4\u00e4n sen toiminnan aikana kohtaama enimm\u00e4ispaino. T\u00e4m\u00e4 varmistaa turvallisuuden ja luotettavuuden raskaissa nostotilanteissa. Riitt\u00e4v\u00e4 kuormituskapasiteetti est\u00e4\u00e4 vikoja ja pident\u00e4\u00e4 laitteen k\u00e4ytt\u00f6ik\u00e4\u00e4.<\/h3>\n<\/li>\n<li>\n<h3>Tiivistys<\/h3>\n<p>Tehokas tiivistys on elint\u00e4rke\u00e4\u00e4 hydraulinesteiden vuotojen est\u00e4miseksi. Korkealaatuiset tiivisteet, jotka on valmistettu kest\u00e4vist\u00e4 materiaaleista, kuten polyuretaanista ja nitriilikumista, parantavat sylinterin luotettavuutta. Asianmukainen tiivistys varmistaa optimaalisen suorituskyvyn ja v\u00e4hent\u00e4\u00e4 huoltokustannuksia est\u00e4m\u00e4ll\u00e4 nesteh\u00e4vi\u00f6it\u00e4.<\/h3>\n<\/li>\n<li>\n<h3>Kest\u00e4vyys<\/h3>\n<p>Kest\u00e4vyys on merkitt\u00e4v\u00e4 tekij\u00e4 puomisylinterin valinnassa. Rakenteessa k\u00e4ytettyjen materiaalien ja kokonaissuunnittelun on kestett\u00e4v\u00e4 ankaria ty\u00f6olosuhteita, kuten \u00e4\u00e4rimm\u00e4isi\u00e4 l\u00e4mp\u00f6tiloja, kosteutta ja hankaavia materiaaleja. Kest\u00e4v\u00e4 sylinteri v\u00e4hent\u00e4\u00e4 seisokkiaikoja ja huoltotarvetta.<\/h3>\n<\/li>\n<li>\n<h3>Turvallisuus<\/h3>\n<p>Turvaominaisuudet ovat olennaisia \u200b\u200bk\u00e4yt\u00f6n aikana. Sylinteriss\u00e4 tulee olla sis\u00e4\u00e4nrakennetut turvamekanismit vahingossa tapahtuvan aktivoitumisen est\u00e4miseksi ja raskaiden kuormien turvallisen k\u00e4sittelyn varmistamiseksi. Turvallisuusstandardien noudattaminen suunnittelussa ja k\u00e4yt\u00f6ss\u00e4 auttaa suojaamaan sek\u00e4 k\u00e4ytt\u00e4ji\u00e4 ett\u00e4 koneita.<\/h3>\n<\/li>\n<li>\n<h3>Yll\u00e4pidett\u00e4vyys<\/h3>\n<p>Helppo huolto on ratkaisevan t\u00e4rke\u00e4\u00e4. Yksinkertaisiin huoltotoimenpiteisiin suunnitellut sylinterit mahdollistavat nopeat tarkastukset, voitelun ja tiivisteiden vaihdon. T\u00e4m\u00e4 minimoi k\u00e4ytt\u00f6h\u00e4iri\u00f6t ja parantaa koneiden tehokkuutta.<\/h3>\n<\/li>\n<\/ul>\n<p><img decoding=\"async\" src=\"https:\/\/www.hydraulic-cylinders.net\/wp-content\/uploads\/2025\/04\/songte-oil-pipes-and-spare-parts.webp\" alt=\"\u00d6ljyputket ja varaosat -kuva\"><\/p>\n<h2>Sylinterin tiivistys ja voitelu<\/h2>\n<p>Tehokas tiivistys ja voitelu ovat v\u00e4ltt\u00e4m\u00e4tt\u00f6mi\u00e4 hydraulisylinterien pitk\u00e4ik\u00e4isyyden ja tehokkuuden kannalta. Erilaisia \u200b\u200btiivisteit\u00e4, kuten m\u00e4nn\u00e4ntiivisteit\u00e4 ja varren tiivisteit\u00e4, k\u00e4ytet\u00e4\u00e4n vuotojen est\u00e4miseen ja paineen yll\u00e4pit\u00e4miseen j\u00e4rjestelm\u00e4ss\u00e4. Tiivisteiden valinta on ratkaisevan t\u00e4rke\u00e4\u00e4, ja materiaaleja, kuten polyuretaania ja nitriilikumia, suositaan niiden kulutuskest\u00e4vyyden vuoksi.<\/p>\n<p>Sylinterin runko ja kierteitetyt p\u00e4\u00e4typinnat on huolellisesti k\u00e4sitelty kulutuskest\u00e4vyyden parantamiseksi ja optimaalisen suorituskyvyn varmistamiseksi ajan mittaan. S\u00e4\u00e4nn\u00f6llinen voitelu sopivalla hydrauliikka\u00f6ljyll\u00e4 on my\u00f6s v\u00e4ltt\u00e4m\u00e4t\u00f6nt\u00e4 liikkuvien osien v\u00e4lisen kitkan ja kulumisen minimoimiseksi, mik\u00e4 edist\u00e4\u00e4 hydrauliikkaj\u00e4rjestelm\u00e4n kokonaistehokkuutta. Tiivisteiden eheyden ja voitelutason rutiinitarkastusten tulisi olla osa kaikkia huolto-ohjelmia toimintah\u00e4iri\u00f6iden est\u00e4miseksi.<\/p>\n<h2>S\u00e4\u00e4nn\u00f6lliset tarkastukset ja ennaltaehk\u00e4isev\u00e4t huoltotoimenpiteet<\/h2>\n<ul>\n<li>\n<h3>S\u00e4\u00e4nn\u00f6lliset tarkastukset<\/h3>\n<p>S\u00e4\u00e4nn\u00f6llisten tarkastusten suorittaminen on ratkaisevan t\u00e4rke\u00e4\u00e4 mahdollisten ongelmien tunnistamiseksi ennen niiden pahenemista. K\u00e4ytt\u00e4j\u00e4t tarkistavat n\u00e4kyv\u00e4t vuodot, ep\u00e4tavalliset \u00e4\u00e4net ja mahdolliset kulumisen merkit. Varhainen havaitseminen mahdollistaa oikea-aikaiset toimenpiteet ja v\u00e4ltt\u00e4\u00e4 kalliit korjaukset.<\/h3>\n<\/li>\n<li>\n<h3>Oikea voitelu<\/h3>\n<p>Sylinterin riitt\u00e4v\u00e4 voitelu auttaa v\u00e4hent\u00e4m\u00e4\u00e4n liikkuvien osien kulumista. K\u00e4ytt\u00e4jien tulee noudattaa valmistajan suosituksia voiteluv\u00e4leist\u00e4 ja \u00f6ljytyypeist\u00e4. Oikea voitelu parantaa hydraulij\u00e4rjestelm\u00e4n tehokkuutta ja pident\u00e4\u00e4 sen k\u00e4ytt\u00f6ik\u00e4\u00e4.<\/h3>\n<\/li>\n<li>\n<h3>Tiivisteen vaihto<\/h3>\n<p>Tiivisteet tulee vaihtaa suositelluin v\u00e4liajoin tai kun kulumisen merkkej\u00e4 on havaittavissa. Tiivisteiden eheyden yll\u00e4pit\u00e4minen est\u00e4\u00e4 hydraulinesteen vuodot, jotka voivat johtaa suorituskykyongelmiin ja turvallisuusriskeihin. Tiivisteiden s\u00e4\u00e4nn\u00f6llinen vaihtaminen voi pident\u00e4\u00e4 hydraulisylinterien k\u00e4ytt\u00f6ik\u00e4\u00e4 merkitt\u00e4v\u00e4sti.<\/h3>\n<\/li>\n<\/ul>\n<h2>Asennusohjeet<\/h2>\n<p>Puomisylinterin asentaminen vaatii huolellista huomiota asianmukaisen toiminnan ja turvallisuuden varmistamiseksi. Aloita varmistamalla, ett\u00e4 ty\u00f6tila on vapaa ja turvallinen k\u00e4ytt\u00e4\u00e4. Sylinterin oikea kohdistus on kriittist\u00e4; se tulee kohdistaa hydraulij\u00e4rjestelm\u00e4\u00e4n tarpeettoman rasituksen ja mahdollisten vikojen v\u00e4ltt\u00e4miseksi.<\/p>\n<p>Kiinnit\u00e4 sylinteri paikalleen k\u00e4ytt\u00e4m\u00e4ll\u00e4 sopivia kiinnitystelineit\u00e4. Varmista, ett\u00e4 liitokset ovat tiukat ja vuotamattomat hydraulisen paineen yll\u00e4pit\u00e4miseksi. Asennuksen j\u00e4lkeen suorita perusteellinen tarkastus varmistaaksesi, ett\u00e4 kaikki komponentit on asennettu oikein ja ett\u00e4 ne toimivat tarkoitetulla tavalla. Testaa j\u00e4rjestelm\u00e4 alhaisella paineella vuotojen varalta ennen kuin siirryt t\u00e4yteen k\u00e4ytt\u00f6paineeseen.<\/p>\n<h2>Huoltoteht\u00e4v\u00e4t<\/h2>\n<ul>\n<li>\n<h3>S\u00e4\u00e4nn\u00f6lliset tarkastukset<\/h3>\n<p>Hydraulij\u00e4rjestelm\u00e4n rutiinitarkastusten avulla mahdolliset ongelmat voidaan havaita varhaisessa vaiheessa ja varmistaa turvallinen k\u00e4ytt\u00f6. K\u00e4ytt\u00e4j\u00e4n tulee seurata suorituskyky\u00e4 ja tarkastaa j\u00e4rjestelm\u00e4 mahdollisten ep\u00e4tavallisten toimintojen varalta.<\/h3>\n<\/li>\n<li>\n<h3>Asianmukainen voitelu<\/h3>\n<p>Oikea voitelu on olennaista sylinterin suorituskyvyn yll\u00e4pit\u00e4miseksi. Valmistajan ohjeiden noudattaminen voitelutiheyden ja \u00f6ljytyypin suhteen on olennaista. S\u00e4\u00e4nn\u00f6llinen voitelu auttaa v\u00e4hent\u00e4m\u00e4\u00e4n kulumista ja pident\u00e4\u00e4 sylinterin k\u00e4ytt\u00f6ik\u00e4\u00e4.<\/h3>\n<\/li>\n<li>\n<h3>Tiivisteen vaihto ja kalibrointi<\/h3>\n<p>Tiivisteiden vaihtaminen tarvittaessa ja kalibrointitarkastusten suorittaminen varmistavat optimaalisen suorituskyvyn. Oikein kalibroidut j\u00e4rjestelm\u00e4t toimivat tehokkaammin ja turvallisemmin. N\u00e4iden komponenttien s\u00e4\u00e4nn\u00f6llinen huolto est\u00e4\u00e4 vuotoja ja pident\u00e4\u00e4 hydraulisylinterin k\u00e4ytt\u00f6ik\u00e4\u00e4.<\/h3>\n<\/li>\n<\/ul>\n<p><img decoding=\"async\" src=\"https:\/\/www.hydraulic-cylinders.net\/wp-content\/uploads\/2025\/04\/songte-chushion-collar.webp\" alt=\"Tyynykauluksen kuva\"><\/p>\n<h2>Turvallisuusn\u00e4k\u00f6kohdat ja ymp\u00e4rist\u00f6tekij\u00e4t<\/h2>\n<p>Hydraulisylintereit\u00e4 k\u00e4ytett\u00e4ess\u00e4 on ensiarvoisen t\u00e4rke\u00e4\u00e4 ymm\u00e4rt\u00e4\u00e4 turvatoimenpiteet. K\u00e4ytt\u00e4j\u00e4t tulee kouluttaa tunnistamaan hydraulij\u00e4rjestelmiin liittyv\u00e4t vaarat, mukaan lukien korkeapaineriskit ja henkil\u00f6nsuojainten t\u00e4rkeys. Turvallisuusprotokollien toteuttaminen voi est\u00e4\u00e4 onnettomuuksia ja vammoja.<\/p>\n<p>Ymp\u00e4rist\u00f6n kannalta on ratkaisevan t\u00e4rke\u00e4\u00e4 hallita hydraulinesteit\u00e4 oikein, jotta estet\u00e4\u00e4n vuodot ja roiskeet, jotka voisivat vahingoittaa ekosysteemi\u00e4. S\u00e4\u00e4nn\u00f6llinen huolto ja tarkastukset auttavat varmistamaan, ett\u00e4 hydraulij\u00e4rjestelm\u00e4t toimivat tehokkaasti ja turvallisesti ja minimoivat ymp\u00e4rist\u00f6vaikutukset.<\/p>\n<h2>Vianm\u00e4\u00e4ritys ja yleiset ongelmat<\/h2>\n<ul>\n<li>\n<h3>Vuoto<\/h3>\n<p>Hydrauli\u00f6ljyvuotoja voi esiinty\u00e4 kuluneiden tiivisteiden tai l\u00f6ysien liitosten vuoksi. Tarkista tiivisteiden kuluminen ja varmista, ett\u00e4 kaikki liitokset ovat tiukasti kiinni. Kuluneiden tiivisteiden vaihtaminen ja liitosten asianmukainen kiinnitt\u00e4minen voi ratkaista t\u00e4m\u00e4n ongelman.<\/h3>\n<\/li>\n<li>\n<h3>Huono suorituskyky<\/h3>\n<p>Jos sylinteri ei reagoi hyvin, tarkista, onko j\u00e4rjestelm\u00e4ss\u00e4 riitt\u00e4m\u00e4t\u00f6nt\u00e4 hydraulinestett\u00e4 tai ilmaa. J\u00e4rjestelm\u00e4n ilmaaminen ja oikean nestetason varmistaminen voivat parantaa suorituskyky\u00e4.<\/h3>\n<\/li>\n<li>\n<h3>Ep\u00e4tavalliset \u00e4\u00e4net<\/h3>\n<p>Ep\u00e4tavalliset \u00e4\u00e4net voivat viitata sis\u00e4isiin vaurioihin tai voitelun puutteeseen. Tarkista sylinteri vaurioiden varalta ja varmista, ett\u00e4 se on asianmukaisesti voideltu, jotta lis\u00e4ongelmat eiv\u00e4t ilmene.<\/h3>\n<\/li>\n<\/ul>\n<h2>Vianm\u00e4\u00e4ritysvinkkej\u00e4<\/h2>\n<p>Ongelmien tehokkaaseen diagnosointiin ja ratkaisemiseen k\u00e4ytt\u00e4jien tulisi noudattaa systemaattista l\u00e4hestymistapaa. Aloita tarkistamalla n\u00e4kyv\u00e4t vuodot ja ep\u00e4normaalit \u00e4\u00e4net. Varmista, ett\u00e4 hydraulinesteen taso on riitt\u00e4v\u00e4 ja ett\u00e4 j\u00e4rjestelm\u00e4ss\u00e4 ei ole ilmataskuja. S\u00e4\u00e4nn\u00f6lliset ennaltaehk\u00e4isev\u00e4t toimenpiteet, kuten rutiinihuolto ja tarkastukset, voivat v\u00e4hent\u00e4\u00e4 merkitt\u00e4v\u00e4sti n\u00e4iden ongelmien todenn\u00e4k\u00f6isyytt\u00e4.<\/p>\n<p>Noudattamalla asianmukaisia \u200b\u200bhuolto-ohjeita ja puuttumalla ongelmiin ennakoivasti k\u00e4ytt\u00e4j\u00e4t voivat pident\u00e4\u00e4 hydraulisylintereiden k\u00e4ytt\u00f6ik\u00e4\u00e4 ja yll\u00e4pit\u00e4\u00e4 toiminnan tehokkuutta.<\/p>\n<p><img decoding=\"async\" src=\"https:\/\/www.hydraulic-cylinders.net\/wp-content\/uploads\/2025\/04\/songte-bushings-with-all-kinds-of-excavator-models.webp\" alt=\"Holkit Kuva\"><\/p>\n<h2>Tietoa yrityksest\u00e4mme<\/h2>\n<p>Olemme johtava hydraulisylintereiden valmistaja, joka on erikoistunut tarjoamaan korkealaatuisia vaihtosylintereit\u00e4 erilaisiin sovelluksiin. Laaja tuotevalikoimamme on tehnyt meist\u00e4 keskeisen toimijan sek\u00e4 kotimaisilla ett\u00e4 kansainv\u00e4lisill\u00e4 markkinoilla. Olemme ylpeit\u00e4 sitoutumisestamme huippuosaamiseen ja hienostuneista tuotannonohjausstrategioistamme, joissa hy\u00f6dynn\u00e4mme edistyneit\u00e4 valmistusteknologioita ja ammattimaisia \u200b\u200btestausj\u00e4rjestelmi\u00e4.<\/p>\n<p>Keskittyen vahvasti laatuun, parannamme jatkuvasti valmistusprosessejamme varmistaaksemme korkean tehokkuuden, tarkkuuden ja tuotteiden laadun. Asiantuntemuksemme ansiosta pystymme vastaamaan monipuolisiin asiakastarpeisiin ja tarjoamaan r\u00e4\u00e4t\u00e4l\u00f6ityj\u00e4 ratkaisuja, jotka noudattavat kansainv\u00e4lisi\u00e4 standardeja.<\/p>\n<p><img decoding=\"async\" src=\"https:\/\/www.hydraulic-cylinders.net\/wp-content\/uploads\/2025\/04\/songte-company-4.webp\" alt=\"Yrityksen imago\"><br \/>\n<img decoding=\"async\" src=\"https:\/\/www.hydraulic-cylinders.net\/wp-content\/uploads\/2025\/04\/songte-company-3.webp\" alt=\"Yrityksen imago\"><\/p>\n<p>Kirjoittaja: lyl<\/p>","protected":false},"excerpt":{"rendered":"<p>Boom Cylinder For Bonny WAYDQ50-5 Introduction to Boom Cylinder The Boom Cylinder, specifically designed for the Bonny WAYDQ50-5, is a vital component in hydraulic systems that control the movement of heavy machinery buckets. This hydraulic cylinder is primarily used to manage the operation of buckets in excavators, backhoes, and front loaders, allowing the bucket to [&hellip;]<\/p>","protected":false},"featured_media":17880,"comment_status":"open","ping_status":"closed","template":"","meta":{"_et_pb_use_builder":"","_et_pb_old_content":"","_et_gb_content_width":""},"product_brand":[],"product_cat":[1546],"product_tag":[1547,1496],"class_list":{"0":"post-19662","1":"product","2":"type-product","3":"status-publish","4":"has-post-thumbnail","6":"product_cat-boom-cylinders","7":"product_tag-boom-cylinders","8":"product_tag-hydraulic-cylinders","10":"first","11":"instock","12":"shipping-taxable","13":"product-type-simple"},"amp_enabled":true,"_links":{"self":[{"href":"https:\/\/www.hydraulic-cylinders.net\/fi\/wp-json\/wp\/v2\/product\/19662","targetHints":{"allow":["GET"]}}],"collection":[{"href":"https:\/\/www.hydraulic-cylinders.net\/fi\/wp-json\/wp\/v2\/product"}],"about":[{"href":"https:\/\/www.hydraulic-cylinders.net\/fi\/wp-json\/wp\/v2\/types\/product"}],"replies":[{"embeddable":true,"href":"https:\/\/www.hydraulic-cylinders.net\/fi\/wp-json\/wp\/v2\/comments?post=19662"}],"wp:featuredmedia":[{"embeddable":true,"href":"https:\/\/www.hydraulic-cylinders.net\/fi\/wp-json\/wp\/v2\/media\/17880"}],"wp:attachment":[{"href":"https:\/\/www.hydraulic-cylinders.net\/fi\/wp-json\/wp\/v2\/media?parent=19662"}],"wp:term":[{"taxonomy":"product_brand","embeddable":true,"href":"https:\/\/www.hydraulic-cylinders.net\/fi\/wp-json\/wp\/v2\/product_brand?post=19662"},{"taxonomy":"product_cat","embeddable":true,"href":"https:\/\/www.hydraulic-cylinders.net\/fi\/wp-json\/wp\/v2\/product_cat?post=19662"},{"taxonomy":"product_tag","embeddable":true,"href":"https:\/\/www.hydraulic-cylinders.net\/fi\/wp-json\/wp\/v2\/product_tag?post=19662"}],"curies":[{"name":"wp","href":"https:\/\/api.w.org\/{rel}","templated":true}]}}