{"id":19664,"date":"2025-04-07T07:00:28","date_gmt":"2025-04-07T07:00:28","guid":{"rendered":"https:\/\/www.hydraulic-cylinders.net\/product\/boom-cylinder-for-nhig-3306lc\/"},"modified":"2025-04-07T07:00:30","modified_gmt":"2025-04-07T07:00:30","slug":"boom-cylinder-for-nhig-3306lc","status":"publish","type":"product","link":"https:\/\/www.hydraulic-cylinders.net\/fi\/tuote\/boom-cylinder-for-nhig-3306lc\/","title":{"rendered":"Puomin sylinteri NHIG 3306LC:lle"},"content":{"rendered":"<h1>Puomin sylinteri NHIG 3306LC:lle<\/h1>\n<h2>Johdatus puomin sylinteriin<\/h2>\n<p>NHIG 3306LC:lle erityisesti suunniteltu puomin sylinteri on t\u00e4rke\u00e4 hydrauliikkakomponentti, jota k\u00e4ytet\u00e4\u00e4n raskaissa koneissa, kuten kaivinkoneissa, kaivurikuormaajissa ja etukuormaajissa. T\u00e4m\u00e4 hydrauliikkasylinteri mahdollistaa puomin hallitun liikkeen, mik\u00e4 mahdollistaa kauhan tarkan nostamisen, laskemisen ja kallistuksen. Sen toimivuus on v\u00e4ltt\u00e4m\u00e4t\u00f6nt\u00e4 tehokkaissa materiaalink\u00e4sittelyteht\u00e4viss\u00e4, sill\u00e4 se tarjoaa tarvittavaa tehoa ja joustavuutta erilaisissa k\u00e4ytt\u00f6ymp\u00e4rist\u00f6iss\u00e4.<\/p>\n<p><img decoding=\"async\" src=\"https:\/\/www.hydraulic-cylinders.net\/wp-content\/uploads\/2025\/04\/songte-company-1.webp\" alt=\"Puomin sylinterin kuva\" \/><\/p>\n<h3>M\u00e4\u00e4ritelm\u00e4 ja yleiskatsaus<\/h3>\n<p>Puomisylinteri on hydraulinen sylinterityyppi, jota k\u00e4ytet\u00e4\u00e4n erityisesti raskaiden koneiden kauhojen liikkeiden ohjaamiseen. Sen ensisijainen teht\u00e4v\u00e4 on mahdollistaa k\u00e4ytt\u00e4jien suorittaa tehokkaasti teht\u00e4vi\u00e4, kuten kaivamista, nostamista ja materiaalien kuljettamista. N\u00e4m\u00e4 sylinterit on suunniteltu kest\u00e4m\u00e4\u00e4n korkeaa painetta ja raskaita kuormia, ja ne ovat ratkaisevan t\u00e4rkeit\u00e4 hydraulij\u00e4rjestelmiss\u00e4, sill\u00e4 ne helpottavat sujuvia siirtymi\u00e4 ja parantavat rakennus- ja maatalouskoneiden kokonaistuottavuutta.<\/p>\n<h2>Puomin sylinterin t\u00e4rkeimm\u00e4t ominaisuudet<\/h2>\n<ul>\n<li><strong>Korkea lujuus ja kest\u00e4vyys:<\/strong> N\u00e4m\u00e4 sylinterit on tyypillisesti valmistettu lujasta ter\u00e4ksest\u00e4 tai alumiinista, ja ne kest\u00e4v\u00e4t korkeaa painetta ja raskaita kuormia, joten ne sopivat vaativiin ty\u00f6olosuhteisiin. Ne on suunniteltu kulutus- ja korroosionkest\u00e4vyys mieless\u00e4 pit\u00e4en niiden k\u00e4ytt\u00f6i\u00e4n pident\u00e4miseksi.<\/li>\n<li><strong>Tehokas hydraulinen k\u00e4ytt\u00f6:<\/strong> Hydrauli\u00f6ljyn paineen hy\u00f6dynt\u00e4minen mahdollistaa sujuvan pidennyksen ja sis\u00e4\u00e4nvedon, mik\u00e4 tarjoaa nopean vasteen k\u00e4ytt\u00e4j\u00e4n komentoihin ja tehokkaat ty\u00f6nt\u00f6- ja veto-ominaisuudet, jotka sopivat erinomaisesti raskaiden esineiden k\u00e4sittelyyn ja monimutkaisiin teht\u00e4viin.<\/li>\n<li><strong>Erilaisia \u200b\u200btyyppej\u00e4:<\/strong> K\u00e4ytt\u00f6tarpeista riippuen k\u00e4ytt\u00e4j\u00e4t voivat valita yksitoimisten (hydraulinen paine yhteen suuntaan) tai kaksitoimisten (hydraulinen paine molempiin suuntiin) sylinterien v\u00e4lill\u00e4. Jotkut mallit ovat teleskooppisia, mik\u00e4 mahdollistaa suuremman jatkeen ilman ulkomittojen kasvua, mik\u00e4 sopii sovelluksiin, joissa on rajoitetusti tilaa.<\/li>\n<li><strong>Mukautettu valmistus:<\/strong> Yrityksemme on erikoistunut korkealaatuisten puomisylintereiden valmistukseen, jotka korvaavat t\u00e4ydellisesti olemassa olevat hydraulisylinterit varmistaen yhteensopivuuden ja luotettavuuden.<\/li>\n<li><strong>Kest\u00e4v\u00e4 muotoilu:<\/strong> Sylinterimme on suunniteltu tarjoamaan korkeaa suorituskyky\u00e4 ja tehokkuutta erilaisissa sovelluksissa, ja ne k\u00e4yv\u00e4t l\u00e4pi tiukat laatutarkastukset alan standardien t\u00e4ytt\u00e4miseksi.<\/li>\n<\/ul>\n<p><img decoding=\"async\" src=\"https:\/\/www.hydraulic-cylinders.net\/wp-content\/uploads\/2025\/04\/songte-cylinder-head-with-all-kinds-excavator-models.webp\" alt=\"Sylinterikansi kaivinkoneilla\" \/><\/p>\n<h2>Puomisylinterin sovellukset<\/h2>\n<h3>Rakennuslaitteet<\/h3>\n<p>Rakennuskoneissa, kuten kaivinkoneissa, puomisylintereill\u00e4 on ratkaiseva rooli maan tai roskien kaivamisessa, lastaamisessa ja siirt\u00e4misess\u00e4. Ne helpottavat kaivu- ja louhintat\u00f6iss\u00e4 tarvittavaa tarkkaa ohjausta varmistaen, ett\u00e4 materiaalia voidaan k\u00e4sitell\u00e4 tehokkaasti ja mahdollisimman v\u00e4h\u00e4ll\u00e4 vaivalla. Puomisylintereiden mukautuvuus mahdollistaa erilaisten lis\u00e4laitteiden k\u00e4yt\u00f6n, mik\u00e4 parantaa koneiden monipuolisuutta.<\/p>\n<h3>Maatalouskoneet<\/h3>\n<p>Puomisylintereill\u00e4 varustetut etukuormaajat sopivat erinomaisesti maan, hein\u00e4n ja muiden materiaalien kaivamiseen, nostamiseen ja kuljettamiseen liittyviin teht\u00e4viin. N\u00e4m\u00e4 sylinterit parantavat maataloustoiminnan tehokkuutta mahdollistamalla materiaalien nopean siirt\u00e4misen, parantamalla tuottavuutta ja v\u00e4hent\u00e4m\u00e4ll\u00e4 ty\u00f6voimakustannuksia. Puomisylinterin hydraulinen luonne tarjoaa tarvittavan nostovoiman, mik\u00e4 tekee n\u00e4ist\u00e4 teht\u00e4vist\u00e4 helpompia ja tehokkaampia.<\/p>\n<h3>Kaivinkoneet<\/h3>\n<p>Kaivinkoneissa puomisylinterit mahdollistavat kauhan tehokkaan tunkeutumisen maaper\u00e4\u00e4n, mik\u00e4 helpottaa kaivamista. Hydraulinen mekanismi mahdollistaa tasaisen liikkeen, mik\u00e4 varmistaa, ett\u00e4 kaivinkone voi suorittaa tarkasti teht\u00e4vi\u00e4, kuten ojitusta ja tasausta. Puomisylinterien tarjoama hallinta on elint\u00e4rke\u00e4\u00e4 kuljettajille haastavissa maastoissa navigoinnissa ja monimutkaisten toimintojen suorittamisessa.<\/p>\n<h3>Kuormaajat<\/h3>\n<p>Etukuormaajissa puomisylinterit auttavat kuormien tehokkaassa nostamisessa ja tyhjent\u00e4misess\u00e4. Niiden kyky tuottaa merkitt\u00e4v\u00e4\u00e4 nostovoimaa mahdollistaa raskaiden materiaalien, kuten soran ja maan, helpon k\u00e4sittelyn. N\u00e4iden hydraulisylinterien tehokas rakenne varmistaa, ett\u00e4 kuljettajat voivat suorittaa teht\u00e4v\u00e4t nopeasti, mik\u00e4 parantaa ty\u00f6nkulkua ja tuottavuutta ty\u00f6mailla.<\/p>\n<h2>Suunnittelun\u00e4k\u00f6kohdat ja valintakriteerit<\/h2>\n<h3>Kantavuus<\/h3>\n<p>Puomisylinterin kuormituskapasiteetti on yksi kriittisimmist\u00e4 suunnitteluvaiheessa huomioon otettavista tekij\u00f6ist\u00e4. Se on arvioitava sylinterin k\u00e4ytt\u00f6tarkoituksen perusteella. Oikein mitoitettu kuormituskapasiteetti varmistaa, ett\u00e4 sylinteri kest\u00e4\u00e4 turvallisesti k\u00e4yt\u00f6n aikana kohtaamansa enimm\u00e4iskuormat. Valmistajat k\u00e4ytt\u00e4v\u00e4t usein edistyneit\u00e4 materiaaleja ja suunnittelutekniikoita varmistaakseen, ett\u00e4 heid\u00e4n sylinterins\u00e4 t\u00e4ytt\u00e4v\u00e4t tai ylitt\u00e4v\u00e4t vaaditut kuormitusluokat.<\/p>\n<h3>Tiivistyskyky<\/h3>\n<p>Tiivistyksen suorituskyky on elint\u00e4rke\u00e4\u00e4 hydraulisen paineen yll\u00e4pit\u00e4miseksi ja nestevuotojen est\u00e4miseksi. Sopivien tiivisteiden, kuten kest\u00e4vist\u00e4 materiaaleista, kuten polyuretaanista tai nitriilikumista, valmistettujen m\u00e4nn\u00e4ntiivisteiden ja varren tiivisteiden, valinta voi parantaa merkitt\u00e4v\u00e4sti puomisylinterien luotettavuutta ja pitk\u00e4ik\u00e4isyytt\u00e4. Oikea tiivistystekniikka on v\u00e4ltt\u00e4m\u00e4t\u00f6nt\u00e4 tehokkaan toiminnan varmistamiseksi ja huoltotarpeiden minimoimiseksi.<\/p>\n<h3>Kest\u00e4vyys<\/h3>\n<p>Kest\u00e4vyys on ensiarvoisen t\u00e4rke\u00e4\u00e4 puomisylintereille, koska niit\u00e4 k\u00e4ytet\u00e4\u00e4n usein vaativissa olosuhteissa. Tekij\u00e4t, kuten l\u00e4mp\u00f6tilan vaihtelut, altistuminen ankarille ymp\u00e4rist\u00f6tekij\u00f6ille ja k\u00e4sitelt\u00e4vien materiaalien luonne, voivat vaikuttaa hydraulisylintereiden k\u00e4ytt\u00f6ik\u00e4\u00e4n. Siksi huolellinen materiaalivalinta ja suunnittelu ovat ratkaisevan t\u00e4rkeit\u00e4 sen varmistamiseksi, ett\u00e4 sylinterit kest\u00e4v\u00e4t n\u00e4m\u00e4 haasteet ilman ennenaikaisia \u200b\u200b\u200b\u200bvikoja.<\/p>\n<h3>Turvaominaisuudet<\/h3>\n<p>Turvaominaisuudet ovat olennainen osa puomisylinterien suunnittelua. N\u00e4m\u00e4 ominaisuudet auttavat ehk\u00e4isem\u00e4\u00e4n onnettomuuksia ja varmistamaan raskaiden koneiden turvallisen k\u00e4yt\u00f6n. Turvatoimenpiteiden, kuten paineenalennusventtiilien, ylikuormitussuojan ja oikeiden kiinnitystekniikoiden, toteuttaminen voi merkitt\u00e4v\u00e4sti v\u00e4hent\u00e4\u00e4 loukkaantumis- ja laitevaurioiden riski\u00e4 k\u00e4yt\u00f6n aikana. Valmistajien tulisi asettaa turvallisuus etusijalle suunnitteluprosesseissaan sek\u00e4 k\u00e4ytt\u00e4jien ett\u00e4 laitteiden suojaamiseksi.<\/p>\n<h3>Huolto ja korjattavuus<\/h3>\n<p>Huollettavuuden ja korjattavuuden suunnittelu on olennaista puomisylinterien k\u00e4ytt\u00f6i\u00e4n pident\u00e4miseksi. Keskeisten komponenttien helppo p\u00e4\u00e4sy tarkastusta ja huoltoa varten voi v\u00e4hent\u00e4\u00e4 huomattavasti seisokkiaikaa ja huoltokustannuksia. Ominaisuuksia, kuten vaihdettavia tiivisteit\u00e4, helppoa p\u00e4\u00e4sy\u00e4 hydrauliikkaportteihin ja selkeit\u00e4 huoltopisteit\u00e4, tulisi harkita suunnitteluvaiheessa tehokkaiden korjausten ja rutiinihuollon helpottamiseksi.<\/p>\n<p><img decoding=\"async\" src=\"https:\/\/www.hydraulic-cylinders.net\/wp-content\/uploads\/2025\/04\/songte-oil-pipes-and-spare-parts.webp\" alt=\"\u00d6ljyputket ja varaosat\" \/><\/p>\n<h2>Sylinterin tiivistys ja voitelu<\/h2>\n<p>Erilaisten tiivistekomponenttien, kuten m\u00e4nn\u00e4ntiivisteiden ja varren tiivisteiden, k\u00e4ytt\u00f6 on kriittist\u00e4 puomisylinterien tehokkaalle toiminnalle. N\u00e4m\u00e4 tiivisteet on tyypillisesti valmistettu kulutusta kest\u00e4vist\u00e4 materiaaleista, kuten polyuretaanista ja nitriilikumista, mik\u00e4 parantaa niiden kest\u00e4vyytt\u00e4 ja suorituskyky\u00e4. Lis\u00e4ksi sylinterin runko ja kierteitetyt p\u00e4\u00e4t on ty\u00f6stett\u00e4v\u00e4 tarkasti kulutuskest\u00e4vyyden parantamiseksi ja asianmukaisen tiivistyksen varmistamiseksi. S\u00e4\u00e4nn\u00f6llinen voitelu hydrauliikka\u00f6ljyll\u00e4 on v\u00e4ltt\u00e4m\u00e4t\u00f6nt\u00e4, koska se ei ainoastaan \u200b\u200bv\u00e4henn\u00e4 kitkaa, vaan my\u00f6s est\u00e4\u00e4 korroosiota ja auttaa yll\u00e4pit\u00e4m\u00e4\u00e4n optimaalisia k\u00e4ytt\u00f6l\u00e4mp\u00f6tiloja. Tiivisteiden ja voiteluj\u00e4rjestelmien asianmukainen huolto on elint\u00e4rke\u00e4\u00e4 hydrauliikkasylinterien luotettavan toiminnan kannalta.<\/p>\n<h2>Ennaltaehk\u00e4isev\u00e4t huoltotoimenpiteet<\/h2>\n<ul>\n<li><strong>S\u00e4\u00e4nn\u00f6lliset tarkastukset:<\/strong> Rutiinitarkastusten suorittaminen on t\u00e4rke\u00e4\u00e4 puomin sylinterin mahdollisen kulumisen tai vaurioiden havaitsemiseksi. Tarkista vuodot, ep\u00e4tavalliset \u00e4\u00e4net ja mahdolliset korroosion merkit. Varhainen havaitseminen voi est\u00e4\u00e4 vakavampia ongelmia my\u00f6hemmin.<\/li>\n<li><strong>Asianmukainen voitelu:<\/strong> Varmista, ett\u00e4 hydrauliikka\u00f6ljyn taso on riitt\u00e4v\u00e4 ja ett\u00e4 \u00f6ljy vaihdetaan valmistajan suositusten mukaisesti. Oikea voitelu minimoi kitkan ja kulumisen, mik\u00e4 pident\u00e4\u00e4 sylinterin k\u00e4ytt\u00f6ik\u00e4\u00e4.<\/li>\n<li><strong>Tiivisteiden vaihdot:<\/strong> Tarkista tiivisteet s\u00e4\u00e4nn\u00f6llisesti ja vaihda ne tarvittaessa vuotojen est\u00e4miseksi ja hydraulisen paineen yll\u00e4pit\u00e4miseksi. Kuluneet tiivisteet voivat johtaa tehokkuuden heikkenemiseen ja sylinterin vaurioitumiseen.<\/li>\n<\/ul>\n<h2>Asennusohjeet<\/h2>\n<p>Varmista puomin sylinterin oikea asennus noudattamalla seuraavia ohjeita:<\/p>\n<ol>\n<li><strong>Valmistelu:<\/strong> Ker\u00e4\u00e4 kaikki tarvittavat ty\u00f6kalut ja materiaalit. Varmista, ett\u00e4 ty\u00f6alue on puhdas ja vapaa roskista.<\/li>\n<li><strong>Tasaus:<\/strong> Kohdista sylinteri oikein kiinnityskiinnikkeisiin. V\u00e4\u00e4r\u00e4 kohdistus voi aiheuttaa liiallista rasitusta ja johtaa ennenaikaiseen vikaantumiseen.<\/li>\n<li><strong>Asennus:<\/strong> Kiinnit\u00e4 sylinteri paikalleen k\u00e4ytt\u00e4m\u00e4ll\u00e4 sopivia kiinnityskorvakkeita. Varmista, ett\u00e4 kaikki pultit ja kiinnikkeet on kiristetty valmistajan ohjeiden mukaisesti.<\/li>\n<li><strong>Hydrauliset liit\u00e4nn\u00e4t:<\/strong> Kytke hydrauliletkut ja varmista, ettei j\u00e4rjestelm\u00e4ss\u00e4 ole vuotoja. Tarkista kaikki liitokset ja liit\u00e4nn\u00e4t ennen jatkamista.<\/li>\n<li><strong>Testaus:<\/strong> Asennuksen j\u00e4lkeen suorita toimintatesti varmistaaksesi, ett\u00e4 sylinteri toimii sujuvasti ja ongelmitta. Tarkkaile k\u00e4yt\u00f6n aikana mahdollisia poikkeavuuksia.<\/li>\n<\/ol>\n<h2>Yleiset huoltoteht\u00e4v\u00e4t<\/h2>\n<h3>S\u00e4\u00e4nn\u00f6lliset tarkastukset<\/h3>\n<p>Puomin sylinterin s\u00e4\u00e4nn\u00f6lliset tarkastukset ovat ratkaisevan t\u00e4rkeit\u00e4 mahdollisten ongelmien tunnistamiseksi ennen niiden pahenemista. N\u00e4ihin kuuluvat kulumisen merkkien, vuotojen ja mahdollisten ep\u00e4tavallisten \u00e4\u00e4nien tarkistaminen k\u00e4yt\u00f6n aikana. Rutiinitarkastusaikataulun laatiminen auttaa yll\u00e4pit\u00e4m\u00e4\u00e4n optimaalista suorituskyky\u00e4 ja pident\u00e4\u00e4 sylinterin k\u00e4ytt\u00f6ik\u00e4\u00e4.<\/p>\n<h3>Asianmukainen voitelu<\/h3>\n<p>Puomin sylinterin riitt\u00e4v\u00e4 voitelu on elint\u00e4rke\u00e4\u00e4 sen toiminnan kannalta. Tarkista hydraulinesteen tasot s\u00e4\u00e4nn\u00f6llisesti ja vaihda neste tarvittaessa. Oikea voitelu v\u00e4hent\u00e4\u00e4 kitkaa, est\u00e4\u00e4 ylikuumenemisen ja minimoi sis\u00e4isten osien kulumisen, mik\u00e4 pident\u00e4\u00e4 sylinterin k\u00e4ytt\u00f6ik\u00e4\u00e4.<\/p>\n<h3>Tiivisteiden vaihto ja kalibrointitarkastukset<\/h3>\n<p>Kuluneet tiivisteet voivat johtaa hydraulinesteen vuotoihin ja heikentyneeseen suorituskykyyn. Tarkkaile tiivisteiden kuntoa s\u00e4\u00e4nn\u00f6llisesti ja vaihda ne tarvittaessa. Lis\u00e4ksi suorita s\u00e4\u00e4nn\u00f6lliset kalibrointitarkastukset varmistaaksesi, ett\u00e4 sylinteri toimii tarkasti ja tehokkaasti, mik\u00e4 helpottaa sujuvaa suorituskyky\u00e4 erilaisissa teht\u00e4viss\u00e4.<\/p>\n<p><img decoding=\"async\" src=\"https:\/\/www.hydraulic-cylinders.net\/wp-content\/uploads\/2025\/04\/songte-chushion-collar.webp\" alt=\"Tyynykaulus\" \/><\/p>\n<h2>Turvallisuusn\u00e4k\u00f6kohdat ja ymp\u00e4rist\u00f6tekij\u00e4t<\/h2>\n<p>Hydraulisylinterien kanssa ty\u00f6skennelt\u00e4ess\u00e4 turvatoimenpiteet ovat ensiarvoisen t\u00e4rkeit\u00e4. K\u00e4ytt\u00e4j\u00e4t tulisi kouluttaa laitteiden oikeaan k\u00e4ytt\u00f6\u00f6n ja henkil\u00f6nsuojainten (PPE) k\u00e4yt\u00f6n t\u00e4rkeyteen riskien minimoimiseksi. S\u00e4\u00e4nn\u00f6lliset koulutustilaisuudet ja turvallisuusprotokollien noudattaminen voivat auttaa v\u00e4hent\u00e4m\u00e4\u00e4n ty\u00f6tapaturmia ja samalla varmistamaan k\u00e4yt\u00f6ss\u00e4 olevien hydraulij\u00e4rjestelmien pitk\u00e4ik\u00e4isyyden. My\u00f6s ymp\u00e4rist\u00f6n\u00e4k\u00f6kohdilla on ratkaiseva rooli hydraulisylinterien suunnittelussa ja k\u00e4yt\u00f6ss\u00e4. Ymp\u00e4rist\u00f6yst\u00e4v\u00e4llisten hydraulinesteiden k\u00e4ytt\u00f6 ja vanhojen nesteiden asianmukainen h\u00e4vitt\u00e4minen voivat merkitt\u00e4v\u00e4sti pienent\u00e4\u00e4 hydraulikoneiden ekologista jalanj\u00e4lke\u00e4.<\/p>\n<h2>Yleisten ongelmien vianm\u00e4\u00e4ritys<\/h2>\n<h3>Yleisten ongelmien tunnistaminen<\/h3>\n<ul>\n<li><strong>Nestevuodot:<\/strong> Yksi yleisimmist\u00e4 ongelmista on hydrauliikka\u00f6ljyn vuodot. Tarkista tiivisteet ja liitokset vuodon l\u00e4hteen tunnistamiseksi.<\/li>\n<li><strong>Hidas vaste:<\/strong> Jos sylinteri reagoi hitaasti, hydrauliikka\u00f6ljyn tasossa voi olla ongelma tai letkuissa voi olla tukos.<\/li>\n<li><strong>Ep\u00e4tavalliset \u00e4\u00e4net:<\/strong> Hankaus- tai kolina\u00e4\u00e4net voivat viitata sis\u00e4iseen kulumiseen tai vaurioihin, jotka vaativat v\u00e4lit\u00f6nt\u00e4 tarkastusta.<\/li>\n<\/ul>\n<h3>Vianm\u00e4\u00e4ritysvinkkej\u00e4<\/h3>\n<p>Katso jokaisen tunnistetun ongelman osalta valmistajan ohjeet ja noudata n\u00e4it\u00e4 yleisi\u00e4 vianm\u00e4\u00e4ritysvaiheita:<\/p>\n<ol>\n<li>Tarkista hydraulinesteen tasot ja t\u00e4yt\u00e4 tarvittaessa.<\/li>\n<li>Tarkista tiivisteet ja liitokset kulumisen tai vaurioiden varalta ja vaihda tarvittaessa.<\/li>\n<li>Varmista, ett\u00e4 kaikki liitokset ovat tiukasti kiinni vuotojen est\u00e4miseksi.<\/li>\n<li>Ota yhteytt\u00e4 ammattitaitoiseen teknikkoon sis\u00e4isten ongelmien tai monimutkaisten korjausten yhteydess\u00e4.<\/li>\n<\/ol>\n<h3>Ennaltaehk\u00e4isev\u00e4t toimenpiteet<\/h3>\n<p>Mahdollisten ongelmien minimoimiseksi noudata s\u00e4\u00e4nn\u00f6llist\u00e4 huolto-ohjelmaa, joka sis\u00e4lt\u00e4\u00e4 tarkastukset, voitelun ja tiivisteiden oikea-aikaisen vaihdon. Oikeiden k\u00e4ytt\u00f6olosuhteiden yll\u00e4pit\u00e4minen ja laitteiden oikean k\u00e4yt\u00f6n varmistaminen voivat merkitt\u00e4v\u00e4sti v\u00e4hent\u00e4\u00e4 ongelmien todenn\u00e4k\u00f6isyytt\u00e4 tulevaisuudessa.<\/p>\n<p><img decoding=\"async\" src=\"https:\/\/www.hydraulic-cylinders.net\/wp-content\/uploads\/2025\/04\/songte-bushings-with-all-kinds-of-excavator-models.webp\" alt=\"Holkit kaivinkoneilla\" \/><\/p>\n<h2>Tietoa yrityksest\u00e4mme<\/h2>\n<p>Olemme johtava hydraulisten sylinterien valmistaja ja tukkumyyj\u00e4, joka on erikoistunut varaosiin. Monipuolinen tuotevalikoimamme tekee meist\u00e4 keskeisen toimijan sek\u00e4 kotimaisilla ett\u00e4 kansainv\u00e4lisill\u00e4 markkinoilla. Noudatamme erinomaista laatua hy\u00f6dynt\u00e4en hienostunutta valmistusstrategiaa ja edistyneit\u00e4 tuotannonohjausk\u00e4yt\u00e4nt\u00f6j\u00e4. Ty\u00f6ntekij\u00e4kuntaamme kuuluu ammattitaitoista teknist\u00e4 henkil\u00f6st\u00f6\u00e4, ja k\u00e4yt\u00e4mme huippuluokan valmistuslaitteita ja ammattimaisia \u200b\u200btestausj\u00e4rjestelmi\u00e4 valmistusprosessiemme jatkuvaan parantamiseen. Sitoutumisemme korkeaan tehokkuuteen, tarkkuuteen ja laatuun mahdollistaa sen, ett\u00e4 pystymme vastaamaan asiakkaidemme monipuolisiin tarpeisiin tehokkaasti.<\/p>\n<h3>Ammattitaito<\/h3>\n<p>Tiimill\u00e4mme on laaja asiantuntemus hydraulisylinterien valmistuksesta, mik\u00e4 varmistaa, ett\u00e4 tuotteemme t\u00e4ytt\u00e4v\u00e4t kansainv\u00e4liset standardit. Tarjoamme r\u00e4\u00e4t\u00e4l\u00f6ityj\u00e4 ratkaisuja asiakkaiden erityistarpeisiin parantaen hydraulij\u00e4rjestelmien suorituskyky\u00e4 ja sopeutumiskyky\u00e4.<\/p>\n<h3>Kansainv\u00e4liset sertifikaatit<\/h3>\n<p>Kaikki tuotteemme ovat kansainv\u00e4listen laatustandardien mukaisia, mik\u00e4 varmistaa asiakkaillemme luotettavien ja kest\u00e4vien hydraulisylintereiden toimittamisen. Prioriteettimme on turvallisuus- ja tehokkuusm\u00e4\u00e4r\u00e4ysten noudattaminen maailmanlaajuisesti.<\/p>\n<h3>Mukautetut palvelut<\/h3>\n<p>Ymm\u00e4rr\u00e4mme, ett\u00e4 jokaisella asiakkaalla voi olla ainutlaatuisia vaatimuksia, joten tarjoamme r\u00e4\u00e4t\u00e4l\u00f6ityj\u00e4 valmistuspalveluita. Olipa kyseess\u00e4 tietty koko, muotoilu tai toiminnallisuus, tiimimme on valmiina tarjoamaan r\u00e4\u00e4t\u00e4l\u00f6ityj\u00e4 ratkaisuja.<\/p>\n<h3>Tuotantolaitteet<\/h3>\n<p>Huippuluokan tuotantolaitteistomme ansiosta pystymme yll\u00e4pit\u00e4m\u00e4\u00e4n korkeita laatu- ja tarkkuusstandardeja valmistuksessa. Olemme sitoutuneet jatkuviin investointeihin teknologiaan parantaaksemme tuotantokapasiteettiamme.<\/p>\n<h3>Myynnin j\u00e4lkeinen tuki<\/h3>\n<p>Uskomme pitk\u00e4aikaisten asiakassuhteiden rakentamiseen, ja j\u00e4lkimarkkinointitukemme on t\u00e4st\u00e4 osoitus. Tiimimme on k\u00e4ytett\u00e4viss\u00e4 avuksi, ohjaukseksi ja palveluksi varmistaakseen, ett\u00e4 asiakkaamme saavat kaiken irti hydraulisylintereist\u00e4\u00e4n.<\/p>\n<p><img decoding=\"async\" src=\"https:\/\/www.hydraulic-cylinders.net\/wp-content\/uploads\/2025\/04\/songte-company-4.webp\" alt=\"Yrityksen yleiskatsaus\" \/><br \/>\n<img decoding=\"async\" src=\"https:\/\/www.hydraulic-cylinders.net\/wp-content\/uploads\/2025\/04\/songte-company-3.webp\" alt=\"Yrityksen resurssit\" \/><\/p>\n<p>Kirjoittaja: lyl<\/p>","protected":false},"excerpt":{"rendered":"<p>Boom Cylinder For NHIG 3306LC Introduction to Boom Cylinder The boom cylinder, specifically designed for the NHIG 3306LC, is a vital hydraulic component used in heavy machinery such as excavators, backhoe loaders, and front loaders. This hydraulic cylinder enables the controlled movement of the boom, allowing for precise lifting, lowering, and tilting of the bucket. [&hellip;]<\/p>","protected":false},"featured_media":17867,"comment_status":"open","ping_status":"closed","template":"","meta":{"_et_pb_use_builder":"","_et_pb_old_content":"","_et_gb_content_width":""},"product_brand":[],"product_cat":[1546],"product_tag":[1547,1496],"class_list":{"0":"post-19664","1":"product","2":"type-product","3":"status-publish","4":"has-post-thumbnail","6":"product_cat-boom-cylinders","7":"product_tag-boom-cylinders","8":"product_tag-hydraulic-cylinders","10":"first","11":"instock","12":"shipping-taxable","13":"product-type-simple"},"amp_enabled":true,"_links":{"self":[{"href":"https:\/\/www.hydraulic-cylinders.net\/fi\/wp-json\/wp\/v2\/product\/19664","targetHints":{"allow":["GET"]}}],"collection":[{"href":"https:\/\/www.hydraulic-cylinders.net\/fi\/wp-json\/wp\/v2\/product"}],"about":[{"href":"https:\/\/www.hydraulic-cylinders.net\/fi\/wp-json\/wp\/v2\/types\/product"}],"replies":[{"embeddable":true,"href":"https:\/\/www.hydraulic-cylinders.net\/fi\/wp-json\/wp\/v2\/comments?post=19664"}],"wp:featuredmedia":[{"embeddable":true,"href":"https:\/\/www.hydraulic-cylinders.net\/fi\/wp-json\/wp\/v2\/media\/17867"}],"wp:attachment":[{"href":"https:\/\/www.hydraulic-cylinders.net\/fi\/wp-json\/wp\/v2\/media?parent=19664"}],"wp:term":[{"taxonomy":"product_brand","embeddable":true,"href":"https:\/\/www.hydraulic-cylinders.net\/fi\/wp-json\/wp\/v2\/product_brand?post=19664"},{"taxonomy":"product_cat","embeddable":true,"href":"https:\/\/www.hydraulic-cylinders.net\/fi\/wp-json\/wp\/v2\/product_cat?post=19664"},{"taxonomy":"product_tag","embeddable":true,"href":"https:\/\/www.hydraulic-cylinders.net\/fi\/wp-json\/wp\/v2\/product_tag?post=19664"}],"curies":[{"name":"wp","href":"https:\/\/api.w.org\/{rel}","templated":true}]}}