{"id":19666,"date":"2025-04-07T07:00:33","date_gmt":"2025-04-07T07:00:33","guid":{"rendered":"https:\/\/www.hydraulic-cylinders.net\/product\/boom-cylinder-for-nhig-bf6m2012c\/"},"modified":"2025-04-07T07:00:36","modified_gmt":"2025-04-07T07:00:36","slug":"boom-cylinder-for-nhig-bf6m2012c","status":"publish","type":"product","link":"https:\/\/www.hydraulic-cylinders.net\/fi\/tuote\/boom-cylinder-for-nhig-bf6m2012c\/","title":{"rendered":"Puomin sylinteri NHIG BF6m2012C:lle"},"content":{"rendered":"<h1>Puomin sylinteri NHIG BF6m2012C:lle<\/h1>\n<h2>Puomin sylinterin yleiskatsaus<\/h2>\n<p>Puomin sylinteri on kriittinen osa hydraulij\u00e4rjestelmiss\u00e4, ja se on erityisesti suunniteltu ohjaamaan kauhojen liikett\u00e4 erilaisissa raskaissa koneissa, kuten kaivinkoneissa, kaivurikuormaajissa ja etukuormaajissa. T\u00e4m\u00e4 hydraulisylinteri mahdollistaa kauhan nostamisen, laskemisen ja kallistumisen, mik\u00e4 helpottaa tehokkaita materiaalink\u00e4sittelyteht\u00e4vi\u00e4. Hydraulisen paineen avulla n\u00e4m\u00e4 sylinterit tarjoavat tarvittavan voiman monimutkaisten toimintojen suorittamiseen tarkasti ja helposti.<\/p>\n<p><img decoding=\"async\" src=\"https:\/\/www.hydraulic-cylinders.net\/wp-content\/uploads\/2025\/04\/songte-company-1.webp\" alt=\"Puomin sylinterin kuva\" \/><\/p>\n<h3>M\u00e4\u00e4ritelm\u00e4 ja toiminta<\/h3>\n<p>Puomisylinteri on erikoishydraulinen sylinteri, jota k\u00e4ytet\u00e4\u00e4n kauhan liikkeen ohjaamiseen rakennuskoneissa. Sill\u00e4 on olennainen rooli toiminnan tehokkuudessa, sill\u00e4 se mahdollistaa k\u00e4ytt\u00e4jien suorittaa teht\u00e4vi\u00e4, kuten kaivamista, nostamista ja materiaalien kuljettamista tehokkaasti. Kauhasylinterin rakenne varmistaa, ett\u00e4 se kest\u00e4\u00e4 korkeita paineita ja raskaita kuormia s\u00e4ilytt\u00e4en samalla luotettavuuden ankarissa ty\u00f6ymp\u00e4rist\u00f6iss\u00e4.<\/p>\n<h2>Puomin sylinterin ominaisuudet<\/h2>\n<ul>\n<li><strong>Korkea lujuus ja kest\u00e4vyys:<\/strong> Tyypillisesti lujasta ter\u00e4ksest\u00e4 tai alumiinista valmistetut sylinterit kest\u00e4v\u00e4t korkeaa painetta ja raskaita kuormia. Ne on suunniteltu kest\u00e4m\u00e4\u00e4n ankaria ty\u00f6olosuhteita ja samalla ne kest\u00e4v\u00e4t kulumista ja korroosiota, mik\u00e4 pident\u00e4\u00e4 niiden k\u00e4ytt\u00f6ik\u00e4\u00e4.<\/li>\n<li><strong>Tehokas hydraulinen k\u00e4ytt\u00f6:<\/strong> Puomin sylinteri hy\u00f6dynt\u00e4\u00e4 hydrauli\u00f6ljyn painetta sujuvaan pidennykseen ja sis\u00e4\u00e4nvetoon. Se reagoi nopeasti ohjauskomentoihin ja tuottaa voimakkaita ty\u00f6nt\u00f6- ja vetovoimia, jotka sopivat raskaiden materiaalien k\u00e4sittelyyn ja monimutkaisiin teht\u00e4viin.<\/li>\n<li><strong>Erilaisia \u200b\u200btyyppej\u00e4:<\/strong> K\u00e4ytt\u00f6vaatimuksista riippuen k\u00e4ytt\u00e4j\u00e4t voivat valita yksitoimisten (hydraulinen toiminta yhteen suuntaan) tai kaksitoimisten (hydraulinen toiminta molempiin suuntiin) sylinterien v\u00e4lill\u00e4. Tietyt mallit ovat teleskooppisia, mik\u00e4 mahdollistaa suuremman jatkeen ilman ulkomittojen kasvua, mik\u00e4 sopii erinomaisesti ahtaisiin sovelluksiin.<\/li>\n<li><strong>Mukautettu valmistus:<\/strong> Yrityksemme on erikoistunut valmistamaan puomisylintereit\u00e4, jotka korvaavat t\u00e4ydellisesti olemassa olevat hydraulisylinterit varmistaen yhteensopivuuden ja saumattoman integroinnin koneisiisi.<\/li>\n<li><strong>Edistynyt teknologia:<\/strong> Huipputeknologian ja valmistusprosessien ansiosta puomisylinterimme on suunniteltu optimaalista suorituskyky\u00e4 ja pitk\u00e4ik\u00e4isyytt\u00e4 varten, ja ne t\u00e4ytt\u00e4v\u00e4t erilaisten sovellusten tiukat vaatimukset.<\/li>\n<\/ul>\n<p><img decoding=\"async\" src=\"https:\/\/www.hydraulic-cylinders.net\/wp-content\/uploads\/2025\/04\/songte-cylinder-head-with-all-kinds-excavator-models.webp\" alt=\"Sylinterikannen kuva\" \/><\/p>\n<h2>Puomisylinterin sovellukset<\/h2>\n<h3>Rakennuslaitteet<\/h3>\n<p>Kaivinkoneissa puomisylinterit ovat ratkaisevan t\u00e4rkeit\u00e4 maan tai roskien kaivamisessa, lastaamisessa ja kuljetuksessa. Niiden rakenne mahdollistaa paremmat kaivuominaisuudet ja nostovoiman, mik\u00e4 helpottaa erilaisia \u200b\u200brakennusteht\u00e4vi\u00e4.<\/p>\n<h3>Maatalouskoneet<\/h3>\n<p>Etukuormaajissa n\u00e4it\u00e4 sylintereit\u00e4 k\u00e4ytet\u00e4\u00e4n maan, hein\u00e4n ja muiden materiaalien kauhaamiseen, nostamiseen ja kuljettamiseen. Niill\u00e4 on t\u00e4rke\u00e4 rooli maataloustoiminnan tuottavuuden ja tehokkuuden lis\u00e4\u00e4misess\u00e4.<\/p>\n<h3>Kaivinkoneet<\/h3>\n<p>Puomisylinteri mahdollistaa kauhan tunkeutumisen maahan, mik\u00e4 tekee kaivut\u00f6ist\u00e4 hallittavampia ja tehokkaampia. Se parantaa koneen kyky\u00e4 kaivaa syv\u00e4lle ja siirt\u00e4\u00e4 materiaalia.<\/p>\n<h3>Kuormaajat<\/h3>\n<p>Etukuormaajissa puomisylinterit auttavat kuormien tehokkaassa nostamisessa ja tyhjent\u00e4misess\u00e4. Niiden luotettava toiminta varmistaa, ett\u00e4 materiaaleja voidaan siirt\u00e4\u00e4 nopeasti ja turvallisesti, mik\u00e4 edist\u00e4\u00e4 kokonaistuottavuutta.<\/p>\n<h2>Suunnittelun\u00e4k\u00f6kohdat ja valintakriteerit<\/h2>\n<h3>Kantavuus<\/h3>\n<p>Puomisylinteri\u00e4 valittaessa on ratkaisevan t\u00e4rke\u00e4\u00e4 ymm\u00e4rt\u00e4\u00e4 sen kuormituskapasiteetti. Sylinterin on kyett\u00e4v\u00e4 k\u00e4sittelem\u00e4\u00e4n enimm\u00e4iskuorma suorituskyky\u00e4 vaarantamatta. T\u00e4m\u00e4 edellytt\u00e4\u00e4 paitsi valmistajan toimittamien tietojen my\u00f6s ty\u00f6olosuhteiden arviointia.<\/p>\n<h3>Tiivistyksen eheys<\/h3>\n<p>Tiivistys on hydraulisylinterin suunnittelun olennainen osa. Asianmukaiset tiivisteet est\u00e4v\u00e4t nestevuodon, mik\u00e4 on v\u00e4ltt\u00e4m\u00e4t\u00f6nt\u00e4 j\u00e4rjestelm\u00e4n paineen yll\u00e4pit\u00e4miseksi. Korkealaatuiset tiivisteet, jotka on valmistettu esimerkiksi polyuretaanista ja nitriilikumista, varmistavat kest\u00e4vyyden ja pitk\u00e4n k\u00e4ytt\u00f6i\u00e4n.<\/p>\n<h3>Kest\u00e4vyys<\/h3>\n<p>Puomin sylinterin kest\u00e4vyys vaikuttaa suoraan sen k\u00e4ytt\u00f6ik\u00e4\u00e4n ja tehokkuuteen. Sylinterit on suunniteltava kest\u00e4m\u00e4\u00e4n kulumista ja ymp\u00e4rist\u00f6tekij\u00f6it\u00e4, jotta ne pysyv\u00e4t toimintakunnossa pitki\u00e4 aikoja ilman usein tapahtuvia vaihtoja.<\/p>\n<h3>Turvaominaisuudet<\/h3>\n<p>Turvaominaisuuksien sis\u00e4llytt\u00e4minen puomisylinterien suunnitteluun on ensiarvoisen t\u00e4rke\u00e4\u00e4. N\u00e4ihin kuuluvat ylikuormitussuoja ja h\u00e4t\u00e4pys\u00e4ytysmekanismit, jotka voivat est\u00e4\u00e4 onnettomuuksia ja laitteiden vikaantumista k\u00e4yt\u00f6n aikana.<\/p>\n<h3>Huolto Esteett\u00f6myys<\/h3>\n<p>Helppok\u00e4ytt\u00f6inen suunnittelu on ratkaisevan t\u00e4rke\u00e4\u00e4. Sylinterien tiivisteiden ja muiden komponenttien on oltava helposti saatavilla, mik\u00e4 helpottaa s\u00e4\u00e4nn\u00f6llisi\u00e4 huoltoteht\u00e4vi\u00e4 ja voi est\u00e4\u00e4 kalliita seisokkeja ja korjauksia.<\/p>\n<p><img decoding=\"async\" src=\"https:\/\/www.hydraulic-cylinders.net\/wp-content\/uploads\/2025\/04\/songte-oil-pipes-and-spare-parts.webp\" alt=\"\u00d6ljyputket ja varaosat -kuva\" \/><\/p>\n<h2>Tiivistys ja voitelu<\/h2>\n<p>Puomisylinterin asianmukainen tiivistys ja voitelu ovat v\u00e4ltt\u00e4m\u00e4tt\u00f6mi\u00e4 optimaalisen suorituskyvyn saavuttamiseksi. Erilaisia \u200b\u200btiivisteit\u00e4, kuten m\u00e4nn\u00e4ntiivisteit\u00e4 ja varren tiivisteit\u00e4, k\u00e4ytet\u00e4\u00e4n pit\u00e4m\u00e4\u00e4n hydraulineste sylinterin sis\u00e4ll\u00e4. Kest\u00e4vist\u00e4 materiaaleista, kuten polyuretaanista ja nitriilikumista, valmistetut tiivisteet ovat edullisia niiden kulutuskest\u00e4vyyden vuoksi.<\/p>\n<p>Sylinterin runko ja kierteitetyt p\u00e4\u00e4typinnat koneistetaan tarkasti kulutuskest\u00e4vyyden parantamiseksi. S\u00e4\u00e4nn\u00f6llinen voitelu hydrauliikka\u00f6ljyll\u00e4 on v\u00e4ltt\u00e4m\u00e4t\u00f6nt\u00e4 kitkan ja kulumisen minimoimiseksi ja sujuvan toiminnan varmistamiseksi.<\/p>\n<h2>Ennaltaehk\u00e4isev\u00e4t huoltotoimenpiteet<\/h2>\n<ul>\n<li><strong>S\u00e4\u00e4nn\u00f6lliset tarkastukset:<\/strong> Suorita rutiinitarkastuksia kulumisen tai vaurioiden havaitsemiseksi varhaisessa vaiheessa, jotta laitteet voidaan korjata ajoissa ja est\u00e4\u00e4 niiden vaurioituminen.<\/li>\n<li><strong>Asianmukainen voitelu:<\/strong> Varmista, ett\u00e4 hydrauliikka\u00f6ljyn taso on suositellulla tasolla ja ett\u00e4 kaikki sylinterin liikkuvat osat voitelevat riitt\u00e4v\u00e4sti.<\/li>\n<li><strong>Tiivisteen vaihto:<\/strong> Tarkista tiivisteiden kuluminen s\u00e4\u00e4nn\u00f6llisesti ja vaihda ne tarvittaessa hydraulij\u00e4rjestelm\u00e4n eheyden yll\u00e4pit\u00e4miseksi.<\/li>\n<\/ul>\n<h2>Asennusohjeet<\/h2>\n<p>Varmista puomin sylinterin oikea asennus noudattamalla seuraavia ohjeita:<\/p>\n<ul>\n<li>Varmista, ett\u00e4 kaikki osat ovat puhtaita ja ettei niiss\u00e4 ole roskia ennen asennuksen aloittamista.<\/li>\n<li>Kohdista sylinteri oikein koneen kiinnityspisteisiin, jotta komponentteihin ei kohdistu tarpeetonta rasitusta.<\/li>\n<li>K\u00e4yt\u00e4 sopivia kiinnityskiinnikkeit\u00e4 sylinterin kiinnitt\u00e4miseen paikalleen ja varmista vakauden k\u00e4yt\u00f6n aikana.<\/li>\n<li>Tarkista hydrauliikkaliitokset vuotojen varalta ja varmista, ett\u00e4 kaikki liittimet on kiristetty m\u00e4\u00e4r\u00e4ysten mukaisesti.<\/li>\n<li>Testaa sylinterin toiminta asennuksen j\u00e4lkeen varmistaaksesi toimivuuden ja tee tarvittavat s\u00e4\u00e4d\u00f6t.<\/li>\n<\/ul>\n<h2>Yleiset huoltoteht\u00e4v\u00e4t<\/h2>\n<h3>S\u00e4\u00e4nn\u00f6lliset tarkastukset<\/h3>\n<p>S\u00e4\u00e4nn\u00f6lliset tarkastukset ovat ratkaisevan t\u00e4rkeit\u00e4 puomisylinterin pitk\u00e4ik\u00e4isyyden varmistamiseksi. K\u00e4ytt\u00e4j\u00e4n tulee tarkistaa komponentit kulumisen, vuotojen tai vaurioiden varalta. T\u00e4m\u00e4 ennakoiva l\u00e4hestymistapa auttaa tunnistamaan mahdolliset ongelmat ennen kuin ne pahenevat, mik\u00e4 varmistaa sujuvan toiminnan.<\/p>\n<h3>Asianmukainen voitelu<\/h3>\n<p>Oikean voitelun yll\u00e4pit\u00e4minen on elint\u00e4rke\u00e4\u00e4 puomisylinterin sujuvan toiminnan kannalta. K\u00e4ytt\u00e4j\u00e4n on varmistettava, ett\u00e4 hydrauliikka\u00f6ljyn taso on riitt\u00e4v\u00e4 ja ett\u00e4 kaikki liikkuvat osat saavat tarvittavan voitelun kitkan ja kulumisen v\u00e4hent\u00e4miseksi.<\/p>\n<h3>Tiivisteiden vaihto ja kalibrointitarkastukset<\/h3>\n<p>Tiivisteet on vaihdettava s\u00e4\u00e4nn\u00f6llisesti hydraulisen eheyden yll\u00e4pit\u00e4miseksi. K\u00e4ytt\u00e4j\u00e4n tulee laatia aikataulu tiivisteiden tarkastukselle ja vaihdolle sek\u00e4 s\u00e4\u00e4nn\u00f6llisille kalibrointitarkastuksille sen varmistamiseksi, ett\u00e4 sylinteri toimii m\u00e4\u00e4ritettyjen parametrien mukaisesti.<\/p>\n<p><img decoding=\"async\" src=\"https:\/\/www.hydraulic-cylinders.net\/wp-content\/uploads\/2025\/04\/songte-chushion-collar.webp\" alt=\"Tyynykauluksen kuva\" \/><\/p>\n<h2>Turvallisuusn\u00e4k\u00f6kohdat ja ymp\u00e4rist\u00f6tekij\u00e4t<\/h2>\n<p>Turvatoimenpiteiden toteuttaminen puomisylintereit\u00e4 k\u00e4ytett\u00e4ess\u00e4 on olennaista. K\u00e4ytt\u00e4j\u00e4t tulee kouluttaa turvallisiin k\u00e4yt\u00e4nt\u00f6ihin, kuten ymp\u00e4rist\u00f6ns\u00e4 tiedostamiseen ja koneiden k\u00e4ytt\u00f6rajojen ymm\u00e4rt\u00e4miseen. Kaikkien turvalaitteiden toiminnan varmistaminen minimoi hydraulisiin laitteisiin liittyv\u00e4t riskit.<\/p>\n<h2>Vianm\u00e4\u00e4ritys ja yleiset ongelmat<\/h2>\n<ul>\n<li><strong>Hydrauliset vuodot:<\/strong> Yksi yleisimmist\u00e4 ongelmista on hydraulinesteen vuodot, jotka voivat johtaa paineen ja suorituskyvyn menetykseen. Tarkista tiivisteet ja liitokset s\u00e4\u00e4nn\u00f6llisesti t\u00e4m\u00e4n riskin minimoimiseksi.<\/li>\n<li><strong>Hidas toiminta:<\/strong> Jos sylinteri toimii hitaasti, se voi viitata alhaiseen hydrauliikka\u00f6ljyn tasoon tai ep\u00e4puhtauteen. Tarkista \u00f6ljyn tasot ja suodattimet varmistaaksesi oikeat virtausnopeudet.<\/li>\n<li><strong>Ep\u00e4tavalliset \u00e4\u00e4net:<\/strong> Ep\u00e4tavalliset \u00e4\u00e4net k\u00e4yt\u00f6n aikana voivat olla merkki sis\u00e4isist\u00e4 vaurioista tai ilmasta hydraulij\u00e4rjestelm\u00e4ss\u00e4. N\u00e4iden \u00e4\u00e4nien nopea korjaaminen voi est\u00e4\u00e4 lis\u00e4vaurioita.<\/li>\n<\/ul>\n<h2>Vianm\u00e4\u00e4ritysvinkkej\u00e4<\/h2>\n<p>Puomisylinterin ongelmien tehokkaaksi diagnosoimiseksi ja korjaamiseksi k\u00e4ytt\u00e4jien tulee noudattaa seuraavia vianetsint\u00e4vaiheita:<\/p>\n<ul>\n<li>Tarkista hydrauliikkaj\u00e4rjestelm\u00e4 vuotojen varalta ja korjaa ne v\u00e4litt\u00f6m\u00e4sti.<\/li>\n<li>Tarkista nestetasot ja lis\u00e4\u00e4 sopivaa hydrauliikka\u00f6ljy\u00e4.<\/li>\n<li>Tarkista tiivisteiden kuluminen ja vaihda ne tarvittaessa lis\u00e4vuotojen est\u00e4miseksi.<\/li>\n<\/ul>\n<p><img decoding=\"async\" src=\"https:\/\/www.hydraulic-cylinders.net\/wp-content\/uploads\/2025\/04\/songte-bushings-with-all-kinds-of-excavator-models.webp\" alt=\"Holkit Kuva\" \/><\/p>\n<h2>Yrityksen yleiskatsaus<\/h2>\n<p>Olemme johtava hydraulisten sylinterien vaihto-osien valmistaja, joka tarjoaa kattavan valikoiman tuotteita sek\u00e4 kotimaisille ett\u00e4 kansainv\u00e4lisille markkinoille. Sitoutumisemme laatuun ohjaa huippuluokan valmistusprosessejamme ja tiukkoja tuotannonohjausstrategioitamme. Keskittyen korkeaan tehokkuuteen, tarkkuuteen ja laatuun, parannamme jatkuvasti valmistuskapasiteettiamme ja varmistamme, ett\u00e4 tuotteemme vastaavat asiakkaidemme monipuolisiin tarpeisiin.<\/p>\n<p>Yrityksemme erottuu edukseen ammattitaitonsa, kansainv\u00e4listen sertifikaattiensa ja r\u00e4\u00e4t\u00e4l\u00f6ityjen palveluidensa ansiosta. K\u00e4yt\u00e4mme edistyneit\u00e4 tuotantolaitteita ja vankkaa j\u00e4lkimarkkinointij\u00e4rjestelm\u00e4\u00e4 tukeaksemme asiakkaitamme tehokkaasti.<\/p>\n<p><img decoding=\"async\" src=\"https:\/\/www.hydraulic-cylinders.net\/wp-content\/uploads\/2025\/04\/songte-company-4.webp\" alt=\"Yrityskuva 1\" \/><br \/>\n<img decoding=\"async\" src=\"https:\/\/www.hydraulic-cylinders.net\/wp-content\/uploads\/2025\/04\/songte-company-3.webp\" alt=\"Yrityskuva 2\" \/><\/p>\n<p>Kirjoittaja: lyl<\/p>","protected":false},"excerpt":{"rendered":"<p>Boom Cylinder For NHIG BF6m2012C Overview of the Boom Cylinder The Boom Cylinder is a critical component in hydraulic systems, specifically designed for controlling the movement of buckets in various heavy machinery such as excavators, backhoe loaders, and front loaders. This hydraulic cylinder enables the bucket to lift, lower, and tilt, facilitating efficient material handling [&hellip;]<\/p>","protected":false},"featured_media":17869,"comment_status":"open","ping_status":"closed","template":"","meta":{"_et_pb_use_builder":"","_et_pb_old_content":"","_et_gb_content_width":""},"product_brand":[],"product_cat":[1546],"product_tag":[1547,1496],"class_list":{"0":"post-19666","1":"product","2":"type-product","3":"status-publish","4":"has-post-thumbnail","6":"product_cat-boom-cylinders","7":"product_tag-boom-cylinders","8":"product_tag-hydraulic-cylinders","10":"first","11":"instock","12":"shipping-taxable","13":"product-type-simple"},"amp_enabled":true,"_links":{"self":[{"href":"https:\/\/www.hydraulic-cylinders.net\/fi\/wp-json\/wp\/v2\/product\/19666","targetHints":{"allow":["GET"]}}],"collection":[{"href":"https:\/\/www.hydraulic-cylinders.net\/fi\/wp-json\/wp\/v2\/product"}],"about":[{"href":"https:\/\/www.hydraulic-cylinders.net\/fi\/wp-json\/wp\/v2\/types\/product"}],"replies":[{"embeddable":true,"href":"https:\/\/www.hydraulic-cylinders.net\/fi\/wp-json\/wp\/v2\/comments?post=19666"}],"wp:featuredmedia":[{"embeddable":true,"href":"https:\/\/www.hydraulic-cylinders.net\/fi\/wp-json\/wp\/v2\/media\/17869"}],"wp:attachment":[{"href":"https:\/\/www.hydraulic-cylinders.net\/fi\/wp-json\/wp\/v2\/media?parent=19666"}],"wp:term":[{"taxonomy":"product_brand","embeddable":true,"href":"https:\/\/www.hydraulic-cylinders.net\/fi\/wp-json\/wp\/v2\/product_brand?post=19666"},{"taxonomy":"product_cat","embeddable":true,"href":"https:\/\/www.hydraulic-cylinders.net\/fi\/wp-json\/wp\/v2\/product_cat?post=19666"},{"taxonomy":"product_tag","embeddable":true,"href":"https:\/\/www.hydraulic-cylinders.net\/fi\/wp-json\/wp\/v2\/product_tag?post=19666"}],"curies":[{"name":"wp","href":"https:\/\/api.w.org\/{rel}","templated":true}]}}